{"id":458755,"date":"2023-09-27T12:01:00","date_gmt":"2023-09-27T11:01:00","guid":{"rendered":"https:\/\/madabouthorror.co.uk\/?post_type=product&#038;p=458755"},"modified":"2026-02-06T15:12:57","modified_gmt":"2026-02-06T15:12:57","slug":"disney-13ft-giant-animated-jack-skellington","status":"publish","type":"product","link":"https:\/\/madabouthorror.co.uk\/de\/product\/disney-13ft-giant-animated-jack-skellington\/","title":{"rendered":"Disney 13ft Riesiger Animierter Jack Skellington"},"content":{"rendered":"<p style=\"font-weight: 400;\"><em>Ja, Home Depot Animatronics sind bei Mad About Horror erh\u00e4ltlich! SEHR BEGRENZTER BESTAND<\/em><\/p>\n<p style=\"font-weight: 400;\">Holen Sie sich den K\u00fcrbisk\u00f6nig von Halloween Town zu sich nach Hause - mit diesem 13 Fu\u00df gro\u00dfen, animierten Jack Skellington. Diese riesige Figur \u00fcberragt Ihren Garten und sorgt die ganze Halloween-Saison \u00fcber f\u00fcr Angst und Schrecken. Der Kopf und der Mund bewegen sich f\u00fcr eine lebensechte Darstellung und er singt und tanzt f\u00fcr lustige Schrecken.<\/p>\n<div class=\"grid bullet-list-wrapper\">\n<ul class=\"bullet-list bullet-list--margin list list--type-square\">\n<li class=\"list__item\">Der \u00fcbergro\u00dfe Jack Skellington misst 13 Fu\u00df in der H\u00f6he und hat eine \u00fcberragende, einsch\u00fcchternde Pr\u00e4senz<\/li>\n<li>13 Fu\u00df hoch, 4 Fu\u00df breit<\/li>\n<li>Montage f\u00fcr 2 Personen, ca. 40 Min.<\/li>\n<li class=\"list__item\">Verwenden Sie diesen ikonischen K\u00fcrbisk\u00f6nig, um Ihren Garten zu Halloween zu einem echten Hingucker zu machen<\/li>\n<li class=\"list__item\">Der animierte Jack Skellington enth\u00e4lt zwei austauschbare Kopfteile<\/li>\n<li class=\"list__item\">Gl\u00fchende LEDs beleuchten das Gesicht und erzeugen ein gespenstisches Gl\u00fchen<\/li>\n<li class=\"list__item\">Stecken Sie den Stecker in die n\u00e4chstgelegene Steckdose, um die Licht- und Bewegungsfunktionen zu aktivieren<\/li>\n<li class=\"list__item\">Eingebauter Bewegungssensor l\u00f6st automatisch Kopf- und Mundbewegungen aus<\/li>\n<li class=\"list__item\">Abmessungen der Verpackung: 44.7 in. W x 27 in. H x 27.6 in. T - 48 lb Gewicht<\/li>\n<\/ul>\n<\/div>\n<div><b>VERSAND NUR AUF DEM BRITISCHEN FESTLAND <\/b>-<i>\u00a0F\u00fcr die Highlands und die Inseln erfragen Sie bitte die Versandpreise.<\/i><\/div>\n<div><\/div>\n<div><b>Sicherheit<\/b><i>. Bitte stellen Sie sicher, dass Sie es mit den mitgelieferten Erdn\u00e4geln sichern und bei starkem Wind abbauen.<\/i><\/div>\n<div><\/div>\n<div><b>Wird mit einem UK-Netzadapter geliefert<\/b>. <i>Verwenden Sie nur den mitgelieferten Netzadapter, da falsche Netzadapter Sch\u00e4den verursachen k\u00f6nnen.<\/i><\/div>\n<div><\/div>\n<div>\n<div><b>F\u00fcr die \u00fcberdachte Veranda oder f\u00fcr den Innenbereich.<\/b> <i>Bei Verwendung im Freien vor Witterungseinfl\u00fcssen sch\u00fctzen und nicht \u00fcber einen l\u00e4ngeren Zeitraum im Freien stehen lassen.<\/i><\/div>\n<div><\/div>\n<div><b>Bitte beachten:<\/b><i> Diese Requisiten sind nicht f\u00fcr den intensiven kommerziellen Gebrauch geeignet, d. h. sie sollten nicht \u00fcber l\u00e4ngere Zeitr\u00e4ume, z. B. tagelang, betrieben werden. Sie sind f\u00fcr die Verwendung an Halloween gedacht. Wenn Sie Fragen dazu haben, fragen Sie bitte.<\/i><\/div>\n<\/div>","protected":false},"excerpt":{"rendered":"<p>Ja, Home Depot Animatronics sind von Mad About Horror erh\u00e4ltlich!! SEHR BEGRENZTE LAGERUNG Holen Sie sich den K\u00fcrbisk\u00f6nig von Halloween Town nach Hause mit diesem 13 Fu\u00df gro\u00dfen animierten Jack Skellington. Diese riesige Figur \u00fcberragt Ihren Garten und sorgt die ganze Halloween-Saison \u00fcber f\u00fcr Angst und Schrecken. Der Kopf und der Mund bewegen sich f\u00fcr eine lebensechte Darstellung und er singt und [...]<\/p>","protected":false},"featured_media":458763,"comment_status":"closed","ping_status":"closed","template":"","meta":{"_acf_changed":false},"product_brand":[],"product_cat":[9892,10068,10131,10108,10110,10034,10093,10094,6547,6548,9840,6963,9841,7047,7054,9919,6682],"product_tag":[9993],"class_list":{"0":"post-458755","1":"product","2":"type-product","3":"status-publish","4":"has-post-thumbnail","6":"product_cat-christmas-animatronics","7":"product_cat-halloween-decorations-2025","8":"product_cat-halloween-gifts","9":"product_cat-light-up-halloween-decorations","10":"product_cat-us-imports","11":"product_cat-family-friendly","12":"product_cat-indoor-halloween-decorations","13":"product_cat-outdoor-halloween-decorations","14":"product_cat-decorations","15":"product_cat-skeleton-decorations","16":"product_cat-giant","17":"product_cat-animatronics","18":"product_cat-home-depot-animatronics","19":"product_cat-skeletons-reapers","20":"product_cat-movie-tv-props","21":"product_cat-christmas","22":"product_cat-nightmarebeforechristmas","23":"product_tag-animatronics-imports","24":"product_shipping_class-bulky","26":"first","27":"outofstock","28":"taxable","29":"shipping-taxable","30":"purchasable","31":"product-type-simple"},"supplier_id":null,"supplier_sku":"","barcode":"842445157341","atum_controlled":true,"out_stock_date":"2025-11-02 15:30:09","out_stock_threshold":null,"inheritable":false,"inbound_stock":0,"stock_on_hold":0,"sold_today":0,"sales_last_days":0,"reserved_stock":0,"customer_returns":0,"warehouse_damage":0,"lost_in_post":0,"other_logs":0,"out_stock_days":162,"lost_sales":23141,"has_location":false,"update_date":"2026-04-14T00:46:30","atum_locations":[],"atum_stock_status":"outofstock","restock_status":false,"low_stock_amount":"","sales_update_date":"2026-04-14T00:46:28","calc_backorders":null,"acf":[],"yoast_head":"<!-- This site is optimized with the Yoast SEO plugin v27.4 - https:\/\/yoast.com\/product\/yoast-seo-wordpress\/ -->\n<title>Disney 13ft Giant Animated Jack Skellington | Mad About Horror<\/title>\n<meta name=\"description\" content=\"Disney 13ft Giant Animated Jack Skellington. Shop Horror collectibles and Halloween props. Available to PRE-ORDER in the UK from Mad About Horror.\" \/>\n<meta name=\"robots\" content=\"index, follow, max-snippet:-1, max-image-preview:large, max-video-preview:-1\" \/>\n<link rel=\"canonical\" href=\"https:\/\/madabouthorror.co.uk\/de\/product\/disney-13ft-giant-animated-jack-skellington\/\" \/>\n<meta property=\"og:locale\" content=\"de_DE\" \/>\n<meta property=\"og:type\" content=\"article\" \/>\n<meta property=\"og:title\" content=\"Disney 13ft Giant Animated Jack Skellington | Mad About Horror\" \/>\n<meta property=\"og:description\" content=\"Disney 13ft Giant Animated Jack Skellington. Shop Horror collectibles and Halloween props. Available to PRE-ORDER in the UK from Mad About Horror.\" \/>\n<meta property=\"og:url\" content=\"https:\/\/madabouthorror.co.uk\/de\/product\/disney-13ft-giant-animated-jack-skellington\/\" \/>\n<meta property=\"og:site_name\" content=\"Mad About Horror\" \/>\n<meta property=\"article:publisher\" content=\"https:\/\/www.facebook.com\/madabouthorror\/\" \/>\n<meta property=\"article:modified_time\" content=\"2026-02-06T15:12:57+00:00\" \/>\n<meta property=\"og:image\" content=\"https:\/\/madabouthorror.co.uk\/wp-content\/uploads\/2023\/09\/disney-halloween-animatronics-23sv24034-e1_600.jpg.webp\" \/>\n\t<meta property=\"og:image:width\" content=\"600\" \/>\n\t<meta property=\"og:image:height\" content=\"600\" \/>\n\t<meta property=\"og:image:type\" content=\"image\/webp\" \/>\n<meta name=\"twitter:card\" content=\"summary_large_image\" \/>\n<meta name=\"twitter:label1\" content=\"Gesch\u00e4tzte Lesezeit\" \/>\n\t<meta name=\"twitter:data1\" content=\"2\u00a0Minuten\" \/>\n<script type=\"application\/ld+json\" class=\"yoast-schema-graph\">{\"@context\":\"https:\\\/\\\/schema.org\",\"@graph\":[{\"@type\":[\"WebPage\",\"ItemPage\"],\"@id\":\"https:\\\/\\\/madabouthorror.co.uk\\\/product\\\/disney-13ft-giant-animated-jack-skellington\\\/\",\"url\":\"https:\\\/\\\/madabouthorror.co.uk\\\/product\\\/disney-13ft-giant-animated-jack-skellington\\\/\",\"name\":\"Disney 13ft Giant Animated Jack Skellington | Mad About Horror\",\"isPartOf\":{\"@id\":\"https:\\\/\\\/madabouthorror.co.uk\\\/#website\"},\"primaryImageOfPage\":{\"@id\":\"https:\\\/\\\/madabouthorror.co.uk\\\/product\\\/disney-13ft-giant-animated-jack-skellington\\\/#primaryimage\"},\"image\":{\"@id\":\"https:\\\/\\\/madabouthorror.co.uk\\\/product\\\/disney-13ft-giant-animated-jack-skellington\\\/#primaryimage\"},\"thumbnailUrl\":\"https:\\\/\\\/madabouthorror.co.uk\\\/wp-content\\\/uploads\\\/2023\\\/09\\\/disney-halloween-animatronics-23sv24034-e1_600.jpg.webp\",\"datePublished\":\"2023-09-27T11:01:00+00:00\",\"dateModified\":\"2026-02-06T15:12:57+00:00\",\"description\":\"Disney 13ft Giant Animated Jack Skellington. Shop Horror collectibles and Halloween props. Available to PRE-ORDER in the UK from Mad About Horror.\",\"breadcrumb\":{\"@id\":\"https:\\\/\\\/madabouthorror.co.uk\\\/product\\\/disney-13ft-giant-animated-jack-skellington\\\/#breadcrumb\"},\"inLanguage\":\"de\",\"potentialAction\":[{\"@type\":\"ReadAction\",\"target\":[\"https:\\\/\\\/madabouthorror.co.uk\\\/product\\\/disney-13ft-giant-animated-jack-skellington\\\/\"]}]},{\"@type\":\"ImageObject\",\"inLanguage\":\"de\",\"@id\":\"https:\\\/\\\/madabouthorror.co.uk\\\/product\\\/disney-13ft-giant-animated-jack-skellington\\\/#primaryimage\",\"url\":\"https:\\\/\\\/madabouthorror.co.uk\\\/wp-content\\\/uploads\\\/2023\\\/09\\\/disney-halloween-animatronics-23sv24034-e1_600.jpg.webp\",\"contentUrl\":\"https:\\\/\\\/madabouthorror.co.uk\\\/wp-content\\\/uploads\\\/2023\\\/09\\\/disney-halloween-animatronics-23sv24034-e1_600.jpg.webp\",\"width\":600,\"height\":600,\"caption\":\"13ft giant animated ack skellington home depot\"},{\"@type\":\"BreadcrumbList\",\"@id\":\"https:\\\/\\\/madabouthorror.co.uk\\\/product\\\/disney-13ft-giant-animated-jack-skellington\\\/#breadcrumb\",\"itemListElement\":[{\"@type\":\"ListItem\",\"position\":1,\"name\":\"Shop\",\"item\":\"https:\\\/\\\/madabouthorror.co.uk\\\/shop\\\/\"},{\"@type\":\"ListItem\",\"position\":2,\"name\":\"Disney 13ft Giant Animated Jack Skellington\"}]},{\"@type\":\"WebSite\",\"@id\":\"https:\\\/\\\/madabouthorror.co.uk\\\/#website\",\"url\":\"https:\\\/\\\/madabouthorror.co.uk\\\/\",\"name\":\"Mad About Horror\",\"description\":\"\",\"publisher\":{\"@id\":\"https:\\\/\\\/madabouthorror.co.uk\\\/#organization\"},\"alternateName\":\"Mad About Horror Limited\",\"potentialAction\":[{\"@type\":\"SearchAction\",\"target\":{\"@type\":\"EntryPoint\",\"urlTemplate\":\"https:\\\/\\\/madabouthorror.co.uk\\\/?s={search_term_string}\"},\"query-input\":{\"@type\":\"PropertyValueSpecification\",\"valueRequired\":true,\"valueName\":\"search_term_string\"}}],\"inLanguage\":\"de\"},{\"@type\":\"Organization\",\"@id\":\"https:\\\/\\\/madabouthorror.co.uk\\\/#organization\",\"name\":\"Mad About Horror\",\"url\":\"https:\\\/\\\/madabouthorror.co.uk\\\/\",\"logo\":{\"@type\":\"ImageObject\",\"inLanguage\":\"de\",\"@id\":\"https:\\\/\\\/madabouthorror.co.uk\\\/#\\\/schema\\\/logo\\\/image\\\/\",\"url\":\"https:\\\/\\\/madabouthorror.co.uk\\\/wp-content\\\/uploads\\\/2024\\\/02\\\/cropped-Logo.png\",\"contentUrl\":\"https:\\\/\\\/madabouthorror.co.uk\\\/wp-content\\\/uploads\\\/2024\\\/02\\\/cropped-Logo.png\",\"width\":240,\"height\":88,\"caption\":\"Mad About Horror\"},\"image\":{\"@id\":\"https:\\\/\\\/madabouthorror.co.uk\\\/#\\\/schema\\\/logo\\\/image\\\/\"},\"sameAs\":[\"https:\\\/\\\/www.facebook.com\\\/madabouthorror\\\/\",\"https:\\\/\\\/www.instagram.com\\\/madabouthorror\\\/\",\"https:\\\/\\\/www.pinterest.co.uk\\\/madabouthorror\\\/\",\"https:\\\/\\\/www.youtube.com\\\/channel\\\/UCBooLOIxjoQ89dj6T5lWm_w\",\"https:\\\/\\\/www.tiktok.com\\\/@weremadabouthorror\"]}]}<\/script>\n<!-- \/ Yoast SEO plugin. -->","yoast_head_json":{"title":"Disney 13ft Giant Animated Jack Skellington | Mad About Horror","description":"Disney 13ft Giant Animated Jack Skellington. Shop Horror Sammlerst\u00fccke und Halloween Requisiten. Erh\u00e4ltlich auf Vorbestellung in Gro\u00dfbritannien bei Mad About Horror.","robots":{"index":"index","follow":"follow","max-snippet":"max-snippet:-1","max-image-preview":"max-image-preview:large","max-video-preview":"max-video-preview:-1"},"canonical":"https:\/\/madabouthorror.co.uk\/de\/product\/disney-13ft-giant-animated-jack-skellington\/","og_locale":"de_DE","og_type":"article","og_title":"Disney 13ft Giant Animated Jack Skellington | Mad About Horror","og_description":"Disney 13ft Giant Animated Jack Skellington. Shop Horror collectibles and Halloween props. Available to PRE-ORDER in the UK from Mad About Horror.","og_url":"https:\/\/madabouthorror.co.uk\/de\/product\/disney-13ft-giant-animated-jack-skellington\/","og_site_name":"Mad About Horror","article_publisher":"https:\/\/www.facebook.com\/madabouthorror\/","article_modified_time":"2026-02-06T15:12:57+00:00","og_image":[{"width":600,"height":600,"url":"https:\/\/madabouthorror.co.uk\/wp-content\/uploads\/2023\/09\/disney-halloween-animatronics-23sv24034-e1_600.jpg.webp","type":"image\/webp"}],"twitter_card":"summary_large_image","twitter_misc":{"Gesch\u00e4tzte Lesezeit":"2\u00a0Minuten"},"schema":{"@context":"https:\/\/schema.org","@graph":[{"@type":["WebPage","ItemPage"],"@id":"https:\/\/madabouthorror.co.uk\/product\/disney-13ft-giant-animated-jack-skellington\/","url":"https:\/\/madabouthorror.co.uk\/product\/disney-13ft-giant-animated-jack-skellington\/","name":"Disney 13ft Giant Animated Jack Skellington | Mad About Horror","isPartOf":{"@id":"https:\/\/madabouthorror.co.uk\/#website"},"primaryImageOfPage":{"@id":"https:\/\/madabouthorror.co.uk\/product\/disney-13ft-giant-animated-jack-skellington\/#primaryimage"},"image":{"@id":"https:\/\/madabouthorror.co.uk\/product\/disney-13ft-giant-animated-jack-skellington\/#primaryimage"},"thumbnailUrl":"https:\/\/madabouthorror.co.uk\/wp-content\/uploads\/2023\/09\/disney-halloween-animatronics-23sv24034-e1_600.jpg.webp","datePublished":"2023-09-27T11:01:00+00:00","dateModified":"2026-02-06T15:12:57+00:00","description":"Disney 13ft Giant Animated Jack Skellington. Shop Horror Sammlerst\u00fccke und Halloween Requisiten. Erh\u00e4ltlich auf Vorbestellung in Gro\u00dfbritannien bei Mad About Horror.","breadcrumb":{"@id":"https:\/\/madabouthorror.co.uk\/product\/disney-13ft-giant-animated-jack-skellington\/#breadcrumb"},"inLanguage":"de","potentialAction":[{"@type":"ReadAction","target":["https:\/\/madabouthorror.co.uk\/product\/disney-13ft-giant-animated-jack-skellington\/"]}]},{"@type":"ImageObject","inLanguage":"de","@id":"https:\/\/madabouthorror.co.uk\/product\/disney-13ft-giant-animated-jack-skellington\/#primaryimage","url":"https:\/\/madabouthorror.co.uk\/wp-content\/uploads\/2023\/09\/disney-halloween-animatronics-23sv24034-e1_600.jpg.webp","contentUrl":"https:\/\/madabouthorror.co.uk\/wp-content\/uploads\/2023\/09\/disney-halloween-animatronics-23sv24034-e1_600.jpg.webp","width":600,"height":600,"caption":"13ft giant animated ack skellington home depot"},{"@type":"BreadcrumbList","@id":"https:\/\/madabouthorror.co.uk\/product\/disney-13ft-giant-animated-jack-skellington\/#breadcrumb","itemListElement":[{"@type":"ListItem","position":1,"name":"Shop","item":"https:\/\/madabouthorror.co.uk\/shop\/"},{"@type":"ListItem","position":2,"name":"Disney 13ft Giant Animated Jack Skellington"}]},{"@type":"WebSite","@id":"https:\/\/madabouthorror.co.uk\/#website","url":"https:\/\/madabouthorror.co.uk\/","name":"Verr\u00fcckt nach Horror","description":"","publisher":{"@id":"https:\/\/madabouthorror.co.uk\/#organization"},"alternateName":"Mad About Horror Limited","potentialAction":[{"@type":"SearchAction","target":{"@type":"EntryPoint","urlTemplate":"https:\/\/madabouthorror.co.uk\/?s={search_term_string}"},"query-input":{"@type":"PropertyValueSpecification","valueRequired":true,"valueName":"search_term_string"}}],"inLanguage":"de"},{"@type":"Organization","@id":"https:\/\/madabouthorror.co.uk\/#organization","name":"Verr\u00fcckt nach Horror","url":"https:\/\/madabouthorror.co.uk\/","logo":{"@type":"ImageObject","inLanguage":"de","@id":"https:\/\/madabouthorror.co.uk\/#\/schema\/logo\/image\/","url":"https:\/\/madabouthorror.co.uk\/wp-content\/uploads\/2024\/02\/cropped-Logo.png","contentUrl":"https:\/\/madabouthorror.co.uk\/wp-content\/uploads\/2024\/02\/cropped-Logo.png","width":240,"height":88,"caption":"Mad About Horror"},"image":{"@id":"https:\/\/madabouthorror.co.uk\/#\/schema\/logo\/image\/"},"sameAs":["https:\/\/www.facebook.com\/madabouthorror\/","https:\/\/www.instagram.com\/madabouthorror\/","https:\/\/www.pinterest.co.uk\/madabouthorror\/","https:\/\/www.youtube.com\/channel\/UCBooLOIxjoQ89dj6T5lWm_w","https:\/\/www.tiktok.com\/@weremadabouthorror"]}]}},"df_price":1041.62,"df_sale_price":"","df_regular_price":1041.62,"df_image_link":"https:\/\/madabouthorror.co.uk\/wp-content\/uploads\/2023\/09\/disney-halloween-animatronics-23sv24034-e1_600.jpg-300x300.webp","_links":{"self":[{"href":"https:\/\/madabouthorror.co.uk\/de\/wp-json\/wp\/v2\/product\/458755","targetHints":{"allow":["GET"]}}],"collection":[{"href":"https:\/\/madabouthorror.co.uk\/de\/wp-json\/wp\/v2\/product"}],"about":[{"href":"https:\/\/madabouthorror.co.uk\/de\/wp-json\/wp\/v2\/types\/product"}],"replies":[{"embeddable":true,"href":"https:\/\/madabouthorror.co.uk\/de\/wp-json\/wp\/v2\/comments?post=458755"}],"wp:featuredmedia":[{"embeddable":true,"href":"https:\/\/madabouthorror.co.uk\/de\/wp-json\/wp\/v2\/media\/458763"}],"wp:attachment":[{"href":"https:\/\/madabouthorror.co.uk\/de\/wp-json\/wp\/v2\/media?parent=458755"}],"wp:term":[{"taxonomy":"product_brand","embeddable":true,"href":"https:\/\/madabouthorror.co.uk\/de\/wp-json\/wp\/v2\/product_brand?post=458755"},{"taxonomy":"product_cat","embeddable":true,"href":"https:\/\/madabouthorror.co.uk\/de\/wp-json\/wp\/v2\/product_cat?post=458755"},{"taxonomy":"product_tag","embeddable":true,"href":"https:\/\/madabouthorror.co.uk\/de\/wp-json\/wp\/v2\/product_tag?post=458755"}],"curies":[{"name":"wp","href":"https:\/\/api.w.org\/{rel}","templated":true}]}}