{"id":461375,"date":"2023-10-12T15:24:42","date_gmt":"2023-10-12T14:24:42","guid":{"rendered":"https:\/\/madabouthorror.co.uk\/?post_type=product&#038;p=461375"},"modified":"2026-04-20T13:42:53","modified_gmt":"2026-04-20T12:42:53","slug":"chucky-game","status":"publish","type":"product","link":"https:\/\/madabouthorror.co.uk\/de\/product\/chucky-game\/","title":{"rendered":"Chucky Brettspiel"},"content":{"rendered":"<div class=\"description rte section cf not-in-quickbuy\">\n<div class=\"\"><span class=\"b z c d e ab f g ac h i fz j ae k l af m ag n o ah p ui-provider q ai r aj s t ak u v w x y\" dir=\"ltr\">Wir stellen das offiziell lizenzierte Chucky-Brettspiel vor.\u00a0<\/span>Mit Designs und Illustrationen von Banana Chan, Eric Slauson, Yeonsoo Julian Kim und Dug Nation l\u00e4dt Chucky dich ein, dein Freund zu sein. Doch die Freundschaft mit Chucky bringt einige Herausforderungen mit sich.<\/div>\n<\/div>\n<div>\n<p>Tauchen Sie ein in die Welt des Chucky-Brettspiels, in dem jeder Spieler Beweise f\u00fcr mysteri\u00f6se Morde sammeln muss. Die Spieler erwerben auf ihrem Weg F\u00e4higkeiten und Fertigkeiten, w\u00fcrfeln und bereiten sich auf eine Begegnung mit Chucky selbst am Ende jeder Runde vor. Nach drei Runden wird der Spieler, der diese Herausforderungen am besten meistert, zum ultimativen Sieger erkl\u00e4rt. <span class=\"b z c d e ab f g ac h i fz j ae k l af m ag n o ah p ui-provider q ai r aj s t ak u v w x y\" dir=\"ltr\"><s class=\"\">Gewinner<\/s><\/span>\u00a0\u00dcberlebender und Siegreicher<\/p>\n<\/div>\n<div class=\"description rte section cf not-in-quickbuy\">\n<div><strong>Einzelheiten:<\/strong><\/div>\n<ul>\n<li><span class=\"b z c d e ab f g ac h i fz j ae k l af m ag n o ah p ui-provider q ai r aj s t ak u v w x y\" dir=\"ltr\">Anzahl der Spieler: 2-4<\/span><\/li>\n<li><span class=\"b z c d e ab f g ac h i fz j ae k l af m ag n o ah p ui-provider q ai r aj s t ak u v w x y\" dir=\"ltr\">Spielzeit: 60 min<\/span><\/li>\n<li><span class=\"b z c d e ab f g ac h i fz j ae k l af m ag n o ah p ui-provider q ai r aj s t ak u v w x y\" dir=\"ltr\">Ab 14 Jahren<\/span><\/li>\n<li>Offiziell lizenziert<\/li>\n<\/ul>\n<\/div>\n<div class=\"rte cf light-inner-row not-in-quickbuy\">\n<p>\u00a9 Universal City Studios LLC. Alle Rechte vorbehalten, einschlie\u00dflich aller zugeh\u00f6rigen Charaktere und Schaupl\u00e4tze. Alle Rechte vorbehalten.<\/p>\n<\/div>","protected":false},"excerpt":{"rendered":"<p>Wir stellen das offiziell lizenzierte Chucky-Brettspiel vor. Mit Designs und Illustrationen von Banana Chan, Eric Slauson, Yeonsoo Julian Kim und Dug Nation l\u00e4dt Chucky dich ein, dein Freund zu sein. Doch die Freundschaft mit Chucky bringt einige Herausforderungen mit sich. Tritt ein in die Welt des Chucky-Brettspiels, in der jeder Spieler sich mit dem Sammeln von [...]<\/p>","protected":false},"featured_media":461376,"comment_status":"closed","ping_status":"closed","template":"","meta":{"_acf_changed":false},"product_brand":[],"product_cat":[9950,10130,6537,10040,10038,9949,6611,9924,6792],"product_tag":[],"class_list":{"0":"post-461375","1":"product","2":"type-product","3":"status-publish","4":"has-post-thumbnail","6":"product_cat-games","7":"product_cat-top-50-gifts","8":"product_cat-collectibles","9":"product_cat-gifts-under-100","10":"product_cat-horror-gifts","11":"product_cat-games-vinyl-records","12":"product_cat-just-arrived-at-the-lair","13":"product_cat-trick-or-treat-studios-last-chance","14":"product_cat-trick-or-treat-studios","15":"product_shipping_class-small-parcel-economy-3-5-business-days","16":"pa_brand-trickortreatstudios","17":"pa_character-0a-texaschainsawmassacreleath","18":"pa_google_tax-ba-artsentertainmenthobbiescr","20":"first","21":"instock","22":"taxable","23":"shipping-taxable","24":"purchasable","25":"product-type-simple"},"supplier_id":471029,"supplier_sku":"TPQCPB01","barcode":"811501039983","atum_controlled":true,"out_stock_date":null,"out_stock_threshold":null,"inheritable":false,"inbound_stock":0,"stock_on_hold":0,"sold_today":0,"sales_last_days":0,"reserved_stock":0,"customer_returns":0,"warehouse_damage":0,"lost_in_post":0,"other_logs":0,"out_stock_days":0,"lost_sales":0,"has_location":false,"update_date":"2026-04-29T01:30:10","atum_locations":[],"atum_stock_status":"instock","restock_status":false,"low_stock_amount":2,"sales_update_date":"2026-04-29T01:30:09","calc_backorders":null,"acf":[],"yoast_head":"<!-- This site is optimized with the Yoast SEO plugin v27.5 - https:\/\/yoast.com\/product\/yoast-seo-wordpress\/ -->\n<title>Chucky Board Game | Mad About Horror<\/title>\n<meta name=\"description\" content=\"Officially licensed Chucky board Game from Trick or Treat Studios. PRE-ORDER now available at Mad About Horror, Europe&#039;s leading Horror specialist.\" \/>\n<meta name=\"robots\" content=\"index, follow, max-snippet:-1, max-image-preview:large, max-video-preview:-1\" \/>\n<link rel=\"canonical\" href=\"https:\/\/madabouthorror.co.uk\/de\/product\/chucky-game\/\" \/>\n<meta property=\"og:locale\" content=\"de_DE\" \/>\n<meta property=\"og:type\" content=\"article\" \/>\n<meta property=\"og:title\" content=\"Chucky Board Game | Mad About Horror\" \/>\n<meta property=\"og:description\" content=\"Officially licensed Chucky board Game from Trick or Treat Studios. PRE-ORDER now available at Mad About Horror, Europe&#039;s leading Horror specialist.\" \/>\n<meta property=\"og:url\" content=\"https:\/\/madabouthorror.co.uk\/de\/product\/chucky-game\/\" \/>\n<meta property=\"og:site_name\" content=\"Mad About Horror\" \/>\n<meta property=\"article:publisher\" content=\"https:\/\/www.facebook.com\/madabouthorror\/\" \/>\n<meta property=\"article:modified_time\" content=\"2026-04-20T12:42:53+00:00\" \/>\n<meta property=\"og:image\" content=\"https:\/\/madabouthorror.co.uk\/wp-content\/uploads\/2023\/10\/tots-chucky-game.jpg\" \/>\n\t<meta property=\"og:image:width\" content=\"650\" \/>\n\t<meta property=\"og:image:height\" content=\"650\" \/>\n\t<meta property=\"og:image:type\" content=\"image\/jpeg\" \/>\n<meta name=\"twitter:card\" content=\"summary_large_image\" \/>\n<meta name=\"twitter:label1\" content=\"Gesch\u00e4tzte Lesezeit\" \/>\n\t<meta name=\"twitter:data1\" content=\"1\u00a0Minute\" \/>\n<script type=\"application\/ld+json\" class=\"yoast-schema-graph\">{\"@context\":\"https:\\\/\\\/schema.org\",\"@graph\":[{\"@type\":[\"WebPage\",\"ItemPage\"],\"@id\":\"https:\\\/\\\/madabouthorror.co.uk\\\/product\\\/chucky-game\\\/\",\"url\":\"https:\\\/\\\/madabouthorror.co.uk\\\/product\\\/chucky-game\\\/\",\"name\":\"Chucky Board Game | Mad About Horror\",\"isPartOf\":{\"@id\":\"https:\\\/\\\/madabouthorror.co.uk\\\/#website\"},\"primaryImageOfPage\":{\"@id\":\"https:\\\/\\\/madabouthorror.co.uk\\\/product\\\/chucky-game\\\/#primaryimage\"},\"image\":{\"@id\":\"https:\\\/\\\/madabouthorror.co.uk\\\/product\\\/chucky-game\\\/#primaryimage\"},\"thumbnailUrl\":\"https:\\\/\\\/madabouthorror.co.uk\\\/wp-content\\\/uploads\\\/2023\\\/10\\\/tots-chucky-game.jpg\",\"datePublished\":\"2023-10-12T14:24:42+00:00\",\"dateModified\":\"2026-04-20T12:42:53+00:00\",\"description\":\"Officially licensed Chucky board Game from Trick or Treat Studios. PRE-ORDER now available at Mad About Horror, Europe's leading Horror specialist.\",\"breadcrumb\":{\"@id\":\"https:\\\/\\\/madabouthorror.co.uk\\\/product\\\/chucky-game\\\/#breadcrumb\"},\"inLanguage\":\"de\",\"potentialAction\":[{\"@type\":\"ReadAction\",\"target\":[\"https:\\\/\\\/madabouthorror.co.uk\\\/product\\\/chucky-game\\\/\"]}]},{\"@type\":\"ImageObject\",\"inLanguage\":\"de\",\"@id\":\"https:\\\/\\\/madabouthorror.co.uk\\\/product\\\/chucky-game\\\/#primaryimage\",\"url\":\"https:\\\/\\\/madabouthorror.co.uk\\\/wp-content\\\/uploads\\\/2023\\\/10\\\/tots-chucky-game.jpg\",\"contentUrl\":\"https:\\\/\\\/madabouthorror.co.uk\\\/wp-content\\\/uploads\\\/2023\\\/10\\\/tots-chucky-game.jpg\",\"width\":650,\"height\":650,\"caption\":\"Chucky Game\"},{\"@type\":\"BreadcrumbList\",\"@id\":\"https:\\\/\\\/madabouthorror.co.uk\\\/product\\\/chucky-game\\\/#breadcrumb\",\"itemListElement\":[{\"@type\":\"ListItem\",\"position\":1,\"name\":\"Shop\",\"item\":\"https:\\\/\\\/madabouthorror.co.uk\\\/shop\\\/\"},{\"@type\":\"ListItem\",\"position\":2,\"name\":\"Chucky Board Game\"}]},{\"@type\":\"WebSite\",\"@id\":\"https:\\\/\\\/madabouthorror.co.uk\\\/#website\",\"url\":\"https:\\\/\\\/madabouthorror.co.uk\\\/\",\"name\":\"Mad About Horror\",\"description\":\"\",\"publisher\":{\"@id\":\"https:\\\/\\\/madabouthorror.co.uk\\\/#organization\"},\"alternateName\":\"Mad About Horror Limited\",\"potentialAction\":[{\"@type\":\"SearchAction\",\"target\":{\"@type\":\"EntryPoint\",\"urlTemplate\":\"https:\\\/\\\/madabouthorror.co.uk\\\/?s={search_term_string}\"},\"query-input\":{\"@type\":\"PropertyValueSpecification\",\"valueRequired\":true,\"valueName\":\"search_term_string\"}}],\"inLanguage\":\"de\"},{\"@type\":\"Organization\",\"@id\":\"https:\\\/\\\/madabouthorror.co.uk\\\/#organization\",\"name\":\"Mad About Horror\",\"url\":\"https:\\\/\\\/madabouthorror.co.uk\\\/\",\"logo\":{\"@type\":\"ImageObject\",\"inLanguage\":\"de\",\"@id\":\"https:\\\/\\\/madabouthorror.co.uk\\\/#\\\/schema\\\/logo\\\/image\\\/\",\"url\":\"https:\\\/\\\/madabouthorror.co.uk\\\/wp-content\\\/uploads\\\/2024\\\/02\\\/cropped-Logo.png\",\"contentUrl\":\"https:\\\/\\\/madabouthorror.co.uk\\\/wp-content\\\/uploads\\\/2024\\\/02\\\/cropped-Logo.png\",\"width\":240,\"height\":88,\"caption\":\"Mad About Horror\"},\"image\":{\"@id\":\"https:\\\/\\\/madabouthorror.co.uk\\\/#\\\/schema\\\/logo\\\/image\\\/\"},\"sameAs\":[\"https:\\\/\\\/www.facebook.com\\\/madabouthorror\\\/\",\"https:\\\/\\\/www.instagram.com\\\/madabouthorror\\\/\",\"https:\\\/\\\/www.pinterest.co.uk\\\/madabouthorror\\\/\",\"https:\\\/\\\/www.youtube.com\\\/channel\\\/UCBooLOIxjoQ89dj6T5lWm_w\",\"https:\\\/\\\/www.tiktok.com\\\/@weremadabouthorror\"]}]}<\/script>\n<!-- \/ Yoast SEO plugin. -->","yoast_head_json":{"title":"Chucky Brettspiel | Mad About Horror","description":"Offiziell lizenziertes Chucky-Brettspiel von Trick or Treat Studios. Jetzt vorbestellbar bei Mad About Horror, Europas f\u00fchrendem Horror-Spezialisten.","robots":{"index":"index","follow":"follow","max-snippet":"max-snippet:-1","max-image-preview":"max-image-preview:large","max-video-preview":"max-video-preview:-1"},"canonical":"https:\/\/madabouthorror.co.uk\/de\/product\/chucky-game\/","og_locale":"de_DE","og_type":"article","og_title":"Chucky Board Game | Mad About Horror","og_description":"Officially licensed Chucky board Game from Trick or Treat Studios. PRE-ORDER now available at Mad About Horror, Europe's leading Horror specialist.","og_url":"https:\/\/madabouthorror.co.uk\/de\/product\/chucky-game\/","og_site_name":"Mad About Horror","article_publisher":"https:\/\/www.facebook.com\/madabouthorror\/","article_modified_time":"2026-04-20T12:42:53+00:00","og_image":[{"width":650,"height":650,"url":"https:\/\/madabouthorror.co.uk\/wp-content\/uploads\/2023\/10\/tots-chucky-game.jpg","type":"image\/jpeg"}],"twitter_card":"summary_large_image","twitter_misc":{"Gesch\u00e4tzte Lesezeit":"1\u00a0Minute"},"schema":{"@context":"https:\/\/schema.org","@graph":[{"@type":["WebPage","ItemPage"],"@id":"https:\/\/madabouthorror.co.uk\/product\/chucky-game\/","url":"https:\/\/madabouthorror.co.uk\/product\/chucky-game\/","name":"Chucky Brettspiel | Mad About Horror","isPartOf":{"@id":"https:\/\/madabouthorror.co.uk\/#website"},"primaryImageOfPage":{"@id":"https:\/\/madabouthorror.co.uk\/product\/chucky-game\/#primaryimage"},"image":{"@id":"https:\/\/madabouthorror.co.uk\/product\/chucky-game\/#primaryimage"},"thumbnailUrl":"https:\/\/madabouthorror.co.uk\/wp-content\/uploads\/2023\/10\/tots-chucky-game.jpg","datePublished":"2023-10-12T14:24:42+00:00","dateModified":"2026-04-20T12:42:53+00:00","description":"Offiziell lizenziertes Chucky-Brettspiel von Trick or Treat Studios. Jetzt vorbestellbar bei Mad About Horror, Europas f\u00fchrendem Horror-Spezialisten.","breadcrumb":{"@id":"https:\/\/madabouthorror.co.uk\/product\/chucky-game\/#breadcrumb"},"inLanguage":"de","potentialAction":[{"@type":"ReadAction","target":["https:\/\/madabouthorror.co.uk\/product\/chucky-game\/"]}]},{"@type":"ImageObject","inLanguage":"de","@id":"https:\/\/madabouthorror.co.uk\/product\/chucky-game\/#primaryimage","url":"https:\/\/madabouthorror.co.uk\/wp-content\/uploads\/2023\/10\/tots-chucky-game.jpg","contentUrl":"https:\/\/madabouthorror.co.uk\/wp-content\/uploads\/2023\/10\/tots-chucky-game.jpg","width":650,"height":650,"caption":"Chucky Game"},{"@type":"BreadcrumbList","@id":"https:\/\/madabouthorror.co.uk\/product\/chucky-game\/#breadcrumb","itemListElement":[{"@type":"ListItem","position":1,"name":"Shop","item":"https:\/\/madabouthorror.co.uk\/shop\/"},{"@type":"ListItem","position":2,"name":"Chucky Board Game"}]},{"@type":"WebSite","@id":"https:\/\/madabouthorror.co.uk\/#website","url":"https:\/\/madabouthorror.co.uk\/","name":"Verr\u00fcckt nach Horror","description":"","publisher":{"@id":"https:\/\/madabouthorror.co.uk\/#organization"},"alternateName":"Mad About Horror Limited","potentialAction":[{"@type":"SearchAction","target":{"@type":"EntryPoint","urlTemplate":"https:\/\/madabouthorror.co.uk\/?s={search_term_string}"},"query-input":{"@type":"PropertyValueSpecification","valueRequired":true,"valueName":"search_term_string"}}],"inLanguage":"de"},{"@type":"Organization","@id":"https:\/\/madabouthorror.co.uk\/#organization","name":"Verr\u00fcckt nach Horror","url":"https:\/\/madabouthorror.co.uk\/","logo":{"@type":"ImageObject","inLanguage":"de","@id":"https:\/\/madabouthorror.co.uk\/#\/schema\/logo\/image\/","url":"https:\/\/madabouthorror.co.uk\/wp-content\/uploads\/2024\/02\/cropped-Logo.png","contentUrl":"https:\/\/madabouthorror.co.uk\/wp-content\/uploads\/2024\/02\/cropped-Logo.png","width":240,"height":88,"caption":"Mad About Horror"},"image":{"@id":"https:\/\/madabouthorror.co.uk\/#\/schema\/logo\/image\/"},"sameAs":["https:\/\/www.facebook.com\/madabouthorror\/","https:\/\/www.instagram.com\/madabouthorror\/","https:\/\/www.pinterest.co.uk\/madabouthorror\/","https:\/\/www.youtube.com\/channel\/UCBooLOIxjoQ89dj6T5lWm_w","https:\/\/www.tiktok.com\/@weremadabouthorror"]}]}},"df_price":64.95,"df_sale_price":"","df_regular_price":64.95,"df_image_link":"https:\/\/madabouthorror.co.uk\/wp-content\/uploads\/2023\/10\/tots-chucky-game-300x300.jpg","_links":{"self":[{"href":"https:\/\/madabouthorror.co.uk\/de\/wp-json\/wp\/v2\/product\/461375","targetHints":{"allow":["GET"]}}],"collection":[{"href":"https:\/\/madabouthorror.co.uk\/de\/wp-json\/wp\/v2\/product"}],"about":[{"href":"https:\/\/madabouthorror.co.uk\/de\/wp-json\/wp\/v2\/types\/product"}],"replies":[{"embeddable":true,"href":"https:\/\/madabouthorror.co.uk\/de\/wp-json\/wp\/v2\/comments?post=461375"}],"wp:featuredmedia":[{"embeddable":true,"href":"https:\/\/madabouthorror.co.uk\/de\/wp-json\/wp\/v2\/media\/461376"}],"wp:attachment":[{"href":"https:\/\/madabouthorror.co.uk\/de\/wp-json\/wp\/v2\/media?parent=461375"}],"wp:term":[{"taxonomy":"product_brand","embeddable":true,"href":"https:\/\/madabouthorror.co.uk\/de\/wp-json\/wp\/v2\/product_brand?post=461375"},{"taxonomy":"product_cat","embeddable":true,"href":"https:\/\/madabouthorror.co.uk\/de\/wp-json\/wp\/v2\/product_cat?post=461375"},{"taxonomy":"product_tag","embeddable":true,"href":"https:\/\/madabouthorror.co.uk\/de\/wp-json\/wp\/v2\/product_tag?post=461375"}],"curies":[{"name":"wp","href":"https:\/\/api.w.org\/{rel}","templated":true}]}}