{"id":46188,"date":"2020-11-10T10:45:49","date_gmt":"2020-11-10T10:45:49","guid":{"rendered":"https:\/\/mah.6bdv.ws\/product\/silicone-meatball-rick\/"},"modified":"2024-07-03T10:22:35","modified_gmt":"2024-07-03T09:22:35","slug":"silicone-meatball-rick","status":"publish","type":"product","link":"https:\/\/madabouthorror.co.uk\/de\/product\/silicone-meatball-rick\/","title":{"rendered":"Silikon-Frikadellen-Rick"},"content":{"rendered":"<h4>Silikon-Frikadellen-Rick<\/h4>\n<p>Von einem professionellen Horror-K\u00fcnstler aus den USA gefertigt, ist dieser Meatball Rick aus Silikon sehr detailliert und handbemalt.<\/p>\n<p>Erweitern Sie Ihre Horrorsammlung um dieses mundgerechte Requisit!<\/p>\n<p>&nbsp;<\/p>\n<p>Hinweis: Der Preis gilt f\u00fcr eine Frikadelle.<\/p>","protected":false},"excerpt":{"rendered":"<p>Silikon-Fleischb\u00e4llchen Rick Hergestellt von einem professionellen Horror-K\u00fcnstler aus den USA ist dieses Silikon-Fleischb\u00e4llchen Rick sehr detailliert und handbemalt. Erweitern Sie Ihre Horrorsammlung um dieses mundgerechte Requisit!   Hinweis: Preis ist f\u00fcr eine Frikadelle.<\/p>","protected":false},"featured_media":46187,"comment_status":"closed","ping_status":"closed","template":"","meta":{"_acf_changed":false},"product_brand":[],"product_cat":[6537,6631],"product_tag":[],"class_list":{"0":"post-46188","1":"product","2":"type-product","3":"status-publish","4":"has-post-thumbnail","6":"product_cat-collectibles","7":"product_cat-nightmareonelmstreet","8":"pa_brand-madabouthorror","9":"pa_character-99-anightmareonelmstreetfredd","10":"pa_google_tax-ba-artsentertainmenthobbiescr","12":"first","13":"instock","14":"taxable","15":"shipping-taxable","16":"purchasable","17":"product-type-simple"},"supplier_id":467889,"supplier_sku":"","barcode":"","atum_controlled":true,"out_stock_date":null,"out_stock_threshold":null,"inheritable":false,"inbound_stock":0,"stock_on_hold":0,"sold_today":0,"sales_last_days":0,"reserved_stock":0,"customer_returns":0,"warehouse_damage":0,"lost_in_post":0,"other_logs":0,"out_stock_days":0,"lost_sales":0,"has_location":false,"update_date":"2026-04-03T00:36:38","atum_locations":[],"atum_stock_status":"instock","restock_status":false,"low_stock_amount":"","sales_update_date":"2026-04-03T00:36:36","calc_backorders":null,"acf":[],"yoast_head":"<!-- This site is optimized with the Yoast SEO plugin v27.3 - https:\/\/yoast.com\/product\/yoast-seo-wordpress\/ -->\n<title>Severed Fingers Necklace | Gory Silicone Prop | Mad About Horror<\/title>\n<meta name=\"description\" content=\"Add a gory finish to a scare actor&#039;s costume with this finger necklace. Shipped from the UK by Mad About Horror. Call 01482 935936.\" \/>\n<meta name=\"robots\" content=\"index, follow, max-snippet:-1, max-image-preview:large, max-video-preview:-1\" \/>\n<link rel=\"canonical\" href=\"https:\/\/madabouthorror.co.uk\/de\/product\/silicone-meatball-rick\/\" \/>\n<meta property=\"og:locale\" content=\"de_DE\" \/>\n<meta property=\"og:type\" content=\"article\" \/>\n<meta property=\"og:title\" content=\"Severed Fingers Necklace | Gory Silicone Prop | Mad About Horror\" \/>\n<meta property=\"og:description\" content=\"Add a gory finish to a scare actor&#039;s costume with this finger necklace. Shipped from the UK by Mad About Horror. Call 01482 935936.\" \/>\n<meta property=\"og:url\" content=\"https:\/\/madabouthorror.co.uk\/de\/product\/silicone-meatball-rick\/\" \/>\n<meta property=\"og:site_name\" content=\"Mad About Horror\" \/>\n<meta property=\"article:publisher\" content=\"https:\/\/www.facebook.com\/madabouthorror\/\" \/>\n<meta property=\"article:modified_time\" content=\"2024-07-03T09:22:35+00:00\" \/>\n<meta property=\"og:image\" content=\"http:\/\/madabouthorror.co.uk\/wp-content\/uploads\/2020\/11\/rick_meatball_silicone.jpg\" \/>\n\t<meta property=\"og:image:width\" content=\"670\" \/>\n\t<meta property=\"og:image:height\" content=\"670\" \/>\n\t<meta property=\"og:image:type\" content=\"image\/jpeg\" \/>\n<meta name=\"twitter:card\" content=\"summary_large_image\" \/>\n<script type=\"application\/ld+json\" class=\"yoast-schema-graph\">{\"@context\":\"https:\\\/\\\/schema.org\",\"@graph\":[{\"@type\":[\"WebPage\",\"ItemPage\"],\"@id\":\"https:\\\/\\\/madabouthorror.co.uk\\\/product\\\/silicone-meatball-rick\\\/\",\"url\":\"https:\\\/\\\/madabouthorror.co.uk\\\/product\\\/silicone-meatball-rick\\\/\",\"name\":\"Severed Fingers Necklace | Gory Silicone Prop | Mad About Horror\",\"isPartOf\":{\"@id\":\"https:\\\/\\\/madabouthorror.co.uk\\\/#website\"},\"primaryImageOfPage\":{\"@id\":\"https:\\\/\\\/madabouthorror.co.uk\\\/product\\\/silicone-meatball-rick\\\/#primaryimage\"},\"image\":{\"@id\":\"https:\\\/\\\/madabouthorror.co.uk\\\/product\\\/silicone-meatball-rick\\\/#primaryimage\"},\"thumbnailUrl\":\"https:\\\/\\\/madabouthorror.co.uk\\\/wp-content\\\/uploads\\\/2020\\\/11\\\/rick_meatball_silicone.jpg\",\"datePublished\":\"2020-11-10T10:45:49+00:00\",\"dateModified\":\"2024-07-03T09:22:35+00:00\",\"description\":\"Add a gory finish to a scare actor's costume with this finger necklace. Shipped from the UK by Mad About Horror. Call 01482 935936.\",\"breadcrumb\":{\"@id\":\"https:\\\/\\\/madabouthorror.co.uk\\\/product\\\/silicone-meatball-rick\\\/#breadcrumb\"},\"inLanguage\":\"de\",\"potentialAction\":[{\"@type\":\"ReadAction\",\"target\":[\"https:\\\/\\\/madabouthorror.co.uk\\\/product\\\/silicone-meatball-rick\\\/\"]}]},{\"@type\":\"ImageObject\",\"inLanguage\":\"de\",\"@id\":\"https:\\\/\\\/madabouthorror.co.uk\\\/product\\\/silicone-meatball-rick\\\/#primaryimage\",\"url\":\"https:\\\/\\\/madabouthorror.co.uk\\\/wp-content\\\/uploads\\\/2020\\\/11\\\/rick_meatball_silicone.jpg\",\"contentUrl\":\"https:\\\/\\\/madabouthorror.co.uk\\\/wp-content\\\/uploads\\\/2020\\\/11\\\/rick_meatball_silicone.jpg\",\"width\":670,\"height\":670,\"caption\":\"Silicone Meatball Rick-0\"},{\"@type\":\"BreadcrumbList\",\"@id\":\"https:\\\/\\\/madabouthorror.co.uk\\\/product\\\/silicone-meatball-rick\\\/#breadcrumb\",\"itemListElement\":[{\"@type\":\"ListItem\",\"position\":1,\"name\":\"Shop\",\"item\":\"https:\\\/\\\/madabouthorror.co.uk\\\/shop\\\/\"},{\"@type\":\"ListItem\",\"position\":2,\"name\":\"Silicone Meatball Rick\"}]},{\"@type\":\"WebSite\",\"@id\":\"https:\\\/\\\/madabouthorror.co.uk\\\/#website\",\"url\":\"https:\\\/\\\/madabouthorror.co.uk\\\/\",\"name\":\"Mad About Horror\",\"description\":\"\",\"publisher\":{\"@id\":\"https:\\\/\\\/madabouthorror.co.uk\\\/#organization\"},\"alternateName\":\"Mad About Horror Limited\",\"potentialAction\":[{\"@type\":\"SearchAction\",\"target\":{\"@type\":\"EntryPoint\",\"urlTemplate\":\"https:\\\/\\\/madabouthorror.co.uk\\\/?s={search_term_string}\"},\"query-input\":{\"@type\":\"PropertyValueSpecification\",\"valueRequired\":true,\"valueName\":\"search_term_string\"}}],\"inLanguage\":\"de\"},{\"@type\":\"Organization\",\"@id\":\"https:\\\/\\\/madabouthorror.co.uk\\\/#organization\",\"name\":\"Mad About Horror\",\"url\":\"https:\\\/\\\/madabouthorror.co.uk\\\/\",\"logo\":{\"@type\":\"ImageObject\",\"inLanguage\":\"de\",\"@id\":\"https:\\\/\\\/madabouthorror.co.uk\\\/#\\\/schema\\\/logo\\\/image\\\/\",\"url\":\"https:\\\/\\\/madabouthorror.co.uk\\\/wp-content\\\/uploads\\\/2024\\\/02\\\/cropped-Logo.png\",\"contentUrl\":\"https:\\\/\\\/madabouthorror.co.uk\\\/wp-content\\\/uploads\\\/2024\\\/02\\\/cropped-Logo.png\",\"width\":240,\"height\":88,\"caption\":\"Mad About Horror\"},\"image\":{\"@id\":\"https:\\\/\\\/madabouthorror.co.uk\\\/#\\\/schema\\\/logo\\\/image\\\/\"},\"sameAs\":[\"https:\\\/\\\/www.facebook.com\\\/madabouthorror\\\/\",\"https:\\\/\\\/www.instagram.com\\\/madabouthorror\\\/\",\"https:\\\/\\\/www.pinterest.co.uk\\\/madabouthorror\\\/\",\"https:\\\/\\\/www.youtube.com\\\/channel\\\/UCBooLOIxjoQ89dj6T5lWm_w\",\"https:\\\/\\\/www.tiktok.com\\\/@weremadabouthorror\"]}]}<\/script>\n<!-- \/ Yoast SEO plugin. -->","yoast_head_json":{"title":"Abgetrennte Finger Halskette | Gory Silicone Prop | Mad About Horror","description":"Verleihen Sie dem Kost\u00fcm eines Gruselschauspielers mit dieser Finger-Halskette ein blutiges Finish. Versand aus Gro\u00dfbritannien durch Mad About Horror. Rufen Sie 01482 935936 an.","robots":{"index":"index","follow":"follow","max-snippet":"max-snippet:-1","max-image-preview":"max-image-preview:large","max-video-preview":"max-video-preview:-1"},"canonical":"https:\/\/madabouthorror.co.uk\/de\/product\/silicone-meatball-rick\/","og_locale":"de_DE","og_type":"article","og_title":"Severed Fingers Necklace | Gory Silicone Prop | Mad About Horror","og_description":"Add a gory finish to a scare actor's costume with this finger necklace. Shipped from the UK by Mad About Horror. Call 01482 935936.","og_url":"https:\/\/madabouthorror.co.uk\/de\/product\/silicone-meatball-rick\/","og_site_name":"Mad About Horror","article_publisher":"https:\/\/www.facebook.com\/madabouthorror\/","article_modified_time":"2024-07-03T09:22:35+00:00","og_image":[{"width":670,"height":670,"url":"http:\/\/madabouthorror.co.uk\/wp-content\/uploads\/2020\/11\/rick_meatball_silicone.jpg","type":"image\/jpeg"}],"twitter_card":"summary_large_image","schema":{"@context":"https:\/\/schema.org","@graph":[{"@type":["WebPage","ItemPage"],"@id":"https:\/\/madabouthorror.co.uk\/product\/silicone-meatball-rick\/","url":"https:\/\/madabouthorror.co.uk\/product\/silicone-meatball-rick\/","name":"Abgetrennte Finger Halskette | Gory Silicone Prop | Mad About Horror","isPartOf":{"@id":"https:\/\/madabouthorror.co.uk\/#website"},"primaryImageOfPage":{"@id":"https:\/\/madabouthorror.co.uk\/product\/silicone-meatball-rick\/#primaryimage"},"image":{"@id":"https:\/\/madabouthorror.co.uk\/product\/silicone-meatball-rick\/#primaryimage"},"thumbnailUrl":"https:\/\/madabouthorror.co.uk\/wp-content\/uploads\/2020\/11\/rick_meatball_silicone.jpg","datePublished":"2020-11-10T10:45:49+00:00","dateModified":"2024-07-03T09:22:35+00:00","description":"Verleihen Sie dem Kost\u00fcm eines Gruselschauspielers mit dieser Finger-Halskette ein blutiges Finish. Versand aus Gro\u00dfbritannien durch Mad About Horror. Rufen Sie 01482 935936 an.","breadcrumb":{"@id":"https:\/\/madabouthorror.co.uk\/product\/silicone-meatball-rick\/#breadcrumb"},"inLanguage":"de","potentialAction":[{"@type":"ReadAction","target":["https:\/\/madabouthorror.co.uk\/product\/silicone-meatball-rick\/"]}]},{"@type":"ImageObject","inLanguage":"de","@id":"https:\/\/madabouthorror.co.uk\/product\/silicone-meatball-rick\/#primaryimage","url":"https:\/\/madabouthorror.co.uk\/wp-content\/uploads\/2020\/11\/rick_meatball_silicone.jpg","contentUrl":"https:\/\/madabouthorror.co.uk\/wp-content\/uploads\/2020\/11\/rick_meatball_silicone.jpg","width":670,"height":670,"caption":"Silicone Meatball Rick-0"},{"@type":"BreadcrumbList","@id":"https:\/\/madabouthorror.co.uk\/product\/silicone-meatball-rick\/#breadcrumb","itemListElement":[{"@type":"ListItem","position":1,"name":"Shop","item":"https:\/\/madabouthorror.co.uk\/shop\/"},{"@type":"ListItem","position":2,"name":"Silicone Meatball Rick"}]},{"@type":"WebSite","@id":"https:\/\/madabouthorror.co.uk\/#website","url":"https:\/\/madabouthorror.co.uk\/","name":"Verr\u00fcckt nach Horror","description":"","publisher":{"@id":"https:\/\/madabouthorror.co.uk\/#organization"},"alternateName":"Mad About Horror Limited","potentialAction":[{"@type":"SearchAction","target":{"@type":"EntryPoint","urlTemplate":"https:\/\/madabouthorror.co.uk\/?s={search_term_string}"},"query-input":{"@type":"PropertyValueSpecification","valueRequired":true,"valueName":"search_term_string"}}],"inLanguage":"de"},{"@type":"Organization","@id":"https:\/\/madabouthorror.co.uk\/#organization","name":"Verr\u00fcckt nach Horror","url":"https:\/\/madabouthorror.co.uk\/","logo":{"@type":"ImageObject","inLanguage":"de","@id":"https:\/\/madabouthorror.co.uk\/#\/schema\/logo\/image\/","url":"https:\/\/madabouthorror.co.uk\/wp-content\/uploads\/2024\/02\/cropped-Logo.png","contentUrl":"https:\/\/madabouthorror.co.uk\/wp-content\/uploads\/2024\/02\/cropped-Logo.png","width":240,"height":88,"caption":"Mad About Horror"},"image":{"@id":"https:\/\/madabouthorror.co.uk\/#\/schema\/logo\/image\/"},"sameAs":["https:\/\/www.facebook.com\/madabouthorror\/","https:\/\/www.instagram.com\/madabouthorror\/","https:\/\/www.pinterest.co.uk\/madabouthorror\/","https:\/\/www.youtube.com\/channel\/UCBooLOIxjoQ89dj6T5lWm_w","https:\/\/www.tiktok.com\/@weremadabouthorror"]}]}},"df_price":46.83,"df_sale_price":"","df_regular_price":46.83,"df_image_link":"https:\/\/madabouthorror.co.uk\/wp-content\/uploads\/2020\/11\/rick_meatball_silicone-300x300.jpg","_links":{"self":[{"href":"https:\/\/madabouthorror.co.uk\/de\/wp-json\/wp\/v2\/product\/46188","targetHints":{"allow":["GET"]}}],"collection":[{"href":"https:\/\/madabouthorror.co.uk\/de\/wp-json\/wp\/v2\/product"}],"about":[{"href":"https:\/\/madabouthorror.co.uk\/de\/wp-json\/wp\/v2\/types\/product"}],"replies":[{"embeddable":true,"href":"https:\/\/madabouthorror.co.uk\/de\/wp-json\/wp\/v2\/comments?post=46188"}],"wp:featuredmedia":[{"embeddable":true,"href":"https:\/\/madabouthorror.co.uk\/de\/wp-json\/wp\/v2\/media\/46187"}],"wp:attachment":[{"href":"https:\/\/madabouthorror.co.uk\/de\/wp-json\/wp\/v2\/media?parent=46188"}],"wp:term":[{"taxonomy":"product_brand","embeddable":true,"href":"https:\/\/madabouthorror.co.uk\/de\/wp-json\/wp\/v2\/product_brand?post=46188"},{"taxonomy":"product_cat","embeddable":true,"href":"https:\/\/madabouthorror.co.uk\/de\/wp-json\/wp\/v2\/product_cat?post=46188"},{"taxonomy":"product_tag","embeddable":true,"href":"https:\/\/madabouthorror.co.uk\/de\/wp-json\/wp\/v2\/product_tag?post=46188"}],"curies":[{"name":"wp","href":"https:\/\/api.w.org\/{rel}","templated":true}]}}