{"id":467333,"date":"2023-11-28T18:07:33","date_gmt":"2023-11-28T18:07:33","guid":{"rendered":"https:\/\/madabouthorror.co.uk\/?post_type=product&#038;p=467333"},"modified":"2026-04-20T13:42:53","modified_gmt":"2026-04-20T12:42:53","slug":"return-of-the-living-dead-245-trioxin-barrel-set","status":"publish","type":"product","link":"https:\/\/madabouthorror.co.uk\/de\/product\/return-of-the-living-dead-245-trioxin-barrel-set\/","title":{"rendered":"R\u00fcckkehr der lebenden Toten - 245 Trioxin-Fass-Set"},"content":{"rendered":"<div class=\"description rte section cf not-in-quickbuy\">\n<p>Hier kommt das offiziell lizenzierte The Return of the Living Dead - 245 Trioxin Barrel Set von Trick. or Treat Studios. Dieses von Andy Manoloff &amp; Alexander Ray entworfene Set ist sowohl ein reizvolles Einzelst\u00fcck als auch ein tadelloser Ausstellungsbegleiter f\u00fcr die Tarman-Figur im Ma\u00dfstab 1:6.<\/p>\n<\/div>\n<p>Erleben Sie den Nervenkitzel, wenn Sie den Deckel des verlorenen Milit\u00e4rfasses vorsichtig \u00f6ffnen und den darin gefangenen Tarman zum Vorschein bringen. Das interaktive Design erm\u00f6glicht es Ihnen, den seitlichen Knopf zu drehen und so nahtlos zwischen dem sicher eingeschlossenen Tarman-Gesicht und seinem Gesicht zu wechseln, sobald er erwacht ist! Dieses fesselnde Set wird in einer wundersch\u00f6n gestalteten Sammlerbox pr\u00e4sentiert und ist ein Muss f\u00fcr Sammler und Liebhaber gleicherma\u00dfen.<\/p>\n<p><em>Hinweis: Bestellungen, die nach dem 2. Mai aufgegeben werden, werden im Juni verschickt.\u00a0<\/em><\/p>\n<div class=\"description rte section cf not-in-quickbuy\">\n<p><strong>Einzelheiten:<\/strong><\/p>\n<ul>\n<li>245 Trioxin-Fass<\/li>\n<li>Gespaltenes Hunde-Exemplar<\/li>\n<li>Uneeda Medical Supplies Keller-Eckdiorama<\/li>\n<li>Ungef\u00e4hr 6,5\u2033 gro\u00df (Hund 3,5\u2033)<\/li>\n<\/ul>\n<p>Die Tarman-Figur im Ma\u00dfstab 1:6 ist separat erh\u00e4ltlich.<\/p>\n<div class=\"rte cf light-inner-row not-in-quickbuy\">\n<p><em>TM &amp; \u00a9 2023 Living Dead Media. Alle Rechte vorbehalten.<\/em><\/p>\n<\/div>\n<div class=\"rte cf light-inner-row not-in-quickbuy\">\n<p>&nbsp;<\/p>\n<\/div>\n<\/div>","protected":false},"excerpt":{"rendered":"<p>Hier kommt das offiziell lizenzierte The Return of the Living Dead - 245 Trioxin Barrel Set von Trick. or Treat Studios. Dieses von Andy Manoloff &amp; Alexander Ray entworfene Set ist sowohl ein entz\u00fcckendes Einzelst\u00fcck als auch ein tadelloser Ausstellungsbegleiter f\u00fcr die Tarman-Figur im Ma\u00dfstab 1:6. Erlebe den Nervenkitzel, wenn du vorsichtig die [...]<\/p>","protected":false},"featured_media":475471,"comment_status":"closed","ping_status":"closed","template":"","meta":{"_acf_changed":false},"product_brand":[],"product_cat":[6538,10075,6537,10038,6611,6792,6689],"product_tag":[],"class_list":{"0":"post-467333","1":"product","2":"type-product","3":"status-publish","4":"has-post-thumbnail","6":"product_cat-figures","7":"product_cat-action-figures","8":"product_cat-collectibles","9":"product_cat-horror-gifts","10":"product_cat-just-arrived-at-the-lair","11":"product_cat-trick-or-treat-studios","12":"product_cat-returnofthelivingdead","14":"first","15":"instock","16":"taxable","17":"shipping-taxable","18":"purchasable","19":"product-type-simple"},"supplier_id":471029,"supplier_sku":"TTEM109","barcode":"810116281305","atum_controlled":true,"out_stock_date":null,"out_stock_threshold":null,"inheritable":false,"inbound_stock":0,"stock_on_hold":0,"sold_today":0,"sales_last_days":0,"reserved_stock":0,"customer_returns":0,"warehouse_damage":0,"lost_in_post":0,"other_logs":0,"out_stock_days":0,"lost_sales":0,"has_location":false,"update_date":"2026-04-21T01:57:41","atum_locations":[],"atum_stock_status":"instock","restock_status":false,"low_stock_amount":2,"sales_update_date":"2026-04-21T01:57:40","calc_backorders":null,"acf":[],"yoast_head":"<!-- This site is optimized with the Yoast SEO plugin v27.4 - https:\/\/yoast.com\/product\/yoast-seo-wordpress\/ -->\n<title>Return of the Living Dead - 245 Trioxin Barrel Set | Mad About Horror<\/title>\n<meta name=\"description\" content=\"Return of the Living Dead - 245 Trioxin Barrel Set. Shop Horror collectibles and Halloween props. UK Stock. The UK&#039;s leading horror collectibles specialist.\" \/>\n<meta name=\"robots\" content=\"index, follow, max-snippet:-1, max-image-preview:large, max-video-preview:-1\" \/>\n<link rel=\"canonical\" href=\"https:\/\/madabouthorror.co.uk\/de\/product\/return-of-the-living-dead-245-trioxin-barrel-set\/\" \/>\n<meta property=\"og:locale\" content=\"de_DE\" \/>\n<meta property=\"og:type\" content=\"article\" \/>\n<meta property=\"og:title\" content=\"Return of the Living Dead - 245 Trioxin Barrel Set | Mad About Horror\" \/>\n<meta property=\"og:description\" content=\"Return of the Living Dead - 245 Trioxin Barrel Set. Shop Horror collectibles and Halloween props. UK Stock. The UK&#039;s leading horror collectibles specialist.\" \/>\n<meta property=\"og:url\" content=\"https:\/\/madabouthorror.co.uk\/de\/product\/return-of-the-living-dead-245-trioxin-barrel-set\/\" \/>\n<meta property=\"og:site_name\" content=\"Mad About Horror\" \/>\n<meta property=\"article:publisher\" content=\"https:\/\/www.facebook.com\/madabouthorror\/\" \/>\n<meta property=\"article:modified_time\" content=\"2026-04-20T12:42:53+00:00\" \/>\n<meta property=\"og:image\" content=\"https:\/\/madabouthorror.co.uk\/wp-content\/uploads\/2023\/11\/Return-of-the-Living-Dead-245-Trioxin-Barrel-Set.jpg\" \/>\n\t<meta property=\"og:image:width\" content=\"1890\" \/>\n\t<meta property=\"og:image:height\" content=\"1890\" \/>\n\t<meta property=\"og:image:type\" content=\"image\/jpeg\" \/>\n<meta name=\"twitter:card\" content=\"summary_large_image\" \/>\n<meta name=\"twitter:label1\" content=\"Gesch\u00e4tzte Lesezeit\" \/>\n\t<meta name=\"twitter:data1\" content=\"1\u00a0Minute\" \/>\n<script type=\"application\/ld+json\" class=\"yoast-schema-graph\">{\"@context\":\"https:\\\/\\\/schema.org\",\"@graph\":[{\"@type\":[\"WebPage\",\"ItemPage\"],\"@id\":\"https:\\\/\\\/madabouthorror.co.uk\\\/product\\\/return-of-the-living-dead-245-trioxin-barrel-set\\\/\",\"url\":\"https:\\\/\\\/madabouthorror.co.uk\\\/product\\\/return-of-the-living-dead-245-trioxin-barrel-set\\\/\",\"name\":\"Return of the Living Dead - 245 Trioxin Barrel Set | Mad About Horror\",\"isPartOf\":{\"@id\":\"https:\\\/\\\/madabouthorror.co.uk\\\/#website\"},\"primaryImageOfPage\":{\"@id\":\"https:\\\/\\\/madabouthorror.co.uk\\\/product\\\/return-of-the-living-dead-245-trioxin-barrel-set\\\/#primaryimage\"},\"image\":{\"@id\":\"https:\\\/\\\/madabouthorror.co.uk\\\/product\\\/return-of-the-living-dead-245-trioxin-barrel-set\\\/#primaryimage\"},\"thumbnailUrl\":\"https:\\\/\\\/madabouthorror.co.uk\\\/wp-content\\\/uploads\\\/2023\\\/11\\\/Return-of-the-Living-Dead-245-Trioxin-Barrel-Set.jpg\",\"datePublished\":\"2023-11-28T18:07:33+00:00\",\"dateModified\":\"2026-04-20T12:42:53+00:00\",\"description\":\"Return of the Living Dead - 245 Trioxin Barrel Set. Shop Horror collectibles and Halloween props. UK Stock. The UK's leading horror collectibles specialist.\",\"breadcrumb\":{\"@id\":\"https:\\\/\\\/madabouthorror.co.uk\\\/product\\\/return-of-the-living-dead-245-trioxin-barrel-set\\\/#breadcrumb\"},\"inLanguage\":\"de\",\"potentialAction\":[{\"@type\":\"ReadAction\",\"target\":[\"https:\\\/\\\/madabouthorror.co.uk\\\/product\\\/return-of-the-living-dead-245-trioxin-barrel-set\\\/\"]}]},{\"@type\":\"ImageObject\",\"inLanguage\":\"de\",\"@id\":\"https:\\\/\\\/madabouthorror.co.uk\\\/product\\\/return-of-the-living-dead-245-trioxin-barrel-set\\\/#primaryimage\",\"url\":\"https:\\\/\\\/madabouthorror.co.uk\\\/wp-content\\\/uploads\\\/2023\\\/11\\\/Return-of-the-Living-Dead-245-Trioxin-Barrel-Set.jpg\",\"contentUrl\":\"https:\\\/\\\/madabouthorror.co.uk\\\/wp-content\\\/uploads\\\/2023\\\/11\\\/Return-of-the-Living-Dead-245-Trioxin-Barrel-Set.jpg\",\"width\":1890,\"height\":1890},{\"@type\":\"BreadcrumbList\",\"@id\":\"https:\\\/\\\/madabouthorror.co.uk\\\/product\\\/return-of-the-living-dead-245-trioxin-barrel-set\\\/#breadcrumb\",\"itemListElement\":[{\"@type\":\"ListItem\",\"position\":1,\"name\":\"Shop\",\"item\":\"https:\\\/\\\/madabouthorror.co.uk\\\/shop\\\/\"},{\"@type\":\"ListItem\",\"position\":2,\"name\":\"Return of the Living Dead &#8211; 245 Trioxin Barrel Set\"}]},{\"@type\":\"WebSite\",\"@id\":\"https:\\\/\\\/madabouthorror.co.uk\\\/#website\",\"url\":\"https:\\\/\\\/madabouthorror.co.uk\\\/\",\"name\":\"Mad About Horror\",\"description\":\"\",\"publisher\":{\"@id\":\"https:\\\/\\\/madabouthorror.co.uk\\\/#organization\"},\"alternateName\":\"Mad About Horror Limited\",\"potentialAction\":[{\"@type\":\"SearchAction\",\"target\":{\"@type\":\"EntryPoint\",\"urlTemplate\":\"https:\\\/\\\/madabouthorror.co.uk\\\/?s={search_term_string}\"},\"query-input\":{\"@type\":\"PropertyValueSpecification\",\"valueRequired\":true,\"valueName\":\"search_term_string\"}}],\"inLanguage\":\"de\"},{\"@type\":\"Organization\",\"@id\":\"https:\\\/\\\/madabouthorror.co.uk\\\/#organization\",\"name\":\"Mad About Horror\",\"url\":\"https:\\\/\\\/madabouthorror.co.uk\\\/\",\"logo\":{\"@type\":\"ImageObject\",\"inLanguage\":\"de\",\"@id\":\"https:\\\/\\\/madabouthorror.co.uk\\\/#\\\/schema\\\/logo\\\/image\\\/\",\"url\":\"https:\\\/\\\/madabouthorror.co.uk\\\/wp-content\\\/uploads\\\/2024\\\/02\\\/cropped-Logo.png\",\"contentUrl\":\"https:\\\/\\\/madabouthorror.co.uk\\\/wp-content\\\/uploads\\\/2024\\\/02\\\/cropped-Logo.png\",\"width\":240,\"height\":88,\"caption\":\"Mad About Horror\"},\"image\":{\"@id\":\"https:\\\/\\\/madabouthorror.co.uk\\\/#\\\/schema\\\/logo\\\/image\\\/\"},\"sameAs\":[\"https:\\\/\\\/www.facebook.com\\\/madabouthorror\\\/\",\"https:\\\/\\\/www.instagram.com\\\/madabouthorror\\\/\",\"https:\\\/\\\/www.pinterest.co.uk\\\/madabouthorror\\\/\",\"https:\\\/\\\/www.youtube.com\\\/channel\\\/UCBooLOIxjoQ89dj6T5lWm_w\",\"https:\\\/\\\/www.tiktok.com\\\/@weremadabouthorror\"]}]}<\/script>\n<!-- \/ Yoast SEO plugin. -->","yoast_head_json":{"title":"R\u00fcckkehr der lebenden Toten - 245 Trioxin-Fass-Set | Mad About Horror","description":"R\u00fcckkehr der lebenden Toten - 245 Trioxin-Fass-Set. Shop Horror Sammlerst\u00fccke und Halloween Requisiten. UK Stock. Der f\u00fchrende Spezialist f\u00fcr Horror-Sammlerst\u00fccke in Gro\u00dfbritannien.","robots":{"index":"index","follow":"follow","max-snippet":"max-snippet:-1","max-image-preview":"max-image-preview:large","max-video-preview":"max-video-preview:-1"},"canonical":"https:\/\/madabouthorror.co.uk\/de\/product\/return-of-the-living-dead-245-trioxin-barrel-set\/","og_locale":"de_DE","og_type":"article","og_title":"Return of the Living Dead - 245 Trioxin Barrel Set | Mad About Horror","og_description":"Return of the Living Dead - 245 Trioxin Barrel Set. Shop Horror collectibles and Halloween props. UK Stock. The UK's leading horror collectibles specialist.","og_url":"https:\/\/madabouthorror.co.uk\/de\/product\/return-of-the-living-dead-245-trioxin-barrel-set\/","og_site_name":"Mad About Horror","article_publisher":"https:\/\/www.facebook.com\/madabouthorror\/","article_modified_time":"2026-04-20T12:42:53+00:00","og_image":[{"width":1890,"height":1890,"url":"https:\/\/madabouthorror.co.uk\/wp-content\/uploads\/2023\/11\/Return-of-the-Living-Dead-245-Trioxin-Barrel-Set.jpg","type":"image\/jpeg"}],"twitter_card":"summary_large_image","twitter_misc":{"Gesch\u00e4tzte Lesezeit":"1\u00a0Minute"},"schema":{"@context":"https:\/\/schema.org","@graph":[{"@type":["WebPage","ItemPage"],"@id":"https:\/\/madabouthorror.co.uk\/product\/return-of-the-living-dead-245-trioxin-barrel-set\/","url":"https:\/\/madabouthorror.co.uk\/product\/return-of-the-living-dead-245-trioxin-barrel-set\/","name":"R\u00fcckkehr der lebenden Toten - 245 Trioxin-Fass-Set | Mad About Horror","isPartOf":{"@id":"https:\/\/madabouthorror.co.uk\/#website"},"primaryImageOfPage":{"@id":"https:\/\/madabouthorror.co.uk\/product\/return-of-the-living-dead-245-trioxin-barrel-set\/#primaryimage"},"image":{"@id":"https:\/\/madabouthorror.co.uk\/product\/return-of-the-living-dead-245-trioxin-barrel-set\/#primaryimage"},"thumbnailUrl":"https:\/\/madabouthorror.co.uk\/wp-content\/uploads\/2023\/11\/Return-of-the-Living-Dead-245-Trioxin-Barrel-Set.jpg","datePublished":"2023-11-28T18:07:33+00:00","dateModified":"2026-04-20T12:42:53+00:00","description":"R\u00fcckkehr der lebenden Toten - 245 Trioxin-Fass-Set. Shop Horror Sammlerst\u00fccke und Halloween Requisiten. UK Stock. Der f\u00fchrende Spezialist f\u00fcr Horror-Sammlerst\u00fccke in Gro\u00dfbritannien.","breadcrumb":{"@id":"https:\/\/madabouthorror.co.uk\/product\/return-of-the-living-dead-245-trioxin-barrel-set\/#breadcrumb"},"inLanguage":"de","potentialAction":[{"@type":"ReadAction","target":["https:\/\/madabouthorror.co.uk\/product\/return-of-the-living-dead-245-trioxin-barrel-set\/"]}]},{"@type":"ImageObject","inLanguage":"de","@id":"https:\/\/madabouthorror.co.uk\/product\/return-of-the-living-dead-245-trioxin-barrel-set\/#primaryimage","url":"https:\/\/madabouthorror.co.uk\/wp-content\/uploads\/2023\/11\/Return-of-the-Living-Dead-245-Trioxin-Barrel-Set.jpg","contentUrl":"https:\/\/madabouthorror.co.uk\/wp-content\/uploads\/2023\/11\/Return-of-the-Living-Dead-245-Trioxin-Barrel-Set.jpg","width":1890,"height":1890},{"@type":"BreadcrumbList","@id":"https:\/\/madabouthorror.co.uk\/product\/return-of-the-living-dead-245-trioxin-barrel-set\/#breadcrumb","itemListElement":[{"@type":"ListItem","position":1,"name":"Shop","item":"https:\/\/madabouthorror.co.uk\/shop\/"},{"@type":"ListItem","position":2,"name":"Return of the Living Dead &#8211; 245 Trioxin Barrel Set"}]},{"@type":"WebSite","@id":"https:\/\/madabouthorror.co.uk\/#website","url":"https:\/\/madabouthorror.co.uk\/","name":"Verr\u00fcckt nach Horror","description":"","publisher":{"@id":"https:\/\/madabouthorror.co.uk\/#organization"},"alternateName":"Mad About Horror Limited","potentialAction":[{"@type":"SearchAction","target":{"@type":"EntryPoint","urlTemplate":"https:\/\/madabouthorror.co.uk\/?s={search_term_string}"},"query-input":{"@type":"PropertyValueSpecification","valueRequired":true,"valueName":"search_term_string"}}],"inLanguage":"de"},{"@type":"Organization","@id":"https:\/\/madabouthorror.co.uk\/#organization","name":"Verr\u00fcckt nach Horror","url":"https:\/\/madabouthorror.co.uk\/","logo":{"@type":"ImageObject","inLanguage":"de","@id":"https:\/\/madabouthorror.co.uk\/#\/schema\/logo\/image\/","url":"https:\/\/madabouthorror.co.uk\/wp-content\/uploads\/2024\/02\/cropped-Logo.png","contentUrl":"https:\/\/madabouthorror.co.uk\/wp-content\/uploads\/2024\/02\/cropped-Logo.png","width":240,"height":88,"caption":"Mad About Horror"},"image":{"@id":"https:\/\/madabouthorror.co.uk\/#\/schema\/logo\/image\/"},"sameAs":["https:\/\/www.facebook.com\/madabouthorror\/","https:\/\/www.instagram.com\/madabouthorror\/","https:\/\/www.pinterest.co.uk\/madabouthorror\/","https:\/\/www.youtube.com\/channel\/UCBooLOIxjoQ89dj6T5lWm_w","https:\/\/www.tiktok.com\/@weremadabouthorror"]}]}},"df_price":98.91,"df_sale_price":"","df_regular_price":98.91,"df_image_link":"https:\/\/madabouthorror.co.uk\/wp-content\/uploads\/2023\/11\/Return-of-the-Living-Dead-245-Trioxin-Barrel-Set-300x300.jpg","_links":{"self":[{"href":"https:\/\/madabouthorror.co.uk\/de\/wp-json\/wp\/v2\/product\/467333","targetHints":{"allow":["GET"]}}],"collection":[{"href":"https:\/\/madabouthorror.co.uk\/de\/wp-json\/wp\/v2\/product"}],"about":[{"href":"https:\/\/madabouthorror.co.uk\/de\/wp-json\/wp\/v2\/types\/product"}],"replies":[{"embeddable":true,"href":"https:\/\/madabouthorror.co.uk\/de\/wp-json\/wp\/v2\/comments?post=467333"}],"wp:featuredmedia":[{"embeddable":true,"href":"https:\/\/madabouthorror.co.uk\/de\/wp-json\/wp\/v2\/media\/475471"}],"wp:attachment":[{"href":"https:\/\/madabouthorror.co.uk\/de\/wp-json\/wp\/v2\/media?parent=467333"}],"wp:term":[{"taxonomy":"product_brand","embeddable":true,"href":"https:\/\/madabouthorror.co.uk\/de\/wp-json\/wp\/v2\/product_brand?post=467333"},{"taxonomy":"product_cat","embeddable":true,"href":"https:\/\/madabouthorror.co.uk\/de\/wp-json\/wp\/v2\/product_cat?post=467333"},{"taxonomy":"product_tag","embeddable":true,"href":"https:\/\/madabouthorror.co.uk\/de\/wp-json\/wp\/v2\/product_tag?post=467333"}],"curies":[{"name":"wp","href":"https:\/\/api.w.org\/{rel}","templated":true}]}}