{"id":46966,"date":"2021-02-02T15:36:11","date_gmt":"2021-02-02T15:36:11","guid":{"rendered":"https:\/\/mah.6bdv.ws\/product\/haunt-zombie-mask-pre-order\/"},"modified":"2026-04-02T09:34:23","modified_gmt":"2026-04-02T08:34:23","slug":"haunt-zombie-mask-pre-order","status":"publish","type":"product","link":"https:\/\/madabouthorror.co.uk\/de\/product\/haunt-zombie-mask-pre-order\/","title":{"rendered":"Haunt - Zombie Maske"},"content":{"rendered":"<h4>Haunt - Zombie Maske<\/h4>\n<p>Entwickelt von den Screen Used Masters<\/p>\n<p>Trick or Treat Studios und eOne Features LLC sind stolz, die offiziell lizenzierte Haunt Zombie Maske zu pr\u00e4sentieren.<\/p>\n<p>An Halloween st\u00f6\u00dft eine Gruppe von Freunden auf ein extremes Spukhaus, das verspricht, ihre dunkelsten \u00c4ngste zu n\u00e4hren. Die Nacht wird t\u00f6dlich, als sie zu der erschreckenden Erkenntnis kommen, dass manche Albtr\u00e4ume real sind.<\/p>\n<p>Diese Maske wurde nach den Vorlagen der Leinwand entwickelt und im Spritzgussverfahren hergestellt. Sie ist identisch mit der Maske aus dem Horrorthriller \"Haunt\" von Eli Roth.<\/p>\n<p><em>Haunt \u00a92021 eOne Features LLC, Alle Rechte vorbehalten.<\/em><\/p>","protected":false},"excerpt":{"rendered":"<p>Haunt - Zombie Mask Developed From The Screen Used Masters Trick or Treat Studios und eOne Features LLC sind stolz, die offiziell lizenzierte Haunt Zombie Maske zu pr\u00e4sentieren. An Halloween st\u00f6\u00dft eine Gruppe von Freunden auf ein extremes Spukhaus, das verspricht, ihre dunkelsten \u00c4ngste zu n\u00e4hren. Die Nacht wird t\u00f6dlich, als sie zu [...]<\/p>","protected":false},"featured_media":46963,"comment_status":"closed","ping_status":"closed","template":"","meta":{"_acf_changed":false},"product_brand":[],"product_cat":[6580,10039,10041,10038,9962,6541,6588,6792,6735],"product_tag":[],"class_list":{"0":"post-46966","1":"product","2":"type-product","3":"status-publish","4":"has-post-thumbnail","6":"product_cat-movie-tv","7":"product_cat-stocking-fillers","8":"product_cat-gifts-under-50","9":"product_cat-horror-gifts","10":"product_cat-trick-or-treat-studios-masks","11":"product_cat-masks","12":"product_cat-masks-zombies","13":"product_cat-trick-or-treat-studios","14":"product_cat-haunt","15":"product_shipping_class-small-parcel-economy-3-5-business-days","16":"pa_brand-trickortreatstudios","17":"pa_character-haunt","18":"pa_google_tax-ba-artsentertainmenthobbiescr","20":"first","21":"instock","22":"taxable","23":"shipping-taxable","24":"purchasable","25":"product-type-simple"},"supplier_id":471029,"supplier_sku":"TTEO105","barcode":"811501036609","atum_controlled":true,"out_stock_date":null,"out_stock_threshold":null,"inheritable":false,"inbound_stock":3,"stock_on_hold":0,"sold_today":0,"sales_last_days":0,"reserved_stock":0,"customer_returns":0,"warehouse_damage":0,"lost_in_post":0,"other_logs":0,"out_stock_days":0,"lost_sales":0,"has_location":false,"update_date":"2026-05-04T01:40:21","atum_locations":[],"atum_stock_status":"instock","restock_status":false,"low_stock_amount":1,"sales_update_date":"2026-05-04T01:40:19","calc_backorders":null,"acf":[],"yoast_head":"<!-- This site is optimized with the Yoast SEO plugin v27.5 - https:\/\/yoast.com\/product\/yoast-seo-wordpress\/ -->\n<title>Haunt - Zombie Mask - Mad About Horror<\/title>\n<meta name=\"description\" content=\"Haunt - Zombie Mask - PRE ORDER from the UK&#039;s leading Trick or Treat Studios stockist.\" \/>\n<meta name=\"robots\" content=\"index, follow, max-snippet:-1, max-image-preview:large, max-video-preview:-1\" \/>\n<link rel=\"canonical\" href=\"https:\/\/madabouthorror.co.uk\/de\/product\/haunt-zombie-mask-pre-order\/\" \/>\n<meta property=\"og:locale\" content=\"de_DE\" \/>\n<meta property=\"og:type\" content=\"article\" \/>\n<meta property=\"og:title\" content=\"Haunt - Zombie Mask - Mad About Horror\" \/>\n<meta property=\"og:description\" content=\"Haunt - Zombie Mask - PRE ORDER from the UK&#039;s leading Trick or Treat Studios stockist.\" \/>\n<meta property=\"og:url\" content=\"https:\/\/madabouthorror.co.uk\/de\/product\/haunt-zombie-mask-pre-order\/\" \/>\n<meta property=\"og:site_name\" content=\"Mad About Horror\" \/>\n<meta property=\"article:publisher\" content=\"https:\/\/www.facebook.com\/madabouthorror\/\" \/>\n<meta property=\"article:modified_time\" content=\"2026-04-02T08:34:23+00:00\" \/>\n<meta property=\"og:image\" content=\"https:\/\/madabouthorror.co.uk\/wp-content\/uploads\/2021\/02\/haunt_zombie_mask_trick_or_treat_studios.jpg\" \/>\n\t<meta property=\"og:image:width\" content=\"650\" \/>\n\t<meta property=\"og:image:height\" content=\"650\" \/>\n\t<meta property=\"og:image:type\" content=\"image\/jpeg\" \/>\n<meta name=\"twitter:card\" content=\"summary_large_image\" \/>\n<script type=\"application\/ld+json\" class=\"yoast-schema-graph\">{\"@context\":\"https:\\\/\\\/schema.org\",\"@graph\":[{\"@type\":[\"WebPage\",\"ItemPage\"],\"@id\":\"https:\\\/\\\/madabouthorror.co.uk\\\/product\\\/haunt-zombie-mask-pre-order\\\/\",\"url\":\"https:\\\/\\\/madabouthorror.co.uk\\\/product\\\/haunt-zombie-mask-pre-order\\\/\",\"name\":\"Haunt - Zombie Mask - Mad About Horror\",\"isPartOf\":{\"@id\":\"https:\\\/\\\/madabouthorror.co.uk\\\/#website\"},\"primaryImageOfPage\":{\"@id\":\"https:\\\/\\\/madabouthorror.co.uk\\\/product\\\/haunt-zombie-mask-pre-order\\\/#primaryimage\"},\"image\":{\"@id\":\"https:\\\/\\\/madabouthorror.co.uk\\\/product\\\/haunt-zombie-mask-pre-order\\\/#primaryimage\"},\"thumbnailUrl\":\"https:\\\/\\\/madabouthorror.co.uk\\\/wp-content\\\/uploads\\\/2021\\\/02\\\/haunt_zombie_mask_trick_or_treat_studios.jpg\",\"datePublished\":\"2021-02-02T15:36:11+00:00\",\"dateModified\":\"2026-04-02T08:34:23+00:00\",\"description\":\"Haunt - Zombie Mask - PRE ORDER from the UK's leading Trick or Treat Studios stockist.\",\"breadcrumb\":{\"@id\":\"https:\\\/\\\/madabouthorror.co.uk\\\/product\\\/haunt-zombie-mask-pre-order\\\/#breadcrumb\"},\"inLanguage\":\"de\",\"potentialAction\":[{\"@type\":\"ReadAction\",\"target\":[\"https:\\\/\\\/madabouthorror.co.uk\\\/product\\\/haunt-zombie-mask-pre-order\\\/\"]}]},{\"@type\":\"ImageObject\",\"inLanguage\":\"de\",\"@id\":\"https:\\\/\\\/madabouthorror.co.uk\\\/product\\\/haunt-zombie-mask-pre-order\\\/#primaryimage\",\"url\":\"https:\\\/\\\/madabouthorror.co.uk\\\/wp-content\\\/uploads\\\/2021\\\/02\\\/haunt_zombie_mask_trick_or_treat_studios.jpg\",\"contentUrl\":\"https:\\\/\\\/madabouthorror.co.uk\\\/wp-content\\\/uploads\\\/2021\\\/02\\\/haunt_zombie_mask_trick_or_treat_studios.jpg\",\"width\":650,\"height\":650,\"caption\":\"Haunt - Zombie Mask -0\"},{\"@type\":\"BreadcrumbList\",\"@id\":\"https:\\\/\\\/madabouthorror.co.uk\\\/product\\\/haunt-zombie-mask-pre-order\\\/#breadcrumb\",\"itemListElement\":[{\"@type\":\"ListItem\",\"position\":1,\"name\":\"Shop\",\"item\":\"https:\\\/\\\/madabouthorror.co.uk\\\/shop\\\/\"},{\"@type\":\"ListItem\",\"position\":2,\"name\":\"Haunt &#8211; Zombie Mask\"}]},{\"@type\":\"WebSite\",\"@id\":\"https:\\\/\\\/madabouthorror.co.uk\\\/#website\",\"url\":\"https:\\\/\\\/madabouthorror.co.uk\\\/\",\"name\":\"Mad About Horror\",\"description\":\"\",\"publisher\":{\"@id\":\"https:\\\/\\\/madabouthorror.co.uk\\\/#organization\"},\"alternateName\":\"Mad About Horror Limited\",\"potentialAction\":[{\"@type\":\"SearchAction\",\"target\":{\"@type\":\"EntryPoint\",\"urlTemplate\":\"https:\\\/\\\/madabouthorror.co.uk\\\/?s={search_term_string}\"},\"query-input\":{\"@type\":\"PropertyValueSpecification\",\"valueRequired\":true,\"valueName\":\"search_term_string\"}}],\"inLanguage\":\"de\"},{\"@type\":\"Organization\",\"@id\":\"https:\\\/\\\/madabouthorror.co.uk\\\/#organization\",\"name\":\"Mad About Horror\",\"url\":\"https:\\\/\\\/madabouthorror.co.uk\\\/\",\"logo\":{\"@type\":\"ImageObject\",\"inLanguage\":\"de\",\"@id\":\"https:\\\/\\\/madabouthorror.co.uk\\\/#\\\/schema\\\/logo\\\/image\\\/\",\"url\":\"https:\\\/\\\/madabouthorror.co.uk\\\/wp-content\\\/uploads\\\/2024\\\/02\\\/cropped-Logo.png\",\"contentUrl\":\"https:\\\/\\\/madabouthorror.co.uk\\\/wp-content\\\/uploads\\\/2024\\\/02\\\/cropped-Logo.png\",\"width\":240,\"height\":88,\"caption\":\"Mad About Horror\"},\"image\":{\"@id\":\"https:\\\/\\\/madabouthorror.co.uk\\\/#\\\/schema\\\/logo\\\/image\\\/\"},\"sameAs\":[\"https:\\\/\\\/www.facebook.com\\\/madabouthorror\\\/\",\"https:\\\/\\\/www.instagram.com\\\/madabouthorror\\\/\",\"https:\\\/\\\/www.pinterest.co.uk\\\/madabouthorror\\\/\",\"https:\\\/\\\/www.youtube.com\\\/channel\\\/UCBooLOIxjoQ89dj6T5lWm_w\",\"https:\\\/\\\/www.tiktok.com\\\/@weremadabouthorror\"]}]}<\/script>\n<!-- \/ Yoast SEO plugin. -->","yoast_head_json":{"title":"Haunt - Zombie Maske - Mad About Horror","description":"Haunt - Zombie Maske - VOR BESTELLUNG bei Gro\u00dfbritanniens f\u00fchrendem H\u00e4ndler f\u00fcr Trick or Treat Studios.","robots":{"index":"index","follow":"follow","max-snippet":"max-snippet:-1","max-image-preview":"max-image-preview:large","max-video-preview":"max-video-preview:-1"},"canonical":"https:\/\/madabouthorror.co.uk\/de\/product\/haunt-zombie-mask-pre-order\/","og_locale":"de_DE","og_type":"article","og_title":"Haunt - Zombie Mask - Mad About Horror","og_description":"Haunt - Zombie Mask - PRE ORDER from the UK's leading Trick or Treat Studios stockist.","og_url":"https:\/\/madabouthorror.co.uk\/de\/product\/haunt-zombie-mask-pre-order\/","og_site_name":"Mad About Horror","article_publisher":"https:\/\/www.facebook.com\/madabouthorror\/","article_modified_time":"2026-04-02T08:34:23+00:00","og_image":[{"width":650,"height":650,"url":"https:\/\/madabouthorror.co.uk\/wp-content\/uploads\/2021\/02\/haunt_zombie_mask_trick_or_treat_studios.jpg","type":"image\/jpeg"}],"twitter_card":"summary_large_image","schema":{"@context":"https:\/\/schema.org","@graph":[{"@type":["WebPage","ItemPage"],"@id":"https:\/\/madabouthorror.co.uk\/product\/haunt-zombie-mask-pre-order\/","url":"https:\/\/madabouthorror.co.uk\/product\/haunt-zombie-mask-pre-order\/","name":"Haunt - Zombie Maske - Mad About Horror","isPartOf":{"@id":"https:\/\/madabouthorror.co.uk\/#website"},"primaryImageOfPage":{"@id":"https:\/\/madabouthorror.co.uk\/product\/haunt-zombie-mask-pre-order\/#primaryimage"},"image":{"@id":"https:\/\/madabouthorror.co.uk\/product\/haunt-zombie-mask-pre-order\/#primaryimage"},"thumbnailUrl":"https:\/\/madabouthorror.co.uk\/wp-content\/uploads\/2021\/02\/haunt_zombie_mask_trick_or_treat_studios.jpg","datePublished":"2021-02-02T15:36:11+00:00","dateModified":"2026-04-02T08:34:23+00:00","description":"Haunt - Zombie Maske - VOR BESTELLUNG bei Gro\u00dfbritanniens f\u00fchrendem H\u00e4ndler f\u00fcr Trick or Treat Studios.","breadcrumb":{"@id":"https:\/\/madabouthorror.co.uk\/product\/haunt-zombie-mask-pre-order\/#breadcrumb"},"inLanguage":"de","potentialAction":[{"@type":"ReadAction","target":["https:\/\/madabouthorror.co.uk\/product\/haunt-zombie-mask-pre-order\/"]}]},{"@type":"ImageObject","inLanguage":"de","@id":"https:\/\/madabouthorror.co.uk\/product\/haunt-zombie-mask-pre-order\/#primaryimage","url":"https:\/\/madabouthorror.co.uk\/wp-content\/uploads\/2021\/02\/haunt_zombie_mask_trick_or_treat_studios.jpg","contentUrl":"https:\/\/madabouthorror.co.uk\/wp-content\/uploads\/2021\/02\/haunt_zombie_mask_trick_or_treat_studios.jpg","width":650,"height":650,"caption":"Haunt - Zombie Mask -0"},{"@type":"BreadcrumbList","@id":"https:\/\/madabouthorror.co.uk\/product\/haunt-zombie-mask-pre-order\/#breadcrumb","itemListElement":[{"@type":"ListItem","position":1,"name":"Shop","item":"https:\/\/madabouthorror.co.uk\/shop\/"},{"@type":"ListItem","position":2,"name":"Haunt &#8211; Zombie Mask"}]},{"@type":"WebSite","@id":"https:\/\/madabouthorror.co.uk\/#website","url":"https:\/\/madabouthorror.co.uk\/","name":"Verr\u00fcckt nach Horror","description":"","publisher":{"@id":"https:\/\/madabouthorror.co.uk\/#organization"},"alternateName":"Mad About Horror Limited","potentialAction":[{"@type":"SearchAction","target":{"@type":"EntryPoint","urlTemplate":"https:\/\/madabouthorror.co.uk\/?s={search_term_string}"},"query-input":{"@type":"PropertyValueSpecification","valueRequired":true,"valueName":"search_term_string"}}],"inLanguage":"de"},{"@type":"Organization","@id":"https:\/\/madabouthorror.co.uk\/#organization","name":"Verr\u00fcckt nach Horror","url":"https:\/\/madabouthorror.co.uk\/","logo":{"@type":"ImageObject","inLanguage":"de","@id":"https:\/\/madabouthorror.co.uk\/#\/schema\/logo\/image\/","url":"https:\/\/madabouthorror.co.uk\/wp-content\/uploads\/2024\/02\/cropped-Logo.png","contentUrl":"https:\/\/madabouthorror.co.uk\/wp-content\/uploads\/2024\/02\/cropped-Logo.png","width":240,"height":88,"caption":"Mad About Horror"},"image":{"@id":"https:\/\/madabouthorror.co.uk\/#\/schema\/logo\/image\/"},"sameAs":["https:\/\/www.facebook.com\/madabouthorror\/","https:\/\/www.instagram.com\/madabouthorror\/","https:\/\/www.pinterest.co.uk\/madabouthorror\/","https:\/\/www.youtube.com\/channel\/UCBooLOIxjoQ89dj6T5lWm_w","https:\/\/www.tiktok.com\/@weremadabouthorror"]}]}},"df_price":24.95,"df_sale_price":"","df_regular_price":24.95,"df_image_link":"https:\/\/madabouthorror.co.uk\/wp-content\/uploads\/2021\/02\/haunt_zombie_mask_trick_or_treat_studios-300x300.jpg","_links":{"self":[{"href":"https:\/\/madabouthorror.co.uk\/de\/wp-json\/wp\/v2\/product\/46966","targetHints":{"allow":["GET"]}}],"collection":[{"href":"https:\/\/madabouthorror.co.uk\/de\/wp-json\/wp\/v2\/product"}],"about":[{"href":"https:\/\/madabouthorror.co.uk\/de\/wp-json\/wp\/v2\/types\/product"}],"replies":[{"embeddable":true,"href":"https:\/\/madabouthorror.co.uk\/de\/wp-json\/wp\/v2\/comments?post=46966"}],"wp:featuredmedia":[{"embeddable":true,"href":"https:\/\/madabouthorror.co.uk\/de\/wp-json\/wp\/v2\/media\/46963"}],"wp:attachment":[{"href":"https:\/\/madabouthorror.co.uk\/de\/wp-json\/wp\/v2\/media?parent=46966"}],"wp:term":[{"taxonomy":"product_brand","embeddable":true,"href":"https:\/\/madabouthorror.co.uk\/de\/wp-json\/wp\/v2\/product_brand?post=46966"},{"taxonomy":"product_cat","embeddable":true,"href":"https:\/\/madabouthorror.co.uk\/de\/wp-json\/wp\/v2\/product_cat?post=46966"},{"taxonomy":"product_tag","embeddable":true,"href":"https:\/\/madabouthorror.co.uk\/de\/wp-json\/wp\/v2\/product_tag?post=46966"}],"curies":[{"name":"wp","href":"https:\/\/api.w.org\/{rel}","templated":true}]}}