{"id":46982,"date":"2021-02-02T15:54:56","date_gmt":"2021-02-02T15:54:56","guid":{"rendered":"https:\/\/mah.6bdv.ws\/product\/haunt-devil-mask-pre-order\/"},"modified":"2026-04-20T13:42:38","modified_gmt":"2026-04-20T12:42:38","slug":"haunt-devil-mask","status":"publish","type":"product","link":"https:\/\/madabouthorror.co.uk\/de\/product\/haunt-devil-mask\/","title":{"rendered":"Haunt - Teufelsmaske"},"content":{"rendered":"<h4>Haunt - Teufelsmaske<\/h4>\n<p>Entwickelt von den Screen Used Masters<\/p>\n<p>Trick or Treat Studios und eOne Features LLC sind stolz, die offiziell lizenzierte Haunt Devil Maske zu pr\u00e4sentieren.<\/p>\n<p>An Halloween st\u00f6\u00dft eine Gruppe von Freunden auf ein extremes Spukhaus, das verspricht, ihre dunkelsten \u00c4ngste zu n\u00e4hren. Die Nacht wird t\u00f6dlich, als sie zu der erschreckenden Erkenntnis kommen, dass manche Albtr\u00e4ume real sind.<\/p>\n<p>Diese Maske wurde nach den Vorlagen der Leinwand entwickelt und im Spritzgussverfahren hergestellt. Sie ist identisch mit der Maske aus dem Horrorthriller \"Haunt\" von Eli Roth.<\/p>\n<p><em>Haunt: \u00a92021 eOne Features LLC, Alle Rechte vorbehalten.<\/em><\/p>","protected":false},"excerpt":{"rendered":"<p>Haunt - Devil Mask Developed From The Screen Used Masters Trick or Treat Studios und eOne Features LLC sind stolz, die offiziell lizenzierte Haunt Devil Mask zu pr\u00e4sentieren. An Halloween st\u00f6\u00dft eine Gruppe von Freunden auf ein extremes Spukhaus, das verspricht, ihre dunkelsten \u00c4ngste zu n\u00e4hren. Die Nacht wird t\u00f6dlich, als sie in das [...]<\/p>","protected":false},"featured_media":46979,"comment_status":"closed","ping_status":"closed","template":"","meta":{"_acf_changed":false},"product_brand":[],"product_cat":[6580,10038,9962,6541,6587,6792,6735],"product_tag":[],"class_list":{"0":"post-46982","1":"product","2":"type-product","3":"status-publish","4":"has-post-thumbnail","6":"product_cat-movie-tv","7":"product_cat-horror-gifts","8":"product_cat-trick-or-treat-studios-masks","9":"product_cat-masks","10":"product_cat-masks-devils-and-demons","11":"product_cat-trick-or-treat-studios","12":"product_cat-haunt","13":"product_shipping_class-small-parcel-economy-3-5-business-days","14":"pa_brand-trickortreatstudios","15":"pa_character-haunt","16":"pa_google_tax-ba-artsentertainmenthobbiescr","18":"first","19":"onbackorder","20":"taxable","21":"shipping-taxable","22":"purchasable","23":"product-type-simple"},"supplier_id":471029,"supplier_sku":"TTEO101","barcode":"811501036562","atum_controlled":true,"out_stock_date":"2026-03-29 11:06:25","out_stock_threshold":null,"inheritable":false,"inbound_stock":4,"stock_on_hold":0,"sold_today":0,"sales_last_days":0,"reserved_stock":0,"customer_returns":0,"warehouse_damage":0,"lost_in_post":0,"other_logs":0,"out_stock_days":22,"lost_sales":0,"has_location":false,"update_date":"2026-04-21T01:56:05","atum_locations":[],"atum_stock_status":"onbackorder","restock_status":false,"low_stock_amount":5,"sales_update_date":"2026-04-21T01:56:04","calc_backorders":0,"acf":[],"yoast_head":"<!-- This site is optimized with the Yoast SEO plugin v27.4 - https:\/\/yoast.com\/product\/yoast-seo-wordpress\/ -->\n<title>Haunt - Devil Mask - Mad About Horror<\/title>\n<meta name=\"description\" content=\"Haunt - Devil Mask - PRE ORDER from the UK&#039;s leading Trick or Treat Studios stockist.\" \/>\n<meta name=\"robots\" content=\"index, follow, max-snippet:-1, max-image-preview:large, max-video-preview:-1\" \/>\n<link rel=\"canonical\" href=\"https:\/\/madabouthorror.co.uk\/de\/product\/haunt-devil-mask\/\" \/>\n<meta property=\"og:locale\" content=\"de_DE\" \/>\n<meta property=\"og:type\" content=\"article\" \/>\n<meta property=\"og:title\" content=\"Haunt - Devil Mask - Mad About Horror\" \/>\n<meta property=\"og:description\" content=\"Haunt - Devil Mask - PRE ORDER from the UK&#039;s leading Trick or Treat Studios stockist.\" \/>\n<meta property=\"og:url\" content=\"https:\/\/madabouthorror.co.uk\/de\/product\/haunt-devil-mask\/\" \/>\n<meta property=\"og:site_name\" content=\"Mad About Horror\" \/>\n<meta property=\"article:publisher\" content=\"https:\/\/www.facebook.com\/madabouthorror\/\" \/>\n<meta property=\"article:modified_time\" content=\"2026-04-20T12:42:38+00:00\" \/>\n<meta property=\"og:image\" content=\"https:\/\/madabouthorror.co.uk\/wp-content\/uploads\/2021\/02\/tots_haunt_devil_mask.jpg\" \/>\n\t<meta property=\"og:image:width\" content=\"650\" \/>\n\t<meta property=\"og:image:height\" content=\"650\" \/>\n\t<meta property=\"og:image:type\" content=\"image\/jpeg\" \/>\n<meta name=\"twitter:card\" content=\"summary_large_image\" \/>\n<meta name=\"twitter:label1\" content=\"Gesch\u00e4tzte Lesezeit\" \/>\n\t<meta name=\"twitter:data1\" content=\"1\u00a0Minute\" \/>\n<script type=\"application\/ld+json\" class=\"yoast-schema-graph\">{\"@context\":\"https:\\\/\\\/schema.org\",\"@graph\":[{\"@type\":[\"WebPage\",\"ItemPage\"],\"@id\":\"https:\\\/\\\/madabouthorror.co.uk\\\/product\\\/haunt-devil-mask\\\/\",\"url\":\"https:\\\/\\\/madabouthorror.co.uk\\\/product\\\/haunt-devil-mask\\\/\",\"name\":\"Haunt - Devil Mask - Mad About Horror\",\"isPartOf\":{\"@id\":\"https:\\\/\\\/madabouthorror.co.uk\\\/#website\"},\"primaryImageOfPage\":{\"@id\":\"https:\\\/\\\/madabouthorror.co.uk\\\/product\\\/haunt-devil-mask\\\/#primaryimage\"},\"image\":{\"@id\":\"https:\\\/\\\/madabouthorror.co.uk\\\/product\\\/haunt-devil-mask\\\/#primaryimage\"},\"thumbnailUrl\":\"https:\\\/\\\/madabouthorror.co.uk\\\/wp-content\\\/uploads\\\/2021\\\/02\\\/tots_haunt_devil_mask.jpg\",\"datePublished\":\"2021-02-02T15:54:56+00:00\",\"dateModified\":\"2026-04-20T12:42:38+00:00\",\"description\":\"Haunt - Devil Mask - PRE ORDER from the UK's leading Trick or Treat Studios stockist.\",\"breadcrumb\":{\"@id\":\"https:\\\/\\\/madabouthorror.co.uk\\\/product\\\/haunt-devil-mask\\\/#breadcrumb\"},\"inLanguage\":\"de\",\"potentialAction\":[{\"@type\":\"ReadAction\",\"target\":[\"https:\\\/\\\/madabouthorror.co.uk\\\/product\\\/haunt-devil-mask\\\/\"]}]},{\"@type\":\"ImageObject\",\"inLanguage\":\"de\",\"@id\":\"https:\\\/\\\/madabouthorror.co.uk\\\/product\\\/haunt-devil-mask\\\/#primaryimage\",\"url\":\"https:\\\/\\\/madabouthorror.co.uk\\\/wp-content\\\/uploads\\\/2021\\\/02\\\/tots_haunt_devil_mask.jpg\",\"contentUrl\":\"https:\\\/\\\/madabouthorror.co.uk\\\/wp-content\\\/uploads\\\/2021\\\/02\\\/tots_haunt_devil_mask.jpg\",\"width\":650,\"height\":650,\"caption\":\"Haunt - Devil Mask-0\"},{\"@type\":\"BreadcrumbList\",\"@id\":\"https:\\\/\\\/madabouthorror.co.uk\\\/product\\\/haunt-devil-mask\\\/#breadcrumb\",\"itemListElement\":[{\"@type\":\"ListItem\",\"position\":1,\"name\":\"Shop\",\"item\":\"https:\\\/\\\/madabouthorror.co.uk\\\/shop\\\/\"},{\"@type\":\"ListItem\",\"position\":2,\"name\":\"Haunt &#8211; Devil Mask\"}]},{\"@type\":\"WebSite\",\"@id\":\"https:\\\/\\\/madabouthorror.co.uk\\\/#website\",\"url\":\"https:\\\/\\\/madabouthorror.co.uk\\\/\",\"name\":\"Mad About Horror\",\"description\":\"\",\"publisher\":{\"@id\":\"https:\\\/\\\/madabouthorror.co.uk\\\/#organization\"},\"alternateName\":\"Mad About Horror Limited\",\"potentialAction\":[{\"@type\":\"SearchAction\",\"target\":{\"@type\":\"EntryPoint\",\"urlTemplate\":\"https:\\\/\\\/madabouthorror.co.uk\\\/?s={search_term_string}\"},\"query-input\":{\"@type\":\"PropertyValueSpecification\",\"valueRequired\":true,\"valueName\":\"search_term_string\"}}],\"inLanguage\":\"de\"},{\"@type\":\"Organization\",\"@id\":\"https:\\\/\\\/madabouthorror.co.uk\\\/#organization\",\"name\":\"Mad About Horror\",\"url\":\"https:\\\/\\\/madabouthorror.co.uk\\\/\",\"logo\":{\"@type\":\"ImageObject\",\"inLanguage\":\"de\",\"@id\":\"https:\\\/\\\/madabouthorror.co.uk\\\/#\\\/schema\\\/logo\\\/image\\\/\",\"url\":\"https:\\\/\\\/madabouthorror.co.uk\\\/wp-content\\\/uploads\\\/2024\\\/02\\\/cropped-Logo.png\",\"contentUrl\":\"https:\\\/\\\/madabouthorror.co.uk\\\/wp-content\\\/uploads\\\/2024\\\/02\\\/cropped-Logo.png\",\"width\":240,\"height\":88,\"caption\":\"Mad About Horror\"},\"image\":{\"@id\":\"https:\\\/\\\/madabouthorror.co.uk\\\/#\\\/schema\\\/logo\\\/image\\\/\"},\"sameAs\":[\"https:\\\/\\\/www.facebook.com\\\/madabouthorror\\\/\",\"https:\\\/\\\/www.instagram.com\\\/madabouthorror\\\/\",\"https:\\\/\\\/www.pinterest.co.uk\\\/madabouthorror\\\/\",\"https:\\\/\\\/www.youtube.com\\\/channel\\\/UCBooLOIxjoQ89dj6T5lWm_w\",\"https:\\\/\\\/www.tiktok.com\\\/@weremadabouthorror\"]}]}<\/script>\n<!-- \/ Yoast SEO plugin. -->","yoast_head_json":{"title":"Haunt - Teufelsmaske - Mad About Horror","description":"Haunt - Teufelsmaske - VOR BESTELLUNG bei Gro\u00dfbritanniens f\u00fchrendem H\u00e4ndler f\u00fcr Trick or Treat Studios.","robots":{"index":"index","follow":"follow","max-snippet":"max-snippet:-1","max-image-preview":"max-image-preview:large","max-video-preview":"max-video-preview:-1"},"canonical":"https:\/\/madabouthorror.co.uk\/de\/product\/haunt-devil-mask\/","og_locale":"de_DE","og_type":"article","og_title":"Haunt - Devil Mask - Mad About Horror","og_description":"Haunt - Devil Mask - PRE ORDER from the UK's leading Trick or Treat Studios stockist.","og_url":"https:\/\/madabouthorror.co.uk\/de\/product\/haunt-devil-mask\/","og_site_name":"Mad About Horror","article_publisher":"https:\/\/www.facebook.com\/madabouthorror\/","article_modified_time":"2026-04-20T12:42:38+00:00","og_image":[{"width":650,"height":650,"url":"https:\/\/madabouthorror.co.uk\/wp-content\/uploads\/2021\/02\/tots_haunt_devil_mask.jpg","type":"image\/jpeg"}],"twitter_card":"summary_large_image","twitter_misc":{"Gesch\u00e4tzte Lesezeit":"1\u00a0Minute"},"schema":{"@context":"https:\/\/schema.org","@graph":[{"@type":["WebPage","ItemPage"],"@id":"https:\/\/madabouthorror.co.uk\/product\/haunt-devil-mask\/","url":"https:\/\/madabouthorror.co.uk\/product\/haunt-devil-mask\/","name":"Haunt - Teufelsmaske - Mad About Horror","isPartOf":{"@id":"https:\/\/madabouthorror.co.uk\/#website"},"primaryImageOfPage":{"@id":"https:\/\/madabouthorror.co.uk\/product\/haunt-devil-mask\/#primaryimage"},"image":{"@id":"https:\/\/madabouthorror.co.uk\/product\/haunt-devil-mask\/#primaryimage"},"thumbnailUrl":"https:\/\/madabouthorror.co.uk\/wp-content\/uploads\/2021\/02\/tots_haunt_devil_mask.jpg","datePublished":"2021-02-02T15:54:56+00:00","dateModified":"2026-04-20T12:42:38+00:00","description":"Haunt - Teufelsmaske - VOR BESTELLUNG bei Gro\u00dfbritanniens f\u00fchrendem H\u00e4ndler f\u00fcr Trick or Treat Studios.","breadcrumb":{"@id":"https:\/\/madabouthorror.co.uk\/product\/haunt-devil-mask\/#breadcrumb"},"inLanguage":"de","potentialAction":[{"@type":"ReadAction","target":["https:\/\/madabouthorror.co.uk\/product\/haunt-devil-mask\/"]}]},{"@type":"ImageObject","inLanguage":"de","@id":"https:\/\/madabouthorror.co.uk\/product\/haunt-devil-mask\/#primaryimage","url":"https:\/\/madabouthorror.co.uk\/wp-content\/uploads\/2021\/02\/tots_haunt_devil_mask.jpg","contentUrl":"https:\/\/madabouthorror.co.uk\/wp-content\/uploads\/2021\/02\/tots_haunt_devil_mask.jpg","width":650,"height":650,"caption":"Haunt - Devil Mask-0"},{"@type":"BreadcrumbList","@id":"https:\/\/madabouthorror.co.uk\/product\/haunt-devil-mask\/#breadcrumb","itemListElement":[{"@type":"ListItem","position":1,"name":"Shop","item":"https:\/\/madabouthorror.co.uk\/shop\/"},{"@type":"ListItem","position":2,"name":"Haunt &#8211; Devil Mask"}]},{"@type":"WebSite","@id":"https:\/\/madabouthorror.co.uk\/#website","url":"https:\/\/madabouthorror.co.uk\/","name":"Verr\u00fcckt nach Horror","description":"","publisher":{"@id":"https:\/\/madabouthorror.co.uk\/#organization"},"alternateName":"Mad About Horror Limited","potentialAction":[{"@type":"SearchAction","target":{"@type":"EntryPoint","urlTemplate":"https:\/\/madabouthorror.co.uk\/?s={search_term_string}"},"query-input":{"@type":"PropertyValueSpecification","valueRequired":true,"valueName":"search_term_string"}}],"inLanguage":"de"},{"@type":"Organization","@id":"https:\/\/madabouthorror.co.uk\/#organization","name":"Verr\u00fcckt nach Horror","url":"https:\/\/madabouthorror.co.uk\/","logo":{"@type":"ImageObject","inLanguage":"de","@id":"https:\/\/madabouthorror.co.uk\/#\/schema\/logo\/image\/","url":"https:\/\/madabouthorror.co.uk\/wp-content\/uploads\/2024\/02\/cropped-Logo.png","contentUrl":"https:\/\/madabouthorror.co.uk\/wp-content\/uploads\/2024\/02\/cropped-Logo.png","width":240,"height":88,"caption":"Mad About Horror"},"image":{"@id":"https:\/\/madabouthorror.co.uk\/#\/schema\/logo\/image\/"},"sameAs":["https:\/\/www.facebook.com\/madabouthorror\/","https:\/\/www.instagram.com\/madabouthorror\/","https:\/\/www.pinterest.co.uk\/madabouthorror\/","https:\/\/www.youtube.com\/channel\/UCBooLOIxjoQ89dj6T5lWm_w","https:\/\/www.tiktok.com\/@weremadabouthorror"]}]}},"df_price":25.99,"df_sale_price":"","df_regular_price":25.99,"df_image_link":"https:\/\/madabouthorror.co.uk\/wp-content\/uploads\/2021\/02\/tots_haunt_devil_mask-300x300.jpg","_links":{"self":[{"href":"https:\/\/madabouthorror.co.uk\/de\/wp-json\/wp\/v2\/product\/46982","targetHints":{"allow":["GET"]}}],"collection":[{"href":"https:\/\/madabouthorror.co.uk\/de\/wp-json\/wp\/v2\/product"}],"about":[{"href":"https:\/\/madabouthorror.co.uk\/de\/wp-json\/wp\/v2\/types\/product"}],"replies":[{"embeddable":true,"href":"https:\/\/madabouthorror.co.uk\/de\/wp-json\/wp\/v2\/comments?post=46982"}],"wp:featuredmedia":[{"embeddable":true,"href":"https:\/\/madabouthorror.co.uk\/de\/wp-json\/wp\/v2\/media\/46979"}],"wp:attachment":[{"href":"https:\/\/madabouthorror.co.uk\/de\/wp-json\/wp\/v2\/media?parent=46982"}],"wp:term":[{"taxonomy":"product_brand","embeddable":true,"href":"https:\/\/madabouthorror.co.uk\/de\/wp-json\/wp\/v2\/product_brand?post=46982"},{"taxonomy":"product_cat","embeddable":true,"href":"https:\/\/madabouthorror.co.uk\/de\/wp-json\/wp\/v2\/product_cat?post=46982"},{"taxonomy":"product_tag","embeddable":true,"href":"https:\/\/madabouthorror.co.uk\/de\/wp-json\/wp\/v2\/product_tag?post=46982"}],"curies":[{"name":"wp","href":"https:\/\/api.w.org\/{rel}","templated":true}]}}