{"id":470828,"date":"2024-01-08T14:14:56","date_gmt":"2024-01-08T14:14:56","guid":{"rendered":"https:\/\/madabouthorror.co.uk\/?post_type=product&#038;p=470828"},"modified":"2026-04-20T14:53:58","modified_gmt":"2026-04-20T13:53:58","slug":"the-exorcist-regan-deluxe-injection-mask","status":"publish","type":"product","link":"https:\/\/madabouthorror.co.uk\/de\/product\/the-exorcist-regan-deluxe-injection-mask\/","title":{"rendered":"Der Exorzist - Regan Deluxe Injektionsmaske"},"content":{"rendered":"<div class=\"description rte section cf not-in-quickbuy\">\n<p>Treten Sie ein in die erschreckende Welt von Der Exorzist mit der offiziell lizenzierten Regan Deluxe Injection Mask von Trick or Treat Studios. Diese Gesichtsmaske aus Hartplastik ist f\u00fcr einen bequemen Sitz konzipiert und verf\u00fcgt \u00fcber ein elastisches Band f\u00fcr sicheren Halt.<\/p>\n<p>Um die Verwandlung zu vollenden, wird eine vollst\u00e4ndige Per\u00fccke angebracht, die die Essenz der besessenen Regan in all ihrer schrecklichen Herrlichkeit perfekt einf\u00e4ngt. Diese von Justin Mabry gestaltete Maske ist ein Muss f\u00fcr Fans des Kult-Horror-Klassikers.<\/p>\n<p><strong>Einzelheiten:<\/strong><\/p>\n<\/div>\n<div class=\"rte cf light-inner-row not-in-quickbuy\">\n<ul>\n<li>Ungef\u00e4hr 9\u2033 hoch &amp; 8\u2033 breit<\/li>\n<li>Deluxe Injektionsmaske<\/li>\n<li>Voll-Per\u00fccke befestigt<\/li>\n<\/ul>\n<\/div>","protected":false},"excerpt":{"rendered":"<p>Treten Sie ein in die erschreckende Welt von Der Exorzist mit der offiziell lizenzierten Regan Deluxe Injection Mask von Trick or Treat Studios. Diese Gesichtsmaske aus Hartplastik ist f\u00fcr einen bequemen Sitz konzipiert und verf\u00fcgt \u00fcber ein elastisches Band f\u00fcr sicheren Halt. Um die Verwandlung zu vervollst\u00e4ndigen, ist eine vollst\u00e4ndige Per\u00fccke angebracht, die die Essenz der besessenen Regan perfekt einf\u00e4ngt [\u2026]<\/p>","protected":false},"featured_media":475836,"comment_status":"closed","ping_status":"closed","template":"","meta":{"_acf_changed":false},"product_brand":[],"product_cat":[6580,10041,10038,9962,6541,6587,6608,6792,6704],"product_tag":[],"class_list":{"0":"post-470828","1":"product","2":"type-product","3":"status-publish","4":"has-post-thumbnail","6":"product_cat-movie-tv","7":"product_cat-gifts-under-50","8":"product_cat-horror-gifts","9":"product_cat-trick-or-treat-studios-masks","10":"product_cat-masks","11":"product_cat-masks-devils-and-demons","12":"product_cat-masks-pre-orders","13":"product_cat-trick-or-treat-studios","14":"product_cat-theexorcist","15":"product_shipping_class-small-parcel-economy-3-5-business-days","17":"first","18":"outofstock","19":"taxable","20":"shipping-taxable","21":"purchasable","22":"product-type-simple"},"supplier_id":471030,"supplier_sku":"TTWB142","barcode":"810116280681","atum_controlled":true,"out_stock_date":"2026-02-27 15:51:24","out_stock_threshold":null,"inheritable":false,"inbound_stock":21,"stock_on_hold":0,"sold_today":0,"sales_last_days":0,"reserved_stock":0,"customer_returns":0,"warehouse_damage":0,"lost_in_post":0,"other_logs":0,"out_stock_days":61,"lost_sales":835,"has_location":false,"update_date":"2026-05-01T12:08:08","atum_locations":[],"atum_stock_status":"outofstock","restock_status":false,"low_stock_amount":12,"sales_update_date":null,"calc_backorders":null,"acf":[],"yoast_head":"<!-- This site is optimized with the Yoast SEO plugin v27.5 - https:\/\/yoast.com\/product\/yoast-seo-wordpress\/ -->\n<title>The Exorcist - Regan Deluxe Injection Mask | Mad About Horror<\/title>\n<meta name=\"description\" content=\"Officially licensed Regan Injection Mask from Trick or Treat Studios. IN STOCK now available at Mad About Horror, Europe&#039;s leading Horror specialist.\" \/>\n<meta name=\"robots\" content=\"index, follow, max-snippet:-1, max-image-preview:large, max-video-preview:-1\" \/>\n<link rel=\"canonical\" href=\"https:\/\/madabouthorror.co.uk\/de\/product\/the-exorcist-regan-deluxe-injection-mask\/\" \/>\n<meta property=\"og:locale\" content=\"de_DE\" \/>\n<meta property=\"og:type\" content=\"article\" \/>\n<meta property=\"og:title\" content=\"The Exorcist - Regan Deluxe Injection Mask | Mad About Horror\" \/>\n<meta property=\"og:description\" content=\"Officially licensed Regan Injection Mask from Trick or Treat Studios. IN STOCK now available at Mad About Horror, Europe&#039;s leading Horror specialist.\" \/>\n<meta property=\"og:url\" content=\"https:\/\/madabouthorror.co.uk\/de\/product\/the-exorcist-regan-deluxe-injection-mask\/\" \/>\n<meta property=\"og:site_name\" content=\"Mad About Horror\" \/>\n<meta property=\"article:publisher\" content=\"https:\/\/www.facebook.com\/madabouthorror\/\" \/>\n<meta property=\"article:modified_time\" content=\"2026-04-20T13:53:58+00:00\" \/>\n<meta property=\"og:image\" content=\"https:\/\/madabouthorror.co.uk\/wp-content\/uploads\/2024\/01\/1-1.jpeg\" \/>\n\t<meta property=\"og:image:width\" content=\"720\" \/>\n\t<meta property=\"og:image:height\" content=\"720\" \/>\n\t<meta property=\"og:image:type\" content=\"image\/jpeg\" \/>\n<meta name=\"twitter:card\" content=\"summary_large_image\" \/>\n<meta name=\"twitter:label1\" content=\"Gesch\u00e4tzte Lesezeit\" \/>\n\t<meta name=\"twitter:data1\" content=\"1\u00a0Minute\" \/>\n<script type=\"application\/ld+json\" class=\"yoast-schema-graph\">{\"@context\":\"https:\\\/\\\/schema.org\",\"@graph\":[{\"@type\":[\"WebPage\",\"ItemPage\"],\"@id\":\"https:\\\/\\\/madabouthorror.co.uk\\\/product\\\/the-exorcist-regan-deluxe-injection-mask\\\/\",\"url\":\"https:\\\/\\\/madabouthorror.co.uk\\\/product\\\/the-exorcist-regan-deluxe-injection-mask\\\/\",\"name\":\"The Exorcist - Regan Deluxe Injection Mask | Mad About Horror\",\"isPartOf\":{\"@id\":\"https:\\\/\\\/madabouthorror.co.uk\\\/#website\"},\"primaryImageOfPage\":{\"@id\":\"https:\\\/\\\/madabouthorror.co.uk\\\/product\\\/the-exorcist-regan-deluxe-injection-mask\\\/#primaryimage\"},\"image\":{\"@id\":\"https:\\\/\\\/madabouthorror.co.uk\\\/product\\\/the-exorcist-regan-deluxe-injection-mask\\\/#primaryimage\"},\"thumbnailUrl\":\"https:\\\/\\\/madabouthorror.co.uk\\\/wp-content\\\/uploads\\\/2024\\\/01\\\/1-1.jpeg\",\"datePublished\":\"2024-01-08T14:14:56+00:00\",\"dateModified\":\"2026-04-20T13:53:58+00:00\",\"description\":\"Officially licensed Regan Injection Mask from Trick or Treat Studios. IN STOCK now available at Mad About Horror, Europe's leading Horror specialist.\",\"breadcrumb\":{\"@id\":\"https:\\\/\\\/madabouthorror.co.uk\\\/product\\\/the-exorcist-regan-deluxe-injection-mask\\\/#breadcrumb\"},\"inLanguage\":\"de\",\"potentialAction\":[{\"@type\":\"ReadAction\",\"target\":[\"https:\\\/\\\/madabouthorror.co.uk\\\/product\\\/the-exorcist-regan-deluxe-injection-mask\\\/\"]}]},{\"@type\":\"ImageObject\",\"inLanguage\":\"de\",\"@id\":\"https:\\\/\\\/madabouthorror.co.uk\\\/product\\\/the-exorcist-regan-deluxe-injection-mask\\\/#primaryimage\",\"url\":\"https:\\\/\\\/madabouthorror.co.uk\\\/wp-content\\\/uploads\\\/2024\\\/01\\\/1-1.jpeg\",\"contentUrl\":\"https:\\\/\\\/madabouthorror.co.uk\\\/wp-content\\\/uploads\\\/2024\\\/01\\\/1-1.jpeg\",\"width\":720,\"height\":720},{\"@type\":\"BreadcrumbList\",\"@id\":\"https:\\\/\\\/madabouthorror.co.uk\\\/product\\\/the-exorcist-regan-deluxe-injection-mask\\\/#breadcrumb\",\"itemListElement\":[{\"@type\":\"ListItem\",\"position\":1,\"name\":\"Shop\",\"item\":\"https:\\\/\\\/madabouthorror.co.uk\\\/shop\\\/\"},{\"@type\":\"ListItem\",\"position\":2,\"name\":\"The Exorcist &#8211; Regan Deluxe Injection Mask\"}]},{\"@type\":\"WebSite\",\"@id\":\"https:\\\/\\\/madabouthorror.co.uk\\\/#website\",\"url\":\"https:\\\/\\\/madabouthorror.co.uk\\\/\",\"name\":\"Mad About Horror\",\"description\":\"\",\"publisher\":{\"@id\":\"https:\\\/\\\/madabouthorror.co.uk\\\/#organization\"},\"alternateName\":\"Mad About Horror Limited\",\"potentialAction\":[{\"@type\":\"SearchAction\",\"target\":{\"@type\":\"EntryPoint\",\"urlTemplate\":\"https:\\\/\\\/madabouthorror.co.uk\\\/?s={search_term_string}\"},\"query-input\":{\"@type\":\"PropertyValueSpecification\",\"valueRequired\":true,\"valueName\":\"search_term_string\"}}],\"inLanguage\":\"de\"},{\"@type\":\"Organization\",\"@id\":\"https:\\\/\\\/madabouthorror.co.uk\\\/#organization\",\"name\":\"Mad About Horror\",\"url\":\"https:\\\/\\\/madabouthorror.co.uk\\\/\",\"logo\":{\"@type\":\"ImageObject\",\"inLanguage\":\"de\",\"@id\":\"https:\\\/\\\/madabouthorror.co.uk\\\/#\\\/schema\\\/logo\\\/image\\\/\",\"url\":\"https:\\\/\\\/madabouthorror.co.uk\\\/wp-content\\\/uploads\\\/2024\\\/02\\\/cropped-Logo.png\",\"contentUrl\":\"https:\\\/\\\/madabouthorror.co.uk\\\/wp-content\\\/uploads\\\/2024\\\/02\\\/cropped-Logo.png\",\"width\":240,\"height\":88,\"caption\":\"Mad About Horror\"},\"image\":{\"@id\":\"https:\\\/\\\/madabouthorror.co.uk\\\/#\\\/schema\\\/logo\\\/image\\\/\"},\"sameAs\":[\"https:\\\/\\\/www.facebook.com\\\/madabouthorror\\\/\",\"https:\\\/\\\/www.instagram.com\\\/madabouthorror\\\/\",\"https:\\\/\\\/www.pinterest.co.uk\\\/madabouthorror\\\/\",\"https:\\\/\\\/www.youtube.com\\\/channel\\\/UCBooLOIxjoQ89dj6T5lWm_w\",\"https:\\\/\\\/www.tiktok.com\\\/@weremadabouthorror\"]}]}<\/script>\n<!-- \/ Yoast SEO plugin. -->","yoast_head_json":{"title":"Der Exorzist - Regan Deluxe Injektionsmaske | Mad About Horror","description":"Offiziell lizenzierte Regan-Injektionsmaske von Trick or Treat Studios. Jetzt auf Lager erh\u00e4ltlich bei Mad About Horror, Europas f\u00fchrendem Horror-Spezialisten.","robots":{"index":"index","follow":"follow","max-snippet":"max-snippet:-1","max-image-preview":"max-image-preview:large","max-video-preview":"max-video-preview:-1"},"canonical":"https:\/\/madabouthorror.co.uk\/de\/product\/the-exorcist-regan-deluxe-injection-mask\/","og_locale":"de_DE","og_type":"article","og_title":"The Exorcist - Regan Deluxe Injection Mask | Mad About Horror","og_description":"Officially licensed Regan Injection Mask from Trick or Treat Studios. IN STOCK now available at Mad About Horror, Europe's leading Horror specialist.","og_url":"https:\/\/madabouthorror.co.uk\/de\/product\/the-exorcist-regan-deluxe-injection-mask\/","og_site_name":"Mad About Horror","article_publisher":"https:\/\/www.facebook.com\/madabouthorror\/","article_modified_time":"2026-04-20T13:53:58+00:00","og_image":[{"width":720,"height":720,"url":"https:\/\/madabouthorror.co.uk\/wp-content\/uploads\/2024\/01\/1-1.jpeg","type":"image\/jpeg"}],"twitter_card":"summary_large_image","twitter_misc":{"Gesch\u00e4tzte Lesezeit":"1\u00a0Minute"},"schema":{"@context":"https:\/\/schema.org","@graph":[{"@type":["WebPage","ItemPage"],"@id":"https:\/\/madabouthorror.co.uk\/product\/the-exorcist-regan-deluxe-injection-mask\/","url":"https:\/\/madabouthorror.co.uk\/product\/the-exorcist-regan-deluxe-injection-mask\/","name":"Der Exorzist - Regan Deluxe Injektionsmaske | Mad About Horror","isPartOf":{"@id":"https:\/\/madabouthorror.co.uk\/#website"},"primaryImageOfPage":{"@id":"https:\/\/madabouthorror.co.uk\/product\/the-exorcist-regan-deluxe-injection-mask\/#primaryimage"},"image":{"@id":"https:\/\/madabouthorror.co.uk\/product\/the-exorcist-regan-deluxe-injection-mask\/#primaryimage"},"thumbnailUrl":"https:\/\/madabouthorror.co.uk\/wp-content\/uploads\/2024\/01\/1-1.jpeg","datePublished":"2024-01-08T14:14:56+00:00","dateModified":"2026-04-20T13:53:58+00:00","description":"Offiziell lizenzierte Regan-Injektionsmaske von Trick or Treat Studios. Jetzt auf Lager erh\u00e4ltlich bei Mad About Horror, Europas f\u00fchrendem Horror-Spezialisten.","breadcrumb":{"@id":"https:\/\/madabouthorror.co.uk\/product\/the-exorcist-regan-deluxe-injection-mask\/#breadcrumb"},"inLanguage":"de","potentialAction":[{"@type":"ReadAction","target":["https:\/\/madabouthorror.co.uk\/product\/the-exorcist-regan-deluxe-injection-mask\/"]}]},{"@type":"ImageObject","inLanguage":"de","@id":"https:\/\/madabouthorror.co.uk\/product\/the-exorcist-regan-deluxe-injection-mask\/#primaryimage","url":"https:\/\/madabouthorror.co.uk\/wp-content\/uploads\/2024\/01\/1-1.jpeg","contentUrl":"https:\/\/madabouthorror.co.uk\/wp-content\/uploads\/2024\/01\/1-1.jpeg","width":720,"height":720},{"@type":"BreadcrumbList","@id":"https:\/\/madabouthorror.co.uk\/product\/the-exorcist-regan-deluxe-injection-mask\/#breadcrumb","itemListElement":[{"@type":"ListItem","position":1,"name":"Shop","item":"https:\/\/madabouthorror.co.uk\/shop\/"},{"@type":"ListItem","position":2,"name":"The Exorcist &#8211; Regan Deluxe Injection Mask"}]},{"@type":"WebSite","@id":"https:\/\/madabouthorror.co.uk\/#website","url":"https:\/\/madabouthorror.co.uk\/","name":"Verr\u00fcckt nach Horror","description":"","publisher":{"@id":"https:\/\/madabouthorror.co.uk\/#organization"},"alternateName":"Mad About Horror Limited","potentialAction":[{"@type":"SearchAction","target":{"@type":"EntryPoint","urlTemplate":"https:\/\/madabouthorror.co.uk\/?s={search_term_string}"},"query-input":{"@type":"PropertyValueSpecification","valueRequired":true,"valueName":"search_term_string"}}],"inLanguage":"de"},{"@type":"Organization","@id":"https:\/\/madabouthorror.co.uk\/#organization","name":"Verr\u00fcckt nach Horror","url":"https:\/\/madabouthorror.co.uk\/","logo":{"@type":"ImageObject","inLanguage":"de","@id":"https:\/\/madabouthorror.co.uk\/#\/schema\/logo\/image\/","url":"https:\/\/madabouthorror.co.uk\/wp-content\/uploads\/2024\/02\/cropped-Logo.png","contentUrl":"https:\/\/madabouthorror.co.uk\/wp-content\/uploads\/2024\/02\/cropped-Logo.png","width":240,"height":88,"caption":"Mad About Horror"},"image":{"@id":"https:\/\/madabouthorror.co.uk\/#\/schema\/logo\/image\/"},"sameAs":["https:\/\/www.facebook.com\/madabouthorror\/","https:\/\/www.instagram.com\/madabouthorror\/","https:\/\/www.pinterest.co.uk\/madabouthorror\/","https:\/\/www.youtube.com\/channel\/UCBooLOIxjoQ89dj6T5lWm_w","https:\/\/www.tiktok.com\/@weremadabouthorror"]}]}},"df_price":47.95,"df_sale_price":"","df_regular_price":47.95,"df_image_link":"https:\/\/madabouthorror.co.uk\/wp-content\/uploads\/2024\/01\/1-1-300x300.jpeg","_links":{"self":[{"href":"https:\/\/madabouthorror.co.uk\/de\/wp-json\/wp\/v2\/product\/470828","targetHints":{"allow":["GET"]}}],"collection":[{"href":"https:\/\/madabouthorror.co.uk\/de\/wp-json\/wp\/v2\/product"}],"about":[{"href":"https:\/\/madabouthorror.co.uk\/de\/wp-json\/wp\/v2\/types\/product"}],"replies":[{"embeddable":true,"href":"https:\/\/madabouthorror.co.uk\/de\/wp-json\/wp\/v2\/comments?post=470828"}],"wp:featuredmedia":[{"embeddable":true,"href":"https:\/\/madabouthorror.co.uk\/de\/wp-json\/wp\/v2\/media\/475836"}],"wp:attachment":[{"href":"https:\/\/madabouthorror.co.uk\/de\/wp-json\/wp\/v2\/media?parent=470828"}],"wp:term":[{"taxonomy":"product_brand","embeddable":true,"href":"https:\/\/madabouthorror.co.uk\/de\/wp-json\/wp\/v2\/product_brand?post=470828"},{"taxonomy":"product_cat","embeddable":true,"href":"https:\/\/madabouthorror.co.uk\/de\/wp-json\/wp\/v2\/product_cat?post=470828"},{"taxonomy":"product_tag","embeddable":true,"href":"https:\/\/madabouthorror.co.uk\/de\/wp-json\/wp\/v2\/product_tag?post=470828"}],"curies":[{"name":"wp","href":"https:\/\/api.w.org\/{rel}","templated":true}]}}