{"id":47155,"date":"2021-02-16T16:31:13","date_gmt":"2021-02-16T16:31:13","guid":{"rendered":"https:\/\/mah.6bdv.ws\/product\/universal-monsters-dracula-medallion-pre-order\/"},"modified":"2026-04-02T09:34:46","modified_gmt":"2026-04-02T08:34:46","slug":"universal-monsters-dracula-medallion-pre-order","status":"publish","type":"product","link":"https:\/\/madabouthorror.co.uk\/de\/product\/universal-monsters-dracula-medallion-pre-order\/","title":{"rendered":"Universal Monsters Dracula Medaillon"},"content":{"rendered":"<p>Trick or Treat Studios und Universal Studios sind stolz darauf, das offizielle Universal Classic Monsters Dracula Medaillon zu pr\u00e4sentieren.<\/p>\n<p>Die feinen Details dieses Medaillons waren der Zeit zum Opfer gefallen - bis jetzt! Eingehende Recherchen \u00fcber die Herstellung von Requisiten, die in den 1930er Jahren vom Studio verwendet wurden, sowie ein umfangreicher Abgleich von Film- und Standfotos erm\u00f6glichten dieses bildschirmgenaue Design.<\/p>\n<p>Das Medaillon ist aus Metall gefertigt und verf\u00fcgt \u00fcber ein hochwertiges Medaillonband f\u00fcr ein authentisches Aussehen und Gef\u00fchl. In einer Fensterbox verpackt, ist dieses Universal Monsters Medaillon ein Muss f\u00fcr jedes Kost\u00fcm oder jede Sammlung!<\/p>\n<p>Bestellen Sie Ihr Universal Monsters - Dracula Medaillon noch heute!<\/p>\n<p><em>Die Universal Monsters sind Warenzeichen und Urheberrechte der Universal Studios. Lizensiert durch Universal Studios. Alle Rechte vorbehalten.<\/em><\/p>","protected":false},"excerpt":{"rendered":"<p>Trick or Treat Studios und Universal Studios sind stolz darauf, das offizielle Universal Classic Monsters Dracula Medaillon zu pr\u00e4sentieren. Die feinen Details dieses Medaillons waren bis jetzt der Zeit verloren gegangen! Gr\u00fcndliche Nachforschungen \u00fcber die Herstellung von Requisiten, die in den 1930er Jahren vom Studio verwendet wurden, sowie ein umfangreicher Film- und Fotoabgleich erm\u00f6glichten es, dieses [...]<\/p>","protected":false},"featured_media":47153,"comment_status":"closed","ping_status":"closed","template":"","meta":{"_acf_changed":false},"product_brand":[],"product_cat":[10076,10041,6537,10038,6552,9967,9924,7090,6792,6717],"product_tag":[],"class_list":{"0":"post-47155","1":"product","2":"type-product","3":"status-publish","4":"has-post-thumbnail","6":"product_cat-replica-dolls-props","7":"product_cat-gifts-under-50","8":"product_cat-collectibles","9":"product_cat-horror-gifts","10":"product_cat-accessories","11":"product_cat-replica-props","12":"product_cat-trick-or-treat-studios-last-chance","13":"product_cat-dracula","14":"product_cat-trick-or-treat-studios","15":"product_cat-universalmonsters","16":"product_shipping_class-small-parcel-economy-3-5-business-days","18":"first","19":"instock","20":"taxable","21":"shipping-taxable","22":"purchasable","23":"product-type-simple"},"supplier_id":467429,"supplier_sku":"JEUS100","barcode":"811501035725","atum_controlled":true,"out_stock_date":null,"out_stock_threshold":null,"inheritable":false,"inbound_stock":0,"stock_on_hold":0,"sold_today":0,"sales_last_days":0,"reserved_stock":0,"customer_returns":0,"warehouse_damage":0,"lost_in_post":0,"other_logs":0,"out_stock_days":0,"lost_sales":0,"has_location":false,"update_date":"2026-04-05T01:24:35","atum_locations":[],"atum_stock_status":"instock","restock_status":false,"low_stock_amount":1,"sales_update_date":"2026-04-05T01:24:34","calc_backorders":null,"acf":[],"yoast_head":"<!-- This site is optimized with the Yoast SEO plugin v27.3 - https:\/\/yoast.com\/product\/yoast-seo-wordpress\/ -->\n<title>Dracula Medallion | Trick or Treat Studios<\/title>\n<meta name=\"description\" content=\"Officially licensed Universal Monsters Dracula Medallion. Horror collectibles and Halloween props available from Madabouthorror.\" \/>\n<meta name=\"robots\" content=\"index, follow, max-snippet:-1, max-image-preview:large, max-video-preview:-1\" \/>\n<link rel=\"canonical\" href=\"https:\/\/madabouthorror.co.uk\/de\/product\/universal-monsters-dracula-medallion-pre-order\/\" \/>\n<meta property=\"og:locale\" content=\"de_DE\" \/>\n<meta property=\"og:type\" content=\"article\" \/>\n<meta property=\"og:title\" content=\"Dracula Medallion | Trick or Treat Studios\" \/>\n<meta property=\"og:description\" content=\"Officially licensed Universal Monsters Dracula Medallion. Horror collectibles and Halloween props available from Madabouthorror.\" \/>\n<meta property=\"og:url\" content=\"https:\/\/madabouthorror.co.uk\/de\/product\/universal-monsters-dracula-medallion-pre-order\/\" \/>\n<meta property=\"og:site_name\" content=\"Mad About Horror\" \/>\n<meta property=\"article:publisher\" content=\"https:\/\/www.facebook.com\/madabouthorror\/\" \/>\n<meta property=\"article:modified_time\" content=\"2026-04-02T08:34:46+00:00\" \/>\n<meta property=\"og:image\" content=\"https:\/\/madabouthorror.co.uk\/wp-content\/uploads\/2021\/02\/tots_universal_monsters_dracula_medallion_1.jpg\" \/>\n\t<meta property=\"og:image:width\" content=\"670\" \/>\n\t<meta property=\"og:image:height\" content=\"670\" \/>\n\t<meta property=\"og:image:type\" content=\"image\/jpeg\" \/>\n<meta name=\"twitter:card\" content=\"summary_large_image\" \/>\n<meta name=\"twitter:label1\" content=\"Gesch\u00e4tzte Lesezeit\" \/>\n\t<meta name=\"twitter:data1\" content=\"1\u00a0Minute\" \/>\n<script type=\"application\/ld+json\" class=\"yoast-schema-graph\">{\"@context\":\"https:\\\/\\\/schema.org\",\"@graph\":[{\"@type\":[\"WebPage\",\"ItemPage\"],\"@id\":\"https:\\\/\\\/madabouthorror.co.uk\\\/product\\\/universal-monsters-dracula-medallion-pre-order\\\/\",\"url\":\"https:\\\/\\\/madabouthorror.co.uk\\\/product\\\/universal-monsters-dracula-medallion-pre-order\\\/\",\"name\":\"Dracula Medallion | Trick or Treat Studios\",\"isPartOf\":{\"@id\":\"https:\\\/\\\/madabouthorror.co.uk\\\/#website\"},\"primaryImageOfPage\":{\"@id\":\"https:\\\/\\\/madabouthorror.co.uk\\\/product\\\/universal-monsters-dracula-medallion-pre-order\\\/#primaryimage\"},\"image\":{\"@id\":\"https:\\\/\\\/madabouthorror.co.uk\\\/product\\\/universal-monsters-dracula-medallion-pre-order\\\/#primaryimage\"},\"thumbnailUrl\":\"https:\\\/\\\/madabouthorror.co.uk\\\/wp-content\\\/uploads\\\/2021\\\/02\\\/tots_universal_monsters_dracula_medallion_1.jpg\",\"datePublished\":\"2021-02-16T16:31:13+00:00\",\"dateModified\":\"2026-04-02T08:34:46+00:00\",\"description\":\"Officially licensed Universal Monsters Dracula Medallion. Horror collectibles and Halloween props available from Madabouthorror.\",\"breadcrumb\":{\"@id\":\"https:\\\/\\\/madabouthorror.co.uk\\\/product\\\/universal-monsters-dracula-medallion-pre-order\\\/#breadcrumb\"},\"inLanguage\":\"de\",\"potentialAction\":[{\"@type\":\"ReadAction\",\"target\":[\"https:\\\/\\\/madabouthorror.co.uk\\\/product\\\/universal-monsters-dracula-medallion-pre-order\\\/\"]}]},{\"@type\":\"ImageObject\",\"inLanguage\":\"de\",\"@id\":\"https:\\\/\\\/madabouthorror.co.uk\\\/product\\\/universal-monsters-dracula-medallion-pre-order\\\/#primaryimage\",\"url\":\"https:\\\/\\\/madabouthorror.co.uk\\\/wp-content\\\/uploads\\\/2021\\\/02\\\/tots_universal_monsters_dracula_medallion_1.jpg\",\"contentUrl\":\"https:\\\/\\\/madabouthorror.co.uk\\\/wp-content\\\/uploads\\\/2021\\\/02\\\/tots_universal_monsters_dracula_medallion_1.jpg\",\"width\":670,\"height\":670,\"caption\":\"Trick or Treat Studios - Universal Monsters Dracula Medallion\"},{\"@type\":\"BreadcrumbList\",\"@id\":\"https:\\\/\\\/madabouthorror.co.uk\\\/product\\\/universal-monsters-dracula-medallion-pre-order\\\/#breadcrumb\",\"itemListElement\":[{\"@type\":\"ListItem\",\"position\":1,\"name\":\"Shop\",\"item\":\"https:\\\/\\\/madabouthorror.co.uk\\\/shop\\\/\"},{\"@type\":\"ListItem\",\"position\":2,\"name\":\"Universal Monsters Dracula Medallion\"}]},{\"@type\":\"WebSite\",\"@id\":\"https:\\\/\\\/madabouthorror.co.uk\\\/#website\",\"url\":\"https:\\\/\\\/madabouthorror.co.uk\\\/\",\"name\":\"Mad About Horror\",\"description\":\"\",\"publisher\":{\"@id\":\"https:\\\/\\\/madabouthorror.co.uk\\\/#organization\"},\"alternateName\":\"Mad About Horror Limited\",\"potentialAction\":[{\"@type\":\"SearchAction\",\"target\":{\"@type\":\"EntryPoint\",\"urlTemplate\":\"https:\\\/\\\/madabouthorror.co.uk\\\/?s={search_term_string}\"},\"query-input\":{\"@type\":\"PropertyValueSpecification\",\"valueRequired\":true,\"valueName\":\"search_term_string\"}}],\"inLanguage\":\"de\"},{\"@type\":\"Organization\",\"@id\":\"https:\\\/\\\/madabouthorror.co.uk\\\/#organization\",\"name\":\"Mad About Horror\",\"url\":\"https:\\\/\\\/madabouthorror.co.uk\\\/\",\"logo\":{\"@type\":\"ImageObject\",\"inLanguage\":\"de\",\"@id\":\"https:\\\/\\\/madabouthorror.co.uk\\\/#\\\/schema\\\/logo\\\/image\\\/\",\"url\":\"https:\\\/\\\/madabouthorror.co.uk\\\/wp-content\\\/uploads\\\/2024\\\/02\\\/cropped-Logo.png\",\"contentUrl\":\"https:\\\/\\\/madabouthorror.co.uk\\\/wp-content\\\/uploads\\\/2024\\\/02\\\/cropped-Logo.png\",\"width\":240,\"height\":88,\"caption\":\"Mad About Horror\"},\"image\":{\"@id\":\"https:\\\/\\\/madabouthorror.co.uk\\\/#\\\/schema\\\/logo\\\/image\\\/\"},\"sameAs\":[\"https:\\\/\\\/www.facebook.com\\\/madabouthorror\\\/\",\"https:\\\/\\\/www.instagram.com\\\/madabouthorror\\\/\",\"https:\\\/\\\/www.pinterest.co.uk\\\/madabouthorror\\\/\",\"https:\\\/\\\/www.youtube.com\\\/channel\\\/UCBooLOIxjoQ89dj6T5lWm_w\",\"https:\\\/\\\/www.tiktok.com\\\/@weremadabouthorror\"]}]}<\/script>\n<!-- \/ Yoast SEO plugin. -->","yoast_head_json":{"title":"Dracula Medaillon | Trick or Treat Studios","description":"Offiziell lizenziertes Universal Monsters Dracula Medaillon. Horror-Sammlerst\u00fccke und Halloween-Requisiten erh\u00e4ltlich bei Madabouthorror.","robots":{"index":"index","follow":"follow","max-snippet":"max-snippet:-1","max-image-preview":"max-image-preview:large","max-video-preview":"max-video-preview:-1"},"canonical":"https:\/\/madabouthorror.co.uk\/de\/product\/universal-monsters-dracula-medallion-pre-order\/","og_locale":"de_DE","og_type":"article","og_title":"Dracula Medallion | Trick or Treat Studios","og_description":"Officially licensed Universal Monsters Dracula Medallion. Horror collectibles and Halloween props available from Madabouthorror.","og_url":"https:\/\/madabouthorror.co.uk\/de\/product\/universal-monsters-dracula-medallion-pre-order\/","og_site_name":"Mad About Horror","article_publisher":"https:\/\/www.facebook.com\/madabouthorror\/","article_modified_time":"2026-04-02T08:34:46+00:00","og_image":[{"width":670,"height":670,"url":"https:\/\/madabouthorror.co.uk\/wp-content\/uploads\/2021\/02\/tots_universal_monsters_dracula_medallion_1.jpg","type":"image\/jpeg"}],"twitter_card":"summary_large_image","twitter_misc":{"Gesch\u00e4tzte Lesezeit":"1\u00a0Minute"},"schema":{"@context":"https:\/\/schema.org","@graph":[{"@type":["WebPage","ItemPage"],"@id":"https:\/\/madabouthorror.co.uk\/product\/universal-monsters-dracula-medallion-pre-order\/","url":"https:\/\/madabouthorror.co.uk\/product\/universal-monsters-dracula-medallion-pre-order\/","name":"Dracula Medaillon | Trick or Treat Studios","isPartOf":{"@id":"https:\/\/madabouthorror.co.uk\/#website"},"primaryImageOfPage":{"@id":"https:\/\/madabouthorror.co.uk\/product\/universal-monsters-dracula-medallion-pre-order\/#primaryimage"},"image":{"@id":"https:\/\/madabouthorror.co.uk\/product\/universal-monsters-dracula-medallion-pre-order\/#primaryimage"},"thumbnailUrl":"https:\/\/madabouthorror.co.uk\/wp-content\/uploads\/2021\/02\/tots_universal_monsters_dracula_medallion_1.jpg","datePublished":"2021-02-16T16:31:13+00:00","dateModified":"2026-04-02T08:34:46+00:00","description":"Offiziell lizenziertes Universal Monsters Dracula Medaillon. Horror-Sammlerst\u00fccke und Halloween-Requisiten erh\u00e4ltlich bei Madabouthorror.","breadcrumb":{"@id":"https:\/\/madabouthorror.co.uk\/product\/universal-monsters-dracula-medallion-pre-order\/#breadcrumb"},"inLanguage":"de","potentialAction":[{"@type":"ReadAction","target":["https:\/\/madabouthorror.co.uk\/product\/universal-monsters-dracula-medallion-pre-order\/"]}]},{"@type":"ImageObject","inLanguage":"de","@id":"https:\/\/madabouthorror.co.uk\/product\/universal-monsters-dracula-medallion-pre-order\/#primaryimage","url":"https:\/\/madabouthorror.co.uk\/wp-content\/uploads\/2021\/02\/tots_universal_monsters_dracula_medallion_1.jpg","contentUrl":"https:\/\/madabouthorror.co.uk\/wp-content\/uploads\/2021\/02\/tots_universal_monsters_dracula_medallion_1.jpg","width":670,"height":670,"caption":"Trick or Treat Studios - Universal Monsters Dracula Medallion"},{"@type":"BreadcrumbList","@id":"https:\/\/madabouthorror.co.uk\/product\/universal-monsters-dracula-medallion-pre-order\/#breadcrumb","itemListElement":[{"@type":"ListItem","position":1,"name":"Shop","item":"https:\/\/madabouthorror.co.uk\/shop\/"},{"@type":"ListItem","position":2,"name":"Universal Monsters Dracula Medallion"}]},{"@type":"WebSite","@id":"https:\/\/madabouthorror.co.uk\/#website","url":"https:\/\/madabouthorror.co.uk\/","name":"Verr\u00fcckt nach Horror","description":"","publisher":{"@id":"https:\/\/madabouthorror.co.uk\/#organization"},"alternateName":"Mad About Horror Limited","potentialAction":[{"@type":"SearchAction","target":{"@type":"EntryPoint","urlTemplate":"https:\/\/madabouthorror.co.uk\/?s={search_term_string}"},"query-input":{"@type":"PropertyValueSpecification","valueRequired":true,"valueName":"search_term_string"}}],"inLanguage":"de"},{"@type":"Organization","@id":"https:\/\/madabouthorror.co.uk\/#organization","name":"Verr\u00fcckt nach Horror","url":"https:\/\/madabouthorror.co.uk\/","logo":{"@type":"ImageObject","inLanguage":"de","@id":"https:\/\/madabouthorror.co.uk\/#\/schema\/logo\/image\/","url":"https:\/\/madabouthorror.co.uk\/wp-content\/uploads\/2024\/02\/cropped-Logo.png","contentUrl":"https:\/\/madabouthorror.co.uk\/wp-content\/uploads\/2024\/02\/cropped-Logo.png","width":240,"height":88,"caption":"Mad About Horror"},"image":{"@id":"https:\/\/madabouthorror.co.uk\/#\/schema\/logo\/image\/"},"sameAs":["https:\/\/www.facebook.com\/madabouthorror\/","https:\/\/www.instagram.com\/madabouthorror\/","https:\/\/www.pinterest.co.uk\/madabouthorror\/","https:\/\/www.youtube.com\/channel\/UCBooLOIxjoQ89dj6T5lWm_w","https:\/\/www.tiktok.com\/@weremadabouthorror"]}]}},"df_price":41.62,"df_sale_price":"","df_regular_price":41.62,"df_image_link":"https:\/\/madabouthorror.co.uk\/wp-content\/uploads\/2021\/02\/tots_universal_monsters_dracula_medallion_1-300x300.jpg","_links":{"self":[{"href":"https:\/\/madabouthorror.co.uk\/de\/wp-json\/wp\/v2\/product\/47155","targetHints":{"allow":["GET"]}}],"collection":[{"href":"https:\/\/madabouthorror.co.uk\/de\/wp-json\/wp\/v2\/product"}],"about":[{"href":"https:\/\/madabouthorror.co.uk\/de\/wp-json\/wp\/v2\/types\/product"}],"replies":[{"embeddable":true,"href":"https:\/\/madabouthorror.co.uk\/de\/wp-json\/wp\/v2\/comments?post=47155"}],"wp:featuredmedia":[{"embeddable":true,"href":"https:\/\/madabouthorror.co.uk\/de\/wp-json\/wp\/v2\/media\/47153"}],"wp:attachment":[{"href":"https:\/\/madabouthorror.co.uk\/de\/wp-json\/wp\/v2\/media?parent=47155"}],"wp:term":[{"taxonomy":"product_brand","embeddable":true,"href":"https:\/\/madabouthorror.co.uk\/de\/wp-json\/wp\/v2\/product_brand?post=47155"},{"taxonomy":"product_cat","embeddable":true,"href":"https:\/\/madabouthorror.co.uk\/de\/wp-json\/wp\/v2\/product_cat?post=47155"},{"taxonomy":"product_tag","embeddable":true,"href":"https:\/\/madabouthorror.co.uk\/de\/wp-json\/wp\/v2\/product_tag?post=47155"}],"curies":[{"name":"wp","href":"https:\/\/api.w.org\/{rel}","templated":true}]}}