{"id":47215,"date":"2021-02-22T17:01:52","date_gmt":"2021-02-22T17:01:52","guid":{"rendered":"https:\/\/mah.6bdv.ws\/product\/killer-klowns-from-outer-space-slim-costume\/"},"modified":"2026-04-02T09:35:03","modified_gmt":"2026-04-02T08:35:03","slug":"killer-klowns-from-outer-space-slim-costume","status":"publish","type":"product","link":"https:\/\/madabouthorror.co.uk\/de\/product\/killer-klowns-from-outer-space-slim-costume\/","title":{"rendered":"Killer Klowns from Outer Space - Schlankes Kost\u00fcm"},"content":{"rendered":"<p>MASKE NICHT ENTHALTEN<\/p>\n<p>Entworfen von Trick or Treat Studios.<\/p>\n<p>Trick or Treat Studios pr\u00e4sentiert stolz das offizielle <em>Killer Clowns aus dem All <\/em>Schlankes Halloween-Kost\u00fcm!<\/p>\n<p>Entworfen von Trick or Treat Studios und unter Verwendung unz\u00e4hliger Screenshots und zahlreicher Bilder des tats\u00e4chlichen Kost\u00fcms, das auf der Leinwand verwendet und auf der Monsterpalooza gezeigt wurde, ist dies zweifellos das bildschirmgenaueste Killer Klown Slim Kost\u00fcm, das je produziert wurde.<\/p>\n<p>Der Stoff ist eine superweiche Baumwolle mit Satinstreifen und das Kost\u00fcm wird mit einem vorgepolsterten Clownsbauch geliefert, der zu Slimes K\u00f6rpertyp passt.<\/p>\n<p>Brustkorb = 48\u2033<\/p>\n<p>Taille = 54\u2033<\/p>\n<p>Innenbeinl\u00e4nge = 27\u2033<\/p>\n<p>L\u00e4nge = 44 Zoll<\/p>\n<p>Dieses Kost\u00fcm ist Einheitsgr\u00f6\u00dfe, bitte beachten Sie die Gr\u00f6\u00dfentabelle in den Produktbildern vor der Bestellung. Maske nicht enthalten.<\/p>\n<p>&nbsp;<\/p>","protected":false},"excerpt":{"rendered":"<p>MASKE NICHT ENTHALTEN. Von Trick or Treat Studios entworfen. Trick or Treat Studios ist stolz, das offizielle Slim Halloween-Kost\u00fcm von Killer Klowns From Outer Space zu pr\u00e4sentieren! Entworfen von Trick or Treat Studios und unter Verwendung unz\u00e4hliger Screenshots und zahlreicher Bilder des tats\u00e4chlich auf der Leinwand verwendeten Kost\u00fcms, das auf der Monsterpalooza gezeigt wurde, ist dies ohne [...]<\/p>","protected":false},"featured_media":47214,"comment_status":"closed","ping_status":"closed","template":"","meta":{"_acf_changed":false},"product_brand":[],"product_cat":[10074,7091,6551,6792,6673],"product_tag":[],"class_list":{"0":"post-47215","1":"product","2":"type-product","3":"status-publish","4":"has-post-thumbnail","6":"product_cat-costumes-trick-or-treat-studios","7":"product_cat-tv-movie","8":"product_cat-costumes","9":"product_cat-trick-or-treat-studios","10":"product_cat-killerklownsfromouterspace","12":"first","13":"outofstock","14":"taxable","15":"shipping-taxable","16":"purchasable","17":"product-type-simple"},"supplier_id":471030,"supplier_sku":"TTMGM105","barcode":"854146005791","atum_controlled":true,"out_stock_date":"2025-09-19 19:58:37","out_stock_threshold":null,"inheritable":false,"inbound_stock":0,"stock_on_hold":0,"sold_today":0,"sales_last_days":0,"reserved_stock":0,"customer_returns":0,"warehouse_damage":0,"lost_in_post":0,"other_logs":0,"out_stock_days":220,"lost_sales":3141,"has_location":false,"update_date":"2026-04-28T01:08:05","atum_locations":[],"atum_stock_status":"outofstock","restock_status":false,"low_stock_amount":1,"sales_update_date":"2026-04-28T01:08:04","calc_backorders":null,"acf":[],"yoast_head":"<!-- This site is optimized with the Yoast SEO plugin v27.4 - https:\/\/yoast.com\/product\/yoast-seo-wordpress\/ -->\n<title>Killer Klowns from Outer Space - Slim Costume<\/title>\n<meta name=\"description\" content=\"Officially licensed Killer Klowns from Outer Space Slim Costume by Trick or Treat Studios. Available in the UK from Mad About Horror. Buy online or call 01482 935936.\" \/>\n<meta name=\"robots\" content=\"index, follow, max-snippet:-1, max-image-preview:large, max-video-preview:-1\" \/>\n<link rel=\"canonical\" href=\"https:\/\/madabouthorror.co.uk\/de\/product\/killer-klowns-from-outer-space-slim-costume\/\" \/>\n<meta property=\"og:locale\" content=\"de_DE\" \/>\n<meta property=\"og:type\" content=\"article\" \/>\n<meta property=\"og:title\" content=\"Killer Klowns from Outer Space - Slim Costume\" \/>\n<meta property=\"og:description\" content=\"Officially licensed Killer Klowns from Outer Space Slim Costume by Trick or Treat Studios. Available in the UK from Mad About Horror. Buy online or call 01482 935936.\" \/>\n<meta property=\"og:url\" content=\"https:\/\/madabouthorror.co.uk\/de\/product\/killer-klowns-from-outer-space-slim-costume\/\" \/>\n<meta property=\"og:site_name\" content=\"Mad About Horror\" \/>\n<meta property=\"article:publisher\" content=\"https:\/\/www.facebook.com\/madabouthorror\/\" \/>\n<meta property=\"article:modified_time\" content=\"2026-04-02T08:35:03+00:00\" \/>\n<meta property=\"og:image\" content=\"https:\/\/madabouthorror.co.uk\/wp-content\/uploads\/2021\/02\/killer_klowns_from_outer_space_slim_costume.jpg\" \/>\n\t<meta property=\"og:image:width\" content=\"650\" \/>\n\t<meta property=\"og:image:height\" content=\"650\" \/>\n\t<meta property=\"og:image:type\" content=\"image\/jpeg\" \/>\n<meta name=\"twitter:card\" content=\"summary_large_image\" \/>\n<meta name=\"twitter:label1\" content=\"Gesch\u00e4tzte Lesezeit\" \/>\n\t<meta name=\"twitter:data1\" content=\"1\u00a0Minute\" \/>\n<script type=\"application\/ld+json\" class=\"yoast-schema-graph\">{\"@context\":\"https:\\\/\\\/schema.org\",\"@graph\":[{\"@type\":[\"WebPage\",\"ItemPage\"],\"@id\":\"https:\\\/\\\/madabouthorror.co.uk\\\/product\\\/killer-klowns-from-outer-space-slim-costume\\\/\",\"url\":\"https:\\\/\\\/madabouthorror.co.uk\\\/product\\\/killer-klowns-from-outer-space-slim-costume\\\/\",\"name\":\"Killer Klowns from Outer Space - Slim Costume\",\"isPartOf\":{\"@id\":\"https:\\\/\\\/madabouthorror.co.uk\\\/#website\"},\"primaryImageOfPage\":{\"@id\":\"https:\\\/\\\/madabouthorror.co.uk\\\/product\\\/killer-klowns-from-outer-space-slim-costume\\\/#primaryimage\"},\"image\":{\"@id\":\"https:\\\/\\\/madabouthorror.co.uk\\\/product\\\/killer-klowns-from-outer-space-slim-costume\\\/#primaryimage\"},\"thumbnailUrl\":\"https:\\\/\\\/madabouthorror.co.uk\\\/wp-content\\\/uploads\\\/2021\\\/02\\\/killer_klowns_from_outer_space_slim_costume.jpg\",\"datePublished\":\"2021-02-22T17:01:52+00:00\",\"dateModified\":\"2026-04-02T08:35:03+00:00\",\"description\":\"Officially licensed Killer Klowns from Outer Space Slim Costume by Trick or Treat Studios. Available in the UK from Mad About Horror. Buy online or call 01482 935936.\",\"breadcrumb\":{\"@id\":\"https:\\\/\\\/madabouthorror.co.uk\\\/product\\\/killer-klowns-from-outer-space-slim-costume\\\/#breadcrumb\"},\"inLanguage\":\"de\",\"potentialAction\":[{\"@type\":\"ReadAction\",\"target\":[\"https:\\\/\\\/madabouthorror.co.uk\\\/product\\\/killer-klowns-from-outer-space-slim-costume\\\/\"]}]},{\"@type\":\"ImageObject\",\"inLanguage\":\"de\",\"@id\":\"https:\\\/\\\/madabouthorror.co.uk\\\/product\\\/killer-klowns-from-outer-space-slim-costume\\\/#primaryimage\",\"url\":\"https:\\\/\\\/madabouthorror.co.uk\\\/wp-content\\\/uploads\\\/2021\\\/02\\\/killer_klowns_from_outer_space_slim_costume.jpg\",\"contentUrl\":\"https:\\\/\\\/madabouthorror.co.uk\\\/wp-content\\\/uploads\\\/2021\\\/02\\\/killer_klowns_from_outer_space_slim_costume.jpg\",\"width\":650,\"height\":650,\"caption\":\"Killer Klowns from Outer Space - Slim Costume-0\"},{\"@type\":\"BreadcrumbList\",\"@id\":\"https:\\\/\\\/madabouthorror.co.uk\\\/product\\\/killer-klowns-from-outer-space-slim-costume\\\/#breadcrumb\",\"itemListElement\":[{\"@type\":\"ListItem\",\"position\":1,\"name\":\"Shop\",\"item\":\"https:\\\/\\\/madabouthorror.co.uk\\\/shop\\\/\"},{\"@type\":\"ListItem\",\"position\":2,\"name\":\"Killer Klowns from Outer Space &#8211; Slim Costume\"}]},{\"@type\":\"WebSite\",\"@id\":\"https:\\\/\\\/madabouthorror.co.uk\\\/#website\",\"url\":\"https:\\\/\\\/madabouthorror.co.uk\\\/\",\"name\":\"Mad About Horror\",\"description\":\"\",\"publisher\":{\"@id\":\"https:\\\/\\\/madabouthorror.co.uk\\\/#organization\"},\"alternateName\":\"Mad About Horror Limited\",\"potentialAction\":[{\"@type\":\"SearchAction\",\"target\":{\"@type\":\"EntryPoint\",\"urlTemplate\":\"https:\\\/\\\/madabouthorror.co.uk\\\/?s={search_term_string}\"},\"query-input\":{\"@type\":\"PropertyValueSpecification\",\"valueRequired\":true,\"valueName\":\"search_term_string\"}}],\"inLanguage\":\"de\"},{\"@type\":\"Organization\",\"@id\":\"https:\\\/\\\/madabouthorror.co.uk\\\/#organization\",\"name\":\"Mad About Horror\",\"url\":\"https:\\\/\\\/madabouthorror.co.uk\\\/\",\"logo\":{\"@type\":\"ImageObject\",\"inLanguage\":\"de\",\"@id\":\"https:\\\/\\\/madabouthorror.co.uk\\\/#\\\/schema\\\/logo\\\/image\\\/\",\"url\":\"https:\\\/\\\/madabouthorror.co.uk\\\/wp-content\\\/uploads\\\/2024\\\/02\\\/cropped-Logo.png\",\"contentUrl\":\"https:\\\/\\\/madabouthorror.co.uk\\\/wp-content\\\/uploads\\\/2024\\\/02\\\/cropped-Logo.png\",\"width\":240,\"height\":88,\"caption\":\"Mad About Horror\"},\"image\":{\"@id\":\"https:\\\/\\\/madabouthorror.co.uk\\\/#\\\/schema\\\/logo\\\/image\\\/\"},\"sameAs\":[\"https:\\\/\\\/www.facebook.com\\\/madabouthorror\\\/\",\"https:\\\/\\\/www.instagram.com\\\/madabouthorror\\\/\",\"https:\\\/\\\/www.pinterest.co.uk\\\/madabouthorror\\\/\",\"https:\\\/\\\/www.youtube.com\\\/channel\\\/UCBooLOIxjoQ89dj6T5lWm_w\",\"https:\\\/\\\/www.tiktok.com\\\/@weremadabouthorror\"]}]}<\/script>\n<!-- \/ Yoast SEO plugin. -->","yoast_head_json":{"title":"Killer Klowns from Outer Space - Schlankes Kost\u00fcm","description":"Offiziell lizenziertes Killer Klowns aus dem Weltall Slim Kost\u00fcm von Trick or Treat Studios. Erh\u00e4ltlich in Gro\u00dfbritannien bei Mad About Horror. Kaufen Sie online oder rufen Sie 01482 935936 an.","robots":{"index":"index","follow":"follow","max-snippet":"max-snippet:-1","max-image-preview":"max-image-preview:large","max-video-preview":"max-video-preview:-1"},"canonical":"https:\/\/madabouthorror.co.uk\/de\/product\/killer-klowns-from-outer-space-slim-costume\/","og_locale":"de_DE","og_type":"article","og_title":"Killer Klowns from Outer Space - Slim Costume","og_description":"Officially licensed Killer Klowns from Outer Space Slim Costume by Trick or Treat Studios. Available in the UK from Mad About Horror. Buy online or call 01482 935936.","og_url":"https:\/\/madabouthorror.co.uk\/de\/product\/killer-klowns-from-outer-space-slim-costume\/","og_site_name":"Mad About Horror","article_publisher":"https:\/\/www.facebook.com\/madabouthorror\/","article_modified_time":"2026-04-02T08:35:03+00:00","og_image":[{"width":650,"height":650,"url":"https:\/\/madabouthorror.co.uk\/wp-content\/uploads\/2021\/02\/killer_klowns_from_outer_space_slim_costume.jpg","type":"image\/jpeg"}],"twitter_card":"summary_large_image","twitter_misc":{"Gesch\u00e4tzte Lesezeit":"1\u00a0Minute"},"schema":{"@context":"https:\/\/schema.org","@graph":[{"@type":["WebPage","ItemPage"],"@id":"https:\/\/madabouthorror.co.uk\/product\/killer-klowns-from-outer-space-slim-costume\/","url":"https:\/\/madabouthorror.co.uk\/product\/killer-klowns-from-outer-space-slim-costume\/","name":"Killer Klowns from Outer Space - Schlankes Kost\u00fcm","isPartOf":{"@id":"https:\/\/madabouthorror.co.uk\/#website"},"primaryImageOfPage":{"@id":"https:\/\/madabouthorror.co.uk\/product\/killer-klowns-from-outer-space-slim-costume\/#primaryimage"},"image":{"@id":"https:\/\/madabouthorror.co.uk\/product\/killer-klowns-from-outer-space-slim-costume\/#primaryimage"},"thumbnailUrl":"https:\/\/madabouthorror.co.uk\/wp-content\/uploads\/2021\/02\/killer_klowns_from_outer_space_slim_costume.jpg","datePublished":"2021-02-22T17:01:52+00:00","dateModified":"2026-04-02T08:35:03+00:00","description":"Offiziell lizenziertes Killer Klowns aus dem Weltall Slim Kost\u00fcm von Trick or Treat Studios. Erh\u00e4ltlich in Gro\u00dfbritannien bei Mad About Horror. Kaufen Sie online oder rufen Sie 01482 935936 an.","breadcrumb":{"@id":"https:\/\/madabouthorror.co.uk\/product\/killer-klowns-from-outer-space-slim-costume\/#breadcrumb"},"inLanguage":"de","potentialAction":[{"@type":"ReadAction","target":["https:\/\/madabouthorror.co.uk\/product\/killer-klowns-from-outer-space-slim-costume\/"]}]},{"@type":"ImageObject","inLanguage":"de","@id":"https:\/\/madabouthorror.co.uk\/product\/killer-klowns-from-outer-space-slim-costume\/#primaryimage","url":"https:\/\/madabouthorror.co.uk\/wp-content\/uploads\/2021\/02\/killer_klowns_from_outer_space_slim_costume.jpg","contentUrl":"https:\/\/madabouthorror.co.uk\/wp-content\/uploads\/2021\/02\/killer_klowns_from_outer_space_slim_costume.jpg","width":650,"height":650,"caption":"Killer Klowns from Outer Space - Slim Costume-0"},{"@type":"BreadcrumbList","@id":"https:\/\/madabouthorror.co.uk\/product\/killer-klowns-from-outer-space-slim-costume\/#breadcrumb","itemListElement":[{"@type":"ListItem","position":1,"name":"Shop","item":"https:\/\/madabouthorror.co.uk\/shop\/"},{"@type":"ListItem","position":2,"name":"Killer Klowns from Outer Space &#8211; Slim Costume"}]},{"@type":"WebSite","@id":"https:\/\/madabouthorror.co.uk\/#website","url":"https:\/\/madabouthorror.co.uk\/","name":"Verr\u00fcckt nach Horror","description":"","publisher":{"@id":"https:\/\/madabouthorror.co.uk\/#organization"},"alternateName":"Mad About Horror Limited","potentialAction":[{"@type":"SearchAction","target":{"@type":"EntryPoint","urlTemplate":"https:\/\/madabouthorror.co.uk\/?s={search_term_string}"},"query-input":{"@type":"PropertyValueSpecification","valueRequired":true,"valueName":"search_term_string"}}],"inLanguage":"de"},{"@type":"Organization","@id":"https:\/\/madabouthorror.co.uk\/#organization","name":"Verr\u00fcckt nach Horror","url":"https:\/\/madabouthorror.co.uk\/","logo":{"@type":"ImageObject","inLanguage":"de","@id":"https:\/\/madabouthorror.co.uk\/#\/schema\/logo\/image\/","url":"https:\/\/madabouthorror.co.uk\/wp-content\/uploads\/2024\/02\/cropped-Logo.png","contentUrl":"https:\/\/madabouthorror.co.uk\/wp-content\/uploads\/2024\/02\/cropped-Logo.png","width":240,"height":88,"caption":"Mad About Horror"},"image":{"@id":"https:\/\/madabouthorror.co.uk\/#\/schema\/logo\/image\/"},"sameAs":["https:\/\/www.facebook.com\/madabouthorror\/","https:\/\/www.instagram.com\/madabouthorror\/","https:\/\/www.pinterest.co.uk\/madabouthorror\/","https:\/\/www.youtube.com\/channel\/UCBooLOIxjoQ89dj6T5lWm_w","https:\/\/www.tiktok.com\/@weremadabouthorror"]}]}},"df_price":99.95,"df_sale_price":"","df_regular_price":99.95,"df_image_link":"https:\/\/madabouthorror.co.uk\/wp-content\/uploads\/2021\/02\/killer_klowns_from_outer_space_slim_costume-300x300.jpg","_links":{"self":[{"href":"https:\/\/madabouthorror.co.uk\/de\/wp-json\/wp\/v2\/product\/47215","targetHints":{"allow":["GET"]}}],"collection":[{"href":"https:\/\/madabouthorror.co.uk\/de\/wp-json\/wp\/v2\/product"}],"about":[{"href":"https:\/\/madabouthorror.co.uk\/de\/wp-json\/wp\/v2\/types\/product"}],"replies":[{"embeddable":true,"href":"https:\/\/madabouthorror.co.uk\/de\/wp-json\/wp\/v2\/comments?post=47215"}],"wp:featuredmedia":[{"embeddable":true,"href":"https:\/\/madabouthorror.co.uk\/de\/wp-json\/wp\/v2\/media\/47214"}],"wp:attachment":[{"href":"https:\/\/madabouthorror.co.uk\/de\/wp-json\/wp\/v2\/media?parent=47215"}],"wp:term":[{"taxonomy":"product_brand","embeddable":true,"href":"https:\/\/madabouthorror.co.uk\/de\/wp-json\/wp\/v2\/product_brand?post=47215"},{"taxonomy":"product_cat","embeddable":true,"href":"https:\/\/madabouthorror.co.uk\/de\/wp-json\/wp\/v2\/product_cat?post=47215"},{"taxonomy":"product_tag","embeddable":true,"href":"https:\/\/madabouthorror.co.uk\/de\/wp-json\/wp\/v2\/product_tag?post=47215"}],"curies":[{"name":"wp","href":"https:\/\/api.w.org\/{rel}","templated":true}]}}