{"id":47236,"date":"2021-02-25T11:13:13","date_gmt":"2021-02-25T11:13:13","guid":{"rendered":"https:\/\/mah.6bdv.ws\/product\/halloween-kills-knife-trick-or-treat-studios\/"},"modified":"2026-04-02T09:35:09","modified_gmt":"2026-04-02T08:35:09","slug":"halloween-kills-knife-trick-or-treat-studios","status":"publish","type":"product","link":"https:\/\/madabouthorror.co.uk\/de\/product\/halloween-kills-knife-trick-or-treat-studios\/","title":{"rendered":"Halloween Kills - Messer"},"content":{"rendered":"<p><strong>Halloween Kills - Schlachtermesser\u00a0<\/strong><\/p>\n<p>Trick or Treat Studios ist stolz darauf, die offiziell lizenzierte Halloween Kills Michael Myers Butcher Knife Prop zu pr\u00e4sentieren.<\/p>\n<p>Diese erstaunliche Requisite ist aus Spritzgussplastik gegossen und so bemalt, dass sie sehr realistisch aussieht, ohne dass die Gefahr besteht, mit einem echten Messer S\u00fc\u00dfes oder Saures zu geben.<\/p>\n<p>Ungef\u00e4hr 13\u2033.<\/p>\n<p>Holen Sie sich also die Halloween Kills Michael Myers Butcher Knife Requisite, unsere Halloween Kills Michael Myers Maske und unseren Halloween Kills Michael Myers Overall und jagen Sie Ihren Freunden an diesem Halloween einen geh\u00f6rigen Schrecken ein!<\/p>\n<p><em>2021 Miramax, LLC. Alle Rechte vorbehalten. MIRAMAX und Halloween Kills sind Marken oder eingetragene Marken von Miramax, LLC. Verwendung unter Lizenz. www.miramax.com<\/em><\/p>\n<p>&nbsp;<\/p>","protected":false},"excerpt":{"rendered":"<p>Halloween Kills - Butchers Knife Trick or Treat Studios ist stolz darauf, die offiziell lizenzierte Halloween Kills Michael Myers Butcher Knife Requisite zu pr\u00e4sentieren. Diese erstaunliche Requisite ist aus Spritzguss-Kunststoff gegossen und lackiert, um hyper realistisch aussehen, ohne die Gefahr von Trick or Treat mit einem echten Messer. Ungef\u00e4hr 13\u2033 So holen Sie sich die Halloween Kills [...]<\/p>","protected":false},"featured_media":47235,"comment_status":"closed","ping_status":"closed","template":"","meta":{"_acf_changed":false},"product_brand":[],"product_cat":[6580,10105,10078,7091,6551,10038,9962,6541,6552,6554,6792,6660],"product_tag":[],"class_list":{"0":"post-47236","1":"product","2":"type-product","3":"status-publish","4":"has-post-thumbnail","6":"product_cat-movie-tv","7":"product_cat-replica-knives","8":"product_cat-weapons-trick-or-treat-studios","9":"product_cat-tv-movie","10":"product_cat-costumes","11":"product_cat-horror-gifts","12":"product_cat-trick-or-treat-studios-masks","13":"product_cat-masks","14":"product_cat-accessories","15":"product_cat-weapons","16":"product_cat-trick-or-treat-studios","17":"product_cat-halloweenmichaelmyers","18":"product_shipping_class-small-parcel-economy-3-5-business-days","20":"first","21":"outofstock","22":"taxable","23":"shipping-taxable","24":"purchasable","25":"product-type-simple"},"supplier_id":467429,"supplier_sku":"TTMF110","barcode":"811501034704","atum_controlled":true,"out_stock_date":"2026-03-25 12:03:24","out_stock_threshold":null,"inheritable":false,"inbound_stock":0,"stock_on_hold":0,"sold_today":0,"sales_last_days":1,"reserved_stock":0,"customer_returns":0,"warehouse_damage":0,"lost_in_post":0,"other_logs":0,"out_stock_days":23,"lost_sales":91,"has_location":false,"update_date":"2026-04-18T01:16:55","atum_locations":[],"atum_stock_status":"outofstock","restock_status":false,"low_stock_amount":4,"sales_update_date":"2026-04-18T01:16:53","calc_backorders":null,"acf":[],"yoast_head":"<!-- This site is optimized with the Yoast SEO plugin v27.4 - https:\/\/yoast.com\/product\/yoast-seo-wordpress\/ -->\n<title>Halloween Kills - Knife| Mad About Horror|Trick or Treat Studios<\/title>\n<meta name=\"description\" content=\"IN STOCK NOW. Official licensed Halloween Kills Knife by Trick or Treat Studios. Huge range of horror collectibles and merchandise from the UK&#039;s leading horror &amp; Halloween specialist\" \/>\n<meta name=\"robots\" content=\"index, follow, max-snippet:-1, max-image-preview:large, max-video-preview:-1\" \/>\n<link rel=\"canonical\" href=\"https:\/\/madabouthorror.co.uk\/de\/product\/halloween-kills-knife-trick-or-treat-studios\/\" \/>\n<meta property=\"og:locale\" content=\"de_DE\" \/>\n<meta property=\"og:type\" content=\"article\" \/>\n<meta property=\"og:title\" content=\"Halloween Kills - Knife| Mad About Horror|Trick or Treat Studios\" \/>\n<meta property=\"og:description\" content=\"IN STOCK NOW. Official licensed Halloween Kills Knife by Trick or Treat Studios. Huge range of horror collectibles and merchandise from the UK&#039;s leading horror &amp; Halloween specialist\" \/>\n<meta property=\"og:url\" content=\"https:\/\/madabouthorror.co.uk\/de\/product\/halloween-kills-knife-trick-or-treat-studios\/\" \/>\n<meta property=\"og:site_name\" content=\"Mad About Horror\" \/>\n<meta property=\"article:publisher\" content=\"https:\/\/www.facebook.com\/madabouthorror\/\" \/>\n<meta property=\"article:modified_time\" content=\"2026-04-02T08:35:09+00:00\" \/>\n<meta property=\"og:image\" content=\"https:\/\/madabouthorror.co.uk\/wp-content\/uploads\/2021\/02\/trick_or_treat_studios_halloween_kills_-_knife.jpg\" \/>\n\t<meta property=\"og:image:width\" content=\"650\" \/>\n\t<meta property=\"og:image:height\" content=\"650\" \/>\n\t<meta property=\"og:image:type\" content=\"image\/jpeg\" \/>\n<meta name=\"twitter:card\" content=\"summary_large_image\" \/>\n<meta name=\"twitter:label1\" content=\"Gesch\u00e4tzte Lesezeit\" \/>\n\t<meta name=\"twitter:data1\" content=\"1\u00a0Minute\" \/>\n<script type=\"application\/ld+json\" class=\"yoast-schema-graph\">{\"@context\":\"https:\\\/\\\/schema.org\",\"@graph\":[{\"@type\":[\"WebPage\",\"ItemPage\"],\"@id\":\"https:\\\/\\\/madabouthorror.co.uk\\\/product\\\/halloween-kills-knife-trick-or-treat-studios\\\/\",\"url\":\"https:\\\/\\\/madabouthorror.co.uk\\\/product\\\/halloween-kills-knife-trick-or-treat-studios\\\/\",\"name\":\"Halloween Kills - Knife| Mad About Horror|Trick or Treat Studios\",\"isPartOf\":{\"@id\":\"https:\\\/\\\/madabouthorror.co.uk\\\/#website\"},\"primaryImageOfPage\":{\"@id\":\"https:\\\/\\\/madabouthorror.co.uk\\\/product\\\/halloween-kills-knife-trick-or-treat-studios\\\/#primaryimage\"},\"image\":{\"@id\":\"https:\\\/\\\/madabouthorror.co.uk\\\/product\\\/halloween-kills-knife-trick-or-treat-studios\\\/#primaryimage\"},\"thumbnailUrl\":\"https:\\\/\\\/madabouthorror.co.uk\\\/wp-content\\\/uploads\\\/2021\\\/02\\\/trick_or_treat_studios_halloween_kills_-_knife.jpg\",\"datePublished\":\"2021-02-25T11:13:13+00:00\",\"dateModified\":\"2026-04-02T08:35:09+00:00\",\"description\":\"IN STOCK NOW. Official licensed Halloween Kills Knife by Trick or Treat Studios. Huge range of horror collectibles and merchandise from the UK's leading horror & Halloween specialist\",\"breadcrumb\":{\"@id\":\"https:\\\/\\\/madabouthorror.co.uk\\\/product\\\/halloween-kills-knife-trick-or-treat-studios\\\/#breadcrumb\"},\"inLanguage\":\"de\",\"potentialAction\":[{\"@type\":\"ReadAction\",\"target\":[\"https:\\\/\\\/madabouthorror.co.uk\\\/product\\\/halloween-kills-knife-trick-or-treat-studios\\\/\"]}]},{\"@type\":\"ImageObject\",\"inLanguage\":\"de\",\"@id\":\"https:\\\/\\\/madabouthorror.co.uk\\\/product\\\/halloween-kills-knife-trick-or-treat-studios\\\/#primaryimage\",\"url\":\"https:\\\/\\\/madabouthorror.co.uk\\\/wp-content\\\/uploads\\\/2021\\\/02\\\/trick_or_treat_studios_halloween_kills_-_knife.jpg\",\"contentUrl\":\"https:\\\/\\\/madabouthorror.co.uk\\\/wp-content\\\/uploads\\\/2021\\\/02\\\/trick_or_treat_studios_halloween_kills_-_knife.jpg\",\"width\":650,\"height\":650,\"caption\":\"Halloween Kills - Butchers Knife\"},{\"@type\":\"BreadcrumbList\",\"@id\":\"https:\\\/\\\/madabouthorror.co.uk\\\/product\\\/halloween-kills-knife-trick-or-treat-studios\\\/#breadcrumb\",\"itemListElement\":[{\"@type\":\"ListItem\",\"position\":1,\"name\":\"Shop\",\"item\":\"https:\\\/\\\/madabouthorror.co.uk\\\/shop\\\/\"},{\"@type\":\"ListItem\",\"position\":2,\"name\":\"Halloween Kills &#8211; Knife\"}]},{\"@type\":\"WebSite\",\"@id\":\"https:\\\/\\\/madabouthorror.co.uk\\\/#website\",\"url\":\"https:\\\/\\\/madabouthorror.co.uk\\\/\",\"name\":\"Mad About Horror\",\"description\":\"\",\"publisher\":{\"@id\":\"https:\\\/\\\/madabouthorror.co.uk\\\/#organization\"},\"alternateName\":\"Mad About Horror Limited\",\"potentialAction\":[{\"@type\":\"SearchAction\",\"target\":{\"@type\":\"EntryPoint\",\"urlTemplate\":\"https:\\\/\\\/madabouthorror.co.uk\\\/?s={search_term_string}\"},\"query-input\":{\"@type\":\"PropertyValueSpecification\",\"valueRequired\":true,\"valueName\":\"search_term_string\"}}],\"inLanguage\":\"de\"},{\"@type\":\"Organization\",\"@id\":\"https:\\\/\\\/madabouthorror.co.uk\\\/#organization\",\"name\":\"Mad About Horror\",\"url\":\"https:\\\/\\\/madabouthorror.co.uk\\\/\",\"logo\":{\"@type\":\"ImageObject\",\"inLanguage\":\"de\",\"@id\":\"https:\\\/\\\/madabouthorror.co.uk\\\/#\\\/schema\\\/logo\\\/image\\\/\",\"url\":\"https:\\\/\\\/madabouthorror.co.uk\\\/wp-content\\\/uploads\\\/2024\\\/02\\\/cropped-Logo.png\",\"contentUrl\":\"https:\\\/\\\/madabouthorror.co.uk\\\/wp-content\\\/uploads\\\/2024\\\/02\\\/cropped-Logo.png\",\"width\":240,\"height\":88,\"caption\":\"Mad About Horror\"},\"image\":{\"@id\":\"https:\\\/\\\/madabouthorror.co.uk\\\/#\\\/schema\\\/logo\\\/image\\\/\"},\"sameAs\":[\"https:\\\/\\\/www.facebook.com\\\/madabouthorror\\\/\",\"https:\\\/\\\/www.instagram.com\\\/madabouthorror\\\/\",\"https:\\\/\\\/www.pinterest.co.uk\\\/madabouthorror\\\/\",\"https:\\\/\\\/www.youtube.com\\\/channel\\\/UCBooLOIxjoQ89dj6T5lWm_w\",\"https:\\\/\\\/www.tiktok.com\\\/@weremadabouthorror\"]}]}<\/script>\n<!-- \/ Yoast SEO plugin. -->","yoast_head_json":{"title":"Halloween Kills - Messer| Mad About Horror|Trick or Treat Studios","description":"JETZT AUF LAGER. Offiziell lizenziertes Halloween Kills Messer von Trick or Treat Studios. Riesige Auswahl an Horror-Sammlerst\u00fccken und -Waren von Gro\u00dfbritanniens f\u00fchrendem Horror- und Halloween-Spezialisten","robots":{"index":"index","follow":"follow","max-snippet":"max-snippet:-1","max-image-preview":"max-image-preview:large","max-video-preview":"max-video-preview:-1"},"canonical":"https:\/\/madabouthorror.co.uk\/de\/product\/halloween-kills-knife-trick-or-treat-studios\/","og_locale":"de_DE","og_type":"article","og_title":"Halloween Kills - Knife| Mad About Horror|Trick or Treat Studios","og_description":"IN STOCK NOW. Official licensed Halloween Kills Knife by Trick or Treat Studios. Huge range of horror collectibles and merchandise from the UK's leading horror & Halloween specialist","og_url":"https:\/\/madabouthorror.co.uk\/de\/product\/halloween-kills-knife-trick-or-treat-studios\/","og_site_name":"Mad About Horror","article_publisher":"https:\/\/www.facebook.com\/madabouthorror\/","article_modified_time":"2026-04-02T08:35:09+00:00","og_image":[{"width":650,"height":650,"url":"https:\/\/madabouthorror.co.uk\/wp-content\/uploads\/2021\/02\/trick_or_treat_studios_halloween_kills_-_knife.jpg","type":"image\/jpeg"}],"twitter_card":"summary_large_image","twitter_misc":{"Gesch\u00e4tzte Lesezeit":"1\u00a0Minute"},"schema":{"@context":"https:\/\/schema.org","@graph":[{"@type":["WebPage","ItemPage"],"@id":"https:\/\/madabouthorror.co.uk\/product\/halloween-kills-knife-trick-or-treat-studios\/","url":"https:\/\/madabouthorror.co.uk\/product\/halloween-kills-knife-trick-or-treat-studios\/","name":"Halloween Kills - Messer| Mad About Horror|Trick or Treat Studios","isPartOf":{"@id":"https:\/\/madabouthorror.co.uk\/#website"},"primaryImageOfPage":{"@id":"https:\/\/madabouthorror.co.uk\/product\/halloween-kills-knife-trick-or-treat-studios\/#primaryimage"},"image":{"@id":"https:\/\/madabouthorror.co.uk\/product\/halloween-kills-knife-trick-or-treat-studios\/#primaryimage"},"thumbnailUrl":"https:\/\/madabouthorror.co.uk\/wp-content\/uploads\/2021\/02\/trick_or_treat_studios_halloween_kills_-_knife.jpg","datePublished":"2021-02-25T11:13:13+00:00","dateModified":"2026-04-02T08:35:09+00:00","description":"JETZT AUF LAGER. Offiziell lizenziertes Halloween Kills Messer von Trick or Treat Studios. Riesige Auswahl an Horror-Sammlerst\u00fccken und -Waren von Gro\u00dfbritanniens f\u00fchrendem Horror- und Halloween-Spezialisten","breadcrumb":{"@id":"https:\/\/madabouthorror.co.uk\/product\/halloween-kills-knife-trick-or-treat-studios\/#breadcrumb"},"inLanguage":"de","potentialAction":[{"@type":"ReadAction","target":["https:\/\/madabouthorror.co.uk\/product\/halloween-kills-knife-trick-or-treat-studios\/"]}]},{"@type":"ImageObject","inLanguage":"de","@id":"https:\/\/madabouthorror.co.uk\/product\/halloween-kills-knife-trick-or-treat-studios\/#primaryimage","url":"https:\/\/madabouthorror.co.uk\/wp-content\/uploads\/2021\/02\/trick_or_treat_studios_halloween_kills_-_knife.jpg","contentUrl":"https:\/\/madabouthorror.co.uk\/wp-content\/uploads\/2021\/02\/trick_or_treat_studios_halloween_kills_-_knife.jpg","width":650,"height":650,"caption":"Halloween Kills - Butchers Knife"},{"@type":"BreadcrumbList","@id":"https:\/\/madabouthorror.co.uk\/product\/halloween-kills-knife-trick-or-treat-studios\/#breadcrumb","itemListElement":[{"@type":"ListItem","position":1,"name":"Shop","item":"https:\/\/madabouthorror.co.uk\/shop\/"},{"@type":"ListItem","position":2,"name":"Halloween Kills &#8211; Knife"}]},{"@type":"WebSite","@id":"https:\/\/madabouthorror.co.uk\/#website","url":"https:\/\/madabouthorror.co.uk\/","name":"Verr\u00fcckt nach Horror","description":"","publisher":{"@id":"https:\/\/madabouthorror.co.uk\/#organization"},"alternateName":"Mad About Horror Limited","potentialAction":[{"@type":"SearchAction","target":{"@type":"EntryPoint","urlTemplate":"https:\/\/madabouthorror.co.uk\/?s={search_term_string}"},"query-input":{"@type":"PropertyValueSpecification","valueRequired":true,"valueName":"search_term_string"}}],"inLanguage":"de"},{"@type":"Organization","@id":"https:\/\/madabouthorror.co.uk\/#organization","name":"Verr\u00fcckt nach Horror","url":"https:\/\/madabouthorror.co.uk\/","logo":{"@type":"ImageObject","inLanguage":"de","@id":"https:\/\/madabouthorror.co.uk\/#\/schema\/logo\/image\/","url":"https:\/\/madabouthorror.co.uk\/wp-content\/uploads\/2024\/02\/cropped-Logo.png","contentUrl":"https:\/\/madabouthorror.co.uk\/wp-content\/uploads\/2024\/02\/cropped-Logo.png","width":240,"height":88,"caption":"Mad About Horror"},"image":{"@id":"https:\/\/madabouthorror.co.uk\/#\/schema\/logo\/image\/"},"sameAs":["https:\/\/www.facebook.com\/madabouthorror\/","https:\/\/www.instagram.com\/madabouthorror\/","https:\/\/www.pinterest.co.uk\/madabouthorror\/","https:\/\/www.youtube.com\/channel\/UCBooLOIxjoQ89dj6T5lWm_w","https:\/\/www.tiktok.com\/@weremadabouthorror"]}]}},"df_price":29.12,"df_sale_price":"","df_regular_price":29.12,"df_image_link":"https:\/\/madabouthorror.co.uk\/wp-content\/uploads\/2021\/02\/trick_or_treat_studios_halloween_kills_-_knife-300x300.jpg","_links":{"self":[{"href":"https:\/\/madabouthorror.co.uk\/de\/wp-json\/wp\/v2\/product\/47236","targetHints":{"allow":["GET"]}}],"collection":[{"href":"https:\/\/madabouthorror.co.uk\/de\/wp-json\/wp\/v2\/product"}],"about":[{"href":"https:\/\/madabouthorror.co.uk\/de\/wp-json\/wp\/v2\/types\/product"}],"replies":[{"embeddable":true,"href":"https:\/\/madabouthorror.co.uk\/de\/wp-json\/wp\/v2\/comments?post=47236"}],"wp:featuredmedia":[{"embeddable":true,"href":"https:\/\/madabouthorror.co.uk\/de\/wp-json\/wp\/v2\/media\/47235"}],"wp:attachment":[{"href":"https:\/\/madabouthorror.co.uk\/de\/wp-json\/wp\/v2\/media?parent=47236"}],"wp:term":[{"taxonomy":"product_brand","embeddable":true,"href":"https:\/\/madabouthorror.co.uk\/de\/wp-json\/wp\/v2\/product_brand?post=47236"},{"taxonomy":"product_cat","embeddable":true,"href":"https:\/\/madabouthorror.co.uk\/de\/wp-json\/wp\/v2\/product_cat?post=47236"},{"taxonomy":"product_tag","embeddable":true,"href":"https:\/\/madabouthorror.co.uk\/de\/wp-json\/wp\/v2\/product_tag?post=47236"}],"curies":[{"name":"wp","href":"https:\/\/api.w.org\/{rel}","templated":true}]}}