{"id":473494,"date":"2024-02-07T14:31:18","date_gmt":"2024-02-07T14:31:18","guid":{"rendered":"https:\/\/madabouthorror.co.uk\/?post_type=product&#038;p=473494"},"modified":"2026-04-20T15:40:16","modified_gmt":"2026-04-20T14:40:16","slug":"texas-chainsaw-massacre-the-beginning-leatherface-muzzle-mask","status":"publish","type":"product","link":"https:\/\/madabouthorror.co.uk\/de\/product\/texas-chainsaw-massacre-the-beginning-leatherface-muzzle-mask\/","title":{"rendered":"Texas Chainsaw Massacre: The Beginning - Leatherface Muzzle Mask"},"content":{"rendered":"<div class=\"group\/conversation-turn relative flex w-full min-w-0 flex-col agent-turn\">\n<div class=\"flex-col gap-1 md:gap-3\">\n<div class=\"flex flex-grow flex-col max-w-full\">\n<div class=\"min-h-[20px] text-message flex flex-col items-start whitespace-pre-wrap break-words [.text-message+&amp;]:mt-5 juice:w-full juice:items-end overflow-x-auto gap-2\" dir=\"auto\" data-message-author-role=\"assistant\" data-message-id=\"cfde3339-148e-413b-9c57-f7c6cde43464\">\n<div class=\"flex w-full flex-col gap-1 juice:empty:hidden juice:first:pt-[3px]\">\n<div class=\"markdown prose w-full break-words dark:prose-invert dark\">\n<p>Aus \"The Texas Chainsaw Massacre: The Beginning\", dem Prequel des \"Texas Chainsaw\"-Reboots von 2003, stammt Leatherfaces bedrohliche Muzzle-Maske aus dem Film. Diese Maske besticht durch unglaubliche Details, die echtem Leder \u00e4hneln, sowie verstellbare Klettverschl\u00fcsse f\u00fcr Komfort und einfaches Tragen.<\/p>\n<\/div>\n<p>Holen Sie sich die offizielle 1974 Vinyl Leatherface Fesselmaske zusammen mit unserem Leatherface-Kost\u00fcm und der Kettens\u00e4ge und machen Sie die Nachbarschaft an Halloween unsicher!<\/p>\n<\/div>\n<div class=\"description rte section cf not-in-quickbuy\">\n<p><strong>Einzelheiten:<\/strong><\/p>\n<ul>\n<li><span data-sheets-root=\"1\" data-sheets-value=\"{&quot;1&quot;:2,&quot;2&quot;:&quot;Every detail of Leatherface's iconic Pretty Woman Mask is captured in this amazing vinyl mask. Get your official The Texas Chainsaw Massacre (1974) - Leatherface Pretty Woman Mask today!nnMaterial: Vinyl&quot;}\" data-sheets-userformat=\"{&quot;2&quot;:2785,&quot;3&quot;:{&quot;1&quot;:0},&quot;8&quot;:{&quot;1&quot;:[{&quot;1&quot;:2,&quot;2&quot;:0,&quot;5&quot;:{&quot;1&quot;:2,&quot;2&quot;:0}},{&quot;1&quot;:0,&quot;2&quot;:0,&quot;3&quot;:3},{&quot;1&quot;:1,&quot;2&quot;:0,&quot;4&quot;:1}]},&quot;9&quot;:0,&quot;10&quot;:0,&quot;12&quot;:0,&quot;14&quot;:{&quot;1&quot;:2,&quot;2&quot;:2170142}}\">Material: Latex<\/span><\/li>\n<\/ul>\n<\/div>\n<div class=\"rte cf light-inner-row not-in-quickbuy\">\n<p>THE TEXAS CHAINSAW MASSACRE\u00a9 1974 Vortex, Inc.\/Kim Henkel\/Tobe Hooper. Alle Rechte vorbehalten THE TEXAS CHAINSAW MASSACRE\u00a9 und Leatherface\u2122 sind Warenzeichen von Vortex Inc.\/ Kim Henkel\/Tobe Hooper<\/p>\n<\/div>\n<\/div>\n<\/div>\n<\/div>\n<\/div>","protected":false},"excerpt":{"rendered":"<p>Aus The Texas Chainsaw Massacre: The Beginning, dem Prequel aus dem Jahr 2006 zum Reboot von Texas Chainsaw aus dem Jahr 2003, kommt Leatherfaces bedrohliche Maulmaske aus dem Film. Diese Maske zeichnet sich durch unglaubliche Details aus, die echtem Leder \u00e4hneln, sowie durch verstellbare Klettverschl\u00fcsse f\u00fcr Komfort und einfaches Tragen. Holen Sie sich die offizielle Vinyl-Leatherface-Maulmaske von 1974 zusammen mit unserem [\u2026]<\/p>","protected":false},"featured_media":487047,"comment_status":"closed","ping_status":"closed","template":"","meta":{"_acf_changed":false},"product_brand":[],"product_cat":[6580,10100,10017,6537,10038,9962,6541,6789,6792,6675],"product_tag":[],"class_list":{"0":"post-473494","1":"product","2":"type-product","3":"status-publish","4":"has-post-thumbnail","6":"product_cat-movie-tv","7":"product_cat-latex-masks","8":"product_cat-leatherface-masks-horror-movie-and-tv","9":"product_cat-collectibles","10":"product_cat-horror-gifts","11":"product_cat-trick-or-treat-studios-masks","12":"product_cat-masks","13":"product_cat-leatherface","14":"product_cat-trick-or-treat-studios","15":"product_cat-texaschainsawmassacre","16":"product_shipping_class-small-parcel-economy-3-5-business-days","18":"first","19":"instock","20":"taxable","21":"shipping-taxable","22":"purchasable","23":"product-type-simple"},"supplier_id":467429,"supplier_sku":"RLRL103","barcode":"810116282890","atum_controlled":true,"out_stock_date":null,"out_stock_threshold":null,"inheritable":false,"inbound_stock":8,"stock_on_hold":0,"sold_today":0,"sales_last_days":0,"reserved_stock":0,"customer_returns":0,"warehouse_damage":0,"lost_in_post":0,"other_logs":0,"out_stock_days":0,"lost_sales":0,"has_location":false,"update_date":"2026-05-13T01:37:12","atum_locations":[],"atum_stock_status":"instock","restock_status":false,"low_stock_amount":12,"sales_update_date":"2026-05-13T01:37:11","calc_backorders":null,"acf":[],"yoast_head":"<!-- This site is optimized with the Yoast SEO plugin v27.6 - https:\/\/yoast.com\/product\/yoast-seo-wordpress\/ -->\n<title>Texas Chainsaw Massacre: The Beginning Leatherface Muzzle Mask<\/title>\n<meta name=\"description\" content=\"Texas Chainsaw Massacre: The Beginning - Leatherface Muzzle Mask. PRE-ORDER now available in the UK from Mad About Horror.\" \/>\n<meta name=\"robots\" content=\"index, follow, max-snippet:-1, max-image-preview:large, max-video-preview:-1\" \/>\n<link rel=\"canonical\" href=\"https:\/\/madabouthorror.co.uk\/de\/product\/texas-chainsaw-massacre-the-beginning-leatherface-muzzle-mask\/\" \/>\n<meta property=\"og:locale\" content=\"de_DE\" \/>\n<meta property=\"og:type\" content=\"article\" \/>\n<meta property=\"og:title\" content=\"Texas Chainsaw Massacre: The Beginning Leatherface Muzzle Mask\" \/>\n<meta property=\"og:description\" content=\"Texas Chainsaw Massacre: The Beginning - Leatherface Muzzle Mask. PRE-ORDER now available in the UK from Mad About Horror.\" \/>\n<meta property=\"og:url\" content=\"https:\/\/madabouthorror.co.uk\/de\/product\/texas-chainsaw-massacre-the-beginning-leatherface-muzzle-mask\/\" \/>\n<meta property=\"og:site_name\" content=\"Mad About Horror\" \/>\n<meta property=\"article:publisher\" content=\"https:\/\/www.facebook.com\/madabouthorror\/\" \/>\n<meta property=\"article:modified_time\" content=\"2026-04-20T14:40:16+00:00\" \/>\n<meta property=\"og:image\" content=\"https:\/\/madabouthorror.co.uk\/wp-content\/uploads\/2024\/02\/Leatherface-Muzzle-Mask-1.png\" \/>\n\t<meta property=\"og:image:width\" content=\"1890\" \/>\n\t<meta property=\"og:image:height\" content=\"1890\" \/>\n\t<meta property=\"og:image:type\" content=\"image\/png\" \/>\n<meta name=\"twitter:card\" content=\"summary_large_image\" \/>\n<meta name=\"twitter:label1\" content=\"Gesch\u00e4tzte Lesezeit\" \/>\n\t<meta name=\"twitter:data1\" content=\"1\u00a0Minute\" \/>\n<script type=\"application\/ld+json\" class=\"yoast-schema-graph\">{\"@context\":\"https:\\\/\\\/schema.org\",\"@graph\":[{\"@type\":[\"WebPage\",\"ItemPage\"],\"@id\":\"https:\\\/\\\/madabouthorror.co.uk\\\/product\\\/texas-chainsaw-massacre-the-beginning-leatherface-muzzle-mask\\\/\",\"url\":\"https:\\\/\\\/madabouthorror.co.uk\\\/product\\\/texas-chainsaw-massacre-the-beginning-leatherface-muzzle-mask\\\/\",\"name\":\"Texas Chainsaw Massacre: The Beginning Leatherface Muzzle Mask\",\"isPartOf\":{\"@id\":\"https:\\\/\\\/madabouthorror.co.uk\\\/#website\"},\"primaryImageOfPage\":{\"@id\":\"https:\\\/\\\/madabouthorror.co.uk\\\/product\\\/texas-chainsaw-massacre-the-beginning-leatherface-muzzle-mask\\\/#primaryimage\"},\"image\":{\"@id\":\"https:\\\/\\\/madabouthorror.co.uk\\\/product\\\/texas-chainsaw-massacre-the-beginning-leatherface-muzzle-mask\\\/#primaryimage\"},\"thumbnailUrl\":\"https:\\\/\\\/madabouthorror.co.uk\\\/wp-content\\\/uploads\\\/2024\\\/02\\\/Leatherface-Muzzle-Mask-1.png\",\"datePublished\":\"2024-02-07T14:31:18+00:00\",\"dateModified\":\"2026-04-20T14:40:16+00:00\",\"description\":\"Texas Chainsaw Massacre: The Beginning - Leatherface Muzzle Mask. PRE-ORDER now available in the UK from Mad About Horror.\",\"breadcrumb\":{\"@id\":\"https:\\\/\\\/madabouthorror.co.uk\\\/product\\\/texas-chainsaw-massacre-the-beginning-leatherface-muzzle-mask\\\/#breadcrumb\"},\"inLanguage\":\"de\",\"potentialAction\":[{\"@type\":\"ReadAction\",\"target\":[\"https:\\\/\\\/madabouthorror.co.uk\\\/product\\\/texas-chainsaw-massacre-the-beginning-leatherface-muzzle-mask\\\/\"]}]},{\"@type\":\"ImageObject\",\"inLanguage\":\"de\",\"@id\":\"https:\\\/\\\/madabouthorror.co.uk\\\/product\\\/texas-chainsaw-massacre-the-beginning-leatherface-muzzle-mask\\\/#primaryimage\",\"url\":\"https:\\\/\\\/madabouthorror.co.uk\\\/wp-content\\\/uploads\\\/2024\\\/02\\\/Leatherface-Muzzle-Mask-1.png\",\"contentUrl\":\"https:\\\/\\\/madabouthorror.co.uk\\\/wp-content\\\/uploads\\\/2024\\\/02\\\/Leatherface-Muzzle-Mask-1.png\",\"width\":1890,\"height\":1890,\"caption\":\"Leatherface Muzzle Mask\"},{\"@type\":\"BreadcrumbList\",\"@id\":\"https:\\\/\\\/madabouthorror.co.uk\\\/product\\\/texas-chainsaw-massacre-the-beginning-leatherface-muzzle-mask\\\/#breadcrumb\",\"itemListElement\":[{\"@type\":\"ListItem\",\"position\":1,\"name\":\"Shop\",\"item\":\"https:\\\/\\\/madabouthorror.co.uk\\\/shop\\\/\"},{\"@type\":\"ListItem\",\"position\":2,\"name\":\"Texas Chainsaw Massacre: The Beginning &#8211; Leatherface Muzzle Mask\"}]},{\"@type\":\"WebSite\",\"@id\":\"https:\\\/\\\/madabouthorror.co.uk\\\/#website\",\"url\":\"https:\\\/\\\/madabouthorror.co.uk\\\/\",\"name\":\"Mad About Horror\",\"description\":\"\",\"publisher\":{\"@id\":\"https:\\\/\\\/madabouthorror.co.uk\\\/#organization\"},\"alternateName\":\"Mad About Horror Limited\",\"potentialAction\":[{\"@type\":\"SearchAction\",\"target\":{\"@type\":\"EntryPoint\",\"urlTemplate\":\"https:\\\/\\\/madabouthorror.co.uk\\\/?s={search_term_string}\"},\"query-input\":{\"@type\":\"PropertyValueSpecification\",\"valueRequired\":true,\"valueName\":\"search_term_string\"}}],\"inLanguage\":\"de\"},{\"@type\":\"Organization\",\"@id\":\"https:\\\/\\\/madabouthorror.co.uk\\\/#organization\",\"name\":\"Mad About Horror\",\"url\":\"https:\\\/\\\/madabouthorror.co.uk\\\/\",\"logo\":{\"@type\":\"ImageObject\",\"inLanguage\":\"de\",\"@id\":\"https:\\\/\\\/madabouthorror.co.uk\\\/#\\\/schema\\\/logo\\\/image\\\/\",\"url\":\"https:\\\/\\\/madabouthorror.co.uk\\\/wp-content\\\/uploads\\\/2024\\\/02\\\/cropped-Logo.png\",\"contentUrl\":\"https:\\\/\\\/madabouthorror.co.uk\\\/wp-content\\\/uploads\\\/2024\\\/02\\\/cropped-Logo.png\",\"width\":240,\"height\":88,\"caption\":\"Mad About Horror\"},\"image\":{\"@id\":\"https:\\\/\\\/madabouthorror.co.uk\\\/#\\\/schema\\\/logo\\\/image\\\/\"},\"sameAs\":[\"https:\\\/\\\/www.facebook.com\\\/madabouthorror\\\/\",\"https:\\\/\\\/www.instagram.com\\\/madabouthorror\\\/\",\"https:\\\/\\\/www.pinterest.co.uk\\\/madabouthorror\\\/\",\"https:\\\/\\\/www.youtube.com\\\/channel\\\/UCBooLOIxjoQ89dj6T5lWm_w\",\"https:\\\/\\\/www.tiktok.com\\\/@weremadabouthorror\"]}]}<\/script>\n<!-- \/ Yoast SEO plugin. -->","yoast_head_json":{"title":"Texas Chainsaw Massacre: The Beginning Leatherface Maske","description":"Texas Chainsaw Massacre: The Beginning \u2013 Leatherface Mundmaske. Vorbestellung jetzt erh\u00e4ltlich in Gro\u00dfbritannien bei Mad About Horror.","robots":{"index":"index","follow":"follow","max-snippet":"max-snippet:-1","max-image-preview":"max-image-preview:large","max-video-preview":"max-video-preview:-1"},"canonical":"https:\/\/madabouthorror.co.uk\/de\/product\/texas-chainsaw-massacre-the-beginning-leatherface-muzzle-mask\/","og_locale":"de_DE","og_type":"article","og_title":"Texas Chainsaw Massacre: The Beginning Leatherface Muzzle Mask","og_description":"Texas Chainsaw Massacre: The Beginning - Leatherface Muzzle Mask. PRE-ORDER now available in the UK from Mad About Horror.","og_url":"https:\/\/madabouthorror.co.uk\/de\/product\/texas-chainsaw-massacre-the-beginning-leatherface-muzzle-mask\/","og_site_name":"Mad About Horror","article_publisher":"https:\/\/www.facebook.com\/madabouthorror\/","article_modified_time":"2026-04-20T14:40:16+00:00","og_image":[{"width":1890,"height":1890,"url":"https:\/\/madabouthorror.co.uk\/wp-content\/uploads\/2024\/02\/Leatherface-Muzzle-Mask-1.png","type":"image\/png"}],"twitter_card":"summary_large_image","twitter_misc":{"Gesch\u00e4tzte Lesezeit":"1\u00a0Minute"},"schema":{"@context":"https:\/\/schema.org","@graph":[{"@type":["WebPage","ItemPage"],"@id":"https:\/\/madabouthorror.co.uk\/product\/texas-chainsaw-massacre-the-beginning-leatherface-muzzle-mask\/","url":"https:\/\/madabouthorror.co.uk\/product\/texas-chainsaw-massacre-the-beginning-leatherface-muzzle-mask\/","name":"Texas Chainsaw Massacre: The Beginning Leatherface Maske","isPartOf":{"@id":"https:\/\/madabouthorror.co.uk\/#website"},"primaryImageOfPage":{"@id":"https:\/\/madabouthorror.co.uk\/product\/texas-chainsaw-massacre-the-beginning-leatherface-muzzle-mask\/#primaryimage"},"image":{"@id":"https:\/\/madabouthorror.co.uk\/product\/texas-chainsaw-massacre-the-beginning-leatherface-muzzle-mask\/#primaryimage"},"thumbnailUrl":"https:\/\/madabouthorror.co.uk\/wp-content\/uploads\/2024\/02\/Leatherface-Muzzle-Mask-1.png","datePublished":"2024-02-07T14:31:18+00:00","dateModified":"2026-04-20T14:40:16+00:00","description":"Texas Chainsaw Massacre: The Beginning \u2013 Leatherface Mundmaske. Vorbestellung jetzt erh\u00e4ltlich in Gro\u00dfbritannien bei Mad About Horror.","breadcrumb":{"@id":"https:\/\/madabouthorror.co.uk\/product\/texas-chainsaw-massacre-the-beginning-leatherface-muzzle-mask\/#breadcrumb"},"inLanguage":"de","potentialAction":[{"@type":"ReadAction","target":["https:\/\/madabouthorror.co.uk\/product\/texas-chainsaw-massacre-the-beginning-leatherface-muzzle-mask\/"]}]},{"@type":"ImageObject","inLanguage":"de","@id":"https:\/\/madabouthorror.co.uk\/product\/texas-chainsaw-massacre-the-beginning-leatherface-muzzle-mask\/#primaryimage","url":"https:\/\/madabouthorror.co.uk\/wp-content\/uploads\/2024\/02\/Leatherface-Muzzle-Mask-1.png","contentUrl":"https:\/\/madabouthorror.co.uk\/wp-content\/uploads\/2024\/02\/Leatherface-Muzzle-Mask-1.png","width":1890,"height":1890,"caption":"Leatherface Muzzle Mask"},{"@type":"BreadcrumbList","@id":"https:\/\/madabouthorror.co.uk\/product\/texas-chainsaw-massacre-the-beginning-leatherface-muzzle-mask\/#breadcrumb","itemListElement":[{"@type":"ListItem","position":1,"name":"Shop","item":"https:\/\/madabouthorror.co.uk\/shop\/"},{"@type":"ListItem","position":2,"name":"Texas Chainsaw Massacre: The Beginning &#8211; Leatherface Muzzle Mask"}]},{"@type":"WebSite","@id":"https:\/\/madabouthorror.co.uk\/#website","url":"https:\/\/madabouthorror.co.uk\/","name":"Verr\u00fcckt nach Horror","description":"","publisher":{"@id":"https:\/\/madabouthorror.co.uk\/#organization"},"alternateName":"Mad About Horror Limited","potentialAction":[{"@type":"SearchAction","target":{"@type":"EntryPoint","urlTemplate":"https:\/\/madabouthorror.co.uk\/?s={search_term_string}"},"query-input":{"@type":"PropertyValueSpecification","valueRequired":true,"valueName":"search_term_string"}}],"inLanguage":"de"},{"@type":"Organization","@id":"https:\/\/madabouthorror.co.uk\/#organization","name":"Verr\u00fcckt nach Horror","url":"https:\/\/madabouthorror.co.uk\/","logo":{"@type":"ImageObject","inLanguage":"de","@id":"https:\/\/madabouthorror.co.uk\/#\/schema\/logo\/image\/","url":"https:\/\/madabouthorror.co.uk\/wp-content\/uploads\/2024\/02\/cropped-Logo.png","contentUrl":"https:\/\/madabouthorror.co.uk\/wp-content\/uploads\/2024\/02\/cropped-Logo.png","width":240,"height":88,"caption":"Mad About Horror"},"image":{"@id":"https:\/\/madabouthorror.co.uk\/#\/schema\/logo\/image\/"},"sameAs":["https:\/\/www.facebook.com\/madabouthorror\/","https:\/\/www.instagram.com\/madabouthorror\/","https:\/\/www.pinterest.co.uk\/madabouthorror\/","https:\/\/www.youtube.com\/channel\/UCBooLOIxjoQ89dj6T5lWm_w","https:\/\/www.tiktok.com\/@weremadabouthorror"]}]}},"df_price":29.95,"df_sale_price":"","df_regular_price":29.95,"df_image_link":"https:\/\/madabouthorror.co.uk\/wp-content\/uploads\/2024\/02\/Leatherface-Muzzle-Mask-1-300x300.png","_links":{"self":[{"href":"https:\/\/madabouthorror.co.uk\/de\/wp-json\/wp\/v2\/product\/473494","targetHints":{"allow":["GET"]}}],"collection":[{"href":"https:\/\/madabouthorror.co.uk\/de\/wp-json\/wp\/v2\/product"}],"about":[{"href":"https:\/\/madabouthorror.co.uk\/de\/wp-json\/wp\/v2\/types\/product"}],"replies":[{"embeddable":true,"href":"https:\/\/madabouthorror.co.uk\/de\/wp-json\/wp\/v2\/comments?post=473494"}],"wp:featuredmedia":[{"embeddable":true,"href":"https:\/\/madabouthorror.co.uk\/de\/wp-json\/wp\/v2\/media\/487047"}],"wp:attachment":[{"href":"https:\/\/madabouthorror.co.uk\/de\/wp-json\/wp\/v2\/media?parent=473494"}],"wp:term":[{"taxonomy":"product_brand","embeddable":true,"href":"https:\/\/madabouthorror.co.uk\/de\/wp-json\/wp\/v2\/product_brand?post=473494"},{"taxonomy":"product_cat","embeddable":true,"href":"https:\/\/madabouthorror.co.uk\/de\/wp-json\/wp\/v2\/product_cat?post=473494"},{"taxonomy":"product_tag","embeddable":true,"href":"https:\/\/madabouthorror.co.uk\/de\/wp-json\/wp\/v2\/product_tag?post=473494"}],"curies":[{"name":"wp","href":"https:\/\/api.w.org\/{rel}","templated":true}]}}