{"id":473602,"date":"2026-02-23T13:48:12","date_gmt":"2026-02-23T13:48:12","guid":{"rendered":"https:\/\/madabouthorror.co.uk\/?post_type=product&#038;p=473602"},"modified":"2026-04-02T09:43:01","modified_gmt":"2026-04-02T08:43:01","slug":"kiss-the-starchild-deluxe-injection-mask","status":"publish","type":"product","link":"https:\/\/madabouthorror.co.uk\/de\/product\/kiss-the-starchild-deluxe-injection-mask\/","title":{"rendered":"KISS - Das Sternenkind Deluxe Injektionsmaske"},"content":{"rendered":"<div class=\"description rte section cf not-in-quickbuy\">\n<p>Wir stellen die offiziell lizenzierte KISS - The Starchild Deluxe Injection Mask von Trick or Treat Studios vor. Diese Deluxe-Gesichtsmaske ist aus festem Kunststoff gefertigt, geformt und bemalt, um die Essenz der B\u00fchnenpers\u00f6nlichkeit von The Starchilds einzufangen.<\/p>\n<p>Die Maske ist mit einem elastischen Band versehen, das f\u00fcr einen sicheren Sitz bei allen Halloween-Abenteuern sorgt. Zus\u00e4tzlich ist eine gestylte Per\u00fccke an der Maske befestigt, die vollst\u00e4ndige Abdeckung und einfaches Tragen f\u00fcr eine vollst\u00e4ndige Verwandlung in den kultigen Rocker bietet.<\/p>\n<\/div>\n<div class=\"rte cf light-inner-row not-in-quickbuy\">\n<p>\u00a9 2023 KISS Catalog, Ltd. Unter Lizenz von Epic Rights<\/p>\n<\/div>\n<div class=\"rte cf light-inner-row not-in-quickbuy\">\n<p>Ungef\u00e4hr 9\u2033 hoch &amp; 8\u2033 breit<\/p>\n<\/div>","protected":false},"excerpt":{"rendered":"<p>Wir stellen die offiziell lizenzierte KISS - The Starchild Deluxe Injection Mask von Trick or Treat Studios vor. Diese Deluxe-Gesichtsmaske ist aus festem Kunststoff gefertigt, geformt und bemalt, um die Essenz der B\u00fchnenpers\u00f6nlichkeit von The Starchilds einzufangen. Die Maske ist mit einem elastischen Band ausgestattet, das f\u00fcr einen bequemen Tragekomfort sorgt und einen sicheren Sitz w\u00e4hrend deiner Halloween-Abenteuer garantiert. Au\u00dferdem [...]<\/p>","protected":false},"featured_media":483708,"comment_status":"closed","ping_status":"closed","template":"","meta":{"_acf_changed":false},"product_brand":[],"product_cat":[10038,9962,6541,6601,6780,6792],"product_tag":[],"class_list":{"0":"post-473602","1":"product","2":"type-product","3":"status-publish","4":"has-post-thumbnail","6":"product_cat-horror-gifts","7":"product_cat-trick-or-treat-studios-masks","8":"product_cat-masks","9":"product_cat-music-bands","10":"product_cat-brand","11":"product_cat-trick-or-treat-studios","12":"product_shipping_class-small-parcel-economy-3-5-business-days","14":"first","15":"outofstock","16":"taxable","17":"shipping-taxable","18":"purchasable","19":"product-type-simple"},"supplier_id":471029,"supplier_sku":"TTER102","barcode":"810116282098","atum_controlled":true,"out_stock_date":"2026-02-23 13:48:14","out_stock_threshold":null,"inheritable":false,"inbound_stock":0,"stock_on_hold":0,"sold_today":0,"sales_last_days":0,"reserved_stock":0,"customer_returns":0,"warehouse_damage":0,"lost_in_post":0,"other_logs":0,"out_stock_days":39,"lost_sales":0,"has_location":false,"update_date":"2026-04-04T01:41:21","atum_locations":[],"atum_stock_status":"outofstock","restock_status":false,"low_stock_amount":1,"sales_update_date":"2026-04-04T01:41:20","calc_backorders":null,"acf":[],"yoast_head":"<!-- This site is optimized with the Yoast SEO plugin v27.3 - https:\/\/yoast.com\/product\/yoast-seo-wordpress\/ -->\n<title>KISS - The Starchild Deluxe Injection Mask | Mad About Horror<\/title>\n<meta name=\"description\" content=\"Officially licensed KISS - The Starchild Deluxe Injection Mask from Trick or Treat Studios. Available now from from Mad About Horror.\" \/>\n<meta name=\"robots\" content=\"index, follow, max-snippet:-1, max-image-preview:large, max-video-preview:-1\" \/>\n<link rel=\"canonical\" href=\"https:\/\/madabouthorror.co.uk\/de\/product\/kiss-the-starchild-deluxe-injection-mask\/\" \/>\n<meta property=\"og:locale\" content=\"de_DE\" \/>\n<meta property=\"og:type\" content=\"article\" \/>\n<meta property=\"og:title\" content=\"KISS - The Starchild Deluxe Injection Mask | Mad About Horror\" \/>\n<meta property=\"og:description\" content=\"Officially licensed KISS - The Starchild Deluxe Injection Mask from Trick or Treat Studios. Available now from from Mad About Horror.\" \/>\n<meta property=\"og:url\" content=\"https:\/\/madabouthorror.co.uk\/de\/product\/kiss-the-starchild-deluxe-injection-mask\/\" \/>\n<meta property=\"og:site_name\" content=\"Mad About Horror\" \/>\n<meta property=\"article:publisher\" content=\"https:\/\/www.facebook.com\/madabouthorror\/\" \/>\n<meta property=\"article:modified_time\" content=\"2026-04-02T08:43:01+00:00\" \/>\n<meta property=\"og:image\" content=\"https:\/\/madabouthorror.co.uk\/wp-content\/uploads\/2024\/02\/TTER102-kiss-starchild-mask-front_1512x.jpg.webp\" \/>\n\t<meta property=\"og:image:width\" content=\"1500\" \/>\n\t<meta property=\"og:image:height\" content=\"1500\" \/>\n\t<meta property=\"og:image:type\" content=\"image\/webp\" \/>\n<meta name=\"twitter:card\" content=\"summary_large_image\" \/>\n<meta name=\"twitter:label1\" content=\"Gesch\u00e4tzte Lesezeit\" \/>\n\t<meta name=\"twitter:data1\" content=\"1\u00a0Minute\" \/>\n<script type=\"application\/ld+json\" class=\"yoast-schema-graph\">{\"@context\":\"https:\\\/\\\/schema.org\",\"@graph\":[{\"@type\":[\"WebPage\",\"ItemPage\"],\"@id\":\"https:\\\/\\\/madabouthorror.co.uk\\\/product\\\/kiss-the-starchild-deluxe-injection-mask\\\/\",\"url\":\"https:\\\/\\\/madabouthorror.co.uk\\\/product\\\/kiss-the-starchild-deluxe-injection-mask\\\/\",\"name\":\"KISS - The Starchild Deluxe Injection Mask | Mad About Horror\",\"isPartOf\":{\"@id\":\"https:\\\/\\\/madabouthorror.co.uk\\\/#website\"},\"primaryImageOfPage\":{\"@id\":\"https:\\\/\\\/madabouthorror.co.uk\\\/product\\\/kiss-the-starchild-deluxe-injection-mask\\\/#primaryimage\"},\"image\":{\"@id\":\"https:\\\/\\\/madabouthorror.co.uk\\\/product\\\/kiss-the-starchild-deluxe-injection-mask\\\/#primaryimage\"},\"thumbnailUrl\":\"https:\\\/\\\/madabouthorror.co.uk\\\/wp-content\\\/uploads\\\/2024\\\/02\\\/TTER102-kiss-starchild-mask-front_1512x.jpg.webp\",\"datePublished\":\"2026-02-23T13:48:12+00:00\",\"dateModified\":\"2026-04-02T08:43:01+00:00\",\"description\":\"Officially licensed KISS - The Starchild Deluxe Injection Mask from Trick or Treat Studios. Available now from from Mad About Horror.\",\"breadcrumb\":{\"@id\":\"https:\\\/\\\/madabouthorror.co.uk\\\/product\\\/kiss-the-starchild-deluxe-injection-mask\\\/#breadcrumb\"},\"inLanguage\":\"de\",\"potentialAction\":[{\"@type\":\"ReadAction\",\"target\":[\"https:\\\/\\\/madabouthorror.co.uk\\\/product\\\/kiss-the-starchild-deluxe-injection-mask\\\/\"]}]},{\"@type\":\"ImageObject\",\"inLanguage\":\"de\",\"@id\":\"https:\\\/\\\/madabouthorror.co.uk\\\/product\\\/kiss-the-starchild-deluxe-injection-mask\\\/#primaryimage\",\"url\":\"https:\\\/\\\/madabouthorror.co.uk\\\/wp-content\\\/uploads\\\/2024\\\/02\\\/TTER102-kiss-starchild-mask-front_1512x.jpg.webp\",\"contentUrl\":\"https:\\\/\\\/madabouthorror.co.uk\\\/wp-content\\\/uploads\\\/2024\\\/02\\\/TTER102-kiss-starchild-mask-front_1512x.jpg.webp\",\"width\":1500,\"height\":1500},{\"@type\":\"BreadcrumbList\",\"@id\":\"https:\\\/\\\/madabouthorror.co.uk\\\/product\\\/kiss-the-starchild-deluxe-injection-mask\\\/#breadcrumb\",\"itemListElement\":[{\"@type\":\"ListItem\",\"position\":1,\"name\":\"Shop\",\"item\":\"https:\\\/\\\/madabouthorror.co.uk\\\/shop\\\/\"},{\"@type\":\"ListItem\",\"position\":2,\"name\":\"KISS &#8211; The Starchild Deluxe Injection Mask\"}]},{\"@type\":\"WebSite\",\"@id\":\"https:\\\/\\\/madabouthorror.co.uk\\\/#website\",\"url\":\"https:\\\/\\\/madabouthorror.co.uk\\\/\",\"name\":\"Mad About Horror\",\"description\":\"\",\"publisher\":{\"@id\":\"https:\\\/\\\/madabouthorror.co.uk\\\/#organization\"},\"alternateName\":\"Mad About Horror Limited\",\"potentialAction\":[{\"@type\":\"SearchAction\",\"target\":{\"@type\":\"EntryPoint\",\"urlTemplate\":\"https:\\\/\\\/madabouthorror.co.uk\\\/?s={search_term_string}\"},\"query-input\":{\"@type\":\"PropertyValueSpecification\",\"valueRequired\":true,\"valueName\":\"search_term_string\"}}],\"inLanguage\":\"de\"},{\"@type\":\"Organization\",\"@id\":\"https:\\\/\\\/madabouthorror.co.uk\\\/#organization\",\"name\":\"Mad About Horror\",\"url\":\"https:\\\/\\\/madabouthorror.co.uk\\\/\",\"logo\":{\"@type\":\"ImageObject\",\"inLanguage\":\"de\",\"@id\":\"https:\\\/\\\/madabouthorror.co.uk\\\/#\\\/schema\\\/logo\\\/image\\\/\",\"url\":\"https:\\\/\\\/madabouthorror.co.uk\\\/wp-content\\\/uploads\\\/2024\\\/02\\\/cropped-Logo.png\",\"contentUrl\":\"https:\\\/\\\/madabouthorror.co.uk\\\/wp-content\\\/uploads\\\/2024\\\/02\\\/cropped-Logo.png\",\"width\":240,\"height\":88,\"caption\":\"Mad About Horror\"},\"image\":{\"@id\":\"https:\\\/\\\/madabouthorror.co.uk\\\/#\\\/schema\\\/logo\\\/image\\\/\"},\"sameAs\":[\"https:\\\/\\\/www.facebook.com\\\/madabouthorror\\\/\",\"https:\\\/\\\/www.instagram.com\\\/madabouthorror\\\/\",\"https:\\\/\\\/www.pinterest.co.uk\\\/madabouthorror\\\/\",\"https:\\\/\\\/www.youtube.com\\\/channel\\\/UCBooLOIxjoQ89dj6T5lWm_w\",\"https:\\\/\\\/www.tiktok.com\\\/@weremadabouthorror\"]}]}<\/script>\n<!-- \/ Yoast SEO plugin. -->","yoast_head_json":{"title":"KISS - Die Starchild Deluxe Injektionsmaske | Mad About Horror","description":"Offiziell lizenzierte KISS - The Starchild Deluxe Injection Mask von Trick or Treat Studios. Erh\u00e4ltlich ab sofort bei Mad About Horror.","robots":{"index":"index","follow":"follow","max-snippet":"max-snippet:-1","max-image-preview":"max-image-preview:large","max-video-preview":"max-video-preview:-1"},"canonical":"https:\/\/madabouthorror.co.uk\/de\/product\/kiss-the-starchild-deluxe-injection-mask\/","og_locale":"de_DE","og_type":"article","og_title":"KISS - The Starchild Deluxe Injection Mask | Mad About Horror","og_description":"Officially licensed KISS - The Starchild Deluxe Injection Mask from Trick or Treat Studios. Available now from from Mad About Horror.","og_url":"https:\/\/madabouthorror.co.uk\/de\/product\/kiss-the-starchild-deluxe-injection-mask\/","og_site_name":"Mad About Horror","article_publisher":"https:\/\/www.facebook.com\/madabouthorror\/","article_modified_time":"2026-04-02T08:43:01+00:00","og_image":[{"width":1500,"height":1500,"url":"https:\/\/madabouthorror.co.uk\/wp-content\/uploads\/2024\/02\/TTER102-kiss-starchild-mask-front_1512x.jpg.webp","type":"image\/webp"}],"twitter_card":"summary_large_image","twitter_misc":{"Gesch\u00e4tzte Lesezeit":"1\u00a0Minute"},"schema":{"@context":"https:\/\/schema.org","@graph":[{"@type":["WebPage","ItemPage"],"@id":"https:\/\/madabouthorror.co.uk\/product\/kiss-the-starchild-deluxe-injection-mask\/","url":"https:\/\/madabouthorror.co.uk\/product\/kiss-the-starchild-deluxe-injection-mask\/","name":"KISS - Die Starchild Deluxe Injektionsmaske | Mad About Horror","isPartOf":{"@id":"https:\/\/madabouthorror.co.uk\/#website"},"primaryImageOfPage":{"@id":"https:\/\/madabouthorror.co.uk\/product\/kiss-the-starchild-deluxe-injection-mask\/#primaryimage"},"image":{"@id":"https:\/\/madabouthorror.co.uk\/product\/kiss-the-starchild-deluxe-injection-mask\/#primaryimage"},"thumbnailUrl":"https:\/\/madabouthorror.co.uk\/wp-content\/uploads\/2024\/02\/TTER102-kiss-starchild-mask-front_1512x.jpg.webp","datePublished":"2026-02-23T13:48:12+00:00","dateModified":"2026-04-02T08:43:01+00:00","description":"Offiziell lizenzierte KISS - The Starchild Deluxe Injection Mask von Trick or Treat Studios. Erh\u00e4ltlich ab sofort bei Mad About Horror.","breadcrumb":{"@id":"https:\/\/madabouthorror.co.uk\/product\/kiss-the-starchild-deluxe-injection-mask\/#breadcrumb"},"inLanguage":"de","potentialAction":[{"@type":"ReadAction","target":["https:\/\/madabouthorror.co.uk\/product\/kiss-the-starchild-deluxe-injection-mask\/"]}]},{"@type":"ImageObject","inLanguage":"de","@id":"https:\/\/madabouthorror.co.uk\/product\/kiss-the-starchild-deluxe-injection-mask\/#primaryimage","url":"https:\/\/madabouthorror.co.uk\/wp-content\/uploads\/2024\/02\/TTER102-kiss-starchild-mask-front_1512x.jpg.webp","contentUrl":"https:\/\/madabouthorror.co.uk\/wp-content\/uploads\/2024\/02\/TTER102-kiss-starchild-mask-front_1512x.jpg.webp","width":1500,"height":1500},{"@type":"BreadcrumbList","@id":"https:\/\/madabouthorror.co.uk\/product\/kiss-the-starchild-deluxe-injection-mask\/#breadcrumb","itemListElement":[{"@type":"ListItem","position":1,"name":"Shop","item":"https:\/\/madabouthorror.co.uk\/shop\/"},{"@type":"ListItem","position":2,"name":"KISS &#8211; The Starchild Deluxe Injection Mask"}]},{"@type":"WebSite","@id":"https:\/\/madabouthorror.co.uk\/#website","url":"https:\/\/madabouthorror.co.uk\/","name":"Verr\u00fcckt nach Horror","description":"","publisher":{"@id":"https:\/\/madabouthorror.co.uk\/#organization"},"alternateName":"Mad About Horror Limited","potentialAction":[{"@type":"SearchAction","target":{"@type":"EntryPoint","urlTemplate":"https:\/\/madabouthorror.co.uk\/?s={search_term_string}"},"query-input":{"@type":"PropertyValueSpecification","valueRequired":true,"valueName":"search_term_string"}}],"inLanguage":"de"},{"@type":"Organization","@id":"https:\/\/madabouthorror.co.uk\/#organization","name":"Verr\u00fcckt nach Horror","url":"https:\/\/madabouthorror.co.uk\/","logo":{"@type":"ImageObject","inLanguage":"de","@id":"https:\/\/madabouthorror.co.uk\/#\/schema\/logo\/image\/","url":"https:\/\/madabouthorror.co.uk\/wp-content\/uploads\/2024\/02\/cropped-Logo.png","contentUrl":"https:\/\/madabouthorror.co.uk\/wp-content\/uploads\/2024\/02\/cropped-Logo.png","width":240,"height":88,"caption":"Mad About Horror"},"image":{"@id":"https:\/\/madabouthorror.co.uk\/#\/schema\/logo\/image\/"},"sameAs":["https:\/\/www.facebook.com\/madabouthorror\/","https:\/\/www.instagram.com\/madabouthorror\/","https:\/\/www.pinterest.co.uk\/madabouthorror\/","https:\/\/www.youtube.com\/channel\/UCBooLOIxjoQ89dj6T5lWm_w","https:\/\/www.tiktok.com\/@weremadabouthorror"]}]}},"df_price":46.83,"df_sale_price":"","df_regular_price":46.83,"df_image_link":"https:\/\/madabouthorror.co.uk\/wp-content\/uploads\/2024\/02\/TTER102-kiss-starchild-mask-front_1512x.jpg-300x300.webp","_links":{"self":[{"href":"https:\/\/madabouthorror.co.uk\/de\/wp-json\/wp\/v2\/product\/473602","targetHints":{"allow":["GET"]}}],"collection":[{"href":"https:\/\/madabouthorror.co.uk\/de\/wp-json\/wp\/v2\/product"}],"about":[{"href":"https:\/\/madabouthorror.co.uk\/de\/wp-json\/wp\/v2\/types\/product"}],"replies":[{"embeddable":true,"href":"https:\/\/madabouthorror.co.uk\/de\/wp-json\/wp\/v2\/comments?post=473602"}],"wp:featuredmedia":[{"embeddable":true,"href":"https:\/\/madabouthorror.co.uk\/de\/wp-json\/wp\/v2\/media\/483708"}],"wp:attachment":[{"href":"https:\/\/madabouthorror.co.uk\/de\/wp-json\/wp\/v2\/media?parent=473602"}],"wp:term":[{"taxonomy":"product_brand","embeddable":true,"href":"https:\/\/madabouthorror.co.uk\/de\/wp-json\/wp\/v2\/product_brand?post=473602"},{"taxonomy":"product_cat","embeddable":true,"href":"https:\/\/madabouthorror.co.uk\/de\/wp-json\/wp\/v2\/product_cat?post=473602"},{"taxonomy":"product_tag","embeddable":true,"href":"https:\/\/madabouthorror.co.uk\/de\/wp-json\/wp\/v2\/product_tag?post=473602"}],"curies":[{"name":"wp","href":"https:\/\/api.w.org\/{rel}","templated":true}]}}