{"id":473604,"date":"2024-02-07T16:51:17","date_gmt":"2024-02-07T16:51:17","guid":{"rendered":"https:\/\/madabouthorror.co.uk\/?post_type=product&#038;p=473604"},"modified":"2026-04-02T09:43:10","modified_gmt":"2026-04-02T08:43:10","slug":"ghost-cardinal-copia-costume","status":"publish","type":"product","link":"https:\/\/madabouthorror.co.uk\/de\/product\/ghost-cardinal-copia-costume\/","title":{"rendered":"Geist - Kardinal Copia Kost\u00fcm"},"content":{"rendered":"<p>Hier kommt das offiziell lizenzierte Ghost - Cardinal Copia Kost\u00fcm von Trick or Treat Studios! Das Kost\u00fcm wurde in Zusammenarbeit mit dem Kost\u00fcmdesigner von Ghost entworfen. Jedes Detail wurde ber\u00fccksichtigt, um die Authentizit\u00e4t zu gew\u00e4hrleisten und die Essenz des unverwechselbaren Stils von Kardinal Copia einzufangen. Das Kost\u00fcm beinhaltet die Soutane, den Sch\u00e4rpeng\u00fcrtel, den Umhang, den Hut und die Halskette.<\/p>\n<p>Bitte beachten Sie, dass die Maske separat verkauft wird. Das Kost\u00fcm passt den meisten Gr\u00f6\u00dfen, aber wir empfehlen, die Gr\u00f6\u00dfentabelle in den Produktbildern vor der Bestellung zu \u00fcberpr\u00fcfen, um die perfekte Passform zu gew\u00e4hrleisten.<\/p>\n<p>Vervollst\u00e4ndige deine Verwandlung in Kardinal Copia, indem du dieses Kost\u00fcm mit der Ghost - Kardinal Copia Maske kombinierst, und bereite dich darauf vor, die Welt in wahrer Ghost-Manier von diesen elenden Ratten zu befreien!<\/p>\n<div class=\"description rte section cf not-in-quickbuy\">\n<p>Ghost! TM &amp; \u00a9 2018 Global Merchandising Services. Alle Rechte vorbehalten.<\/p>\n<\/div>","protected":false},"excerpt":{"rendered":"<p>Hier kommt das offiziell lizenzierte Ghost - Cardinal Copia Kost\u00fcm von Trick or Treat Studios! Das Kost\u00fcm wurde in Zusammenarbeit mit dem Kost\u00fcmdesigner von Ghost entworfen. Jedes Detail wurde ber\u00fccksichtigt, um die Authentizit\u00e4t zu gew\u00e4hrleisten und die Essenz des unverwechselbaren Stils von Kardinal Copia einzufangen. Das Kost\u00fcm besteht aus Soutane, Sch\u00e4rpe, Umhang, Hut und Halskette. Bitte beachten Sie, dass die Maske [...]<\/p>","protected":false},"featured_media":483728,"comment_status":"closed","ping_status":"closed","template":"","meta":{"_acf_changed":false},"product_brand":[],"product_cat":[10074,10129,7091,6551,10038,6780,6655,6792],"product_tag":[],"class_list":{"0":"post-473604","1":"product","2":"type-product","3":"status-publish","4":"has-post-thumbnail","6":"product_cat-costumes-trick-or-treat-studios","7":"product_cat-main-gift","8":"product_cat-tv-movie","9":"product_cat-costumes","10":"product_cat-horror-gifts","11":"product_cat-brand","12":"product_cat-ghostpapaemeritus","13":"product_cat-trick-or-treat-studios","15":"first","16":"outofstock","17":"taxable","18":"shipping-taxable","19":"purchasable","20":"product-type-simple"},"supplier_id":471029,"supplier_sku":"BAGM100","barcode":"811501031611","atum_controlled":true,"out_stock_date":"2025-10-14 13:44:15","out_stock_threshold":null,"inheritable":false,"inbound_stock":3,"stock_on_hold":0,"sold_today":0,"sales_last_days":0,"reserved_stock":0,"customer_returns":0,"warehouse_damage":0,"lost_in_post":0,"other_logs":0,"out_stock_days":171,"lost_sales":5568,"has_location":false,"update_date":"2026-04-04T01:41:23","atum_locations":[],"atum_stock_status":"outofstock","restock_status":false,"low_stock_amount":1,"sales_update_date":"2026-04-04T01:41:21","calc_backorders":null,"acf":[],"yoast_head":"<!-- This site is optimized with the Yoast SEO plugin v27.3 - https:\/\/yoast.com\/product\/yoast-seo-wordpress\/ -->\n<title>Ghost - Cardinal Copia Costume | Mad About Horror<\/title>\n<meta name=\"description\" content=\"Officially licensed Ghost Cardinal Copia Costume from Trick or Treat Studios. Shop Horror and Halloween. Europe&#039;s leading horror collectibles specialist.\" \/>\n<meta name=\"robots\" content=\"index, follow, max-snippet:-1, max-image-preview:large, max-video-preview:-1\" \/>\n<link rel=\"canonical\" href=\"https:\/\/madabouthorror.co.uk\/de\/product\/ghost-cardinal-copia-costume\/\" \/>\n<meta property=\"og:locale\" content=\"de_DE\" \/>\n<meta property=\"og:type\" content=\"article\" \/>\n<meta property=\"og:title\" content=\"Ghost - Cardinal Copia Costume | Mad About Horror\" \/>\n<meta property=\"og:description\" content=\"Officially licensed Ghost Cardinal Copia Costume from Trick or Treat Studios. Shop Horror and Halloween. Europe&#039;s leading horror collectibles specialist.\" \/>\n<meta property=\"og:url\" content=\"https:\/\/madabouthorror.co.uk\/de\/product\/ghost-cardinal-copia-costume\/\" \/>\n<meta property=\"og:site_name\" content=\"Mad About Horror\" \/>\n<meta property=\"article:publisher\" content=\"https:\/\/www.facebook.com\/madabouthorror\/\" \/>\n<meta property=\"article:modified_time\" content=\"2026-04-02T08:43:10+00:00\" \/>\n<meta property=\"og:image\" content=\"https:\/\/madabouthorror.co.uk\/wp-content\/uploads\/2024\/02\/1_b6adc827-d3c3-456c-9d55-ef36e49410e3_1512x.jpg.webp\" \/>\n\t<meta property=\"og:image:width\" content=\"639\" \/>\n\t<meta property=\"og:image:height\" content=\"639\" \/>\n\t<meta property=\"og:image:type\" content=\"image\/webp\" \/>\n<meta name=\"twitter:card\" content=\"summary_large_image\" \/>\n<meta name=\"twitter:label1\" content=\"Gesch\u00e4tzte Lesezeit\" \/>\n\t<meta name=\"twitter:data1\" content=\"1\u00a0Minute\" \/>\n<script type=\"application\/ld+json\" class=\"yoast-schema-graph\">{\"@context\":\"https:\\\/\\\/schema.org\",\"@graph\":[{\"@type\":[\"WebPage\",\"ItemPage\"],\"@id\":\"https:\\\/\\\/madabouthorror.co.uk\\\/product\\\/ghost-cardinal-copia-costume\\\/\",\"url\":\"https:\\\/\\\/madabouthorror.co.uk\\\/product\\\/ghost-cardinal-copia-costume\\\/\",\"name\":\"Ghost - Cardinal Copia Costume | Mad About Horror\",\"isPartOf\":{\"@id\":\"https:\\\/\\\/madabouthorror.co.uk\\\/#website\"},\"primaryImageOfPage\":{\"@id\":\"https:\\\/\\\/madabouthorror.co.uk\\\/product\\\/ghost-cardinal-copia-costume\\\/#primaryimage\"},\"image\":{\"@id\":\"https:\\\/\\\/madabouthorror.co.uk\\\/product\\\/ghost-cardinal-copia-costume\\\/#primaryimage\"},\"thumbnailUrl\":\"https:\\\/\\\/madabouthorror.co.uk\\\/wp-content\\\/uploads\\\/2024\\\/02\\\/1_b6adc827-d3c3-456c-9d55-ef36e49410e3_1512x.jpg.webp\",\"datePublished\":\"2024-02-07T16:51:17+00:00\",\"dateModified\":\"2026-04-02T08:43:10+00:00\",\"description\":\"Officially licensed Ghost Cardinal Copia Costume from Trick or Treat Studios. Shop Horror and Halloween. Europe's leading horror collectibles specialist.\",\"breadcrumb\":{\"@id\":\"https:\\\/\\\/madabouthorror.co.uk\\\/product\\\/ghost-cardinal-copia-costume\\\/#breadcrumb\"},\"inLanguage\":\"de\",\"potentialAction\":[{\"@type\":\"ReadAction\",\"target\":[\"https:\\\/\\\/madabouthorror.co.uk\\\/product\\\/ghost-cardinal-copia-costume\\\/\"]}]},{\"@type\":\"ImageObject\",\"inLanguage\":\"de\",\"@id\":\"https:\\\/\\\/madabouthorror.co.uk\\\/product\\\/ghost-cardinal-copia-costume\\\/#primaryimage\",\"url\":\"https:\\\/\\\/madabouthorror.co.uk\\\/wp-content\\\/uploads\\\/2024\\\/02\\\/1_b6adc827-d3c3-456c-9d55-ef36e49410e3_1512x.jpg.webp\",\"contentUrl\":\"https:\\\/\\\/madabouthorror.co.uk\\\/wp-content\\\/uploads\\\/2024\\\/02\\\/1_b6adc827-d3c3-456c-9d55-ef36e49410e3_1512x.jpg.webp\",\"width\":639,\"height\":639,\"caption\":\"Ghost - Cardinal Copia Costume from Trick or Treat Studios\"},{\"@type\":\"BreadcrumbList\",\"@id\":\"https:\\\/\\\/madabouthorror.co.uk\\\/product\\\/ghost-cardinal-copia-costume\\\/#breadcrumb\",\"itemListElement\":[{\"@type\":\"ListItem\",\"position\":1,\"name\":\"Shop\",\"item\":\"https:\\\/\\\/madabouthorror.co.uk\\\/shop\\\/\"},{\"@type\":\"ListItem\",\"position\":2,\"name\":\"Ghost &#8211; Cardinal Copia Costume\"}]},{\"@type\":\"WebSite\",\"@id\":\"https:\\\/\\\/madabouthorror.co.uk\\\/#website\",\"url\":\"https:\\\/\\\/madabouthorror.co.uk\\\/\",\"name\":\"Mad About Horror\",\"description\":\"\",\"publisher\":{\"@id\":\"https:\\\/\\\/madabouthorror.co.uk\\\/#organization\"},\"alternateName\":\"Mad About Horror Limited\",\"potentialAction\":[{\"@type\":\"SearchAction\",\"target\":{\"@type\":\"EntryPoint\",\"urlTemplate\":\"https:\\\/\\\/madabouthorror.co.uk\\\/?s={search_term_string}\"},\"query-input\":{\"@type\":\"PropertyValueSpecification\",\"valueRequired\":true,\"valueName\":\"search_term_string\"}}],\"inLanguage\":\"de\"},{\"@type\":\"Organization\",\"@id\":\"https:\\\/\\\/madabouthorror.co.uk\\\/#organization\",\"name\":\"Mad About Horror\",\"url\":\"https:\\\/\\\/madabouthorror.co.uk\\\/\",\"logo\":{\"@type\":\"ImageObject\",\"inLanguage\":\"de\",\"@id\":\"https:\\\/\\\/madabouthorror.co.uk\\\/#\\\/schema\\\/logo\\\/image\\\/\",\"url\":\"https:\\\/\\\/madabouthorror.co.uk\\\/wp-content\\\/uploads\\\/2024\\\/02\\\/cropped-Logo.png\",\"contentUrl\":\"https:\\\/\\\/madabouthorror.co.uk\\\/wp-content\\\/uploads\\\/2024\\\/02\\\/cropped-Logo.png\",\"width\":240,\"height\":88,\"caption\":\"Mad About Horror\"},\"image\":{\"@id\":\"https:\\\/\\\/madabouthorror.co.uk\\\/#\\\/schema\\\/logo\\\/image\\\/\"},\"sameAs\":[\"https:\\\/\\\/www.facebook.com\\\/madabouthorror\\\/\",\"https:\\\/\\\/www.instagram.com\\\/madabouthorror\\\/\",\"https:\\\/\\\/www.pinterest.co.uk\\\/madabouthorror\\\/\",\"https:\\\/\\\/www.youtube.com\\\/channel\\\/UCBooLOIxjoQ89dj6T5lWm_w\",\"https:\\\/\\\/www.tiktok.com\\\/@weremadabouthorror\"]}]}<\/script>\n<!-- \/ Yoast SEO plugin. -->","yoast_head_json":{"title":"Geist - Kardinal Copia Kost\u00fcm | Mad About Horror","description":"Offiziell lizenziertes Ghost Cardinal Copia Kost\u00fcm von Trick or Treat Studios. Shop Horror und Halloween. Europas f\u00fchrender Spezialist f\u00fcr Horror-Sammlerst\u00fccke.","robots":{"index":"index","follow":"follow","max-snippet":"max-snippet:-1","max-image-preview":"max-image-preview:large","max-video-preview":"max-video-preview:-1"},"canonical":"https:\/\/madabouthorror.co.uk\/de\/product\/ghost-cardinal-copia-costume\/","og_locale":"de_DE","og_type":"article","og_title":"Ghost - Cardinal Copia Costume | Mad About Horror","og_description":"Officially licensed Ghost Cardinal Copia Costume from Trick or Treat Studios. Shop Horror and Halloween. Europe's leading horror collectibles specialist.","og_url":"https:\/\/madabouthorror.co.uk\/de\/product\/ghost-cardinal-copia-costume\/","og_site_name":"Mad About Horror","article_publisher":"https:\/\/www.facebook.com\/madabouthorror\/","article_modified_time":"2026-04-02T08:43:10+00:00","og_image":[{"width":639,"height":639,"url":"https:\/\/madabouthorror.co.uk\/wp-content\/uploads\/2024\/02\/1_b6adc827-d3c3-456c-9d55-ef36e49410e3_1512x.jpg.webp","type":"image\/webp"}],"twitter_card":"summary_large_image","twitter_misc":{"Gesch\u00e4tzte Lesezeit":"1\u00a0Minute"},"schema":{"@context":"https:\/\/schema.org","@graph":[{"@type":["WebPage","ItemPage"],"@id":"https:\/\/madabouthorror.co.uk\/product\/ghost-cardinal-copia-costume\/","url":"https:\/\/madabouthorror.co.uk\/product\/ghost-cardinal-copia-costume\/","name":"Geist - Kardinal Copia Kost\u00fcm | Mad About Horror","isPartOf":{"@id":"https:\/\/madabouthorror.co.uk\/#website"},"primaryImageOfPage":{"@id":"https:\/\/madabouthorror.co.uk\/product\/ghost-cardinal-copia-costume\/#primaryimage"},"image":{"@id":"https:\/\/madabouthorror.co.uk\/product\/ghost-cardinal-copia-costume\/#primaryimage"},"thumbnailUrl":"https:\/\/madabouthorror.co.uk\/wp-content\/uploads\/2024\/02\/1_b6adc827-d3c3-456c-9d55-ef36e49410e3_1512x.jpg.webp","datePublished":"2024-02-07T16:51:17+00:00","dateModified":"2026-04-02T08:43:10+00:00","description":"Offiziell lizenziertes Ghost Cardinal Copia Kost\u00fcm von Trick or Treat Studios. Shop Horror und Halloween. Europas f\u00fchrender Spezialist f\u00fcr Horror-Sammlerst\u00fccke.","breadcrumb":{"@id":"https:\/\/madabouthorror.co.uk\/product\/ghost-cardinal-copia-costume\/#breadcrumb"},"inLanguage":"de","potentialAction":[{"@type":"ReadAction","target":["https:\/\/madabouthorror.co.uk\/product\/ghost-cardinal-copia-costume\/"]}]},{"@type":"ImageObject","inLanguage":"de","@id":"https:\/\/madabouthorror.co.uk\/product\/ghost-cardinal-copia-costume\/#primaryimage","url":"https:\/\/madabouthorror.co.uk\/wp-content\/uploads\/2024\/02\/1_b6adc827-d3c3-456c-9d55-ef36e49410e3_1512x.jpg.webp","contentUrl":"https:\/\/madabouthorror.co.uk\/wp-content\/uploads\/2024\/02\/1_b6adc827-d3c3-456c-9d55-ef36e49410e3_1512x.jpg.webp","width":639,"height":639,"caption":"Ghost - Cardinal Copia Costume from Trick or Treat Studios"},{"@type":"BreadcrumbList","@id":"https:\/\/madabouthorror.co.uk\/product\/ghost-cardinal-copia-costume\/#breadcrumb","itemListElement":[{"@type":"ListItem","position":1,"name":"Shop","item":"https:\/\/madabouthorror.co.uk\/shop\/"},{"@type":"ListItem","position":2,"name":"Ghost &#8211; Cardinal Copia Costume"}]},{"@type":"WebSite","@id":"https:\/\/madabouthorror.co.uk\/#website","url":"https:\/\/madabouthorror.co.uk\/","name":"Verr\u00fcckt nach Horror","description":"","publisher":{"@id":"https:\/\/madabouthorror.co.uk\/#organization"},"alternateName":"Mad About Horror Limited","potentialAction":[{"@type":"SearchAction","target":{"@type":"EntryPoint","urlTemplate":"https:\/\/madabouthorror.co.uk\/?s={search_term_string}"},"query-input":{"@type":"PropertyValueSpecification","valueRequired":true,"valueName":"search_term_string"}}],"inLanguage":"de"},{"@type":"Organization","@id":"https:\/\/madabouthorror.co.uk\/#organization","name":"Verr\u00fcckt nach Horror","url":"https:\/\/madabouthorror.co.uk\/","logo":{"@type":"ImageObject","inLanguage":"de","@id":"https:\/\/madabouthorror.co.uk\/#\/schema\/logo\/image\/","url":"https:\/\/madabouthorror.co.uk\/wp-content\/uploads\/2024\/02\/cropped-Logo.png","contentUrl":"https:\/\/madabouthorror.co.uk\/wp-content\/uploads\/2024\/02\/cropped-Logo.png","width":240,"height":88,"caption":"Mad About Horror"},"image":{"@id":"https:\/\/madabouthorror.co.uk\/#\/schema\/logo\/image\/"},"sameAs":["https:\/\/www.facebook.com\/madabouthorror\/","https:\/\/www.instagram.com\/madabouthorror\/","https:\/\/www.pinterest.co.uk\/madabouthorror\/","https:\/\/www.youtube.com\/channel\/UCBooLOIxjoQ89dj6T5lWm_w","https:\/\/www.tiktok.com\/@weremadabouthorror"]}]}},"df_price":197.87,"df_sale_price":"","df_regular_price":197.87,"df_image_link":"https:\/\/madabouthorror.co.uk\/wp-content\/uploads\/2024\/02\/1_b6adc827-d3c3-456c-9d55-ef36e49410e3_1512x.jpg-300x300.webp","_links":{"self":[{"href":"https:\/\/madabouthorror.co.uk\/de\/wp-json\/wp\/v2\/product\/473604","targetHints":{"allow":["GET"]}}],"collection":[{"href":"https:\/\/madabouthorror.co.uk\/de\/wp-json\/wp\/v2\/product"}],"about":[{"href":"https:\/\/madabouthorror.co.uk\/de\/wp-json\/wp\/v2\/types\/product"}],"replies":[{"embeddable":true,"href":"https:\/\/madabouthorror.co.uk\/de\/wp-json\/wp\/v2\/comments?post=473604"}],"wp:featuredmedia":[{"embeddable":true,"href":"https:\/\/madabouthorror.co.uk\/de\/wp-json\/wp\/v2\/media\/483728"}],"wp:attachment":[{"href":"https:\/\/madabouthorror.co.uk\/de\/wp-json\/wp\/v2\/media?parent=473604"}],"wp:term":[{"taxonomy":"product_brand","embeddable":true,"href":"https:\/\/madabouthorror.co.uk\/de\/wp-json\/wp\/v2\/product_brand?post=473604"},{"taxonomy":"product_cat","embeddable":true,"href":"https:\/\/madabouthorror.co.uk\/de\/wp-json\/wp\/v2\/product_cat?post=473604"},{"taxonomy":"product_tag","embeddable":true,"href":"https:\/\/madabouthorror.co.uk\/de\/wp-json\/wp\/v2\/product_tag?post=473604"}],"curies":[{"name":"wp","href":"https:\/\/api.w.org\/{rel}","templated":true}]}}