{"id":473793,"date":"2024-02-08T13:09:08","date_gmt":"2024-02-08T13:09:08","guid":{"rendered":"https:\/\/madabouthorror.co.uk\/?post_type=product&#038;p=473793"},"modified":"2026-05-02T11:24:10","modified_gmt":"2026-05-02T10:24:10","slug":"gremlins-2-gizmo","status":"publish","type":"product","link":"https:\/\/madabouthorror.co.uk\/de\/product\/gremlins-2-gizmo\/","title":{"rendered":"Gremlins 2: Die neue Ladung - Gizmo Mogwai Requisite"},"content":{"rendered":"<ol>\n<li>\"Wir haben Sie gewarnt. Erinnern Sie sich an die Regeln. Du hast nicht zugeh\u00f6rt.\"<\/li>\n<\/ol>\n<p>Wir stellen die offiziell lizenzierte Gremlins 2: The New Batch Gizmo Mogwai Requisite von Trick or Treat Studios vor. Diese Mogwai-Requisite im Ma\u00dfstab 1:1 ist detailreich, bildschirmgenau und unglaublich kuschelig! Ihr Mogwai wird in einer Sammler-Fensterbox geliefert, perfekt zum Ausstellen.<\/p>\n<p>Gizmo ist der einzige bekannte Mogwai ohne jegliche Spur von Hass oder B\u00f6sem, im Gegensatz zu seinen Mit-Mogwais, die oft grausam und gemein sind!<\/p>\n<p><strong>Merkmale:<\/strong><\/p>\n<ul>\n<li>Poseable Ears<\/li>\n<li>Schaumstoffk\u00f6rper<\/li>\n<li>Eingesetzte Augen<\/li>\n<li>Einzigartiges Fell-Muster<\/li>\n<li>Posable Draht Skelett Rahmen<\/li>\n<\/ul>\n<p><strong>Ungef\u00e4hre Ma\u00dfe:<\/strong><\/p>\n<ul>\n<li><strong>H\u00f6he<\/strong>: 10\u2033 (von der Ohrenspitze bis zu den Zehen)<\/li>\n<li><strong>Breite<\/strong>7\u2033 (von Hand zu Hand)<\/li>\n<\/ul>\n<p>Holen Sie sich diesen entz\u00fcckenden, aber schelmischen Mogwai nach Hause und erleben Sie den Zauber von Gremlins 2 noch einmal!<\/p>\n<p>Sehen Sie sich unser gesamtes Angebot an <a href=\"https:\/\/madabouthorror.co.uk\/de\/c\/movie\/gremlins\/\">Gremlins<\/a>.<\/p>","protected":false},"excerpt":{"rendered":"<p>\u201cWir haben dich gewarnt. Denk an die Regeln. Du hast nicht zugeh\u00f6rt.\u201d Wir pr\u00e4sentieren die offiziell lizenzierte Gremlins 2: The New Batch Gizmo Mogwai Requisite von Trick or Treat Studios. Diese Mogwai-Requisite im Ma\u00dfstab 1:1 ist detailreich, bildschirmgetreu und unglaublich kuschelig! Dein Mogwai wird in einer Sammler-Fensterbox geliefert, perfekt zur Ausstellung. Gizmo ist der einzige bekannte [\u2026]<\/p>","protected":false},"featured_media":491909,"comment_status":"closed","ping_status":"closed","template":"","meta":{"_acf_changed":false},"product_brand":[],"product_cat":[10076,10151,10093,9946,10107,6547,6792,6659],"product_tag":[],"class_list":{"0":"post-473793","1":"product","2":"type-product","3":"status-publish","4":"has-post-thumbnail","6":"product_cat-replica-dolls-props","7":"product_cat-trick-or-treat-studios-props-neca-figures","8":"product_cat-indoor-halloween-decorations","9":"product_cat-replica-dolls","10":"product_cat-licensed-halloween-decorations","11":"product_cat-decorations","12":"product_cat-trick-or-treat-studios","13":"product_cat-gremlins","15":"first","16":"onbackorder","17":"taxable","18":"shipping-taxable","19":"purchasable","20":"product-type-simple"},"supplier_id":471030,"supplier_sku":"RLWB109","barcode":"811501037798","atum_controlled":true,"out_stock_date":null,"out_stock_threshold":null,"inheritable":false,"inbound_stock":161,"stock_on_hold":0,"sold_today":0,"sales_last_days":0,"reserved_stock":0,"customer_returns":0,"warehouse_damage":0,"lost_in_post":0,"other_logs":0,"out_stock_days":0,"lost_sales":0,"has_location":false,"update_date":"2026-05-03T02:08:16","atum_locations":[],"atum_stock_status":"onbackorder","restock_status":false,"low_stock_amount":48,"sales_update_date":"2026-05-03T02:08:15","calc_backorders":-10,"acf":[],"yoast_head":"<!-- This site is optimized with the Yoast SEO plugin v27.5 - https:\/\/yoast.com\/product\/yoast-seo-wordpress\/ -->\n<title>Gremlins 2 : The New Batch - Gizmo Mogwai Prop | Mad About Horror<\/title>\n<meta name=\"description\" content=\"Official UK Stockist of Trick or Treat Studios. Officially licensed Gremlins 2 Gizmo Mogwai. 1:1 scale Mogwai prop | Mad About Horror\" \/>\n<meta name=\"robots\" content=\"index, follow, max-snippet:-1, max-image-preview:large, max-video-preview:-1\" \/>\n<link rel=\"canonical\" href=\"https:\/\/madabouthorror.co.uk\/de\/product\/gremlins-2-gizmo\/\" \/>\n<meta property=\"og:locale\" content=\"de_DE\" \/>\n<meta property=\"og:type\" content=\"article\" \/>\n<meta property=\"og:title\" content=\"Gremlins 2 : The New Batch - Gizmo Mogwai Prop | Mad About Horror\" \/>\n<meta property=\"og:description\" content=\"Official UK Stockist of Trick or Treat Studios. Officially licensed Gremlins 2 Gizmo Mogwai. 1:1 scale Mogwai prop | Mad About Horror\" \/>\n<meta property=\"og:url\" content=\"https:\/\/madabouthorror.co.uk\/de\/product\/gremlins-2-gizmo\/\" \/>\n<meta property=\"og:site_name\" content=\"Mad About Horror\" \/>\n<meta property=\"article:publisher\" content=\"https:\/\/www.facebook.com\/madabouthorror\/\" \/>\n<meta property=\"article:modified_time\" content=\"2026-05-02T10:24:10+00:00\" \/>\n<meta property=\"og:image\" content=\"https:\/\/madabouthorror.co.uk\/wp-content\/uploads\/2024\/02\/Gremlins-2-Gizmo-Prop.webp\" \/>\n\t<meta property=\"og:image:width\" content=\"900\" \/>\n\t<meta property=\"og:image:height\" content=\"900\" \/>\n\t<meta property=\"og:image:type\" content=\"image\/webp\" \/>\n<meta name=\"twitter:card\" content=\"summary_large_image\" \/>\n<meta name=\"twitter:label1\" content=\"Gesch\u00e4tzte Lesezeit\" \/>\n\t<meta name=\"twitter:data1\" content=\"1\u00a0Minute\" \/>\n<script type=\"application\/ld+json\" class=\"yoast-schema-graph\">{\"@context\":\"https:\\\/\\\/schema.org\",\"@graph\":[{\"@type\":[\"WebPage\",\"ItemPage\"],\"@id\":\"https:\\\/\\\/madabouthorror.co.uk\\\/product\\\/gremlins-2-gizmo\\\/\",\"url\":\"https:\\\/\\\/madabouthorror.co.uk\\\/product\\\/gremlins-2-gizmo\\\/\",\"name\":\"Gremlins 2 : The New Batch - Gizmo Mogwai Prop | Mad About Horror\",\"isPartOf\":{\"@id\":\"https:\\\/\\\/madabouthorror.co.uk\\\/#website\"},\"primaryImageOfPage\":{\"@id\":\"https:\\\/\\\/madabouthorror.co.uk\\\/product\\\/gremlins-2-gizmo\\\/#primaryimage\"},\"image\":{\"@id\":\"https:\\\/\\\/madabouthorror.co.uk\\\/product\\\/gremlins-2-gizmo\\\/#primaryimage\"},\"thumbnailUrl\":\"https:\\\/\\\/madabouthorror.co.uk\\\/wp-content\\\/uploads\\\/2024\\\/02\\\/Gremlins-2-Gizmo-Prop.webp\",\"datePublished\":\"2024-02-08T13:09:08+00:00\",\"dateModified\":\"2026-05-02T10:24:10+00:00\",\"description\":\"Official UK Stockist of Trick or Treat Studios. Officially licensed Gremlins 2 Gizmo Mogwai. 1:1 scale Mogwai prop | Mad About Horror\",\"breadcrumb\":{\"@id\":\"https:\\\/\\\/madabouthorror.co.uk\\\/product\\\/gremlins-2-gizmo\\\/#breadcrumb\"},\"inLanguage\":\"de\",\"potentialAction\":[{\"@type\":\"ReadAction\",\"target\":[\"https:\\\/\\\/madabouthorror.co.uk\\\/product\\\/gremlins-2-gizmo\\\/\"]}]},{\"@type\":\"ImageObject\",\"inLanguage\":\"de\",\"@id\":\"https:\\\/\\\/madabouthorror.co.uk\\\/product\\\/gremlins-2-gizmo\\\/#primaryimage\",\"url\":\"https:\\\/\\\/madabouthorror.co.uk\\\/wp-content\\\/uploads\\\/2024\\\/02\\\/Gremlins-2-Gizmo-Prop.webp\",\"contentUrl\":\"https:\\\/\\\/madabouthorror.co.uk\\\/wp-content\\\/uploads\\\/2024\\\/02\\\/Gremlins-2-Gizmo-Prop.webp\",\"width\":900,\"height\":900,\"caption\":\"Gremlins 2 Gizmo Prop\"},{\"@type\":\"BreadcrumbList\",\"@id\":\"https:\\\/\\\/madabouthorror.co.uk\\\/product\\\/gremlins-2-gizmo\\\/#breadcrumb\",\"itemListElement\":[{\"@type\":\"ListItem\",\"position\":1,\"name\":\"Shop\",\"item\":\"https:\\\/\\\/madabouthorror.co.uk\\\/shop\\\/\"},{\"@type\":\"ListItem\",\"position\":2,\"name\":\"Gremlins 2 : The New Batch &#8211; Gizmo Mogwai Prop\"}]},{\"@type\":\"WebSite\",\"@id\":\"https:\\\/\\\/madabouthorror.co.uk\\\/#website\",\"url\":\"https:\\\/\\\/madabouthorror.co.uk\\\/\",\"name\":\"Mad About Horror\",\"description\":\"\",\"publisher\":{\"@id\":\"https:\\\/\\\/madabouthorror.co.uk\\\/#organization\"},\"alternateName\":\"Mad About Horror Limited\",\"potentialAction\":[{\"@type\":\"SearchAction\",\"target\":{\"@type\":\"EntryPoint\",\"urlTemplate\":\"https:\\\/\\\/madabouthorror.co.uk\\\/?s={search_term_string}\"},\"query-input\":{\"@type\":\"PropertyValueSpecification\",\"valueRequired\":true,\"valueName\":\"search_term_string\"}}],\"inLanguage\":\"de\"},{\"@type\":\"Organization\",\"@id\":\"https:\\\/\\\/madabouthorror.co.uk\\\/#organization\",\"name\":\"Mad About Horror\",\"url\":\"https:\\\/\\\/madabouthorror.co.uk\\\/\",\"logo\":{\"@type\":\"ImageObject\",\"inLanguage\":\"de\",\"@id\":\"https:\\\/\\\/madabouthorror.co.uk\\\/#\\\/schema\\\/logo\\\/image\\\/\",\"url\":\"https:\\\/\\\/madabouthorror.co.uk\\\/wp-content\\\/uploads\\\/2024\\\/02\\\/cropped-Logo.png\",\"contentUrl\":\"https:\\\/\\\/madabouthorror.co.uk\\\/wp-content\\\/uploads\\\/2024\\\/02\\\/cropped-Logo.png\",\"width\":240,\"height\":88,\"caption\":\"Mad About Horror\"},\"image\":{\"@id\":\"https:\\\/\\\/madabouthorror.co.uk\\\/#\\\/schema\\\/logo\\\/image\\\/\"},\"sameAs\":[\"https:\\\/\\\/www.facebook.com\\\/madabouthorror\\\/\",\"https:\\\/\\\/www.instagram.com\\\/madabouthorror\\\/\",\"https:\\\/\\\/www.pinterest.co.uk\\\/madabouthorror\\\/\",\"https:\\\/\\\/www.youtube.com\\\/channel\\\/UCBooLOIxjoQ89dj6T5lWm_w\",\"https:\\\/\\\/www.tiktok.com\\\/@weremadabouthorror\"]}]}<\/script>\n<!-- \/ Yoast SEO plugin. -->","yoast_head_json":{"title":"Gremlins 2: Die neue Generation - Gizmo Mogwai Requisite | Mad About Horror","description":"Offizieller britischer H\u00e4ndler von Trick or Treat Studios. Offiziell lizenziertes Gremlins 2 Gizmo Mogwai. 1:1-Gr\u00f6\u00dfe Mogwai-Requisite | Mad About Horror","robots":{"index":"index","follow":"follow","max-snippet":"max-snippet:-1","max-image-preview":"max-image-preview:large","max-video-preview":"max-video-preview:-1"},"canonical":"https:\/\/madabouthorror.co.uk\/de\/product\/gremlins-2-gizmo\/","og_locale":"de_DE","og_type":"article","og_title":"Gremlins 2 : The New Batch - Gizmo Mogwai Prop | Mad About Horror","og_description":"Official UK Stockist of Trick or Treat Studios. Officially licensed Gremlins 2 Gizmo Mogwai. 1:1 scale Mogwai prop | Mad About Horror","og_url":"https:\/\/madabouthorror.co.uk\/de\/product\/gremlins-2-gizmo\/","og_site_name":"Mad About Horror","article_publisher":"https:\/\/www.facebook.com\/madabouthorror\/","article_modified_time":"2026-05-02T10:24:10+00:00","og_image":[{"width":900,"height":900,"url":"https:\/\/madabouthorror.co.uk\/wp-content\/uploads\/2024\/02\/Gremlins-2-Gizmo-Prop.webp","type":"image\/webp"}],"twitter_card":"summary_large_image","twitter_misc":{"Gesch\u00e4tzte Lesezeit":"1\u00a0Minute"},"schema":{"@context":"https:\/\/schema.org","@graph":[{"@type":["WebPage","ItemPage"],"@id":"https:\/\/madabouthorror.co.uk\/product\/gremlins-2-gizmo\/","url":"https:\/\/madabouthorror.co.uk\/product\/gremlins-2-gizmo\/","name":"Gremlins 2: Die neue Generation - Gizmo Mogwai Requisite | Mad About Horror","isPartOf":{"@id":"https:\/\/madabouthorror.co.uk\/#website"},"primaryImageOfPage":{"@id":"https:\/\/madabouthorror.co.uk\/product\/gremlins-2-gizmo\/#primaryimage"},"image":{"@id":"https:\/\/madabouthorror.co.uk\/product\/gremlins-2-gizmo\/#primaryimage"},"thumbnailUrl":"https:\/\/madabouthorror.co.uk\/wp-content\/uploads\/2024\/02\/Gremlins-2-Gizmo-Prop.webp","datePublished":"2024-02-08T13:09:08+00:00","dateModified":"2026-05-02T10:24:10+00:00","description":"Offizieller britischer H\u00e4ndler von Trick or Treat Studios. Offiziell lizenziertes Gremlins 2 Gizmo Mogwai. 1:1-Gr\u00f6\u00dfe Mogwai-Requisite | Mad About Horror","breadcrumb":{"@id":"https:\/\/madabouthorror.co.uk\/product\/gremlins-2-gizmo\/#breadcrumb"},"inLanguage":"de","potentialAction":[{"@type":"ReadAction","target":["https:\/\/madabouthorror.co.uk\/product\/gremlins-2-gizmo\/"]}]},{"@type":"ImageObject","inLanguage":"de","@id":"https:\/\/madabouthorror.co.uk\/product\/gremlins-2-gizmo\/#primaryimage","url":"https:\/\/madabouthorror.co.uk\/wp-content\/uploads\/2024\/02\/Gremlins-2-Gizmo-Prop.webp","contentUrl":"https:\/\/madabouthorror.co.uk\/wp-content\/uploads\/2024\/02\/Gremlins-2-Gizmo-Prop.webp","width":900,"height":900,"caption":"Gremlins 2 Gizmo Prop"},{"@type":"BreadcrumbList","@id":"https:\/\/madabouthorror.co.uk\/product\/gremlins-2-gizmo\/#breadcrumb","itemListElement":[{"@type":"ListItem","position":1,"name":"Shop","item":"https:\/\/madabouthorror.co.uk\/shop\/"},{"@type":"ListItem","position":2,"name":"Gremlins 2 : The New Batch &#8211; Gizmo Mogwai Prop"}]},{"@type":"WebSite","@id":"https:\/\/madabouthorror.co.uk\/#website","url":"https:\/\/madabouthorror.co.uk\/","name":"Verr\u00fcckt nach Horror","description":"","publisher":{"@id":"https:\/\/madabouthorror.co.uk\/#organization"},"alternateName":"Mad About Horror Limited","potentialAction":[{"@type":"SearchAction","target":{"@type":"EntryPoint","urlTemplate":"https:\/\/madabouthorror.co.uk\/?s={search_term_string}"},"query-input":{"@type":"PropertyValueSpecification","valueRequired":true,"valueName":"search_term_string"}}],"inLanguage":"de"},{"@type":"Organization","@id":"https:\/\/madabouthorror.co.uk\/#organization","name":"Verr\u00fcckt nach Horror","url":"https:\/\/madabouthorror.co.uk\/","logo":{"@type":"ImageObject","inLanguage":"de","@id":"https:\/\/madabouthorror.co.uk\/#\/schema\/logo\/image\/","url":"https:\/\/madabouthorror.co.uk\/wp-content\/uploads\/2024\/02\/cropped-Logo.png","contentUrl":"https:\/\/madabouthorror.co.uk\/wp-content\/uploads\/2024\/02\/cropped-Logo.png","width":240,"height":88,"caption":"Mad About Horror"},"image":{"@id":"https:\/\/madabouthorror.co.uk\/#\/schema\/logo\/image\/"},"sameAs":["https:\/\/www.facebook.com\/madabouthorror\/","https:\/\/www.instagram.com\/madabouthorror\/","https:\/\/www.pinterest.co.uk\/madabouthorror\/","https:\/\/www.youtube.com\/channel\/UCBooLOIxjoQ89dj6T5lWm_w","https:\/\/www.tiktok.com\/@weremadabouthorror"]}]}},"df_price":139.95,"df_sale_price":"","df_regular_price":139.95,"df_image_link":"https:\/\/madabouthorror.co.uk\/wp-content\/uploads\/2024\/02\/Gremlins-2-Gizmo-Prop-300x300.webp","_links":{"self":[{"href":"https:\/\/madabouthorror.co.uk\/de\/wp-json\/wp\/v2\/product\/473793","targetHints":{"allow":["GET"]}}],"collection":[{"href":"https:\/\/madabouthorror.co.uk\/de\/wp-json\/wp\/v2\/product"}],"about":[{"href":"https:\/\/madabouthorror.co.uk\/de\/wp-json\/wp\/v2\/types\/product"}],"replies":[{"embeddable":true,"href":"https:\/\/madabouthorror.co.uk\/de\/wp-json\/wp\/v2\/comments?post=473793"}],"wp:featuredmedia":[{"embeddable":true,"href":"https:\/\/madabouthorror.co.uk\/de\/wp-json\/wp\/v2\/media\/491909"}],"wp:attachment":[{"href":"https:\/\/madabouthorror.co.uk\/de\/wp-json\/wp\/v2\/media?parent=473793"}],"wp:term":[{"taxonomy":"product_brand","embeddable":true,"href":"https:\/\/madabouthorror.co.uk\/de\/wp-json\/wp\/v2\/product_brand?post=473793"},{"taxonomy":"product_cat","embeddable":true,"href":"https:\/\/madabouthorror.co.uk\/de\/wp-json\/wp\/v2\/product_cat?post=473793"},{"taxonomy":"product_tag","embeddable":true,"href":"https:\/\/madabouthorror.co.uk\/de\/wp-json\/wp\/v2\/product_tag?post=473793"}],"curies":[{"name":"wp","href":"https:\/\/api.w.org\/{rel}","templated":true}]}}