{"id":474006,"date":"2024-02-09T14:43:31","date_gmt":"2024-02-09T14:43:31","guid":{"rendered":"https:\/\/madabouthorror.co.uk\/?post_type=product&#038;p=474006"},"modified":"2026-04-20T15:40:20","modified_gmt":"2026-04-20T14:40:20","slug":"texas-chainsaw-massacre-leatherface-killing-mask-vinyl","status":"publish","type":"product","link":"https:\/\/madabouthorror.co.uk\/de\/product\/texas-chainsaw-massacre-leatherface-killing-mask-vinyl\/","title":{"rendered":"Texas Chainsaw Massacre - Leatherface 1974 T\u00f6tungsmaske (Vinyl)"},"content":{"rendered":"<p>Diese Maske ist von Leatherface's ikonischem Auftritt im Horror-Klassiker The Texas Chainsaw Massacre von 1974 inspiriert. Jedes Detail von Leatherface wurde in dieser unglaublichen, sehr haltbaren Vinylmaske eingefangen, sodass sie \u00fcber Jahre hinweg ein herausragendes St\u00fcck in deiner Sammlung sein wird.<\/p>\n<p>Hol dir die offizielle Leatherface Killing Mask aus dem Jahr 1974 zusammen mit unserem Leatherface-Kost\u00fcm und dem Vorschlaghammer und spuke in dieser Halloween-Nacht durch deine Nachbarschaft!<\/p>","protected":false},"excerpt":{"rendered":"<p>Diese Maske ist von Leatherface's ikonischem Auftritt im Horror-Klassiker The Texas Chainsaw Massacre von 1974 inspiriert. Jedes Detail von Leatherface wurde in dieser unglaublichen, \u00e4u\u00dferst haltbaren Vinylmaske eingefangen, sodass sie \u00fcber Jahre hinweg ein herausragendes St\u00fcck in Ihrer Sammlung sein wird. Holen Sie sich die offizielle Leatherface T\u00f6tungsmaske aus dem Jahr 1974, zusammen mit unserem Leatherface Kost\u00fcm [...]<\/p>","protected":false},"featured_media":487053,"comment_status":"closed","ping_status":"closed","template":"","meta":{"_acf_changed":false},"product_brand":[],"product_cat":[6580,10017,10041,6537,10038,9962,6541,6789,6792,6675],"product_tag":[],"class_list":{"0":"post-474006","1":"product","2":"type-product","3":"status-publish","4":"has-post-thumbnail","6":"product_cat-movie-tv","7":"product_cat-leatherface-masks-horror-movie-and-tv","8":"product_cat-gifts-under-50","9":"product_cat-collectibles","10":"product_cat-horror-gifts","11":"product_cat-trick-or-treat-studios-masks","12":"product_cat-masks","13":"product_cat-leatherface","14":"product_cat-trick-or-treat-studios","15":"product_cat-texaschainsawmassacre","17":"first","18":"outofstock","19":"taxable","20":"shipping-taxable","21":"purchasable","22":"product-type-simple"},"supplier_id":467429,"supplier_sku":"CDRL114","barcode":"810116282050","atum_controlled":true,"out_stock_date":"2025-11-14 13:29:09","out_stock_threshold":null,"inheritable":false,"inbound_stock":40,"stock_on_hold":0,"sold_today":0,"sales_last_days":0,"reserved_stock":0,"customer_returns":0,"warehouse_damage":0,"lost_in_post":0,"other_logs":0,"out_stock_days":159,"lost_sales":1248,"has_location":false,"update_date":"2026-04-23T01:43:42","atum_locations":[],"atum_stock_status":"outofstock","restock_status":false,"low_stock_amount":24,"sales_update_date":"2026-04-23T01:43:40","calc_backorders":null,"acf":[],"yoast_head":"<!-- This site is optimized with the Yoast SEO plugin v27.4 - https:\/\/yoast.com\/product\/yoast-seo-wordpress\/ -->\n<title>Texas Chainsaw Massacre - Leatherface Killing Mask (Vinyl) | Mad About Horror<\/title>\n<meta name=\"description\" content=\"Texas Chainsaw Massacre official 1974 Vinyl\u00a0Leatherface Killing Mask from Trick or Treat Studios. PRE-ORDER now available in the UK from Mad About Horror.\" \/>\n<meta name=\"robots\" content=\"index, follow, max-snippet:-1, max-image-preview:large, max-video-preview:-1\" \/>\n<link rel=\"canonical\" href=\"https:\/\/madabouthorror.co.uk\/de\/product\/texas-chainsaw-massacre-leatherface-killing-mask-vinyl\/\" \/>\n<meta property=\"og:locale\" content=\"de_DE\" \/>\n<meta property=\"og:type\" content=\"article\" \/>\n<meta property=\"og:title\" content=\"Texas Chainsaw Massacre - Leatherface Killing Mask (Vinyl) | Mad About Horror\" \/>\n<meta property=\"og:description\" content=\"Texas Chainsaw Massacre official 1974 Vinyl\u00a0Leatherface Killing Mask from Trick or Treat Studios. PRE-ORDER now available in the UK from Mad About Horror.\" \/>\n<meta property=\"og:url\" content=\"https:\/\/madabouthorror.co.uk\/de\/product\/texas-chainsaw-massacre-leatherface-killing-mask-vinyl\/\" \/>\n<meta property=\"og:site_name\" content=\"Mad About Horror\" \/>\n<meta property=\"article:publisher\" content=\"https:\/\/www.facebook.com\/madabouthorror\/\" \/>\n<meta property=\"article:modified_time\" content=\"2026-04-20T14:40:20+00:00\" \/>\n<meta property=\"og:image\" content=\"https:\/\/madabouthorror.co.uk\/wp-content\/uploads\/2024\/02\/Vinyl-Leatherface-Killing-Mask-1024x1024.png\" \/>\n\t<meta property=\"og:image:width\" content=\"1024\" \/>\n\t<meta property=\"og:image:height\" content=\"1024\" \/>\n\t<meta property=\"og:image:type\" content=\"image\/png\" \/>\n<meta name=\"twitter:card\" content=\"summary_large_image\" \/>\n<meta name=\"twitter:label1\" content=\"Gesch\u00e4tzte Lesezeit\" \/>\n\t<meta name=\"twitter:data1\" content=\"1\u00a0Minute\" \/>\n<script type=\"application\/ld+json\" class=\"yoast-schema-graph\">{\"@context\":\"https:\\\/\\\/schema.org\",\"@graph\":[{\"@type\":[\"WebPage\",\"ItemPage\"],\"@id\":\"https:\\\/\\\/madabouthorror.co.uk\\\/product\\\/texas-chainsaw-massacre-leatherface-killing-mask-vinyl\\\/\",\"url\":\"https:\\\/\\\/madabouthorror.co.uk\\\/product\\\/texas-chainsaw-massacre-leatherface-killing-mask-vinyl\\\/\",\"name\":\"Texas Chainsaw Massacre - Leatherface Killing Mask (Vinyl) | Mad About Horror\",\"isPartOf\":{\"@id\":\"https:\\\/\\\/madabouthorror.co.uk\\\/#website\"},\"primaryImageOfPage\":{\"@id\":\"https:\\\/\\\/madabouthorror.co.uk\\\/product\\\/texas-chainsaw-massacre-leatherface-killing-mask-vinyl\\\/#primaryimage\"},\"image\":{\"@id\":\"https:\\\/\\\/madabouthorror.co.uk\\\/product\\\/texas-chainsaw-massacre-leatherface-killing-mask-vinyl\\\/#primaryimage\"},\"thumbnailUrl\":\"https:\\\/\\\/madabouthorror.co.uk\\\/wp-content\\\/uploads\\\/2024\\\/02\\\/Vinyl-Leatherface-Killing-Mask.png\",\"datePublished\":\"2024-02-09T14:43:31+00:00\",\"dateModified\":\"2026-04-20T14:40:20+00:00\",\"description\":\"Texas Chainsaw Massacre official 1974 Vinyl\u00a0Leatherface Killing Mask from Trick or Treat Studios. PRE-ORDER now available in the UK from Mad About Horror.\",\"breadcrumb\":{\"@id\":\"https:\\\/\\\/madabouthorror.co.uk\\\/product\\\/texas-chainsaw-massacre-leatherface-killing-mask-vinyl\\\/#breadcrumb\"},\"inLanguage\":\"de\",\"potentialAction\":[{\"@type\":\"ReadAction\",\"target\":[\"https:\\\/\\\/madabouthorror.co.uk\\\/product\\\/texas-chainsaw-massacre-leatherface-killing-mask-vinyl\\\/\"]}]},{\"@type\":\"ImageObject\",\"inLanguage\":\"de\",\"@id\":\"https:\\\/\\\/madabouthorror.co.uk\\\/product\\\/texas-chainsaw-massacre-leatherface-killing-mask-vinyl\\\/#primaryimage\",\"url\":\"https:\\\/\\\/madabouthorror.co.uk\\\/wp-content\\\/uploads\\\/2024\\\/02\\\/Vinyl-Leatherface-Killing-Mask.png\",\"contentUrl\":\"https:\\\/\\\/madabouthorror.co.uk\\\/wp-content\\\/uploads\\\/2024\\\/02\\\/Vinyl-Leatherface-Killing-Mask.png\",\"width\":1890,\"height\":1890,\"caption\":\"Vinyl Leatherface Killing Mask\"},{\"@type\":\"BreadcrumbList\",\"@id\":\"https:\\\/\\\/madabouthorror.co.uk\\\/product\\\/texas-chainsaw-massacre-leatherface-killing-mask-vinyl\\\/#breadcrumb\",\"itemListElement\":[{\"@type\":\"ListItem\",\"position\":1,\"name\":\"Shop\",\"item\":\"https:\\\/\\\/madabouthorror.co.uk\\\/shop\\\/\"},{\"@type\":\"ListItem\",\"position\":2,\"name\":\"Texas Chainsaw Massacre &#8211; Leatherface 1974 Killing Mask (Vinyl)\"}]},{\"@type\":\"WebSite\",\"@id\":\"https:\\\/\\\/madabouthorror.co.uk\\\/#website\",\"url\":\"https:\\\/\\\/madabouthorror.co.uk\\\/\",\"name\":\"Mad About Horror\",\"description\":\"\",\"publisher\":{\"@id\":\"https:\\\/\\\/madabouthorror.co.uk\\\/#organization\"},\"alternateName\":\"Mad About Horror Limited\",\"potentialAction\":[{\"@type\":\"SearchAction\",\"target\":{\"@type\":\"EntryPoint\",\"urlTemplate\":\"https:\\\/\\\/madabouthorror.co.uk\\\/?s={search_term_string}\"},\"query-input\":{\"@type\":\"PropertyValueSpecification\",\"valueRequired\":true,\"valueName\":\"search_term_string\"}}],\"inLanguage\":\"de\"},{\"@type\":\"Organization\",\"@id\":\"https:\\\/\\\/madabouthorror.co.uk\\\/#organization\",\"name\":\"Mad About Horror\",\"url\":\"https:\\\/\\\/madabouthorror.co.uk\\\/\",\"logo\":{\"@type\":\"ImageObject\",\"inLanguage\":\"de\",\"@id\":\"https:\\\/\\\/madabouthorror.co.uk\\\/#\\\/schema\\\/logo\\\/image\\\/\",\"url\":\"https:\\\/\\\/madabouthorror.co.uk\\\/wp-content\\\/uploads\\\/2024\\\/02\\\/cropped-Logo.png\",\"contentUrl\":\"https:\\\/\\\/madabouthorror.co.uk\\\/wp-content\\\/uploads\\\/2024\\\/02\\\/cropped-Logo.png\",\"width\":240,\"height\":88,\"caption\":\"Mad About Horror\"},\"image\":{\"@id\":\"https:\\\/\\\/madabouthorror.co.uk\\\/#\\\/schema\\\/logo\\\/image\\\/\"},\"sameAs\":[\"https:\\\/\\\/www.facebook.com\\\/madabouthorror\\\/\",\"https:\\\/\\\/www.instagram.com\\\/madabouthorror\\\/\",\"https:\\\/\\\/www.pinterest.co.uk\\\/madabouthorror\\\/\",\"https:\\\/\\\/www.youtube.com\\\/channel\\\/UCBooLOIxjoQ89dj6T5lWm_w\",\"https:\\\/\\\/www.tiktok.com\\\/@weremadabouthorror\"]}]}<\/script>\n<!-- \/ Yoast SEO plugin. -->","yoast_head_json":{"title":"Texas Chainsaw Massacre - Leatherface T\u00f6tungsmaske (Vinyl) | Mad About Horror","description":"Texas Chainsaw Massacre offizielle 1974 Vinyl Leatherface Killing Mask von Trick or Treat Studios. Vorbestellung jetzt in Gro\u00dfbritannien bei Mad About Horror erh\u00e4ltlich.","robots":{"index":"index","follow":"follow","max-snippet":"max-snippet:-1","max-image-preview":"max-image-preview:large","max-video-preview":"max-video-preview:-1"},"canonical":"https:\/\/madabouthorror.co.uk\/de\/product\/texas-chainsaw-massacre-leatherface-killing-mask-vinyl\/","og_locale":"de_DE","og_type":"article","og_title":"Texas Chainsaw Massacre - Leatherface Killing Mask (Vinyl) | Mad About Horror","og_description":"Texas Chainsaw Massacre official 1974 Vinyl\u00a0Leatherface Killing Mask from Trick or Treat Studios. PRE-ORDER now available in the UK from Mad About Horror.","og_url":"https:\/\/madabouthorror.co.uk\/de\/product\/texas-chainsaw-massacre-leatherface-killing-mask-vinyl\/","og_site_name":"Mad About Horror","article_publisher":"https:\/\/www.facebook.com\/madabouthorror\/","article_modified_time":"2026-04-20T14:40:20+00:00","og_image":[{"width":1024,"height":1024,"url":"https:\/\/madabouthorror.co.uk\/wp-content\/uploads\/2024\/02\/Vinyl-Leatherface-Killing-Mask-1024x1024.png","type":"image\/png"}],"twitter_card":"summary_large_image","twitter_misc":{"Gesch\u00e4tzte Lesezeit":"1\u00a0Minute"},"schema":{"@context":"https:\/\/schema.org","@graph":[{"@type":["WebPage","ItemPage"],"@id":"https:\/\/madabouthorror.co.uk\/product\/texas-chainsaw-massacre-leatherface-killing-mask-vinyl\/","url":"https:\/\/madabouthorror.co.uk\/product\/texas-chainsaw-massacre-leatherface-killing-mask-vinyl\/","name":"Texas Chainsaw Massacre - Leatherface T\u00f6tungsmaske (Vinyl) | Mad About Horror","isPartOf":{"@id":"https:\/\/madabouthorror.co.uk\/#website"},"primaryImageOfPage":{"@id":"https:\/\/madabouthorror.co.uk\/product\/texas-chainsaw-massacre-leatherface-killing-mask-vinyl\/#primaryimage"},"image":{"@id":"https:\/\/madabouthorror.co.uk\/product\/texas-chainsaw-massacre-leatherface-killing-mask-vinyl\/#primaryimage"},"thumbnailUrl":"https:\/\/madabouthorror.co.uk\/wp-content\/uploads\/2024\/02\/Vinyl-Leatherface-Killing-Mask.png","datePublished":"2024-02-09T14:43:31+00:00","dateModified":"2026-04-20T14:40:20+00:00","description":"Texas Chainsaw Massacre offizielle 1974 Vinyl Leatherface Killing Mask von Trick or Treat Studios. Vorbestellung jetzt in Gro\u00dfbritannien bei Mad About Horror erh\u00e4ltlich.","breadcrumb":{"@id":"https:\/\/madabouthorror.co.uk\/product\/texas-chainsaw-massacre-leatherface-killing-mask-vinyl\/#breadcrumb"},"inLanguage":"de","potentialAction":[{"@type":"ReadAction","target":["https:\/\/madabouthorror.co.uk\/product\/texas-chainsaw-massacre-leatherface-killing-mask-vinyl\/"]}]},{"@type":"ImageObject","inLanguage":"de","@id":"https:\/\/madabouthorror.co.uk\/product\/texas-chainsaw-massacre-leatherface-killing-mask-vinyl\/#primaryimage","url":"https:\/\/madabouthorror.co.uk\/wp-content\/uploads\/2024\/02\/Vinyl-Leatherface-Killing-Mask.png","contentUrl":"https:\/\/madabouthorror.co.uk\/wp-content\/uploads\/2024\/02\/Vinyl-Leatherface-Killing-Mask.png","width":1890,"height":1890,"caption":"Vinyl Leatherface Killing Mask"},{"@type":"BreadcrumbList","@id":"https:\/\/madabouthorror.co.uk\/product\/texas-chainsaw-massacre-leatherface-killing-mask-vinyl\/#breadcrumb","itemListElement":[{"@type":"ListItem","position":1,"name":"Shop","item":"https:\/\/madabouthorror.co.uk\/shop\/"},{"@type":"ListItem","position":2,"name":"Texas Chainsaw Massacre &#8211; Leatherface 1974 Killing Mask (Vinyl)"}]},{"@type":"WebSite","@id":"https:\/\/madabouthorror.co.uk\/#website","url":"https:\/\/madabouthorror.co.uk\/","name":"Verr\u00fcckt nach Horror","description":"","publisher":{"@id":"https:\/\/madabouthorror.co.uk\/#organization"},"alternateName":"Mad About Horror Limited","potentialAction":[{"@type":"SearchAction","target":{"@type":"EntryPoint","urlTemplate":"https:\/\/madabouthorror.co.uk\/?s={search_term_string}"},"query-input":{"@type":"PropertyValueSpecification","valueRequired":true,"valueName":"search_term_string"}}],"inLanguage":"de"},{"@type":"Organization","@id":"https:\/\/madabouthorror.co.uk\/#organization","name":"Verr\u00fcckt nach Horror","url":"https:\/\/madabouthorror.co.uk\/","logo":{"@type":"ImageObject","inLanguage":"de","@id":"https:\/\/madabouthorror.co.uk\/#\/schema\/logo\/image\/","url":"https:\/\/madabouthorror.co.uk\/wp-content\/uploads\/2024\/02\/cropped-Logo.png","contentUrl":"https:\/\/madabouthorror.co.uk\/wp-content\/uploads\/2024\/02\/cropped-Logo.png","width":240,"height":88,"caption":"Mad About Horror"},"image":{"@id":"https:\/\/madabouthorror.co.uk\/#\/schema\/logo\/image\/"},"sameAs":["https:\/\/www.facebook.com\/madabouthorror\/","https:\/\/www.instagram.com\/madabouthorror\/","https:\/\/www.pinterest.co.uk\/madabouthorror\/","https:\/\/www.youtube.com\/channel\/UCBooLOIxjoQ89dj6T5lWm_w","https:\/\/www.tiktok.com\/@weremadabouthorror"]}]}},"df_price":57.24,"df_sale_price":"","df_regular_price":57.24,"df_image_link":"https:\/\/madabouthorror.co.uk\/wp-content\/uploads\/2024\/02\/Vinyl-Leatherface-Killing-Mask-300x300.png","_links":{"self":[{"href":"https:\/\/madabouthorror.co.uk\/de\/wp-json\/wp\/v2\/product\/474006","targetHints":{"allow":["GET"]}}],"collection":[{"href":"https:\/\/madabouthorror.co.uk\/de\/wp-json\/wp\/v2\/product"}],"about":[{"href":"https:\/\/madabouthorror.co.uk\/de\/wp-json\/wp\/v2\/types\/product"}],"replies":[{"embeddable":true,"href":"https:\/\/madabouthorror.co.uk\/de\/wp-json\/wp\/v2\/comments?post=474006"}],"wp:featuredmedia":[{"embeddable":true,"href":"https:\/\/madabouthorror.co.uk\/de\/wp-json\/wp\/v2\/media\/487053"}],"wp:attachment":[{"href":"https:\/\/madabouthorror.co.uk\/de\/wp-json\/wp\/v2\/media?parent=474006"}],"wp:term":[{"taxonomy":"product_brand","embeddable":true,"href":"https:\/\/madabouthorror.co.uk\/de\/wp-json\/wp\/v2\/product_brand?post=474006"},{"taxonomy":"product_cat","embeddable":true,"href":"https:\/\/madabouthorror.co.uk\/de\/wp-json\/wp\/v2\/product_cat?post=474006"},{"taxonomy":"product_tag","embeddable":true,"href":"https:\/\/madabouthorror.co.uk\/de\/wp-json\/wp\/v2\/product_tag?post=474006"}],"curies":[{"name":"wp","href":"https:\/\/api.w.org\/{rel}","templated":true}]}}