{"id":47491,"date":"2021-03-19T15:52:50","date_gmt":"2021-03-19T15:52:50","guid":{"rendered":"https:\/\/mah.6bdv.ws\/product\/ghostface-25th-anniversary-scream-movie-mask\/"},"modified":"2026-04-12T21:19:57","modified_gmt":"2026-04-12T20:19:57","slug":"ghostface-25th-anniversary-scream-movie-mask","status":"publish","type":"product","link":"https:\/\/madabouthorror.co.uk\/de\/product\/ghostface-25th-anniversary-scream-movie-mask\/","title":{"rendered":"GhostFace 25th Anniversary Scream Movie Maske"},"content":{"rendered":"<p>Die Ikone von Halloween<\/p>\n<div class=\"product attribute overview\">\n<div class=\"value\">\n<div class=\"product attribute overview\">\n<div class=\"value\">\n<p><span style=\"color: #000000;\">Mit einer luxuri\u00f6sen silbern-metallischen Akzent-Motorhaube und einem K\u00fchlerhaubenverkleidung!<\/span><\/p>\n<\/div>\n<\/div>\n<\/div>\n<\/div>\n<h3>Was ist inbegriffen?<\/h3>\n<div class=\"product attribute description\">\n<div class=\"value\">\n<ul>\n<li>Maske<\/li>\n<li>Abnehmbare Sturmhaube und Kapuze<\/li>\n<\/ul>\n<p>&nbsp;<\/p>\n<p><em>GhostFace ist eine eingetragene Marke von Fun World Div. und Easter Unlimited, Inc. Alle Rechte vorbehalten.\u00a0<\/em><\/p>\n<p><em>Fun World ist eine eingetragene Marke von Easter Unlimited, Inc. Alle Rechte vorbehalten.\u00a0<\/em><\/p>\n<p><em>As Seen in the motion picture Scream ist \u00a9Miramax Film Corp. 1997. Alle Rechte vorbehalten.<\/em><\/p>\n<p style=\"font-weight: 400;\">WICHTIGER HINWEIS:<\/p>\n<p style=\"font-weight: 400;\">Obwohl Ghostface-Masken Sammlerst\u00fccke sind, sind sie preiswert und maschinell hergestellt, daher erwarten Sie bitte keine Perfektion \u2013 manche haben m\u00f6glicherweise kein Gummiband hinter der Maske \u2013 sie weisen oft leichte Herstellungsfehler auf, die vom Hersteller nicht als Mangel betrachtet werden. Bitte kaufen Sie nicht, wenn Sie damit nicht einverstanden sind.<\/p>\n<p style=\"font-weight: 400;\">Unser Lagerteam hat alle Artikel einer Qualit\u00e4tspr\u00fcfung unterzogen, um sicherzustellen, dass sie unseren Qualit\u00e4tsanforderungen entsprechen, und zwar unter Anleitung des Fun World-Vertriebspartners. Wenn Sie eine Maske erhalten, mit der Sie nicht zufrieden sind, k\u00f6nnen Sie sie gerne zur\u00fcckschicken, allerdings auf Ihre eigenen Kosten.<\/p>\n<p>Nicht vergessen, alles auszuchecken <a href=\"https:\/\/madabouthorror.co.uk\/de\/c\/character\/ghostface\/\">Ghostface-Masken<\/a>.<\/p>\n<\/div>\n<\/div>","protected":false},"excerpt":{"rendered":"<p>Das Halloween-Icon verf\u00fcgt \u00fcber eine Deluxe-Kapuze und einen Kapuzenaufsetzer mit silbernen Metallic-Akzenten! Im Lieferumfang enthalten: An der Maske befestigte schimmernde Kapuze und Kapuzenaufsetzer \"GhostFace\" ist eine eingetragene Marke von Fun World Div., Easter Unlimited, Inc. Alle Rechte vorbehalten. \"Fun World\" ist eine eingetragene Marke von Easter Unlimited, Inc. Alle Rechte vorbehalten. Wie im Film zu sehen [\u2026]<\/p>","protected":false},"featured_media":47489,"comment_status":"closed","ping_status":"closed","template":"","meta":{"_acf_changed":false},"product_brand":[],"product_cat":[6580,10038,6541,7040,6695],"product_tag":[],"class_list":{"0":"post-47491","1":"product","2":"type-product","3":"status-publish","4":"has-post-thumbnail","6":"product_cat-movie-tv","7":"product_cat-horror-gifts","8":"product_cat-masks","9":"product_cat-ghostface","10":"product_cat-scream","11":"product_shipping_class-small-parcel-economy-3-5-business-days","13":"first","14":"instock","15":"taxable","16":"shipping-taxable","17":"purchasable","18":"product-type-simple"},"supplier_id":467907,"supplier_sku":"1550J","barcode":"071765127431","atum_controlled":true,"out_stock_date":null,"out_stock_threshold":null,"inheritable":false,"inbound_stock":0,"stock_on_hold":0,"sold_today":0,"sales_last_days":2,"reserved_stock":0,"customer_returns":0,"warehouse_damage":0,"lost_in_post":0,"other_logs":0,"out_stock_days":0,"lost_sales":0,"has_location":false,"update_date":"2026-04-23T02:01:19","atum_locations":[],"atum_stock_status":"instock","restock_status":false,"low_stock_amount":5,"sales_update_date":"2026-04-23T02:01:17","calc_backorders":null,"acf":[],"yoast_head":"<!-- This site is optimized with the Yoast SEO plugin v27.4 - https:\/\/yoast.com\/product\/yoast-seo-wordpress\/ -->\n<title>Ghostface 25th Anniversary Scream Movie Mask<\/title>\n<meta name=\"description\" content=\"PRE ORDER Ghostface 25th Anniversary Scream Movie Mask - Fun World - UK stockist - Horror Collectibles\" \/>\n<meta name=\"robots\" content=\"index, follow, max-snippet:-1, max-image-preview:large, max-video-preview:-1\" \/>\n<link rel=\"canonical\" href=\"https:\/\/madabouthorror.co.uk\/de\/product\/ghostface-25th-anniversary-scream-movie-mask\/\" \/>\n<meta property=\"og:locale\" content=\"de_DE\" \/>\n<meta property=\"og:type\" content=\"article\" \/>\n<meta property=\"og:title\" content=\"Ghostface 25th Anniversary Scream Movie Mask\" \/>\n<meta property=\"og:description\" content=\"PRE ORDER Ghostface 25th Anniversary Scream Movie Mask - Fun World - UK stockist - Horror Collectibles\" \/>\n<meta property=\"og:url\" content=\"https:\/\/madabouthorror.co.uk\/de\/product\/ghostface-25th-anniversary-scream-movie-mask\/\" \/>\n<meta property=\"og:site_name\" content=\"Mad About Horror\" \/>\n<meta property=\"article:publisher\" content=\"https:\/\/www.facebook.com\/madabouthorror\/\" \/>\n<meta property=\"article:modified_time\" content=\"2026-04-12T20:19:57+00:00\" \/>\n<meta property=\"og:image\" content=\"https:\/\/madabouthorror.co.uk\/wp-content\/uploads\/2021\/03\/fun_world_scream_25_mask.jpg\" \/>\n\t<meta property=\"og:image:width\" content=\"670\" \/>\n\t<meta property=\"og:image:height\" content=\"670\" \/>\n\t<meta property=\"og:image:type\" content=\"image\/jpeg\" \/>\n<meta name=\"twitter:card\" content=\"summary_large_image\" \/>\n<meta name=\"twitter:label1\" content=\"Gesch\u00e4tzte Lesezeit\" \/>\n\t<meta name=\"twitter:data1\" content=\"2\u00a0Minuten\" \/>\n<script type=\"application\/ld+json\" class=\"yoast-schema-graph\">{\"@context\":\"https:\\\/\\\/schema.org\",\"@graph\":[{\"@type\":[\"WebPage\",\"ItemPage\"],\"@id\":\"https:\\\/\\\/madabouthorror.co.uk\\\/product\\\/ghostface-25th-anniversary-scream-movie-mask\\\/\",\"url\":\"https:\\\/\\\/madabouthorror.co.uk\\\/product\\\/ghostface-25th-anniversary-scream-movie-mask\\\/\",\"name\":\"Ghostface 25th Anniversary Scream Movie Mask\",\"isPartOf\":{\"@id\":\"https:\\\/\\\/madabouthorror.co.uk\\\/#website\"},\"primaryImageOfPage\":{\"@id\":\"https:\\\/\\\/madabouthorror.co.uk\\\/product\\\/ghostface-25th-anniversary-scream-movie-mask\\\/#primaryimage\"},\"image\":{\"@id\":\"https:\\\/\\\/madabouthorror.co.uk\\\/product\\\/ghostface-25th-anniversary-scream-movie-mask\\\/#primaryimage\"},\"thumbnailUrl\":\"https:\\\/\\\/madabouthorror.co.uk\\\/wp-content\\\/uploads\\\/2021\\\/03\\\/fun_world_scream_25_mask.jpg\",\"datePublished\":\"2021-03-19T15:52:50+00:00\",\"dateModified\":\"2026-04-12T20:19:57+00:00\",\"description\":\"PRE ORDER Ghostface 25th Anniversary Scream Movie Mask - Fun World - UK stockist - Horror Collectibles\",\"breadcrumb\":{\"@id\":\"https:\\\/\\\/madabouthorror.co.uk\\\/product\\\/ghostface-25th-anniversary-scream-movie-mask\\\/#breadcrumb\"},\"inLanguage\":\"de\",\"potentialAction\":[{\"@type\":\"ReadAction\",\"target\":[\"https:\\\/\\\/madabouthorror.co.uk\\\/product\\\/ghostface-25th-anniversary-scream-movie-mask\\\/\"]}]},{\"@type\":\"ImageObject\",\"inLanguage\":\"de\",\"@id\":\"https:\\\/\\\/madabouthorror.co.uk\\\/product\\\/ghostface-25th-anniversary-scream-movie-mask\\\/#primaryimage\",\"url\":\"https:\\\/\\\/madabouthorror.co.uk\\\/wp-content\\\/uploads\\\/2021\\\/03\\\/fun_world_scream_25_mask.jpg\",\"contentUrl\":\"https:\\\/\\\/madabouthorror.co.uk\\\/wp-content\\\/uploads\\\/2021\\\/03\\\/fun_world_scream_25_mask.jpg\",\"width\":670,\"height\":670,\"caption\":\"Ghostface 25th Anniversary Movie Mask - (LIMIT 2 PER PERSON)-0\"},{\"@type\":\"BreadcrumbList\",\"@id\":\"https:\\\/\\\/madabouthorror.co.uk\\\/product\\\/ghostface-25th-anniversary-scream-movie-mask\\\/#breadcrumb\",\"itemListElement\":[{\"@type\":\"ListItem\",\"position\":1,\"name\":\"Shop\",\"item\":\"https:\\\/\\\/madabouthorror.co.uk\\\/shop\\\/\"},{\"@type\":\"ListItem\",\"position\":2,\"name\":\"GhostFace 25th Anniversary Scream Movie Mask\"}]},{\"@type\":\"WebSite\",\"@id\":\"https:\\\/\\\/madabouthorror.co.uk\\\/#website\",\"url\":\"https:\\\/\\\/madabouthorror.co.uk\\\/\",\"name\":\"Mad About Horror\",\"description\":\"\",\"publisher\":{\"@id\":\"https:\\\/\\\/madabouthorror.co.uk\\\/#organization\"},\"alternateName\":\"Mad About Horror Limited\",\"potentialAction\":[{\"@type\":\"SearchAction\",\"target\":{\"@type\":\"EntryPoint\",\"urlTemplate\":\"https:\\\/\\\/madabouthorror.co.uk\\\/?s={search_term_string}\"},\"query-input\":{\"@type\":\"PropertyValueSpecification\",\"valueRequired\":true,\"valueName\":\"search_term_string\"}}],\"inLanguage\":\"de\"},{\"@type\":\"Organization\",\"@id\":\"https:\\\/\\\/madabouthorror.co.uk\\\/#organization\",\"name\":\"Mad About Horror\",\"url\":\"https:\\\/\\\/madabouthorror.co.uk\\\/\",\"logo\":{\"@type\":\"ImageObject\",\"inLanguage\":\"de\",\"@id\":\"https:\\\/\\\/madabouthorror.co.uk\\\/#\\\/schema\\\/logo\\\/image\\\/\",\"url\":\"https:\\\/\\\/madabouthorror.co.uk\\\/wp-content\\\/uploads\\\/2024\\\/02\\\/cropped-Logo.png\",\"contentUrl\":\"https:\\\/\\\/madabouthorror.co.uk\\\/wp-content\\\/uploads\\\/2024\\\/02\\\/cropped-Logo.png\",\"width\":240,\"height\":88,\"caption\":\"Mad About Horror\"},\"image\":{\"@id\":\"https:\\\/\\\/madabouthorror.co.uk\\\/#\\\/schema\\\/logo\\\/image\\\/\"},\"sameAs\":[\"https:\\\/\\\/www.facebook.com\\\/madabouthorror\\\/\",\"https:\\\/\\\/www.instagram.com\\\/madabouthorror\\\/\",\"https:\\\/\\\/www.pinterest.co.uk\\\/madabouthorror\\\/\",\"https:\\\/\\\/www.youtube.com\\\/channel\\\/UCBooLOIxjoQ89dj6T5lWm_w\",\"https:\\\/\\\/www.tiktok.com\\\/@weremadabouthorror\"]}]}<\/script>\n<!-- \/ Yoast SEO plugin. -->","yoast_head_json":{"title":"Ghostface 25th Anniversary Scream Filmmaske","description":"Vorbestellung Ghostface 25th Anniversary Scream Movie Maske - Fun World - UK H\u00e4ndler - Horror Sammlerst\u00fccke","robots":{"index":"index","follow":"follow","max-snippet":"max-snippet:-1","max-image-preview":"max-image-preview:large","max-video-preview":"max-video-preview:-1"},"canonical":"https:\/\/madabouthorror.co.uk\/de\/product\/ghostface-25th-anniversary-scream-movie-mask\/","og_locale":"de_DE","og_type":"article","og_title":"Ghostface 25th Anniversary Scream Movie Mask","og_description":"PRE ORDER Ghostface 25th Anniversary Scream Movie Mask - Fun World - UK stockist - Horror Collectibles","og_url":"https:\/\/madabouthorror.co.uk\/de\/product\/ghostface-25th-anniversary-scream-movie-mask\/","og_site_name":"Mad About Horror","article_publisher":"https:\/\/www.facebook.com\/madabouthorror\/","article_modified_time":"2026-04-12T20:19:57+00:00","og_image":[{"width":670,"height":670,"url":"https:\/\/madabouthorror.co.uk\/wp-content\/uploads\/2021\/03\/fun_world_scream_25_mask.jpg","type":"image\/jpeg"}],"twitter_card":"summary_large_image","twitter_misc":{"Gesch\u00e4tzte Lesezeit":"2\u00a0Minuten"},"schema":{"@context":"https:\/\/schema.org","@graph":[{"@type":["WebPage","ItemPage"],"@id":"https:\/\/madabouthorror.co.uk\/product\/ghostface-25th-anniversary-scream-movie-mask\/","url":"https:\/\/madabouthorror.co.uk\/product\/ghostface-25th-anniversary-scream-movie-mask\/","name":"Ghostface 25th Anniversary Scream Filmmaske","isPartOf":{"@id":"https:\/\/madabouthorror.co.uk\/#website"},"primaryImageOfPage":{"@id":"https:\/\/madabouthorror.co.uk\/product\/ghostface-25th-anniversary-scream-movie-mask\/#primaryimage"},"image":{"@id":"https:\/\/madabouthorror.co.uk\/product\/ghostface-25th-anniversary-scream-movie-mask\/#primaryimage"},"thumbnailUrl":"https:\/\/madabouthorror.co.uk\/wp-content\/uploads\/2021\/03\/fun_world_scream_25_mask.jpg","datePublished":"2021-03-19T15:52:50+00:00","dateModified":"2026-04-12T20:19:57+00:00","description":"Vorbestellung Ghostface 25th Anniversary Scream Movie Maske - Fun World - UK H\u00e4ndler - Horror Sammlerst\u00fccke","breadcrumb":{"@id":"https:\/\/madabouthorror.co.uk\/product\/ghostface-25th-anniversary-scream-movie-mask\/#breadcrumb"},"inLanguage":"de","potentialAction":[{"@type":"ReadAction","target":["https:\/\/madabouthorror.co.uk\/product\/ghostface-25th-anniversary-scream-movie-mask\/"]}]},{"@type":"ImageObject","inLanguage":"de","@id":"https:\/\/madabouthorror.co.uk\/product\/ghostface-25th-anniversary-scream-movie-mask\/#primaryimage","url":"https:\/\/madabouthorror.co.uk\/wp-content\/uploads\/2021\/03\/fun_world_scream_25_mask.jpg","contentUrl":"https:\/\/madabouthorror.co.uk\/wp-content\/uploads\/2021\/03\/fun_world_scream_25_mask.jpg","width":670,"height":670,"caption":"Ghostface 25th Anniversary Movie Mask - (LIMIT 2 PER PERSON)-0"},{"@type":"BreadcrumbList","@id":"https:\/\/madabouthorror.co.uk\/product\/ghostface-25th-anniversary-scream-movie-mask\/#breadcrumb","itemListElement":[{"@type":"ListItem","position":1,"name":"Shop","item":"https:\/\/madabouthorror.co.uk\/shop\/"},{"@type":"ListItem","position":2,"name":"GhostFace 25th Anniversary Scream Movie Mask"}]},{"@type":"WebSite","@id":"https:\/\/madabouthorror.co.uk\/#website","url":"https:\/\/madabouthorror.co.uk\/","name":"Verr\u00fcckt nach Horror","description":"","publisher":{"@id":"https:\/\/madabouthorror.co.uk\/#organization"},"alternateName":"Mad About Horror Limited","potentialAction":[{"@type":"SearchAction","target":{"@type":"EntryPoint","urlTemplate":"https:\/\/madabouthorror.co.uk\/?s={search_term_string}"},"query-input":{"@type":"PropertyValueSpecification","valueRequired":true,"valueName":"search_term_string"}}],"inLanguage":"de"},{"@type":"Organization","@id":"https:\/\/madabouthorror.co.uk\/#organization","name":"Verr\u00fcckt nach Horror","url":"https:\/\/madabouthorror.co.uk\/","logo":{"@type":"ImageObject","inLanguage":"de","@id":"https:\/\/madabouthorror.co.uk\/#\/schema\/logo\/image\/","url":"https:\/\/madabouthorror.co.uk\/wp-content\/uploads\/2024\/02\/cropped-Logo.png","contentUrl":"https:\/\/madabouthorror.co.uk\/wp-content\/uploads\/2024\/02\/cropped-Logo.png","width":240,"height":88,"caption":"Mad About Horror"},"image":{"@id":"https:\/\/madabouthorror.co.uk\/#\/schema\/logo\/image\/"},"sameAs":["https:\/\/www.facebook.com\/madabouthorror\/","https:\/\/www.instagram.com\/madabouthorror\/","https:\/\/www.pinterest.co.uk\/madabouthorror\/","https:\/\/www.youtube.com\/channel\/UCBooLOIxjoQ89dj6T5lWm_w","https:\/\/www.tiktok.com\/@weremadabouthorror"]}]}},"df_price":25.99,"df_sale_price":"","df_regular_price":25.99,"df_image_link":"https:\/\/madabouthorror.co.uk\/wp-content\/uploads\/2021\/03\/fun_world_scream_25_mask-300x300.jpg","_links":{"self":[{"href":"https:\/\/madabouthorror.co.uk\/de\/wp-json\/wp\/v2\/product\/47491","targetHints":{"allow":["GET"]}}],"collection":[{"href":"https:\/\/madabouthorror.co.uk\/de\/wp-json\/wp\/v2\/product"}],"about":[{"href":"https:\/\/madabouthorror.co.uk\/de\/wp-json\/wp\/v2\/types\/product"}],"replies":[{"embeddable":true,"href":"https:\/\/madabouthorror.co.uk\/de\/wp-json\/wp\/v2\/comments?post=47491"}],"wp:featuredmedia":[{"embeddable":true,"href":"https:\/\/madabouthorror.co.uk\/de\/wp-json\/wp\/v2\/media\/47489"}],"wp:attachment":[{"href":"https:\/\/madabouthorror.co.uk\/de\/wp-json\/wp\/v2\/media?parent=47491"}],"wp:term":[{"taxonomy":"product_brand","embeddable":true,"href":"https:\/\/madabouthorror.co.uk\/de\/wp-json\/wp\/v2\/product_brand?post=47491"},{"taxonomy":"product_cat","embeddable":true,"href":"https:\/\/madabouthorror.co.uk\/de\/wp-json\/wp\/v2\/product_cat?post=47491"},{"taxonomy":"product_tag","embeddable":true,"href":"https:\/\/madabouthorror.co.uk\/de\/wp-json\/wp\/v2\/product_tag?post=47491"}],"curies":[{"name":"wp","href":"https:\/\/api.w.org\/{rel}","templated":true}]}}