{"id":474964,"date":"2024-02-20T13:51:34","date_gmt":"2024-02-20T13:51:34","guid":{"rendered":"https:\/\/madabouthorror.co.uk\/?post_type=product&#038;p=474964"},"modified":"2026-04-15T17:44:01","modified_gmt":"2026-04-15T16:44:01","slug":"killer-klowns-from-outer-space-jumbo-16-inch-collector-plush","status":"publish","type":"product","link":"https:\/\/madabouthorror.co.uk\/de\/product\/killer-klowns-from-outer-space-jumbo-16-inch-collector-plush\/","title":{"rendered":"Killer Klowns aus dem Weltraum 16-Zoll gro\u00dfe Sammler Pl\u00fcsch - JUMBO"},"content":{"rendered":"<p>Hier kommt der offiziell lizenzierte Killer Klowns from Outer Space Jumbo Sammlerpl\u00fcsch! Dieser b\u00f6se Alien-Clown-Pl\u00fcsch bringt die verr\u00fcckten Zirkuspossen des intergalaktischen Terrors in deine Sammlung.<\/p>\n<p>Mit markanten Details wie neongr\u00fcnen Haaren und Schuhen ist Jumbo unverkennbar und mit seinem schiefen L\u00e4cheln bedrohlich. Als einer der ersten Klowns, die in dem Kultklassiker auf der Leinwand erscheinen, nimmt er eine einzigartige Stellung in der t\u00f6dlichen Zirkusparade ein. Jetzt kannst du ihm mit diesem exklusiven Pl\u00fcsch etwas mehr Zeit im Rampenlicht geben.<\/p>\n<p>Dieses Pl\u00fcschtier wurde aus hochwertigen Materialien und mit viel Liebe zum Charakterdesign hergestellt und ist ein Sammlerst\u00fcck, das eine Hommage an den Kultklassiker darstellt. Dieser gro\u00dfe Pl\u00fcschcharakter ist ca. 16 cm gro\u00df und erweckt den kultigen Killer Klown in deiner Sammlung zum Leben.<\/p>\n<p>Besitzen Sie ein St\u00fcck Killer Klowns-Geschichte und bestellen Sie noch heute Ihren exklusiven Jumbo-Sammlerpl\u00fcsch!<\/p>\n<p><strong>Einzelheiten:<\/strong><\/p>\n<ul>\n<li>16 Zoll gro\u00df<\/li>\n<li>Offiziell lizenziert<\/li>\n<li>Pl\u00fcsch<\/li>\n<\/ul>\n<p><strong>NICHT F\u00dcR KINDER - dies ist ein Sammlerst\u00fcck und kein Spielzeug<\/strong><\/p>","protected":false},"excerpt":{"rendered":"<p>Hier kommt der offiziell lizenzierte Killer Klowns from Outer Space Jumbo Sammlerpl\u00fcsch! Dieser b\u00f6se Alien-Clown bringt die verr\u00fcckten Zirkuspossen des intergalaktischen Terrors in deine Sammlung. Mit unverwechselbaren Details wie neongr\u00fcnen Haaren und Schuhen ist Jumbo unverwechselbar und bedrohlich mit seinem schiefen L\u00e4cheln. Als einer der ersten Klowns, die auf der Leinwand erschienen [...]<\/p>","protected":false},"featured_media":474966,"comment_status":"closed","ping_status":"closed","template":"","meta":{"_acf_changed":false},"product_brand":[],"product_cat":[6538,10041,6537,10038,6577,6627,6673],"product_tag":[],"class_list":{"0":"post-474964","1":"product","2":"type-product","3":"status-publish","4":"has-post-thumbnail","6":"product_cat-figures","7":"product_cat-gifts-under-50","8":"product_cat-collectibles","9":"product_cat-horror-gifts","10":"product_cat-plush","11":"product_cat-movie","12":"product_cat-killerklownsfromouterspace","13":"product_shipping_class-small-parcel-economy-3-5-business-days","15":"first","16":"onbackorder","17":"taxable","18":"shipping-taxable","19":"purchasable","20":"product-type-simple"},"supplier_id":467900,"supplier_sku":"TNK-99475-C","barcode":"849795099475","atum_controlled":true,"out_stock_date":null,"out_stock_threshold":null,"inheritable":false,"inbound_stock":2,"stock_on_hold":0,"sold_today":0,"sales_last_days":0,"reserved_stock":0,"customer_returns":0,"warehouse_damage":0,"lost_in_post":0,"other_logs":0,"out_stock_days":0,"lost_sales":0,"has_location":false,"update_date":"2026-04-29T01:26:24","atum_locations":[],"atum_stock_status":"onbackorder","restock_status":false,"low_stock_amount":"","sales_update_date":"2026-04-29T01:26:23","calc_backorders":-1,"acf":[],"yoast_head":"<!-- This site is optimized with the Yoast SEO plugin v27.5 - https:\/\/yoast.com\/product\/yoast-seo-wordpress\/ -->\n<title>Killer Klowns From Outer Space - Jumbo Collector Plush<\/title>\n<meta name=\"description\" content=\"Officially licensed Killer Klowns From Outer Space Jumbo Plush. PRE-ORDER available at Mad About Horror, Europe&#039;s leading horror collectibles specialist.\" \/>\n<meta name=\"robots\" content=\"index, follow, max-snippet:-1, max-image-preview:large, max-video-preview:-1\" \/>\n<link rel=\"canonical\" href=\"https:\/\/madabouthorror.co.uk\/de\/product\/killer-klowns-from-outer-space-jumbo-16-inch-collector-plush\/\" \/>\n<meta property=\"og:locale\" content=\"de_DE\" \/>\n<meta property=\"og:type\" content=\"article\" \/>\n<meta property=\"og:title\" content=\"Killer Klowns From Outer Space - Jumbo Collector Plush\" \/>\n<meta property=\"og:description\" content=\"Officially licensed Killer Klowns From Outer Space Jumbo Plush. PRE-ORDER available at Mad About Horror, Europe&#039;s leading horror collectibles specialist.\" \/>\n<meta property=\"og:url\" content=\"https:\/\/madabouthorror.co.uk\/de\/product\/killer-klowns-from-outer-space-jumbo-16-inch-collector-plush\/\" \/>\n<meta property=\"og:site_name\" content=\"Mad About Horror\" \/>\n<meta property=\"article:publisher\" content=\"https:\/\/www.facebook.com\/madabouthorror\/\" \/>\n<meta property=\"article:modified_time\" content=\"2026-04-15T16:44:01+00:00\" \/>\n<meta property=\"og:image\" content=\"https:\/\/madabouthorror.co.uk\/wp-content\/uploads\/2024\/02\/killer_klown-jumbo-plush.jpeg\" \/>\n\t<meta property=\"og:image:width\" content=\"700\" \/>\n\t<meta property=\"og:image:height\" content=\"700\" \/>\n\t<meta property=\"og:image:type\" content=\"image\/jpeg\" \/>\n<meta name=\"twitter:card\" content=\"summary_large_image\" \/>\n<meta name=\"twitter:label1\" content=\"Gesch\u00e4tzte Lesezeit\" \/>\n\t<meta name=\"twitter:data1\" content=\"1\u00a0Minute\" \/>\n<script type=\"application\/ld+json\" class=\"yoast-schema-graph\">{\"@context\":\"https:\\\/\\\/schema.org\",\"@graph\":[{\"@type\":[\"WebPage\",\"ItemPage\"],\"@id\":\"https:\\\/\\\/madabouthorror.co.uk\\\/product\\\/killer-klowns-from-outer-space-jumbo-16-inch-collector-plush\\\/\",\"url\":\"https:\\\/\\\/madabouthorror.co.uk\\\/product\\\/killer-klowns-from-outer-space-jumbo-16-inch-collector-plush\\\/\",\"name\":\"Killer Klowns From Outer Space - Jumbo Collector Plush\",\"isPartOf\":{\"@id\":\"https:\\\/\\\/madabouthorror.co.uk\\\/#website\"},\"primaryImageOfPage\":{\"@id\":\"https:\\\/\\\/madabouthorror.co.uk\\\/product\\\/killer-klowns-from-outer-space-jumbo-16-inch-collector-plush\\\/#primaryimage\"},\"image\":{\"@id\":\"https:\\\/\\\/madabouthorror.co.uk\\\/product\\\/killer-klowns-from-outer-space-jumbo-16-inch-collector-plush\\\/#primaryimage\"},\"thumbnailUrl\":\"https:\\\/\\\/madabouthorror.co.uk\\\/wp-content\\\/uploads\\\/2024\\\/02\\\/killer_klown-jumbo-plush.jpeg\",\"datePublished\":\"2024-02-20T13:51:34+00:00\",\"dateModified\":\"2026-04-15T16:44:01+00:00\",\"description\":\"Officially licensed Killer Klowns From Outer Space Jumbo Plush. PRE-ORDER available at Mad About Horror, Europe's leading horror collectibles specialist.\",\"breadcrumb\":{\"@id\":\"https:\\\/\\\/madabouthorror.co.uk\\\/product\\\/killer-klowns-from-outer-space-jumbo-16-inch-collector-plush\\\/#breadcrumb\"},\"inLanguage\":\"de\",\"potentialAction\":[{\"@type\":\"ReadAction\",\"target\":[\"https:\\\/\\\/madabouthorror.co.uk\\\/product\\\/killer-klowns-from-outer-space-jumbo-16-inch-collector-plush\\\/\"]}]},{\"@type\":\"ImageObject\",\"inLanguage\":\"de\",\"@id\":\"https:\\\/\\\/madabouthorror.co.uk\\\/product\\\/killer-klowns-from-outer-space-jumbo-16-inch-collector-plush\\\/#primaryimage\",\"url\":\"https:\\\/\\\/madabouthorror.co.uk\\\/wp-content\\\/uploads\\\/2024\\\/02\\\/killer_klown-jumbo-plush.jpeg\",\"contentUrl\":\"https:\\\/\\\/madabouthorror.co.uk\\\/wp-content\\\/uploads\\\/2024\\\/02\\\/killer_klown-jumbo-plush.jpeg\",\"width\":700,\"height\":700},{\"@type\":\"BreadcrumbList\",\"@id\":\"https:\\\/\\\/madabouthorror.co.uk\\\/product\\\/killer-klowns-from-outer-space-jumbo-16-inch-collector-plush\\\/#breadcrumb\",\"itemListElement\":[{\"@type\":\"ListItem\",\"position\":1,\"name\":\"Shop\",\"item\":\"https:\\\/\\\/madabouthorror.co.uk\\\/shop\\\/\"},{\"@type\":\"ListItem\",\"position\":2,\"name\":\"Killer Klowns From Outer Space 16-Inch Large Collector Plush &#8211; JUMBO\"}]},{\"@type\":\"WebSite\",\"@id\":\"https:\\\/\\\/madabouthorror.co.uk\\\/#website\",\"url\":\"https:\\\/\\\/madabouthorror.co.uk\\\/\",\"name\":\"Mad About Horror\",\"description\":\"\",\"publisher\":{\"@id\":\"https:\\\/\\\/madabouthorror.co.uk\\\/#organization\"},\"alternateName\":\"Mad About Horror Limited\",\"potentialAction\":[{\"@type\":\"SearchAction\",\"target\":{\"@type\":\"EntryPoint\",\"urlTemplate\":\"https:\\\/\\\/madabouthorror.co.uk\\\/?s={search_term_string}\"},\"query-input\":{\"@type\":\"PropertyValueSpecification\",\"valueRequired\":true,\"valueName\":\"search_term_string\"}}],\"inLanguage\":\"de\"},{\"@type\":\"Organization\",\"@id\":\"https:\\\/\\\/madabouthorror.co.uk\\\/#organization\",\"name\":\"Mad About Horror\",\"url\":\"https:\\\/\\\/madabouthorror.co.uk\\\/\",\"logo\":{\"@type\":\"ImageObject\",\"inLanguage\":\"de\",\"@id\":\"https:\\\/\\\/madabouthorror.co.uk\\\/#\\\/schema\\\/logo\\\/image\\\/\",\"url\":\"https:\\\/\\\/madabouthorror.co.uk\\\/wp-content\\\/uploads\\\/2024\\\/02\\\/cropped-Logo.png\",\"contentUrl\":\"https:\\\/\\\/madabouthorror.co.uk\\\/wp-content\\\/uploads\\\/2024\\\/02\\\/cropped-Logo.png\",\"width\":240,\"height\":88,\"caption\":\"Mad About Horror\"},\"image\":{\"@id\":\"https:\\\/\\\/madabouthorror.co.uk\\\/#\\\/schema\\\/logo\\\/image\\\/\"},\"sameAs\":[\"https:\\\/\\\/www.facebook.com\\\/madabouthorror\\\/\",\"https:\\\/\\\/www.instagram.com\\\/madabouthorror\\\/\",\"https:\\\/\\\/www.pinterest.co.uk\\\/madabouthorror\\\/\",\"https:\\\/\\\/www.youtube.com\\\/channel\\\/UCBooLOIxjoQ89dj6T5lWm_w\",\"https:\\\/\\\/www.tiktok.com\\\/@weremadabouthorror\"]}]}<\/script>\n<!-- \/ Yoast SEO plugin. -->","yoast_head_json":{"title":"Killer Klowns From Outer Space - Jumbo Sammler Pl\u00fcsch","description":"Offiziell lizenzierter Killer Klowns From Outer Space Jumbo Pl\u00fcsch. VORBESTELLUNG bei Mad About Horror, Europas f\u00fchrendem Spezialisten f\u00fcr Horror-Sammlerst\u00fccke.","robots":{"index":"index","follow":"follow","max-snippet":"max-snippet:-1","max-image-preview":"max-image-preview:large","max-video-preview":"max-video-preview:-1"},"canonical":"https:\/\/madabouthorror.co.uk\/de\/product\/killer-klowns-from-outer-space-jumbo-16-inch-collector-plush\/","og_locale":"de_DE","og_type":"article","og_title":"Killer Klowns From Outer Space - Jumbo Collector Plush","og_description":"Officially licensed Killer Klowns From Outer Space Jumbo Plush. PRE-ORDER available at Mad About Horror, Europe's leading horror collectibles specialist.","og_url":"https:\/\/madabouthorror.co.uk\/de\/product\/killer-klowns-from-outer-space-jumbo-16-inch-collector-plush\/","og_site_name":"Mad About Horror","article_publisher":"https:\/\/www.facebook.com\/madabouthorror\/","article_modified_time":"2026-04-15T16:44:01+00:00","og_image":[{"width":700,"height":700,"url":"https:\/\/madabouthorror.co.uk\/wp-content\/uploads\/2024\/02\/killer_klown-jumbo-plush.jpeg","type":"image\/jpeg"}],"twitter_card":"summary_large_image","twitter_misc":{"Gesch\u00e4tzte Lesezeit":"1\u00a0Minute"},"schema":{"@context":"https:\/\/schema.org","@graph":[{"@type":["WebPage","ItemPage"],"@id":"https:\/\/madabouthorror.co.uk\/product\/killer-klowns-from-outer-space-jumbo-16-inch-collector-plush\/","url":"https:\/\/madabouthorror.co.uk\/product\/killer-klowns-from-outer-space-jumbo-16-inch-collector-plush\/","name":"Killer Klowns From Outer Space - Jumbo Sammler Pl\u00fcsch","isPartOf":{"@id":"https:\/\/madabouthorror.co.uk\/#website"},"primaryImageOfPage":{"@id":"https:\/\/madabouthorror.co.uk\/product\/killer-klowns-from-outer-space-jumbo-16-inch-collector-plush\/#primaryimage"},"image":{"@id":"https:\/\/madabouthorror.co.uk\/product\/killer-klowns-from-outer-space-jumbo-16-inch-collector-plush\/#primaryimage"},"thumbnailUrl":"https:\/\/madabouthorror.co.uk\/wp-content\/uploads\/2024\/02\/killer_klown-jumbo-plush.jpeg","datePublished":"2024-02-20T13:51:34+00:00","dateModified":"2026-04-15T16:44:01+00:00","description":"Offiziell lizenzierter Killer Klowns From Outer Space Jumbo Pl\u00fcsch. VORBESTELLUNG bei Mad About Horror, Europas f\u00fchrendem Spezialisten f\u00fcr Horror-Sammlerst\u00fccke.","breadcrumb":{"@id":"https:\/\/madabouthorror.co.uk\/product\/killer-klowns-from-outer-space-jumbo-16-inch-collector-plush\/#breadcrumb"},"inLanguage":"de","potentialAction":[{"@type":"ReadAction","target":["https:\/\/madabouthorror.co.uk\/product\/killer-klowns-from-outer-space-jumbo-16-inch-collector-plush\/"]}]},{"@type":"ImageObject","inLanguage":"de","@id":"https:\/\/madabouthorror.co.uk\/product\/killer-klowns-from-outer-space-jumbo-16-inch-collector-plush\/#primaryimage","url":"https:\/\/madabouthorror.co.uk\/wp-content\/uploads\/2024\/02\/killer_klown-jumbo-plush.jpeg","contentUrl":"https:\/\/madabouthorror.co.uk\/wp-content\/uploads\/2024\/02\/killer_klown-jumbo-plush.jpeg","width":700,"height":700},{"@type":"BreadcrumbList","@id":"https:\/\/madabouthorror.co.uk\/product\/killer-klowns-from-outer-space-jumbo-16-inch-collector-plush\/#breadcrumb","itemListElement":[{"@type":"ListItem","position":1,"name":"Shop","item":"https:\/\/madabouthorror.co.uk\/shop\/"},{"@type":"ListItem","position":2,"name":"Killer Klowns From Outer Space 16-Inch Large Collector Plush &#8211; JUMBO"}]},{"@type":"WebSite","@id":"https:\/\/madabouthorror.co.uk\/#website","url":"https:\/\/madabouthorror.co.uk\/","name":"Verr\u00fcckt nach Horror","description":"","publisher":{"@id":"https:\/\/madabouthorror.co.uk\/#organization"},"alternateName":"Mad About Horror Limited","potentialAction":[{"@type":"SearchAction","target":{"@type":"EntryPoint","urlTemplate":"https:\/\/madabouthorror.co.uk\/?s={search_term_string}"},"query-input":{"@type":"PropertyValueSpecification","valueRequired":true,"valueName":"search_term_string"}}],"inLanguage":"de"},{"@type":"Organization","@id":"https:\/\/madabouthorror.co.uk\/#organization","name":"Verr\u00fcckt nach Horror","url":"https:\/\/madabouthorror.co.uk\/","logo":{"@type":"ImageObject","inLanguage":"de","@id":"https:\/\/madabouthorror.co.uk\/#\/schema\/logo\/image\/","url":"https:\/\/madabouthorror.co.uk\/wp-content\/uploads\/2024\/02\/cropped-Logo.png","contentUrl":"https:\/\/madabouthorror.co.uk\/wp-content\/uploads\/2024\/02\/cropped-Logo.png","width":240,"height":88,"caption":"Mad About Horror"},"image":{"@id":"https:\/\/madabouthorror.co.uk\/#\/schema\/logo\/image\/"},"sameAs":["https:\/\/www.facebook.com\/madabouthorror\/","https:\/\/www.instagram.com\/madabouthorror\/","https:\/\/www.pinterest.co.uk\/madabouthorror\/","https:\/\/www.youtube.com\/channel\/UCBooLOIxjoQ89dj6T5lWm_w","https:\/\/www.tiktok.com\/@weremadabouthorror"]}]}},"df_price":39.95,"df_sale_price":"","df_regular_price":39.95,"df_image_link":"https:\/\/madabouthorror.co.uk\/wp-content\/uploads\/2024\/02\/killer_klown-jumbo-plush-300x300.jpeg","_links":{"self":[{"href":"https:\/\/madabouthorror.co.uk\/de\/wp-json\/wp\/v2\/product\/474964","targetHints":{"allow":["GET"]}}],"collection":[{"href":"https:\/\/madabouthorror.co.uk\/de\/wp-json\/wp\/v2\/product"}],"about":[{"href":"https:\/\/madabouthorror.co.uk\/de\/wp-json\/wp\/v2\/types\/product"}],"replies":[{"embeddable":true,"href":"https:\/\/madabouthorror.co.uk\/de\/wp-json\/wp\/v2\/comments?post=474964"}],"wp:featuredmedia":[{"embeddable":true,"href":"https:\/\/madabouthorror.co.uk\/de\/wp-json\/wp\/v2\/media\/474966"}],"wp:attachment":[{"href":"https:\/\/madabouthorror.co.uk\/de\/wp-json\/wp\/v2\/media?parent=474964"}],"wp:term":[{"taxonomy":"product_brand","embeddable":true,"href":"https:\/\/madabouthorror.co.uk\/de\/wp-json\/wp\/v2\/product_brand?post=474964"},{"taxonomy":"product_cat","embeddable":true,"href":"https:\/\/madabouthorror.co.uk\/de\/wp-json\/wp\/v2\/product_cat?post=474964"},{"taxonomy":"product_tag","embeddable":true,"href":"https:\/\/madabouthorror.co.uk\/de\/wp-json\/wp\/v2\/product_tag?post=474964"}],"curies":[{"name":"wp","href":"https:\/\/api.w.org\/{rel}","templated":true}]}}