{"id":475593,"date":"2024-02-27T14:11:18","date_gmt":"2024-02-27T14:11:18","guid":{"rendered":"https:\/\/madabouthorror.co.uk\/?post_type=product&#038;p=475593"},"modified":"2026-01-28T10:28:28","modified_gmt":"2026-01-28T10:28:28","slug":"chucky-animated-side-stepper-spirit-halloween","status":"publish","type":"product","link":"https:\/\/madabouthorror.co.uk\/de\/product\/chucky-animated-side-stepper-spirit-halloween\/","title":{"rendered":"Chucky Animated Side Stepper (Spirit Halloween)"},"content":{"rendered":"<div class=\"content\">\n<div class=\"content\">\n<div class=\"content\">\n<div class=\"content\">\n<div>Vervollst\u00e4ndigen Sie Ihre klassische Horror-Dekor-Sammlung mit unserem offiziell lizenzierten Chucky Animated Sidestepper von Spirit Halloween! Dies ist die perfekte Erg\u00e4nzung f\u00fcr Ihr Halloween-Setup und zeigt den kultigen Chucky mit dem Messer in der Hand.<\/div>\n<div><\/div>\n<\/div>\n<div>Einmal aktiviert, erweckt diese Dekoration eine Ihrer geliebten Horrorfilmfiguren, Chucky, zum Leben und ist bereit, in Ihrem Zuhause Unfug zu treiben. Der animierte Sidestepper ist die perfekte Erg\u00e4nzung f\u00fcr Ihre Sammlung.<\/div>\n<\/div>\n<\/div>\n<\/div>\n<div><\/div>\n<div>Bestellen Sie jetzt Ihre Chucky Animated Sidestepper Figur, diese schaurige Figur ist perfekt f\u00fcr Fans des Kult-Klassikers!<\/div>\n<div><\/div>\n<div class=\"content\">\n<div class=\"content\">\n<div><strong>Einzelheiten:<\/strong><\/div>\n<div class=\"content\">\n<div class=\"content\">\n<ul>\n<li>Offiziell lizenziert (Spirit Halloween)<\/li>\n<li>Abmessungen: 10.5\u2033 H<\/li>\n<li>Material: Kunststoff, Stoff<\/li>\n<li>Animierte<\/li>\n<\/ul>\n<div>\n<div><b>F\u00fcr die \u00fcberdachte Veranda oder f\u00fcr den Innenbereich.<\/b> <i>Bei Verwendung im Freien vor Witterungseinfl\u00fcssen sch\u00fctzen und nicht \u00fcber einen l\u00e4ngeren Zeitraum im Freien stehen lassen.<\/i><\/div>\n<div><\/div>\n<div><b>Bitte beachten:<\/b><i> Diese Requisiten sind nicht f\u00fcr den intensiven kommerziellen Gebrauch geeignet, d. h. sie sollten nicht \u00fcber l\u00e4ngere Zeitr\u00e4ume, z. B. tagelang, betrieben werden. Sie sind f\u00fcr die Verwendung an Halloween gedacht. Wenn Sie Fragen dazu haben, fragen Sie bitte.<\/i><\/div>\n<\/div>\n<\/div>\n<\/div>\n<\/div>\n<\/div>","protected":false},"excerpt":{"rendered":"<p>Vervollst\u00e4ndigen Sie Ihre klassische Horror-Dekor-Sammlung mit unserem offiziell lizenzierten Chucky Animated Sidestepper von Spirit Halloween! Diese Dekoration ist die perfekte Erg\u00e4nzung f\u00fcr Ihr Halloween-Setup und zeigt den kultigen Chucky mit einem Messer in der Hand. Einmal aktiviert, erweckt diese Dekoration einen Ihrer geliebten Horrorfilm-Charaktere zum Leben, Chucky, der bereit ist, in Ihrem Haus Unfrieden zu stiften [...]<\/p>","protected":false},"featured_media":475595,"comment_status":"closed","ping_status":"closed","template":"","meta":{"_acf_changed":false},"product_brand":[],"product_cat":[6538,10068,10131,10093,6537,10094,6547,6963,6577,7054,6638,6797],"product_tag":[],"class_list":{"0":"post-475593","1":"product","2":"type-product","3":"status-publish","4":"has-post-thumbnail","6":"product_cat-figures","7":"product_cat-halloween-decorations-2025","8":"product_cat-halloween-gifts","9":"product_cat-indoor-halloween-decorations","10":"product_cat-collectibles","11":"product_cat-outdoor-halloween-decorations","12":"product_cat-decorations","13":"product_cat-animatronics","14":"product_cat-plush","15":"product_cat-movie-tv-props","16":"product_cat-childsplaychucky","17":"product_cat-spirit-halloween-uk-stockist","19":"first","20":"instock","21":"taxable","22":"shipping-taxable","23":"purchasable","24":"product-type-simple"},"supplier_id":471382,"supplier_sku":"","barcode":"01349440","atum_controlled":true,"out_stock_date":null,"out_stock_threshold":null,"inheritable":false,"inbound_stock":0,"stock_on_hold":0,"sold_today":0,"sales_last_days":0,"reserved_stock":0,"customer_returns":0,"warehouse_damage":0,"lost_in_post":0,"other_logs":0,"out_stock_days":0,"lost_sales":0,"has_location":false,"update_date":"2026-05-03T01:47:06","atum_locations":[],"atum_stock_status":"instock","restock_status":false,"low_stock_amount":"","sales_update_date":"2026-05-03T01:47:05","calc_backorders":null,"acf":[],"yoast_head":"<!-- This site is optimized with the Yoast SEO plugin v27.5 - https:\/\/yoast.com\/product\/yoast-seo-wordpress\/ -->\n<title>Chucky Animated Sidestepper - Tick &#039;r Treat | Mad About Horror<\/title>\n<meta name=\"description\" content=\"Officially licensed Chucky Animated Sidestepper from Spirit Halloween. Shop our full range from Spritit Halloween now! UK Stockist.\" \/>\n<meta name=\"robots\" content=\"index, follow, max-snippet:-1, max-image-preview:large, max-video-preview:-1\" \/>\n<link rel=\"canonical\" href=\"https:\/\/madabouthorror.co.uk\/de\/product\/chucky-animated-side-stepper-spirit-halloween\/\" \/>\n<meta property=\"og:locale\" content=\"de_DE\" \/>\n<meta property=\"og:type\" content=\"article\" \/>\n<meta property=\"og:title\" content=\"Chucky Animated Sidestepper - Tick &#039;r Treat | Mad About Horror\" \/>\n<meta property=\"og:description\" content=\"Officially licensed Chucky Animated Sidestepper from Spirit Halloween. Shop our full range from Spritit Halloween now! UK Stockist.\" \/>\n<meta property=\"og:url\" content=\"https:\/\/madabouthorror.co.uk\/de\/product\/chucky-animated-side-stepper-spirit-halloween\/\" \/>\n<meta property=\"og:site_name\" content=\"Mad About Horror\" \/>\n<meta property=\"article:publisher\" content=\"https:\/\/www.facebook.com\/madabouthorror\/\" \/>\n<meta property=\"article:modified_time\" content=\"2026-01-28T10:28:28+00:00\" \/>\n<meta property=\"og:image\" content=\"https:\/\/madabouthorror.co.uk\/wp-content\/uploads\/2024\/02\/chucky-sidestepper.jpg\" \/>\n\t<meta property=\"og:image:width\" content=\"1890\" \/>\n\t<meta property=\"og:image:height\" content=\"1890\" \/>\n\t<meta property=\"og:image:type\" content=\"image\/jpeg\" \/>\n<meta name=\"twitter:card\" content=\"summary_large_image\" \/>\n<meta name=\"twitter:label1\" content=\"Gesch\u00e4tzte Lesezeit\" \/>\n\t<meta name=\"twitter:data1\" content=\"1\u00a0Minute\" \/>\n<script type=\"application\/ld+json\" class=\"yoast-schema-graph\">{\"@context\":\"https:\\\/\\\/schema.org\",\"@graph\":[{\"@type\":[\"WebPage\",\"ItemPage\"],\"@id\":\"https:\\\/\\\/madabouthorror.co.uk\\\/product\\\/chucky-animated-side-stepper-spirit-halloween\\\/\",\"url\":\"https:\\\/\\\/madabouthorror.co.uk\\\/product\\\/chucky-animated-side-stepper-spirit-halloween\\\/\",\"name\":\"Chucky Animated Sidestepper - Tick 'r Treat | Mad About Horror\",\"isPartOf\":{\"@id\":\"https:\\\/\\\/madabouthorror.co.uk\\\/#website\"},\"primaryImageOfPage\":{\"@id\":\"https:\\\/\\\/madabouthorror.co.uk\\\/product\\\/chucky-animated-side-stepper-spirit-halloween\\\/#primaryimage\"},\"image\":{\"@id\":\"https:\\\/\\\/madabouthorror.co.uk\\\/product\\\/chucky-animated-side-stepper-spirit-halloween\\\/#primaryimage\"},\"thumbnailUrl\":\"https:\\\/\\\/madabouthorror.co.uk\\\/wp-content\\\/uploads\\\/2024\\\/02\\\/chucky-sidestepper.jpg\",\"datePublished\":\"2024-02-27T14:11:18+00:00\",\"dateModified\":\"2026-01-28T10:28:28+00:00\",\"description\":\"Officially licensed Chucky Animated Sidestepper from Spirit Halloween. Shop our full range from Spritit Halloween now! UK Stockist.\",\"breadcrumb\":{\"@id\":\"https:\\\/\\\/madabouthorror.co.uk\\\/product\\\/chucky-animated-side-stepper-spirit-halloween\\\/#breadcrumb\"},\"inLanguage\":\"de\",\"potentialAction\":[{\"@type\":\"ReadAction\",\"target\":[\"https:\\\/\\\/madabouthorror.co.uk\\\/product\\\/chucky-animated-side-stepper-spirit-halloween\\\/\"]}]},{\"@type\":\"ImageObject\",\"inLanguage\":\"de\",\"@id\":\"https:\\\/\\\/madabouthorror.co.uk\\\/product\\\/chucky-animated-side-stepper-spirit-halloween\\\/#primaryimage\",\"url\":\"https:\\\/\\\/madabouthorror.co.uk\\\/wp-content\\\/uploads\\\/2024\\\/02\\\/chucky-sidestepper.jpg\",\"contentUrl\":\"https:\\\/\\\/madabouthorror.co.uk\\\/wp-content\\\/uploads\\\/2024\\\/02\\\/chucky-sidestepper.jpg\",\"width\":1890,\"height\":1890},{\"@type\":\"BreadcrumbList\",\"@id\":\"https:\\\/\\\/madabouthorror.co.uk\\\/product\\\/chucky-animated-side-stepper-spirit-halloween\\\/#breadcrumb\",\"itemListElement\":[{\"@type\":\"ListItem\",\"position\":1,\"name\":\"Shop\",\"item\":\"https:\\\/\\\/madabouthorror.co.uk\\\/shop\\\/\"},{\"@type\":\"ListItem\",\"position\":2,\"name\":\"Chucky Animated Side Stepper (Spirit Halloween)\"}]},{\"@type\":\"WebSite\",\"@id\":\"https:\\\/\\\/madabouthorror.co.uk\\\/#website\",\"url\":\"https:\\\/\\\/madabouthorror.co.uk\\\/\",\"name\":\"Mad About Horror\",\"description\":\"\",\"publisher\":{\"@id\":\"https:\\\/\\\/madabouthorror.co.uk\\\/#organization\"},\"alternateName\":\"Mad About Horror Limited\",\"potentialAction\":[{\"@type\":\"SearchAction\",\"target\":{\"@type\":\"EntryPoint\",\"urlTemplate\":\"https:\\\/\\\/madabouthorror.co.uk\\\/?s={search_term_string}\"},\"query-input\":{\"@type\":\"PropertyValueSpecification\",\"valueRequired\":true,\"valueName\":\"search_term_string\"}}],\"inLanguage\":\"de\"},{\"@type\":\"Organization\",\"@id\":\"https:\\\/\\\/madabouthorror.co.uk\\\/#organization\",\"name\":\"Mad About Horror\",\"url\":\"https:\\\/\\\/madabouthorror.co.uk\\\/\",\"logo\":{\"@type\":\"ImageObject\",\"inLanguage\":\"de\",\"@id\":\"https:\\\/\\\/madabouthorror.co.uk\\\/#\\\/schema\\\/logo\\\/image\\\/\",\"url\":\"https:\\\/\\\/madabouthorror.co.uk\\\/wp-content\\\/uploads\\\/2024\\\/02\\\/cropped-Logo.png\",\"contentUrl\":\"https:\\\/\\\/madabouthorror.co.uk\\\/wp-content\\\/uploads\\\/2024\\\/02\\\/cropped-Logo.png\",\"width\":240,\"height\":88,\"caption\":\"Mad About Horror\"},\"image\":{\"@id\":\"https:\\\/\\\/madabouthorror.co.uk\\\/#\\\/schema\\\/logo\\\/image\\\/\"},\"sameAs\":[\"https:\\\/\\\/www.facebook.com\\\/madabouthorror\\\/\",\"https:\\\/\\\/www.instagram.com\\\/madabouthorror\\\/\",\"https:\\\/\\\/www.pinterest.co.uk\\\/madabouthorror\\\/\",\"https:\\\/\\\/www.youtube.com\\\/channel\\\/UCBooLOIxjoQ89dj6T5lWm_w\",\"https:\\\/\\\/www.tiktok.com\\\/@weremadabouthorror\"]}]}<\/script>\n<!-- \/ Yoast SEO plugin. -->","yoast_head_json":{"title":"Chucky Animated Sidestepper - Tick 'r Treat | Mad About Horror","description":"Offiziell lizenzierter Chucky Animated Sidestepper von Spirit Halloween. Kaufen Sie jetzt unser gesamtes Sortiment von Spritit Halloween! UK-H\u00e4ndler.","robots":{"index":"index","follow":"follow","max-snippet":"max-snippet:-1","max-image-preview":"max-image-preview:large","max-video-preview":"max-video-preview:-1"},"canonical":"https:\/\/madabouthorror.co.uk\/de\/product\/chucky-animated-side-stepper-spirit-halloween\/","og_locale":"de_DE","og_type":"article","og_title":"Chucky Animated Sidestepper - Tick 'r Treat | Mad About Horror","og_description":"Officially licensed Chucky Animated Sidestepper from Spirit Halloween. Shop our full range from Spritit Halloween now! UK Stockist.","og_url":"https:\/\/madabouthorror.co.uk\/de\/product\/chucky-animated-side-stepper-spirit-halloween\/","og_site_name":"Mad About Horror","article_publisher":"https:\/\/www.facebook.com\/madabouthorror\/","article_modified_time":"2026-01-28T10:28:28+00:00","og_image":[{"width":1890,"height":1890,"url":"https:\/\/madabouthorror.co.uk\/wp-content\/uploads\/2024\/02\/chucky-sidestepper.jpg","type":"image\/jpeg"}],"twitter_card":"summary_large_image","twitter_misc":{"Gesch\u00e4tzte Lesezeit":"1\u00a0Minute"},"schema":{"@context":"https:\/\/schema.org","@graph":[{"@type":["WebPage","ItemPage"],"@id":"https:\/\/madabouthorror.co.uk\/product\/chucky-animated-side-stepper-spirit-halloween\/","url":"https:\/\/madabouthorror.co.uk\/product\/chucky-animated-side-stepper-spirit-halloween\/","name":"Chucky Animated Sidestepper - Tick 'r Treat | Mad About Horror","isPartOf":{"@id":"https:\/\/madabouthorror.co.uk\/#website"},"primaryImageOfPage":{"@id":"https:\/\/madabouthorror.co.uk\/product\/chucky-animated-side-stepper-spirit-halloween\/#primaryimage"},"image":{"@id":"https:\/\/madabouthorror.co.uk\/product\/chucky-animated-side-stepper-spirit-halloween\/#primaryimage"},"thumbnailUrl":"https:\/\/madabouthorror.co.uk\/wp-content\/uploads\/2024\/02\/chucky-sidestepper.jpg","datePublished":"2024-02-27T14:11:18+00:00","dateModified":"2026-01-28T10:28:28+00:00","description":"Offiziell lizenzierter Chucky Animated Sidestepper von Spirit Halloween. Kaufen Sie jetzt unser gesamtes Sortiment von Spritit Halloween! UK-H\u00e4ndler.","breadcrumb":{"@id":"https:\/\/madabouthorror.co.uk\/product\/chucky-animated-side-stepper-spirit-halloween\/#breadcrumb"},"inLanguage":"de","potentialAction":[{"@type":"ReadAction","target":["https:\/\/madabouthorror.co.uk\/product\/chucky-animated-side-stepper-spirit-halloween\/"]}]},{"@type":"ImageObject","inLanguage":"de","@id":"https:\/\/madabouthorror.co.uk\/product\/chucky-animated-side-stepper-spirit-halloween\/#primaryimage","url":"https:\/\/madabouthorror.co.uk\/wp-content\/uploads\/2024\/02\/chucky-sidestepper.jpg","contentUrl":"https:\/\/madabouthorror.co.uk\/wp-content\/uploads\/2024\/02\/chucky-sidestepper.jpg","width":1890,"height":1890},{"@type":"BreadcrumbList","@id":"https:\/\/madabouthorror.co.uk\/product\/chucky-animated-side-stepper-spirit-halloween\/#breadcrumb","itemListElement":[{"@type":"ListItem","position":1,"name":"Shop","item":"https:\/\/madabouthorror.co.uk\/shop\/"},{"@type":"ListItem","position":2,"name":"Chucky Animated Side Stepper (Spirit Halloween)"}]},{"@type":"WebSite","@id":"https:\/\/madabouthorror.co.uk\/#website","url":"https:\/\/madabouthorror.co.uk\/","name":"Verr\u00fcckt nach Horror","description":"","publisher":{"@id":"https:\/\/madabouthorror.co.uk\/#organization"},"alternateName":"Mad About Horror Limited","potentialAction":[{"@type":"SearchAction","target":{"@type":"EntryPoint","urlTemplate":"https:\/\/madabouthorror.co.uk\/?s={search_term_string}"},"query-input":{"@type":"PropertyValueSpecification","valueRequired":true,"valueName":"search_term_string"}}],"inLanguage":"de"},{"@type":"Organization","@id":"https:\/\/madabouthorror.co.uk\/#organization","name":"Verr\u00fcckt nach Horror","url":"https:\/\/madabouthorror.co.uk\/","logo":{"@type":"ImageObject","inLanguage":"de","@id":"https:\/\/madabouthorror.co.uk\/#\/schema\/logo\/image\/","url":"https:\/\/madabouthorror.co.uk\/wp-content\/uploads\/2024\/02\/cropped-Logo.png","contentUrl":"https:\/\/madabouthorror.co.uk\/wp-content\/uploads\/2024\/02\/cropped-Logo.png","width":240,"height":88,"caption":"Mad About Horror"},"image":{"@id":"https:\/\/madabouthorror.co.uk\/#\/schema\/logo\/image\/"},"sameAs":["https:\/\/www.facebook.com\/madabouthorror\/","https:\/\/www.instagram.com\/madabouthorror\/","https:\/\/www.pinterest.co.uk\/madabouthorror\/","https:\/\/www.youtube.com\/channel\/UCBooLOIxjoQ89dj6T5lWm_w","https:\/\/www.tiktok.com\/@weremadabouthorror"]}]}},"df_price":79.95,"df_sale_price":"","df_regular_price":79.95,"df_image_link":"https:\/\/madabouthorror.co.uk\/wp-content\/uploads\/2024\/02\/chucky-sidestepper-300x300.jpg","_links":{"self":[{"href":"https:\/\/madabouthorror.co.uk\/de\/wp-json\/wp\/v2\/product\/475593","targetHints":{"allow":["GET"]}}],"collection":[{"href":"https:\/\/madabouthorror.co.uk\/de\/wp-json\/wp\/v2\/product"}],"about":[{"href":"https:\/\/madabouthorror.co.uk\/de\/wp-json\/wp\/v2\/types\/product"}],"replies":[{"embeddable":true,"href":"https:\/\/madabouthorror.co.uk\/de\/wp-json\/wp\/v2\/comments?post=475593"}],"wp:featuredmedia":[{"embeddable":true,"href":"https:\/\/madabouthorror.co.uk\/de\/wp-json\/wp\/v2\/media\/475595"}],"wp:attachment":[{"href":"https:\/\/madabouthorror.co.uk\/de\/wp-json\/wp\/v2\/media?parent=475593"}],"wp:term":[{"taxonomy":"product_brand","embeddable":true,"href":"https:\/\/madabouthorror.co.uk\/de\/wp-json\/wp\/v2\/product_brand?post=475593"},{"taxonomy":"product_cat","embeddable":true,"href":"https:\/\/madabouthorror.co.uk\/de\/wp-json\/wp\/v2\/product_cat?post=475593"},{"taxonomy":"product_tag","embeddable":true,"href":"https:\/\/madabouthorror.co.uk\/de\/wp-json\/wp\/v2\/product_tag?post=475593"}],"curies":[{"name":"wp","href":"https:\/\/api.w.org\/{rel}","templated":true}]}}