{"id":476903,"date":"2024-03-11T12:26:50","date_gmt":"2024-03-11T12:26:50","guid":{"rendered":"https:\/\/madabouthorror.co.uk\/?post_type=product&#038;p=476903"},"modified":"2026-04-02T09:41:20","modified_gmt":"2026-04-02T08:41:20","slug":"misfits-red-hood-fiend-mask","status":"publish","type":"product","link":"https:\/\/madabouthorror.co.uk\/de\/product\/misfits-red-hood-fiend-mask\/","title":{"rendered":"Au\u00dfenseiter - Red Hood Fiend Maske"},"content":{"rendered":"<p>Hier kommt die offiziell lizenzierte Misfits - Red Hood Fiend Maske von Trick or Treat Studios, die von Justin Mabry gestaltet wurde. Diese unglaubliche Maske basiert auf dem Misfits - American Psycho Albumcover, das von Basil Gogos entworfen wurde. Mit akribischer Liebe zum Detail ist jeder Aspekt des Fiend-Charakters in dieser gespenstischen Maske originalgetreu eingefangen. Mach dir den Geist der Misfits zu eigen und werde zum ultimativen Unhold an diesem Halloween mit der Misfits Red Hood Fiend Maske.<\/p>\n<p>Diese Maske ist aus Latex gefertigt und garantiert eine authentische und hochwertige Erg\u00e4nzung f\u00fcr Ihr Misfits-Kost\u00fcm.<\/p>\n<div class=\"rte cf light-inner-row not-in-quickbuy\">\n<p>Misfits TM &amp; \u00a9 2015 Cyclopian Music, Inc. Alle Rechte vorbehalten. www.misfits.com<\/p>\n<\/div>","protected":false},"excerpt":{"rendered":"<p>Hier kommt die offiziell lizenzierte Misfits - Red Hood Fiend Maske von Trick or Treat Studios, die von Justin Mabry gestaltet wurde. Diese unglaubliche Maske basiert auf dem Misfits - American Psycho Albumcover, das von Basil Gogos entworfen wurde. Mit akribischer Liebe zum Detail wird jeder Aspekt des Fiend-Charakters in dieser gespenstischen Maske originalgetreu eingefangen. [...]<\/p>","protected":false},"featured_media":476905,"comment_status":"closed","ping_status":"closed","template":"","meta":{"_acf_changed":false},"product_brand":[],"product_cat":[6580,10100,10038,9962,6541,6601,6780,6627,6966,6792,6678],"product_tag":[],"class_list":{"0":"post-476903","1":"product","2":"type-product","3":"status-publish","4":"has-post-thumbnail","6":"product_cat-movie-tv","7":"product_cat-latex-masks","8":"product_cat-horror-gifts","9":"product_cat-trick-or-treat-studios-masks","10":"product_cat-masks","11":"product_cat-music-bands","12":"product_cat-brand","13":"product_cat-movie","14":"product_cat-masks-skeletons-reapers","15":"product_cat-trick-or-treat-studios","16":"product_cat-misfits","18":"first","19":"outofstock","20":"taxable","21":"shipping-taxable","22":"purchasable","23":"product-type-simple"},"supplier_id":467429,"supplier_sku":"TTCM100","barcode":"855640006604","atum_controlled":true,"out_stock_date":"2025-10-24 03:18:51","out_stock_threshold":null,"inheritable":false,"inbound_stock":0,"stock_on_hold":0,"sold_today":0,"sales_last_days":0,"reserved_stock":0,"customer_returns":0,"warehouse_damage":0,"lost_in_post":0,"other_logs":0,"out_stock_days":162,"lost_sales":1526,"has_location":false,"update_date":"2026-04-05T01:28:22","atum_locations":[],"atum_stock_status":"outofstock","restock_status":false,"low_stock_amount":0,"sales_update_date":"2026-04-05T01:28:21","calc_backorders":null,"acf":[],"yoast_head":"<!-- This site is optimized with the Yoast SEO plugin v27.3 - https:\/\/yoast.com\/product\/yoast-seo-wordpress\/ -->\n<title>Misfits - Red Hood Fiend Mask | Mad About Horror<\/title>\n<meta name=\"description\" content=\"Officially licensed Misfits - Red Hood Fiend Mask Fromm Trick or Treat Studios. PRE-ORDER now available at Mad About Horror. UK Stock.\" \/>\n<meta name=\"robots\" content=\"index, follow, max-snippet:-1, max-image-preview:large, max-video-preview:-1\" \/>\n<link rel=\"canonical\" href=\"https:\/\/madabouthorror.co.uk\/de\/product\/misfits-red-hood-fiend-mask\/\" \/>\n<meta property=\"og:locale\" content=\"de_DE\" \/>\n<meta property=\"og:type\" content=\"article\" \/>\n<meta property=\"og:title\" content=\"Misfits - Red Hood Fiend Mask | Mad About Horror\" \/>\n<meta property=\"og:description\" content=\"Officially licensed Misfits - Red Hood Fiend Mask Fromm Trick or Treat Studios. PRE-ORDER now available at Mad About Horror. UK Stock.\" \/>\n<meta property=\"og:url\" content=\"https:\/\/madabouthorror.co.uk\/de\/product\/misfits-red-hood-fiend-mask\/\" \/>\n<meta property=\"og:site_name\" content=\"Mad About Horror\" \/>\n<meta property=\"article:publisher\" content=\"https:\/\/www.facebook.com\/madabouthorror\/\" \/>\n<meta property=\"article:modified_time\" content=\"2026-04-02T08:41:20+00:00\" \/>\n<meta property=\"og:image\" content=\"https:\/\/madabouthorror.co.uk\/wp-content\/uploads\/2024\/03\/Red-Hood-Fiend-mask.jpeg\" \/>\n\t<meta property=\"og:image:width\" content=\"639\" \/>\n\t<meta property=\"og:image:height\" content=\"639\" \/>\n\t<meta property=\"og:image:type\" content=\"image\/jpeg\" \/>\n<meta name=\"twitter:card\" content=\"summary_large_image\" \/>\n<meta name=\"twitter:label1\" content=\"Gesch\u00e4tzte Lesezeit\" \/>\n\t<meta name=\"twitter:data1\" content=\"1\u00a0Minute\" \/>\n<script type=\"application\/ld+json\" class=\"yoast-schema-graph\">{\"@context\":\"https:\\\/\\\/schema.org\",\"@graph\":[{\"@type\":[\"WebPage\",\"ItemPage\"],\"@id\":\"https:\\\/\\\/madabouthorror.co.uk\\\/product\\\/misfits-red-hood-fiend-mask\\\/\",\"url\":\"https:\\\/\\\/madabouthorror.co.uk\\\/product\\\/misfits-red-hood-fiend-mask\\\/\",\"name\":\"Misfits - Red Hood Fiend Mask | Mad About Horror\",\"isPartOf\":{\"@id\":\"https:\\\/\\\/madabouthorror.co.uk\\\/#website\"},\"primaryImageOfPage\":{\"@id\":\"https:\\\/\\\/madabouthorror.co.uk\\\/product\\\/misfits-red-hood-fiend-mask\\\/#primaryimage\"},\"image\":{\"@id\":\"https:\\\/\\\/madabouthorror.co.uk\\\/product\\\/misfits-red-hood-fiend-mask\\\/#primaryimage\"},\"thumbnailUrl\":\"https:\\\/\\\/madabouthorror.co.uk\\\/wp-content\\\/uploads\\\/2024\\\/03\\\/Red-Hood-Fiend-mask.jpeg\",\"datePublished\":\"2024-03-11T12:26:50+00:00\",\"dateModified\":\"2026-04-02T08:41:20+00:00\",\"description\":\"Officially licensed Misfits - Red Hood Fiend Mask Fromm Trick or Treat Studios. PRE-ORDER now available at Mad About Horror. UK Stock.\",\"breadcrumb\":{\"@id\":\"https:\\\/\\\/madabouthorror.co.uk\\\/product\\\/misfits-red-hood-fiend-mask\\\/#breadcrumb\"},\"inLanguage\":\"de\",\"potentialAction\":[{\"@type\":\"ReadAction\",\"target\":[\"https:\\\/\\\/madabouthorror.co.uk\\\/product\\\/misfits-red-hood-fiend-mask\\\/\"]}]},{\"@type\":\"ImageObject\",\"inLanguage\":\"de\",\"@id\":\"https:\\\/\\\/madabouthorror.co.uk\\\/product\\\/misfits-red-hood-fiend-mask\\\/#primaryimage\",\"url\":\"https:\\\/\\\/madabouthorror.co.uk\\\/wp-content\\\/uploads\\\/2024\\\/03\\\/Red-Hood-Fiend-mask.jpeg\",\"contentUrl\":\"https:\\\/\\\/madabouthorror.co.uk\\\/wp-content\\\/uploads\\\/2024\\\/03\\\/Red-Hood-Fiend-mask.jpeg\",\"width\":639,\"height\":639},{\"@type\":\"BreadcrumbList\",\"@id\":\"https:\\\/\\\/madabouthorror.co.uk\\\/product\\\/misfits-red-hood-fiend-mask\\\/#breadcrumb\",\"itemListElement\":[{\"@type\":\"ListItem\",\"position\":1,\"name\":\"Shop\",\"item\":\"https:\\\/\\\/madabouthorror.co.uk\\\/shop\\\/\"},{\"@type\":\"ListItem\",\"position\":2,\"name\":\"Misfits &#8211; Red Hood Fiend Mask\"}]},{\"@type\":\"WebSite\",\"@id\":\"https:\\\/\\\/madabouthorror.co.uk\\\/#website\",\"url\":\"https:\\\/\\\/madabouthorror.co.uk\\\/\",\"name\":\"Mad About Horror\",\"description\":\"\",\"publisher\":{\"@id\":\"https:\\\/\\\/madabouthorror.co.uk\\\/#organization\"},\"alternateName\":\"Mad About Horror Limited\",\"potentialAction\":[{\"@type\":\"SearchAction\",\"target\":{\"@type\":\"EntryPoint\",\"urlTemplate\":\"https:\\\/\\\/madabouthorror.co.uk\\\/?s={search_term_string}\"},\"query-input\":{\"@type\":\"PropertyValueSpecification\",\"valueRequired\":true,\"valueName\":\"search_term_string\"}}],\"inLanguage\":\"de\"},{\"@type\":\"Organization\",\"@id\":\"https:\\\/\\\/madabouthorror.co.uk\\\/#organization\",\"name\":\"Mad About Horror\",\"url\":\"https:\\\/\\\/madabouthorror.co.uk\\\/\",\"logo\":{\"@type\":\"ImageObject\",\"inLanguage\":\"de\",\"@id\":\"https:\\\/\\\/madabouthorror.co.uk\\\/#\\\/schema\\\/logo\\\/image\\\/\",\"url\":\"https:\\\/\\\/madabouthorror.co.uk\\\/wp-content\\\/uploads\\\/2024\\\/02\\\/cropped-Logo.png\",\"contentUrl\":\"https:\\\/\\\/madabouthorror.co.uk\\\/wp-content\\\/uploads\\\/2024\\\/02\\\/cropped-Logo.png\",\"width\":240,\"height\":88,\"caption\":\"Mad About Horror\"},\"image\":{\"@id\":\"https:\\\/\\\/madabouthorror.co.uk\\\/#\\\/schema\\\/logo\\\/image\\\/\"},\"sameAs\":[\"https:\\\/\\\/www.facebook.com\\\/madabouthorror\\\/\",\"https:\\\/\\\/www.instagram.com\\\/madabouthorror\\\/\",\"https:\\\/\\\/www.pinterest.co.uk\\\/madabouthorror\\\/\",\"https:\\\/\\\/www.youtube.com\\\/channel\\\/UCBooLOIxjoQ89dj6T5lWm_w\",\"https:\\\/\\\/www.tiktok.com\\\/@weremadabouthorror\"]}]}<\/script>\n<!-- \/ Yoast SEO plugin. -->","yoast_head_json":{"title":"Misfits - Red Hood Fiend Maske | Mad About Horror","description":"Offiziell lizenzierte Misfits - Red Hood Fiend Maske Fromm Trick or Treat Studios. PRE-ORDER jetzt verf\u00fcgbar bei Mad About Horror. UK Lagerbestand.","robots":{"index":"index","follow":"follow","max-snippet":"max-snippet:-1","max-image-preview":"max-image-preview:large","max-video-preview":"max-video-preview:-1"},"canonical":"https:\/\/madabouthorror.co.uk\/de\/product\/misfits-red-hood-fiend-mask\/","og_locale":"de_DE","og_type":"article","og_title":"Misfits - Red Hood Fiend Mask | Mad About Horror","og_description":"Officially licensed Misfits - Red Hood Fiend Mask Fromm Trick or Treat Studios. PRE-ORDER now available at Mad About Horror. UK Stock.","og_url":"https:\/\/madabouthorror.co.uk\/de\/product\/misfits-red-hood-fiend-mask\/","og_site_name":"Mad About Horror","article_publisher":"https:\/\/www.facebook.com\/madabouthorror\/","article_modified_time":"2026-04-02T08:41:20+00:00","og_image":[{"width":639,"height":639,"url":"https:\/\/madabouthorror.co.uk\/wp-content\/uploads\/2024\/03\/Red-Hood-Fiend-mask.jpeg","type":"image\/jpeg"}],"twitter_card":"summary_large_image","twitter_misc":{"Gesch\u00e4tzte Lesezeit":"1\u00a0Minute"},"schema":{"@context":"https:\/\/schema.org","@graph":[{"@type":["WebPage","ItemPage"],"@id":"https:\/\/madabouthorror.co.uk\/product\/misfits-red-hood-fiend-mask\/","url":"https:\/\/madabouthorror.co.uk\/product\/misfits-red-hood-fiend-mask\/","name":"Misfits - Red Hood Fiend Maske | Mad About Horror","isPartOf":{"@id":"https:\/\/madabouthorror.co.uk\/#website"},"primaryImageOfPage":{"@id":"https:\/\/madabouthorror.co.uk\/product\/misfits-red-hood-fiend-mask\/#primaryimage"},"image":{"@id":"https:\/\/madabouthorror.co.uk\/product\/misfits-red-hood-fiend-mask\/#primaryimage"},"thumbnailUrl":"https:\/\/madabouthorror.co.uk\/wp-content\/uploads\/2024\/03\/Red-Hood-Fiend-mask.jpeg","datePublished":"2024-03-11T12:26:50+00:00","dateModified":"2026-04-02T08:41:20+00:00","description":"Offiziell lizenzierte Misfits - Red Hood Fiend Maske Fromm Trick or Treat Studios. PRE-ORDER jetzt verf\u00fcgbar bei Mad About Horror. UK Lagerbestand.","breadcrumb":{"@id":"https:\/\/madabouthorror.co.uk\/product\/misfits-red-hood-fiend-mask\/#breadcrumb"},"inLanguage":"de","potentialAction":[{"@type":"ReadAction","target":["https:\/\/madabouthorror.co.uk\/product\/misfits-red-hood-fiend-mask\/"]}]},{"@type":"ImageObject","inLanguage":"de","@id":"https:\/\/madabouthorror.co.uk\/product\/misfits-red-hood-fiend-mask\/#primaryimage","url":"https:\/\/madabouthorror.co.uk\/wp-content\/uploads\/2024\/03\/Red-Hood-Fiend-mask.jpeg","contentUrl":"https:\/\/madabouthorror.co.uk\/wp-content\/uploads\/2024\/03\/Red-Hood-Fiend-mask.jpeg","width":639,"height":639},{"@type":"BreadcrumbList","@id":"https:\/\/madabouthorror.co.uk\/product\/misfits-red-hood-fiend-mask\/#breadcrumb","itemListElement":[{"@type":"ListItem","position":1,"name":"Shop","item":"https:\/\/madabouthorror.co.uk\/shop\/"},{"@type":"ListItem","position":2,"name":"Misfits &#8211; Red Hood Fiend Mask"}]},{"@type":"WebSite","@id":"https:\/\/madabouthorror.co.uk\/#website","url":"https:\/\/madabouthorror.co.uk\/","name":"Verr\u00fcckt nach Horror","description":"","publisher":{"@id":"https:\/\/madabouthorror.co.uk\/#organization"},"alternateName":"Mad About Horror Limited","potentialAction":[{"@type":"SearchAction","target":{"@type":"EntryPoint","urlTemplate":"https:\/\/madabouthorror.co.uk\/?s={search_term_string}"},"query-input":{"@type":"PropertyValueSpecification","valueRequired":true,"valueName":"search_term_string"}}],"inLanguage":"de"},{"@type":"Organization","@id":"https:\/\/madabouthorror.co.uk\/#organization","name":"Verr\u00fcckt nach Horror","url":"https:\/\/madabouthorror.co.uk\/","logo":{"@type":"ImageObject","inLanguage":"de","@id":"https:\/\/madabouthorror.co.uk\/#\/schema\/logo\/image\/","url":"https:\/\/madabouthorror.co.uk\/wp-content\/uploads\/2024\/02\/cropped-Logo.png","contentUrl":"https:\/\/madabouthorror.co.uk\/wp-content\/uploads\/2024\/02\/cropped-Logo.png","width":240,"height":88,"caption":"Mad About Horror"},"image":{"@id":"https:\/\/madabouthorror.co.uk\/#\/schema\/logo\/image\/"},"sameAs":["https:\/\/www.facebook.com\/madabouthorror\/","https:\/\/www.instagram.com\/madabouthorror\/","https:\/\/www.pinterest.co.uk\/madabouthorror\/","https:\/\/www.youtube.com\/channel\/UCBooLOIxjoQ89dj6T5lWm_w","https:\/\/www.tiktok.com\/@weremadabouthorror"]}]}},"df_price":57.24,"df_sale_price":"","df_regular_price":57.24,"df_image_link":"https:\/\/madabouthorror.co.uk\/wp-content\/uploads\/2024\/03\/Red-Hood-Fiend-mask-300x300.jpeg","_links":{"self":[{"href":"https:\/\/madabouthorror.co.uk\/de\/wp-json\/wp\/v2\/product\/476903","targetHints":{"allow":["GET"]}}],"collection":[{"href":"https:\/\/madabouthorror.co.uk\/de\/wp-json\/wp\/v2\/product"}],"about":[{"href":"https:\/\/madabouthorror.co.uk\/de\/wp-json\/wp\/v2\/types\/product"}],"replies":[{"embeddable":true,"href":"https:\/\/madabouthorror.co.uk\/de\/wp-json\/wp\/v2\/comments?post=476903"}],"wp:featuredmedia":[{"embeddable":true,"href":"https:\/\/madabouthorror.co.uk\/de\/wp-json\/wp\/v2\/media\/476905"}],"wp:attachment":[{"href":"https:\/\/madabouthorror.co.uk\/de\/wp-json\/wp\/v2\/media?parent=476903"}],"wp:term":[{"taxonomy":"product_brand","embeddable":true,"href":"https:\/\/madabouthorror.co.uk\/de\/wp-json\/wp\/v2\/product_brand?post=476903"},{"taxonomy":"product_cat","embeddable":true,"href":"https:\/\/madabouthorror.co.uk\/de\/wp-json\/wp\/v2\/product_cat?post=476903"},{"taxonomy":"product_tag","embeddable":true,"href":"https:\/\/madabouthorror.co.uk\/de\/wp-json\/wp\/v2\/product_tag?post=476903"}],"curies":[{"name":"wp","href":"https:\/\/api.w.org\/{rel}","templated":true}]}}