{"id":47696,"date":"2021-04-05T20:21:47","date_gmt":"2021-04-05T19:21:47","guid":{"rendered":"https:\/\/mah.6bdv.ws\/product\/last-breath-mask-steel\/"},"modified":"2025-09-30T22:56:38","modified_gmt":"2025-09-30T21:56:38","slug":"last-breath-mask-steel","status":"publish","type":"product","link":"https:\/\/madabouthorror.co.uk\/de\/product\/last-breath-mask-steel\/","title":{"rendered":"Letzter Atemzug Maske - Stahl"},"content":{"rendered":"<h4>Letzter Atemzug Maske - Stahl<\/h4>\n<p>Dystopisches Zukunftsdesign.<\/p>\n<p>Hochwertige Viertelmaske mit verstellbarem Band, angenehm zu tragen. Von US Maskenstudio. Handbemalt, so dass jede Maske einzigartig ist.&nbsp;<\/p>\n<p>Jede Maske wird in Handarbeit aus RD-407-Latex hergestellt, dem zuverl\u00e4ssigsten und haltbarsten Latex, das es auf dem Markt gibt. Bis ins kleinste Detail bemalt und dennoch stark genug, um jede Spuk- oder Gruselsaison zu \u00fcberstehen.<\/p>\n<p>Verstellbarer Gurt, Einheitsgr\u00f6\u00dfe f\u00fcr die meisten<\/p>","protected":false},"excerpt":{"rendered":"<p>Last Breath Mask - Steel Future dystopisches Design. Hochwertige Viertelmaske mit verstellbarem Band, angenehm zu tragen. Von US Maskenstudio. Handbemalt, so dass jede Maske ein Unikat ist.  Jede Maske wird in Handarbeit aus RD-407-Latex hergestellt, dem zuverl\u00e4ssigsten und haltbarsten Industrielatex, das es gibt. Bis ins kleinste Detail bemalt und dennoch stark genug, um zu \u00fcberleben [...]<\/p>","protected":false},"featured_media":47693,"comment_status":"closed","ping_status":"closed","template":"","meta":{"_acf_changed":false},"product_brand":[],"product_cat":[6542,7096,6541,6543,6824,6545,6816],"product_tag":[],"class_list":{"0":"post-47696","1":"product","2":"type-product","3":"status-publish","4":"has-post-thumbnail","6":"product_cat-premium-masks","7":"product_cat-dystopia-anarchy","8":"product_cat-masks","9":"product_cat-professional","10":"product_cat-professional-masks","11":"product_cat-creepy-ghost-masks","12":"product_cat-masks-killers","13":"pa_brand-madabouthorror","14":"pa_character-other","15":"pa_google_tax-ba-artsentertainmenthobbiescr","16":"pa_material-containslatex","18":"first","19":"outofstock","20":"taxable","21":"shipping-taxable","22":"purchasable","23":"product-type-simple"},"supplier_id":467896,"supplier_sku":"","barcode":"","atum_controlled":true,"out_stock_date":"2025-09-30 22:56:38","out_stock_threshold":null,"inheritable":false,"inbound_stock":0,"stock_on_hold":0,"sold_today":0,"sales_last_days":0,"reserved_stock":0,"customer_returns":0,"warehouse_damage":0,"lost_in_post":0,"other_logs":0,"out_stock_days":188,"lost_sales":2737,"has_location":false,"update_date":"2026-04-07T00:29:34","atum_locations":[],"atum_stock_status":"outofstock","restock_status":false,"low_stock_amount":"","sales_update_date":"2026-04-07T00:29:33","calc_backorders":null,"acf":[],"yoast_head":"<!-- This site is optimized with the Yoast SEO plugin v27.3 - https:\/\/yoast.com\/product\/yoast-seo-wordpress\/ -->\n<title>Deluxe Halloween Masks | Last Breath Mask | Steel<\/title>\n<meta name=\"description\" content=\"Deluxe Halloween Masks - Last Breath Mask - Hand crafted and painted. BUY from the UK&#039;s leading Halloween &amp; Horror specialist\" \/>\n<meta name=\"robots\" content=\"index, follow, max-snippet:-1, max-image-preview:large, max-video-preview:-1\" \/>\n<link rel=\"canonical\" href=\"https:\/\/madabouthorror.co.uk\/de\/product\/last-breath-mask-steel\/\" \/>\n<meta property=\"og:locale\" content=\"de_DE\" \/>\n<meta property=\"og:type\" content=\"article\" \/>\n<meta property=\"og:title\" content=\"Deluxe Halloween Masks | Last Breath Mask | Steel\" \/>\n<meta property=\"og:description\" content=\"Deluxe Halloween Masks - Last Breath Mask - Hand crafted and painted. BUY from the UK&#039;s leading Halloween &amp; Horror specialist\" \/>\n<meta property=\"og:url\" content=\"https:\/\/madabouthorror.co.uk\/de\/product\/last-breath-mask-steel\/\" \/>\n<meta property=\"og:site_name\" content=\"Mad About Horror\" \/>\n<meta property=\"article:publisher\" content=\"https:\/\/www.facebook.com\/madabouthorror\/\" \/>\n<meta property=\"article:modified_time\" content=\"2025-09-30T21:56:38+00:00\" \/>\n<meta property=\"og:image\" content=\"https:\/\/madabouthorror.co.uk\/wp-content\/uploads\/2021\/04\/last_breath_steel_steampunk_horror_mask.jpg\" \/>\n\t<meta property=\"og:image:width\" content=\"670\" \/>\n\t<meta property=\"og:image:height\" content=\"670\" \/>\n\t<meta property=\"og:image:type\" content=\"image\/jpeg\" \/>\n<meta name=\"twitter:card\" content=\"summary_large_image\" \/>\n<script type=\"application\/ld+json\" class=\"yoast-schema-graph\">{\"@context\":\"https:\\\/\\\/schema.org\",\"@graph\":[{\"@type\":[\"WebPage\",\"ItemPage\"],\"@id\":\"https:\\\/\\\/madabouthorror.co.uk\\\/product\\\/last-breath-mask-steel\\\/\",\"url\":\"https:\\\/\\\/madabouthorror.co.uk\\\/product\\\/last-breath-mask-steel\\\/\",\"name\":\"Deluxe Halloween Masks | Last Breath Mask | Steel\",\"isPartOf\":{\"@id\":\"https:\\\/\\\/madabouthorror.co.uk\\\/#website\"},\"primaryImageOfPage\":{\"@id\":\"https:\\\/\\\/madabouthorror.co.uk\\\/product\\\/last-breath-mask-steel\\\/#primaryimage\"},\"image\":{\"@id\":\"https:\\\/\\\/madabouthorror.co.uk\\\/product\\\/last-breath-mask-steel\\\/#primaryimage\"},\"thumbnailUrl\":\"https:\\\/\\\/madabouthorror.co.uk\\\/wp-content\\\/uploads\\\/2021\\\/04\\\/last_breath_steel_steampunk_horror_mask.jpg\",\"datePublished\":\"2021-04-05T19:21:47+00:00\",\"dateModified\":\"2025-09-30T21:56:38+00:00\",\"description\":\"Deluxe Halloween Masks - Last Breath Mask - Hand crafted and painted. BUY from the UK's leading Halloween & Horror specialist\",\"breadcrumb\":{\"@id\":\"https:\\\/\\\/madabouthorror.co.uk\\\/product\\\/last-breath-mask-steel\\\/#breadcrumb\"},\"inLanguage\":\"de\",\"potentialAction\":[{\"@type\":\"ReadAction\",\"target\":[\"https:\\\/\\\/madabouthorror.co.uk\\\/product\\\/last-breath-mask-steel\\\/\"]}]},{\"@type\":\"ImageObject\",\"inLanguage\":\"de\",\"@id\":\"https:\\\/\\\/madabouthorror.co.uk\\\/product\\\/last-breath-mask-steel\\\/#primaryimage\",\"url\":\"https:\\\/\\\/madabouthorror.co.uk\\\/wp-content\\\/uploads\\\/2021\\\/04\\\/last_breath_steel_steampunk_horror_mask.jpg\",\"contentUrl\":\"https:\\\/\\\/madabouthorror.co.uk\\\/wp-content\\\/uploads\\\/2021\\\/04\\\/last_breath_steel_steampunk_horror_mask.jpg\",\"width\":670,\"height\":670,\"caption\":\"Last Breath Mask - Steel-0\"},{\"@type\":\"BreadcrumbList\",\"@id\":\"https:\\\/\\\/madabouthorror.co.uk\\\/product\\\/last-breath-mask-steel\\\/#breadcrumb\",\"itemListElement\":[{\"@type\":\"ListItem\",\"position\":1,\"name\":\"Shop\",\"item\":\"https:\\\/\\\/madabouthorror.co.uk\\\/shop\\\/\"},{\"@type\":\"ListItem\",\"position\":2,\"name\":\"Last Breath Mask &#8211; Steel\"}]},{\"@type\":\"WebSite\",\"@id\":\"https:\\\/\\\/madabouthorror.co.uk\\\/#website\",\"url\":\"https:\\\/\\\/madabouthorror.co.uk\\\/\",\"name\":\"Mad About Horror\",\"description\":\"\",\"publisher\":{\"@id\":\"https:\\\/\\\/madabouthorror.co.uk\\\/#organization\"},\"alternateName\":\"Mad About Horror Limited\",\"potentialAction\":[{\"@type\":\"SearchAction\",\"target\":{\"@type\":\"EntryPoint\",\"urlTemplate\":\"https:\\\/\\\/madabouthorror.co.uk\\\/?s={search_term_string}\"},\"query-input\":{\"@type\":\"PropertyValueSpecification\",\"valueRequired\":true,\"valueName\":\"search_term_string\"}}],\"inLanguage\":\"de\"},{\"@type\":\"Organization\",\"@id\":\"https:\\\/\\\/madabouthorror.co.uk\\\/#organization\",\"name\":\"Mad About Horror\",\"url\":\"https:\\\/\\\/madabouthorror.co.uk\\\/\",\"logo\":{\"@type\":\"ImageObject\",\"inLanguage\":\"de\",\"@id\":\"https:\\\/\\\/madabouthorror.co.uk\\\/#\\\/schema\\\/logo\\\/image\\\/\",\"url\":\"https:\\\/\\\/madabouthorror.co.uk\\\/wp-content\\\/uploads\\\/2024\\\/02\\\/cropped-Logo.png\",\"contentUrl\":\"https:\\\/\\\/madabouthorror.co.uk\\\/wp-content\\\/uploads\\\/2024\\\/02\\\/cropped-Logo.png\",\"width\":240,\"height\":88,\"caption\":\"Mad About Horror\"},\"image\":{\"@id\":\"https:\\\/\\\/madabouthorror.co.uk\\\/#\\\/schema\\\/logo\\\/image\\\/\"},\"sameAs\":[\"https:\\\/\\\/www.facebook.com\\\/madabouthorror\\\/\",\"https:\\\/\\\/www.instagram.com\\\/madabouthorror\\\/\",\"https:\\\/\\\/www.pinterest.co.uk\\\/madabouthorror\\\/\",\"https:\\\/\\\/www.youtube.com\\\/channel\\\/UCBooLOIxjoQ89dj6T5lWm_w\",\"https:\\\/\\\/www.tiktok.com\\\/@weremadabouthorror\"]}]}<\/script>\n<!-- \/ Yoast SEO plugin. -->","yoast_head_json":{"title":"Deluxe Halloween Masken | Last Breath Maske | Stahl","description":"Deluxe Halloween Masken - Last Breath Maske - Handgefertigt und bemalt. KAUFEN Sie bei Gro\u00dfbritanniens f\u00fchrendem Spezialisten f\u00fcr Halloween &amp; Horror","robots":{"index":"index","follow":"follow","max-snippet":"max-snippet:-1","max-image-preview":"max-image-preview:large","max-video-preview":"max-video-preview:-1"},"canonical":"https:\/\/madabouthorror.co.uk\/de\/product\/last-breath-mask-steel\/","og_locale":"de_DE","og_type":"article","og_title":"Deluxe Halloween Masks | Last Breath Mask | Steel","og_description":"Deluxe Halloween Masks - Last Breath Mask - Hand crafted and painted. BUY from the UK's leading Halloween & Horror specialist","og_url":"https:\/\/madabouthorror.co.uk\/de\/product\/last-breath-mask-steel\/","og_site_name":"Mad About Horror","article_publisher":"https:\/\/www.facebook.com\/madabouthorror\/","article_modified_time":"2025-09-30T21:56:38+00:00","og_image":[{"width":670,"height":670,"url":"https:\/\/madabouthorror.co.uk\/wp-content\/uploads\/2021\/04\/last_breath_steel_steampunk_horror_mask.jpg","type":"image\/jpeg"}],"twitter_card":"summary_large_image","schema":{"@context":"https:\/\/schema.org","@graph":[{"@type":["WebPage","ItemPage"],"@id":"https:\/\/madabouthorror.co.uk\/product\/last-breath-mask-steel\/","url":"https:\/\/madabouthorror.co.uk\/product\/last-breath-mask-steel\/","name":"Deluxe Halloween Masken | Last Breath Maske | Stahl","isPartOf":{"@id":"https:\/\/madabouthorror.co.uk\/#website"},"primaryImageOfPage":{"@id":"https:\/\/madabouthorror.co.uk\/product\/last-breath-mask-steel\/#primaryimage"},"image":{"@id":"https:\/\/madabouthorror.co.uk\/product\/last-breath-mask-steel\/#primaryimage"},"thumbnailUrl":"https:\/\/madabouthorror.co.uk\/wp-content\/uploads\/2021\/04\/last_breath_steel_steampunk_horror_mask.jpg","datePublished":"2021-04-05T19:21:47+00:00","dateModified":"2025-09-30T21:56:38+00:00","description":"Deluxe Halloween Masken - Last Breath Maske - Handgefertigt und bemalt. KAUFEN Sie bei Gro\u00dfbritanniens f\u00fchrendem Spezialisten f\u00fcr Halloween &amp; Horror","breadcrumb":{"@id":"https:\/\/madabouthorror.co.uk\/product\/last-breath-mask-steel\/#breadcrumb"},"inLanguage":"de","potentialAction":[{"@type":"ReadAction","target":["https:\/\/madabouthorror.co.uk\/product\/last-breath-mask-steel\/"]}]},{"@type":"ImageObject","inLanguage":"de","@id":"https:\/\/madabouthorror.co.uk\/product\/last-breath-mask-steel\/#primaryimage","url":"https:\/\/madabouthorror.co.uk\/wp-content\/uploads\/2021\/04\/last_breath_steel_steampunk_horror_mask.jpg","contentUrl":"https:\/\/madabouthorror.co.uk\/wp-content\/uploads\/2021\/04\/last_breath_steel_steampunk_horror_mask.jpg","width":670,"height":670,"caption":"Last Breath Mask - Steel-0"},{"@type":"BreadcrumbList","@id":"https:\/\/madabouthorror.co.uk\/product\/last-breath-mask-steel\/#breadcrumb","itemListElement":[{"@type":"ListItem","position":1,"name":"Shop","item":"https:\/\/madabouthorror.co.uk\/shop\/"},{"@type":"ListItem","position":2,"name":"Last Breath Mask &#8211; Steel"}]},{"@type":"WebSite","@id":"https:\/\/madabouthorror.co.uk\/#website","url":"https:\/\/madabouthorror.co.uk\/","name":"Verr\u00fcckt nach Horror","description":"","publisher":{"@id":"https:\/\/madabouthorror.co.uk\/#organization"},"alternateName":"Mad About Horror Limited","potentialAction":[{"@type":"SearchAction","target":{"@type":"EntryPoint","urlTemplate":"https:\/\/madabouthorror.co.uk\/?s={search_term_string}"},"query-input":{"@type":"PropertyValueSpecification","valueRequired":true,"valueName":"search_term_string"}}],"inLanguage":"de"},{"@type":"Organization","@id":"https:\/\/madabouthorror.co.uk\/#organization","name":"Verr\u00fcckt nach Horror","url":"https:\/\/madabouthorror.co.uk\/","logo":{"@type":"ImageObject","inLanguage":"de","@id":"https:\/\/madabouthorror.co.uk\/#\/schema\/logo\/image\/","url":"https:\/\/madabouthorror.co.uk\/wp-content\/uploads\/2024\/02\/cropped-Logo.png","contentUrl":"https:\/\/madabouthorror.co.uk\/wp-content\/uploads\/2024\/02\/cropped-Logo.png","width":240,"height":88,"caption":"Mad About Horror"},"image":{"@id":"https:\/\/madabouthorror.co.uk\/#\/schema\/logo\/image\/"},"sameAs":["https:\/\/www.facebook.com\/madabouthorror\/","https:\/\/www.instagram.com\/madabouthorror\/","https:\/\/www.pinterest.co.uk\/madabouthorror\/","https:\/\/www.youtube.com\/channel\/UCBooLOIxjoQ89dj6T5lWm_w","https:\/\/www.tiktok.com\/@weremadabouthorror"]}]}},"df_price":88.49,"df_sale_price":"","df_regular_price":88.49,"df_image_link":"https:\/\/madabouthorror.co.uk\/wp-content\/uploads\/2021\/04\/last_breath_steel_steampunk_horror_mask-300x300.jpg","_links":{"self":[{"href":"https:\/\/madabouthorror.co.uk\/de\/wp-json\/wp\/v2\/product\/47696","targetHints":{"allow":["GET"]}}],"collection":[{"href":"https:\/\/madabouthorror.co.uk\/de\/wp-json\/wp\/v2\/product"}],"about":[{"href":"https:\/\/madabouthorror.co.uk\/de\/wp-json\/wp\/v2\/types\/product"}],"replies":[{"embeddable":true,"href":"https:\/\/madabouthorror.co.uk\/de\/wp-json\/wp\/v2\/comments?post=47696"}],"wp:featuredmedia":[{"embeddable":true,"href":"https:\/\/madabouthorror.co.uk\/de\/wp-json\/wp\/v2\/media\/47693"}],"wp:attachment":[{"href":"https:\/\/madabouthorror.co.uk\/de\/wp-json\/wp\/v2\/media?parent=47696"}],"wp:term":[{"taxonomy":"product_brand","embeddable":true,"href":"https:\/\/madabouthorror.co.uk\/de\/wp-json\/wp\/v2\/product_brand?post=47696"},{"taxonomy":"product_cat","embeddable":true,"href":"https:\/\/madabouthorror.co.uk\/de\/wp-json\/wp\/v2\/product_cat?post=47696"},{"taxonomy":"product_tag","embeddable":true,"href":"https:\/\/madabouthorror.co.uk\/de\/wp-json\/wp\/v2\/product_tag?post=47696"}],"curies":[{"name":"wp","href":"https:\/\/api.w.org\/{rel}","templated":true}]}}