{"id":477050,"date":"2024-03-25T10:27:23","date_gmt":"2024-03-25T10:27:23","guid":{"rendered":"https:\/\/madabouthorror.co.uk\/?post_type=product&#038;p=477050"},"modified":"2026-04-20T15:40:22","modified_gmt":"2026-04-20T14:40:22","slug":"evil-dead-2-pee-wee-latex-halloween-mask","status":"publish","type":"product","link":"https:\/\/madabouthorror.co.uk\/de\/product\/evil-dead-2-pee-wee-latex-halloween-mask\/","title":{"rendered":"Evil Dead 2 - Pee Wee Latex Halloween Maske"},"content":{"rendered":"<div class=\"description rte section cf not-in-quickbuy\">\n<p>Hier kommt die offiziell lizenzierte Evil Dead 2: Dead by Dawn - Pee Wee Maske von Trick or Treat Studios! Diese Maske wurde mit viel Liebe zum Detail und unter Verwendung zahlreicher Screenshots hergestellt und f\u00e4ngt jede Nuance von Pee Wee's Charakter ein.<\/p>\n<p>Kombinieren Sie es mit ein paar zerfledderten Lumpen und unserem Buch der Toten - dem Necronomicon (<em>separat erh\u00e4ltlich<\/em>), um in dieser Halloween-Nacht die ultimative b\u00f6se Macht zu verk\u00f6rpern! Gefertigt aus hochwertigem Latex f\u00fcr Haltbarkeit und Realismus.<\/p>\n<\/div>\n<div class=\"rte cf light-inner-row not-in-quickbuy\">\n<p><em>Evil Dead: Dead by Dawn TM &amp; \u00a9 2013 Studio Canal S.A. Alle Rechte vorbehalten.<\/em><\/p>\n<\/div>","protected":false},"excerpt":{"rendered":"<p>Hier kommt die offiziell lizenzierte Evil Dead 2: Dead by Dawn - Pee Wee Maske von Trick or Treat Studios! Diese Maske wurde mit viel Liebe zum Detail anhand zahlreicher Screenshots angefertigt und f\u00e4ngt jede Nuance von Pee Wee's Charakter ein. Kombiniere sie mit ein paar zerfledderten Lumpen und unserem Buch der Toten - Das Necronomicon (separat erh\u00e4ltlich) [...]<\/p>","protected":false},"featured_media":477052,"comment_status":"closed","ping_status":"closed","template":"","meta":{"_acf_changed":false},"product_brand":[],"product_cat":[6580,10100,10038,9962,6541,6650,6792],"product_tag":[],"class_list":{"0":"post-477050","1":"product","2":"type-product","3":"status-publish","4":"has-post-thumbnail","6":"product_cat-movie-tv","7":"product_cat-latex-masks","8":"product_cat-horror-gifts","9":"product_cat-trick-or-treat-studios-masks","10":"product_cat-masks","11":"product_cat-evildeadashvevildead","12":"product_cat-trick-or-treat-studios","14":"first","15":"instock","16":"taxable","17":"shipping-taxable","18":"purchasable","19":"product-type-simple"},"supplier_id":467429,"supplier_sku":"TTSC102","barcode":"854146005678","atum_controlled":true,"out_stock_date":null,"out_stock_threshold":null,"inheritable":false,"inbound_stock":0,"stock_on_hold":0,"sold_today":0,"sales_last_days":0,"reserved_stock":0,"customer_returns":0,"warehouse_damage":0,"lost_in_post":0,"other_logs":0,"out_stock_days":0,"lost_sales":0,"has_location":false,"update_date":"2026-05-04T01:47:31","atum_locations":[],"atum_stock_status":"instock","restock_status":false,"low_stock_amount":2,"sales_update_date":"2026-05-04T01:47:29","calc_backorders":null,"acf":[],"yoast_head":"<!-- This site is optimized with the Yoast SEO plugin v27.5 - https:\/\/yoast.com\/product\/yoast-seo-wordpress\/ -->\n<title>Evil Dead 2 - Pee Wee Latex Halloween Mask | Mad About Horror<\/title>\n<meta name=\"description\" content=\"Officially licensed Evil Dead 2: Dead by Dawn - Pee Wee mask from Trick or Treat Studios. Shop Horror collectibles and Halloween props. UK Stockist.\" \/>\n<meta name=\"robots\" content=\"index, follow, max-snippet:-1, max-image-preview:large, max-video-preview:-1\" \/>\n<link rel=\"canonical\" href=\"https:\/\/madabouthorror.co.uk\/de\/product\/evil-dead-2-pee-wee-latex-halloween-mask\/\" \/>\n<meta property=\"og:locale\" content=\"de_DE\" \/>\n<meta property=\"og:type\" content=\"article\" \/>\n<meta property=\"og:title\" content=\"Evil Dead 2 - Pee Wee Latex Halloween Mask | Mad About Horror\" \/>\n<meta property=\"og:description\" content=\"Officially licensed Evil Dead 2: Dead by Dawn - Pee Wee mask from Trick or Treat Studios. Shop Horror collectibles and Halloween props. UK Stockist.\" \/>\n<meta property=\"og:url\" content=\"https:\/\/madabouthorror.co.uk\/de\/product\/evil-dead-2-pee-wee-latex-halloween-mask\/\" \/>\n<meta property=\"og:site_name\" content=\"Mad About Horror\" \/>\n<meta property=\"article:publisher\" content=\"https:\/\/www.facebook.com\/madabouthorror\/\" \/>\n<meta property=\"article:modified_time\" content=\"2026-04-20T14:40:22+00:00\" \/>\n<meta property=\"og:image\" content=\"https:\/\/madabouthorror.co.uk\/wp-content\/uploads\/2024\/03\/1-2.jpeg\" \/>\n\t<meta property=\"og:image:width\" content=\"639\" \/>\n\t<meta property=\"og:image:height\" content=\"639\" \/>\n\t<meta property=\"og:image:type\" content=\"image\/jpeg\" \/>\n<meta name=\"twitter:card\" content=\"summary_large_image\" \/>\n<meta name=\"twitter:label1\" content=\"Gesch\u00e4tzte Lesezeit\" \/>\n\t<meta name=\"twitter:data1\" content=\"1\u00a0Minute\" \/>\n<script type=\"application\/ld+json\" class=\"yoast-schema-graph\">{\"@context\":\"https:\\\/\\\/schema.org\",\"@graph\":[{\"@type\":[\"WebPage\",\"ItemPage\"],\"@id\":\"https:\\\/\\\/madabouthorror.co.uk\\\/product\\\/evil-dead-2-pee-wee-latex-halloween-mask\\\/\",\"url\":\"https:\\\/\\\/madabouthorror.co.uk\\\/product\\\/evil-dead-2-pee-wee-latex-halloween-mask\\\/\",\"name\":\"Evil Dead 2 - Pee Wee Latex Halloween Mask | Mad About Horror\",\"isPartOf\":{\"@id\":\"https:\\\/\\\/madabouthorror.co.uk\\\/#website\"},\"primaryImageOfPage\":{\"@id\":\"https:\\\/\\\/madabouthorror.co.uk\\\/product\\\/evil-dead-2-pee-wee-latex-halloween-mask\\\/#primaryimage\"},\"image\":{\"@id\":\"https:\\\/\\\/madabouthorror.co.uk\\\/product\\\/evil-dead-2-pee-wee-latex-halloween-mask\\\/#primaryimage\"},\"thumbnailUrl\":\"https:\\\/\\\/madabouthorror.co.uk\\\/wp-content\\\/uploads\\\/2024\\\/03\\\/1-2.jpeg\",\"datePublished\":\"2024-03-25T10:27:23+00:00\",\"dateModified\":\"2026-04-20T14:40:22+00:00\",\"description\":\"Officially licensed Evil Dead 2: Dead by Dawn - Pee Wee mask from Trick or Treat Studios. Shop Horror collectibles and Halloween props. UK Stockist.\",\"breadcrumb\":{\"@id\":\"https:\\\/\\\/madabouthorror.co.uk\\\/product\\\/evil-dead-2-pee-wee-latex-halloween-mask\\\/#breadcrumb\"},\"inLanguage\":\"de\",\"potentialAction\":[{\"@type\":\"ReadAction\",\"target\":[\"https:\\\/\\\/madabouthorror.co.uk\\\/product\\\/evil-dead-2-pee-wee-latex-halloween-mask\\\/\"]}]},{\"@type\":\"ImageObject\",\"inLanguage\":\"de\",\"@id\":\"https:\\\/\\\/madabouthorror.co.uk\\\/product\\\/evil-dead-2-pee-wee-latex-halloween-mask\\\/#primaryimage\",\"url\":\"https:\\\/\\\/madabouthorror.co.uk\\\/wp-content\\\/uploads\\\/2024\\\/03\\\/1-2.jpeg\",\"contentUrl\":\"https:\\\/\\\/madabouthorror.co.uk\\\/wp-content\\\/uploads\\\/2024\\\/03\\\/1-2.jpeg\",\"width\":639,\"height\":639},{\"@type\":\"BreadcrumbList\",\"@id\":\"https:\\\/\\\/madabouthorror.co.uk\\\/product\\\/evil-dead-2-pee-wee-latex-halloween-mask\\\/#breadcrumb\",\"itemListElement\":[{\"@type\":\"ListItem\",\"position\":1,\"name\":\"Shop\",\"item\":\"https:\\\/\\\/madabouthorror.co.uk\\\/shop\\\/\"},{\"@type\":\"ListItem\",\"position\":2,\"name\":\"Evil Dead 2 &#8211; Pee Wee Latex Halloween Mask\"}]},{\"@type\":\"WebSite\",\"@id\":\"https:\\\/\\\/madabouthorror.co.uk\\\/#website\",\"url\":\"https:\\\/\\\/madabouthorror.co.uk\\\/\",\"name\":\"Mad About Horror\",\"description\":\"\",\"publisher\":{\"@id\":\"https:\\\/\\\/madabouthorror.co.uk\\\/#organization\"},\"alternateName\":\"Mad About Horror Limited\",\"potentialAction\":[{\"@type\":\"SearchAction\",\"target\":{\"@type\":\"EntryPoint\",\"urlTemplate\":\"https:\\\/\\\/madabouthorror.co.uk\\\/?s={search_term_string}\"},\"query-input\":{\"@type\":\"PropertyValueSpecification\",\"valueRequired\":true,\"valueName\":\"search_term_string\"}}],\"inLanguage\":\"de\"},{\"@type\":\"Organization\",\"@id\":\"https:\\\/\\\/madabouthorror.co.uk\\\/#organization\",\"name\":\"Mad About Horror\",\"url\":\"https:\\\/\\\/madabouthorror.co.uk\\\/\",\"logo\":{\"@type\":\"ImageObject\",\"inLanguage\":\"de\",\"@id\":\"https:\\\/\\\/madabouthorror.co.uk\\\/#\\\/schema\\\/logo\\\/image\\\/\",\"url\":\"https:\\\/\\\/madabouthorror.co.uk\\\/wp-content\\\/uploads\\\/2024\\\/02\\\/cropped-Logo.png\",\"contentUrl\":\"https:\\\/\\\/madabouthorror.co.uk\\\/wp-content\\\/uploads\\\/2024\\\/02\\\/cropped-Logo.png\",\"width\":240,\"height\":88,\"caption\":\"Mad About Horror\"},\"image\":{\"@id\":\"https:\\\/\\\/madabouthorror.co.uk\\\/#\\\/schema\\\/logo\\\/image\\\/\"},\"sameAs\":[\"https:\\\/\\\/www.facebook.com\\\/madabouthorror\\\/\",\"https:\\\/\\\/www.instagram.com\\\/madabouthorror\\\/\",\"https:\\\/\\\/www.pinterest.co.uk\\\/madabouthorror\\\/\",\"https:\\\/\\\/www.youtube.com\\\/channel\\\/UCBooLOIxjoQ89dj6T5lWm_w\",\"https:\\\/\\\/www.tiktok.com\\\/@weremadabouthorror\"]}]}<\/script>\n<!-- \/ Yoast SEO plugin. -->","yoast_head_json":{"title":"Evil Dead 2 - Pee Wee Latex Halloween Maske | Mad About Horror","description":"Offiziell lizenzierte Evil Dead 2: Dead by Dawn - Pee Wee Maske von Trick or Treat Studios. Shop Horror Sammlerst\u00fccke und Halloween Requisiten. UK Stockist.","robots":{"index":"index","follow":"follow","max-snippet":"max-snippet:-1","max-image-preview":"max-image-preview:large","max-video-preview":"max-video-preview:-1"},"canonical":"https:\/\/madabouthorror.co.uk\/de\/product\/evil-dead-2-pee-wee-latex-halloween-mask\/","og_locale":"de_DE","og_type":"article","og_title":"Evil Dead 2 - Pee Wee Latex Halloween Mask | Mad About Horror","og_description":"Officially licensed Evil Dead 2: Dead by Dawn - Pee Wee mask from Trick or Treat Studios. Shop Horror collectibles and Halloween props. UK Stockist.","og_url":"https:\/\/madabouthorror.co.uk\/de\/product\/evil-dead-2-pee-wee-latex-halloween-mask\/","og_site_name":"Mad About Horror","article_publisher":"https:\/\/www.facebook.com\/madabouthorror\/","article_modified_time":"2026-04-20T14:40:22+00:00","og_image":[{"width":639,"height":639,"url":"https:\/\/madabouthorror.co.uk\/wp-content\/uploads\/2024\/03\/1-2.jpeg","type":"image\/jpeg"}],"twitter_card":"summary_large_image","twitter_misc":{"Gesch\u00e4tzte Lesezeit":"1\u00a0Minute"},"schema":{"@context":"https:\/\/schema.org","@graph":[{"@type":["WebPage","ItemPage"],"@id":"https:\/\/madabouthorror.co.uk\/product\/evil-dead-2-pee-wee-latex-halloween-mask\/","url":"https:\/\/madabouthorror.co.uk\/product\/evil-dead-2-pee-wee-latex-halloween-mask\/","name":"Evil Dead 2 - Pee Wee Latex Halloween Maske | Mad About Horror","isPartOf":{"@id":"https:\/\/madabouthorror.co.uk\/#website"},"primaryImageOfPage":{"@id":"https:\/\/madabouthorror.co.uk\/product\/evil-dead-2-pee-wee-latex-halloween-mask\/#primaryimage"},"image":{"@id":"https:\/\/madabouthorror.co.uk\/product\/evil-dead-2-pee-wee-latex-halloween-mask\/#primaryimage"},"thumbnailUrl":"https:\/\/madabouthorror.co.uk\/wp-content\/uploads\/2024\/03\/1-2.jpeg","datePublished":"2024-03-25T10:27:23+00:00","dateModified":"2026-04-20T14:40:22+00:00","description":"Offiziell lizenzierte Evil Dead 2: Dead by Dawn - Pee Wee Maske von Trick or Treat Studios. Shop Horror Sammlerst\u00fccke und Halloween Requisiten. UK Stockist.","breadcrumb":{"@id":"https:\/\/madabouthorror.co.uk\/product\/evil-dead-2-pee-wee-latex-halloween-mask\/#breadcrumb"},"inLanguage":"de","potentialAction":[{"@type":"ReadAction","target":["https:\/\/madabouthorror.co.uk\/product\/evil-dead-2-pee-wee-latex-halloween-mask\/"]}]},{"@type":"ImageObject","inLanguage":"de","@id":"https:\/\/madabouthorror.co.uk\/product\/evil-dead-2-pee-wee-latex-halloween-mask\/#primaryimage","url":"https:\/\/madabouthorror.co.uk\/wp-content\/uploads\/2024\/03\/1-2.jpeg","contentUrl":"https:\/\/madabouthorror.co.uk\/wp-content\/uploads\/2024\/03\/1-2.jpeg","width":639,"height":639},{"@type":"BreadcrumbList","@id":"https:\/\/madabouthorror.co.uk\/product\/evil-dead-2-pee-wee-latex-halloween-mask\/#breadcrumb","itemListElement":[{"@type":"ListItem","position":1,"name":"Shop","item":"https:\/\/madabouthorror.co.uk\/shop\/"},{"@type":"ListItem","position":2,"name":"Evil Dead 2 &#8211; Pee Wee Latex Halloween Mask"}]},{"@type":"WebSite","@id":"https:\/\/madabouthorror.co.uk\/#website","url":"https:\/\/madabouthorror.co.uk\/","name":"Verr\u00fcckt nach Horror","description":"","publisher":{"@id":"https:\/\/madabouthorror.co.uk\/#organization"},"alternateName":"Mad About Horror Limited","potentialAction":[{"@type":"SearchAction","target":{"@type":"EntryPoint","urlTemplate":"https:\/\/madabouthorror.co.uk\/?s={search_term_string}"},"query-input":{"@type":"PropertyValueSpecification","valueRequired":true,"valueName":"search_term_string"}}],"inLanguage":"de"},{"@type":"Organization","@id":"https:\/\/madabouthorror.co.uk\/#organization","name":"Verr\u00fcckt nach Horror","url":"https:\/\/madabouthorror.co.uk\/","logo":{"@type":"ImageObject","inLanguage":"de","@id":"https:\/\/madabouthorror.co.uk\/#\/schema\/logo\/image\/","url":"https:\/\/madabouthorror.co.uk\/wp-content\/uploads\/2024\/02\/cropped-Logo.png","contentUrl":"https:\/\/madabouthorror.co.uk\/wp-content\/uploads\/2024\/02\/cropped-Logo.png","width":240,"height":88,"caption":"Mad About Horror"},"image":{"@id":"https:\/\/madabouthorror.co.uk\/#\/schema\/logo\/image\/"},"sameAs":["https:\/\/www.facebook.com\/madabouthorror\/","https:\/\/www.instagram.com\/madabouthorror\/","https:\/\/www.pinterest.co.uk\/madabouthorror\/","https:\/\/www.youtube.com\/channel\/UCBooLOIxjoQ89dj6T5lWm_w","https:\/\/www.tiktok.com\/@weremadabouthorror"]}]}},"df_price":64.95,"df_sale_price":"","df_regular_price":64.95,"df_image_link":"https:\/\/madabouthorror.co.uk\/wp-content\/uploads\/2024\/03\/1-2-300x300.jpeg","_links":{"self":[{"href":"https:\/\/madabouthorror.co.uk\/de\/wp-json\/wp\/v2\/product\/477050","targetHints":{"allow":["GET"]}}],"collection":[{"href":"https:\/\/madabouthorror.co.uk\/de\/wp-json\/wp\/v2\/product"}],"about":[{"href":"https:\/\/madabouthorror.co.uk\/de\/wp-json\/wp\/v2\/types\/product"}],"replies":[{"embeddable":true,"href":"https:\/\/madabouthorror.co.uk\/de\/wp-json\/wp\/v2\/comments?post=477050"}],"wp:featuredmedia":[{"embeddable":true,"href":"https:\/\/madabouthorror.co.uk\/de\/wp-json\/wp\/v2\/media\/477052"}],"wp:attachment":[{"href":"https:\/\/madabouthorror.co.uk\/de\/wp-json\/wp\/v2\/media?parent=477050"}],"wp:term":[{"taxonomy":"product_brand","embeddable":true,"href":"https:\/\/madabouthorror.co.uk\/de\/wp-json\/wp\/v2\/product_brand?post=477050"},{"taxonomy":"product_cat","embeddable":true,"href":"https:\/\/madabouthorror.co.uk\/de\/wp-json\/wp\/v2\/product_cat?post=477050"},{"taxonomy":"product_tag","embeddable":true,"href":"https:\/\/madabouthorror.co.uk\/de\/wp-json\/wp\/v2\/product_tag?post=477050"}],"curies":[{"name":"wp","href":"https:\/\/api.w.org\/{rel}","templated":true}]}}