{"id":47837,"date":"2021-04-16T11:30:23","date_gmt":"2021-04-16T10:30:23","guid":{"rendered":"https:\/\/mah.6bdv.ws\/product\/ghoulies-2-cat-ghoulie-puppet-prop\/"},"modified":"2026-04-20T14:53:54","modified_gmt":"2026-04-20T13:53:54","slug":"ghoulies-2-cat-ghoulie-puppet-prop","status":"publish","type":"product","link":"https:\/\/madabouthorror.co.uk\/de\/product\/ghoulies-2-cat-ghoulie-puppet-prop\/","title":{"rendered":"Ghoulies 2 - Katze Ghoulie Requisite"},"content":{"rendered":"<p>Gebildet von Mark Villalobos.<\/p>\n<p><strong>Am Ende werden sie dich kriegen... wieder!<\/strong><\/p>\n<p>Trick or Treat Studios ist stolz darauf, die offizielle <em>Schreckgespenster II<\/em> - Cat Ghoulie Puppet Prop. Diese erstaunliche Puppenrequisite ist die perfekte Erg\u00e4nzung f\u00fcr Ihre <em>Schreckgespenster II<\/em> Sammlung!<\/p>\n<p>Das Puppenspiel wird durch ein Loch im R\u00fccken ausgef\u00fchrt, um den Kopf und den Mund zu bewegen.<\/p>\n<p>Produkt Abmessungen:<\/p>\n<p>H\u00f6he (von der Spitze der Ohren bis zu den Zehen): 23 Zoll<\/p>\n<p>Breite (von Schulter zu Schulter): 24 Zoll<\/p>\n<p>Tiefe: (von der Brust bis zum R\u00fccken) ca. 6,5 Zoll<\/p>\n<p>&nbsp;<\/p>\n<div><em>GHOULIES II TM &amp; \u00a9 1987 Orion Pictures Corporation.<\/em><br \/>\n<em>\u00a9 2021 Metro-Goldwyn-Mayer Studios Inc. Alle Rechte vorbehalten.<\/em><\/div>","protected":false},"excerpt":{"rendered":"<p>Geformt von Mark Villalobos. Am Ende kriegen sie dich... wieder! Trick or Treat Studios ist stolz darauf, die offizielle Ghoulies II - Cat Ghoulie Puppet Requisite zu pr\u00e4sentieren. Diese erstaunliche Puppenrequisite ist die perfekte Erg\u00e4nzung f\u00fcr deine Ghoulies II Sammlung! Die Puppe wird durch ein Loch auf der R\u00fcckseite gesteuert, um den Kopf und [...]<\/p>","protected":false},"featured_media":47836,"comment_status":"closed","ping_status":"closed","template":"","meta":{"_acf_changed":false},"product_brand":[],"product_cat":[10129,9946,10038,6728,9967,6754,6792],"product_tag":[],"class_list":{"0":"post-47837","1":"product","2":"type-product","3":"status-publish","4":"has-post-thumbnail","6":"product_cat-main-gift","7":"product_cat-replica-dolls","8":"product_cat-horror-gifts","9":"product_cat-premium","10":"product_cat-replica-props","11":"product_cat-ghoulies","12":"product_cat-trick-or-treat-studios","14":"first","15":"instock","16":"taxable","17":"shipping-taxable","18":"purchasable","19":"product-type-simple"},"supplier_id":471030,"supplier_sku":"MVMGM100-NA","barcode":"811501038436","atum_controlled":true,"out_stock_date":null,"out_stock_threshold":null,"inheritable":false,"inbound_stock":1,"stock_on_hold":0,"sold_today":0,"sales_last_days":0,"reserved_stock":0,"customer_returns":0,"warehouse_damage":0,"lost_in_post":0,"other_logs":0,"out_stock_days":0,"lost_sales":0,"has_location":false,"update_date":"2026-05-05T01:49:43","atum_locations":[],"atum_stock_status":"instock","restock_status":false,"low_stock_amount":2,"sales_update_date":"2026-05-05T01:49:41","calc_backorders":null,"acf":[],"yoast_head":"<!-- This site is optimized with the Yoast SEO plugin v27.5 - https:\/\/yoast.com\/product\/yoast-seo-wordpress\/ -->\n<title>Ghoulies 2 | Cat Ghoulie Puppet Prop | Mad About Horror<\/title>\n<meta name=\"description\" content=\"Trick or Treat Studios presents the Ghoulies 2 Cat Ghoulie life size puppet prop. Shipped by Mad About Horror. Call 01482 935936\" \/>\n<meta name=\"robots\" content=\"index, follow, max-snippet:-1, max-image-preview:large, max-video-preview:-1\" \/>\n<link rel=\"canonical\" href=\"https:\/\/madabouthorror.co.uk\/de\/product\/ghoulies-2-cat-ghoulie-puppet-prop\/\" \/>\n<meta property=\"og:locale\" content=\"de_DE\" \/>\n<meta property=\"og:type\" content=\"article\" \/>\n<meta property=\"og:title\" content=\"Ghoulies 2 | Cat Ghoulie Puppet Prop | Mad About Horror\" \/>\n<meta property=\"og:description\" content=\"Trick or Treat Studios presents the Ghoulies 2 Cat Ghoulie life size puppet prop. Shipped by Mad About Horror. Call 01482 935936\" \/>\n<meta property=\"og:url\" content=\"https:\/\/madabouthorror.co.uk\/de\/product\/ghoulies-2-cat-ghoulie-puppet-prop\/\" \/>\n<meta property=\"og:site_name\" content=\"Mad About Horror\" \/>\n<meta property=\"article:publisher\" content=\"https:\/\/www.facebook.com\/madabouthorror\/\" \/>\n<meta property=\"article:modified_time\" content=\"2026-04-20T13:53:54+00:00\" \/>\n<meta property=\"og:image\" content=\"https:\/\/madabouthorror.co.uk\/wp-content\/uploads\/2021\/04\/tots_ghoulies_2_cat_ghoulie_puppet_prop.jpg\" \/>\n\t<meta property=\"og:image:width\" content=\"670\" \/>\n\t<meta property=\"og:image:height\" content=\"670\" \/>\n\t<meta property=\"og:image:type\" content=\"image\/jpeg\" \/>\n<meta name=\"twitter:card\" content=\"summary_large_image\" \/>\n<meta name=\"twitter:label1\" content=\"Gesch\u00e4tzte Lesezeit\" \/>\n\t<meta name=\"twitter:data1\" content=\"1\u00a0Minute\" \/>\n<script type=\"application\/ld+json\" class=\"yoast-schema-graph\">{\"@context\":\"https:\\\/\\\/schema.org\",\"@graph\":[{\"@type\":[\"WebPage\",\"ItemPage\"],\"@id\":\"https:\\\/\\\/madabouthorror.co.uk\\\/product\\\/ghoulies-2-cat-ghoulie-puppet-prop\\\/\",\"url\":\"https:\\\/\\\/madabouthorror.co.uk\\\/product\\\/ghoulies-2-cat-ghoulie-puppet-prop\\\/\",\"name\":\"Ghoulies 2 | Cat Ghoulie Puppet Prop | Mad About Horror\",\"isPartOf\":{\"@id\":\"https:\\\/\\\/madabouthorror.co.uk\\\/#website\"},\"primaryImageOfPage\":{\"@id\":\"https:\\\/\\\/madabouthorror.co.uk\\\/product\\\/ghoulies-2-cat-ghoulie-puppet-prop\\\/#primaryimage\"},\"image\":{\"@id\":\"https:\\\/\\\/madabouthorror.co.uk\\\/product\\\/ghoulies-2-cat-ghoulie-puppet-prop\\\/#primaryimage\"},\"thumbnailUrl\":\"https:\\\/\\\/madabouthorror.co.uk\\\/wp-content\\\/uploads\\\/2021\\\/04\\\/tots_ghoulies_2_cat_ghoulie_puppet_prop.jpg\",\"datePublished\":\"2021-04-16T10:30:23+00:00\",\"dateModified\":\"2026-04-20T13:53:54+00:00\",\"description\":\"Trick or Treat Studios presents the Ghoulies 2 Cat Ghoulie life size puppet prop. Shipped by Mad About Horror. Call 01482 935936\",\"breadcrumb\":{\"@id\":\"https:\\\/\\\/madabouthorror.co.uk\\\/product\\\/ghoulies-2-cat-ghoulie-puppet-prop\\\/#breadcrumb\"},\"inLanguage\":\"de\",\"potentialAction\":[{\"@type\":\"ReadAction\",\"target\":[\"https:\\\/\\\/madabouthorror.co.uk\\\/product\\\/ghoulies-2-cat-ghoulie-puppet-prop\\\/\"]}]},{\"@type\":\"ImageObject\",\"inLanguage\":\"de\",\"@id\":\"https:\\\/\\\/madabouthorror.co.uk\\\/product\\\/ghoulies-2-cat-ghoulie-puppet-prop\\\/#primaryimage\",\"url\":\"https:\\\/\\\/madabouthorror.co.uk\\\/wp-content\\\/uploads\\\/2021\\\/04\\\/tots_ghoulies_2_cat_ghoulie_puppet_prop.jpg\",\"contentUrl\":\"https:\\\/\\\/madabouthorror.co.uk\\\/wp-content\\\/uploads\\\/2021\\\/04\\\/tots_ghoulies_2_cat_ghoulie_puppet_prop.jpg\",\"width\":670,\"height\":670,\"caption\":\"Ghoulies 2 - Cat Ghoulie Puppet Prop -0\"},{\"@type\":\"BreadcrumbList\",\"@id\":\"https:\\\/\\\/madabouthorror.co.uk\\\/product\\\/ghoulies-2-cat-ghoulie-puppet-prop\\\/#breadcrumb\",\"itemListElement\":[{\"@type\":\"ListItem\",\"position\":1,\"name\":\"Shop\",\"item\":\"https:\\\/\\\/madabouthorror.co.uk\\\/shop\\\/\"},{\"@type\":\"ListItem\",\"position\":2,\"name\":\"Ghoulies 2 &#8211; Cat Ghoulie Puppet Prop\"}]},{\"@type\":\"WebSite\",\"@id\":\"https:\\\/\\\/madabouthorror.co.uk\\\/#website\",\"url\":\"https:\\\/\\\/madabouthorror.co.uk\\\/\",\"name\":\"Mad About Horror\",\"description\":\"\",\"publisher\":{\"@id\":\"https:\\\/\\\/madabouthorror.co.uk\\\/#organization\"},\"alternateName\":\"Mad About Horror Limited\",\"potentialAction\":[{\"@type\":\"SearchAction\",\"target\":{\"@type\":\"EntryPoint\",\"urlTemplate\":\"https:\\\/\\\/madabouthorror.co.uk\\\/?s={search_term_string}\"},\"query-input\":{\"@type\":\"PropertyValueSpecification\",\"valueRequired\":true,\"valueName\":\"search_term_string\"}}],\"inLanguage\":\"de\"},{\"@type\":\"Organization\",\"@id\":\"https:\\\/\\\/madabouthorror.co.uk\\\/#organization\",\"name\":\"Mad About Horror\",\"url\":\"https:\\\/\\\/madabouthorror.co.uk\\\/\",\"logo\":{\"@type\":\"ImageObject\",\"inLanguage\":\"de\",\"@id\":\"https:\\\/\\\/madabouthorror.co.uk\\\/#\\\/schema\\\/logo\\\/image\\\/\",\"url\":\"https:\\\/\\\/madabouthorror.co.uk\\\/wp-content\\\/uploads\\\/2024\\\/02\\\/cropped-Logo.png\",\"contentUrl\":\"https:\\\/\\\/madabouthorror.co.uk\\\/wp-content\\\/uploads\\\/2024\\\/02\\\/cropped-Logo.png\",\"width\":240,\"height\":88,\"caption\":\"Mad About Horror\"},\"image\":{\"@id\":\"https:\\\/\\\/madabouthorror.co.uk\\\/#\\\/schema\\\/logo\\\/image\\\/\"},\"sameAs\":[\"https:\\\/\\\/www.facebook.com\\\/madabouthorror\\\/\",\"https:\\\/\\\/www.instagram.com\\\/madabouthorror\\\/\",\"https:\\\/\\\/www.pinterest.co.uk\\\/madabouthorror\\\/\",\"https:\\\/\\\/www.youtube.com\\\/channel\\\/UCBooLOIxjoQ89dj6T5lWm_w\",\"https:\\\/\\\/www.tiktok.com\\\/@weremadabouthorror\"]}]}<\/script>\n<!-- \/ Yoast SEO plugin. -->","yoast_head_json":{"title":"Ghoulies 2 | Katze Ghoulie Puppet Prop | Mad About Horror","description":"Trick or Treat Studios pr\u00e4sentiert die Ghoulies 2 Cat Ghoulie lebensgro\u00dfe Puppenrequisite. Versendet von Mad About Horror. Rufen Sie 01482 935936","robots":{"index":"index","follow":"follow","max-snippet":"max-snippet:-1","max-image-preview":"max-image-preview:large","max-video-preview":"max-video-preview:-1"},"canonical":"https:\/\/madabouthorror.co.uk\/de\/product\/ghoulies-2-cat-ghoulie-puppet-prop\/","og_locale":"de_DE","og_type":"article","og_title":"Ghoulies 2 | Cat Ghoulie Puppet Prop | Mad About Horror","og_description":"Trick or Treat Studios presents the Ghoulies 2 Cat Ghoulie life size puppet prop. Shipped by Mad About Horror. Call 01482 935936","og_url":"https:\/\/madabouthorror.co.uk\/de\/product\/ghoulies-2-cat-ghoulie-puppet-prop\/","og_site_name":"Mad About Horror","article_publisher":"https:\/\/www.facebook.com\/madabouthorror\/","article_modified_time":"2026-04-20T13:53:54+00:00","og_image":[{"width":670,"height":670,"url":"https:\/\/madabouthorror.co.uk\/wp-content\/uploads\/2021\/04\/tots_ghoulies_2_cat_ghoulie_puppet_prop.jpg","type":"image\/jpeg"}],"twitter_card":"summary_large_image","twitter_misc":{"Gesch\u00e4tzte Lesezeit":"1\u00a0Minute"},"schema":{"@context":"https:\/\/schema.org","@graph":[{"@type":["WebPage","ItemPage"],"@id":"https:\/\/madabouthorror.co.uk\/product\/ghoulies-2-cat-ghoulie-puppet-prop\/","url":"https:\/\/madabouthorror.co.uk\/product\/ghoulies-2-cat-ghoulie-puppet-prop\/","name":"Ghoulies 2 | Katze Ghoulie Puppet Prop | Mad About Horror","isPartOf":{"@id":"https:\/\/madabouthorror.co.uk\/#website"},"primaryImageOfPage":{"@id":"https:\/\/madabouthorror.co.uk\/product\/ghoulies-2-cat-ghoulie-puppet-prop\/#primaryimage"},"image":{"@id":"https:\/\/madabouthorror.co.uk\/product\/ghoulies-2-cat-ghoulie-puppet-prop\/#primaryimage"},"thumbnailUrl":"https:\/\/madabouthorror.co.uk\/wp-content\/uploads\/2021\/04\/tots_ghoulies_2_cat_ghoulie_puppet_prop.jpg","datePublished":"2021-04-16T10:30:23+00:00","dateModified":"2026-04-20T13:53:54+00:00","description":"Trick or Treat Studios pr\u00e4sentiert die Ghoulies 2 Cat Ghoulie lebensgro\u00dfe Puppenrequisite. Versendet von Mad About Horror. Rufen Sie 01482 935936","breadcrumb":{"@id":"https:\/\/madabouthorror.co.uk\/product\/ghoulies-2-cat-ghoulie-puppet-prop\/#breadcrumb"},"inLanguage":"de","potentialAction":[{"@type":"ReadAction","target":["https:\/\/madabouthorror.co.uk\/product\/ghoulies-2-cat-ghoulie-puppet-prop\/"]}]},{"@type":"ImageObject","inLanguage":"de","@id":"https:\/\/madabouthorror.co.uk\/product\/ghoulies-2-cat-ghoulie-puppet-prop\/#primaryimage","url":"https:\/\/madabouthorror.co.uk\/wp-content\/uploads\/2021\/04\/tots_ghoulies_2_cat_ghoulie_puppet_prop.jpg","contentUrl":"https:\/\/madabouthorror.co.uk\/wp-content\/uploads\/2021\/04\/tots_ghoulies_2_cat_ghoulie_puppet_prop.jpg","width":670,"height":670,"caption":"Ghoulies 2 - Cat Ghoulie Puppet Prop -0"},{"@type":"BreadcrumbList","@id":"https:\/\/madabouthorror.co.uk\/product\/ghoulies-2-cat-ghoulie-puppet-prop\/#breadcrumb","itemListElement":[{"@type":"ListItem","position":1,"name":"Shop","item":"https:\/\/madabouthorror.co.uk\/shop\/"},{"@type":"ListItem","position":2,"name":"Ghoulies 2 &#8211; Cat Ghoulie Puppet Prop"}]},{"@type":"WebSite","@id":"https:\/\/madabouthorror.co.uk\/#website","url":"https:\/\/madabouthorror.co.uk\/","name":"Verr\u00fcckt nach Horror","description":"","publisher":{"@id":"https:\/\/madabouthorror.co.uk\/#organization"},"alternateName":"Mad About Horror Limited","potentialAction":[{"@type":"SearchAction","target":{"@type":"EntryPoint","urlTemplate":"https:\/\/madabouthorror.co.uk\/?s={search_term_string}"},"query-input":{"@type":"PropertyValueSpecification","valueRequired":true,"valueName":"search_term_string"}}],"inLanguage":"de"},{"@type":"Organization","@id":"https:\/\/madabouthorror.co.uk\/#organization","name":"Verr\u00fcckt nach Horror","url":"https:\/\/madabouthorror.co.uk\/","logo":{"@type":"ImageObject","inLanguage":"de","@id":"https:\/\/madabouthorror.co.uk\/#\/schema\/logo\/image\/","url":"https:\/\/madabouthorror.co.uk\/wp-content\/uploads\/2024\/02\/cropped-Logo.png","contentUrl":"https:\/\/madabouthorror.co.uk\/wp-content\/uploads\/2024\/02\/cropped-Logo.png","width":240,"height":88,"caption":"Mad About Horror"},"image":{"@id":"https:\/\/madabouthorror.co.uk\/#\/schema\/logo\/image\/"},"sameAs":["https:\/\/www.facebook.com\/madabouthorror\/","https:\/\/www.instagram.com\/madabouthorror\/","https:\/\/www.pinterest.co.uk\/madabouthorror\/","https:\/\/www.youtube.com\/channel\/UCBooLOIxjoQ89dj6T5lWm_w","https:\/\/www.tiktok.com\/@weremadabouthorror"]}]}},"df_price":249.95,"df_sale_price":"","df_regular_price":249.95,"df_image_link":"https:\/\/madabouthorror.co.uk\/wp-content\/uploads\/2021\/04\/tots_ghoulies_2_cat_ghoulie_puppet_prop-300x300.jpg","_links":{"self":[{"href":"https:\/\/madabouthorror.co.uk\/de\/wp-json\/wp\/v2\/product\/47837","targetHints":{"allow":["GET"]}}],"collection":[{"href":"https:\/\/madabouthorror.co.uk\/de\/wp-json\/wp\/v2\/product"}],"about":[{"href":"https:\/\/madabouthorror.co.uk\/de\/wp-json\/wp\/v2\/types\/product"}],"replies":[{"embeddable":true,"href":"https:\/\/madabouthorror.co.uk\/de\/wp-json\/wp\/v2\/comments?post=47837"}],"wp:featuredmedia":[{"embeddable":true,"href":"https:\/\/madabouthorror.co.uk\/de\/wp-json\/wp\/v2\/media\/47836"}],"wp:attachment":[{"href":"https:\/\/madabouthorror.co.uk\/de\/wp-json\/wp\/v2\/media?parent=47837"}],"wp:term":[{"taxonomy":"product_brand","embeddable":true,"href":"https:\/\/madabouthorror.co.uk\/de\/wp-json\/wp\/v2\/product_brand?post=47837"},{"taxonomy":"product_cat","embeddable":true,"href":"https:\/\/madabouthorror.co.uk\/de\/wp-json\/wp\/v2\/product_cat?post=47837"},{"taxonomy":"product_tag","embeddable":true,"href":"https:\/\/madabouthorror.co.uk\/de\/wp-json\/wp\/v2\/product_tag?post=47837"}],"curies":[{"name":"wp","href":"https:\/\/api.w.org\/{rel}","templated":true}]}}