{"id":47850,"date":"2021-04-19T14:49:17","date_gmt":"2021-04-19T13:49:17","guid":{"rendered":"https:\/\/mah.6bdv.ws\/product\/hanging-giggly-ghost\/"},"modified":"2025-10-26T16:21:18","modified_gmt":"2025-10-26T16:21:18","slug":"hanging-giggly-ghost","status":"publish","type":"product","link":"https:\/\/madabouthorror.co.uk\/de\/product\/hanging-giggly-ghost\/","title":{"rendered":"H\u00e4ngender Giggly-Geist"},"content":{"rendered":"<h4>H\u00e4ngender Giggly-Geist<\/h4>\n<p>91 cm gro\u00dfe h\u00e4ngende Geisterfigur, perfekt f\u00fcr die Dekoration Ihres Hauses zu Halloween. Oder h\u00e4ngen Sie ihn in einen Baum in Ihrem Garten, damit er den Wind f\u00e4ngt.<\/p>\n<p>Drei verschiedene Gesichter, die nach dem Zufallsprinzip ausgew\u00e4hlt werden.<\/p>\n<p>&nbsp;<\/p>","protected":false},"excerpt":{"rendered":"<p>Hanging Giggly Ghost 91cm gro\u00dfe h\u00e4ngende Geisterfigur, perfekt f\u00fcr die Dekoration Ihres Hauses zu Halloween. Oder h\u00e4ngen Sie ihn in einen Baum in Ihrem Garten, damit er den Wind einf\u00e4ngt. Drei verschiedene Gesichter, die nach dem Zufallsprinzip ausgew\u00e4hlt werden. &nbsp;<\/p>","protected":false},"featured_media":47849,"comment_status":"closed","ping_status":"closed","template":"","meta":{"_acf_changed":false},"product_brand":[],"product_cat":[10117,6550,6547,6549],"product_tag":[],"class_list":{"0":"post-47850","1":"product","2":"type-product","3":"status-publish","4":"has-post-thumbnail","6":"product_cat-halloween-essentials","7":"product_cat-graveyard-decorations","8":"product_cat-decorations","9":"product_cat-haunted-house","10":"product_shipping_class-small-parcel-economy-3-5-business-days","11":"pa_brand-other","12":"pa_character-other","13":"pa_google_tax-84-artsentertainmentpartycele","15":"first","16":"instock","17":"taxable","18":"shipping-taxable","19":"purchasable","20":"product-type-simple"},"supplier_id":467907,"supplier_sku":"#N\/A","barcode":"071765111249","atum_controlled":true,"out_stock_date":null,"out_stock_threshold":null,"inheritable":false,"inbound_stock":0,"stock_on_hold":0,"sold_today":0,"sales_last_days":0,"reserved_stock":0,"customer_returns":0,"warehouse_damage":0,"lost_in_post":0,"other_logs":0,"out_stock_days":0,"lost_sales":0,"has_location":false,"update_date":"2026-04-30T00:44:29","atum_locations":[],"atum_stock_status":"instock","restock_status":false,"low_stock_amount":6,"sales_update_date":"2026-04-30T00:44:27","calc_backorders":null,"acf":[],"yoast_head":"<!-- This site is optimized with the Yoast SEO plugin v27.5 - https:\/\/yoast.com\/product\/yoast-seo-wordpress\/ -->\n<title>Hanging Giggly Ghost - Halloween Decor - Mad About Horror<\/title>\n<meta name=\"description\" content=\"Huge range of Halloween decorations, masks and props - UK Stockist - Ship worldwide - Hanging Giggly Ghost\" \/>\n<meta name=\"robots\" content=\"index, follow, max-snippet:-1, max-image-preview:large, max-video-preview:-1\" \/>\n<link rel=\"canonical\" href=\"https:\/\/madabouthorror.co.uk\/de\/product\/hanging-giggly-ghost\/\" \/>\n<meta property=\"og:locale\" content=\"de_DE\" \/>\n<meta property=\"og:type\" content=\"article\" \/>\n<meta property=\"og:title\" content=\"Hanging Giggly Ghost - Halloween Decor - Mad About Horror\" \/>\n<meta property=\"og:description\" content=\"Huge range of Halloween decorations, masks and props - UK Stockist - Ship worldwide - Hanging Giggly Ghost\" \/>\n<meta property=\"og:url\" content=\"https:\/\/madabouthorror.co.uk\/de\/product\/hanging-giggly-ghost\/\" \/>\n<meta property=\"og:site_name\" content=\"Mad About Horror\" \/>\n<meta property=\"article:publisher\" content=\"https:\/\/www.facebook.com\/madabouthorror\/\" \/>\n<meta property=\"article:modified_time\" content=\"2025-10-26T16:21:18+00:00\" \/>\n<meta property=\"og:image\" content=\"https:\/\/madabouthorror.co.uk\/wp-content\/uploads\/2021\/04\/giggly_ghost_hanging_halloween_decor.jpg\" \/>\n\t<meta property=\"og:image:width\" content=\"670\" \/>\n\t<meta property=\"og:image:height\" content=\"670\" \/>\n\t<meta property=\"og:image:type\" content=\"image\/jpeg\" \/>\n<meta name=\"twitter:card\" content=\"summary_large_image\" \/>\n<meta name=\"twitter:label1\" content=\"Gesch\u00e4tzte Lesezeit\" \/>\n\t<meta name=\"twitter:data1\" content=\"1\u00a0Minute\" \/>\n<script type=\"application\/ld+json\" class=\"yoast-schema-graph\">{\"@context\":\"https:\\\/\\\/schema.org\",\"@graph\":[{\"@type\":[\"WebPage\",\"ItemPage\"],\"@id\":\"https:\\\/\\\/madabouthorror.co.uk\\\/product\\\/hanging-giggly-ghost\\\/\",\"url\":\"https:\\\/\\\/madabouthorror.co.uk\\\/product\\\/hanging-giggly-ghost\\\/\",\"name\":\"Hanging Giggly Ghost - Halloween Decor - Mad About Horror\",\"isPartOf\":{\"@id\":\"https:\\\/\\\/madabouthorror.co.uk\\\/#website\"},\"primaryImageOfPage\":{\"@id\":\"https:\\\/\\\/madabouthorror.co.uk\\\/product\\\/hanging-giggly-ghost\\\/#primaryimage\"},\"image\":{\"@id\":\"https:\\\/\\\/madabouthorror.co.uk\\\/product\\\/hanging-giggly-ghost\\\/#primaryimage\"},\"thumbnailUrl\":\"https:\\\/\\\/madabouthorror.co.uk\\\/wp-content\\\/uploads\\\/2021\\\/04\\\/giggly_ghost_hanging_halloween_decor.jpg\",\"datePublished\":\"2021-04-19T13:49:17+00:00\",\"dateModified\":\"2025-10-26T16:21:18+00:00\",\"description\":\"Huge range of Halloween decorations, masks and props - UK Stockist - Ship worldwide - Hanging Giggly Ghost\",\"breadcrumb\":{\"@id\":\"https:\\\/\\\/madabouthorror.co.uk\\\/product\\\/hanging-giggly-ghost\\\/#breadcrumb\"},\"inLanguage\":\"de\",\"potentialAction\":[{\"@type\":\"ReadAction\",\"target\":[\"https:\\\/\\\/madabouthorror.co.uk\\\/product\\\/hanging-giggly-ghost\\\/\"]}]},{\"@type\":\"ImageObject\",\"inLanguage\":\"de\",\"@id\":\"https:\\\/\\\/madabouthorror.co.uk\\\/product\\\/hanging-giggly-ghost\\\/#primaryimage\",\"url\":\"https:\\\/\\\/madabouthorror.co.uk\\\/wp-content\\\/uploads\\\/2021\\\/04\\\/giggly_ghost_hanging_halloween_decor.jpg\",\"contentUrl\":\"https:\\\/\\\/madabouthorror.co.uk\\\/wp-content\\\/uploads\\\/2021\\\/04\\\/giggly_ghost_hanging_halloween_decor.jpg\",\"width\":670,\"height\":670,\"caption\":\"Hanging Giggly Ghost - Halloween decoration\"},{\"@type\":\"BreadcrumbList\",\"@id\":\"https:\\\/\\\/madabouthorror.co.uk\\\/product\\\/hanging-giggly-ghost\\\/#breadcrumb\",\"itemListElement\":[{\"@type\":\"ListItem\",\"position\":1,\"name\":\"Shop\",\"item\":\"https:\\\/\\\/madabouthorror.co.uk\\\/shop\\\/\"},{\"@type\":\"ListItem\",\"position\":2,\"name\":\"Hanging Giggly Ghost\"}]},{\"@type\":\"WebSite\",\"@id\":\"https:\\\/\\\/madabouthorror.co.uk\\\/#website\",\"url\":\"https:\\\/\\\/madabouthorror.co.uk\\\/\",\"name\":\"Mad About Horror\",\"description\":\"\",\"publisher\":{\"@id\":\"https:\\\/\\\/madabouthorror.co.uk\\\/#organization\"},\"alternateName\":\"Mad About Horror Limited\",\"potentialAction\":[{\"@type\":\"SearchAction\",\"target\":{\"@type\":\"EntryPoint\",\"urlTemplate\":\"https:\\\/\\\/madabouthorror.co.uk\\\/?s={search_term_string}\"},\"query-input\":{\"@type\":\"PropertyValueSpecification\",\"valueRequired\":true,\"valueName\":\"search_term_string\"}}],\"inLanguage\":\"de\"},{\"@type\":\"Organization\",\"@id\":\"https:\\\/\\\/madabouthorror.co.uk\\\/#organization\",\"name\":\"Mad About Horror\",\"url\":\"https:\\\/\\\/madabouthorror.co.uk\\\/\",\"logo\":{\"@type\":\"ImageObject\",\"inLanguage\":\"de\",\"@id\":\"https:\\\/\\\/madabouthorror.co.uk\\\/#\\\/schema\\\/logo\\\/image\\\/\",\"url\":\"https:\\\/\\\/madabouthorror.co.uk\\\/wp-content\\\/uploads\\\/2024\\\/02\\\/cropped-Logo.png\",\"contentUrl\":\"https:\\\/\\\/madabouthorror.co.uk\\\/wp-content\\\/uploads\\\/2024\\\/02\\\/cropped-Logo.png\",\"width\":240,\"height\":88,\"caption\":\"Mad About Horror\"},\"image\":{\"@id\":\"https:\\\/\\\/madabouthorror.co.uk\\\/#\\\/schema\\\/logo\\\/image\\\/\"},\"sameAs\":[\"https:\\\/\\\/www.facebook.com\\\/madabouthorror\\\/\",\"https:\\\/\\\/www.instagram.com\\\/madabouthorror\\\/\",\"https:\\\/\\\/www.pinterest.co.uk\\\/madabouthorror\\\/\",\"https:\\\/\\\/www.youtube.com\\\/channel\\\/UCBooLOIxjoQ89dj6T5lWm_w\",\"https:\\\/\\\/www.tiktok.com\\\/@weremadabouthorror\"]}]}<\/script>\n<!-- \/ Yoast SEO plugin. -->","yoast_head_json":{"title":"H\u00e4ngender Giggly Ghost - Halloween Dekoration - Mad About Horror","description":"Riesige Auswahl an Halloween Dekorationen, Masken und Requisiten - UK Stockist - Versand weltweit - Hanging Giggly Ghost","robots":{"index":"index","follow":"follow","max-snippet":"max-snippet:-1","max-image-preview":"max-image-preview:large","max-video-preview":"max-video-preview:-1"},"canonical":"https:\/\/madabouthorror.co.uk\/de\/product\/hanging-giggly-ghost\/","og_locale":"de_DE","og_type":"article","og_title":"Hanging Giggly Ghost - Halloween Decor - Mad About Horror","og_description":"Huge range of Halloween decorations, masks and props - UK Stockist - Ship worldwide - Hanging Giggly Ghost","og_url":"https:\/\/madabouthorror.co.uk\/de\/product\/hanging-giggly-ghost\/","og_site_name":"Mad About Horror","article_publisher":"https:\/\/www.facebook.com\/madabouthorror\/","article_modified_time":"2025-10-26T16:21:18+00:00","og_image":[{"width":670,"height":670,"url":"https:\/\/madabouthorror.co.uk\/wp-content\/uploads\/2021\/04\/giggly_ghost_hanging_halloween_decor.jpg","type":"image\/jpeg"}],"twitter_card":"summary_large_image","twitter_misc":{"Gesch\u00e4tzte Lesezeit":"1\u00a0Minute"},"schema":{"@context":"https:\/\/schema.org","@graph":[{"@type":["WebPage","ItemPage"],"@id":"https:\/\/madabouthorror.co.uk\/product\/hanging-giggly-ghost\/","url":"https:\/\/madabouthorror.co.uk\/product\/hanging-giggly-ghost\/","name":"H\u00e4ngender Giggly Ghost - Halloween Dekoration - Mad About Horror","isPartOf":{"@id":"https:\/\/madabouthorror.co.uk\/#website"},"primaryImageOfPage":{"@id":"https:\/\/madabouthorror.co.uk\/product\/hanging-giggly-ghost\/#primaryimage"},"image":{"@id":"https:\/\/madabouthorror.co.uk\/product\/hanging-giggly-ghost\/#primaryimage"},"thumbnailUrl":"https:\/\/madabouthorror.co.uk\/wp-content\/uploads\/2021\/04\/giggly_ghost_hanging_halloween_decor.jpg","datePublished":"2021-04-19T13:49:17+00:00","dateModified":"2025-10-26T16:21:18+00:00","description":"Riesige Auswahl an Halloween Dekorationen, Masken und Requisiten - UK Stockist - Versand weltweit - Hanging Giggly Ghost","breadcrumb":{"@id":"https:\/\/madabouthorror.co.uk\/product\/hanging-giggly-ghost\/#breadcrumb"},"inLanguage":"de","potentialAction":[{"@type":"ReadAction","target":["https:\/\/madabouthorror.co.uk\/product\/hanging-giggly-ghost\/"]}]},{"@type":"ImageObject","inLanguage":"de","@id":"https:\/\/madabouthorror.co.uk\/product\/hanging-giggly-ghost\/#primaryimage","url":"https:\/\/madabouthorror.co.uk\/wp-content\/uploads\/2021\/04\/giggly_ghost_hanging_halloween_decor.jpg","contentUrl":"https:\/\/madabouthorror.co.uk\/wp-content\/uploads\/2021\/04\/giggly_ghost_hanging_halloween_decor.jpg","width":670,"height":670,"caption":"Hanging Giggly Ghost - Halloween decoration"},{"@type":"BreadcrumbList","@id":"https:\/\/madabouthorror.co.uk\/product\/hanging-giggly-ghost\/#breadcrumb","itemListElement":[{"@type":"ListItem","position":1,"name":"Shop","item":"https:\/\/madabouthorror.co.uk\/shop\/"},{"@type":"ListItem","position":2,"name":"Hanging Giggly Ghost"}]},{"@type":"WebSite","@id":"https:\/\/madabouthorror.co.uk\/#website","url":"https:\/\/madabouthorror.co.uk\/","name":"Verr\u00fcckt nach Horror","description":"","publisher":{"@id":"https:\/\/madabouthorror.co.uk\/#organization"},"alternateName":"Mad About Horror Limited","potentialAction":[{"@type":"SearchAction","target":{"@type":"EntryPoint","urlTemplate":"https:\/\/madabouthorror.co.uk\/?s={search_term_string}"},"query-input":{"@type":"PropertyValueSpecification","valueRequired":true,"valueName":"search_term_string"}}],"inLanguage":"de"},{"@type":"Organization","@id":"https:\/\/madabouthorror.co.uk\/#organization","name":"Verr\u00fcckt nach Horror","url":"https:\/\/madabouthorror.co.uk\/","logo":{"@type":"ImageObject","inLanguage":"de","@id":"https:\/\/madabouthorror.co.uk\/#\/schema\/logo\/image\/","url":"https:\/\/madabouthorror.co.uk\/wp-content\/uploads\/2024\/02\/cropped-Logo.png","contentUrl":"https:\/\/madabouthorror.co.uk\/wp-content\/uploads\/2024\/02\/cropped-Logo.png","width":240,"height":88,"caption":"Mad About Horror"},"image":{"@id":"https:\/\/madabouthorror.co.uk\/#\/schema\/logo\/image\/"},"sameAs":["https:\/\/www.facebook.com\/madabouthorror\/","https:\/\/www.instagram.com\/madabouthorror\/","https:\/\/www.pinterest.co.uk\/madabouthorror\/","https:\/\/www.youtube.com\/channel\/UCBooLOIxjoQ89dj6T5lWm_w","https:\/\/www.tiktok.com\/@weremadabouthorror"]}]}},"df_price":14.95,"df_sale_price":"","df_regular_price":14.95,"df_image_link":"https:\/\/madabouthorror.co.uk\/wp-content\/uploads\/2021\/04\/giggly_ghost_hanging_halloween_decor-300x300.jpg","_links":{"self":[{"href":"https:\/\/madabouthorror.co.uk\/de\/wp-json\/wp\/v2\/product\/47850","targetHints":{"allow":["GET"]}}],"collection":[{"href":"https:\/\/madabouthorror.co.uk\/de\/wp-json\/wp\/v2\/product"}],"about":[{"href":"https:\/\/madabouthorror.co.uk\/de\/wp-json\/wp\/v2\/types\/product"}],"replies":[{"embeddable":true,"href":"https:\/\/madabouthorror.co.uk\/de\/wp-json\/wp\/v2\/comments?post=47850"}],"wp:featuredmedia":[{"embeddable":true,"href":"https:\/\/madabouthorror.co.uk\/de\/wp-json\/wp\/v2\/media\/47849"}],"wp:attachment":[{"href":"https:\/\/madabouthorror.co.uk\/de\/wp-json\/wp\/v2\/media?parent=47850"}],"wp:term":[{"taxonomy":"product_brand","embeddable":true,"href":"https:\/\/madabouthorror.co.uk\/de\/wp-json\/wp\/v2\/product_brand?post=47850"},{"taxonomy":"product_cat","embeddable":true,"href":"https:\/\/madabouthorror.co.uk\/de\/wp-json\/wp\/v2\/product_cat?post=47850"},{"taxonomy":"product_tag","embeddable":true,"href":"https:\/\/madabouthorror.co.uk\/de\/wp-json\/wp\/v2\/product_tag?post=47850"}],"curies":[{"name":"wp","href":"https:\/\/api.w.org\/{rel}","templated":true}]}}