{"id":479074,"date":"2024-03-19T11:02:57","date_gmt":"2024-03-19T11:02:57","guid":{"rendered":"https:\/\/madabouthorror.co.uk\/?post_type=product&#038;p=479074"},"modified":"2026-03-14T16:23:12","modified_gmt":"2026-03-14T16:23:12","slug":"27-6-animated-creepy-girl","status":"publish","type":"product","link":"https:\/\/madabouthorror.co.uk\/de\/product\/27-6-animated-creepy-girl\/","title":{"rendered":"Animierte Creepy Girl Puppe"},"content":{"rendered":"<p style=\"font-weight: 400;\">Verbessern Sie Ihre Halloween-Dekoration mit diesem animierten Creepy Halloween Girl! Dieses unheimliche Requisit neigt sich mit leuchtenden Augen zur Seite und verleiht Ihrer Einrichtung eine gespenstische Pr\u00e4senz. Dieses animierte, gruselige Halloween-M\u00e4dchen eignet sich perfekt f\u00fcr eine gruselige Szene und wird Ihnen sicher einen Schauer \u00fcber den R\u00fccken jagen!<\/p>\n<div>\n<div><b>F\u00fcr die \u00fcberdachte Veranda oder f\u00fcr den Innenbereich.<\/b> <i>Bei Verwendung im Freien vor Witterungseinfl\u00fcssen sch\u00fctzen und nicht \u00fcber einen l\u00e4ngeren Zeitraum im Freien stehen lassen.<\/i><\/div>\n<div><\/div>\n<div><b>Bitte beachten:<\/b><i> Diese Requisiten sind nicht f\u00fcr den intensiven kommerziellen Gebrauch geeignet, d. h. sie sollten nicht \u00fcber l\u00e4ngere Zeitr\u00e4ume, z. B. tagelang, betrieben werden. Sie sind f\u00fcr die Verwendung an Halloween gedacht. Wenn Sie Fragen dazu haben, fragen Sie bitte.<\/i><\/div>\n<\/div>\n<div><\/div>\n<div>Mehr wollen <a href=\"https:\/\/madabouthorror.co.uk\/de\/c\/collectibles\/scary-horror-dolls\/\">Gruselige Horror-Puppen<\/a>? Klicken Sie hier.<\/div>","protected":false},"excerpt":{"rendered":"<p>Verbessern Sie Ihre Halloween-Dekoration mit diesem animierten Creepy Halloween Girl! Dieses unheimliche Requisit neigt sich mit leuchtenden Augen zur Seite und verleiht Ihrer Einrichtung eine gespenstische Pr\u00e4senz. Dieses animierte, gruselige Halloween-M\u00e4dchen eignet sich perfekt f\u00fcr eine gruselige Szene und wird Ihnen einen Schauer \u00fcber den R\u00fccken jagen! F\u00fcr die \u00fcberdachte Veranda oder den Innenbereich. Sch\u00fctzen Sie sich vor der [...]<\/p>","protected":false},"featured_media":496932,"comment_status":"closed","ping_status":"closed","template":"","meta":{"_acf_changed":false},"product_brand":[],"product_cat":[10032,10068,10131,10108,10093,10094,6547,6549,6963,7049,7050],"product_tag":[],"class_list":{"0":"post-479074","1":"product","2":"type-product","3":"status-publish","4":"has-post-thumbnail","6":"product_cat-animatronics-value-range","7":"product_cat-halloween-decorations-2025","8":"product_cat-halloween-gifts","9":"product_cat-light-up-halloween-decorations","10":"product_cat-indoor-halloween-decorations","11":"product_cat-outdoor-halloween-decorations","12":"product_cat-decorations","13":"product_cat-haunted-house","14":"product_cat-animatronics","15":"product_cat-dolls","16":"product_cat-haunted-house-animatronics","18":"first","19":"outofstock","20":"taxable","21":"shipping-taxable","22":"purchasable","23":"product-type-simple"},"supplier_id":467903,"supplier_sku":"65213","barcode":"762543652138","atum_controlled":true,"out_stock_date":"2026-03-14 16:23:12","out_stock_threshold":null,"inheritable":false,"inbound_stock":0,"stock_on_hold":0,"sold_today":0,"sales_last_days":0,"reserved_stock":0,"customer_returns":0,"warehouse_damage":0,"lost_in_post":0,"other_logs":0,"out_stock_days":53,"lost_sales":453,"has_location":false,"update_date":"2026-05-07T01:21:51","atum_locations":[],"atum_stock_status":"outofstock","restock_status":false,"low_stock_amount":"","sales_update_date":"2026-05-07T01:21:50","calc_backorders":null,"acf":[],"yoast_head":"<!-- This site is optimized with the Yoast SEO plugin v27.5 - https:\/\/yoast.com\/product\/yoast-seo-wordpress\/ -->\n<title>Animated Creepy Girl Doll | Mad About Horror<\/title>\n<meta name=\"description\" content=\"Creepy halloween girl animated prop. Shop horror collectibles and Halloween props. Available in the UK from Mad About Horror\" \/>\n<meta name=\"robots\" content=\"index, follow, max-snippet:-1, max-image-preview:large, max-video-preview:-1\" \/>\n<link rel=\"canonical\" href=\"https:\/\/madabouthorror.co.uk\/de\/product\/27-6-animated-creepy-girl\/\" \/>\n<meta property=\"og:locale\" content=\"de_DE\" \/>\n<meta property=\"og:type\" content=\"article\" \/>\n<meta property=\"og:title\" content=\"Animated Creepy Girl Doll | Mad About Horror\" \/>\n<meta property=\"og:description\" content=\"Creepy halloween girl animated prop. Shop horror collectibles and Halloween props. Available in the UK from Mad About Horror\" \/>\n<meta property=\"og:url\" content=\"https:\/\/madabouthorror.co.uk\/de\/product\/27-6-animated-creepy-girl\/\" \/>\n<meta property=\"og:site_name\" content=\"Mad About Horror\" \/>\n<meta property=\"article:publisher\" content=\"https:\/\/www.facebook.com\/madabouthorror\/\" \/>\n<meta property=\"article:modified_time\" content=\"2026-03-14T16:23:12+00:00\" \/>\n<meta property=\"og:image\" content=\"https:\/\/madabouthorror.co.uk\/wp-content\/uploads\/2024\/03\/animated-creepy-girl-halloween-prop.jpg\" \/>\n\t<meta property=\"og:image:width\" content=\"1500\" \/>\n\t<meta property=\"og:image:height\" content=\"1500\" \/>\n\t<meta property=\"og:image:type\" content=\"image\/jpeg\" \/>\n<meta name=\"twitter:card\" content=\"summary_large_image\" \/>\n<meta name=\"twitter:label1\" content=\"Gesch\u00e4tzte Lesezeit\" \/>\n\t<meta name=\"twitter:data1\" content=\"1\u00a0Minute\" \/>\n<script type=\"application\/ld+json\" class=\"yoast-schema-graph\">{\"@context\":\"https:\\\/\\\/schema.org\",\"@graph\":[{\"@type\":[\"WebPage\",\"ItemPage\"],\"@id\":\"https:\\\/\\\/madabouthorror.co.uk\\\/product\\\/27-6-animated-creepy-girl\\\/\",\"url\":\"https:\\\/\\\/madabouthorror.co.uk\\\/product\\\/27-6-animated-creepy-girl\\\/\",\"name\":\"Animated Creepy Girl Doll | Mad About Horror\",\"isPartOf\":{\"@id\":\"https:\\\/\\\/madabouthorror.co.uk\\\/#website\"},\"primaryImageOfPage\":{\"@id\":\"https:\\\/\\\/madabouthorror.co.uk\\\/product\\\/27-6-animated-creepy-girl\\\/#primaryimage\"},\"image\":{\"@id\":\"https:\\\/\\\/madabouthorror.co.uk\\\/product\\\/27-6-animated-creepy-girl\\\/#primaryimage\"},\"thumbnailUrl\":\"https:\\\/\\\/madabouthorror.co.uk\\\/wp-content\\\/uploads\\\/2024\\\/03\\\/animated-creepy-girl-halloween-prop.jpg\",\"datePublished\":\"2024-03-19T11:02:57+00:00\",\"dateModified\":\"2026-03-14T16:23:12+00:00\",\"description\":\"Creepy halloween girl animated prop. Shop horror collectibles and Halloween props. Available in the UK from Mad About Horror\",\"breadcrumb\":{\"@id\":\"https:\\\/\\\/madabouthorror.co.uk\\\/product\\\/27-6-animated-creepy-girl\\\/#breadcrumb\"},\"inLanguage\":\"de\",\"potentialAction\":[{\"@type\":\"ReadAction\",\"target\":[\"https:\\\/\\\/madabouthorror.co.uk\\\/product\\\/27-6-animated-creepy-girl\\\/\"]}]},{\"@type\":\"ImageObject\",\"inLanguage\":\"de\",\"@id\":\"https:\\\/\\\/madabouthorror.co.uk\\\/product\\\/27-6-animated-creepy-girl\\\/#primaryimage\",\"url\":\"https:\\\/\\\/madabouthorror.co.uk\\\/wp-content\\\/uploads\\\/2024\\\/03\\\/animated-creepy-girl-halloween-prop.jpg\",\"contentUrl\":\"https:\\\/\\\/madabouthorror.co.uk\\\/wp-content\\\/uploads\\\/2024\\\/03\\\/animated-creepy-girl-halloween-prop.jpg\",\"width\":1500,\"height\":1500},{\"@type\":\"BreadcrumbList\",\"@id\":\"https:\\\/\\\/madabouthorror.co.uk\\\/product\\\/27-6-animated-creepy-girl\\\/#breadcrumb\",\"itemListElement\":[{\"@type\":\"ListItem\",\"position\":1,\"name\":\"Shop\",\"item\":\"https:\\\/\\\/madabouthorror.co.uk\\\/shop\\\/\"},{\"@type\":\"ListItem\",\"position\":2,\"name\":\"Animated Creepy Girl Doll\"}]},{\"@type\":\"WebSite\",\"@id\":\"https:\\\/\\\/madabouthorror.co.uk\\\/#website\",\"url\":\"https:\\\/\\\/madabouthorror.co.uk\\\/\",\"name\":\"Mad About Horror\",\"description\":\"\",\"publisher\":{\"@id\":\"https:\\\/\\\/madabouthorror.co.uk\\\/#organization\"},\"alternateName\":\"Mad About Horror Limited\",\"potentialAction\":[{\"@type\":\"SearchAction\",\"target\":{\"@type\":\"EntryPoint\",\"urlTemplate\":\"https:\\\/\\\/madabouthorror.co.uk\\\/?s={search_term_string}\"},\"query-input\":{\"@type\":\"PropertyValueSpecification\",\"valueRequired\":true,\"valueName\":\"search_term_string\"}}],\"inLanguage\":\"de\"},{\"@type\":\"Organization\",\"@id\":\"https:\\\/\\\/madabouthorror.co.uk\\\/#organization\",\"name\":\"Mad About Horror\",\"url\":\"https:\\\/\\\/madabouthorror.co.uk\\\/\",\"logo\":{\"@type\":\"ImageObject\",\"inLanguage\":\"de\",\"@id\":\"https:\\\/\\\/madabouthorror.co.uk\\\/#\\\/schema\\\/logo\\\/image\\\/\",\"url\":\"https:\\\/\\\/madabouthorror.co.uk\\\/wp-content\\\/uploads\\\/2024\\\/02\\\/cropped-Logo.png\",\"contentUrl\":\"https:\\\/\\\/madabouthorror.co.uk\\\/wp-content\\\/uploads\\\/2024\\\/02\\\/cropped-Logo.png\",\"width\":240,\"height\":88,\"caption\":\"Mad About Horror\"},\"image\":{\"@id\":\"https:\\\/\\\/madabouthorror.co.uk\\\/#\\\/schema\\\/logo\\\/image\\\/\"},\"sameAs\":[\"https:\\\/\\\/www.facebook.com\\\/madabouthorror\\\/\",\"https:\\\/\\\/www.instagram.com\\\/madabouthorror\\\/\",\"https:\\\/\\\/www.pinterest.co.uk\\\/madabouthorror\\\/\",\"https:\\\/\\\/www.youtube.com\\\/channel\\\/UCBooLOIxjoQ89dj6T5lWm_w\",\"https:\\\/\\\/www.tiktok.com\\\/@weremadabouthorror\"]}]}<\/script>\n<!-- \/ Yoast SEO plugin. -->","yoast_head_json":{"title":"Animierte gruselige M\u00e4dchenpuppe | Mad About Horror","description":"Gruseliges Halloween-M\u00e4dchen animierte Requisite. Shop Horror Sammlerst\u00fccke und Halloween Requisiten. Erh\u00e4ltlich in Gro\u00dfbritannien bei Mad About Horror","robots":{"index":"index","follow":"follow","max-snippet":"max-snippet:-1","max-image-preview":"max-image-preview:large","max-video-preview":"max-video-preview:-1"},"canonical":"https:\/\/madabouthorror.co.uk\/de\/product\/27-6-animated-creepy-girl\/","og_locale":"de_DE","og_type":"article","og_title":"Animated Creepy Girl Doll | Mad About Horror","og_description":"Creepy halloween girl animated prop. Shop horror collectibles and Halloween props. Available in the UK from Mad About Horror","og_url":"https:\/\/madabouthorror.co.uk\/de\/product\/27-6-animated-creepy-girl\/","og_site_name":"Mad About Horror","article_publisher":"https:\/\/www.facebook.com\/madabouthorror\/","article_modified_time":"2026-03-14T16:23:12+00:00","og_image":[{"width":1500,"height":1500,"url":"https:\/\/madabouthorror.co.uk\/wp-content\/uploads\/2024\/03\/animated-creepy-girl-halloween-prop.jpg","type":"image\/jpeg"}],"twitter_card":"summary_large_image","twitter_misc":{"Gesch\u00e4tzte Lesezeit":"1\u00a0Minute"},"schema":{"@context":"https:\/\/schema.org","@graph":[{"@type":["WebPage","ItemPage"],"@id":"https:\/\/madabouthorror.co.uk\/product\/27-6-animated-creepy-girl\/","url":"https:\/\/madabouthorror.co.uk\/product\/27-6-animated-creepy-girl\/","name":"Animierte gruselige M\u00e4dchenpuppe | Mad About Horror","isPartOf":{"@id":"https:\/\/madabouthorror.co.uk\/#website"},"primaryImageOfPage":{"@id":"https:\/\/madabouthorror.co.uk\/product\/27-6-animated-creepy-girl\/#primaryimage"},"image":{"@id":"https:\/\/madabouthorror.co.uk\/product\/27-6-animated-creepy-girl\/#primaryimage"},"thumbnailUrl":"https:\/\/madabouthorror.co.uk\/wp-content\/uploads\/2024\/03\/animated-creepy-girl-halloween-prop.jpg","datePublished":"2024-03-19T11:02:57+00:00","dateModified":"2026-03-14T16:23:12+00:00","description":"Gruseliges Halloween-M\u00e4dchen animierte Requisite. Shop Horror Sammlerst\u00fccke und Halloween Requisiten. Erh\u00e4ltlich in Gro\u00dfbritannien bei Mad About Horror","breadcrumb":{"@id":"https:\/\/madabouthorror.co.uk\/product\/27-6-animated-creepy-girl\/#breadcrumb"},"inLanguage":"de","potentialAction":[{"@type":"ReadAction","target":["https:\/\/madabouthorror.co.uk\/product\/27-6-animated-creepy-girl\/"]}]},{"@type":"ImageObject","inLanguage":"de","@id":"https:\/\/madabouthorror.co.uk\/product\/27-6-animated-creepy-girl\/#primaryimage","url":"https:\/\/madabouthorror.co.uk\/wp-content\/uploads\/2024\/03\/animated-creepy-girl-halloween-prop.jpg","contentUrl":"https:\/\/madabouthorror.co.uk\/wp-content\/uploads\/2024\/03\/animated-creepy-girl-halloween-prop.jpg","width":1500,"height":1500},{"@type":"BreadcrumbList","@id":"https:\/\/madabouthorror.co.uk\/product\/27-6-animated-creepy-girl\/#breadcrumb","itemListElement":[{"@type":"ListItem","position":1,"name":"Shop","item":"https:\/\/madabouthorror.co.uk\/shop\/"},{"@type":"ListItem","position":2,"name":"Animated Creepy Girl Doll"}]},{"@type":"WebSite","@id":"https:\/\/madabouthorror.co.uk\/#website","url":"https:\/\/madabouthorror.co.uk\/","name":"Verr\u00fcckt nach Horror","description":"","publisher":{"@id":"https:\/\/madabouthorror.co.uk\/#organization"},"alternateName":"Mad About Horror Limited","potentialAction":[{"@type":"SearchAction","target":{"@type":"EntryPoint","urlTemplate":"https:\/\/madabouthorror.co.uk\/?s={search_term_string}"},"query-input":{"@type":"PropertyValueSpecification","valueRequired":true,"valueName":"search_term_string"}}],"inLanguage":"de"},{"@type":"Organization","@id":"https:\/\/madabouthorror.co.uk\/#organization","name":"Verr\u00fcckt nach Horror","url":"https:\/\/madabouthorror.co.uk\/","logo":{"@type":"ImageObject","inLanguage":"de","@id":"https:\/\/madabouthorror.co.uk\/#\/schema\/logo\/image\/","url":"https:\/\/madabouthorror.co.uk\/wp-content\/uploads\/2024\/02\/cropped-Logo.png","contentUrl":"https:\/\/madabouthorror.co.uk\/wp-content\/uploads\/2024\/02\/cropped-Logo.png","width":240,"height":88,"caption":"Mad About Horror"},"image":{"@id":"https:\/\/madabouthorror.co.uk\/#\/schema\/logo\/image\/"},"sameAs":["https:\/\/www.facebook.com\/madabouthorror\/","https:\/\/www.instagram.com\/madabouthorror\/","https:\/\/www.pinterest.co.uk\/madabouthorror\/","https:\/\/www.youtube.com\/channel\/UCBooLOIxjoQ89dj6T5lWm_w","https:\/\/www.tiktok.com\/@weremadabouthorror"]}]}},"df_price":59.95,"df_sale_price":"","df_regular_price":59.95,"df_image_link":"https:\/\/madabouthorror.co.uk\/wp-content\/uploads\/2024\/03\/animated-creepy-girl-halloween-prop-300x300.jpg","_links":{"self":[{"href":"https:\/\/madabouthorror.co.uk\/de\/wp-json\/wp\/v2\/product\/479074","targetHints":{"allow":["GET"]}}],"collection":[{"href":"https:\/\/madabouthorror.co.uk\/de\/wp-json\/wp\/v2\/product"}],"about":[{"href":"https:\/\/madabouthorror.co.uk\/de\/wp-json\/wp\/v2\/types\/product"}],"replies":[{"embeddable":true,"href":"https:\/\/madabouthorror.co.uk\/de\/wp-json\/wp\/v2\/comments?post=479074"}],"wp:featuredmedia":[{"embeddable":true,"href":"https:\/\/madabouthorror.co.uk\/de\/wp-json\/wp\/v2\/media\/496932"}],"wp:attachment":[{"href":"https:\/\/madabouthorror.co.uk\/de\/wp-json\/wp\/v2\/media?parent=479074"}],"wp:term":[{"taxonomy":"product_brand","embeddable":true,"href":"https:\/\/madabouthorror.co.uk\/de\/wp-json\/wp\/v2\/product_brand?post=479074"},{"taxonomy":"product_cat","embeddable":true,"href":"https:\/\/madabouthorror.co.uk\/de\/wp-json\/wp\/v2\/product_cat?post=479074"},{"taxonomy":"product_tag","embeddable":true,"href":"https:\/\/madabouthorror.co.uk\/de\/wp-json\/wp\/v2\/product_tag?post=479074"}],"curies":[{"name":"wp","href":"https:\/\/api.w.org\/{rel}","templated":true}]}}