{"id":479091,"date":"2024-03-19T11:36:28","date_gmt":"2024-03-19T11:36:28","guid":{"rendered":"https:\/\/madabouthorror.co.uk\/?post_type=product&#038;p=479091"},"modified":"2025-11-20T12:57:30","modified_gmt":"2025-11-20T12:57:30","slug":"11-tabletop-animated-baby-girl","status":"publish","type":"product","link":"https:\/\/madabouthorror.co.uk\/de\/product\/11-tabletop-animated-baby-girl\/","title":{"rendered":"Animiertes Skelett Baby Girl"},"content":{"rendered":"<p>Erwecken Sie Ihre Halloween-Ausstellung zum Leben mit diesem 11 Zoll gro\u00dfen animierten Skelett-Baby! Dieses Halloween-Tischobjekt verf\u00fcgt \u00fcber leuchtende Augen und unheimliche Sch\u00fcttelbewegungen, die Ihnen einen Schauer \u00fcber den R\u00fccken jagen werden. Dieses Skelett-Baby ist das ultimative animierte Halloween-Requisit f\u00fcr eine wahrhaft gespenstische Atmosph\u00e4re und eignet sich perfekt, um einen Hauch von gruseligem Spa\u00df in jede Umgebung zu bringen. Beobachten Sie, wie es sich auf und ab bewegt und dabei einen G\u00e4nsehaut-Effekt erzeugt, der die Aufmerksamkeit aller auf sich ziehen wird.<\/p>\n<ul>\n<li>Animierte<\/li>\n<li>Leuchtende Augen<\/li>\n<li>11\u2033 hoch<\/li>\n<li>Batteriebetrieben<\/li>\n<\/ul>\n<div>\n<div><b>F\u00fcr die \u00fcberdachte Veranda oder f\u00fcr den Innenbereich.<\/b> <i>Bei Verwendung im Freien vor Witterungseinfl\u00fcssen sch\u00fctzen und nicht \u00fcber einen l\u00e4ngeren Zeitraum im Freien stehen lassen.<\/i><\/div>\n<div><\/div>\n<div><b>Bitte beachten:<\/b><i> Diese Requisiten sind nicht f\u00fcr den intensiven kommerziellen Gebrauch geeignet, d. h. sie sollten nicht \u00fcber l\u00e4ngere Zeitr\u00e4ume, z. B. tagelang, betrieben werden. Sie sind f\u00fcr die Verwendung an Halloween gedacht. Wenn Sie Fragen dazu haben, fragen Sie bitte.<\/i><\/div>\n<\/div>","protected":false},"excerpt":{"rendered":"<p>Erwecken Sie Ihre Halloween-Ausstellung zum Leben mit diesem 11 Zoll gro\u00dfen animierten Skelett-Baby! Dieses Halloween-Tischobjekt verf\u00fcgt \u00fcber leuchtende Augen und unheimliche Sch\u00fcttelbewegungen, die Ihnen einen Schauer \u00fcber den R\u00fccken jagen werden. Dieses Skelettbaby ist das ultimative animierte Halloween-Requisit f\u00fcr eine wahrhaft gespenstische Atmosph\u00e4re und eignet sich perfekt, um jeder Umgebung einen Hauch von gruseligem Spa\u00df zu verleihen. [...]<\/p>","protected":false},"featured_media":493407,"comment_status":"closed","ping_status":"closed","template":"","meta":{"_acf_changed":false},"product_brand":[],"product_cat":[10032,10068,10117,10131,10108,10093,10094,6550,6547,6549,6548,6963,7047,7049,7050,7051],"product_tag":[],"class_list":{"0":"post-479091","1":"product","2":"type-product","3":"status-publish","4":"has-post-thumbnail","6":"product_cat-animatronics-value-range","7":"product_cat-halloween-decorations-2025","8":"product_cat-halloween-essentials","9":"product_cat-halloween-gifts","10":"product_cat-light-up-halloween-decorations","11":"product_cat-indoor-halloween-decorations","12":"product_cat-outdoor-halloween-decorations","13":"product_cat-graveyard-decorations","14":"product_cat-decorations","15":"product_cat-haunted-house","16":"product_cat-skeleton-decorations","17":"product_cat-animatronics","18":"product_cat-skeletons-reapers","19":"product_cat-dolls","20":"product_cat-haunted-house-animatronics","21":"product_cat-graveyard-animatronics","22":"product_shipping_class-small-parcel-economy-3-5-business-days","24":"first","25":"outofstock","26":"taxable","27":"shipping-taxable","28":"purchasable","29":"product-type-simple"},"supplier_id":467903,"supplier_sku":"63943","barcode":"762543639436","atum_controlled":true,"out_stock_date":"2025-10-21 17:03:19","out_stock_threshold":null,"inheritable":false,"inbound_stock":0,"stock_on_hold":0,"sold_today":0,"sales_last_days":0,"reserved_stock":0,"customer_returns":0,"warehouse_damage":0,"lost_in_post":0,"other_logs":0,"out_stock_days":177,"lost_sales":2271,"has_location":false,"update_date":"2026-04-17T00:23:35","atum_locations":[],"atum_stock_status":"outofstock","restock_status":false,"low_stock_amount":"","sales_update_date":"2026-04-17T00:23:34","calc_backorders":null,"acf":[],"yoast_head":"<!-- This site is optimized with the Yoast SEO plugin v27.4 - https:\/\/yoast.com\/product\/yoast-seo-wordpress\/ -->\n<title>Animated Skeleton Baby Girl | Mad About Horror<\/title>\n<meta name=\"robots\" content=\"index, follow, max-snippet:-1, max-image-preview:large, max-video-preview:-1\" \/>\n<link rel=\"canonical\" href=\"https:\/\/madabouthorror.co.uk\/de\/product\/11-tabletop-animated-baby-girl\/\" \/>\n<meta property=\"og:locale\" content=\"de_DE\" \/>\n<meta property=\"og:type\" content=\"article\" \/>\n<meta property=\"og:title\" content=\"Animated Skeleton Baby Girl | Mad About Horror\" \/>\n<meta property=\"og:description\" content=\"Bring your Halloween display to life with this 11-inch Animated Skeleton Baby! This tabletop Halloween prop features light-up eyes and eerie shaking motions that will send chills down your spine. Perfect for adding a touch of spooky fun to any setting, this skeleton baby is the ultimate animated Halloween prop for a truly haunting atmosphere. [&hellip;]\" \/>\n<meta property=\"og:url\" content=\"https:\/\/madabouthorror.co.uk\/de\/product\/11-tabletop-animated-baby-girl\/\" \/>\n<meta property=\"og:site_name\" content=\"Mad About Horror\" \/>\n<meta property=\"article:publisher\" content=\"https:\/\/www.facebook.com\/madabouthorror\/\" \/>\n<meta property=\"article:modified_time\" content=\"2025-11-20T12:57:30+00:00\" \/>\n<meta property=\"og:image\" content=\"https:\/\/madabouthorror.co.uk\/wp-content\/uploads\/2024\/03\/sunstar-industries-halloween-tabletop-animated-baby-girl-11-inches-1-count-33366525968570.jpg\" \/>\n\t<meta property=\"og:image:width\" content=\"1920\" \/>\n\t<meta property=\"og:image:height\" content=\"1920\" \/>\n\t<meta property=\"og:image:type\" content=\"image\/jpeg\" \/>\n<meta name=\"twitter:card\" content=\"summary_large_image\" \/>\n<meta name=\"twitter:label1\" content=\"Gesch\u00e4tzte Lesezeit\" \/>\n\t<meta name=\"twitter:data1\" content=\"1\u00a0Minute\" \/>\n<script type=\"application\/ld+json\" class=\"yoast-schema-graph\">{\"@context\":\"https:\\\/\\\/schema.org\",\"@graph\":[{\"@type\":[\"WebPage\",\"ItemPage\"],\"@id\":\"https:\\\/\\\/madabouthorror.co.uk\\\/product\\\/11-tabletop-animated-baby-girl\\\/\",\"url\":\"https:\\\/\\\/madabouthorror.co.uk\\\/product\\\/11-tabletop-animated-baby-girl\\\/\",\"name\":\"Animated Skeleton Baby Girl | Mad About Horror\",\"isPartOf\":{\"@id\":\"https:\\\/\\\/madabouthorror.co.uk\\\/#website\"},\"primaryImageOfPage\":{\"@id\":\"https:\\\/\\\/madabouthorror.co.uk\\\/product\\\/11-tabletop-animated-baby-girl\\\/#primaryimage\"},\"image\":{\"@id\":\"https:\\\/\\\/madabouthorror.co.uk\\\/product\\\/11-tabletop-animated-baby-girl\\\/#primaryimage\"},\"thumbnailUrl\":\"https:\\\/\\\/madabouthorror.co.uk\\\/wp-content\\\/uploads\\\/2024\\\/03\\\/sunstar-industries-halloween-tabletop-animated-baby-girl-11-inches-1-count-33366525968570.jpg\",\"datePublished\":\"2024-03-19T11:36:28+00:00\",\"dateModified\":\"2025-11-20T12:57:30+00:00\",\"breadcrumb\":{\"@id\":\"https:\\\/\\\/madabouthorror.co.uk\\\/product\\\/11-tabletop-animated-baby-girl\\\/#breadcrumb\"},\"inLanguage\":\"de\",\"potentialAction\":[{\"@type\":\"ReadAction\",\"target\":[\"https:\\\/\\\/madabouthorror.co.uk\\\/product\\\/11-tabletop-animated-baby-girl\\\/\"]}]},{\"@type\":\"ImageObject\",\"inLanguage\":\"de\",\"@id\":\"https:\\\/\\\/madabouthorror.co.uk\\\/product\\\/11-tabletop-animated-baby-girl\\\/#primaryimage\",\"url\":\"https:\\\/\\\/madabouthorror.co.uk\\\/wp-content\\\/uploads\\\/2024\\\/03\\\/sunstar-industries-halloween-tabletop-animated-baby-girl-11-inches-1-count-33366525968570.jpg\",\"contentUrl\":\"https:\\\/\\\/madabouthorror.co.uk\\\/wp-content\\\/uploads\\\/2024\\\/03\\\/sunstar-industries-halloween-tabletop-animated-baby-girl-11-inches-1-count-33366525968570.jpg\",\"width\":1920,\"height\":1920,\"caption\":\"Tabletop Animated Baby girl prop\"},{\"@type\":\"BreadcrumbList\",\"@id\":\"https:\\\/\\\/madabouthorror.co.uk\\\/product\\\/11-tabletop-animated-baby-girl\\\/#breadcrumb\",\"itemListElement\":[{\"@type\":\"ListItem\",\"position\":1,\"name\":\"Shop\",\"item\":\"https:\\\/\\\/madabouthorror.co.uk\\\/shop\\\/\"},{\"@type\":\"ListItem\",\"position\":2,\"name\":\"Animated Skeleton Baby Girl\"}]},{\"@type\":\"WebSite\",\"@id\":\"https:\\\/\\\/madabouthorror.co.uk\\\/#website\",\"url\":\"https:\\\/\\\/madabouthorror.co.uk\\\/\",\"name\":\"Mad About Horror\",\"description\":\"\",\"publisher\":{\"@id\":\"https:\\\/\\\/madabouthorror.co.uk\\\/#organization\"},\"alternateName\":\"Mad About Horror Limited\",\"potentialAction\":[{\"@type\":\"SearchAction\",\"target\":{\"@type\":\"EntryPoint\",\"urlTemplate\":\"https:\\\/\\\/madabouthorror.co.uk\\\/?s={search_term_string}\"},\"query-input\":{\"@type\":\"PropertyValueSpecification\",\"valueRequired\":true,\"valueName\":\"search_term_string\"}}],\"inLanguage\":\"de\"},{\"@type\":\"Organization\",\"@id\":\"https:\\\/\\\/madabouthorror.co.uk\\\/#organization\",\"name\":\"Mad About Horror\",\"url\":\"https:\\\/\\\/madabouthorror.co.uk\\\/\",\"logo\":{\"@type\":\"ImageObject\",\"inLanguage\":\"de\",\"@id\":\"https:\\\/\\\/madabouthorror.co.uk\\\/#\\\/schema\\\/logo\\\/image\\\/\",\"url\":\"https:\\\/\\\/madabouthorror.co.uk\\\/wp-content\\\/uploads\\\/2024\\\/02\\\/cropped-Logo.png\",\"contentUrl\":\"https:\\\/\\\/madabouthorror.co.uk\\\/wp-content\\\/uploads\\\/2024\\\/02\\\/cropped-Logo.png\",\"width\":240,\"height\":88,\"caption\":\"Mad About Horror\"},\"image\":{\"@id\":\"https:\\\/\\\/madabouthorror.co.uk\\\/#\\\/schema\\\/logo\\\/image\\\/\"},\"sameAs\":[\"https:\\\/\\\/www.facebook.com\\\/madabouthorror\\\/\",\"https:\\\/\\\/www.instagram.com\\\/madabouthorror\\\/\",\"https:\\\/\\\/www.pinterest.co.uk\\\/madabouthorror\\\/\",\"https:\\\/\\\/www.youtube.com\\\/channel\\\/UCBooLOIxjoQ89dj6T5lWm_w\",\"https:\\\/\\\/www.tiktok.com\\\/@weremadabouthorror\"]}]}<\/script>\n<!-- \/ Yoast SEO plugin. -->","yoast_head_json":{"title":"Animiertes Skelett-Baby-M\u00e4dchen | Mad About Horror","robots":{"index":"index","follow":"follow","max-snippet":"max-snippet:-1","max-image-preview":"max-image-preview:large","max-video-preview":"max-video-preview:-1"},"canonical":"https:\/\/madabouthorror.co.uk\/de\/product\/11-tabletop-animated-baby-girl\/","og_locale":"de_DE","og_type":"article","og_title":"Animated Skeleton Baby Girl | Mad About Horror","og_description":"Bring your Halloween display to life with this 11-inch Animated Skeleton Baby! This tabletop Halloween prop features light-up eyes and eerie shaking motions that will send chills down your spine. Perfect for adding a touch of spooky fun to any setting, this skeleton baby is the ultimate animated Halloween prop for a truly haunting atmosphere. [&hellip;]","og_url":"https:\/\/madabouthorror.co.uk\/de\/product\/11-tabletop-animated-baby-girl\/","og_site_name":"Mad About Horror","article_publisher":"https:\/\/www.facebook.com\/madabouthorror\/","article_modified_time":"2025-11-20T12:57:30+00:00","og_image":[{"width":1920,"height":1920,"url":"https:\/\/madabouthorror.co.uk\/wp-content\/uploads\/2024\/03\/sunstar-industries-halloween-tabletop-animated-baby-girl-11-inches-1-count-33366525968570.jpg","type":"image\/jpeg"}],"twitter_card":"summary_large_image","twitter_misc":{"Gesch\u00e4tzte Lesezeit":"1\u00a0Minute"},"schema":{"@context":"https:\/\/schema.org","@graph":[{"@type":["WebPage","ItemPage"],"@id":"https:\/\/madabouthorror.co.uk\/product\/11-tabletop-animated-baby-girl\/","url":"https:\/\/madabouthorror.co.uk\/product\/11-tabletop-animated-baby-girl\/","name":"Animiertes Skelett-Baby-M\u00e4dchen | Mad About Horror","isPartOf":{"@id":"https:\/\/madabouthorror.co.uk\/#website"},"primaryImageOfPage":{"@id":"https:\/\/madabouthorror.co.uk\/product\/11-tabletop-animated-baby-girl\/#primaryimage"},"image":{"@id":"https:\/\/madabouthorror.co.uk\/product\/11-tabletop-animated-baby-girl\/#primaryimage"},"thumbnailUrl":"https:\/\/madabouthorror.co.uk\/wp-content\/uploads\/2024\/03\/sunstar-industries-halloween-tabletop-animated-baby-girl-11-inches-1-count-33366525968570.jpg","datePublished":"2024-03-19T11:36:28+00:00","dateModified":"2025-11-20T12:57:30+00:00","breadcrumb":{"@id":"https:\/\/madabouthorror.co.uk\/product\/11-tabletop-animated-baby-girl\/#breadcrumb"},"inLanguage":"de","potentialAction":[{"@type":"ReadAction","target":["https:\/\/madabouthorror.co.uk\/product\/11-tabletop-animated-baby-girl\/"]}]},{"@type":"ImageObject","inLanguage":"de","@id":"https:\/\/madabouthorror.co.uk\/product\/11-tabletop-animated-baby-girl\/#primaryimage","url":"https:\/\/madabouthorror.co.uk\/wp-content\/uploads\/2024\/03\/sunstar-industries-halloween-tabletop-animated-baby-girl-11-inches-1-count-33366525968570.jpg","contentUrl":"https:\/\/madabouthorror.co.uk\/wp-content\/uploads\/2024\/03\/sunstar-industries-halloween-tabletop-animated-baby-girl-11-inches-1-count-33366525968570.jpg","width":1920,"height":1920,"caption":"Tabletop Animated Baby girl prop"},{"@type":"BreadcrumbList","@id":"https:\/\/madabouthorror.co.uk\/product\/11-tabletop-animated-baby-girl\/#breadcrumb","itemListElement":[{"@type":"ListItem","position":1,"name":"Shop","item":"https:\/\/madabouthorror.co.uk\/shop\/"},{"@type":"ListItem","position":2,"name":"Animated Skeleton Baby Girl"}]},{"@type":"WebSite","@id":"https:\/\/madabouthorror.co.uk\/#website","url":"https:\/\/madabouthorror.co.uk\/","name":"Verr\u00fcckt nach Horror","description":"","publisher":{"@id":"https:\/\/madabouthorror.co.uk\/#organization"},"alternateName":"Mad About Horror Limited","potentialAction":[{"@type":"SearchAction","target":{"@type":"EntryPoint","urlTemplate":"https:\/\/madabouthorror.co.uk\/?s={search_term_string}"},"query-input":{"@type":"PropertyValueSpecification","valueRequired":true,"valueName":"search_term_string"}}],"inLanguage":"de"},{"@type":"Organization","@id":"https:\/\/madabouthorror.co.uk\/#organization","name":"Verr\u00fcckt nach Horror","url":"https:\/\/madabouthorror.co.uk\/","logo":{"@type":"ImageObject","inLanguage":"de","@id":"https:\/\/madabouthorror.co.uk\/#\/schema\/logo\/image\/","url":"https:\/\/madabouthorror.co.uk\/wp-content\/uploads\/2024\/02\/cropped-Logo.png","contentUrl":"https:\/\/madabouthorror.co.uk\/wp-content\/uploads\/2024\/02\/cropped-Logo.png","width":240,"height":88,"caption":"Mad About Horror"},"image":{"@id":"https:\/\/madabouthorror.co.uk\/#\/schema\/logo\/image\/"},"sameAs":["https:\/\/www.facebook.com\/madabouthorror\/","https:\/\/www.instagram.com\/madabouthorror\/","https:\/\/www.pinterest.co.uk\/madabouthorror\/","https:\/\/www.youtube.com\/channel\/UCBooLOIxjoQ89dj6T5lWm_w","https:\/\/www.tiktok.com\/@weremadabouthorror"]}]}},"df_price":31.2,"df_sale_price":"","df_regular_price":31.2,"df_image_link":"https:\/\/madabouthorror.co.uk\/wp-content\/uploads\/2024\/03\/sunstar-industries-halloween-tabletop-animated-baby-girl-11-inches-1-count-33366525968570-300x300.jpg","_links":{"self":[{"href":"https:\/\/madabouthorror.co.uk\/de\/wp-json\/wp\/v2\/product\/479091","targetHints":{"allow":["GET"]}}],"collection":[{"href":"https:\/\/madabouthorror.co.uk\/de\/wp-json\/wp\/v2\/product"}],"about":[{"href":"https:\/\/madabouthorror.co.uk\/de\/wp-json\/wp\/v2\/types\/product"}],"replies":[{"embeddable":true,"href":"https:\/\/madabouthorror.co.uk\/de\/wp-json\/wp\/v2\/comments?post=479091"}],"wp:featuredmedia":[{"embeddable":true,"href":"https:\/\/madabouthorror.co.uk\/de\/wp-json\/wp\/v2\/media\/493407"}],"wp:attachment":[{"href":"https:\/\/madabouthorror.co.uk\/de\/wp-json\/wp\/v2\/media?parent=479091"}],"wp:term":[{"taxonomy":"product_brand","embeddable":true,"href":"https:\/\/madabouthorror.co.uk\/de\/wp-json\/wp\/v2\/product_brand?post=479091"},{"taxonomy":"product_cat","embeddable":true,"href":"https:\/\/madabouthorror.co.uk\/de\/wp-json\/wp\/v2\/product_cat?post=479091"},{"taxonomy":"product_tag","embeddable":true,"href":"https:\/\/madabouthorror.co.uk\/de\/wp-json\/wp\/v2\/product_tag?post=479091"}],"curies":[{"name":"wp","href":"https:\/\/api.w.org\/{rel}","templated":true}]}}