{"id":480900,"date":"2024-03-28T15:56:07","date_gmt":"2024-03-28T15:56:07","guid":{"rendered":"https:\/\/madabouthorror.co.uk\/?post_type=product&#038;p=480900"},"modified":"2026-04-29T15:42:04","modified_gmt":"2026-04-29T14:42:04","slug":"giant-furry-spider-halloween-decoration","status":"publish","type":"product","link":"https:\/\/madabouthorror.co.uk\/de\/product\/giant-furry-spider-halloween-decoration\/","title":{"rendered":"Animierte pelzige Spinne Halloween Dekoration"},"content":{"rendered":"<p>Wir pr\u00e4sentieren die Riesenspinne Halloween-Dekoration von Tekky Toys! Bereiten Sie sich auf einen Schrecken vor mit dieser ger\u00e4usch- und bewegungsaktivierten Requisite. Die gruseligen leuchtenden LED-Augen und die gruseligen Soundeffekte werden Ihnen einen Schauer \u00fcber den R\u00fccken jagen. Mit einer Breite von 24\u2033 ist sie ein imposanter Blickfang in Ihrer Halloween-Ausstellung. Aber beeilen Sie sich - da der Vorrat in Gro\u00dfbritannien begrenzt ist, sollten Sie sich Ihr Exemplar sichern, bevor es wieder verschwindet.<\/p>\n<p><strong>Die Merkmale umfassen:<\/strong><\/p>\n<ul>\n<li>Aktiviert durch Ton und Bewegung<\/li>\n<li>Gruselige beleuchtete LED-Augen und gruseliger Sound<\/li>\n<li>24\u2033 breit<\/li>\n<\/ul>\n<div>\n<div><b>F\u00fcr die \u00fcberdachte Veranda oder f\u00fcr den Innenbereich.<\/b> <i>Bei Verwendung im Freien vor Witterungseinfl\u00fcssen sch\u00fctzen und nicht \u00fcber einen l\u00e4ngeren Zeitraum im Freien stehen lassen.<\/i><\/div>\n<div><\/div>\n<div><b>Bitte beachten:<\/b><i> Diese Requisiten sind nicht f\u00fcr den intensiven kommerziellen Gebrauch geeignet, d. h. sie sollten nicht \u00fcber l\u00e4ngere Zeitr\u00e4ume, z. B. tagelang, betrieben werden. Sie sind f\u00fcr die Verwendung an Halloween gedacht. Wenn Sie Fragen dazu haben, fragen Sie bitte.<\/i><\/div>\n<\/div>\n<div><\/div>\n<div>F\u00fcr mehr <a href=\"https:\/\/madabouthorror.co.uk\/de\/c\/halloween\/decorations\/creatures-spiders-decorations\/\">Spinnen<\/a> klicken Sie hier.<\/div>","protected":false},"excerpt":{"rendered":"<p>Wir pr\u00e4sentieren die Riesenspinne Halloween-Dekoration von Tekky Toys! Bereiten Sie sich auf einen Schrecken vor mit dieser ger\u00e4usch- und bewegungsaktivierten Requisite. Die gruseligen, leuchtenden LED-Augen und die gruseligen Soundeffekte werden Ihnen einen Schauer \u00fcber den R\u00fccken jagen. Mit einer Breite von 24\u2033 ist sie ein imposanter Blickfang in Ihrer Halloween-Ausstellung. Aber beeilen Sie sich - mit begrenzten [...]<\/p>","protected":false},"featured_media":480902,"comment_status":"closed","ping_status":"closed","template":"","meta":{"_acf_changed":false},"product_brand":[],"product_cat":[10068,10117,10131,10158,10093,10094,6547,6549,6963,6593,6596,7050,7055,7056,9899],"product_tag":[10000],"class_list":{"0":"post-480900","1":"product","2":"type-product","3":"status-publish","4":"has-post-thumbnail","6":"product_cat-halloween-decorations-2025","7":"product_cat-halloween-essentials","8":"product_cat-halloween-gifts","9":"product_cat-in-stock-animatronics","10":"product_cat-indoor-halloween-decorations","11":"product_cat-outdoor-halloween-decorations","12":"product_cat-decorations","13":"product_cat-haunted-house","14":"product_cat-animatronics","15":"product_cat-creatures-spiders-decorations","16":"product_cat-witch-decorations","17":"product_cat-haunted-house-animatronics","18":"product_cat-animated-props-witches","19":"product_cat-animals-creatures","20":"product_cat-tekky-toys","21":"product_tag-evil-pumpkin-patch-animatronics","22":"product_shipping_class-small-parcel-economy-3-5-business-days","24":"first","25":"instock","26":"sale","27":"taxable","28":"shipping-taxable","29":"purchasable","30":"product-type-simple"},"supplier_id":467901,"supplier_sku":"60223","barcode":"669703602234","atum_controlled":true,"out_stock_date":null,"out_stock_threshold":null,"inheritable":false,"inbound_stock":0,"stock_on_hold":0,"sold_today":0,"sales_last_days":0,"reserved_stock":0,"customer_returns":0,"warehouse_damage":0,"lost_in_post":0,"other_logs":0,"out_stock_days":0,"lost_sales":0,"has_location":false,"update_date":"2026-05-03T00:37:15","atum_locations":[],"atum_stock_status":"instock","restock_status":false,"low_stock_amount":"","sales_update_date":"2026-05-03T00:37:14","calc_backorders":null,"acf":[],"yoast_head":"<!-- This site is optimized with the Yoast SEO plugin v27.5 - https:\/\/yoast.com\/product\/yoast-seo-wordpress\/ -->\n<title>Animated Furry Spider Halloween Decoration | Mad About Horror, UK Stock<\/title>\n<meta name=\"description\" content=\"Giant Spider Halloween Decoration.\u00a0Huge range of quality Halloween props, masks and accessories. Buy from the UK&#039;s leading horror and Halloween specialist.\u00a0\" \/>\n<meta name=\"robots\" content=\"index, follow, max-snippet:-1, max-image-preview:large, max-video-preview:-1\" \/>\n<link rel=\"canonical\" href=\"https:\/\/madabouthorror.co.uk\/de\/product\/giant-furry-spider-halloween-decoration\/\" \/>\n<meta property=\"og:locale\" content=\"de_DE\" \/>\n<meta property=\"og:type\" content=\"article\" \/>\n<meta property=\"og:title\" content=\"Animated Furry Spider Halloween Decoration | Mad About Horror, UK Stock\" \/>\n<meta property=\"og:description\" content=\"Giant Spider Halloween Decoration.\u00a0Huge range of quality Halloween props, masks and accessories. Buy from the UK&#039;s leading horror and Halloween specialist.\u00a0\" \/>\n<meta property=\"og:url\" content=\"https:\/\/madabouthorror.co.uk\/de\/product\/giant-furry-spider-halloween-decoration\/\" \/>\n<meta property=\"og:site_name\" content=\"Mad About Horror\" \/>\n<meta property=\"article:publisher\" content=\"https:\/\/www.facebook.com\/madabouthorror\/\" \/>\n<meta property=\"article:modified_time\" content=\"2026-04-29T14:42:04+00:00\" \/>\n<meta property=\"og:image\" content=\"https:\/\/madabouthorror.co.uk\/wp-content\/uploads\/2024\/03\/26.jpg\" \/>\n\t<meta property=\"og:image:width\" content=\"1772\" \/>\n\t<meta property=\"og:image:height\" content=\"1772\" \/>\n\t<meta property=\"og:image:type\" content=\"image\/jpeg\" \/>\n<meta name=\"twitter:card\" content=\"summary_large_image\" \/>\n<meta name=\"twitter:label1\" content=\"Gesch\u00e4tzte Lesezeit\" \/>\n\t<meta name=\"twitter:data1\" content=\"1\u00a0Minute\" \/>\n<script type=\"application\/ld+json\" class=\"yoast-schema-graph\">{\"@context\":\"https:\\\/\\\/schema.org\",\"@graph\":[{\"@type\":[\"WebPage\",\"ItemPage\"],\"@id\":\"https:\\\/\\\/madabouthorror.co.uk\\\/product\\\/giant-furry-spider-halloween-decoration\\\/\",\"url\":\"https:\\\/\\\/madabouthorror.co.uk\\\/product\\\/giant-furry-spider-halloween-decoration\\\/\",\"name\":\"Animated Furry Spider Halloween Decoration | Mad About Horror, UK Stock\",\"isPartOf\":{\"@id\":\"https:\\\/\\\/madabouthorror.co.uk\\\/#website\"},\"primaryImageOfPage\":{\"@id\":\"https:\\\/\\\/madabouthorror.co.uk\\\/product\\\/giant-furry-spider-halloween-decoration\\\/#primaryimage\"},\"image\":{\"@id\":\"https:\\\/\\\/madabouthorror.co.uk\\\/product\\\/giant-furry-spider-halloween-decoration\\\/#primaryimage\"},\"thumbnailUrl\":\"https:\\\/\\\/madabouthorror.co.uk\\\/wp-content\\\/uploads\\\/2024\\\/03\\\/26.jpg\",\"datePublished\":\"2024-03-28T15:56:07+00:00\",\"dateModified\":\"2026-04-29T14:42:04+00:00\",\"description\":\"Giant Spider Halloween Decoration.\u00a0Huge range of quality Halloween props, masks and accessories. Buy from the UK's leading horror and Halloween specialist.\u00a0\",\"breadcrumb\":{\"@id\":\"https:\\\/\\\/madabouthorror.co.uk\\\/product\\\/giant-furry-spider-halloween-decoration\\\/#breadcrumb\"},\"inLanguage\":\"de\",\"potentialAction\":[{\"@type\":\"ReadAction\",\"target\":[\"https:\\\/\\\/madabouthorror.co.uk\\\/product\\\/giant-furry-spider-halloween-decoration\\\/\"]}]},{\"@type\":\"ImageObject\",\"inLanguage\":\"de\",\"@id\":\"https:\\\/\\\/madabouthorror.co.uk\\\/product\\\/giant-furry-spider-halloween-decoration\\\/#primaryimage\",\"url\":\"https:\\\/\\\/madabouthorror.co.uk\\\/wp-content\\\/uploads\\\/2024\\\/03\\\/26.jpg\",\"contentUrl\":\"https:\\\/\\\/madabouthorror.co.uk\\\/wp-content\\\/uploads\\\/2024\\\/03\\\/26.jpg\",\"width\":1772,\"height\":1772},{\"@type\":\"BreadcrumbList\",\"@id\":\"https:\\\/\\\/madabouthorror.co.uk\\\/product\\\/giant-furry-spider-halloween-decoration\\\/#breadcrumb\",\"itemListElement\":[{\"@type\":\"ListItem\",\"position\":1,\"name\":\"Shop\",\"item\":\"https:\\\/\\\/madabouthorror.co.uk\\\/shop\\\/\"},{\"@type\":\"ListItem\",\"position\":2,\"name\":\"Animated Furry Spider Halloween Decoration\"}]},{\"@type\":\"WebSite\",\"@id\":\"https:\\\/\\\/madabouthorror.co.uk\\\/#website\",\"url\":\"https:\\\/\\\/madabouthorror.co.uk\\\/\",\"name\":\"Mad About Horror\",\"description\":\"\",\"publisher\":{\"@id\":\"https:\\\/\\\/madabouthorror.co.uk\\\/#organization\"},\"alternateName\":\"Mad About Horror Limited\",\"potentialAction\":[{\"@type\":\"SearchAction\",\"target\":{\"@type\":\"EntryPoint\",\"urlTemplate\":\"https:\\\/\\\/madabouthorror.co.uk\\\/?s={search_term_string}\"},\"query-input\":{\"@type\":\"PropertyValueSpecification\",\"valueRequired\":true,\"valueName\":\"search_term_string\"}}],\"inLanguage\":\"de\"},{\"@type\":\"Organization\",\"@id\":\"https:\\\/\\\/madabouthorror.co.uk\\\/#organization\",\"name\":\"Mad About Horror\",\"url\":\"https:\\\/\\\/madabouthorror.co.uk\\\/\",\"logo\":{\"@type\":\"ImageObject\",\"inLanguage\":\"de\",\"@id\":\"https:\\\/\\\/madabouthorror.co.uk\\\/#\\\/schema\\\/logo\\\/image\\\/\",\"url\":\"https:\\\/\\\/madabouthorror.co.uk\\\/wp-content\\\/uploads\\\/2024\\\/02\\\/cropped-Logo.png\",\"contentUrl\":\"https:\\\/\\\/madabouthorror.co.uk\\\/wp-content\\\/uploads\\\/2024\\\/02\\\/cropped-Logo.png\",\"width\":240,\"height\":88,\"caption\":\"Mad About Horror\"},\"image\":{\"@id\":\"https:\\\/\\\/madabouthorror.co.uk\\\/#\\\/schema\\\/logo\\\/image\\\/\"},\"sameAs\":[\"https:\\\/\\\/www.facebook.com\\\/madabouthorror\\\/\",\"https:\\\/\\\/www.instagram.com\\\/madabouthorror\\\/\",\"https:\\\/\\\/www.pinterest.co.uk\\\/madabouthorror\\\/\",\"https:\\\/\\\/www.youtube.com\\\/channel\\\/UCBooLOIxjoQ89dj6T5lWm_w\",\"https:\\\/\\\/www.tiktok.com\\\/@weremadabouthorror\"]}]}<\/script>\n<!-- \/ Yoast SEO plugin. -->","yoast_head_json":{"title":"Animierte pelzige Spinne Halloween Dekoration | Mad About Horror, UK Stock","description":"Riesige Spinne Halloween Dekoration. Riesige Auswahl an hochwertigen Halloween-Requisiten, Masken und Zubeh\u00f6r. Kaufen Sie bei Gro\u00dfbritanniens f\u00fchrendem Horror- und Halloween-Spezialisten.\u00a0","robots":{"index":"index","follow":"follow","max-snippet":"max-snippet:-1","max-image-preview":"max-image-preview:large","max-video-preview":"max-video-preview:-1"},"canonical":"https:\/\/madabouthorror.co.uk\/de\/product\/giant-furry-spider-halloween-decoration\/","og_locale":"de_DE","og_type":"article","og_title":"Animated Furry Spider Halloween Decoration | Mad About Horror, UK Stock","og_description":"Giant Spider Halloween Decoration.\u00a0Huge range of quality Halloween props, masks and accessories. Buy from the UK's leading horror and Halloween specialist.\u00a0","og_url":"https:\/\/madabouthorror.co.uk\/de\/product\/giant-furry-spider-halloween-decoration\/","og_site_name":"Mad About Horror","article_publisher":"https:\/\/www.facebook.com\/madabouthorror\/","article_modified_time":"2026-04-29T14:42:04+00:00","og_image":[{"width":1772,"height":1772,"url":"https:\/\/madabouthorror.co.uk\/wp-content\/uploads\/2024\/03\/26.jpg","type":"image\/jpeg"}],"twitter_card":"summary_large_image","twitter_misc":{"Gesch\u00e4tzte Lesezeit":"1\u00a0Minute"},"schema":{"@context":"https:\/\/schema.org","@graph":[{"@type":["WebPage","ItemPage"],"@id":"https:\/\/madabouthorror.co.uk\/product\/giant-furry-spider-halloween-decoration\/","url":"https:\/\/madabouthorror.co.uk\/product\/giant-furry-spider-halloween-decoration\/","name":"Animierte pelzige Spinne Halloween Dekoration | Mad About Horror, UK Stock","isPartOf":{"@id":"https:\/\/madabouthorror.co.uk\/#website"},"primaryImageOfPage":{"@id":"https:\/\/madabouthorror.co.uk\/product\/giant-furry-spider-halloween-decoration\/#primaryimage"},"image":{"@id":"https:\/\/madabouthorror.co.uk\/product\/giant-furry-spider-halloween-decoration\/#primaryimage"},"thumbnailUrl":"https:\/\/madabouthorror.co.uk\/wp-content\/uploads\/2024\/03\/26.jpg","datePublished":"2024-03-28T15:56:07+00:00","dateModified":"2026-04-29T14:42:04+00:00","description":"Riesige Spinne Halloween Dekoration. Riesige Auswahl an hochwertigen Halloween-Requisiten, Masken und Zubeh\u00f6r. Kaufen Sie bei Gro\u00dfbritanniens f\u00fchrendem Horror- und Halloween-Spezialisten.\u00a0","breadcrumb":{"@id":"https:\/\/madabouthorror.co.uk\/product\/giant-furry-spider-halloween-decoration\/#breadcrumb"},"inLanguage":"de","potentialAction":[{"@type":"ReadAction","target":["https:\/\/madabouthorror.co.uk\/product\/giant-furry-spider-halloween-decoration\/"]}]},{"@type":"ImageObject","inLanguage":"de","@id":"https:\/\/madabouthorror.co.uk\/product\/giant-furry-spider-halloween-decoration\/#primaryimage","url":"https:\/\/madabouthorror.co.uk\/wp-content\/uploads\/2024\/03\/26.jpg","contentUrl":"https:\/\/madabouthorror.co.uk\/wp-content\/uploads\/2024\/03\/26.jpg","width":1772,"height":1772},{"@type":"BreadcrumbList","@id":"https:\/\/madabouthorror.co.uk\/product\/giant-furry-spider-halloween-decoration\/#breadcrumb","itemListElement":[{"@type":"ListItem","position":1,"name":"Shop","item":"https:\/\/madabouthorror.co.uk\/shop\/"},{"@type":"ListItem","position":2,"name":"Animated Furry Spider Halloween Decoration"}]},{"@type":"WebSite","@id":"https:\/\/madabouthorror.co.uk\/#website","url":"https:\/\/madabouthorror.co.uk\/","name":"Verr\u00fcckt nach Horror","description":"","publisher":{"@id":"https:\/\/madabouthorror.co.uk\/#organization"},"alternateName":"Mad About Horror Limited","potentialAction":[{"@type":"SearchAction","target":{"@type":"EntryPoint","urlTemplate":"https:\/\/madabouthorror.co.uk\/?s={search_term_string}"},"query-input":{"@type":"PropertyValueSpecification","valueRequired":true,"valueName":"search_term_string"}}],"inLanguage":"de"},{"@type":"Organization","@id":"https:\/\/madabouthorror.co.uk\/#organization","name":"Verr\u00fcckt nach Horror","url":"https:\/\/madabouthorror.co.uk\/","logo":{"@type":"ImageObject","inLanguage":"de","@id":"https:\/\/madabouthorror.co.uk\/#\/schema\/logo\/image\/","url":"https:\/\/madabouthorror.co.uk\/wp-content\/uploads\/2024\/02\/cropped-Logo.png","contentUrl":"https:\/\/madabouthorror.co.uk\/wp-content\/uploads\/2024\/02\/cropped-Logo.png","width":240,"height":88,"caption":"Mad About Horror"},"image":{"@id":"https:\/\/madabouthorror.co.uk\/#\/schema\/logo\/image\/"},"sameAs":["https:\/\/www.facebook.com\/madabouthorror\/","https:\/\/www.instagram.com\/madabouthorror\/","https:\/\/www.pinterest.co.uk\/madabouthorror\/","https:\/\/www.youtube.com\/channel\/UCBooLOIxjoQ89dj6T5lWm_w","https:\/\/www.tiktok.com\/@weremadabouthorror"]}]}},"df_price":29.95,"df_sale_price":29.95,"df_regular_price":39.95,"df_image_link":"https:\/\/madabouthorror.co.uk\/wp-content\/uploads\/2024\/03\/26-300x300.jpg","_links":{"self":[{"href":"https:\/\/madabouthorror.co.uk\/de\/wp-json\/wp\/v2\/product\/480900","targetHints":{"allow":["GET"]}}],"collection":[{"href":"https:\/\/madabouthorror.co.uk\/de\/wp-json\/wp\/v2\/product"}],"about":[{"href":"https:\/\/madabouthorror.co.uk\/de\/wp-json\/wp\/v2\/types\/product"}],"replies":[{"embeddable":true,"href":"https:\/\/madabouthorror.co.uk\/de\/wp-json\/wp\/v2\/comments?post=480900"}],"wp:featuredmedia":[{"embeddable":true,"href":"https:\/\/madabouthorror.co.uk\/de\/wp-json\/wp\/v2\/media\/480902"}],"wp:attachment":[{"href":"https:\/\/madabouthorror.co.uk\/de\/wp-json\/wp\/v2\/media?parent=480900"}],"wp:term":[{"taxonomy":"product_brand","embeddable":true,"href":"https:\/\/madabouthorror.co.uk\/de\/wp-json\/wp\/v2\/product_brand?post=480900"},{"taxonomy":"product_cat","embeddable":true,"href":"https:\/\/madabouthorror.co.uk\/de\/wp-json\/wp\/v2\/product_cat?post=480900"},{"taxonomy":"product_tag","embeddable":true,"href":"https:\/\/madabouthorror.co.uk\/de\/wp-json\/wp\/v2\/product_tag?post=480900"}],"curies":[{"name":"wp","href":"https:\/\/api.w.org\/{rel}","templated":true}]}}