{"id":481858,"date":"2024-04-09T13:37:59","date_gmt":"2024-04-09T12:37:59","guid":{"rendered":"https:\/\/madabouthorror.co.uk\/?post_type=product&#038;p=481858"},"modified":"2026-04-20T15:40:22","modified_gmt":"2026-04-20T14:40:22","slug":"a-nightmare-on-elm-street-84-freddy-mask","status":"publish","type":"product","link":"https:\/\/madabouthorror.co.uk\/de\/product\/a-nightmare-on-elm-street-84-freddy-mask\/","title":{"rendered":"Ein Albtraum auf der Elm Street 84 Freddy Maske"},"content":{"rendered":"<p>Mit dieser Neuauflage der originalen Freddy-Krueger-Maske von Don Post Studios, die aus den Tiefen der Horrorgeschichte wiederauferstanden ist, kannst du dich direkt in die Alptr\u00e4ume st\u00fcrzen. Entwickelt aus der authentischen Urform, die in der Ver\u00f6ffentlichung von 1984 verwendet wurde. Gegossen aus hochwertigem Latex mit einer verbesserten Bemalung ist sie gruseliger denn je!<\/p>\n<p>Ob f\u00fcr Ihr Spukkost\u00fcm oder Ihre wertvolle Sammlung, dieses nostalgische St\u00fcck erweckt Freddy Krueger wieder zum Leben.<\/p>\n<div class=\"description rte section cf not-in-quickbuy\">\n<p><strong>Einzelheiten:<\/strong><\/p>\n<ul>\n<li>Material: Latex<\/li>\n<li>Trick or Treat Studios<\/li>\n<li>Neu aufgelegte Don Post<\/li>\n<\/ul>\n<\/div>\n<div class=\"rte cf light-inner-row not-in-quickbuy\">\n<p>A NIGHTMARE ON ELM STREET 2: FREDDY'S REVENGE und alle damit verbundenen Charaktere und Elemente \u00a9 &amp; \u2122 New Line Productions, Inc. (s24)<\/p>\n<\/div>","protected":false},"excerpt":{"rendered":"<p>Mit dieser Neuauflage der originalen Freddy-Krueger-Maske von Don Post Studios, die aus den Tiefen der Horrorgeschichte wiederauferstanden ist, kannst du dich direkt in die Alptr\u00e4ume st\u00fcrzen. Entwickelt aus der authentischen Urform, die in der Ver\u00f6ffentlichung von 1984 verwendet wurde. Gegossen aus hochwertigem Latex mit einer verbesserten Lackierung ist sie gruseliger als je zuvor! Ob f\u00fcr Ihr Spukkost\u00fcm oder [...]<\/p>","protected":false},"featured_media":481991,"comment_status":"closed","ping_status":"closed","template":"","meta":{"_acf_changed":false},"product_brand":[],"product_cat":[6781,10016,6580,10100,10040,10038,9962,6541,9920,6792,6631],"product_tag":[],"class_list":{"0":"post-481858","1":"product","2":"type-product","3":"status-publish","4":"has-post-thumbnail","6":"product_cat-freddy-krueger","7":"product_cat-freddy-krueger-masks","8":"product_cat-movie-tv","9":"product_cat-latex-masks","10":"product_cat-gifts-under-100","11":"product_cat-horror-gifts","12":"product_cat-trick-or-treat-studios-masks","13":"product_cat-masks","14":"product_cat-don-post-studios","15":"product_cat-trick-or-treat-studios","16":"product_cat-nightmareonelmstreet","18":"first","19":"instock","20":"taxable","21":"shipping-taxable","22":"purchasable","23":"product-type-simple"},"supplier_id":467429,"supplier_sku":"TTWB154","barcode":"810116282876","atum_controlled":true,"out_stock_date":null,"out_stock_threshold":null,"inheritable":false,"inbound_stock":0,"stock_on_hold":0,"sold_today":0,"sales_last_days":0,"reserved_stock":0,"customer_returns":0,"warehouse_damage":0,"lost_in_post":0,"other_logs":0,"out_stock_days":0,"lost_sales":0,"has_location":false,"update_date":"2026-04-30T01:34:20","atum_locations":[],"atum_stock_status":"instock","restock_status":false,"low_stock_amount":1,"sales_update_date":"2026-04-30T01:34:18","calc_backorders":null,"acf":[],"yoast_head":"<!-- This site is optimized with the Yoast SEO plugin v27.5 - https:\/\/yoast.com\/product\/yoast-seo-wordpress\/ -->\n<title>A Nightmare on Elm Street 84 Freddy Mask | Mad About Horror<\/title>\n<meta name=\"description\" content=\"Don Post - A Nightmare on Elm Street 84 Freddy Mask. PRE-ORDER now available at Mad About Horror, Europe&#039;s leading horror collectibles specialist.\" \/>\n<meta name=\"robots\" content=\"index, follow, max-snippet:-1, max-image-preview:large, max-video-preview:-1\" \/>\n<link rel=\"canonical\" href=\"https:\/\/madabouthorror.co.uk\/de\/product\/a-nightmare-on-elm-street-84-freddy-mask\/\" \/>\n<meta property=\"og:locale\" content=\"de_DE\" \/>\n<meta property=\"og:type\" content=\"article\" \/>\n<meta property=\"og:title\" content=\"A Nightmare on Elm Street 84 Freddy Mask | Mad About Horror\" \/>\n<meta property=\"og:description\" content=\"Don Post - A Nightmare on Elm Street 84 Freddy Mask. PRE-ORDER now available at Mad About Horror, Europe&#039;s leading horror collectibles specialist.\" \/>\n<meta property=\"og:url\" content=\"https:\/\/madabouthorror.co.uk\/de\/product\/a-nightmare-on-elm-street-84-freddy-mask\/\" \/>\n<meta property=\"og:site_name\" content=\"Mad About Horror\" \/>\n<meta property=\"article:publisher\" content=\"https:\/\/www.facebook.com\/madabouthorror\/\" \/>\n<meta property=\"article:modified_time\" content=\"2026-04-20T14:40:22+00:00\" \/>\n<meta property=\"og:image\" content=\"https:\/\/madabouthorror.co.uk\/wp-content\/uploads\/2024\/04\/TTWB154-donpost-84Freddy-mask-front_900x.jpeg\" \/>\n\t<meta property=\"og:image:width\" content=\"900\" \/>\n\t<meta property=\"og:image:height\" content=\"900\" \/>\n\t<meta property=\"og:image:type\" content=\"image\/jpeg\" \/>\n<meta name=\"twitter:card\" content=\"summary_large_image\" \/>\n<meta name=\"twitter:label1\" content=\"Gesch\u00e4tzte Lesezeit\" \/>\n\t<meta name=\"twitter:data1\" content=\"1\u00a0Minute\" \/>\n<script type=\"application\/ld+json\" class=\"yoast-schema-graph\">{\"@context\":\"https:\\\/\\\/schema.org\",\"@graph\":[{\"@type\":[\"WebPage\",\"ItemPage\"],\"@id\":\"https:\\\/\\\/madabouthorror.co.uk\\\/product\\\/a-nightmare-on-elm-street-84-freddy-mask\\\/\",\"url\":\"https:\\\/\\\/madabouthorror.co.uk\\\/product\\\/a-nightmare-on-elm-street-84-freddy-mask\\\/\",\"name\":\"A Nightmare on Elm Street 84 Freddy Mask | Mad About Horror\",\"isPartOf\":{\"@id\":\"https:\\\/\\\/madabouthorror.co.uk\\\/#website\"},\"primaryImageOfPage\":{\"@id\":\"https:\\\/\\\/madabouthorror.co.uk\\\/product\\\/a-nightmare-on-elm-street-84-freddy-mask\\\/#primaryimage\"},\"image\":{\"@id\":\"https:\\\/\\\/madabouthorror.co.uk\\\/product\\\/a-nightmare-on-elm-street-84-freddy-mask\\\/#primaryimage\"},\"thumbnailUrl\":\"https:\\\/\\\/madabouthorror.co.uk\\\/wp-content\\\/uploads\\\/2024\\\/04\\\/TTWB154-donpost-84Freddy-mask-front_900x.jpeg\",\"datePublished\":\"2024-04-09T12:37:59+00:00\",\"dateModified\":\"2026-04-20T14:40:22+00:00\",\"description\":\"Don Post - A Nightmare on Elm Street 84 Freddy Mask. PRE-ORDER now available at Mad About Horror, Europe's leading horror collectibles specialist.\",\"breadcrumb\":{\"@id\":\"https:\\\/\\\/madabouthorror.co.uk\\\/product\\\/a-nightmare-on-elm-street-84-freddy-mask\\\/#breadcrumb\"},\"inLanguage\":\"de\",\"potentialAction\":[{\"@type\":\"ReadAction\",\"target\":[\"https:\\\/\\\/madabouthorror.co.uk\\\/product\\\/a-nightmare-on-elm-street-84-freddy-mask\\\/\"]}]},{\"@type\":\"ImageObject\",\"inLanguage\":\"de\",\"@id\":\"https:\\\/\\\/madabouthorror.co.uk\\\/product\\\/a-nightmare-on-elm-street-84-freddy-mask\\\/#primaryimage\",\"url\":\"https:\\\/\\\/madabouthorror.co.uk\\\/wp-content\\\/uploads\\\/2024\\\/04\\\/TTWB154-donpost-84Freddy-mask-front_900x.jpeg\",\"contentUrl\":\"https:\\\/\\\/madabouthorror.co.uk\\\/wp-content\\\/uploads\\\/2024\\\/04\\\/TTWB154-donpost-84Freddy-mask-front_900x.jpeg\",\"width\":900,\"height\":900,\"caption\":\"A Nightmare on Elm Street 84 Freddy Mask - Don Post\"},{\"@type\":\"BreadcrumbList\",\"@id\":\"https:\\\/\\\/madabouthorror.co.uk\\\/product\\\/a-nightmare-on-elm-street-84-freddy-mask\\\/#breadcrumb\",\"itemListElement\":[{\"@type\":\"ListItem\",\"position\":1,\"name\":\"Shop\",\"item\":\"https:\\\/\\\/madabouthorror.co.uk\\\/shop\\\/\"},{\"@type\":\"ListItem\",\"position\":2,\"name\":\"A Nightmare on Elm Street 84 Freddy Mask\"}]},{\"@type\":\"WebSite\",\"@id\":\"https:\\\/\\\/madabouthorror.co.uk\\\/#website\",\"url\":\"https:\\\/\\\/madabouthorror.co.uk\\\/\",\"name\":\"Mad About Horror\",\"description\":\"\",\"publisher\":{\"@id\":\"https:\\\/\\\/madabouthorror.co.uk\\\/#organization\"},\"alternateName\":\"Mad About Horror Limited\",\"potentialAction\":[{\"@type\":\"SearchAction\",\"target\":{\"@type\":\"EntryPoint\",\"urlTemplate\":\"https:\\\/\\\/madabouthorror.co.uk\\\/?s={search_term_string}\"},\"query-input\":{\"@type\":\"PropertyValueSpecification\",\"valueRequired\":true,\"valueName\":\"search_term_string\"}}],\"inLanguage\":\"de\"},{\"@type\":\"Organization\",\"@id\":\"https:\\\/\\\/madabouthorror.co.uk\\\/#organization\",\"name\":\"Mad About Horror\",\"url\":\"https:\\\/\\\/madabouthorror.co.uk\\\/\",\"logo\":{\"@type\":\"ImageObject\",\"inLanguage\":\"de\",\"@id\":\"https:\\\/\\\/madabouthorror.co.uk\\\/#\\\/schema\\\/logo\\\/image\\\/\",\"url\":\"https:\\\/\\\/madabouthorror.co.uk\\\/wp-content\\\/uploads\\\/2024\\\/02\\\/cropped-Logo.png\",\"contentUrl\":\"https:\\\/\\\/madabouthorror.co.uk\\\/wp-content\\\/uploads\\\/2024\\\/02\\\/cropped-Logo.png\",\"width\":240,\"height\":88,\"caption\":\"Mad About Horror\"},\"image\":{\"@id\":\"https:\\\/\\\/madabouthorror.co.uk\\\/#\\\/schema\\\/logo\\\/image\\\/\"},\"sameAs\":[\"https:\\\/\\\/www.facebook.com\\\/madabouthorror\\\/\",\"https:\\\/\\\/www.instagram.com\\\/madabouthorror\\\/\",\"https:\\\/\\\/www.pinterest.co.uk\\\/madabouthorror\\\/\",\"https:\\\/\\\/www.youtube.com\\\/channel\\\/UCBooLOIxjoQ89dj6T5lWm_w\",\"https:\\\/\\\/www.tiktok.com\\\/@weremadabouthorror\"]}]}<\/script>\n<!-- \/ Yoast SEO plugin. -->","yoast_head_json":{"title":"Ein Albtraum auf der Elm Street 84 Freddy Maske | Mad About Horror","description":"Don Post - A Nightmare on Elm Street 84 Freddy Maske. Jetzt vorbestellbar bei Mad About Horror, Europas f\u00fchrendem Spezialisten f\u00fcr Horror-Sammlerst\u00fccke.","robots":{"index":"index","follow":"follow","max-snippet":"max-snippet:-1","max-image-preview":"max-image-preview:large","max-video-preview":"max-video-preview:-1"},"canonical":"https:\/\/madabouthorror.co.uk\/de\/product\/a-nightmare-on-elm-street-84-freddy-mask\/","og_locale":"de_DE","og_type":"article","og_title":"A Nightmare on Elm Street 84 Freddy Mask | Mad About Horror","og_description":"Don Post - A Nightmare on Elm Street 84 Freddy Mask. PRE-ORDER now available at Mad About Horror, Europe's leading horror collectibles specialist.","og_url":"https:\/\/madabouthorror.co.uk\/de\/product\/a-nightmare-on-elm-street-84-freddy-mask\/","og_site_name":"Mad About Horror","article_publisher":"https:\/\/www.facebook.com\/madabouthorror\/","article_modified_time":"2026-04-20T14:40:22+00:00","og_image":[{"width":900,"height":900,"url":"https:\/\/madabouthorror.co.uk\/wp-content\/uploads\/2024\/04\/TTWB154-donpost-84Freddy-mask-front_900x.jpeg","type":"image\/jpeg"}],"twitter_card":"summary_large_image","twitter_misc":{"Gesch\u00e4tzte Lesezeit":"1\u00a0Minute"},"schema":{"@context":"https:\/\/schema.org","@graph":[{"@type":["WebPage","ItemPage"],"@id":"https:\/\/madabouthorror.co.uk\/product\/a-nightmare-on-elm-street-84-freddy-mask\/","url":"https:\/\/madabouthorror.co.uk\/product\/a-nightmare-on-elm-street-84-freddy-mask\/","name":"Ein Albtraum auf der Elm Street 84 Freddy Maske | Mad About Horror","isPartOf":{"@id":"https:\/\/madabouthorror.co.uk\/#website"},"primaryImageOfPage":{"@id":"https:\/\/madabouthorror.co.uk\/product\/a-nightmare-on-elm-street-84-freddy-mask\/#primaryimage"},"image":{"@id":"https:\/\/madabouthorror.co.uk\/product\/a-nightmare-on-elm-street-84-freddy-mask\/#primaryimage"},"thumbnailUrl":"https:\/\/madabouthorror.co.uk\/wp-content\/uploads\/2024\/04\/TTWB154-donpost-84Freddy-mask-front_900x.jpeg","datePublished":"2024-04-09T12:37:59+00:00","dateModified":"2026-04-20T14:40:22+00:00","description":"Don Post - A Nightmare on Elm Street 84 Freddy Maske. Jetzt vorbestellbar bei Mad About Horror, Europas f\u00fchrendem Spezialisten f\u00fcr Horror-Sammlerst\u00fccke.","breadcrumb":{"@id":"https:\/\/madabouthorror.co.uk\/product\/a-nightmare-on-elm-street-84-freddy-mask\/#breadcrumb"},"inLanguage":"de","potentialAction":[{"@type":"ReadAction","target":["https:\/\/madabouthorror.co.uk\/product\/a-nightmare-on-elm-street-84-freddy-mask\/"]}]},{"@type":"ImageObject","inLanguage":"de","@id":"https:\/\/madabouthorror.co.uk\/product\/a-nightmare-on-elm-street-84-freddy-mask\/#primaryimage","url":"https:\/\/madabouthorror.co.uk\/wp-content\/uploads\/2024\/04\/TTWB154-donpost-84Freddy-mask-front_900x.jpeg","contentUrl":"https:\/\/madabouthorror.co.uk\/wp-content\/uploads\/2024\/04\/TTWB154-donpost-84Freddy-mask-front_900x.jpeg","width":900,"height":900,"caption":"A Nightmare on Elm Street 84 Freddy Mask - Don Post"},{"@type":"BreadcrumbList","@id":"https:\/\/madabouthorror.co.uk\/product\/a-nightmare-on-elm-street-84-freddy-mask\/#breadcrumb","itemListElement":[{"@type":"ListItem","position":1,"name":"Shop","item":"https:\/\/madabouthorror.co.uk\/shop\/"},{"@type":"ListItem","position":2,"name":"A Nightmare on Elm Street 84 Freddy Mask"}]},{"@type":"WebSite","@id":"https:\/\/madabouthorror.co.uk\/#website","url":"https:\/\/madabouthorror.co.uk\/","name":"Verr\u00fcckt nach Horror","description":"","publisher":{"@id":"https:\/\/madabouthorror.co.uk\/#organization"},"alternateName":"Mad About Horror Limited","potentialAction":[{"@type":"SearchAction","target":{"@type":"EntryPoint","urlTemplate":"https:\/\/madabouthorror.co.uk\/?s={search_term_string}"},"query-input":{"@type":"PropertyValueSpecification","valueRequired":true,"valueName":"search_term_string"}}],"inLanguage":"de"},{"@type":"Organization","@id":"https:\/\/madabouthorror.co.uk\/#organization","name":"Verr\u00fcckt nach Horror","url":"https:\/\/madabouthorror.co.uk\/","logo":{"@type":"ImageObject","inLanguage":"de","@id":"https:\/\/madabouthorror.co.uk\/#\/schema\/logo\/image\/","url":"https:\/\/madabouthorror.co.uk\/wp-content\/uploads\/2024\/02\/cropped-Logo.png","contentUrl":"https:\/\/madabouthorror.co.uk\/wp-content\/uploads\/2024\/02\/cropped-Logo.png","width":240,"height":88,"caption":"Mad About Horror"},"image":{"@id":"https:\/\/madabouthorror.co.uk\/#\/schema\/logo\/image\/"},"sameAs":["https:\/\/www.facebook.com\/madabouthorror\/","https:\/\/www.instagram.com\/madabouthorror\/","https:\/\/www.pinterest.co.uk\/madabouthorror\/","https:\/\/www.youtube.com\/channel\/UCBooLOIxjoQ89dj6T5lWm_w","https:\/\/www.tiktok.com\/@weremadabouthorror"]}]}},"df_price":59.95,"df_sale_price":"","df_regular_price":59.95,"df_image_link":"https:\/\/madabouthorror.co.uk\/wp-content\/uploads\/2024\/04\/TTWB154-donpost-84Freddy-mask-front_900x-300x300.jpeg","_links":{"self":[{"href":"https:\/\/madabouthorror.co.uk\/de\/wp-json\/wp\/v2\/product\/481858","targetHints":{"allow":["GET"]}}],"collection":[{"href":"https:\/\/madabouthorror.co.uk\/de\/wp-json\/wp\/v2\/product"}],"about":[{"href":"https:\/\/madabouthorror.co.uk\/de\/wp-json\/wp\/v2\/types\/product"}],"replies":[{"embeddable":true,"href":"https:\/\/madabouthorror.co.uk\/de\/wp-json\/wp\/v2\/comments?post=481858"}],"wp:featuredmedia":[{"embeddable":true,"href":"https:\/\/madabouthorror.co.uk\/de\/wp-json\/wp\/v2\/media\/481991"}],"wp:attachment":[{"href":"https:\/\/madabouthorror.co.uk\/de\/wp-json\/wp\/v2\/media?parent=481858"}],"wp:term":[{"taxonomy":"product_brand","embeddable":true,"href":"https:\/\/madabouthorror.co.uk\/de\/wp-json\/wp\/v2\/product_brand?post=481858"},{"taxonomy":"product_cat","embeddable":true,"href":"https:\/\/madabouthorror.co.uk\/de\/wp-json\/wp\/v2\/product_cat?post=481858"},{"taxonomy":"product_tag","embeddable":true,"href":"https:\/\/madabouthorror.co.uk\/de\/wp-json\/wp\/v2\/product_tag?post=481858"}],"curies":[{"name":"wp","href":"https:\/\/api.w.org\/{rel}","templated":true}]}}