{"id":483056,"date":"2024-04-23T21:30:53","date_gmt":"2024-04-23T20:30:53","guid":{"rendered":"https:\/\/madabouthorror.co.uk\/?post_type=product&#038;p=483056"},"modified":"2026-03-23T14:14:31","modified_gmt":"2026-03-23T14:14:31","slug":"swinging-decrepit-doll-animated-prop","status":"publish","type":"product","link":"https:\/\/madabouthorror.co.uk\/de\/product\/swinging-decrepit-doll-animated-prop\/","title":{"rendered":"Schaukelnde Decrepit-Puppe Halloween Animatronic"},"content":{"rendered":"<p style=\"font-weight: 400;\">Mit der Swinging Decrepit Doll Animatronic bringen Sie gruselige Dekoration zu Halloween nach Hause!<\/p>\n<p style=\"font-weight: 400;\">Diese gruselige Requisite verf\u00fcgt \u00fcber einen Infrarotsensor, ausgeh\u00f6hlte Augen, die in einem unheimlichen Blau leuchten, und spricht zu allen Passanten gespenstische S\u00e4tze, w\u00e4hrend sich ihr Kopf von einer Seite zur anderen dreht und sie auf ihrer Schaukel hin und her schwingt. Ihr Spukhaus wird nie wieder dasselbe sein!<\/p>\n<p style=\"font-weight: 400;\">W\u00e4hlen Sie zwischen den Aktivierungsoptionen \"Steady-On\" oder \"Infrarot-Sensor\" f\u00fcr den Betrieb UL-Netzkabel im Lieferumfang enthalten Der Infrarot-Sensor funktioniert in einer Entfernung von bis zu 6,5 Fu\u00df und funktioniert bei allen Lichtverh\u00e4ltnissen - von hellem Licht bis zu keinem Licht!<\/p>\n<p style=\"font-weight: 400;\">Der Artikel enth\u00e4lt einen Lautst\u00e4rkeregler. Montage erforderlich.<\/p>\n<p style=\"font-weight: 400;\">Die Puppe ist 30\u2033 gro\u00df. Einschlie\u00dflich Schaukelmechanismus, Seil und Puppe betr\u00e4gt die Gesamtl\u00e4nge 65\u2033.<\/p>\n<p><b>Wird mit einem UK-Netzadapter geliefert<\/b>. <i>Verwenden Sie nur den mitgelieferten Netzadapter, da falsche Netzadapter Sch\u00e4den verursachen k\u00f6nnen.<\/i><\/p>\n<div>\n<div><b>F\u00fcr die \u00fcberdachte Veranda oder f\u00fcr den Innenbereich.<\/b> <i>Bei Verwendung im Freien vor Witterungseinfl\u00fcssen sch\u00fctzen und nicht \u00fcber einen l\u00e4ngeren Zeitraum im Freien stehen lassen.<\/i><\/div>\n<div><\/div>\n<div><b>Bitte beachten:<\/b><i> Diese Requisiten sind nicht f\u00fcr den intensiven kommerziellen Gebrauch geeignet, d. h. sie sollten nicht \u00fcber l\u00e4ngere Zeitr\u00e4ume, z. B. tagelang, betrieben werden. Sie sind f\u00fcr die Verwendung an Halloween gedacht. Wenn Sie Fragen dazu haben, fragen Sie bitte.<\/i><\/div>\n<\/div>","protected":false},"excerpt":{"rendered":"<p>Holen Sie sich zu Halloween die Swinging Decrepit Doll Animatronic nach Hause und sorgen Sie f\u00fcr eine gruselige Dekoration! Diese gruselige Requisite verf\u00fcgt \u00fcber einen Infrarotsensor, ausgeh\u00f6hlte Augen, die in einem unheimlichen Blau leuchten, und spricht gespenstische Phrasen zu allen Passanten, w\u00e4hrend sich ihr Kopf von einer Seite zur anderen dreht und sie auf ihrer Schaukel hin und her schwingt. Ihr Spukhaus [...]<\/p>","protected":false},"featured_media":544148,"comment_status":"closed","ping_status":"closed","template":"","meta":{"_acf_changed":false},"product_brand":[],"product_cat":[10068,10131,10093,10094,6547,6549,6963,7049,7050],"product_tag":[],"class_list":{"0":"post-483056","1":"product","2":"type-product","3":"status-publish","4":"has-post-thumbnail","6":"product_cat-halloween-decorations-2025","7":"product_cat-halloween-gifts","8":"product_cat-indoor-halloween-decorations","9":"product_cat-outdoor-halloween-decorations","10":"product_cat-decorations","11":"product_cat-haunted-house","12":"product_cat-animatronics","13":"product_cat-dolls","14":"product_cat-haunted-house-animatronics","15":"product_shipping_class-props","17":"first","18":"instock","19":"taxable","20":"shipping-taxable","21":"purchasable","22":"product-type-simple"},"supplier_id":467908,"supplier_sku":"MR039121","barcode":"841493081660","atum_controlled":true,"out_stock_date":null,"out_stock_threshold":null,"inheritable":false,"inbound_stock":12,"stock_on_hold":0,"sold_today":0,"sales_last_days":0,"reserved_stock":0,"customer_returns":0,"warehouse_damage":0,"lost_in_post":0,"other_logs":0,"out_stock_days":0,"lost_sales":0,"has_location":false,"update_date":"2026-04-09T01:22:16","atum_locations":[],"atum_stock_status":"instock","restock_status":false,"low_stock_amount":"","sales_update_date":"2026-04-09T01:22:15","calc_backorders":null,"acf":[],"yoast_head":"<!-- This site is optimized with the Yoast SEO plugin v27.3 - https:\/\/yoast.com\/product\/yoast-seo-wordpress\/ -->\n<title>Swinging Decrepit Doll Halloween Animatronic | Mad About Horror<\/title>\n<meta name=\"description\" content=\"Swinging Decrepit Doll Animatronic. Huge range of quality Halloween props, masks and accessories. Buy from the UK&#039;s leading horror and Halloween specialist.\u00a0\" \/>\n<meta name=\"robots\" content=\"index, follow, max-snippet:-1, max-image-preview:large, max-video-preview:-1\" \/>\n<link rel=\"canonical\" href=\"https:\/\/madabouthorror.co.uk\/de\/product\/swinging-decrepit-doll-animated-prop\/\" \/>\n<meta property=\"og:locale\" content=\"de_DE\" \/>\n<meta property=\"og:type\" content=\"article\" \/>\n<meta property=\"og:title\" content=\"Swinging Decrepit Doll Halloween Animatronic | Mad About Horror\" \/>\n<meta property=\"og:description\" content=\"Swinging Decrepit Doll Animatronic. Huge range of quality Halloween props, masks and accessories. Buy from the UK&#039;s leading horror and Halloween specialist.\u00a0\" \/>\n<meta property=\"og:url\" content=\"https:\/\/madabouthorror.co.uk\/de\/product\/swinging-decrepit-doll-animated-prop\/\" \/>\n<meta property=\"og:site_name\" content=\"Mad About Horror\" \/>\n<meta property=\"article:publisher\" content=\"https:\/\/www.facebook.com\/madabouthorror\/\" \/>\n<meta property=\"article:modified_time\" content=\"2026-03-23T14:14:31+00:00\" \/>\n<meta property=\"og:image\" content=\"https:\/\/madabouthorror.co.uk\/wp-content\/uploads\/2024\/04\/animated-swinging-decrepit-dollmr039121.jpg\" \/>\n\t<meta property=\"og:image:width\" content=\"1500\" \/>\n\t<meta property=\"og:image:height\" content=\"1500\" \/>\n\t<meta property=\"og:image:type\" content=\"image\/jpeg\" \/>\n<meta name=\"twitter:card\" content=\"summary_large_image\" \/>\n<meta name=\"twitter:label1\" content=\"Gesch\u00e4tzte Lesezeit\" \/>\n\t<meta name=\"twitter:data1\" content=\"2\u00a0Minuten\" \/>\n<script type=\"application\/ld+json\" class=\"yoast-schema-graph\">{\"@context\":\"https:\\\/\\\/schema.org\",\"@graph\":[{\"@type\":[\"WebPage\",\"ItemPage\"],\"@id\":\"https:\\\/\\\/madabouthorror.co.uk\\\/product\\\/swinging-decrepit-doll-animated-prop\\\/\",\"url\":\"https:\\\/\\\/madabouthorror.co.uk\\\/product\\\/swinging-decrepit-doll-animated-prop\\\/\",\"name\":\"Swinging Decrepit Doll Halloween Animatronic | Mad About Horror\",\"isPartOf\":{\"@id\":\"https:\\\/\\\/madabouthorror.co.uk\\\/#website\"},\"primaryImageOfPage\":{\"@id\":\"https:\\\/\\\/madabouthorror.co.uk\\\/product\\\/swinging-decrepit-doll-animated-prop\\\/#primaryimage\"},\"image\":{\"@id\":\"https:\\\/\\\/madabouthorror.co.uk\\\/product\\\/swinging-decrepit-doll-animated-prop\\\/#primaryimage\"},\"thumbnailUrl\":\"https:\\\/\\\/madabouthorror.co.uk\\\/wp-content\\\/uploads\\\/2024\\\/04\\\/animated-swinging-decrepit-dollmr039121.jpg\",\"datePublished\":\"2024-04-23T20:30:53+00:00\",\"dateModified\":\"2026-03-23T14:14:31+00:00\",\"description\":\"Swinging Decrepit Doll Animatronic. Huge range of quality Halloween props, masks and accessories. Buy from the UK's leading horror and Halloween specialist.\u00a0\",\"breadcrumb\":{\"@id\":\"https:\\\/\\\/madabouthorror.co.uk\\\/product\\\/swinging-decrepit-doll-animated-prop\\\/#breadcrumb\"},\"inLanguage\":\"de\",\"potentialAction\":[{\"@type\":\"ReadAction\",\"target\":[\"https:\\\/\\\/madabouthorror.co.uk\\\/product\\\/swinging-decrepit-doll-animated-prop\\\/\"]}]},{\"@type\":\"ImageObject\",\"inLanguage\":\"de\",\"@id\":\"https:\\\/\\\/madabouthorror.co.uk\\\/product\\\/swinging-decrepit-doll-animated-prop\\\/#primaryimage\",\"url\":\"https:\\\/\\\/madabouthorror.co.uk\\\/wp-content\\\/uploads\\\/2024\\\/04\\\/animated-swinging-decrepit-dollmr039121.jpg\",\"contentUrl\":\"https:\\\/\\\/madabouthorror.co.uk\\\/wp-content\\\/uploads\\\/2024\\\/04\\\/animated-swinging-decrepit-dollmr039121.jpg\",\"width\":1500,\"height\":1500,\"caption\":\"animated-swinging-decrepit-doll~mr039121\"},{\"@type\":\"BreadcrumbList\",\"@id\":\"https:\\\/\\\/madabouthorror.co.uk\\\/product\\\/swinging-decrepit-doll-animated-prop\\\/#breadcrumb\",\"itemListElement\":[{\"@type\":\"ListItem\",\"position\":1,\"name\":\"Shop\",\"item\":\"https:\\\/\\\/madabouthorror.co.uk\\\/shop\\\/\"},{\"@type\":\"ListItem\",\"position\":2,\"name\":\"Swinging Decrepit Doll Halloween Animatronic\"}]},{\"@type\":\"WebSite\",\"@id\":\"https:\\\/\\\/madabouthorror.co.uk\\\/#website\",\"url\":\"https:\\\/\\\/madabouthorror.co.uk\\\/\",\"name\":\"Mad About Horror\",\"description\":\"\",\"publisher\":{\"@id\":\"https:\\\/\\\/madabouthorror.co.uk\\\/#organization\"},\"alternateName\":\"Mad About Horror Limited\",\"potentialAction\":[{\"@type\":\"SearchAction\",\"target\":{\"@type\":\"EntryPoint\",\"urlTemplate\":\"https:\\\/\\\/madabouthorror.co.uk\\\/?s={search_term_string}\"},\"query-input\":{\"@type\":\"PropertyValueSpecification\",\"valueRequired\":true,\"valueName\":\"search_term_string\"}}],\"inLanguage\":\"de\"},{\"@type\":\"Organization\",\"@id\":\"https:\\\/\\\/madabouthorror.co.uk\\\/#organization\",\"name\":\"Mad About Horror\",\"url\":\"https:\\\/\\\/madabouthorror.co.uk\\\/\",\"logo\":{\"@type\":\"ImageObject\",\"inLanguage\":\"de\",\"@id\":\"https:\\\/\\\/madabouthorror.co.uk\\\/#\\\/schema\\\/logo\\\/image\\\/\",\"url\":\"https:\\\/\\\/madabouthorror.co.uk\\\/wp-content\\\/uploads\\\/2024\\\/02\\\/cropped-Logo.png\",\"contentUrl\":\"https:\\\/\\\/madabouthorror.co.uk\\\/wp-content\\\/uploads\\\/2024\\\/02\\\/cropped-Logo.png\",\"width\":240,\"height\":88,\"caption\":\"Mad About Horror\"},\"image\":{\"@id\":\"https:\\\/\\\/madabouthorror.co.uk\\\/#\\\/schema\\\/logo\\\/image\\\/\"},\"sameAs\":[\"https:\\\/\\\/www.facebook.com\\\/madabouthorror\\\/\",\"https:\\\/\\\/www.instagram.com\\\/madabouthorror\\\/\",\"https:\\\/\\\/www.pinterest.co.uk\\\/madabouthorror\\\/\",\"https:\\\/\\\/www.youtube.com\\\/channel\\\/UCBooLOIxjoQ89dj6T5lWm_w\",\"https:\\\/\\\/www.tiktok.com\\\/@weremadabouthorror\"]}]}<\/script>\n<!-- \/ Yoast SEO plugin. -->","yoast_head_json":{"title":"Schaukelnde Decrepit Puppe Halloween Animatronic | Mad About Horror","description":"Schwingender Decrepit Doll Animatronic. Riesige Auswahl an hochwertigen Halloween-Requisiten, Masken und Zubeh\u00f6r. Kaufen Sie bei Gro\u00dfbritanniens f\u00fchrendem Horror- und Halloween-Spezialisten.\u00a0","robots":{"index":"index","follow":"follow","max-snippet":"max-snippet:-1","max-image-preview":"max-image-preview:large","max-video-preview":"max-video-preview:-1"},"canonical":"https:\/\/madabouthorror.co.uk\/de\/product\/swinging-decrepit-doll-animated-prop\/","og_locale":"de_DE","og_type":"article","og_title":"Swinging Decrepit Doll Halloween Animatronic | Mad About Horror","og_description":"Swinging Decrepit Doll Animatronic. Huge range of quality Halloween props, masks and accessories. Buy from the UK's leading horror and Halloween specialist.\u00a0","og_url":"https:\/\/madabouthorror.co.uk\/de\/product\/swinging-decrepit-doll-animated-prop\/","og_site_name":"Mad About Horror","article_publisher":"https:\/\/www.facebook.com\/madabouthorror\/","article_modified_time":"2026-03-23T14:14:31+00:00","og_image":[{"width":1500,"height":1500,"url":"https:\/\/madabouthorror.co.uk\/wp-content\/uploads\/2024\/04\/animated-swinging-decrepit-dollmr039121.jpg","type":"image\/jpeg"}],"twitter_card":"summary_large_image","twitter_misc":{"Gesch\u00e4tzte Lesezeit":"2\u00a0Minuten"},"schema":{"@context":"https:\/\/schema.org","@graph":[{"@type":["WebPage","ItemPage"],"@id":"https:\/\/madabouthorror.co.uk\/product\/swinging-decrepit-doll-animated-prop\/","url":"https:\/\/madabouthorror.co.uk\/product\/swinging-decrepit-doll-animated-prop\/","name":"Schaukelnde Decrepit Puppe Halloween Animatronic | Mad About Horror","isPartOf":{"@id":"https:\/\/madabouthorror.co.uk\/#website"},"primaryImageOfPage":{"@id":"https:\/\/madabouthorror.co.uk\/product\/swinging-decrepit-doll-animated-prop\/#primaryimage"},"image":{"@id":"https:\/\/madabouthorror.co.uk\/product\/swinging-decrepit-doll-animated-prop\/#primaryimage"},"thumbnailUrl":"https:\/\/madabouthorror.co.uk\/wp-content\/uploads\/2024\/04\/animated-swinging-decrepit-dollmr039121.jpg","datePublished":"2024-04-23T20:30:53+00:00","dateModified":"2026-03-23T14:14:31+00:00","description":"Schwingender Decrepit Doll Animatronic. Riesige Auswahl an hochwertigen Halloween-Requisiten, Masken und Zubeh\u00f6r. Kaufen Sie bei Gro\u00dfbritanniens f\u00fchrendem Horror- und Halloween-Spezialisten.\u00a0","breadcrumb":{"@id":"https:\/\/madabouthorror.co.uk\/product\/swinging-decrepit-doll-animated-prop\/#breadcrumb"},"inLanguage":"de","potentialAction":[{"@type":"ReadAction","target":["https:\/\/madabouthorror.co.uk\/product\/swinging-decrepit-doll-animated-prop\/"]}]},{"@type":"ImageObject","inLanguage":"de","@id":"https:\/\/madabouthorror.co.uk\/product\/swinging-decrepit-doll-animated-prop\/#primaryimage","url":"https:\/\/madabouthorror.co.uk\/wp-content\/uploads\/2024\/04\/animated-swinging-decrepit-dollmr039121.jpg","contentUrl":"https:\/\/madabouthorror.co.uk\/wp-content\/uploads\/2024\/04\/animated-swinging-decrepit-dollmr039121.jpg","width":1500,"height":1500,"caption":"animated-swinging-decrepit-doll~mr039121"},{"@type":"BreadcrumbList","@id":"https:\/\/madabouthorror.co.uk\/product\/swinging-decrepit-doll-animated-prop\/#breadcrumb","itemListElement":[{"@type":"ListItem","position":1,"name":"Shop","item":"https:\/\/madabouthorror.co.uk\/shop\/"},{"@type":"ListItem","position":2,"name":"Swinging Decrepit Doll Halloween Animatronic"}]},{"@type":"WebSite","@id":"https:\/\/madabouthorror.co.uk\/#website","url":"https:\/\/madabouthorror.co.uk\/","name":"Verr\u00fcckt nach Horror","description":"","publisher":{"@id":"https:\/\/madabouthorror.co.uk\/#organization"},"alternateName":"Mad About Horror Limited","potentialAction":[{"@type":"SearchAction","target":{"@type":"EntryPoint","urlTemplate":"https:\/\/madabouthorror.co.uk\/?s={search_term_string}"},"query-input":{"@type":"PropertyValueSpecification","valueRequired":true,"valueName":"search_term_string"}}],"inLanguage":"de"},{"@type":"Organization","@id":"https:\/\/madabouthorror.co.uk\/#organization","name":"Verr\u00fcckt nach Horror","url":"https:\/\/madabouthorror.co.uk\/","logo":{"@type":"ImageObject","inLanguage":"de","@id":"https:\/\/madabouthorror.co.uk\/#\/schema\/logo\/image\/","url":"https:\/\/madabouthorror.co.uk\/wp-content\/uploads\/2024\/02\/cropped-Logo.png","contentUrl":"https:\/\/madabouthorror.co.uk\/wp-content\/uploads\/2024\/02\/cropped-Logo.png","width":240,"height":88,"caption":"Mad About Horror"},"image":{"@id":"https:\/\/madabouthorror.co.uk\/#\/schema\/logo\/image\/"},"sameAs":["https:\/\/www.facebook.com\/madabouthorror\/","https:\/\/www.instagram.com\/madabouthorror\/","https:\/\/www.pinterest.co.uk\/madabouthorror\/","https:\/\/www.youtube.com\/channel\/UCBooLOIxjoQ89dj6T5lWm_w","https:\/\/www.tiktok.com\/@weremadabouthorror"]}]}},"df_price":239.53,"df_sale_price":"","df_regular_price":239.53,"df_image_link":"https:\/\/madabouthorror.co.uk\/wp-content\/uploads\/2024\/04\/animated-swinging-decrepit-dollmr039121-300x300.jpg","_links":{"self":[{"href":"https:\/\/madabouthorror.co.uk\/de\/wp-json\/wp\/v2\/product\/483056","targetHints":{"allow":["GET"]}}],"collection":[{"href":"https:\/\/madabouthorror.co.uk\/de\/wp-json\/wp\/v2\/product"}],"about":[{"href":"https:\/\/madabouthorror.co.uk\/de\/wp-json\/wp\/v2\/types\/product"}],"replies":[{"embeddable":true,"href":"https:\/\/madabouthorror.co.uk\/de\/wp-json\/wp\/v2\/comments?post=483056"}],"wp:featuredmedia":[{"embeddable":true,"href":"https:\/\/madabouthorror.co.uk\/de\/wp-json\/wp\/v2\/media\/544148"}],"wp:attachment":[{"href":"https:\/\/madabouthorror.co.uk\/de\/wp-json\/wp\/v2\/media?parent=483056"}],"wp:term":[{"taxonomy":"product_brand","embeddable":true,"href":"https:\/\/madabouthorror.co.uk\/de\/wp-json\/wp\/v2\/product_brand?post=483056"},{"taxonomy":"product_cat","embeddable":true,"href":"https:\/\/madabouthorror.co.uk\/de\/wp-json\/wp\/v2\/product_cat?post=483056"},{"taxonomy":"product_tag","embeddable":true,"href":"https:\/\/madabouthorror.co.uk\/de\/wp-json\/wp\/v2\/product_tag?post=483056"}],"curies":[{"name":"wp","href":"https:\/\/api.w.org\/{rel}","templated":true}]}}