{"id":483449,"date":"2024-04-25T14:27:48","date_gmt":"2024-04-25T13:27:48","guid":{"rendered":"https:\/\/madabouthorror.co.uk\/?post_type=product&#038;p=483449"},"modified":"2026-01-27T16:29:37","modified_gmt":"2026-01-27T16:29:37","slug":"fade-in-out-gravebreaker-arms","status":"publish","type":"product","link":"https:\/\/madabouthorror.co.uk\/de\/product\/fade-in-out-gravebreaker-arms\/","title":{"rendered":"Einblenden &amp; Ausblenden von Gravebreaker-Armen"},"content":{"rendered":"<p>Wir stellen die Fade In &amp; Out Gravebreaker Arms vor. Dank des automatischen Einblendungs-Timers k\u00f6nnen die Arme allm\u00e4hlich ein- und ausgeblendet werden und die Zuschauer mit ihrer geisterhaften Anziehungskraft fesseln. Inklusive 3 x AAA-Batterien pro Arm<\/p>\n<p>Die aus Kunststoff gefertigten Leuchtarme verf\u00fcgen \u00fcber eine einzigartige Auto-Fade-Timer-Funktion, die das Licht allm\u00e4hlich ein- und ausblendet und so einen bezaubernden und zugleich unheimlichen Effekt erzeugt. Jeder Arm ist mit Erdn\u00e4geln f\u00fcr eine einfache Platzierung in Ihrem Garten ausgestattet<\/p>\n<p><strong>Wesentliche Merkmale:<\/strong><\/p>\n<ul>\n<li>Timer f\u00fcr automatisches Ausblenden der Beleuchtung - 4 Std. an \/ 20 Std. aus.<\/li>\n<li>Batteriebetrieben - Inklusive 3 x AAA-Batterien pro Arm<\/li>\n<li>Begrenzter UK-Bestand<\/li>\n<\/ul>\n<p><em>F\u00fcr die \u00fcberdachte Veranda oder f\u00fcr den Innenbereich. Bei Verwendung im Freien vor Witterungseinfl\u00fcssen sch\u00fctzen und nicht \u00fcber einen l\u00e4ngeren Zeitraum im Freien stehen lassen.<\/em><\/p>\n<p><em>Bitte beachten Sie: Diese Requisiten sind nicht f\u00fcr den intensiven kommerziellen Gebrauch geeignet, d.h. sie sollten nicht \u00fcber l\u00e4ngere Zeitr\u00e4ume, z.B. tagelang, betrieben werden. Sie sind f\u00fcr die Verwendung an Halloween gedacht. Wenn Sie Fragen dazu haben, fragen Sie bitte.<\/em><\/p>","protected":false},"excerpt":{"rendered":"<p>Wir stellen die Fade In &amp; Out Gravebreaker Arms vor. Dank der automatischen Einblendfunktion k\u00f6nnen die Arme allm\u00e4hlich ein- und ausgeblendet werden, um die Zuschauer mit ihrer geisterhaften Anziehungskraft zu fesseln. Inklusive 3 x AAA-Batterien pro Arm Die aus Kunststoff gefertigten Leuchtarme verf\u00fcgen \u00fcber eine einzigartige Auto-Fade-Timer-Funktion, mit der sie allm\u00e4hlich ein- und ausgeblendet werden, um ein [...]<\/p>","protected":false},"featured_media":483451,"comment_status":"closed","ping_status":"closed","template":"","meta":{"_acf_changed":false},"product_brand":[],"product_cat":[10117,10108,6550,6547,6549],"product_tag":[],"class_list":{"0":"post-483449","1":"product","2":"type-product","3":"status-publish","4":"has-post-thumbnail","6":"product_cat-halloween-essentials","7":"product_cat-light-up-halloween-decorations","8":"product_cat-graveyard-decorations","9":"product_cat-decorations","10":"product_cat-haunted-house","12":"first","13":"instock","14":"taxable","15":"shipping-taxable","16":"purchasable","17":"product-type-simple"},"supplier_id":467907,"supplier_sku":"6352","barcode":"71765042703","atum_controlled":true,"out_stock_date":null,"out_stock_threshold":null,"inheritable":false,"inbound_stock":25,"stock_on_hold":0,"sold_today":0,"sales_last_days":0,"reserved_stock":0,"customer_returns":0,"warehouse_damage":0,"lost_in_post":0,"other_logs":0,"out_stock_days":0,"lost_sales":0,"has_location":false,"update_date":"2026-04-07T01:48:39","atum_locations":[],"atum_stock_status":"instock","restock_status":false,"low_stock_amount":4,"sales_update_date":"2026-04-07T01:48:38","calc_backorders":null,"acf":[],"yoast_head":"<!-- This site is optimized with the Yoast SEO plugin v27.3 - https:\/\/yoast.com\/product\/yoast-seo-wordpress\/ -->\n<title>Fade In &amp; Out Gravebreaker Arms | Mad About Horror<\/title>\n<meta name=\"description\" content=\"Battery operated Fade In &amp; Out Gravebreaker Arms Halloween decoration. Now available at Mad About Horror, Europe&#039;s leading Horror and Halloween specialist.\" \/>\n<meta name=\"robots\" content=\"index, follow, max-snippet:-1, max-image-preview:large, max-video-preview:-1\" \/>\n<link rel=\"canonical\" href=\"https:\/\/madabouthorror.co.uk\/de\/product\/fade-in-out-gravebreaker-arms\/\" \/>\n<meta property=\"og:locale\" content=\"de_DE\" \/>\n<meta property=\"og:type\" content=\"article\" \/>\n<meta property=\"og:title\" content=\"Fade In &amp; Out Gravebreaker Arms | Mad About Horror\" \/>\n<meta property=\"og:description\" content=\"Battery operated Fade In &amp; Out Gravebreaker Arms Halloween decoration. Now available at Mad About Horror, Europe&#039;s leading Horror and Halloween specialist.\" \/>\n<meta property=\"og:url\" content=\"https:\/\/madabouthorror.co.uk\/de\/product\/fade-in-out-gravebreaker-arms\/\" \/>\n<meta property=\"og:site_name\" content=\"Mad About Horror\" \/>\n<meta property=\"article:publisher\" content=\"https:\/\/www.facebook.com\/madabouthorror\/\" \/>\n<meta property=\"article:modified_time\" content=\"2026-01-27T16:29:37+00:00\" \/>\n<meta property=\"og:image\" content=\"https:\/\/madabouthorror.co.uk\/wp-content\/uploads\/2024\/04\/fade-in-out-grave-breaker-hands.jpg\" \/>\n\t<meta property=\"og:image:width\" content=\"1500\" \/>\n\t<meta property=\"og:image:height\" content=\"1500\" \/>\n\t<meta property=\"og:image:type\" content=\"image\/jpeg\" \/>\n<meta name=\"twitter:card\" content=\"summary_large_image\" \/>\n<meta name=\"twitter:label1\" content=\"Gesch\u00e4tzte Lesezeit\" \/>\n\t<meta name=\"twitter:data1\" content=\"1\u00a0Minute\" \/>\n<script type=\"application\/ld+json\" class=\"yoast-schema-graph\">{\"@context\":\"https:\\\/\\\/schema.org\",\"@graph\":[{\"@type\":[\"WebPage\",\"ItemPage\"],\"@id\":\"https:\\\/\\\/madabouthorror.co.uk\\\/product\\\/fade-in-out-gravebreaker-arms\\\/\",\"url\":\"https:\\\/\\\/madabouthorror.co.uk\\\/product\\\/fade-in-out-gravebreaker-arms\\\/\",\"name\":\"Fade In & Out Gravebreaker Arms | Mad About Horror\",\"isPartOf\":{\"@id\":\"https:\\\/\\\/madabouthorror.co.uk\\\/#website\"},\"primaryImageOfPage\":{\"@id\":\"https:\\\/\\\/madabouthorror.co.uk\\\/product\\\/fade-in-out-gravebreaker-arms\\\/#primaryimage\"},\"image\":{\"@id\":\"https:\\\/\\\/madabouthorror.co.uk\\\/product\\\/fade-in-out-gravebreaker-arms\\\/#primaryimage\"},\"thumbnailUrl\":\"https:\\\/\\\/madabouthorror.co.uk\\\/wp-content\\\/uploads\\\/2024\\\/04\\\/fade-in-out-grave-breaker-hands.jpg\",\"datePublished\":\"2024-04-25T13:27:48+00:00\",\"dateModified\":\"2026-01-27T16:29:37+00:00\",\"description\":\"Battery operated Fade In & Out Gravebreaker Arms Halloween decoration. Now available at Mad About Horror, Europe's leading Horror and Halloween specialist.\",\"breadcrumb\":{\"@id\":\"https:\\\/\\\/madabouthorror.co.uk\\\/product\\\/fade-in-out-gravebreaker-arms\\\/#breadcrumb\"},\"inLanguage\":\"de\",\"potentialAction\":[{\"@type\":\"ReadAction\",\"target\":[\"https:\\\/\\\/madabouthorror.co.uk\\\/product\\\/fade-in-out-gravebreaker-arms\\\/\"]}]},{\"@type\":\"ImageObject\",\"inLanguage\":\"de\",\"@id\":\"https:\\\/\\\/madabouthorror.co.uk\\\/product\\\/fade-in-out-gravebreaker-arms\\\/#primaryimage\",\"url\":\"https:\\\/\\\/madabouthorror.co.uk\\\/wp-content\\\/uploads\\\/2024\\\/04\\\/fade-in-out-grave-breaker-hands.jpg\",\"contentUrl\":\"https:\\\/\\\/madabouthorror.co.uk\\\/wp-content\\\/uploads\\\/2024\\\/04\\\/fade-in-out-grave-breaker-hands.jpg\",\"width\":1500,\"height\":1500,\"caption\":\"halloween decoration\"},{\"@type\":\"BreadcrumbList\",\"@id\":\"https:\\\/\\\/madabouthorror.co.uk\\\/product\\\/fade-in-out-gravebreaker-arms\\\/#breadcrumb\",\"itemListElement\":[{\"@type\":\"ListItem\",\"position\":1,\"name\":\"Shop\",\"item\":\"https:\\\/\\\/madabouthorror.co.uk\\\/shop\\\/\"},{\"@type\":\"ListItem\",\"position\":2,\"name\":\"Fade In &#038; Out Gravebreaker Arms\"}]},{\"@type\":\"WebSite\",\"@id\":\"https:\\\/\\\/madabouthorror.co.uk\\\/#website\",\"url\":\"https:\\\/\\\/madabouthorror.co.uk\\\/\",\"name\":\"Mad About Horror\",\"description\":\"\",\"publisher\":{\"@id\":\"https:\\\/\\\/madabouthorror.co.uk\\\/#organization\"},\"alternateName\":\"Mad About Horror Limited\",\"potentialAction\":[{\"@type\":\"SearchAction\",\"target\":{\"@type\":\"EntryPoint\",\"urlTemplate\":\"https:\\\/\\\/madabouthorror.co.uk\\\/?s={search_term_string}\"},\"query-input\":{\"@type\":\"PropertyValueSpecification\",\"valueRequired\":true,\"valueName\":\"search_term_string\"}}],\"inLanguage\":\"de\"},{\"@type\":\"Organization\",\"@id\":\"https:\\\/\\\/madabouthorror.co.uk\\\/#organization\",\"name\":\"Mad About Horror\",\"url\":\"https:\\\/\\\/madabouthorror.co.uk\\\/\",\"logo\":{\"@type\":\"ImageObject\",\"inLanguage\":\"de\",\"@id\":\"https:\\\/\\\/madabouthorror.co.uk\\\/#\\\/schema\\\/logo\\\/image\\\/\",\"url\":\"https:\\\/\\\/madabouthorror.co.uk\\\/wp-content\\\/uploads\\\/2024\\\/02\\\/cropped-Logo.png\",\"contentUrl\":\"https:\\\/\\\/madabouthorror.co.uk\\\/wp-content\\\/uploads\\\/2024\\\/02\\\/cropped-Logo.png\",\"width\":240,\"height\":88,\"caption\":\"Mad About Horror\"},\"image\":{\"@id\":\"https:\\\/\\\/madabouthorror.co.uk\\\/#\\\/schema\\\/logo\\\/image\\\/\"},\"sameAs\":[\"https:\\\/\\\/www.facebook.com\\\/madabouthorror\\\/\",\"https:\\\/\\\/www.instagram.com\\\/madabouthorror\\\/\",\"https:\\\/\\\/www.pinterest.co.uk\\\/madabouthorror\\\/\",\"https:\\\/\\\/www.youtube.com\\\/channel\\\/UCBooLOIxjoQ89dj6T5lWm_w\",\"https:\\\/\\\/www.tiktok.com\\\/@weremadabouthorror\"]}]}<\/script>\n<!-- \/ Yoast SEO plugin. -->","yoast_head_json":{"title":"Ein- und Ausblenden von Gravebreaker Arms | Mad About Horror","description":"Batteriebetriebene Fade In &amp; Out Gravebreaker Arms Halloween Dekoration. Jetzt erh\u00e4ltlich bei Mad About Horror, Europas f\u00fchrendem Horror- und Halloween-Spezialisten.","robots":{"index":"index","follow":"follow","max-snippet":"max-snippet:-1","max-image-preview":"max-image-preview:large","max-video-preview":"max-video-preview:-1"},"canonical":"https:\/\/madabouthorror.co.uk\/de\/product\/fade-in-out-gravebreaker-arms\/","og_locale":"de_DE","og_type":"article","og_title":"Fade In & Out Gravebreaker Arms | Mad About Horror","og_description":"Battery operated Fade In & Out Gravebreaker Arms Halloween decoration. Now available at Mad About Horror, Europe's leading Horror and Halloween specialist.","og_url":"https:\/\/madabouthorror.co.uk\/de\/product\/fade-in-out-gravebreaker-arms\/","og_site_name":"Mad About Horror","article_publisher":"https:\/\/www.facebook.com\/madabouthorror\/","article_modified_time":"2026-01-27T16:29:37+00:00","og_image":[{"width":1500,"height":1500,"url":"https:\/\/madabouthorror.co.uk\/wp-content\/uploads\/2024\/04\/fade-in-out-grave-breaker-hands.jpg","type":"image\/jpeg"}],"twitter_card":"summary_large_image","twitter_misc":{"Gesch\u00e4tzte Lesezeit":"1\u00a0Minute"},"schema":{"@context":"https:\/\/schema.org","@graph":[{"@type":["WebPage","ItemPage"],"@id":"https:\/\/madabouthorror.co.uk\/product\/fade-in-out-gravebreaker-arms\/","url":"https:\/\/madabouthorror.co.uk\/product\/fade-in-out-gravebreaker-arms\/","name":"Ein- und Ausblenden von Gravebreaker Arms | Mad About Horror","isPartOf":{"@id":"https:\/\/madabouthorror.co.uk\/#website"},"primaryImageOfPage":{"@id":"https:\/\/madabouthorror.co.uk\/product\/fade-in-out-gravebreaker-arms\/#primaryimage"},"image":{"@id":"https:\/\/madabouthorror.co.uk\/product\/fade-in-out-gravebreaker-arms\/#primaryimage"},"thumbnailUrl":"https:\/\/madabouthorror.co.uk\/wp-content\/uploads\/2024\/04\/fade-in-out-grave-breaker-hands.jpg","datePublished":"2024-04-25T13:27:48+00:00","dateModified":"2026-01-27T16:29:37+00:00","description":"Batteriebetriebene Fade In &amp; Out Gravebreaker Arms Halloween Dekoration. Jetzt erh\u00e4ltlich bei Mad About Horror, Europas f\u00fchrendem Horror- und Halloween-Spezialisten.","breadcrumb":{"@id":"https:\/\/madabouthorror.co.uk\/product\/fade-in-out-gravebreaker-arms\/#breadcrumb"},"inLanguage":"de","potentialAction":[{"@type":"ReadAction","target":["https:\/\/madabouthorror.co.uk\/product\/fade-in-out-gravebreaker-arms\/"]}]},{"@type":"ImageObject","inLanguage":"de","@id":"https:\/\/madabouthorror.co.uk\/product\/fade-in-out-gravebreaker-arms\/#primaryimage","url":"https:\/\/madabouthorror.co.uk\/wp-content\/uploads\/2024\/04\/fade-in-out-grave-breaker-hands.jpg","contentUrl":"https:\/\/madabouthorror.co.uk\/wp-content\/uploads\/2024\/04\/fade-in-out-grave-breaker-hands.jpg","width":1500,"height":1500,"caption":"halloween decoration"},{"@type":"BreadcrumbList","@id":"https:\/\/madabouthorror.co.uk\/product\/fade-in-out-gravebreaker-arms\/#breadcrumb","itemListElement":[{"@type":"ListItem","position":1,"name":"Shop","item":"https:\/\/madabouthorror.co.uk\/shop\/"},{"@type":"ListItem","position":2,"name":"Fade In &#038; Out Gravebreaker Arms"}]},{"@type":"WebSite","@id":"https:\/\/madabouthorror.co.uk\/#website","url":"https:\/\/madabouthorror.co.uk\/","name":"Verr\u00fcckt nach Horror","description":"","publisher":{"@id":"https:\/\/madabouthorror.co.uk\/#organization"},"alternateName":"Mad About Horror Limited","potentialAction":[{"@type":"SearchAction","target":{"@type":"EntryPoint","urlTemplate":"https:\/\/madabouthorror.co.uk\/?s={search_term_string}"},"query-input":{"@type":"PropertyValueSpecification","valueRequired":true,"valueName":"search_term_string"}}],"inLanguage":"de"},{"@type":"Organization","@id":"https:\/\/madabouthorror.co.uk\/#organization","name":"Verr\u00fcckt nach Horror","url":"https:\/\/madabouthorror.co.uk\/","logo":{"@type":"ImageObject","inLanguage":"de","@id":"https:\/\/madabouthorror.co.uk\/#\/schema\/logo\/image\/","url":"https:\/\/madabouthorror.co.uk\/wp-content\/uploads\/2024\/02\/cropped-Logo.png","contentUrl":"https:\/\/madabouthorror.co.uk\/wp-content\/uploads\/2024\/02\/cropped-Logo.png","width":240,"height":88,"caption":"Mad About Horror"},"image":{"@id":"https:\/\/madabouthorror.co.uk\/#\/schema\/logo\/image\/"},"sameAs":["https:\/\/www.facebook.com\/madabouthorror\/","https:\/\/www.instagram.com\/madabouthorror\/","https:\/\/www.pinterest.co.uk\/madabouthorror\/","https:\/\/www.youtube.com\/channel\/UCBooLOIxjoQ89dj6T5lWm_w","https:\/\/www.tiktok.com\/@weremadabouthorror"]}]}},"df_price":19.74,"df_sale_price":"","df_regular_price":19.74,"df_image_link":"https:\/\/madabouthorror.co.uk\/wp-content\/uploads\/2024\/04\/fade-in-out-grave-breaker-hands-300x300.jpg","_links":{"self":[{"href":"https:\/\/madabouthorror.co.uk\/de\/wp-json\/wp\/v2\/product\/483449","targetHints":{"allow":["GET"]}}],"collection":[{"href":"https:\/\/madabouthorror.co.uk\/de\/wp-json\/wp\/v2\/product"}],"about":[{"href":"https:\/\/madabouthorror.co.uk\/de\/wp-json\/wp\/v2\/types\/product"}],"replies":[{"embeddable":true,"href":"https:\/\/madabouthorror.co.uk\/de\/wp-json\/wp\/v2\/comments?post=483449"}],"wp:featuredmedia":[{"embeddable":true,"href":"https:\/\/madabouthorror.co.uk\/de\/wp-json\/wp\/v2\/media\/483451"}],"wp:attachment":[{"href":"https:\/\/madabouthorror.co.uk\/de\/wp-json\/wp\/v2\/media?parent=483449"}],"wp:term":[{"taxonomy":"product_brand","embeddable":true,"href":"https:\/\/madabouthorror.co.uk\/de\/wp-json\/wp\/v2\/product_brand?post=483449"},{"taxonomy":"product_cat","embeddable":true,"href":"https:\/\/madabouthorror.co.uk\/de\/wp-json\/wp\/v2\/product_cat?post=483449"},{"taxonomy":"product_tag","embeddable":true,"href":"https:\/\/madabouthorror.co.uk\/de\/wp-json\/wp\/v2\/product_tag?post=483449"}],"curies":[{"name":"wp","href":"https:\/\/api.w.org\/{rel}","templated":true}]}}