{"id":485266,"date":"2024-05-15T13:54:20","date_gmt":"2024-05-15T12:54:20","guid":{"rendered":"https:\/\/madabouthorror.co.uk\/?post_type=product&#038;p=485266"},"modified":"2025-10-25T19:23:19","modified_gmt":"2025-10-25T18:23:19","slug":"disney-the-nightmare-before-christmas-14-in-lighted-oogie-boogie-decoration","status":"publish","type":"product","link":"https:\/\/madabouthorror.co.uk\/de\/product\/disney-the-nightmare-before-christmas-14-in-lighted-oogie-boogie-decoration\/","title":{"rendered":"The Nightmare Before Christmas - 14\u2033 Glasfaser Oogie Boogie Ornament"},"content":{"rendered":"<p>Disney 14-in beleuchtet der Alptraum vor Weihnachten Oogie Boogie frei stehend Dekoration<\/p>\n<p style=\"font-weight: 400;\">Er wird sein Bestes geben, um Ihre Halloween-G\u00e4ste zu erschrecken! Dieses Blasform-Dekor ist dem B\u00f6sewicht Oogie Boogie aus dem Film \"The Nightmare Before Christmas\" nachempfunden. Er h\u00e4lt eine Spinne in der Hand, w\u00e4hrend seine bedrohlichen Augen und sein L\u00e4cheln mit Glasfaserlicht beleuchtet werden. Diese teuflische Figur ist eine bezaubernde Erg\u00e4nzung zu einem saisonalen Display auf einem Kaminsims, Tisch oder Regal.<\/p>\n<p><strong>Einzelheiten:<\/strong><\/p>\n<ul class=\"bullets\">\n<li>\n<p class=\"show-more\">14-In Blasform Charakter<\/p>\n<\/li>\n<li>\n<p class=\"show-more\">Beleuchtet f\u00fcr Sichtbarkeit bei Nacht<\/p>\n<\/li>\n<li>\n<p class=\"show-more\">Perfekt f\u00fcr Partys und Sammler<\/p>\n<\/li>\n<\/ul>","protected":false},"excerpt":{"rendered":"<p>Disney 14-in Lighted The Nightmare Before Christmas Oogie Boogie Free Standing Decoration Er wird sein Bestes tun, um Ihren Halloween-G\u00e4sten einen Schrecken einzujagen! Diese Blasform-Dekoration ist dem B\u00f6sewicht Oogie Boogie aus dem Film The Nightmare Before Christmas nachempfunden. Er h\u00e4lt eine Spinne in der Hand, w\u00e4hrend faseroptische Lichter aus seinen bedrohlichen Augen leuchten [...]<\/p>","protected":false},"featured_media":485268,"comment_status":"closed","ping_status":"closed","template":"","meta":{"_acf_changed":false},"product_brand":[],"product_cat":[10116,10108,6537,7036,10038,6547,6682],"product_tag":[],"class_list":{"0":"post-485266","1":"product","2":"type-product","3":"status-publish","4":"has-post-thumbnail","6":"product_cat-halloween-ornaments","7":"product_cat-light-up-halloween-decorations","8":"product_cat-collectibles","9":"product_cat-ornaments","10":"product_cat-horror-gifts","11":"product_cat-decorations","12":"product_cat-nightmarebeforechristmas","13":"product_shipping_class-small-parcel-economy-3-5-business-days","15":"first","16":"outofstock","17":"taxable","18":"shipping-taxable","19":"purchasable","20":"product-type-simple"},"supplier_id":null,"supplier_sku":"","barcode":"","atum_controlled":true,"out_stock_date":"2025-10-25 19:23:19","out_stock_threshold":null,"inheritable":false,"inbound_stock":0,"stock_on_hold":0,"sold_today":0,"sales_last_days":0,"reserved_stock":0,"customer_returns":0,"warehouse_damage":0,"lost_in_post":0,"other_logs":0,"out_stock_days":179,"lost_sales":0,"has_location":false,"update_date":"2026-04-23T00:22:40","atum_locations":[],"atum_stock_status":"outofstock","restock_status":false,"low_stock_amount":"","sales_update_date":"2026-04-23T00:22:39","calc_backorders":null,"acf":[],"yoast_head":"<!-- This site is optimized with the Yoast SEO plugin v27.4 - https:\/\/yoast.com\/product\/yoast-seo-wordpress\/ -->\n<title>The Nightmare Before Christmas - 14&quot; Fibre Optic Oogie Boogie Ornament | Mad About Horror<\/title>\n<meta name=\"description\" content=\"Officially licensed Disney Oogie Boogie Decoration. Shop Horror collectibles and Halloween props. Europe&#039;s leading horror collectibles specialist.\" \/>\n<meta name=\"robots\" content=\"index, follow, max-snippet:-1, max-image-preview:large, max-video-preview:-1\" \/>\n<link rel=\"canonical\" href=\"https:\/\/madabouthorror.co.uk\/de\/product\/disney-the-nightmare-before-christmas-14-in-lighted-oogie-boogie-decoration\/\" \/>\n<meta property=\"og:locale\" content=\"de_DE\" \/>\n<meta property=\"og:type\" content=\"article\" \/>\n<meta property=\"og:title\" content=\"The Nightmare Before Christmas - 14&quot; Fibre Optic Oogie Boogie Ornament | Mad About Horror\" \/>\n<meta property=\"og:description\" content=\"Officially licensed Disney Oogie Boogie Decoration. Shop Horror collectibles and Halloween props. Europe&#039;s leading horror collectibles specialist.\" \/>\n<meta property=\"og:url\" content=\"https:\/\/madabouthorror.co.uk\/de\/product\/disney-the-nightmare-before-christmas-14-in-lighted-oogie-boogie-decoration\/\" \/>\n<meta property=\"og:site_name\" content=\"Mad About Horror\" \/>\n<meta property=\"article:publisher\" content=\"https:\/\/www.facebook.com\/madabouthorror\/\" \/>\n<meta property=\"article:modified_time\" content=\"2025-10-25T18:23:19+00:00\" \/>\n<meta name=\"twitter:card\" content=\"summary_large_image\" \/>\n<meta name=\"twitter:label1\" content=\"Gesch\u00e4tzte Lesezeit\" \/>\n\t<meta name=\"twitter:data1\" content=\"1\u00a0Minute\" \/>\n<script type=\"application\/ld+json\" class=\"yoast-schema-graph\">{\"@context\":\"https:\\\/\\\/schema.org\",\"@graph\":[{\"@type\":[\"WebPage\",\"ItemPage\"],\"@id\":\"https:\\\/\\\/madabouthorror.co.uk\\\/product\\\/disney-the-nightmare-before-christmas-14-in-lighted-oogie-boogie-decoration\\\/\",\"url\":\"https:\\\/\\\/madabouthorror.co.uk\\\/product\\\/disney-the-nightmare-before-christmas-14-in-lighted-oogie-boogie-decoration\\\/\",\"name\":\"The Nightmare Before Christmas - 14\\\" Fibre Optic Oogie Boogie Ornament | Mad About Horror\",\"isPartOf\":{\"@id\":\"https:\\\/\\\/madabouthorror.co.uk\\\/#website\"},\"primaryImageOfPage\":{\"@id\":\"https:\\\/\\\/madabouthorror.co.uk\\\/product\\\/disney-the-nightmare-before-christmas-14-in-lighted-oogie-boogie-decoration\\\/#primaryimage\"},\"image\":{\"@id\":\"https:\\\/\\\/madabouthorror.co.uk\\\/product\\\/disney-the-nightmare-before-christmas-14-in-lighted-oogie-boogie-decoration\\\/#primaryimage\"},\"thumbnailUrl\":\"https:\\\/\\\/madabouthorror.co.uk\\\/wp-content\\\/uploads\\\/2024\\\/05\\\/43089703.jpg.avif\",\"datePublished\":\"2024-05-15T12:54:20+00:00\",\"dateModified\":\"2025-10-25T18:23:19+00:00\",\"description\":\"Officially licensed Disney Oogie Boogie Decoration. Shop Horror collectibles and Halloween props. Europe's leading horror collectibles specialist.\",\"breadcrumb\":{\"@id\":\"https:\\\/\\\/madabouthorror.co.uk\\\/product\\\/disney-the-nightmare-before-christmas-14-in-lighted-oogie-boogie-decoration\\\/#breadcrumb\"},\"inLanguage\":\"de\",\"potentialAction\":[{\"@type\":\"ReadAction\",\"target\":[\"https:\\\/\\\/madabouthorror.co.uk\\\/product\\\/disney-the-nightmare-before-christmas-14-in-lighted-oogie-boogie-decoration\\\/\"]}]},{\"@type\":\"ImageObject\",\"inLanguage\":\"de\",\"@id\":\"https:\\\/\\\/madabouthorror.co.uk\\\/product\\\/disney-the-nightmare-before-christmas-14-in-lighted-oogie-boogie-decoration\\\/#primaryimage\",\"url\":\"https:\\\/\\\/madabouthorror.co.uk\\\/wp-content\\\/uploads\\\/2024\\\/05\\\/43089703.jpg.avif\",\"contentUrl\":\"https:\\\/\\\/madabouthorror.co.uk\\\/wp-content\\\/uploads\\\/2024\\\/05\\\/43089703.jpg.avif\",\"width\":646,\"height\":646},{\"@type\":\"BreadcrumbList\",\"@id\":\"https:\\\/\\\/madabouthorror.co.uk\\\/product\\\/disney-the-nightmare-before-christmas-14-in-lighted-oogie-boogie-decoration\\\/#breadcrumb\",\"itemListElement\":[{\"@type\":\"ListItem\",\"position\":1,\"name\":\"Shop\",\"item\":\"https:\\\/\\\/madabouthorror.co.uk\\\/shop\\\/\"},{\"@type\":\"ListItem\",\"position\":2,\"name\":\"The Nightmare Before Christmas &#8211; 14&#8243; Fibre Optic Oogie Boogie Ornament\"}]},{\"@type\":\"WebSite\",\"@id\":\"https:\\\/\\\/madabouthorror.co.uk\\\/#website\",\"url\":\"https:\\\/\\\/madabouthorror.co.uk\\\/\",\"name\":\"Mad About Horror\",\"description\":\"\",\"publisher\":{\"@id\":\"https:\\\/\\\/madabouthorror.co.uk\\\/#organization\"},\"alternateName\":\"Mad About Horror Limited\",\"potentialAction\":[{\"@type\":\"SearchAction\",\"target\":{\"@type\":\"EntryPoint\",\"urlTemplate\":\"https:\\\/\\\/madabouthorror.co.uk\\\/?s={search_term_string}\"},\"query-input\":{\"@type\":\"PropertyValueSpecification\",\"valueRequired\":true,\"valueName\":\"search_term_string\"}}],\"inLanguage\":\"de\"},{\"@type\":\"Organization\",\"@id\":\"https:\\\/\\\/madabouthorror.co.uk\\\/#organization\",\"name\":\"Mad About Horror\",\"url\":\"https:\\\/\\\/madabouthorror.co.uk\\\/\",\"logo\":{\"@type\":\"ImageObject\",\"inLanguage\":\"de\",\"@id\":\"https:\\\/\\\/madabouthorror.co.uk\\\/#\\\/schema\\\/logo\\\/image\\\/\",\"url\":\"https:\\\/\\\/madabouthorror.co.uk\\\/wp-content\\\/uploads\\\/2024\\\/02\\\/cropped-Logo.png\",\"contentUrl\":\"https:\\\/\\\/madabouthorror.co.uk\\\/wp-content\\\/uploads\\\/2024\\\/02\\\/cropped-Logo.png\",\"width\":240,\"height\":88,\"caption\":\"Mad About Horror\"},\"image\":{\"@id\":\"https:\\\/\\\/madabouthorror.co.uk\\\/#\\\/schema\\\/logo\\\/image\\\/\"},\"sameAs\":[\"https:\\\/\\\/www.facebook.com\\\/madabouthorror\\\/\",\"https:\\\/\\\/www.instagram.com\\\/madabouthorror\\\/\",\"https:\\\/\\\/www.pinterest.co.uk\\\/madabouthorror\\\/\",\"https:\\\/\\\/www.youtube.com\\\/channel\\\/UCBooLOIxjoQ89dj6T5lWm_w\",\"https:\\\/\\\/www.tiktok.com\\\/@weremadabouthorror\"]}]}<\/script>\n<!-- \/ Yoast SEO plugin. -->","yoast_head_json":{"title":"The Nightmare Before Christmas - 14\" Glasfaser Oogie Boogie Ornament | Mad About Horror","description":"Offiziell lizenzierte Disney Oogie Boogie Dekoration. Shop Horror-Sammlerst\u00fccke und Halloween-Requisiten. Europas f\u00fchrender Spezialist f\u00fcr Horror-Sammlerst\u00fccke.","robots":{"index":"index","follow":"follow","max-snippet":"max-snippet:-1","max-image-preview":"max-image-preview:large","max-video-preview":"max-video-preview:-1"},"canonical":"https:\/\/madabouthorror.co.uk\/de\/product\/disney-the-nightmare-before-christmas-14-in-lighted-oogie-boogie-decoration\/","og_locale":"de_DE","og_type":"article","og_title":"The Nightmare Before Christmas - 14\" Fibre Optic Oogie Boogie Ornament | Mad About Horror","og_description":"Officially licensed Disney Oogie Boogie Decoration. Shop Horror collectibles and Halloween props. Europe's leading horror collectibles specialist.","og_url":"https:\/\/madabouthorror.co.uk\/de\/product\/disney-the-nightmare-before-christmas-14-in-lighted-oogie-boogie-decoration\/","og_site_name":"Mad About Horror","article_publisher":"https:\/\/www.facebook.com\/madabouthorror\/","article_modified_time":"2025-10-25T18:23:19+00:00","twitter_card":"summary_large_image","twitter_misc":{"Gesch\u00e4tzte Lesezeit":"1\u00a0Minute"},"schema":{"@context":"https:\/\/schema.org","@graph":[{"@type":["WebPage","ItemPage"],"@id":"https:\/\/madabouthorror.co.uk\/product\/disney-the-nightmare-before-christmas-14-in-lighted-oogie-boogie-decoration\/","url":"https:\/\/madabouthorror.co.uk\/product\/disney-the-nightmare-before-christmas-14-in-lighted-oogie-boogie-decoration\/","name":"The Nightmare Before Christmas - 14\" Glasfaser Oogie Boogie Ornament | Mad About Horror","isPartOf":{"@id":"https:\/\/madabouthorror.co.uk\/#website"},"primaryImageOfPage":{"@id":"https:\/\/madabouthorror.co.uk\/product\/disney-the-nightmare-before-christmas-14-in-lighted-oogie-boogie-decoration\/#primaryimage"},"image":{"@id":"https:\/\/madabouthorror.co.uk\/product\/disney-the-nightmare-before-christmas-14-in-lighted-oogie-boogie-decoration\/#primaryimage"},"thumbnailUrl":"https:\/\/madabouthorror.co.uk\/wp-content\/uploads\/2024\/05\/43089703.jpg.avif","datePublished":"2024-05-15T12:54:20+00:00","dateModified":"2025-10-25T18:23:19+00:00","description":"Offiziell lizenzierte Disney Oogie Boogie Dekoration. Shop Horror-Sammlerst\u00fccke und Halloween-Requisiten. Europas f\u00fchrender Spezialist f\u00fcr Horror-Sammlerst\u00fccke.","breadcrumb":{"@id":"https:\/\/madabouthorror.co.uk\/product\/disney-the-nightmare-before-christmas-14-in-lighted-oogie-boogie-decoration\/#breadcrumb"},"inLanguage":"de","potentialAction":[{"@type":"ReadAction","target":["https:\/\/madabouthorror.co.uk\/product\/disney-the-nightmare-before-christmas-14-in-lighted-oogie-boogie-decoration\/"]}]},{"@type":"ImageObject","inLanguage":"de","@id":"https:\/\/madabouthorror.co.uk\/product\/disney-the-nightmare-before-christmas-14-in-lighted-oogie-boogie-decoration\/#primaryimage","url":"https:\/\/madabouthorror.co.uk\/wp-content\/uploads\/2024\/05\/43089703.jpg.avif","contentUrl":"https:\/\/madabouthorror.co.uk\/wp-content\/uploads\/2024\/05\/43089703.jpg.avif","width":646,"height":646},{"@type":"BreadcrumbList","@id":"https:\/\/madabouthorror.co.uk\/product\/disney-the-nightmare-before-christmas-14-in-lighted-oogie-boogie-decoration\/#breadcrumb","itemListElement":[{"@type":"ListItem","position":1,"name":"Shop","item":"https:\/\/madabouthorror.co.uk\/shop\/"},{"@type":"ListItem","position":2,"name":"The Nightmare Before Christmas &#8211; 14&#8243; Fibre Optic Oogie Boogie Ornament"}]},{"@type":"WebSite","@id":"https:\/\/madabouthorror.co.uk\/#website","url":"https:\/\/madabouthorror.co.uk\/","name":"Verr\u00fcckt nach Horror","description":"","publisher":{"@id":"https:\/\/madabouthorror.co.uk\/#organization"},"alternateName":"Mad About Horror Limited","potentialAction":[{"@type":"SearchAction","target":{"@type":"EntryPoint","urlTemplate":"https:\/\/madabouthorror.co.uk\/?s={search_term_string}"},"query-input":{"@type":"PropertyValueSpecification","valueRequired":true,"valueName":"search_term_string"}}],"inLanguage":"de"},{"@type":"Organization","@id":"https:\/\/madabouthorror.co.uk\/#organization","name":"Verr\u00fcckt nach Horror","url":"https:\/\/madabouthorror.co.uk\/","logo":{"@type":"ImageObject","inLanguage":"de","@id":"https:\/\/madabouthorror.co.uk\/#\/schema\/logo\/image\/","url":"https:\/\/madabouthorror.co.uk\/wp-content\/uploads\/2024\/02\/cropped-Logo.png","contentUrl":"https:\/\/madabouthorror.co.uk\/wp-content\/uploads\/2024\/02\/cropped-Logo.png","width":240,"height":88,"caption":"Mad About Horror"},"image":{"@id":"https:\/\/madabouthorror.co.uk\/#\/schema\/logo\/image\/"},"sameAs":["https:\/\/www.facebook.com\/madabouthorror\/","https:\/\/www.instagram.com\/madabouthorror\/","https:\/\/www.pinterest.co.uk\/madabouthorror\/","https:\/\/www.youtube.com\/channel\/UCBooLOIxjoQ89dj6T5lWm_w","https:\/\/www.tiktok.com\/@weremadabouthorror"]}]}},"df_price":46.83,"df_sale_price":"","df_regular_price":46.83,"df_image_link":"https:\/\/madabouthorror.co.uk\/wp-content\/uploads\/2024\/05\/43089703.jpg-300x300.avif","_links":{"self":[{"href":"https:\/\/madabouthorror.co.uk\/de\/wp-json\/wp\/v2\/product\/485266","targetHints":{"allow":["GET"]}}],"collection":[{"href":"https:\/\/madabouthorror.co.uk\/de\/wp-json\/wp\/v2\/product"}],"about":[{"href":"https:\/\/madabouthorror.co.uk\/de\/wp-json\/wp\/v2\/types\/product"}],"replies":[{"embeddable":true,"href":"https:\/\/madabouthorror.co.uk\/de\/wp-json\/wp\/v2\/comments?post=485266"}],"wp:featuredmedia":[{"embeddable":true,"href":"https:\/\/madabouthorror.co.uk\/de\/wp-json\/wp\/v2\/media\/485268"}],"wp:attachment":[{"href":"https:\/\/madabouthorror.co.uk\/de\/wp-json\/wp\/v2\/media?parent=485266"}],"wp:term":[{"taxonomy":"product_brand","embeddable":true,"href":"https:\/\/madabouthorror.co.uk\/de\/wp-json\/wp\/v2\/product_brand?post=485266"},{"taxonomy":"product_cat","embeddable":true,"href":"https:\/\/madabouthorror.co.uk\/de\/wp-json\/wp\/v2\/product_cat?post=485266"},{"taxonomy":"product_tag","embeddable":true,"href":"https:\/\/madabouthorror.co.uk\/de\/wp-json\/wp\/v2\/product_tag?post=485266"}],"curies":[{"name":"wp","href":"https:\/\/api.w.org\/{rel}","templated":true}]}}