{"id":485711,"date":"2024-05-21T11:04:33","date_gmt":"2024-05-21T10:04:33","guid":{"rendered":"https:\/\/madabouthorror.co.uk\/?post_type=product&#038;p=485711"},"modified":"2025-12-10T05:55:17","modified_gmt":"2025-12-10T05:55:17","slug":"oogie-boogie-animated-plush","status":"publish","type":"product","link":"https:\/\/madabouthorror.co.uk\/de\/product\/oogie-boogie-animated-plush\/","title":{"rendered":"Nightmare Before Christmas - Oogie Boogie Animated Pl\u00fcsch"},"content":{"rendered":"<p>Jetzt ist Oogie Boogie an der Reihe zu gl\u00e4nzen! Fans von The Nightmare Before Christmas werden diese animierte Oogie Boogie-Figur lieben. Oogie Boogie ist mit seinem kultigen gr\u00fcnen Sackleinen bekleidet und bewegt sich zu einer Instrumentalversion von \"Oogie Boogie's Song\" hin und her. Er ist ein fantastisches Halloween-Geschenk oder eine perfekte Party-Dekoration.<\/p>\n<div>\n<div><b>F\u00fcr die \u00fcberdachte Veranda oder f\u00fcr den Innenbereich.<\/b> <i>Bei Verwendung im Freien vor Witterungseinfl\u00fcssen sch\u00fctzen und nicht \u00fcber einen l\u00e4ngeren Zeitraum im Freien stehen lassen.<\/i><\/div>\n<div><\/div>\n<div><b>Bitte beachten:<\/b><i> Diese Requisiten sind nicht f\u00fcr den intensiven kommerziellen Gebrauch geeignet, d. h. sie sollten nicht \u00fcber l\u00e4ngere Zeitr\u00e4ume, z. B. tagelang, betrieben werden. Sie sind f\u00fcr die Verwendung an Halloween gedacht. Wenn Sie Fragen dazu haben, fragen Sie bitte.<\/i><\/div>\n<\/div>","protected":false},"excerpt":{"rendered":"<p>Jetzt ist Oogie Boogie an der Reihe zu gl\u00e4nzen! Fans von The Nightmare Before Christmas werden diese animierte Oogie Boogie-Figur lieben. Oogie Boogie ist mit seinem kultigen gr\u00fcnen Sackleinen bekleidet und bewegt sich zu einer Instrumentalversion von \"Oogie Boogie's Song\" hin und her. Er ist ein fantastisches Halloween-Geschenk oder eine perfekte Party-Dekoration. F\u00fcr die \u00fcberdachte Veranda oder den Innenbereich geeignet. [...]<\/p>","protected":false},"featured_media":485716,"comment_status":"closed","ping_status":"closed","template":"","meta":{"_acf_changed":false},"product_brand":[],"product_cat":[6538,10068,10041,10093,6537,10094,10038,6547,6577,6682],"product_tag":[],"class_list":{"0":"post-485711","1":"product","2":"type-product","3":"status-publish","4":"has-post-thumbnail","6":"product_cat-figures","7":"product_cat-halloween-decorations-2025","8":"product_cat-gifts-under-50","9":"product_cat-indoor-halloween-decorations","10":"product_cat-collectibles","11":"product_cat-outdoor-halloween-decorations","12":"product_cat-horror-gifts","13":"product_cat-decorations","14":"product_cat-plush","15":"product_cat-nightmarebeforechristmas","16":"product_shipping_class-small-parcel-economy-3-5-business-days","18":"first","19":"outofstock","20":"taxable","21":"shipping-taxable","22":"purchasable","23":"product-type-simple"},"supplier_id":null,"supplier_sku":"1006134269","barcode":"191245217695","atum_controlled":true,"out_stock_date":"2025-12-10 05:55:18","out_stock_threshold":null,"inheritable":false,"inbound_stock":0,"stock_on_hold":0,"sold_today":0,"sales_last_days":0,"reserved_stock":0,"customer_returns":0,"warehouse_damage":0,"lost_in_post":0,"other_logs":0,"out_stock_days":124,"lost_sales":796,"has_location":false,"update_date":"2026-04-14T00:18:19","atum_locations":[],"atum_stock_status":"outofstock","restock_status":false,"low_stock_amount":"","sales_update_date":"2026-04-14T00:18:18","calc_backorders":null,"acf":[],"yoast_head":"<!-- This site is optimized with the Yoast SEO plugin v27.4 - https:\/\/yoast.com\/product\/yoast-seo-wordpress\/ -->\n<title>Nightmare Before Christmas - Oogie Boogie Animated Plush | Mad About Horror<\/title>\n<meta name=\"description\" content=\"Disney&#039;s 14&quot; Oogie Boogie Music Animated Plush The Nightmare Before Christmas. Shop Horror collectibles and Halloween props at Mad About Horror.\" \/>\n<meta name=\"robots\" content=\"index, follow, max-snippet:-1, max-image-preview:large, max-video-preview:-1\" \/>\n<link rel=\"canonical\" href=\"https:\/\/madabouthorror.co.uk\/de\/product\/oogie-boogie-animated-plush\/\" \/>\n<meta property=\"og:locale\" content=\"de_DE\" \/>\n<meta property=\"og:type\" content=\"article\" \/>\n<meta property=\"og:title\" content=\"Nightmare Before Christmas - Oogie Boogie Animated Plush | Mad About Horror\" \/>\n<meta property=\"og:description\" content=\"Disney&#039;s 14&quot; Oogie Boogie Music Animated Plush The Nightmare Before Christmas. Shop Horror collectibles and Halloween props at Mad About Horror.\" \/>\n<meta property=\"og:url\" content=\"https:\/\/madabouthorror.co.uk\/de\/product\/oogie-boogie-animated-plush\/\" \/>\n<meta property=\"og:site_name\" content=\"Mad About Horror\" \/>\n<meta property=\"article:publisher\" content=\"https:\/\/www.facebook.com\/madabouthorror\/\" \/>\n<meta property=\"article:modified_time\" content=\"2025-12-10T05:55:17+00:00\" \/>\n<meta property=\"og:image\" content=\"https:\/\/madabouthorror.co.uk\/wp-content\/uploads\/2024\/05\/Untitled-1-1.jpg\" \/>\n\t<meta property=\"og:image:width\" content=\"1890\" \/>\n\t<meta property=\"og:image:height\" content=\"1890\" \/>\n\t<meta property=\"og:image:type\" content=\"image\/jpeg\" \/>\n<meta name=\"twitter:card\" content=\"summary_large_image\" \/>\n<meta name=\"twitter:label1\" content=\"Gesch\u00e4tzte Lesezeit\" \/>\n\t<meta name=\"twitter:data1\" content=\"1\u00a0Minute\" \/>\n<script type=\"application\/ld+json\" class=\"yoast-schema-graph\">{\"@context\":\"https:\\\/\\\/schema.org\",\"@graph\":[{\"@type\":[\"WebPage\",\"ItemPage\"],\"@id\":\"https:\\\/\\\/madabouthorror.co.uk\\\/product\\\/oogie-boogie-animated-plush\\\/\",\"url\":\"https:\\\/\\\/madabouthorror.co.uk\\\/product\\\/oogie-boogie-animated-plush\\\/\",\"name\":\"Nightmare Before Christmas - Oogie Boogie Animated Plush | Mad About Horror\",\"isPartOf\":{\"@id\":\"https:\\\/\\\/madabouthorror.co.uk\\\/#website\"},\"primaryImageOfPage\":{\"@id\":\"https:\\\/\\\/madabouthorror.co.uk\\\/product\\\/oogie-boogie-animated-plush\\\/#primaryimage\"},\"image\":{\"@id\":\"https:\\\/\\\/madabouthorror.co.uk\\\/product\\\/oogie-boogie-animated-plush\\\/#primaryimage\"},\"thumbnailUrl\":\"https:\\\/\\\/madabouthorror.co.uk\\\/wp-content\\\/uploads\\\/2024\\\/05\\\/Untitled-1-1.jpg\",\"datePublished\":\"2024-05-21T10:04:33+00:00\",\"dateModified\":\"2025-12-10T05:55:17+00:00\",\"description\":\"Disney's 14\\\" Oogie Boogie Music Animated Plush The Nightmare Before Christmas. Shop Horror collectibles and Halloween props at Mad About Horror.\",\"breadcrumb\":{\"@id\":\"https:\\\/\\\/madabouthorror.co.uk\\\/product\\\/oogie-boogie-animated-plush\\\/#breadcrumb\"},\"inLanguage\":\"de\",\"potentialAction\":[{\"@type\":\"ReadAction\",\"target\":[\"https:\\\/\\\/madabouthorror.co.uk\\\/product\\\/oogie-boogie-animated-plush\\\/\"]}]},{\"@type\":\"ImageObject\",\"inLanguage\":\"de\",\"@id\":\"https:\\\/\\\/madabouthorror.co.uk\\\/product\\\/oogie-boogie-animated-plush\\\/#primaryimage\",\"url\":\"https:\\\/\\\/madabouthorror.co.uk\\\/wp-content\\\/uploads\\\/2024\\\/05\\\/Untitled-1-1.jpg\",\"contentUrl\":\"https:\\\/\\\/madabouthorror.co.uk\\\/wp-content\\\/uploads\\\/2024\\\/05\\\/Untitled-1-1.jpg\",\"width\":1890,\"height\":1890},{\"@type\":\"BreadcrumbList\",\"@id\":\"https:\\\/\\\/madabouthorror.co.uk\\\/product\\\/oogie-boogie-animated-plush\\\/#breadcrumb\",\"itemListElement\":[{\"@type\":\"ListItem\",\"position\":1,\"name\":\"Shop\",\"item\":\"https:\\\/\\\/madabouthorror.co.uk\\\/shop\\\/\"},{\"@type\":\"ListItem\",\"position\":2,\"name\":\"Nightmare Before Christmas &#8211; Oogie Boogie Animated Plush\"}]},{\"@type\":\"WebSite\",\"@id\":\"https:\\\/\\\/madabouthorror.co.uk\\\/#website\",\"url\":\"https:\\\/\\\/madabouthorror.co.uk\\\/\",\"name\":\"Mad About Horror\",\"description\":\"\",\"publisher\":{\"@id\":\"https:\\\/\\\/madabouthorror.co.uk\\\/#organization\"},\"alternateName\":\"Mad About Horror Limited\",\"potentialAction\":[{\"@type\":\"SearchAction\",\"target\":{\"@type\":\"EntryPoint\",\"urlTemplate\":\"https:\\\/\\\/madabouthorror.co.uk\\\/?s={search_term_string}\"},\"query-input\":{\"@type\":\"PropertyValueSpecification\",\"valueRequired\":true,\"valueName\":\"search_term_string\"}}],\"inLanguage\":\"de\"},{\"@type\":\"Organization\",\"@id\":\"https:\\\/\\\/madabouthorror.co.uk\\\/#organization\",\"name\":\"Mad About Horror\",\"url\":\"https:\\\/\\\/madabouthorror.co.uk\\\/\",\"logo\":{\"@type\":\"ImageObject\",\"inLanguage\":\"de\",\"@id\":\"https:\\\/\\\/madabouthorror.co.uk\\\/#\\\/schema\\\/logo\\\/image\\\/\",\"url\":\"https:\\\/\\\/madabouthorror.co.uk\\\/wp-content\\\/uploads\\\/2024\\\/02\\\/cropped-Logo.png\",\"contentUrl\":\"https:\\\/\\\/madabouthorror.co.uk\\\/wp-content\\\/uploads\\\/2024\\\/02\\\/cropped-Logo.png\",\"width\":240,\"height\":88,\"caption\":\"Mad About Horror\"},\"image\":{\"@id\":\"https:\\\/\\\/madabouthorror.co.uk\\\/#\\\/schema\\\/logo\\\/image\\\/\"},\"sameAs\":[\"https:\\\/\\\/www.facebook.com\\\/madabouthorror\\\/\",\"https:\\\/\\\/www.instagram.com\\\/madabouthorror\\\/\",\"https:\\\/\\\/www.pinterest.co.uk\\\/madabouthorror\\\/\",\"https:\\\/\\\/www.youtube.com\\\/channel\\\/UCBooLOIxjoQ89dj6T5lWm_w\",\"https:\\\/\\\/www.tiktok.com\\\/@weremadabouthorror\"]}]}<\/script>\n<!-- \/ Yoast SEO plugin. -->","yoast_head_json":{"title":"Nightmare Before Christmas - Oogie Boogie Animated Pl\u00fcsch | Mad About Horror","description":"Disney's 14\" Oogie Boogie Music Animated Plush The Nightmare Before Christmas. Shop Horror Sammlerst\u00fccke und Halloween Requisiten bei Mad About Horror.","robots":{"index":"index","follow":"follow","max-snippet":"max-snippet:-1","max-image-preview":"max-image-preview:large","max-video-preview":"max-video-preview:-1"},"canonical":"https:\/\/madabouthorror.co.uk\/de\/product\/oogie-boogie-animated-plush\/","og_locale":"de_DE","og_type":"article","og_title":"Nightmare Before Christmas - Oogie Boogie Animated Plush | Mad About Horror","og_description":"Disney's 14\" Oogie Boogie Music Animated Plush The Nightmare Before Christmas. Shop Horror collectibles and Halloween props at Mad About Horror.","og_url":"https:\/\/madabouthorror.co.uk\/de\/product\/oogie-boogie-animated-plush\/","og_site_name":"Mad About Horror","article_publisher":"https:\/\/www.facebook.com\/madabouthorror\/","article_modified_time":"2025-12-10T05:55:17+00:00","og_image":[{"width":1890,"height":1890,"url":"https:\/\/madabouthorror.co.uk\/wp-content\/uploads\/2024\/05\/Untitled-1-1.jpg","type":"image\/jpeg"}],"twitter_card":"summary_large_image","twitter_misc":{"Gesch\u00e4tzte Lesezeit":"1\u00a0Minute"},"schema":{"@context":"https:\/\/schema.org","@graph":[{"@type":["WebPage","ItemPage"],"@id":"https:\/\/madabouthorror.co.uk\/product\/oogie-boogie-animated-plush\/","url":"https:\/\/madabouthorror.co.uk\/product\/oogie-boogie-animated-plush\/","name":"Nightmare Before Christmas - Oogie Boogie Animated Pl\u00fcsch | Mad About Horror","isPartOf":{"@id":"https:\/\/madabouthorror.co.uk\/#website"},"primaryImageOfPage":{"@id":"https:\/\/madabouthorror.co.uk\/product\/oogie-boogie-animated-plush\/#primaryimage"},"image":{"@id":"https:\/\/madabouthorror.co.uk\/product\/oogie-boogie-animated-plush\/#primaryimage"},"thumbnailUrl":"https:\/\/madabouthorror.co.uk\/wp-content\/uploads\/2024\/05\/Untitled-1-1.jpg","datePublished":"2024-05-21T10:04:33+00:00","dateModified":"2025-12-10T05:55:17+00:00","description":"Disney's 14\" Oogie Boogie Music Animated Plush The Nightmare Before Christmas. Shop Horror Sammlerst\u00fccke und Halloween Requisiten bei Mad About Horror.","breadcrumb":{"@id":"https:\/\/madabouthorror.co.uk\/product\/oogie-boogie-animated-plush\/#breadcrumb"},"inLanguage":"de","potentialAction":[{"@type":"ReadAction","target":["https:\/\/madabouthorror.co.uk\/product\/oogie-boogie-animated-plush\/"]}]},{"@type":"ImageObject","inLanguage":"de","@id":"https:\/\/madabouthorror.co.uk\/product\/oogie-boogie-animated-plush\/#primaryimage","url":"https:\/\/madabouthorror.co.uk\/wp-content\/uploads\/2024\/05\/Untitled-1-1.jpg","contentUrl":"https:\/\/madabouthorror.co.uk\/wp-content\/uploads\/2024\/05\/Untitled-1-1.jpg","width":1890,"height":1890},{"@type":"BreadcrumbList","@id":"https:\/\/madabouthorror.co.uk\/product\/oogie-boogie-animated-plush\/#breadcrumb","itemListElement":[{"@type":"ListItem","position":1,"name":"Shop","item":"https:\/\/madabouthorror.co.uk\/shop\/"},{"@type":"ListItem","position":2,"name":"Nightmare Before Christmas &#8211; Oogie Boogie Animated Plush"}]},{"@type":"WebSite","@id":"https:\/\/madabouthorror.co.uk\/#website","url":"https:\/\/madabouthorror.co.uk\/","name":"Verr\u00fcckt nach Horror","description":"","publisher":{"@id":"https:\/\/madabouthorror.co.uk\/#organization"},"alternateName":"Mad About Horror Limited","potentialAction":[{"@type":"SearchAction","target":{"@type":"EntryPoint","urlTemplate":"https:\/\/madabouthorror.co.uk\/?s={search_term_string}"},"query-input":{"@type":"PropertyValueSpecification","valueRequired":true,"valueName":"search_term_string"}}],"inLanguage":"de"},{"@type":"Organization","@id":"https:\/\/madabouthorror.co.uk\/#organization","name":"Verr\u00fcckt nach Horror","url":"https:\/\/madabouthorror.co.uk\/","logo":{"@type":"ImageObject","inLanguage":"de","@id":"https:\/\/madabouthorror.co.uk\/#\/schema\/logo\/image\/","url":"https:\/\/madabouthorror.co.uk\/wp-content\/uploads\/2024\/02\/cropped-Logo.png","contentUrl":"https:\/\/madabouthorror.co.uk\/wp-content\/uploads\/2024\/02\/cropped-Logo.png","width":240,"height":88,"caption":"Mad About Horror"},"image":{"@id":"https:\/\/madabouthorror.co.uk\/#\/schema\/logo\/image\/"},"sameAs":["https:\/\/www.facebook.com\/madabouthorror\/","https:\/\/www.instagram.com\/madabouthorror\/","https:\/\/www.pinterest.co.uk\/madabouthorror\/","https:\/\/www.youtube.com\/channel\/UCBooLOIxjoQ89dj6T5lWm_w","https:\/\/www.tiktok.com\/@weremadabouthorror"]}]}},"df_price":46.83,"df_sale_price":"","df_regular_price":46.83,"df_image_link":"https:\/\/madabouthorror.co.uk\/wp-content\/uploads\/2024\/05\/Untitled-1-1-300x300.jpg","_links":{"self":[{"href":"https:\/\/madabouthorror.co.uk\/de\/wp-json\/wp\/v2\/product\/485711","targetHints":{"allow":["GET"]}}],"collection":[{"href":"https:\/\/madabouthorror.co.uk\/de\/wp-json\/wp\/v2\/product"}],"about":[{"href":"https:\/\/madabouthorror.co.uk\/de\/wp-json\/wp\/v2\/types\/product"}],"replies":[{"embeddable":true,"href":"https:\/\/madabouthorror.co.uk\/de\/wp-json\/wp\/v2\/comments?post=485711"}],"wp:featuredmedia":[{"embeddable":true,"href":"https:\/\/madabouthorror.co.uk\/de\/wp-json\/wp\/v2\/media\/485716"}],"wp:attachment":[{"href":"https:\/\/madabouthorror.co.uk\/de\/wp-json\/wp\/v2\/media?parent=485711"}],"wp:term":[{"taxonomy":"product_brand","embeddable":true,"href":"https:\/\/madabouthorror.co.uk\/de\/wp-json\/wp\/v2\/product_brand?post=485711"},{"taxonomy":"product_cat","embeddable":true,"href":"https:\/\/madabouthorror.co.uk\/de\/wp-json\/wp\/v2\/product_cat?post=485711"},{"taxonomy":"product_tag","embeddable":true,"href":"https:\/\/madabouthorror.co.uk\/de\/wp-json\/wp\/v2\/product_tag?post=485711"}],"curies":[{"name":"wp","href":"https:\/\/api.w.org\/{rel}","templated":true}]}}