{"id":48867,"date":"2021-07-12T14:56:44","date_gmt":"2021-07-12T13:56:44","guid":{"rendered":"https:\/\/mah.6bdv.ws\/product\/glynn-mckay-pro-blood-thick-1-litre\/"},"modified":"2025-08-06T15:11:33","modified_gmt":"2025-08-06T14:11:33","slug":"glynn-mckay-pro-blood-thick-1-litre","status":"publish","type":"product","link":"https:\/\/madabouthorror.co.uk\/de\/product\/glynn-mckay-pro-blood-thick-1-litre\/","title":{"rendered":"Glynn McKay - Profi-Blut 1 Liter (DICK)"},"content":{"rendered":"<p>Eine dickere Version von Problood. Seine thixotropen Eigenschaften sorgen daf\u00fcr, dass es w\u00e4hrend der Auff\u00fchrung und Aufnahme auf Schwertern, Messern, K\u00f6rpern usw. an Ort und Stelle bleibt.<\/p>\n<p>Ein nicht f\u00e4rbendes Kunstblut, 100% realistisch. Waschbar (wenn der Stoff es zul\u00e4sst), aber weichen Sie das Kleidungsst\u00fcck vor dem Waschen nicht ein, da dies den Prozess der Farbstoffentfernung beeintr\u00e4chtigen k\u00f6nnte. Wir empfehlen Ihnen, einen Patch-Test im Voraus durchzuf\u00fchren, wenn eine starke Beanspruchung zu erwarten ist.<\/p>\n<p>Kann in den Mund genommen werden, darf aber nicht in die Augen gelangen.<\/p>\n<p>Problood\u00ae wurde medizinisch auf Realismus gepr\u00fcft und hat sich bei Fernseh- und Filmaufnahmen bew\u00e4hrt. Dieses Blut ist bei TV-Maskenbildnern f\u00fcr die Simulation von Unf\u00e4llen sehr beliebt und wird auch auf der B\u00fchne in gro\u00dfen Mengen verwendet, wenn dies erforderlich ist.<\/p>\n<p>Alle Problood\u00ae-Konsistenzen sind in den Farbt\u00f6nen Original und Dark erh\u00e4ltlich. Im Nahbereich simuliert Original arterielles Blut und Dark ist perfekt f\u00fcr die Darstellung von ven\u00f6sem Blut. Bitte beachten Sie bei Film und B\u00fchne Ihre Lichteffekte.<\/p>\n<p>&nbsp;<\/p>","protected":false},"excerpt":{"rendered":"<p>Eine dickere Version von Problood. Seine thixotropen Eigenschaften sorgen daf\u00fcr, dass es w\u00e4hrend der Auff\u00fchrung und Aufnahme auf Schwertern, Messern, K\u00f6rpern usw. an Ort und Stelle bleibt. Ein nicht f\u00e4rbendes Kunstblut, 100% realistisch. Waschbar (wenn der Stoff es zul\u00e4sst), aber weichen Sie das Kleidungsst\u00fcck vor dem Waschen nicht ein, da dies den Prozess der Farbentfernung beeintr\u00e4chtigen k\u00f6nnte. Wir empfehlen die Durchf\u00fchrung einer [...]<\/p>","protected":false},"featured_media":48865,"comment_status":"closed","ping_status":"closed","template":"","meta":{"_acf_changed":false},"product_brand":[],"product_cat":[6595,6552,6543,6827],"product_tag":[],"class_list":{"0":"post-48867","1":"product","2":"type-product","3":"status-publish","4":"has-post-thumbnail","6":"product_cat-blood-prosthetics","7":"product_cat-accessories","8":"product_cat-professional","9":"product_cat-pro-range-accessories","10":"pa_blood-original","11":"pa_blood-dark","12":"pa_brand-other","13":"pa_character-other","14":"pa_google_tax-ba-artsentertainmenthobbiescr","16":"first","17":"outofstock","18":"taxable","19":"shipping-taxable","20":"purchasable","21":"product-type-variable"},"supplier_id":467456,"supplier_sku":"","barcode":"","atum_controlled":true,"out_stock_date":null,"out_stock_threshold":null,"inheritable":true,"inbound_stock":0,"stock_on_hold":0,"sold_today":0,"sales_last_days":0,"reserved_stock":0,"customer_returns":0,"warehouse_damage":0,"lost_in_post":0,"other_logs":0,"out_stock_days":0,"lost_sales":0,"has_location":false,"update_date":"2026-04-06T00:29:43","atum_locations":[],"atum_stock_status":"outofstock","restock_status":false,"low_stock_amount":"","sales_update_date":"2026-04-06T00:29:42","calc_backorders":null,"acf":[],"yoast_head":"<!-- This site is optimized with the Yoast SEO plugin v27.3 - https:\/\/yoast.com\/product\/yoast-seo-wordpress\/ -->\n<title>Glynn Mckay - Pro Blood Thick - Fake Blood<\/title>\n<meta name=\"description\" content=\"Glynn Mckay Fake Blood - Professional Use Blood available in original &amp; dark. For film, TV, scare attractions, events. Pro Blood Thick for weapons and props.\" \/>\n<meta name=\"robots\" content=\"index, follow, max-snippet:-1, max-image-preview:large, max-video-preview:-1\" \/>\n<link rel=\"canonical\" href=\"https:\/\/madabouthorror.co.uk\/de\/product\/glynn-mckay-pro-blood-thick-1-litre\/\" \/>\n<meta property=\"og:locale\" content=\"de_DE\" \/>\n<meta property=\"og:type\" content=\"article\" \/>\n<meta property=\"og:title\" content=\"Glynn Mckay - Pro Blood Thick - Fake Blood\" \/>\n<meta property=\"og:description\" content=\"Glynn Mckay Fake Blood - Professional Use Blood available in original &amp; dark. For film, TV, scare attractions, events. Pro Blood Thick for weapons and props.\" \/>\n<meta property=\"og:url\" content=\"https:\/\/madabouthorror.co.uk\/de\/product\/glynn-mckay-pro-blood-thick-1-litre\/\" \/>\n<meta property=\"og:site_name\" content=\"Mad About Horror\" \/>\n<meta property=\"article:publisher\" content=\"https:\/\/www.facebook.com\/madabouthorror\/\" \/>\n<meta property=\"article:modified_time\" content=\"2025-08-06T14:11:33+00:00\" \/>\n<meta property=\"og:image\" content=\"https:\/\/madabouthorror.co.uk\/wp-content\/uploads\/2021\/07\/2_glynn_mckay_pro_blood_thick_1_litre_original_1.jpg\" \/>\n\t<meta property=\"og:image:width\" content=\"670\" \/>\n\t<meta property=\"og:image:height\" content=\"670\" \/>\n\t<meta property=\"og:image:type\" content=\"image\/jpeg\" \/>\n<meta name=\"twitter:card\" content=\"summary_large_image\" \/>\n<meta name=\"twitter:label1\" content=\"Gesch\u00e4tzte Lesezeit\" \/>\n\t<meta name=\"twitter:data1\" content=\"1\u00a0Minute\" \/>\n<script type=\"application\/ld+json\" class=\"yoast-schema-graph\">{\"@context\":\"https:\\\/\\\/schema.org\",\"@graph\":[{\"@type\":[\"WebPage\",\"ItemPage\"],\"@id\":\"https:\\\/\\\/madabouthorror.co.uk\\\/product\\\/glynn-mckay-pro-blood-thick-1-litre\\\/\",\"url\":\"https:\\\/\\\/madabouthorror.co.uk\\\/product\\\/glynn-mckay-pro-blood-thick-1-litre\\\/\",\"name\":\"Glynn Mckay - Pro Blood Thick - Fake Blood\",\"isPartOf\":{\"@id\":\"https:\\\/\\\/madabouthorror.co.uk\\\/#website\"},\"primaryImageOfPage\":{\"@id\":\"https:\\\/\\\/madabouthorror.co.uk\\\/product\\\/glynn-mckay-pro-blood-thick-1-litre\\\/#primaryimage\"},\"image\":{\"@id\":\"https:\\\/\\\/madabouthorror.co.uk\\\/product\\\/glynn-mckay-pro-blood-thick-1-litre\\\/#primaryimage\"},\"thumbnailUrl\":\"https:\\\/\\\/madabouthorror.co.uk\\\/wp-content\\\/uploads\\\/2021\\\/07\\\/2_glynn_mckay_pro_blood_thick_1_litre_original_1.jpg\",\"datePublished\":\"2021-07-12T13:56:44+00:00\",\"dateModified\":\"2025-08-06T14:11:33+00:00\",\"description\":\"Glynn Mckay Fake Blood - Professional Use Blood available in original & dark. For film, TV, scare attractions, events. Pro Blood Thick for weapons and props.\",\"breadcrumb\":{\"@id\":\"https:\\\/\\\/madabouthorror.co.uk\\\/product\\\/glynn-mckay-pro-blood-thick-1-litre\\\/#breadcrumb\"},\"inLanguage\":\"de\",\"potentialAction\":[{\"@type\":\"ReadAction\",\"target\":[\"https:\\\/\\\/madabouthorror.co.uk\\\/product\\\/glynn-mckay-pro-blood-thick-1-litre\\\/\"]}]},{\"@type\":\"ImageObject\",\"inLanguage\":\"de\",\"@id\":\"https:\\\/\\\/madabouthorror.co.uk\\\/product\\\/glynn-mckay-pro-blood-thick-1-litre\\\/#primaryimage\",\"url\":\"https:\\\/\\\/madabouthorror.co.uk\\\/wp-content\\\/uploads\\\/2021\\\/07\\\/2_glynn_mckay_pro_blood_thick_1_litre_original_1.jpg\",\"contentUrl\":\"https:\\\/\\\/madabouthorror.co.uk\\\/wp-content\\\/uploads\\\/2021\\\/07\\\/2_glynn_mckay_pro_blood_thick_1_litre_original_1.jpg\",\"width\":670,\"height\":670,\"caption\":\"Glynn McKay - Pro Blood Thick 1 Litre-0\"},{\"@type\":\"BreadcrumbList\",\"@id\":\"https:\\\/\\\/madabouthorror.co.uk\\\/product\\\/glynn-mckay-pro-blood-thick-1-litre\\\/#breadcrumb\",\"itemListElement\":[{\"@type\":\"ListItem\",\"position\":1,\"name\":\"Shop\",\"item\":\"https:\\\/\\\/madabouthorror.co.uk\\\/shop\\\/\"},{\"@type\":\"ListItem\",\"position\":2,\"name\":\"Glynn McKay &#8211; Pro Blood 1 Litre (THICK)\"}]},{\"@type\":\"WebSite\",\"@id\":\"https:\\\/\\\/madabouthorror.co.uk\\\/#website\",\"url\":\"https:\\\/\\\/madabouthorror.co.uk\\\/\",\"name\":\"Mad About Horror\",\"description\":\"\",\"publisher\":{\"@id\":\"https:\\\/\\\/madabouthorror.co.uk\\\/#organization\"},\"alternateName\":\"Mad About Horror Limited\",\"potentialAction\":[{\"@type\":\"SearchAction\",\"target\":{\"@type\":\"EntryPoint\",\"urlTemplate\":\"https:\\\/\\\/madabouthorror.co.uk\\\/?s={search_term_string}\"},\"query-input\":{\"@type\":\"PropertyValueSpecification\",\"valueRequired\":true,\"valueName\":\"search_term_string\"}}],\"inLanguage\":\"de\"},{\"@type\":\"Organization\",\"@id\":\"https:\\\/\\\/madabouthorror.co.uk\\\/#organization\",\"name\":\"Mad About Horror\",\"url\":\"https:\\\/\\\/madabouthorror.co.uk\\\/\",\"logo\":{\"@type\":\"ImageObject\",\"inLanguage\":\"de\",\"@id\":\"https:\\\/\\\/madabouthorror.co.uk\\\/#\\\/schema\\\/logo\\\/image\\\/\",\"url\":\"https:\\\/\\\/madabouthorror.co.uk\\\/wp-content\\\/uploads\\\/2024\\\/02\\\/cropped-Logo.png\",\"contentUrl\":\"https:\\\/\\\/madabouthorror.co.uk\\\/wp-content\\\/uploads\\\/2024\\\/02\\\/cropped-Logo.png\",\"width\":240,\"height\":88,\"caption\":\"Mad About Horror\"},\"image\":{\"@id\":\"https:\\\/\\\/madabouthorror.co.uk\\\/#\\\/schema\\\/logo\\\/image\\\/\"},\"sameAs\":[\"https:\\\/\\\/www.facebook.com\\\/madabouthorror\\\/\",\"https:\\\/\\\/www.instagram.com\\\/madabouthorror\\\/\",\"https:\\\/\\\/www.pinterest.co.uk\\\/madabouthorror\\\/\",\"https:\\\/\\\/www.youtube.com\\\/channel\\\/UCBooLOIxjoQ89dj6T5lWm_w\",\"https:\\\/\\\/www.tiktok.com\\\/@weremadabouthorror\"]}]}<\/script>\n<!-- \/ Yoast SEO plugin. -->","yoast_head_json":{"title":"Glynn McKay - Pro Blood Thick - Falsches Blut","description":"Glynn Mckay Fake Blood - Professionell verwendetes Blut, erh\u00e4ltlich in original und dunkel. F\u00fcr Film, Fernsehen, Gruselattraktionen, Veranstaltungen. Pro Blood Thick f\u00fcr Waffen und Requisiten.","robots":{"index":"index","follow":"follow","max-snippet":"max-snippet:-1","max-image-preview":"max-image-preview:large","max-video-preview":"max-video-preview:-1"},"canonical":"https:\/\/madabouthorror.co.uk\/de\/product\/glynn-mckay-pro-blood-thick-1-litre\/","og_locale":"de_DE","og_type":"article","og_title":"Glynn Mckay - Pro Blood Thick - Fake Blood","og_description":"Glynn Mckay Fake Blood - Professional Use Blood available in original & dark. For film, TV, scare attractions, events. Pro Blood Thick for weapons and props.","og_url":"https:\/\/madabouthorror.co.uk\/de\/product\/glynn-mckay-pro-blood-thick-1-litre\/","og_site_name":"Mad About Horror","article_publisher":"https:\/\/www.facebook.com\/madabouthorror\/","article_modified_time":"2025-08-06T14:11:33+00:00","og_image":[{"width":670,"height":670,"url":"https:\/\/madabouthorror.co.uk\/wp-content\/uploads\/2021\/07\/2_glynn_mckay_pro_blood_thick_1_litre_original_1.jpg","type":"image\/jpeg"}],"twitter_card":"summary_large_image","twitter_misc":{"Gesch\u00e4tzte Lesezeit":"1\u00a0Minute"},"schema":{"@context":"https:\/\/schema.org","@graph":[{"@type":["WebPage","ItemPage"],"@id":"https:\/\/madabouthorror.co.uk\/product\/glynn-mckay-pro-blood-thick-1-litre\/","url":"https:\/\/madabouthorror.co.uk\/product\/glynn-mckay-pro-blood-thick-1-litre\/","name":"Glynn McKay - Pro Blood Thick - Falsches Blut","isPartOf":{"@id":"https:\/\/madabouthorror.co.uk\/#website"},"primaryImageOfPage":{"@id":"https:\/\/madabouthorror.co.uk\/product\/glynn-mckay-pro-blood-thick-1-litre\/#primaryimage"},"image":{"@id":"https:\/\/madabouthorror.co.uk\/product\/glynn-mckay-pro-blood-thick-1-litre\/#primaryimage"},"thumbnailUrl":"https:\/\/madabouthorror.co.uk\/wp-content\/uploads\/2021\/07\/2_glynn_mckay_pro_blood_thick_1_litre_original_1.jpg","datePublished":"2021-07-12T13:56:44+00:00","dateModified":"2025-08-06T14:11:33+00:00","description":"Glynn Mckay Fake Blood - Professionell verwendetes Blut, erh\u00e4ltlich in original und dunkel. F\u00fcr Film, Fernsehen, Gruselattraktionen, Veranstaltungen. Pro Blood Thick f\u00fcr Waffen und Requisiten.","breadcrumb":{"@id":"https:\/\/madabouthorror.co.uk\/product\/glynn-mckay-pro-blood-thick-1-litre\/#breadcrumb"},"inLanguage":"de","potentialAction":[{"@type":"ReadAction","target":["https:\/\/madabouthorror.co.uk\/product\/glynn-mckay-pro-blood-thick-1-litre\/"]}]},{"@type":"ImageObject","inLanguage":"de","@id":"https:\/\/madabouthorror.co.uk\/product\/glynn-mckay-pro-blood-thick-1-litre\/#primaryimage","url":"https:\/\/madabouthorror.co.uk\/wp-content\/uploads\/2021\/07\/2_glynn_mckay_pro_blood_thick_1_litre_original_1.jpg","contentUrl":"https:\/\/madabouthorror.co.uk\/wp-content\/uploads\/2021\/07\/2_glynn_mckay_pro_blood_thick_1_litre_original_1.jpg","width":670,"height":670,"caption":"Glynn McKay - Pro Blood Thick 1 Litre-0"},{"@type":"BreadcrumbList","@id":"https:\/\/madabouthorror.co.uk\/product\/glynn-mckay-pro-blood-thick-1-litre\/#breadcrumb","itemListElement":[{"@type":"ListItem","position":1,"name":"Shop","item":"https:\/\/madabouthorror.co.uk\/shop\/"},{"@type":"ListItem","position":2,"name":"Glynn McKay &#8211; Pro Blood 1 Litre (THICK)"}]},{"@type":"WebSite","@id":"https:\/\/madabouthorror.co.uk\/#website","url":"https:\/\/madabouthorror.co.uk\/","name":"Verr\u00fcckt nach Horror","description":"","publisher":{"@id":"https:\/\/madabouthorror.co.uk\/#organization"},"alternateName":"Mad About Horror Limited","potentialAction":[{"@type":"SearchAction","target":{"@type":"EntryPoint","urlTemplate":"https:\/\/madabouthorror.co.uk\/?s={search_term_string}"},"query-input":{"@type":"PropertyValueSpecification","valueRequired":true,"valueName":"search_term_string"}}],"inLanguage":"de"},{"@type":"Organization","@id":"https:\/\/madabouthorror.co.uk\/#organization","name":"Verr\u00fcckt nach Horror","url":"https:\/\/madabouthorror.co.uk\/","logo":{"@type":"ImageObject","inLanguage":"de","@id":"https:\/\/madabouthorror.co.uk\/#\/schema\/logo\/image\/","url":"https:\/\/madabouthorror.co.uk\/wp-content\/uploads\/2024\/02\/cropped-Logo.png","contentUrl":"https:\/\/madabouthorror.co.uk\/wp-content\/uploads\/2024\/02\/cropped-Logo.png","width":240,"height":88,"caption":"Mad About Horror"},"image":{"@id":"https:\/\/madabouthorror.co.uk\/#\/schema\/logo\/image\/"},"sameAs":["https:\/\/www.facebook.com\/madabouthorror\/","https:\/\/www.instagram.com\/madabouthorror\/","https:\/\/www.pinterest.co.uk\/madabouthorror\/","https:\/\/www.youtube.com\/channel\/UCBooLOIxjoQ89dj6T5lWm_w","https:\/\/www.tiktok.com\/@weremadabouthorror"]}]}},"df_price":57.24,"df_sale_price":"","df_regular_price":57.24,"df_image_link":"https:\/\/madabouthorror.co.uk\/wp-content\/uploads\/2021\/07\/2_glynn_mckay_pro_blood_thick_1_litre_original_1-300x300.jpg","_links":{"self":[{"href":"https:\/\/madabouthorror.co.uk\/de\/wp-json\/wp\/v2\/product\/48867","targetHints":{"allow":["GET"]}}],"collection":[{"href":"https:\/\/madabouthorror.co.uk\/de\/wp-json\/wp\/v2\/product"}],"about":[{"href":"https:\/\/madabouthorror.co.uk\/de\/wp-json\/wp\/v2\/types\/product"}],"replies":[{"embeddable":true,"href":"https:\/\/madabouthorror.co.uk\/de\/wp-json\/wp\/v2\/comments?post=48867"}],"wp:featuredmedia":[{"embeddable":true,"href":"https:\/\/madabouthorror.co.uk\/de\/wp-json\/wp\/v2\/media\/48865"}],"wp:attachment":[{"href":"https:\/\/madabouthorror.co.uk\/de\/wp-json\/wp\/v2\/media?parent=48867"}],"wp:term":[{"taxonomy":"product_brand","embeddable":true,"href":"https:\/\/madabouthorror.co.uk\/de\/wp-json\/wp\/v2\/product_brand?post=48867"},{"taxonomy":"product_cat","embeddable":true,"href":"https:\/\/madabouthorror.co.uk\/de\/wp-json\/wp\/v2\/product_cat?post=48867"},{"taxonomy":"product_tag","embeddable":true,"href":"https:\/\/madabouthorror.co.uk\/de\/wp-json\/wp\/v2\/product_tag?post=48867"}],"curies":[{"name":"wp","href":"https:\/\/api.w.org\/{rel}","templated":true}]}}