{"id":48952,"date":"2021-07-14T13:49:58","date_gmt":"2021-07-14T12:49:58","guid":{"rendered":"https:\/\/mah.6bdv.ws\/product\/nightmare-mask-demonised\/"},"modified":"2026-02-09T17:02:24","modified_gmt":"2026-02-09T17:02:24","slug":"nightmare-mask-demonised","status":"publish","type":"product","link":"https:\/\/madabouthorror.co.uk\/de\/product\/nightmare-mask-demonised\/","title":{"rendered":"Nightmare Female Mask - D\u00e4monisiert"},"content":{"rendered":"<h4>Alptraum-Maske - D\u00e4monisiert<\/h4>\n<p>Von Brocksmith Designs.<\/p>\n<p><strong>Hinweis: Diese Maske ist etwas kleiner und f\u00fcr kleinere Erwachsene\/Frauen\/Jugendliche geeignet.<\/strong><\/p>\n<p>Erstellt von diesem talentierten US-Horror-K\u00fcnstler, ist dies eine unglaubliche Qualit\u00e4t handgefertigten dicken Guss Harz Maske mit echten braunen Lederriemen, Mesh-Augenabdeckung und hochwertige Schnallen. Das Detail ist hervorragend, wie die Qualit\u00e4t ist.&nbsp;<\/p>\n<p>Ideal f\u00fcr die Gruselattraktionsbranche, aber auch bei Sammlern und Cosplayern sehr beliebt. Diese Maske ist perfekt f\u00fcr Halloween und Horror-Events. Sie ist haltbar und angenehm zu tragen, also perfekt f\u00fcr Gruselschauspieler.&nbsp;<\/p>\n<p>Exklusiv in Gro\u00dfbritannien und Europa bei Mad About Horror erh\u00e4ltlich.<\/p>\n<p>&nbsp;<\/p>\n<p>&nbsp;<\/p>","protected":false},"excerpt":{"rendered":"<p>Nightmare Mask - D\u00e4monisiert von Brocksmith Designs. Hinweis - dies ist eine etwas kleinere Gr\u00f6\u00dfe Maske geeignet f\u00fcr kleinere Erwachsene\/Frauen\/Teens Erstellt von diesem talentierten US-Horror-K\u00fcnstler, ist dies eine unglaubliche Qualit\u00e4t handgefertigt dicken Guss Harz Maske mit echten braunen Lederriemen, Mesh-Augenabdeckung und hochwertige Schnallen. Die Detailgenauigkeit ist hervorragend, ebenso wie die Qualit\u00e4t.  Ideal f\u00fcr die [...]<\/p>","protected":false},"featured_media":48948,"comment_status":"closed","ping_status":"closed","template":"","meta":{"_acf_changed":false},"product_brand":[],"product_cat":[6542,6541,6587,6543,6824],"product_tag":[],"class_list":{"0":"post-48952","1":"product","2":"type-product","3":"status-publish","4":"has-post-thumbnail","6":"product_cat-premium-masks","7":"product_cat-masks","8":"product_cat-masks-devils-and-demons","9":"product_cat-professional","10":"product_cat-professional-masks","11":"pa_brand-brocksmithdesigns","12":"pa_character-other","13":"pa_google_tax-e4-clothingaccessoriescostume","15":"first","16":"instock","17":"taxable","18":"shipping-taxable","19":"purchasable","20":"product-type-simple"},"supplier_id":467460,"supplier_sku":"","barcode":"","atum_controlled":true,"out_stock_date":null,"out_stock_threshold":null,"inheritable":false,"inbound_stock":0,"stock_on_hold":0,"sold_today":0,"sales_last_days":0,"reserved_stock":0,"customer_returns":0,"warehouse_damage":0,"lost_in_post":0,"other_logs":0,"out_stock_days":0,"lost_sales":0,"has_location":false,"update_date":"2026-04-04T00:29:40","atum_locations":[],"atum_stock_status":"instock","restock_status":false,"low_stock_amount":"","sales_update_date":"2026-04-04T00:29:39","calc_backorders":null,"acf":[],"yoast_head":"<!-- This site is optimized with the Yoast SEO plugin v27.3 - https:\/\/yoast.com\/product\/yoast-seo-wordpress\/ -->\n<title>Nightmare Mask - Brocksmith Designs - Mad About Horror<\/title>\n<meta name=\"description\" content=\"UK &amp; Europe exclusive stockist of Brocksmith Designs - Nightmare Mask. High quality horror &amp; Halloween masks &amp; props for events, professional scare actors and cosplayers.\" \/>\n<meta name=\"robots\" content=\"index, follow, max-snippet:-1, max-image-preview:large, max-video-preview:-1\" \/>\n<link rel=\"canonical\" href=\"https:\/\/madabouthorror.co.uk\/de\/product\/nightmare-mask-demonised\/\" \/>\n<meta property=\"og:locale\" content=\"de_DE\" \/>\n<meta property=\"og:type\" content=\"article\" \/>\n<meta property=\"og:title\" content=\"Nightmare Mask - Brocksmith Designs - Mad About Horror\" \/>\n<meta property=\"og:description\" content=\"UK &amp; Europe exclusive stockist of Brocksmith Designs - Nightmare Mask. High quality horror &amp; Halloween masks &amp; props for events, professional scare actors and cosplayers.\" \/>\n<meta property=\"og:url\" content=\"https:\/\/madabouthorror.co.uk\/de\/product\/nightmare-mask-demonised\/\" \/>\n<meta property=\"og:site_name\" content=\"Mad About Horror\" \/>\n<meta property=\"article:publisher\" content=\"https:\/\/www.facebook.com\/madabouthorror\/\" \/>\n<meta property=\"article:modified_time\" content=\"2026-02-09T17:02:24+00:00\" \/>\n<meta property=\"og:image\" content=\"https:\/\/madabouthorror.co.uk\/wp-content\/uploads\/2021\/07\/nightmare_demonised_mask_brocksmith.jpg\" \/>\n\t<meta property=\"og:image:width\" content=\"670\" \/>\n\t<meta property=\"og:image:height\" content=\"670\" \/>\n\t<meta property=\"og:image:type\" content=\"image\/jpeg\" \/>\n<meta name=\"twitter:card\" content=\"summary_large_image\" \/>\n<meta name=\"twitter:label1\" content=\"Gesch\u00e4tzte Lesezeit\" \/>\n\t<meta name=\"twitter:data1\" content=\"1\u00a0Minute\" \/>\n<script type=\"application\/ld+json\" class=\"yoast-schema-graph\">{\"@context\":\"https:\\\/\\\/schema.org\",\"@graph\":[{\"@type\":[\"WebPage\",\"ItemPage\"],\"@id\":\"https:\\\/\\\/madabouthorror.co.uk\\\/product\\\/nightmare-mask-demonised\\\/\",\"url\":\"https:\\\/\\\/madabouthorror.co.uk\\\/product\\\/nightmare-mask-demonised\\\/\",\"name\":\"Nightmare Mask - Brocksmith Designs - Mad About Horror\",\"isPartOf\":{\"@id\":\"https:\\\/\\\/madabouthorror.co.uk\\\/#website\"},\"primaryImageOfPage\":{\"@id\":\"https:\\\/\\\/madabouthorror.co.uk\\\/product\\\/nightmare-mask-demonised\\\/#primaryimage\"},\"image\":{\"@id\":\"https:\\\/\\\/madabouthorror.co.uk\\\/product\\\/nightmare-mask-demonised\\\/#primaryimage\"},\"thumbnailUrl\":\"https:\\\/\\\/madabouthorror.co.uk\\\/wp-content\\\/uploads\\\/2021\\\/07\\\/nightmare_demonised_mask_brocksmith.jpg\",\"datePublished\":\"2021-07-14T12:49:58+00:00\",\"dateModified\":\"2026-02-09T17:02:24+00:00\",\"description\":\"UK & Europe exclusive stockist of Brocksmith Designs - Nightmare Mask. High quality horror & Halloween masks & props for events, professional scare actors and cosplayers.\",\"breadcrumb\":{\"@id\":\"https:\\\/\\\/madabouthorror.co.uk\\\/product\\\/nightmare-mask-demonised\\\/#breadcrumb\"},\"inLanguage\":\"de\",\"potentialAction\":[{\"@type\":\"ReadAction\",\"target\":[\"https:\\\/\\\/madabouthorror.co.uk\\\/product\\\/nightmare-mask-demonised\\\/\"]}]},{\"@type\":\"ImageObject\",\"inLanguage\":\"de\",\"@id\":\"https:\\\/\\\/madabouthorror.co.uk\\\/product\\\/nightmare-mask-demonised\\\/#primaryimage\",\"url\":\"https:\\\/\\\/madabouthorror.co.uk\\\/wp-content\\\/uploads\\\/2021\\\/07\\\/nightmare_demonised_mask_brocksmith.jpg\",\"contentUrl\":\"https:\\\/\\\/madabouthorror.co.uk\\\/wp-content\\\/uploads\\\/2021\\\/07\\\/nightmare_demonised_mask_brocksmith.jpg\",\"width\":670,\"height\":670,\"caption\":\"Nightmare Mask - Demonised\"},{\"@type\":\"BreadcrumbList\",\"@id\":\"https:\\\/\\\/madabouthorror.co.uk\\\/product\\\/nightmare-mask-demonised\\\/#breadcrumb\",\"itemListElement\":[{\"@type\":\"ListItem\",\"position\":1,\"name\":\"Shop\",\"item\":\"https:\\\/\\\/madabouthorror.co.uk\\\/shop\\\/\"},{\"@type\":\"ListItem\",\"position\":2,\"name\":\"Nightmare Female Mask &#8211; Demonised\"}]},{\"@type\":\"WebSite\",\"@id\":\"https:\\\/\\\/madabouthorror.co.uk\\\/#website\",\"url\":\"https:\\\/\\\/madabouthorror.co.uk\\\/\",\"name\":\"Mad About Horror\",\"description\":\"\",\"publisher\":{\"@id\":\"https:\\\/\\\/madabouthorror.co.uk\\\/#organization\"},\"alternateName\":\"Mad About Horror Limited\",\"potentialAction\":[{\"@type\":\"SearchAction\",\"target\":{\"@type\":\"EntryPoint\",\"urlTemplate\":\"https:\\\/\\\/madabouthorror.co.uk\\\/?s={search_term_string}\"},\"query-input\":{\"@type\":\"PropertyValueSpecification\",\"valueRequired\":true,\"valueName\":\"search_term_string\"}}],\"inLanguage\":\"de\"},{\"@type\":\"Organization\",\"@id\":\"https:\\\/\\\/madabouthorror.co.uk\\\/#organization\",\"name\":\"Mad About Horror\",\"url\":\"https:\\\/\\\/madabouthorror.co.uk\\\/\",\"logo\":{\"@type\":\"ImageObject\",\"inLanguage\":\"de\",\"@id\":\"https:\\\/\\\/madabouthorror.co.uk\\\/#\\\/schema\\\/logo\\\/image\\\/\",\"url\":\"https:\\\/\\\/madabouthorror.co.uk\\\/wp-content\\\/uploads\\\/2024\\\/02\\\/cropped-Logo.png\",\"contentUrl\":\"https:\\\/\\\/madabouthorror.co.uk\\\/wp-content\\\/uploads\\\/2024\\\/02\\\/cropped-Logo.png\",\"width\":240,\"height\":88,\"caption\":\"Mad About Horror\"},\"image\":{\"@id\":\"https:\\\/\\\/madabouthorror.co.uk\\\/#\\\/schema\\\/logo\\\/image\\\/\"},\"sameAs\":[\"https:\\\/\\\/www.facebook.com\\\/madabouthorror\\\/\",\"https:\\\/\\\/www.instagram.com\\\/madabouthorror\\\/\",\"https:\\\/\\\/www.pinterest.co.uk\\\/madabouthorror\\\/\",\"https:\\\/\\\/www.youtube.com\\\/channel\\\/UCBooLOIxjoQ89dj6T5lWm_w\",\"https:\\\/\\\/www.tiktok.com\\\/@weremadabouthorror\"]}]}<\/script>\n<!-- \/ Yoast SEO plugin. -->","yoast_head_json":{"title":"Alptraum-Maske - Brocksmith Designs - Mad About Horror","description":"Exklusiver H\u00e4ndler f\u00fcr Gro\u00dfbritannien und Europa von Brocksmith Designs - Nightmare Mask. Qualitativ hochwertige Horror- und Halloween-Masken und Requisiten f\u00fcr Veranstaltungen, professionelle Gruselschauspieler und Cosplayer.","robots":{"index":"index","follow":"follow","max-snippet":"max-snippet:-1","max-image-preview":"max-image-preview:large","max-video-preview":"max-video-preview:-1"},"canonical":"https:\/\/madabouthorror.co.uk\/de\/product\/nightmare-mask-demonised\/","og_locale":"de_DE","og_type":"article","og_title":"Nightmare Mask - Brocksmith Designs - Mad About Horror","og_description":"UK & Europe exclusive stockist of Brocksmith Designs - Nightmare Mask. High quality horror & Halloween masks & props for events, professional scare actors and cosplayers.","og_url":"https:\/\/madabouthorror.co.uk\/de\/product\/nightmare-mask-demonised\/","og_site_name":"Mad About Horror","article_publisher":"https:\/\/www.facebook.com\/madabouthorror\/","article_modified_time":"2026-02-09T17:02:24+00:00","og_image":[{"width":670,"height":670,"url":"https:\/\/madabouthorror.co.uk\/wp-content\/uploads\/2021\/07\/nightmare_demonised_mask_brocksmith.jpg","type":"image\/jpeg"}],"twitter_card":"summary_large_image","twitter_misc":{"Gesch\u00e4tzte Lesezeit":"1\u00a0Minute"},"schema":{"@context":"https:\/\/schema.org","@graph":[{"@type":["WebPage","ItemPage"],"@id":"https:\/\/madabouthorror.co.uk\/product\/nightmare-mask-demonised\/","url":"https:\/\/madabouthorror.co.uk\/product\/nightmare-mask-demonised\/","name":"Alptraum-Maske - Brocksmith Designs - Mad About Horror","isPartOf":{"@id":"https:\/\/madabouthorror.co.uk\/#website"},"primaryImageOfPage":{"@id":"https:\/\/madabouthorror.co.uk\/product\/nightmare-mask-demonised\/#primaryimage"},"image":{"@id":"https:\/\/madabouthorror.co.uk\/product\/nightmare-mask-demonised\/#primaryimage"},"thumbnailUrl":"https:\/\/madabouthorror.co.uk\/wp-content\/uploads\/2021\/07\/nightmare_demonised_mask_brocksmith.jpg","datePublished":"2021-07-14T12:49:58+00:00","dateModified":"2026-02-09T17:02:24+00:00","description":"Exklusiver H\u00e4ndler f\u00fcr Gro\u00dfbritannien und Europa von Brocksmith Designs - Nightmare Mask. Qualitativ hochwertige Horror- und Halloween-Masken und Requisiten f\u00fcr Veranstaltungen, professionelle Gruselschauspieler und Cosplayer.","breadcrumb":{"@id":"https:\/\/madabouthorror.co.uk\/product\/nightmare-mask-demonised\/#breadcrumb"},"inLanguage":"de","potentialAction":[{"@type":"ReadAction","target":["https:\/\/madabouthorror.co.uk\/product\/nightmare-mask-demonised\/"]}]},{"@type":"ImageObject","inLanguage":"de","@id":"https:\/\/madabouthorror.co.uk\/product\/nightmare-mask-demonised\/#primaryimage","url":"https:\/\/madabouthorror.co.uk\/wp-content\/uploads\/2021\/07\/nightmare_demonised_mask_brocksmith.jpg","contentUrl":"https:\/\/madabouthorror.co.uk\/wp-content\/uploads\/2021\/07\/nightmare_demonised_mask_brocksmith.jpg","width":670,"height":670,"caption":"Nightmare Mask - Demonised"},{"@type":"BreadcrumbList","@id":"https:\/\/madabouthorror.co.uk\/product\/nightmare-mask-demonised\/#breadcrumb","itemListElement":[{"@type":"ListItem","position":1,"name":"Shop","item":"https:\/\/madabouthorror.co.uk\/shop\/"},{"@type":"ListItem","position":2,"name":"Nightmare Female Mask &#8211; Demonised"}]},{"@type":"WebSite","@id":"https:\/\/madabouthorror.co.uk\/#website","url":"https:\/\/madabouthorror.co.uk\/","name":"Verr\u00fcckt nach Horror","description":"","publisher":{"@id":"https:\/\/madabouthorror.co.uk\/#organization"},"alternateName":"Mad About Horror Limited","potentialAction":[{"@type":"SearchAction","target":{"@type":"EntryPoint","urlTemplate":"https:\/\/madabouthorror.co.uk\/?s={search_term_string}"},"query-input":{"@type":"PropertyValueSpecification","valueRequired":true,"valueName":"search_term_string"}}],"inLanguage":"de"},{"@type":"Organization","@id":"https:\/\/madabouthorror.co.uk\/#organization","name":"Verr\u00fcckt nach Horror","url":"https:\/\/madabouthorror.co.uk\/","logo":{"@type":"ImageObject","inLanguage":"de","@id":"https:\/\/madabouthorror.co.uk\/#\/schema\/logo\/image\/","url":"https:\/\/madabouthorror.co.uk\/wp-content\/uploads\/2024\/02\/cropped-Logo.png","contentUrl":"https:\/\/madabouthorror.co.uk\/wp-content\/uploads\/2024\/02\/cropped-Logo.png","width":240,"height":88,"caption":"Mad About Horror"},"image":{"@id":"https:\/\/madabouthorror.co.uk\/#\/schema\/logo\/image\/"},"sameAs":["https:\/\/www.facebook.com\/madabouthorror\/","https:\/\/www.instagram.com\/madabouthorror\/","https:\/\/www.pinterest.co.uk\/madabouthorror\/","https:\/\/www.youtube.com\/channel\/UCBooLOIxjoQ89dj6T5lWm_w","https:\/\/www.tiktok.com\/@weremadabouthorror"]}]}},"df_price":114.53,"df_sale_price":"","df_regular_price":114.53,"df_image_link":"https:\/\/madabouthorror.co.uk\/wp-content\/uploads\/2021\/07\/nightmare_demonised_mask_brocksmith-300x300.jpg","_links":{"self":[{"href":"https:\/\/madabouthorror.co.uk\/de\/wp-json\/wp\/v2\/product\/48952","targetHints":{"allow":["GET"]}}],"collection":[{"href":"https:\/\/madabouthorror.co.uk\/de\/wp-json\/wp\/v2\/product"}],"about":[{"href":"https:\/\/madabouthorror.co.uk\/de\/wp-json\/wp\/v2\/types\/product"}],"replies":[{"embeddable":true,"href":"https:\/\/madabouthorror.co.uk\/de\/wp-json\/wp\/v2\/comments?post=48952"}],"wp:featuredmedia":[{"embeddable":true,"href":"https:\/\/madabouthorror.co.uk\/de\/wp-json\/wp\/v2\/media\/48948"}],"wp:attachment":[{"href":"https:\/\/madabouthorror.co.uk\/de\/wp-json\/wp\/v2\/media?parent=48952"}],"wp:term":[{"taxonomy":"product_brand","embeddable":true,"href":"https:\/\/madabouthorror.co.uk\/de\/wp-json\/wp\/v2\/product_brand?post=48952"},{"taxonomy":"product_cat","embeddable":true,"href":"https:\/\/madabouthorror.co.uk\/de\/wp-json\/wp\/v2\/product_cat?post=48952"},{"taxonomy":"product_tag","embeddable":true,"href":"https:\/\/madabouthorror.co.uk\/de\/wp-json\/wp\/v2\/product_tag?post=48952"}],"curies":[{"name":"wp","href":"https:\/\/api.w.org\/{rel}","templated":true}]}}