{"id":49272,"date":"2021-08-02T10:41:38","date_gmt":"2021-08-02T09:41:38","guid":{"rendered":"https:\/\/mah.6bdv.ws\/product\/sideshow-collectibles-friday-the-13th-1-6-jason-voorhees-figure-pre-order\/"},"modified":"2026-03-13T12:59:05","modified_gmt":"2026-03-13T12:59:05","slug":"sideshow-collectibles-friday-the-13th-1-6-jason-voorhees-figure","status":"publish","type":"product","link":"https:\/\/madabouthorror.co.uk\/de\/product\/sideshow-collectibles-friday-the-13th-1-6-jason-voorhees-figure\/","title":{"rendered":"Sideshow Collectibles Freitag der 13. - Jason Voorhees 1\/6 Ma\u00dfstab Action Figur"},"content":{"rendered":"<p>WIEDERVER\u00d6FFENTLICHT! Verpassen Sie es nicht.<\/p>\n<p>Sideshow ist stolz darauf, die Jason Voorhees Sixth Scale Collectible Figure vorzustellen! Diese Darstellung von Jason ist direkt aus dem <em>Freitag der 13. Pt. III<\/em>in der die inzwischen allgegenw\u00e4rtige Hockeymaske erstmals vorgestellt wurde. Selten hat ein Element aus dem Horrorgenre so sehr den Weg in das Mainstream-Bewusstsein gefunden wie Jasons furchterregende Maske, und die K\u00fcnstler von Sideshow haben sie wieder zum Leben erweckt.<\/p>\n<p>Die Figur im sechsten Ma\u00dfstab verf\u00fcgt \u00fcber einen einzigartigen K\u00f6rper - mit einem vollst\u00e4ndig modellierten Torso und Armen, einem detaillierten, mehrteiligen Hockeymasken-Portr\u00e4t, Axt und Machete mit Blutdetails, einem fachm\u00e4nnisch geschneiderten Kost\u00fcm und zwei S\u00e4tzen austauschbarer H\u00e4nde.<\/p>\n<p>Verpassen Sie nicht die Chance, Ihre Horrorsammlung um Jason zu erweitern!<\/p>\n<p style=\"font-weight: 400;\">Die Jason Voorhees Sixth Scale Collectible Figure hat besondere Eigenschaften:<\/p>\n<ul>\n<li>Ein einzigartiger, gr\u00f6\u00dferer Jason-K\u00f6rper mit neu modelliertem, strukturiertem Torso und Armen, wie er in Freitag der 13.<\/li>\n<li>Detailliertes mehrteiliges Hockeymasken-Portr\u00e4t<\/li>\n<li>Axt mit Blut Details<\/li>\n<li>Machete mit Blut Details<\/li>\n<li>Zwei Paar H\u00e4nde<\/li>\n<li>Detaillierte mehrteilige Bauernstiefel<\/li>\n<li>Fein geschneidertes Kost\u00fcm mit dunkelgr\u00fcnem Hemd mit zwei Taschen und Knopfleiste, wei\u00dfem Unterhemd und grauer Hose<\/li>\n<li>Figurenst\u00e4nder mit Friday the 13th Part III-Logo<\/li>\n<\/ul>\n<dl class=\"dl-horizontal\">\n<dd data-product-upc=\"\"><\/dd>\n<\/dl>","protected":false},"excerpt":{"rendered":"<p>WIEDERVER\u00d6FFENTLICHT! Verpassen Sie es nicht. Sideshow ist stolz darauf, die Jason Voorhees Sixth Scale Collectible Figure vorzustellen! Diese Darstellung von Jason ist direkt aus Freitag der 13. Teil III entnommen, wo die heute allgegenw\u00e4rtige Hockeymaske zum ersten Mal eingef\u00fchrt wurde. Selten ist ein Element des Horrorgenres so sehr in das Mainstream-Bewusstsein \u00fcbergegangen wie [...]<\/p>","protected":false},"featured_media":489869,"comment_status":"closed","ping_status":"closed","template":"","meta":{"_acf_changed":false},"product_brand":[],"product_cat":[9938,6538,10112,6537,6783,6728,6652,6798],"product_tag":[],"class_list":{"0":"post-49272","1":"product","2":"type-product","3":"status-publish","4":"has-post-thumbnail","6":"product_cat-1-6-scale-figures","7":"product_cat-figures","8":"product_cat-premium-figures","9":"product_cat-collectibles","10":"product_cat-jason-voorhees","11":"product_cat-premium","12":"product_cat-friday-the-13th","13":"product_cat-sideshow-collectibles","14":"pa_brand-sideshowcollectibles","15":"pa_character-fridaythe13thjasonvoorhees","16":"pa_google_tax-ba-artsentertainmenthobbiescr","18":"first","19":"outofstock","20":"taxable","21":"shipping-taxable","22":"purchasable","23":"product-type-simple"},"supplier_id":467891,"supplier_sku":"SS100360","barcode":"747720231191","atum_controlled":true,"out_stock_date":"2026-03-13 12:59:05","out_stock_threshold":null,"inheritable":false,"inbound_stock":1,"stock_on_hold":0,"sold_today":0,"sales_last_days":0,"reserved_stock":0,"customer_returns":0,"warehouse_damage":0,"lost_in_post":0,"other_logs":0,"out_stock_days":36,"lost_sales":1491,"has_location":false,"update_date":"2026-04-19T01:18:15","atum_locations":[],"atum_stock_status":"outofstock","restock_status":false,"low_stock_amount":"","sales_update_date":"2026-04-19T01:18:14","calc_backorders":null,"acf":[],"yoast_head":"<!-- This site is optimized with the Yoast SEO plugin v27.4 - https:\/\/yoast.com\/product\/yoast-seo-wordpress\/ -->\n<title>Sideshow Friday the 13th - Jason Voorhees 1\/6 Scale Figure<\/title>\n<meta name=\"description\" content=\"Sideshow Collectibles - Friday the 13th 1\/6 Jason Voorhees Figure. Shop Horror collectibles and Halloween props. UK Stock.\" \/>\n<meta name=\"robots\" content=\"index, follow, max-snippet:-1, max-image-preview:large, max-video-preview:-1\" \/>\n<link rel=\"canonical\" href=\"https:\/\/madabouthorror.co.uk\/de\/product\/sideshow-collectibles-friday-the-13th-1-6-jason-voorhees-figure\/\" \/>\n<meta property=\"og:locale\" content=\"de_DE\" \/>\n<meta property=\"og:type\" content=\"article\" \/>\n<meta property=\"og:title\" content=\"Sideshow Friday the 13th - Jason Voorhees 1\/6 Scale Figure\" \/>\n<meta property=\"og:description\" content=\"Sideshow Collectibles - Friday the 13th 1\/6 Jason Voorhees Figure. Shop Horror collectibles and Halloween props. UK Stock.\" \/>\n<meta property=\"og:url\" content=\"https:\/\/madabouthorror.co.uk\/de\/product\/sideshow-collectibles-friday-the-13th-1-6-jason-voorhees-figure\/\" \/>\n<meta property=\"og:site_name\" content=\"Mad About Horror\" \/>\n<meta property=\"article:publisher\" content=\"https:\/\/www.facebook.com\/madabouthorror\/\" \/>\n<meta property=\"article:modified_time\" content=\"2026-03-13T12:59:05+00:00\" \/>\n<meta property=\"og:image\" content=\"https:\/\/madabouthorror.co.uk\/wp-content\/uploads\/2021\/08\/sideshow-jason-voorhees-16-scale-figure.jpg\" \/>\n\t<meta property=\"og:image:width\" content=\"1500\" \/>\n\t<meta property=\"og:image:height\" content=\"1500\" \/>\n\t<meta property=\"og:image:type\" content=\"image\/jpeg\" \/>\n<meta name=\"twitter:card\" content=\"summary_large_image\" \/>\n<meta name=\"twitter:label1\" content=\"Gesch\u00e4tzte Lesezeit\" \/>\n\t<meta name=\"twitter:data1\" content=\"2\u00a0Minuten\" \/>\n<script type=\"application\/ld+json\" class=\"yoast-schema-graph\">{\"@context\":\"https:\\\/\\\/schema.org\",\"@graph\":[{\"@type\":[\"WebPage\",\"ItemPage\"],\"@id\":\"https:\\\/\\\/madabouthorror.co.uk\\\/product\\\/sideshow-collectibles-friday-the-13th-1-6-jason-voorhees-figure\\\/\",\"url\":\"https:\\\/\\\/madabouthorror.co.uk\\\/product\\\/sideshow-collectibles-friday-the-13th-1-6-jason-voorhees-figure\\\/\",\"name\":\"Sideshow Friday the 13th - Jason Voorhees 1\\\/6 Scale Figure\",\"isPartOf\":{\"@id\":\"https:\\\/\\\/madabouthorror.co.uk\\\/#website\"},\"primaryImageOfPage\":{\"@id\":\"https:\\\/\\\/madabouthorror.co.uk\\\/product\\\/sideshow-collectibles-friday-the-13th-1-6-jason-voorhees-figure\\\/#primaryimage\"},\"image\":{\"@id\":\"https:\\\/\\\/madabouthorror.co.uk\\\/product\\\/sideshow-collectibles-friday-the-13th-1-6-jason-voorhees-figure\\\/#primaryimage\"},\"thumbnailUrl\":\"https:\\\/\\\/madabouthorror.co.uk\\\/wp-content\\\/uploads\\\/2021\\\/08\\\/sideshow-jason-voorhees-16-scale-figure.jpg\",\"datePublished\":\"2021-08-02T09:41:38+00:00\",\"dateModified\":\"2026-03-13T12:59:05+00:00\",\"description\":\"Sideshow Collectibles - Friday the 13th 1\\\/6 Jason Voorhees Figure. Shop Horror collectibles and Halloween props. UK Stock.\",\"breadcrumb\":{\"@id\":\"https:\\\/\\\/madabouthorror.co.uk\\\/product\\\/sideshow-collectibles-friday-the-13th-1-6-jason-voorhees-figure\\\/#breadcrumb\"},\"inLanguage\":\"de\",\"potentialAction\":[{\"@type\":\"ReadAction\",\"target\":[\"https:\\\/\\\/madabouthorror.co.uk\\\/product\\\/sideshow-collectibles-friday-the-13th-1-6-jason-voorhees-figure\\\/\"]}]},{\"@type\":\"ImageObject\",\"inLanguage\":\"de\",\"@id\":\"https:\\\/\\\/madabouthorror.co.uk\\\/product\\\/sideshow-collectibles-friday-the-13th-1-6-jason-voorhees-figure\\\/#primaryimage\",\"url\":\"https:\\\/\\\/madabouthorror.co.uk\\\/wp-content\\\/uploads\\\/2021\\\/08\\\/sideshow-jason-voorhees-16-scale-figure.jpg\",\"contentUrl\":\"https:\\\/\\\/madabouthorror.co.uk\\\/wp-content\\\/uploads\\\/2021\\\/08\\\/sideshow-jason-voorhees-16-scale-figure.jpg\",\"width\":1500,\"height\":1500,\"caption\":\"sideshow jason voorhees 1:6 scale figure\"},{\"@type\":\"BreadcrumbList\",\"@id\":\"https:\\\/\\\/madabouthorror.co.uk\\\/product\\\/sideshow-collectibles-friday-the-13th-1-6-jason-voorhees-figure\\\/#breadcrumb\",\"itemListElement\":[{\"@type\":\"ListItem\",\"position\":1,\"name\":\"Shop\",\"item\":\"https:\\\/\\\/madabouthorror.co.uk\\\/shop\\\/\"},{\"@type\":\"ListItem\",\"position\":2,\"name\":\"Sideshow Collectibles Friday the 13th &#8211; Jason Voorhees 1\\\/6 Scale Action Figure\"}]},{\"@type\":\"WebSite\",\"@id\":\"https:\\\/\\\/madabouthorror.co.uk\\\/#website\",\"url\":\"https:\\\/\\\/madabouthorror.co.uk\\\/\",\"name\":\"Mad About Horror\",\"description\":\"\",\"publisher\":{\"@id\":\"https:\\\/\\\/madabouthorror.co.uk\\\/#organization\"},\"alternateName\":\"Mad About Horror Limited\",\"potentialAction\":[{\"@type\":\"SearchAction\",\"target\":{\"@type\":\"EntryPoint\",\"urlTemplate\":\"https:\\\/\\\/madabouthorror.co.uk\\\/?s={search_term_string}\"},\"query-input\":{\"@type\":\"PropertyValueSpecification\",\"valueRequired\":true,\"valueName\":\"search_term_string\"}}],\"inLanguage\":\"de\"},{\"@type\":\"Organization\",\"@id\":\"https:\\\/\\\/madabouthorror.co.uk\\\/#organization\",\"name\":\"Mad About Horror\",\"url\":\"https:\\\/\\\/madabouthorror.co.uk\\\/\",\"logo\":{\"@type\":\"ImageObject\",\"inLanguage\":\"de\",\"@id\":\"https:\\\/\\\/madabouthorror.co.uk\\\/#\\\/schema\\\/logo\\\/image\\\/\",\"url\":\"https:\\\/\\\/madabouthorror.co.uk\\\/wp-content\\\/uploads\\\/2024\\\/02\\\/cropped-Logo.png\",\"contentUrl\":\"https:\\\/\\\/madabouthorror.co.uk\\\/wp-content\\\/uploads\\\/2024\\\/02\\\/cropped-Logo.png\",\"width\":240,\"height\":88,\"caption\":\"Mad About Horror\"},\"image\":{\"@id\":\"https:\\\/\\\/madabouthorror.co.uk\\\/#\\\/schema\\\/logo\\\/image\\\/\"},\"sameAs\":[\"https:\\\/\\\/www.facebook.com\\\/madabouthorror\\\/\",\"https:\\\/\\\/www.instagram.com\\\/madabouthorror\\\/\",\"https:\\\/\\\/www.pinterest.co.uk\\\/madabouthorror\\\/\",\"https:\\\/\\\/www.youtube.com\\\/channel\\\/UCBooLOIxjoQ89dj6T5lWm_w\",\"https:\\\/\\\/www.tiktok.com\\\/@weremadabouthorror\"]}]}<\/script>\n<!-- \/ Yoast SEO plugin. -->","yoast_head_json":{"title":"Sideshow Freitag der 13. - Jason Voorhees 1\/6 Ma\u00dfstab Figur","description":"Sideshow Collectibles - Freitag der 13. 1\/6 Jason Voorhees Figur. Shop Horror Sammlerst\u00fccke und Halloween Requisiten. UK Lager.","robots":{"index":"index","follow":"follow","max-snippet":"max-snippet:-1","max-image-preview":"max-image-preview:large","max-video-preview":"max-video-preview:-1"},"canonical":"https:\/\/madabouthorror.co.uk\/de\/product\/sideshow-collectibles-friday-the-13th-1-6-jason-voorhees-figure\/","og_locale":"de_DE","og_type":"article","og_title":"Sideshow Friday the 13th - Jason Voorhees 1\/6 Scale Figure","og_description":"Sideshow Collectibles - Friday the 13th 1\/6 Jason Voorhees Figure. Shop Horror collectibles and Halloween props. UK Stock.","og_url":"https:\/\/madabouthorror.co.uk\/de\/product\/sideshow-collectibles-friday-the-13th-1-6-jason-voorhees-figure\/","og_site_name":"Mad About Horror","article_publisher":"https:\/\/www.facebook.com\/madabouthorror\/","article_modified_time":"2026-03-13T12:59:05+00:00","og_image":[{"width":1500,"height":1500,"url":"https:\/\/madabouthorror.co.uk\/wp-content\/uploads\/2021\/08\/sideshow-jason-voorhees-16-scale-figure.jpg","type":"image\/jpeg"}],"twitter_card":"summary_large_image","twitter_misc":{"Gesch\u00e4tzte Lesezeit":"2\u00a0Minuten"},"schema":{"@context":"https:\/\/schema.org","@graph":[{"@type":["WebPage","ItemPage"],"@id":"https:\/\/madabouthorror.co.uk\/product\/sideshow-collectibles-friday-the-13th-1-6-jason-voorhees-figure\/","url":"https:\/\/madabouthorror.co.uk\/product\/sideshow-collectibles-friday-the-13th-1-6-jason-voorhees-figure\/","name":"Sideshow Freitag der 13. - Jason Voorhees 1\/6 Ma\u00dfstab Figur","isPartOf":{"@id":"https:\/\/madabouthorror.co.uk\/#website"},"primaryImageOfPage":{"@id":"https:\/\/madabouthorror.co.uk\/product\/sideshow-collectibles-friday-the-13th-1-6-jason-voorhees-figure\/#primaryimage"},"image":{"@id":"https:\/\/madabouthorror.co.uk\/product\/sideshow-collectibles-friday-the-13th-1-6-jason-voorhees-figure\/#primaryimage"},"thumbnailUrl":"https:\/\/madabouthorror.co.uk\/wp-content\/uploads\/2021\/08\/sideshow-jason-voorhees-16-scale-figure.jpg","datePublished":"2021-08-02T09:41:38+00:00","dateModified":"2026-03-13T12:59:05+00:00","description":"Sideshow Collectibles - Freitag der 13. 1\/6 Jason Voorhees Figur. Shop Horror Sammlerst\u00fccke und Halloween Requisiten. UK Lager.","breadcrumb":{"@id":"https:\/\/madabouthorror.co.uk\/product\/sideshow-collectibles-friday-the-13th-1-6-jason-voorhees-figure\/#breadcrumb"},"inLanguage":"de","potentialAction":[{"@type":"ReadAction","target":["https:\/\/madabouthorror.co.uk\/product\/sideshow-collectibles-friday-the-13th-1-6-jason-voorhees-figure\/"]}]},{"@type":"ImageObject","inLanguage":"de","@id":"https:\/\/madabouthorror.co.uk\/product\/sideshow-collectibles-friday-the-13th-1-6-jason-voorhees-figure\/#primaryimage","url":"https:\/\/madabouthorror.co.uk\/wp-content\/uploads\/2021\/08\/sideshow-jason-voorhees-16-scale-figure.jpg","contentUrl":"https:\/\/madabouthorror.co.uk\/wp-content\/uploads\/2021\/08\/sideshow-jason-voorhees-16-scale-figure.jpg","width":1500,"height":1500,"caption":"sideshow jason voorhees 1:6 scale figure"},{"@type":"BreadcrumbList","@id":"https:\/\/madabouthorror.co.uk\/product\/sideshow-collectibles-friday-the-13th-1-6-jason-voorhees-figure\/#breadcrumb","itemListElement":[{"@type":"ListItem","position":1,"name":"Shop","item":"https:\/\/madabouthorror.co.uk\/shop\/"},{"@type":"ListItem","position":2,"name":"Sideshow Collectibles Friday the 13th &#8211; Jason Voorhees 1\/6 Scale Action Figure"}]},{"@type":"WebSite","@id":"https:\/\/madabouthorror.co.uk\/#website","url":"https:\/\/madabouthorror.co.uk\/","name":"Verr\u00fcckt nach Horror","description":"","publisher":{"@id":"https:\/\/madabouthorror.co.uk\/#organization"},"alternateName":"Mad About Horror Limited","potentialAction":[{"@type":"SearchAction","target":{"@type":"EntryPoint","urlTemplate":"https:\/\/madabouthorror.co.uk\/?s={search_term_string}"},"query-input":{"@type":"PropertyValueSpecification","valueRequired":true,"valueName":"search_term_string"}}],"inLanguage":"de"},{"@type":"Organization","@id":"https:\/\/madabouthorror.co.uk\/#organization","name":"Verr\u00fcckt nach Horror","url":"https:\/\/madabouthorror.co.uk\/","logo":{"@type":"ImageObject","inLanguage":"de","@id":"https:\/\/madabouthorror.co.uk\/#\/schema\/logo\/image\/","url":"https:\/\/madabouthorror.co.uk\/wp-content\/uploads\/2024\/02\/cropped-Logo.png","contentUrl":"https:\/\/madabouthorror.co.uk\/wp-content\/uploads\/2024\/02\/cropped-Logo.png","width":240,"height":88,"caption":"Mad About Horror"},"image":{"@id":"https:\/\/madabouthorror.co.uk\/#\/schema\/logo\/image\/"},"sameAs":["https:\/\/www.facebook.com\/madabouthorror\/","https:\/\/www.instagram.com\/madabouthorror\/","https:\/\/www.pinterest.co.uk\/madabouthorror\/","https:\/\/www.youtube.com\/channel\/UCBooLOIxjoQ89dj6T5lWm_w","https:\/\/www.tiktok.com\/@weremadabouthorror"]}]}},"df_price":302.03,"df_sale_price":"","df_regular_price":302.03,"df_image_link":"https:\/\/madabouthorror.co.uk\/wp-content\/uploads\/2021\/08\/sideshow-jason-voorhees-16-scale-figure-300x300.jpg","_links":{"self":[{"href":"https:\/\/madabouthorror.co.uk\/de\/wp-json\/wp\/v2\/product\/49272","targetHints":{"allow":["GET"]}}],"collection":[{"href":"https:\/\/madabouthorror.co.uk\/de\/wp-json\/wp\/v2\/product"}],"about":[{"href":"https:\/\/madabouthorror.co.uk\/de\/wp-json\/wp\/v2\/types\/product"}],"replies":[{"embeddable":true,"href":"https:\/\/madabouthorror.co.uk\/de\/wp-json\/wp\/v2\/comments?post=49272"}],"wp:featuredmedia":[{"embeddable":true,"href":"https:\/\/madabouthorror.co.uk\/de\/wp-json\/wp\/v2\/media\/489869"}],"wp:attachment":[{"href":"https:\/\/madabouthorror.co.uk\/de\/wp-json\/wp\/v2\/media?parent=49272"}],"wp:term":[{"taxonomy":"product_brand","embeddable":true,"href":"https:\/\/madabouthorror.co.uk\/de\/wp-json\/wp\/v2\/product_brand?post=49272"},{"taxonomy":"product_cat","embeddable":true,"href":"https:\/\/madabouthorror.co.uk\/de\/wp-json\/wp\/v2\/product_cat?post=49272"},{"taxonomy":"product_tag","embeddable":true,"href":"https:\/\/madabouthorror.co.uk\/de\/wp-json\/wp\/v2\/product_tag?post=49272"}],"curies":[{"name":"wp","href":"https:\/\/api.w.org\/{rel}","templated":true}]}}