{"id":492769,"date":"2024-08-02T13:46:06","date_gmt":"2024-08-02T12:46:06","guid":{"rendered":"https:\/\/madabouthorror.co.uk\/?post_type=product&#038;p=492769"},"modified":"2025-10-23T21:26:51","modified_gmt":"2025-10-23T20:26:51","slug":"light-up-hanging-gutter-reaper","status":"publish","type":"product","link":"https:\/\/madabouthorror.co.uk\/de\/product\/light-up-hanging-gutter-reaper\/","title":{"rendered":"Beleuchteter h\u00e4ngender Dachrinnenschnitter"},"content":{"rendered":"<p>Erschaffen Sie das gruseligste Haus in der Nachbarschaft mit diesem 7 Fu\u00df gro\u00dfen, solaraktivierten, h\u00e4ngenden Sensenmann! Diese furchterregende Figur, die sich von der Dachrinne bis zum Boden erstreckt, verf\u00fcgt \u00fcber ein solarbetriebenes, leuchtendes Totenkopfgesicht, das Ihnen einen Schauer \u00fcber den R\u00fccken jagt. Komplett mit Aufh\u00e4ngungen f\u00fcr die Dachrinne und einem Gartenpfahl ist er die ultimative Halloween-Dekoration f\u00fcr ein schauriges Spektakel!<\/p>","protected":false},"excerpt":{"rendered":"<p>Erschaffen Sie das gruseligste Haus in der Nachbarschaft mit diesem 7 Fu\u00df gro\u00dfen, solaraktivierten, h\u00e4ngenden Sensenmann! Diese furchterregende Figur, die sich von der Dachrinne bis zum Boden erstreckt, verf\u00fcgt \u00fcber ein solarbetriebenes, leuchtendes Totenkopfgesicht, das Ihnen einen Schauer \u00fcber den R\u00fccken jagt. Komplett mit Aufh\u00e4ngungen f\u00fcr die Dachrinne und einem Gartenpfahl ist er die ultimative Halloween-Dekoration f\u00fcr ein schauriges Spektakel!<\/p>","protected":false},"featured_media":492771,"comment_status":"closed","ping_status":"closed","template":"","meta":{"_acf_changed":false},"product_brand":[],"product_cat":[10108,6547,6549,6548,9899],"product_tag":[],"class_list":{"0":"post-492769","1":"product","2":"type-product","3":"status-publish","4":"has-post-thumbnail","6":"product_cat-light-up-halloween-decorations","7":"product_cat-decorations","8":"product_cat-haunted-house","9":"product_cat-skeleton-decorations","10":"product_cat-tekky-toys","12":"first","13":"outofstock","14":"taxable","15":"shipping-taxable","16":"purchasable","17":"product-type-simple"},"supplier_id":467901,"supplier_sku":"","barcode":"669703502053","atum_controlled":true,"out_stock_date":"2025-10-23 21:26:51","out_stock_threshold":null,"inheritable":false,"inbound_stock":0,"stock_on_hold":0,"sold_today":0,"sales_last_days":0,"reserved_stock":0,"customer_returns":0,"warehouse_damage":0,"lost_in_post":0,"other_logs":0,"out_stock_days":162,"lost_sales":1387,"has_location":false,"update_date":"2026-04-04T00:42:34","atum_locations":[],"atum_stock_status":"outofstock","restock_status":false,"low_stock_amount":"","sales_update_date":"2026-04-04T00:42:32","calc_backorders":null,"acf":[],"yoast_head":"<!-- This site is optimized with the Yoast SEO plugin v27.3 - https:\/\/yoast.com\/product\/yoast-seo-wordpress\/ -->\n<title>Light Up Hanging Gutter Reaper | Mad About Horror<\/title>\n<meta name=\"robots\" content=\"index, follow, max-snippet:-1, max-image-preview:large, max-video-preview:-1\" \/>\n<link rel=\"canonical\" href=\"https:\/\/madabouthorror.co.uk\/de\/product\/light-up-hanging-gutter-reaper\/\" \/>\n<meta property=\"og:locale\" content=\"de_DE\" \/>\n<meta property=\"og:type\" content=\"article\" \/>\n<meta property=\"og:title\" content=\"Light Up Hanging Gutter Reaper | Mad About Horror\" \/>\n<meta property=\"og:description\" content=\"Create the spookiest house on the block with this 7-Foot Solar-Activated Hanging Reaper! Stretching from your gutters to the ground, this terrifying figure features a solar-powered, light-up skull face that sends shivers down the spine. Complete with gutter hangers and a yard stake, it&#8217;s the ultimate Halloween decoration for a bone-chilling display!\" \/>\n<meta property=\"og:url\" content=\"https:\/\/madabouthorror.co.uk\/de\/product\/light-up-hanging-gutter-reaper\/\" \/>\n<meta property=\"og:site_name\" content=\"Mad About Horror\" \/>\n<meta property=\"article:publisher\" content=\"https:\/\/www.facebook.com\/madabouthorror\/\" \/>\n<meta property=\"article:modified_time\" content=\"2025-10-23T20:26:51+00:00\" \/>\n<meta property=\"og:image\" content=\"https:\/\/madabouthorror.co.uk\/wp-content\/uploads\/2024\/08\/Untitled-1.jpg\" \/>\n\t<meta property=\"og:image:width\" content=\"1772\" \/>\n\t<meta property=\"og:image:height\" content=\"1772\" \/>\n\t<meta property=\"og:image:type\" content=\"image\/jpeg\" \/>\n<meta name=\"twitter:card\" content=\"summary_large_image\" \/>\n<meta name=\"twitter:label1\" content=\"Gesch\u00e4tzte Lesezeit\" \/>\n\t<meta name=\"twitter:data1\" content=\"1\u00a0Minute\" \/>\n<script type=\"application\/ld+json\" class=\"yoast-schema-graph\">{\"@context\":\"https:\\\/\\\/schema.org\",\"@graph\":[{\"@type\":[\"WebPage\",\"ItemPage\"],\"@id\":\"https:\\\/\\\/madabouthorror.co.uk\\\/product\\\/light-up-hanging-gutter-reaper\\\/\",\"url\":\"https:\\\/\\\/madabouthorror.co.uk\\\/product\\\/light-up-hanging-gutter-reaper\\\/\",\"name\":\"Light Up Hanging Gutter Reaper | Mad About Horror\",\"isPartOf\":{\"@id\":\"https:\\\/\\\/madabouthorror.co.uk\\\/#website\"},\"primaryImageOfPage\":{\"@id\":\"https:\\\/\\\/madabouthorror.co.uk\\\/product\\\/light-up-hanging-gutter-reaper\\\/#primaryimage\"},\"image\":{\"@id\":\"https:\\\/\\\/madabouthorror.co.uk\\\/product\\\/light-up-hanging-gutter-reaper\\\/#primaryimage\"},\"thumbnailUrl\":\"https:\\\/\\\/madabouthorror.co.uk\\\/wp-content\\\/uploads\\\/2024\\\/08\\\/Untitled-1.jpg\",\"datePublished\":\"2024-08-02T12:46:06+00:00\",\"dateModified\":\"2025-10-23T20:26:51+00:00\",\"breadcrumb\":{\"@id\":\"https:\\\/\\\/madabouthorror.co.uk\\\/product\\\/light-up-hanging-gutter-reaper\\\/#breadcrumb\"},\"inLanguage\":\"de\",\"potentialAction\":[{\"@type\":\"ReadAction\",\"target\":[\"https:\\\/\\\/madabouthorror.co.uk\\\/product\\\/light-up-hanging-gutter-reaper\\\/\"]}]},{\"@type\":\"ImageObject\",\"inLanguage\":\"de\",\"@id\":\"https:\\\/\\\/madabouthorror.co.uk\\\/product\\\/light-up-hanging-gutter-reaper\\\/#primaryimage\",\"url\":\"https:\\\/\\\/madabouthorror.co.uk\\\/wp-content\\\/uploads\\\/2024\\\/08\\\/Untitled-1.jpg\",\"contentUrl\":\"https:\\\/\\\/madabouthorror.co.uk\\\/wp-content\\\/uploads\\\/2024\\\/08\\\/Untitled-1.jpg\",\"width\":1772,\"height\":1772,\"caption\":\"reaper decoration\"},{\"@type\":\"BreadcrumbList\",\"@id\":\"https:\\\/\\\/madabouthorror.co.uk\\\/product\\\/light-up-hanging-gutter-reaper\\\/#breadcrumb\",\"itemListElement\":[{\"@type\":\"ListItem\",\"position\":1,\"name\":\"Shop\",\"item\":\"https:\\\/\\\/madabouthorror.co.uk\\\/shop\\\/\"},{\"@type\":\"ListItem\",\"position\":2,\"name\":\"Light Up Hanging Gutter Reaper\"}]},{\"@type\":\"WebSite\",\"@id\":\"https:\\\/\\\/madabouthorror.co.uk\\\/#website\",\"url\":\"https:\\\/\\\/madabouthorror.co.uk\\\/\",\"name\":\"Mad About Horror\",\"description\":\"\",\"publisher\":{\"@id\":\"https:\\\/\\\/madabouthorror.co.uk\\\/#organization\"},\"alternateName\":\"Mad About Horror Limited\",\"potentialAction\":[{\"@type\":\"SearchAction\",\"target\":{\"@type\":\"EntryPoint\",\"urlTemplate\":\"https:\\\/\\\/madabouthorror.co.uk\\\/?s={search_term_string}\"},\"query-input\":{\"@type\":\"PropertyValueSpecification\",\"valueRequired\":true,\"valueName\":\"search_term_string\"}}],\"inLanguage\":\"de\"},{\"@type\":\"Organization\",\"@id\":\"https:\\\/\\\/madabouthorror.co.uk\\\/#organization\",\"name\":\"Mad About Horror\",\"url\":\"https:\\\/\\\/madabouthorror.co.uk\\\/\",\"logo\":{\"@type\":\"ImageObject\",\"inLanguage\":\"de\",\"@id\":\"https:\\\/\\\/madabouthorror.co.uk\\\/#\\\/schema\\\/logo\\\/image\\\/\",\"url\":\"https:\\\/\\\/madabouthorror.co.uk\\\/wp-content\\\/uploads\\\/2024\\\/02\\\/cropped-Logo.png\",\"contentUrl\":\"https:\\\/\\\/madabouthorror.co.uk\\\/wp-content\\\/uploads\\\/2024\\\/02\\\/cropped-Logo.png\",\"width\":240,\"height\":88,\"caption\":\"Mad About Horror\"},\"image\":{\"@id\":\"https:\\\/\\\/madabouthorror.co.uk\\\/#\\\/schema\\\/logo\\\/image\\\/\"},\"sameAs\":[\"https:\\\/\\\/www.facebook.com\\\/madabouthorror\\\/\",\"https:\\\/\\\/www.instagram.com\\\/madabouthorror\\\/\",\"https:\\\/\\\/www.pinterest.co.uk\\\/madabouthorror\\\/\",\"https:\\\/\\\/www.youtube.com\\\/channel\\\/UCBooLOIxjoQ89dj6T5lWm_w\",\"https:\\\/\\\/www.tiktok.com\\\/@weremadabouthorror\"]}]}<\/script>\n<!-- \/ Yoast SEO plugin. -->","yoast_head_json":{"title":"Beleuchtete h\u00e4ngende Dachrinnenmahner | Mad About Horror","robots":{"index":"index","follow":"follow","max-snippet":"max-snippet:-1","max-image-preview":"max-image-preview:large","max-video-preview":"max-video-preview:-1"},"canonical":"https:\/\/madabouthorror.co.uk\/de\/product\/light-up-hanging-gutter-reaper\/","og_locale":"de_DE","og_type":"article","og_title":"Light Up Hanging Gutter Reaper | Mad About Horror","og_description":"Create the spookiest house on the block with this 7-Foot Solar-Activated Hanging Reaper! Stretching from your gutters to the ground, this terrifying figure features a solar-powered, light-up skull face that sends shivers down the spine. Complete with gutter hangers and a yard stake, it&#8217;s the ultimate Halloween decoration for a bone-chilling display!","og_url":"https:\/\/madabouthorror.co.uk\/de\/product\/light-up-hanging-gutter-reaper\/","og_site_name":"Mad About Horror","article_publisher":"https:\/\/www.facebook.com\/madabouthorror\/","article_modified_time":"2025-10-23T20:26:51+00:00","og_image":[{"width":1772,"height":1772,"url":"https:\/\/madabouthorror.co.uk\/wp-content\/uploads\/2024\/08\/Untitled-1.jpg","type":"image\/jpeg"}],"twitter_card":"summary_large_image","twitter_misc":{"Gesch\u00e4tzte Lesezeit":"1\u00a0Minute"},"schema":{"@context":"https:\/\/schema.org","@graph":[{"@type":["WebPage","ItemPage"],"@id":"https:\/\/madabouthorror.co.uk\/product\/light-up-hanging-gutter-reaper\/","url":"https:\/\/madabouthorror.co.uk\/product\/light-up-hanging-gutter-reaper\/","name":"Beleuchtete h\u00e4ngende Dachrinnenmahner | Mad About Horror","isPartOf":{"@id":"https:\/\/madabouthorror.co.uk\/#website"},"primaryImageOfPage":{"@id":"https:\/\/madabouthorror.co.uk\/product\/light-up-hanging-gutter-reaper\/#primaryimage"},"image":{"@id":"https:\/\/madabouthorror.co.uk\/product\/light-up-hanging-gutter-reaper\/#primaryimage"},"thumbnailUrl":"https:\/\/madabouthorror.co.uk\/wp-content\/uploads\/2024\/08\/Untitled-1.jpg","datePublished":"2024-08-02T12:46:06+00:00","dateModified":"2025-10-23T20:26:51+00:00","breadcrumb":{"@id":"https:\/\/madabouthorror.co.uk\/product\/light-up-hanging-gutter-reaper\/#breadcrumb"},"inLanguage":"de","potentialAction":[{"@type":"ReadAction","target":["https:\/\/madabouthorror.co.uk\/product\/light-up-hanging-gutter-reaper\/"]}]},{"@type":"ImageObject","inLanguage":"de","@id":"https:\/\/madabouthorror.co.uk\/product\/light-up-hanging-gutter-reaper\/#primaryimage","url":"https:\/\/madabouthorror.co.uk\/wp-content\/uploads\/2024\/08\/Untitled-1.jpg","contentUrl":"https:\/\/madabouthorror.co.uk\/wp-content\/uploads\/2024\/08\/Untitled-1.jpg","width":1772,"height":1772,"caption":"reaper decoration"},{"@type":"BreadcrumbList","@id":"https:\/\/madabouthorror.co.uk\/product\/light-up-hanging-gutter-reaper\/#breadcrumb","itemListElement":[{"@type":"ListItem","position":1,"name":"Shop","item":"https:\/\/madabouthorror.co.uk\/shop\/"},{"@type":"ListItem","position":2,"name":"Light Up Hanging Gutter Reaper"}]},{"@type":"WebSite","@id":"https:\/\/madabouthorror.co.uk\/#website","url":"https:\/\/madabouthorror.co.uk\/","name":"Verr\u00fcckt nach Horror","description":"","publisher":{"@id":"https:\/\/madabouthorror.co.uk\/#organization"},"alternateName":"Mad About Horror Limited","potentialAction":[{"@type":"SearchAction","target":{"@type":"EntryPoint","urlTemplate":"https:\/\/madabouthorror.co.uk\/?s={search_term_string}"},"query-input":{"@type":"PropertyValueSpecification","valueRequired":true,"valueName":"search_term_string"}}],"inLanguage":"de"},{"@type":"Organization","@id":"https:\/\/madabouthorror.co.uk\/#organization","name":"Verr\u00fcckt nach Horror","url":"https:\/\/madabouthorror.co.uk\/","logo":{"@type":"ImageObject","inLanguage":"de","@id":"https:\/\/madabouthorror.co.uk\/#\/schema\/logo\/image\/","url":"https:\/\/madabouthorror.co.uk\/wp-content\/uploads\/2024\/02\/cropped-Logo.png","contentUrl":"https:\/\/madabouthorror.co.uk\/wp-content\/uploads\/2024\/02\/cropped-Logo.png","width":240,"height":88,"caption":"Mad About Horror"},"image":{"@id":"https:\/\/madabouthorror.co.uk\/#\/schema\/logo\/image\/"},"sameAs":["https:\/\/www.facebook.com\/madabouthorror\/","https:\/\/www.instagram.com\/madabouthorror\/","https:\/\/www.pinterest.co.uk\/madabouthorror\/","https:\/\/www.youtube.com\/channel\/UCBooLOIxjoQ89dj6T5lWm_w","https:\/\/www.tiktok.com\/@weremadabouthorror"]}]}},"df_price":52.03,"df_sale_price":"","df_regular_price":52.03,"df_image_link":"https:\/\/madabouthorror.co.uk\/wp-content\/uploads\/2024\/08\/Untitled-1-300x300.jpg","_links":{"self":[{"href":"https:\/\/madabouthorror.co.uk\/de\/wp-json\/wp\/v2\/product\/492769","targetHints":{"allow":["GET"]}}],"collection":[{"href":"https:\/\/madabouthorror.co.uk\/de\/wp-json\/wp\/v2\/product"}],"about":[{"href":"https:\/\/madabouthorror.co.uk\/de\/wp-json\/wp\/v2\/types\/product"}],"replies":[{"embeddable":true,"href":"https:\/\/madabouthorror.co.uk\/de\/wp-json\/wp\/v2\/comments?post=492769"}],"wp:featuredmedia":[{"embeddable":true,"href":"https:\/\/madabouthorror.co.uk\/de\/wp-json\/wp\/v2\/media\/492771"}],"wp:attachment":[{"href":"https:\/\/madabouthorror.co.uk\/de\/wp-json\/wp\/v2\/media?parent=492769"}],"wp:term":[{"taxonomy":"product_brand","embeddable":true,"href":"https:\/\/madabouthorror.co.uk\/de\/wp-json\/wp\/v2\/product_brand?post=492769"},{"taxonomy":"product_cat","embeddable":true,"href":"https:\/\/madabouthorror.co.uk\/de\/wp-json\/wp\/v2\/product_cat?post=492769"},{"taxonomy":"product_tag","embeddable":true,"href":"https:\/\/madabouthorror.co.uk\/de\/wp-json\/wp\/v2\/product_tag?post=492769"}],"curies":[{"name":"wp","href":"https:\/\/api.w.org\/{rel}","templated":true}]}}