{"id":49285,"date":"2021-08-02T11:08:06","date_gmt":"2021-08-02T10:08:06","guid":{"rendered":"https:\/\/mah.6bdv.ws\/product\/sideshow-collectibles-1-6-scale-freddy-krueger-figure\/"},"modified":"2026-03-12T21:56:36","modified_gmt":"2026-03-12T21:56:36","slug":"sideshow-collectibles-1-6-scale-freddy-krueger-figure","status":"publish","type":"product","link":"https:\/\/madabouthorror.co.uk\/de\/product\/sideshow-collectibles-1-6-scale-freddy-krueger-figure\/","title":{"rendered":"Sideshow Collectibles 1\/6 Ma\u00dfstab A Nightmare on Elm Street Freddy Krueger Figur"},"content":{"rendered":"<p><span style=\"color: #000000;\">Wiederver\u00f6ffentlicht, verpassen Sie es nicht!<\/span><\/p>\n<p>Da Freddy Krueger seit \u00fcber drei Jahrzehnten unsere Tr\u00e4ume (Alptr\u00e4ume) heimgesucht hat, war es nur logisch, dass der n\u00e4chste klassische Horrorschurke, der als Sideshow Sixth Scale Figur realisiert wird, Freddy Krueger sein w\u00fcrde.<\/p>\n<p>Die Freddy Krueger Sixth Scale Figur ist eine erstaunlich genaue und detaillierte Nachbildung des Aussehens des Monsters aus A Nightmare on Elm Street 3: Dream Warriors.  Unter seinem Markenzeichen, dem Filzhut, verbirgt sich Kruegers verbranntes, finster dreinblickendes Gesicht und ein detailgetreues Stoffkost\u00fcm, einschlie\u00dflich seines ikonischen, verwitterten, gestreiften Pullovers.<\/p>\n<p>Um Sammlern die M\u00f6glichkeit zu geben, Freddy auf einzigartige Weise zu posieren, legt Sideshow zwei verschiedene Versionen der Hand mit dem Klingenhandschuh bei - eine offene und eine gestikulierende.  Das St\u00fcck enth\u00e4lt auch drei H\u00e4nde ohne Handschuhe - offen, Faust und zeigend.<\/p>\n<p>Wenn du denkst, dass du es vermeiden kannst, zu schlafen, w\u00e4hrend du ihn in deiner Sammlung hast, dann solltest du die Freddy Krueger Sixth Scale Figure abholen, bevor er zur\u00fcck in die H\u00f6lle kriecht.<\/p>\n<p style=\"font-weight: 400;\"><strong>Die Freddy Krueger Sixth Scale Figur hat besondere Eigenschaften:<\/strong><\/p>\n<ul>\n<li>Ein vollst\u00e4ndig realisiertes Portr\u00e4t von Freddy Krueger, basierend auf seinem Auftritt in A Nightmare on Elm Street 3: Dream Warriors<\/li>\n<li>Detailliertes und verwittertes Stoffkost\u00fcm mit:<\/li>\n<li>Ein kultiger Pullover von Freddy's<\/li>\n<li>Ein Paar Hosen<\/li>\n<li>F\u00fcnf auswechselbare Zeiger<\/li>\n<li>Ein Paar Stiefel<\/li>\n<\/ul>","protected":false},"excerpt":{"rendered":"<p>Wiederver\u00f6ffentlicht, verpassen Sie es nicht! Nachdem Freddy Krueger \u00fcber drei Jahrzehnte lang unsere Tr\u00e4ume (Alptr\u00e4ume) heimgesucht hat, war es nur logisch, dass der n\u00e4chste klassische Horrorschurke, der als Sideshow Sixth Scale Figur realisiert wird, Freddy Krueger sein w\u00fcrde. Die Freddy Krueger Sixth Scale Figure ist eine verbl\u00fcffend genaue und detaillierte Nachbildung des Aussehens des Monsters aus [...]<\/p>","protected":false},"featured_media":489844,"comment_status":"closed","ping_status":"closed","template":"","meta":{"_acf_changed":false},"product_brand":[],"product_cat":[10129,10038],"product_tag":[],"class_list":{"0":"post-49285","1":"product","2":"type-product","3":"status-publish","4":"has-post-thumbnail","6":"product_cat-main-gift","7":"product_cat-horror-gifts","8":"pa_brand-sideshowcollectibles","9":"pa_character-99-anightmareonelmstreetfredd","10":"pa_google_tax-ba-artsentertainmenthobbiescr","12":"first","13":"outofstock","14":"taxable","15":"shipping-taxable","16":"purchasable","17":"product-type-simple"},"supplier_id":467891,"supplier_sku":"SS100359","barcode":"747720231184","atum_controlled":true,"out_stock_date":"2026-03-12 21:56:36","out_stock_threshold":null,"inheritable":false,"inbound_stock":0,"stock_on_hold":0,"sold_today":0,"sales_last_days":0,"reserved_stock":0,"customer_returns":0,"warehouse_damage":0,"lost_in_post":0,"other_logs":0,"out_stock_days":31,"lost_sales":0,"has_location":false,"update_date":"2026-04-13T01:11:33","atum_locations":[],"atum_stock_status":"outofstock","restock_status":false,"low_stock_amount":"","sales_update_date":"2026-04-13T01:11:32","calc_backorders":null,"acf":[],"yoast_head":"<!-- This site is optimized with the Yoast SEO plugin v27.3 - https:\/\/yoast.com\/product\/yoast-seo-wordpress\/ -->\n<title>Sideshow Collectibles - 1\/6 Scale Freddy Krueger Figure<\/title>\n<meta name=\"description\" content=\"Sideshow Collectibles 1\/6 Scale A Nightmare on Elm Street Freddy Krueger Figure. Official UK Stockist of Sideshow. Shop Horror collectibles, UK Stock\" \/>\n<meta name=\"robots\" content=\"index, follow, max-snippet:-1, max-image-preview:large, max-video-preview:-1\" \/>\n<link rel=\"canonical\" href=\"https:\/\/madabouthorror.co.uk\/de\/product\/sideshow-collectibles-1-6-scale-freddy-krueger-figure\/\" \/>\n<meta property=\"og:locale\" content=\"de_DE\" \/>\n<meta property=\"og:type\" content=\"article\" \/>\n<meta property=\"og:title\" content=\"Sideshow Collectibles - 1\/6 Scale Freddy Krueger Figure\" \/>\n<meta property=\"og:description\" content=\"Sideshow Collectibles 1\/6 Scale A Nightmare on Elm Street Freddy Krueger Figure. Official UK Stockist of Sideshow. Shop Horror collectibles, UK Stock\" \/>\n<meta property=\"og:url\" content=\"https:\/\/madabouthorror.co.uk\/de\/product\/sideshow-collectibles-1-6-scale-freddy-krueger-figure\/\" \/>\n<meta property=\"og:site_name\" content=\"Mad About Horror\" \/>\n<meta property=\"article:publisher\" content=\"https:\/\/www.facebook.com\/madabouthorror\/\" \/>\n<meta property=\"article:modified_time\" content=\"2026-03-12T21:56:36+00:00\" \/>\n<meta property=\"og:image\" content=\"https:\/\/madabouthorror.co.uk\/wp-content\/uploads\/2021\/08\/sideshow-nightmare-on-elm-street-freddy-krueger-16-figure-1.jpg\" \/>\n\t<meta property=\"og:image:width\" content=\"1500\" \/>\n\t<meta property=\"og:image:height\" content=\"1500\" \/>\n\t<meta property=\"og:image:type\" content=\"image\/jpeg\" \/>\n<meta name=\"twitter:card\" content=\"summary_large_image\" \/>\n<meta name=\"twitter:label1\" content=\"Gesch\u00e4tzte Lesezeit\" \/>\n\t<meta name=\"twitter:data1\" content=\"2\u00a0Minuten\" \/>\n<script type=\"application\/ld+json\" class=\"yoast-schema-graph\">{\"@context\":\"https:\\\/\\\/schema.org\",\"@graph\":[{\"@type\":[\"WebPage\",\"ItemPage\"],\"@id\":\"https:\\\/\\\/madabouthorror.co.uk\\\/product\\\/sideshow-collectibles-1-6-scale-freddy-krueger-figure\\\/\",\"url\":\"https:\\\/\\\/madabouthorror.co.uk\\\/product\\\/sideshow-collectibles-1-6-scale-freddy-krueger-figure\\\/\",\"name\":\"Sideshow Collectibles - 1\\\/6 Scale Freddy Krueger Figure\",\"isPartOf\":{\"@id\":\"https:\\\/\\\/madabouthorror.co.uk\\\/#website\"},\"primaryImageOfPage\":{\"@id\":\"https:\\\/\\\/madabouthorror.co.uk\\\/product\\\/sideshow-collectibles-1-6-scale-freddy-krueger-figure\\\/#primaryimage\"},\"image\":{\"@id\":\"https:\\\/\\\/madabouthorror.co.uk\\\/product\\\/sideshow-collectibles-1-6-scale-freddy-krueger-figure\\\/#primaryimage\"},\"thumbnailUrl\":\"https:\\\/\\\/madabouthorror.co.uk\\\/wp-content\\\/uploads\\\/2021\\\/08\\\/sideshow-nightmare-on-elm-street-freddy-krueger-16-figure-1.jpg\",\"datePublished\":\"2021-08-02T10:08:06+00:00\",\"dateModified\":\"2026-03-12T21:56:36+00:00\",\"description\":\"Sideshow Collectibles 1\\\/6 Scale A Nightmare on Elm Street Freddy Krueger Figure. Official UK Stockist of Sideshow. Shop Horror collectibles, UK Stock\",\"breadcrumb\":{\"@id\":\"https:\\\/\\\/madabouthorror.co.uk\\\/product\\\/sideshow-collectibles-1-6-scale-freddy-krueger-figure\\\/#breadcrumb\"},\"inLanguage\":\"de\",\"potentialAction\":[{\"@type\":\"ReadAction\",\"target\":[\"https:\\\/\\\/madabouthorror.co.uk\\\/product\\\/sideshow-collectibles-1-6-scale-freddy-krueger-figure\\\/\"]}]},{\"@type\":\"ImageObject\",\"inLanguage\":\"de\",\"@id\":\"https:\\\/\\\/madabouthorror.co.uk\\\/product\\\/sideshow-collectibles-1-6-scale-freddy-krueger-figure\\\/#primaryimage\",\"url\":\"https:\\\/\\\/madabouthorror.co.uk\\\/wp-content\\\/uploads\\\/2021\\\/08\\\/sideshow-nightmare-on-elm-street-freddy-krueger-16-figure-1.jpg\",\"contentUrl\":\"https:\\\/\\\/madabouthorror.co.uk\\\/wp-content\\\/uploads\\\/2021\\\/08\\\/sideshow-nightmare-on-elm-street-freddy-krueger-16-figure-1.jpg\",\"width\":1500,\"height\":1500,\"caption\":\"Sideshow 1\\\/6 Freddy Krueger Figure\"},{\"@type\":\"BreadcrumbList\",\"@id\":\"https:\\\/\\\/madabouthorror.co.uk\\\/product\\\/sideshow-collectibles-1-6-scale-freddy-krueger-figure\\\/#breadcrumb\",\"itemListElement\":[{\"@type\":\"ListItem\",\"position\":1,\"name\":\"Shop\",\"item\":\"https:\\\/\\\/madabouthorror.co.uk\\\/shop\\\/\"},{\"@type\":\"ListItem\",\"position\":2,\"name\":\"Sideshow Collectibles 1\\\/6 Scale A Nightmare on Elm Street Freddy Krueger Figure\"}]},{\"@type\":\"WebSite\",\"@id\":\"https:\\\/\\\/madabouthorror.co.uk\\\/#website\",\"url\":\"https:\\\/\\\/madabouthorror.co.uk\\\/\",\"name\":\"Mad About Horror\",\"description\":\"\",\"publisher\":{\"@id\":\"https:\\\/\\\/madabouthorror.co.uk\\\/#organization\"},\"alternateName\":\"Mad About Horror Limited\",\"potentialAction\":[{\"@type\":\"SearchAction\",\"target\":{\"@type\":\"EntryPoint\",\"urlTemplate\":\"https:\\\/\\\/madabouthorror.co.uk\\\/?s={search_term_string}\"},\"query-input\":{\"@type\":\"PropertyValueSpecification\",\"valueRequired\":true,\"valueName\":\"search_term_string\"}}],\"inLanguage\":\"de\"},{\"@type\":\"Organization\",\"@id\":\"https:\\\/\\\/madabouthorror.co.uk\\\/#organization\",\"name\":\"Mad About Horror\",\"url\":\"https:\\\/\\\/madabouthorror.co.uk\\\/\",\"logo\":{\"@type\":\"ImageObject\",\"inLanguage\":\"de\",\"@id\":\"https:\\\/\\\/madabouthorror.co.uk\\\/#\\\/schema\\\/logo\\\/image\\\/\",\"url\":\"https:\\\/\\\/madabouthorror.co.uk\\\/wp-content\\\/uploads\\\/2024\\\/02\\\/cropped-Logo.png\",\"contentUrl\":\"https:\\\/\\\/madabouthorror.co.uk\\\/wp-content\\\/uploads\\\/2024\\\/02\\\/cropped-Logo.png\",\"width\":240,\"height\":88,\"caption\":\"Mad About Horror\"},\"image\":{\"@id\":\"https:\\\/\\\/madabouthorror.co.uk\\\/#\\\/schema\\\/logo\\\/image\\\/\"},\"sameAs\":[\"https:\\\/\\\/www.facebook.com\\\/madabouthorror\\\/\",\"https:\\\/\\\/www.instagram.com\\\/madabouthorror\\\/\",\"https:\\\/\\\/www.pinterest.co.uk\\\/madabouthorror\\\/\",\"https:\\\/\\\/www.youtube.com\\\/channel\\\/UCBooLOIxjoQ89dj6T5lWm_w\",\"https:\\\/\\\/www.tiktok.com\\\/@weremadabouthorror\"]}]}<\/script>\n<!-- \/ Yoast SEO plugin. -->","yoast_head_json":{"title":"Sideshow Collectibles - Freddy Krueger Figur im Ma\u00dfstab 1\/6","description":"Sideshow Collectibles 1\/6 Scale A Nightmare on Elm Street Freddy Krueger Figur. Offizieller UK-H\u00e4ndler von Sideshow. Shop Horror Sammlerst\u00fccke, UK Stock","robots":{"index":"index","follow":"follow","max-snippet":"max-snippet:-1","max-image-preview":"max-image-preview:large","max-video-preview":"max-video-preview:-1"},"canonical":"https:\/\/madabouthorror.co.uk\/de\/product\/sideshow-collectibles-1-6-scale-freddy-krueger-figure\/","og_locale":"de_DE","og_type":"article","og_title":"Sideshow Collectibles - 1\/6 Scale Freddy Krueger Figure","og_description":"Sideshow Collectibles 1\/6 Scale A Nightmare on Elm Street Freddy Krueger Figure. Official UK Stockist of Sideshow. Shop Horror collectibles, UK Stock","og_url":"https:\/\/madabouthorror.co.uk\/de\/product\/sideshow-collectibles-1-6-scale-freddy-krueger-figure\/","og_site_name":"Mad About Horror","article_publisher":"https:\/\/www.facebook.com\/madabouthorror\/","article_modified_time":"2026-03-12T21:56:36+00:00","og_image":[{"width":1500,"height":1500,"url":"https:\/\/madabouthorror.co.uk\/wp-content\/uploads\/2021\/08\/sideshow-nightmare-on-elm-street-freddy-krueger-16-figure-1.jpg","type":"image\/jpeg"}],"twitter_card":"summary_large_image","twitter_misc":{"Gesch\u00e4tzte Lesezeit":"2\u00a0Minuten"},"schema":{"@context":"https:\/\/schema.org","@graph":[{"@type":["WebPage","ItemPage"],"@id":"https:\/\/madabouthorror.co.uk\/product\/sideshow-collectibles-1-6-scale-freddy-krueger-figure\/","url":"https:\/\/madabouthorror.co.uk\/product\/sideshow-collectibles-1-6-scale-freddy-krueger-figure\/","name":"Sideshow Collectibles - Freddy Krueger Figur im Ma\u00dfstab 1\/6","isPartOf":{"@id":"https:\/\/madabouthorror.co.uk\/#website"},"primaryImageOfPage":{"@id":"https:\/\/madabouthorror.co.uk\/product\/sideshow-collectibles-1-6-scale-freddy-krueger-figure\/#primaryimage"},"image":{"@id":"https:\/\/madabouthorror.co.uk\/product\/sideshow-collectibles-1-6-scale-freddy-krueger-figure\/#primaryimage"},"thumbnailUrl":"https:\/\/madabouthorror.co.uk\/wp-content\/uploads\/2021\/08\/sideshow-nightmare-on-elm-street-freddy-krueger-16-figure-1.jpg","datePublished":"2021-08-02T10:08:06+00:00","dateModified":"2026-03-12T21:56:36+00:00","description":"Sideshow Collectibles 1\/6 Scale A Nightmare on Elm Street Freddy Krueger Figur. Offizieller UK-H\u00e4ndler von Sideshow. Shop Horror Sammlerst\u00fccke, UK Stock","breadcrumb":{"@id":"https:\/\/madabouthorror.co.uk\/product\/sideshow-collectibles-1-6-scale-freddy-krueger-figure\/#breadcrumb"},"inLanguage":"de","potentialAction":[{"@type":"ReadAction","target":["https:\/\/madabouthorror.co.uk\/product\/sideshow-collectibles-1-6-scale-freddy-krueger-figure\/"]}]},{"@type":"ImageObject","inLanguage":"de","@id":"https:\/\/madabouthorror.co.uk\/product\/sideshow-collectibles-1-6-scale-freddy-krueger-figure\/#primaryimage","url":"https:\/\/madabouthorror.co.uk\/wp-content\/uploads\/2021\/08\/sideshow-nightmare-on-elm-street-freddy-krueger-16-figure-1.jpg","contentUrl":"https:\/\/madabouthorror.co.uk\/wp-content\/uploads\/2021\/08\/sideshow-nightmare-on-elm-street-freddy-krueger-16-figure-1.jpg","width":1500,"height":1500,"caption":"Sideshow 1\/6 Freddy Krueger Figure"},{"@type":"BreadcrumbList","@id":"https:\/\/madabouthorror.co.uk\/product\/sideshow-collectibles-1-6-scale-freddy-krueger-figure\/#breadcrumb","itemListElement":[{"@type":"ListItem","position":1,"name":"Shop","item":"https:\/\/madabouthorror.co.uk\/shop\/"},{"@type":"ListItem","position":2,"name":"Sideshow Collectibles 1\/6 Scale A Nightmare on Elm Street Freddy Krueger Figure"}]},{"@type":"WebSite","@id":"https:\/\/madabouthorror.co.uk\/#website","url":"https:\/\/madabouthorror.co.uk\/","name":"Verr\u00fcckt nach Horror","description":"","publisher":{"@id":"https:\/\/madabouthorror.co.uk\/#organization"},"alternateName":"Mad About Horror Limited","potentialAction":[{"@type":"SearchAction","target":{"@type":"EntryPoint","urlTemplate":"https:\/\/madabouthorror.co.uk\/?s={search_term_string}"},"query-input":{"@type":"PropertyValueSpecification","valueRequired":true,"valueName":"search_term_string"}}],"inLanguage":"de"},{"@type":"Organization","@id":"https:\/\/madabouthorror.co.uk\/#organization","name":"Verr\u00fcckt nach Horror","url":"https:\/\/madabouthorror.co.uk\/","logo":{"@type":"ImageObject","inLanguage":"de","@id":"https:\/\/madabouthorror.co.uk\/#\/schema\/logo\/image\/","url":"https:\/\/madabouthorror.co.uk\/wp-content\/uploads\/2024\/02\/cropped-Logo.png","contentUrl":"https:\/\/madabouthorror.co.uk\/wp-content\/uploads\/2024\/02\/cropped-Logo.png","width":240,"height":88,"caption":"Mad About Horror"},"image":{"@id":"https:\/\/madabouthorror.co.uk\/#\/schema\/logo\/image\/"},"sameAs":["https:\/\/www.facebook.com\/madabouthorror\/","https:\/\/www.instagram.com\/madabouthorror\/","https:\/\/www.pinterest.co.uk\/madabouthorror\/","https:\/\/www.youtube.com\/channel\/UCBooLOIxjoQ89dj6T5lWm_w","https:\/\/www.tiktok.com\/@weremadabouthorror"]}]}},"df_price":302.03,"df_sale_price":"","df_regular_price":302.03,"df_image_link":"https:\/\/madabouthorror.co.uk\/wp-content\/uploads\/2021\/08\/sideshow-nightmare-on-elm-street-freddy-krueger-16-figure-1-300x300.jpg","_links":{"self":[{"href":"https:\/\/madabouthorror.co.uk\/de\/wp-json\/wp\/v2\/product\/49285","targetHints":{"allow":["GET"]}}],"collection":[{"href":"https:\/\/madabouthorror.co.uk\/de\/wp-json\/wp\/v2\/product"}],"about":[{"href":"https:\/\/madabouthorror.co.uk\/de\/wp-json\/wp\/v2\/types\/product"}],"replies":[{"embeddable":true,"href":"https:\/\/madabouthorror.co.uk\/de\/wp-json\/wp\/v2\/comments?post=49285"}],"wp:featuredmedia":[{"embeddable":true,"href":"https:\/\/madabouthorror.co.uk\/de\/wp-json\/wp\/v2\/media\/489844"}],"wp:attachment":[{"href":"https:\/\/madabouthorror.co.uk\/de\/wp-json\/wp\/v2\/media?parent=49285"}],"wp:term":[{"taxonomy":"product_brand","embeddable":true,"href":"https:\/\/madabouthorror.co.uk\/de\/wp-json\/wp\/v2\/product_brand?post=49285"},{"taxonomy":"product_cat","embeddable":true,"href":"https:\/\/madabouthorror.co.uk\/de\/wp-json\/wp\/v2\/product_cat?post=49285"},{"taxonomy":"product_tag","embeddable":true,"href":"https:\/\/madabouthorror.co.uk\/de\/wp-json\/wp\/v2\/product_tag?post=49285"}],"curies":[{"name":"wp","href":"https:\/\/api.w.org\/{rel}","templated":true}]}}