{"id":494073,"date":"2024-08-15T13:37:22","date_gmt":"2024-08-15T12:37:22","guid":{"rendered":"https:\/\/madabouthorror.co.uk\/?post_type=product&#038;p=494073"},"modified":"2026-04-03T19:04:03","modified_gmt":"2026-04-03T18:04:03","slug":"mezco-living-dead-dolls-terrifier-2-pale-girl","status":"publish","type":"product","link":"https:\/\/madabouthorror.co.uk\/de\/product\/mezco-living-dead-dolls-terrifier-2-pale-girl\/","title":{"rendered":"MEZCO Living Dead Dolls Terrifier 2 - Das kleine blasse M\u00e4dchen"},"content":{"rendered":"<p>Lerne Art the Clowns geheimnisvollen Handlanger kennen - das kleine blasse M\u00e4dchen aus der Terrifier-Serie, das sich der Reihe der Living Dead Dolls anschlie\u00dft!<\/p>\n<p>Mit einem breiten, bedrohlichen Grinsen unterst\u00fctzt das Little Pale Girl den Slasher-B\u00f6sewicht bei seinen gewaltt\u00e4tigen Taten und lebt nur, um zu foltern und zu morden. Sie tr\u00e4gt ein schwarz-wei\u00dfes Clownskleid mit Minirock, R\u00fcschenkragen und Bommeln, \u00e4hnlich dem Kost\u00fcm von Art. Ihr Haar ist teilweise durch einen kleinen wei\u00dfen Zylinder gezogen und bildet einen Pferdeschwanz.<\/p>\n<p>Die Puppe ist 10,5 cm gro\u00df und kann an 5 Stellen bewegt werden. F\u00fcge das Spooky Terrifier 2 Pale Girl noch heute zu deiner Sammlung hinzu!<\/p>","protected":false},"excerpt":{"rendered":"<p>Lerne Art the Clowns mysteri\u00f6sen Handlanger kennen - das Little Pale Girl aus der Terrifier-Serie erg\u00e4nzt die Reihe der Living Dead Dolls! Mit einem breiten, bedrohlichen Grinsen unterst\u00fctzt das Little Pale Girl den Slasher-B\u00f6sewicht bei seinen Gewalttaten und lebt nur, um zu foltern und zu morden. Sie tr\u00e4gt ein schwarz-wei\u00dfes Minirock-Clownskleid mit R\u00fcschenkragen und Bommel [...]<\/p>","protected":false},"featured_media":494076,"comment_status":"closed","ping_status":"closed","template":"","meta":{"_acf_changed":false},"product_brand":[],"product_cat":[6538,6619,6794,6701],"product_tag":[],"class_list":{"0":"post-494073","1":"product","2":"type-product","3":"status-publish","4":"has-post-thumbnail","6":"product_cat-figures","7":"product_cat-mezco-living-dead-dolls","8":"product_cat-mezco","9":"product_cat-terrifier","11":"first","12":"instock","13":"taxable","14":"shipping-taxable","15":"purchasable","16":"product-type-simple"},"supplier_id":467442,"supplier_sku":"91021","barcode":"696199000000","atum_controlled":true,"out_stock_date":null,"out_stock_threshold":null,"inheritable":false,"inbound_stock":0,"stock_on_hold":0,"sold_today":0,"sales_last_days":0,"reserved_stock":0,"customer_returns":0,"warehouse_damage":0,"lost_in_post":0,"other_logs":0,"out_stock_days":0,"lost_sales":0,"has_location":false,"update_date":"2026-04-14T01:42:25","atum_locations":[],"atum_stock_status":"instock","restock_status":false,"low_stock_amount":3,"sales_update_date":"2026-04-14T01:42:23","calc_backorders":null,"acf":[],"yoast_head":"<!-- This site is optimized with the Yoast SEO plugin v27.3 - https:\/\/yoast.com\/product\/yoast-seo-wordpress\/ -->\n<title>MEZCO Living Dead Dolls Terrifier 2 The Little Pale Girl | UK Stock<\/title>\n<meta name=\"description\" content=\"MEZCO Living Dead Doll Pale Girl - Terrifier 2. Shop Horror collectibles and Halloween props. UK Stock, Fast Delivery. Official UK Stockist of Terrifier.\" \/>\n<meta name=\"robots\" content=\"index, follow, max-snippet:-1, max-image-preview:large, max-video-preview:-1\" \/>\n<link rel=\"canonical\" href=\"https:\/\/madabouthorror.co.uk\/de\/product\/mezco-living-dead-dolls-terrifier-2-pale-girl\/\" \/>\n<meta property=\"og:locale\" content=\"de_DE\" \/>\n<meta property=\"og:type\" content=\"article\" \/>\n<meta property=\"og:title\" content=\"MEZCO Living Dead Dolls Terrifier 2 The Little Pale Girl | UK Stock\" \/>\n<meta property=\"og:description\" content=\"MEZCO Living Dead Doll Pale Girl - Terrifier 2. Shop Horror collectibles and Halloween props. UK Stock, Fast Delivery. Official UK Stockist of Terrifier.\" \/>\n<meta property=\"og:url\" content=\"https:\/\/madabouthorror.co.uk\/de\/product\/mezco-living-dead-dolls-terrifier-2-pale-girl\/\" \/>\n<meta property=\"og:site_name\" content=\"Mad About Horror\" \/>\n<meta property=\"article:publisher\" content=\"https:\/\/www.facebook.com\/madabouthorror\/\" \/>\n<meta property=\"article:modified_time\" content=\"2026-04-03T18:04:03+00:00\" \/>\n<meta property=\"og:image\" content=\"https:\/\/madabouthorror.co.uk\/wp-content\/uploads\/2024\/08\/x800-16130.jpg\" \/>\n\t<meta property=\"og:image:width\" content=\"800\" \/>\n\t<meta property=\"og:image:height\" content=\"800\" \/>\n\t<meta property=\"og:image:type\" content=\"image\/jpeg\" \/>\n<meta name=\"twitter:card\" content=\"summary_large_image\" \/>\n<meta name=\"twitter:label1\" content=\"Gesch\u00e4tzte Lesezeit\" \/>\n\t<meta name=\"twitter:data1\" content=\"1\u00a0Minute\" \/>\n<script type=\"application\/ld+json\" class=\"yoast-schema-graph\">{\"@context\":\"https:\\\/\\\/schema.org\",\"@graph\":[{\"@type\":[\"WebPage\",\"ItemPage\"],\"@id\":\"https:\\\/\\\/madabouthorror.co.uk\\\/product\\\/mezco-living-dead-dolls-terrifier-2-pale-girl\\\/\",\"url\":\"https:\\\/\\\/madabouthorror.co.uk\\\/product\\\/mezco-living-dead-dolls-terrifier-2-pale-girl\\\/\",\"name\":\"MEZCO Living Dead Dolls Terrifier 2 The Little Pale Girl | UK Stock\",\"isPartOf\":{\"@id\":\"https:\\\/\\\/madabouthorror.co.uk\\\/#website\"},\"primaryImageOfPage\":{\"@id\":\"https:\\\/\\\/madabouthorror.co.uk\\\/product\\\/mezco-living-dead-dolls-terrifier-2-pale-girl\\\/#primaryimage\"},\"image\":{\"@id\":\"https:\\\/\\\/madabouthorror.co.uk\\\/product\\\/mezco-living-dead-dolls-terrifier-2-pale-girl\\\/#primaryimage\"},\"thumbnailUrl\":\"https:\\\/\\\/madabouthorror.co.uk\\\/wp-content\\\/uploads\\\/2024\\\/08\\\/x800-16130.jpg\",\"datePublished\":\"2024-08-15T12:37:22+00:00\",\"dateModified\":\"2026-04-03T18:04:03+00:00\",\"description\":\"MEZCO Living Dead Doll Pale Girl - Terrifier 2. Shop Horror collectibles and Halloween props. UK Stock, Fast Delivery. Official UK Stockist of Terrifier.\",\"breadcrumb\":{\"@id\":\"https:\\\/\\\/madabouthorror.co.uk\\\/product\\\/mezco-living-dead-dolls-terrifier-2-pale-girl\\\/#breadcrumb\"},\"inLanguage\":\"de\",\"potentialAction\":[{\"@type\":\"ReadAction\",\"target\":[\"https:\\\/\\\/madabouthorror.co.uk\\\/product\\\/mezco-living-dead-dolls-terrifier-2-pale-girl\\\/\"]}]},{\"@type\":\"ImageObject\",\"inLanguage\":\"de\",\"@id\":\"https:\\\/\\\/madabouthorror.co.uk\\\/product\\\/mezco-living-dead-dolls-terrifier-2-pale-girl\\\/#primaryimage\",\"url\":\"https:\\\/\\\/madabouthorror.co.uk\\\/wp-content\\\/uploads\\\/2024\\\/08\\\/x800-16130.jpg\",\"contentUrl\":\"https:\\\/\\\/madabouthorror.co.uk\\\/wp-content\\\/uploads\\\/2024\\\/08\\\/x800-16130.jpg\",\"width\":800,\"height\":800,\"caption\":\"Living Dead Dolls Terrifier Pale Girl\"},{\"@type\":\"BreadcrumbList\",\"@id\":\"https:\\\/\\\/madabouthorror.co.uk\\\/product\\\/mezco-living-dead-dolls-terrifier-2-pale-girl\\\/#breadcrumb\",\"itemListElement\":[{\"@type\":\"ListItem\",\"position\":1,\"name\":\"Shop\",\"item\":\"https:\\\/\\\/madabouthorror.co.uk\\\/shop\\\/\"},{\"@type\":\"ListItem\",\"position\":2,\"name\":\"MEZCO Living Dead Dolls Terrifier 2 &#8211; The Little Pale Girl\"}]},{\"@type\":\"WebSite\",\"@id\":\"https:\\\/\\\/madabouthorror.co.uk\\\/#website\",\"url\":\"https:\\\/\\\/madabouthorror.co.uk\\\/\",\"name\":\"Mad About Horror\",\"description\":\"\",\"publisher\":{\"@id\":\"https:\\\/\\\/madabouthorror.co.uk\\\/#organization\"},\"alternateName\":\"Mad About Horror Limited\",\"potentialAction\":[{\"@type\":\"SearchAction\",\"target\":{\"@type\":\"EntryPoint\",\"urlTemplate\":\"https:\\\/\\\/madabouthorror.co.uk\\\/?s={search_term_string}\"},\"query-input\":{\"@type\":\"PropertyValueSpecification\",\"valueRequired\":true,\"valueName\":\"search_term_string\"}}],\"inLanguage\":\"de\"},{\"@type\":\"Organization\",\"@id\":\"https:\\\/\\\/madabouthorror.co.uk\\\/#organization\",\"name\":\"Mad About Horror\",\"url\":\"https:\\\/\\\/madabouthorror.co.uk\\\/\",\"logo\":{\"@type\":\"ImageObject\",\"inLanguage\":\"de\",\"@id\":\"https:\\\/\\\/madabouthorror.co.uk\\\/#\\\/schema\\\/logo\\\/image\\\/\",\"url\":\"https:\\\/\\\/madabouthorror.co.uk\\\/wp-content\\\/uploads\\\/2024\\\/02\\\/cropped-Logo.png\",\"contentUrl\":\"https:\\\/\\\/madabouthorror.co.uk\\\/wp-content\\\/uploads\\\/2024\\\/02\\\/cropped-Logo.png\",\"width\":240,\"height\":88,\"caption\":\"Mad About Horror\"},\"image\":{\"@id\":\"https:\\\/\\\/madabouthorror.co.uk\\\/#\\\/schema\\\/logo\\\/image\\\/\"},\"sameAs\":[\"https:\\\/\\\/www.facebook.com\\\/madabouthorror\\\/\",\"https:\\\/\\\/www.instagram.com\\\/madabouthorror\\\/\",\"https:\\\/\\\/www.pinterest.co.uk\\\/madabouthorror\\\/\",\"https:\\\/\\\/www.youtube.com\\\/channel\\\/UCBooLOIxjoQ89dj6T5lWm_w\",\"https:\\\/\\\/www.tiktok.com\\\/@weremadabouthorror\"]}]}<\/script>\n<!-- \/ Yoast SEO plugin. -->","yoast_head_json":{"title":"MEZCO Living Dead Dolls Terrifier 2 Das kleine blasse M\u00e4dchen | UK Stock","description":"MEZCO Lebende Tote Puppe Pale Girl - Terrifier 2. Shop Horror Sammlerst\u00fccke und Halloween Requisiten. UK Lager, schnelle Lieferung. Offizieller UK-H\u00e4ndler von Terrifier.","robots":{"index":"index","follow":"follow","max-snippet":"max-snippet:-1","max-image-preview":"max-image-preview:large","max-video-preview":"max-video-preview:-1"},"canonical":"https:\/\/madabouthorror.co.uk\/de\/product\/mezco-living-dead-dolls-terrifier-2-pale-girl\/","og_locale":"de_DE","og_type":"article","og_title":"MEZCO Living Dead Dolls Terrifier 2 The Little Pale Girl | UK Stock","og_description":"MEZCO Living Dead Doll Pale Girl - Terrifier 2. Shop Horror collectibles and Halloween props. UK Stock, Fast Delivery. Official UK Stockist of Terrifier.","og_url":"https:\/\/madabouthorror.co.uk\/de\/product\/mezco-living-dead-dolls-terrifier-2-pale-girl\/","og_site_name":"Mad About Horror","article_publisher":"https:\/\/www.facebook.com\/madabouthorror\/","article_modified_time":"2026-04-03T18:04:03+00:00","og_image":[{"width":800,"height":800,"url":"https:\/\/madabouthorror.co.uk\/wp-content\/uploads\/2024\/08\/x800-16130.jpg","type":"image\/jpeg"}],"twitter_card":"summary_large_image","twitter_misc":{"Gesch\u00e4tzte Lesezeit":"1\u00a0Minute"},"schema":{"@context":"https:\/\/schema.org","@graph":[{"@type":["WebPage","ItemPage"],"@id":"https:\/\/madabouthorror.co.uk\/product\/mezco-living-dead-dolls-terrifier-2-pale-girl\/","url":"https:\/\/madabouthorror.co.uk\/product\/mezco-living-dead-dolls-terrifier-2-pale-girl\/","name":"MEZCO Living Dead Dolls Terrifier 2 Das kleine blasse M\u00e4dchen | UK Stock","isPartOf":{"@id":"https:\/\/madabouthorror.co.uk\/#website"},"primaryImageOfPage":{"@id":"https:\/\/madabouthorror.co.uk\/product\/mezco-living-dead-dolls-terrifier-2-pale-girl\/#primaryimage"},"image":{"@id":"https:\/\/madabouthorror.co.uk\/product\/mezco-living-dead-dolls-terrifier-2-pale-girl\/#primaryimage"},"thumbnailUrl":"https:\/\/madabouthorror.co.uk\/wp-content\/uploads\/2024\/08\/x800-16130.jpg","datePublished":"2024-08-15T12:37:22+00:00","dateModified":"2026-04-03T18:04:03+00:00","description":"MEZCO Lebende Tote Puppe Pale Girl - Terrifier 2. Shop Horror Sammlerst\u00fccke und Halloween Requisiten. UK Lager, schnelle Lieferung. Offizieller UK-H\u00e4ndler von Terrifier.","breadcrumb":{"@id":"https:\/\/madabouthorror.co.uk\/product\/mezco-living-dead-dolls-terrifier-2-pale-girl\/#breadcrumb"},"inLanguage":"de","potentialAction":[{"@type":"ReadAction","target":["https:\/\/madabouthorror.co.uk\/product\/mezco-living-dead-dolls-terrifier-2-pale-girl\/"]}]},{"@type":"ImageObject","inLanguage":"de","@id":"https:\/\/madabouthorror.co.uk\/product\/mezco-living-dead-dolls-terrifier-2-pale-girl\/#primaryimage","url":"https:\/\/madabouthorror.co.uk\/wp-content\/uploads\/2024\/08\/x800-16130.jpg","contentUrl":"https:\/\/madabouthorror.co.uk\/wp-content\/uploads\/2024\/08\/x800-16130.jpg","width":800,"height":800,"caption":"Living Dead Dolls Terrifier Pale Girl"},{"@type":"BreadcrumbList","@id":"https:\/\/madabouthorror.co.uk\/product\/mezco-living-dead-dolls-terrifier-2-pale-girl\/#breadcrumb","itemListElement":[{"@type":"ListItem","position":1,"name":"Shop","item":"https:\/\/madabouthorror.co.uk\/shop\/"},{"@type":"ListItem","position":2,"name":"MEZCO Living Dead Dolls Terrifier 2 &#8211; The Little Pale Girl"}]},{"@type":"WebSite","@id":"https:\/\/madabouthorror.co.uk\/#website","url":"https:\/\/madabouthorror.co.uk\/","name":"Verr\u00fcckt nach Horror","description":"","publisher":{"@id":"https:\/\/madabouthorror.co.uk\/#organization"},"alternateName":"Mad About Horror Limited","potentialAction":[{"@type":"SearchAction","target":{"@type":"EntryPoint","urlTemplate":"https:\/\/madabouthorror.co.uk\/?s={search_term_string}"},"query-input":{"@type":"PropertyValueSpecification","valueRequired":true,"valueName":"search_term_string"}}],"inLanguage":"de"},{"@type":"Organization","@id":"https:\/\/madabouthorror.co.uk\/#organization","name":"Verr\u00fcckt nach Horror","url":"https:\/\/madabouthorror.co.uk\/","logo":{"@type":"ImageObject","inLanguage":"de","@id":"https:\/\/madabouthorror.co.uk\/#\/schema\/logo\/image\/","url":"https:\/\/madabouthorror.co.uk\/wp-content\/uploads\/2024\/02\/cropped-Logo.png","contentUrl":"https:\/\/madabouthorror.co.uk\/wp-content\/uploads\/2024\/02\/cropped-Logo.png","width":240,"height":88,"caption":"Mad About Horror"},"image":{"@id":"https:\/\/madabouthorror.co.uk\/#\/schema\/logo\/image\/"},"sameAs":["https:\/\/www.facebook.com\/madabouthorror\/","https:\/\/www.instagram.com\/madabouthorror\/","https:\/\/www.pinterest.co.uk\/madabouthorror\/","https:\/\/www.youtube.com\/channel\/UCBooLOIxjoQ89dj6T5lWm_w","https:\/\/www.tiktok.com\/@weremadabouthorror"]}]}},"df_price":62.45,"df_sale_price":"","df_regular_price":62.45,"df_image_link":"https:\/\/madabouthorror.co.uk\/wp-content\/uploads\/2024\/08\/x800-16130-300x300.jpg","_links":{"self":[{"href":"https:\/\/madabouthorror.co.uk\/de\/wp-json\/wp\/v2\/product\/494073","targetHints":{"allow":["GET"]}}],"collection":[{"href":"https:\/\/madabouthorror.co.uk\/de\/wp-json\/wp\/v2\/product"}],"about":[{"href":"https:\/\/madabouthorror.co.uk\/de\/wp-json\/wp\/v2\/types\/product"}],"replies":[{"embeddable":true,"href":"https:\/\/madabouthorror.co.uk\/de\/wp-json\/wp\/v2\/comments?post=494073"}],"wp:featuredmedia":[{"embeddable":true,"href":"https:\/\/madabouthorror.co.uk\/de\/wp-json\/wp\/v2\/media\/494076"}],"wp:attachment":[{"href":"https:\/\/madabouthorror.co.uk\/de\/wp-json\/wp\/v2\/media?parent=494073"}],"wp:term":[{"taxonomy":"product_brand","embeddable":true,"href":"https:\/\/madabouthorror.co.uk\/de\/wp-json\/wp\/v2\/product_brand?post=494073"},{"taxonomy":"product_cat","embeddable":true,"href":"https:\/\/madabouthorror.co.uk\/de\/wp-json\/wp\/v2\/product_cat?post=494073"},{"taxonomy":"product_tag","embeddable":true,"href":"https:\/\/madabouthorror.co.uk\/de\/wp-json\/wp\/v2\/product_tag?post=494073"}],"curies":[{"name":"wp","href":"https:\/\/api.w.org\/{rel}","templated":true}]}}