{"id":494269,"date":"2024-08-16T12:29:56","date_gmt":"2024-08-16T11:29:56","guid":{"rendered":"https:\/\/madabouthorror.co.uk\/?post_type=product&#038;p=494269"},"modified":"2025-11-20T12:53:39","modified_gmt":"2025-11-20T12:53:39","slug":"3ft-standing-animated-b-w-boy","status":"publish","type":"product","link":"https:\/\/madabouthorror.co.uk\/de\/product\/3ft-standing-animated-b-w-boy\/","title":{"rendered":"3ft Animated Haunted Boy Puppe Prop"},"content":{"rendered":"<div class=\"flex max-w-full flex-col flex-grow\">\n<div class=\"min-h-[20px] text-message flex w-full flex-col items-end gap-2 break-words [.text-message+&amp;]:mt-5 overflow-x-auto whitespace-pre-wrap\" dir=\"auto\" data-message-author-role=\"assistant\" data-message-id=\"d27dec08-6d8b-431c-9f54-c79fba6914a3\">\n<div class=\"flex w-full flex-col gap-1 empty:hidden first:pt-[3px]\">\n<div class=\"markdown prose w-full break-words dark:prose-invert dark\">\n<p>Diese Spukpuppe ist ein Muss f\u00fcr deine Halloween-Sammlung. Sie ist 1,80 m gro\u00df und steckt voller gruseliger Details. Die Puppe schl\u00e4gt wild mit den H\u00e4nden um sich, wenn man sich ihr n\u00e4hert, und erzeugt so einen beunruhigenden Effekt, der jeden in der N\u00e4he erschrecken wird. Die unheimlichen Augen der Puppe leuchten auf und verbreiten einen unheimlichen Glanz, der die gespenstische Pr\u00e4senz der Puppe noch verst\u00e4rkt. Um den Schrecken zu vervollst\u00e4ndigen, spricht die Puppe gruselige S\u00e4tze, die Ihren G\u00e4sten eine G\u00e4nsehaut bescheren werden. Diese furchteinfl\u00f6\u00dfende Spukpuppe eignet sich perfekt f\u00fcr ein Spukhaus oder jede andere Halloween-Einrichtung und wird mit Sicherheit ein hervorstechendes Merkmal in Ihrer gruseligen Dekoration sein.<\/p>\n<p><strong>Merkmale:<\/strong><\/p>\n<ul>\n<li>3ft gro\u00df<\/li>\n<li>Leuchtende Augen<\/li>\n<li>Dreschende Armbewegung<\/li>\n<li>Batterien erforderlich<\/li>\n<li>Teleskopische Beine f\u00fcr einfache Lagerung<\/li>\n<\/ul>\n<div>\n<div>\n<div><b>F\u00fcr die \u00fcberdachte Veranda oder f\u00fcr den Innenbereich.<\/b> <i>Bei Verwendung im Freien vor Witterungseinfl\u00fcssen sch\u00fctzen und nicht \u00fcber einen l\u00e4ngeren Zeitraum im Freien stehen lassen.<\/i><\/div>\n<div><\/div>\n<div><b>Bitte beachten:<\/b><i> Diese Requisiten sind nicht f\u00fcr den intensiven kommerziellen Gebrauch geeignet, d. h. sie sollten nicht \u00fcber l\u00e4ngere Zeitr\u00e4ume, z. B. tagelang, betrieben werden. Sie sind f\u00fcr die Verwendung an Halloween gedacht. Wenn Sie Fragen dazu haben, fragen Sie bitte.<\/i><\/div>\n<\/div>\n<\/div>\n<\/div>\n<\/div>\n<\/div>\n<\/div>","protected":false},"excerpt":{"rendered":"<p>Diese Spukpuppe ist ein Muss f\u00fcr deine Halloween-Sammlung. Sie ist 1,80 m gro\u00df und steckt voller gruseliger Details. Die Puppe schl\u00e4gt wild mit den H\u00e4nden um sich, wenn man sich ihr n\u00e4hert, und erzeugt so einen beunruhigenden Effekt, der jeden in der N\u00e4he erschrecken wird. Die unheimlichen Augen leuchten auf und verbreiten einen unheimlichen Schein, der die Puppe noch gespenstischer erscheinen l\u00e4sst. [...]<\/p>","protected":false},"featured_media":494852,"comment_status":"closed","ping_status":"closed","template":"","meta":{"_acf_changed":false},"product_brand":[],"product_cat":[10032,10068,10131,10108,10093,10094,6547,6549,6963,7049,7050],"product_tag":[],"class_list":{"0":"post-494269","1":"product","2":"type-product","3":"status-publish","4":"has-post-thumbnail","6":"product_cat-animatronics-value-range","7":"product_cat-halloween-decorations-2025","8":"product_cat-halloween-gifts","9":"product_cat-light-up-halloween-decorations","10":"product_cat-indoor-halloween-decorations","11":"product_cat-outdoor-halloween-decorations","12":"product_cat-decorations","13":"product_cat-haunted-house","14":"product_cat-animatronics","15":"product_cat-dolls","16":"product_cat-haunted-house-animatronics","18":"first","19":"outofstock","20":"taxable","21":"shipping-taxable","22":"purchasable","23":"product-type-simple"},"supplier_id":467908,"supplier_sku":"atc00032","barcode":"197640414561","atum_controlled":true,"out_stock_date":"2025-10-07 18:20:24","out_stock_threshold":null,"inheritable":false,"inbound_stock":0,"stock_on_hold":0,"sold_today":0,"sales_last_days":0,"reserved_stock":0,"customer_returns":0,"warehouse_damage":0,"lost_in_post":0,"other_logs":0,"out_stock_days":197,"lost_sales":2531,"has_location":false,"update_date":"2026-04-23T00:34:08","atum_locations":[],"atum_stock_status":"outofstock","restock_status":false,"low_stock_amount":"","sales_update_date":"2026-04-23T00:34:07","calc_backorders":null,"acf":[],"yoast_head":"<!-- This site is optimized with the Yoast SEO plugin v27.4 - https:\/\/yoast.com\/product\/yoast-seo-wordpress\/ -->\n<title>3ft Animated Haunted Boy Doll Prop | Mad About Horror<\/title>\n<meta name=\"description\" content=\"Halloween Haunted Boy Doll. Shop Horror collectibles and Halloween props. Europe&#039;s leading horror collectibles specialist.\" \/>\n<meta name=\"robots\" content=\"index, follow, max-snippet:-1, max-image-preview:large, max-video-preview:-1\" \/>\n<link rel=\"canonical\" href=\"https:\/\/madabouthorror.co.uk\/de\/product\/3ft-standing-animated-b-w-boy\/\" \/>\n<meta property=\"og:locale\" content=\"de_DE\" \/>\n<meta property=\"og:type\" content=\"article\" \/>\n<meta property=\"og:title\" content=\"3ft Animated Haunted Boy Doll Prop | Mad About Horror\" \/>\n<meta property=\"og:description\" content=\"Halloween Haunted Boy Doll. Shop Horror collectibles and Halloween props. Europe&#039;s leading horror collectibles specialist.\" \/>\n<meta property=\"og:url\" content=\"https:\/\/madabouthorror.co.uk\/de\/product\/3ft-standing-animated-b-w-boy\/\" \/>\n<meta property=\"og:site_name\" content=\"Mad About Horror\" \/>\n<meta property=\"article:publisher\" content=\"https:\/\/www.facebook.com\/madabouthorror\/\" \/>\n<meta property=\"article:modified_time\" content=\"2025-11-20T12:53:39+00:00\" \/>\n<meta property=\"og:image\" content=\"https:\/\/madabouthorror.co.uk\/wp-content\/uploads\/2024\/08\/3-ft-standing-animated-black-and-white-leather-shoes-boyatc00032.jpeg\" \/>\n\t<meta property=\"og:image:width\" content=\"1500\" \/>\n\t<meta property=\"og:image:height\" content=\"1500\" \/>\n\t<meta property=\"og:image:type\" content=\"image\/jpeg\" \/>\n<meta name=\"twitter:card\" content=\"summary_large_image\" \/>\n<meta name=\"twitter:label1\" content=\"Gesch\u00e4tzte Lesezeit\" \/>\n\t<meta name=\"twitter:data1\" content=\"1\u00a0Minute\" \/>\n<script type=\"application\/ld+json\" class=\"yoast-schema-graph\">{\"@context\":\"https:\\\/\\\/schema.org\",\"@graph\":[{\"@type\":[\"WebPage\",\"ItemPage\"],\"@id\":\"https:\\\/\\\/madabouthorror.co.uk\\\/product\\\/3ft-standing-animated-b-w-boy\\\/\",\"url\":\"https:\\\/\\\/madabouthorror.co.uk\\\/product\\\/3ft-standing-animated-b-w-boy\\\/\",\"name\":\"3ft Animated Haunted Boy Doll Prop | Mad About Horror\",\"isPartOf\":{\"@id\":\"https:\\\/\\\/madabouthorror.co.uk\\\/#website\"},\"primaryImageOfPage\":{\"@id\":\"https:\\\/\\\/madabouthorror.co.uk\\\/product\\\/3ft-standing-animated-b-w-boy\\\/#primaryimage\"},\"image\":{\"@id\":\"https:\\\/\\\/madabouthorror.co.uk\\\/product\\\/3ft-standing-animated-b-w-boy\\\/#primaryimage\"},\"thumbnailUrl\":\"https:\\\/\\\/madabouthorror.co.uk\\\/wp-content\\\/uploads\\\/2024\\\/08\\\/3-ft-standing-animated-black-and-white-leather-shoes-boyatc00032.jpeg\",\"datePublished\":\"2024-08-16T11:29:56+00:00\",\"dateModified\":\"2025-11-20T12:53:39+00:00\",\"description\":\"Halloween Haunted Boy Doll. Shop Horror collectibles and Halloween props. Europe's leading horror collectibles specialist.\",\"breadcrumb\":{\"@id\":\"https:\\\/\\\/madabouthorror.co.uk\\\/product\\\/3ft-standing-animated-b-w-boy\\\/#breadcrumb\"},\"inLanguage\":\"de\",\"potentialAction\":[{\"@type\":\"ReadAction\",\"target\":[\"https:\\\/\\\/madabouthorror.co.uk\\\/product\\\/3ft-standing-animated-b-w-boy\\\/\"]}]},{\"@type\":\"ImageObject\",\"inLanguage\":\"de\",\"@id\":\"https:\\\/\\\/madabouthorror.co.uk\\\/product\\\/3ft-standing-animated-b-w-boy\\\/#primaryimage\",\"url\":\"https:\\\/\\\/madabouthorror.co.uk\\\/wp-content\\\/uploads\\\/2024\\\/08\\\/3-ft-standing-animated-black-and-white-leather-shoes-boyatc00032.jpeg\",\"contentUrl\":\"https:\\\/\\\/madabouthorror.co.uk\\\/wp-content\\\/uploads\\\/2024\\\/08\\\/3-ft-standing-animated-black-and-white-leather-shoes-boyatc00032.jpeg\",\"width\":1500,\"height\":1500,\"caption\":\"Haunted Boy Doll\"},{\"@type\":\"BreadcrumbList\",\"@id\":\"https:\\\/\\\/madabouthorror.co.uk\\\/product\\\/3ft-standing-animated-b-w-boy\\\/#breadcrumb\",\"itemListElement\":[{\"@type\":\"ListItem\",\"position\":1,\"name\":\"Shop\",\"item\":\"https:\\\/\\\/madabouthorror.co.uk\\\/shop\\\/\"},{\"@type\":\"ListItem\",\"position\":2,\"name\":\"3ft Animated Haunted Boy Doll Prop\"}]},{\"@type\":\"WebSite\",\"@id\":\"https:\\\/\\\/madabouthorror.co.uk\\\/#website\",\"url\":\"https:\\\/\\\/madabouthorror.co.uk\\\/\",\"name\":\"Mad About Horror\",\"description\":\"\",\"publisher\":{\"@id\":\"https:\\\/\\\/madabouthorror.co.uk\\\/#organization\"},\"alternateName\":\"Mad About Horror Limited\",\"potentialAction\":[{\"@type\":\"SearchAction\",\"target\":{\"@type\":\"EntryPoint\",\"urlTemplate\":\"https:\\\/\\\/madabouthorror.co.uk\\\/?s={search_term_string}\"},\"query-input\":{\"@type\":\"PropertyValueSpecification\",\"valueRequired\":true,\"valueName\":\"search_term_string\"}}],\"inLanguage\":\"de\"},{\"@type\":\"Organization\",\"@id\":\"https:\\\/\\\/madabouthorror.co.uk\\\/#organization\",\"name\":\"Mad About Horror\",\"url\":\"https:\\\/\\\/madabouthorror.co.uk\\\/\",\"logo\":{\"@type\":\"ImageObject\",\"inLanguage\":\"de\",\"@id\":\"https:\\\/\\\/madabouthorror.co.uk\\\/#\\\/schema\\\/logo\\\/image\\\/\",\"url\":\"https:\\\/\\\/madabouthorror.co.uk\\\/wp-content\\\/uploads\\\/2024\\\/02\\\/cropped-Logo.png\",\"contentUrl\":\"https:\\\/\\\/madabouthorror.co.uk\\\/wp-content\\\/uploads\\\/2024\\\/02\\\/cropped-Logo.png\",\"width\":240,\"height\":88,\"caption\":\"Mad About Horror\"},\"image\":{\"@id\":\"https:\\\/\\\/madabouthorror.co.uk\\\/#\\\/schema\\\/logo\\\/image\\\/\"},\"sameAs\":[\"https:\\\/\\\/www.facebook.com\\\/madabouthorror\\\/\",\"https:\\\/\\\/www.instagram.com\\\/madabouthorror\\\/\",\"https:\\\/\\\/www.pinterest.co.uk\\\/madabouthorror\\\/\",\"https:\\\/\\\/www.youtube.com\\\/channel\\\/UCBooLOIxjoQ89dj6T5lWm_w\",\"https:\\\/\\\/www.tiktok.com\\\/@weremadabouthorror\"]}]}<\/script>\n<!-- \/ Yoast SEO plugin. -->","yoast_head_json":{"title":"3ft Animated Haunted Boy Doll Prop | Mad About Horror","description":"Halloween Haunted Boy Puppe. Shop Horror Sammlerst\u00fccke und Halloween Requisiten. Europas f\u00fchrender Spezialist f\u00fcr Horror-Sammlerst\u00fccke.","robots":{"index":"index","follow":"follow","max-snippet":"max-snippet:-1","max-image-preview":"max-image-preview:large","max-video-preview":"max-video-preview:-1"},"canonical":"https:\/\/madabouthorror.co.uk\/de\/product\/3ft-standing-animated-b-w-boy\/","og_locale":"de_DE","og_type":"article","og_title":"3ft Animated Haunted Boy Doll Prop | Mad About Horror","og_description":"Halloween Haunted Boy Doll. Shop Horror collectibles and Halloween props. Europe's leading horror collectibles specialist.","og_url":"https:\/\/madabouthorror.co.uk\/de\/product\/3ft-standing-animated-b-w-boy\/","og_site_name":"Mad About Horror","article_publisher":"https:\/\/www.facebook.com\/madabouthorror\/","article_modified_time":"2025-11-20T12:53:39+00:00","og_image":[{"width":1500,"height":1500,"url":"https:\/\/madabouthorror.co.uk\/wp-content\/uploads\/2024\/08\/3-ft-standing-animated-black-and-white-leather-shoes-boyatc00032.jpeg","type":"image\/jpeg"}],"twitter_card":"summary_large_image","twitter_misc":{"Gesch\u00e4tzte Lesezeit":"1\u00a0Minute"},"schema":{"@context":"https:\/\/schema.org","@graph":[{"@type":["WebPage","ItemPage"],"@id":"https:\/\/madabouthorror.co.uk\/product\/3ft-standing-animated-b-w-boy\/","url":"https:\/\/madabouthorror.co.uk\/product\/3ft-standing-animated-b-w-boy\/","name":"3ft Animated Haunted Boy Doll Prop | Mad About Horror","isPartOf":{"@id":"https:\/\/madabouthorror.co.uk\/#website"},"primaryImageOfPage":{"@id":"https:\/\/madabouthorror.co.uk\/product\/3ft-standing-animated-b-w-boy\/#primaryimage"},"image":{"@id":"https:\/\/madabouthorror.co.uk\/product\/3ft-standing-animated-b-w-boy\/#primaryimage"},"thumbnailUrl":"https:\/\/madabouthorror.co.uk\/wp-content\/uploads\/2024\/08\/3-ft-standing-animated-black-and-white-leather-shoes-boyatc00032.jpeg","datePublished":"2024-08-16T11:29:56+00:00","dateModified":"2025-11-20T12:53:39+00:00","description":"Halloween Haunted Boy Puppe. Shop Horror Sammlerst\u00fccke und Halloween Requisiten. Europas f\u00fchrender Spezialist f\u00fcr Horror-Sammlerst\u00fccke.","breadcrumb":{"@id":"https:\/\/madabouthorror.co.uk\/product\/3ft-standing-animated-b-w-boy\/#breadcrumb"},"inLanguage":"de","potentialAction":[{"@type":"ReadAction","target":["https:\/\/madabouthorror.co.uk\/product\/3ft-standing-animated-b-w-boy\/"]}]},{"@type":"ImageObject","inLanguage":"de","@id":"https:\/\/madabouthorror.co.uk\/product\/3ft-standing-animated-b-w-boy\/#primaryimage","url":"https:\/\/madabouthorror.co.uk\/wp-content\/uploads\/2024\/08\/3-ft-standing-animated-black-and-white-leather-shoes-boyatc00032.jpeg","contentUrl":"https:\/\/madabouthorror.co.uk\/wp-content\/uploads\/2024\/08\/3-ft-standing-animated-black-and-white-leather-shoes-boyatc00032.jpeg","width":1500,"height":1500,"caption":"Haunted Boy Doll"},{"@type":"BreadcrumbList","@id":"https:\/\/madabouthorror.co.uk\/product\/3ft-standing-animated-b-w-boy\/#breadcrumb","itemListElement":[{"@type":"ListItem","position":1,"name":"Shop","item":"https:\/\/madabouthorror.co.uk\/shop\/"},{"@type":"ListItem","position":2,"name":"3ft Animated Haunted Boy Doll Prop"}]},{"@type":"WebSite","@id":"https:\/\/madabouthorror.co.uk\/#website","url":"https:\/\/madabouthorror.co.uk\/","name":"Verr\u00fcckt nach Horror","description":"","publisher":{"@id":"https:\/\/madabouthorror.co.uk\/#organization"},"alternateName":"Mad About Horror Limited","potentialAction":[{"@type":"SearchAction","target":{"@type":"EntryPoint","urlTemplate":"https:\/\/madabouthorror.co.uk\/?s={search_term_string}"},"query-input":{"@type":"PropertyValueSpecification","valueRequired":true,"valueName":"search_term_string"}}],"inLanguage":"de"},{"@type":"Organization","@id":"https:\/\/madabouthorror.co.uk\/#organization","name":"Verr\u00fcckt nach Horror","url":"https:\/\/madabouthorror.co.uk\/","logo":{"@type":"ImageObject","inLanguage":"de","@id":"https:\/\/madabouthorror.co.uk\/#\/schema\/logo\/image\/","url":"https:\/\/madabouthorror.co.uk\/wp-content\/uploads\/2024\/02\/cropped-Logo.png","contentUrl":"https:\/\/madabouthorror.co.uk\/wp-content\/uploads\/2024\/02\/cropped-Logo.png","width":240,"height":88,"caption":"Mad About Horror"},"image":{"@id":"https:\/\/madabouthorror.co.uk\/#\/schema\/logo\/image\/"},"sameAs":["https:\/\/www.facebook.com\/madabouthorror\/","https:\/\/www.instagram.com\/madabouthorror\/","https:\/\/www.pinterest.co.uk\/madabouthorror\/","https:\/\/www.youtube.com\/channel\/UCBooLOIxjoQ89dj6T5lWm_w","https:\/\/www.tiktok.com\/@weremadabouthorror"]}]}},"df_price":93.7,"df_sale_price":"","df_regular_price":93.7,"df_image_link":"https:\/\/madabouthorror.co.uk\/wp-content\/uploads\/2024\/08\/3-ft-standing-animated-black-and-white-leather-shoes-boyatc00032-300x300.jpeg","_links":{"self":[{"href":"https:\/\/madabouthorror.co.uk\/de\/wp-json\/wp\/v2\/product\/494269","targetHints":{"allow":["GET"]}}],"collection":[{"href":"https:\/\/madabouthorror.co.uk\/de\/wp-json\/wp\/v2\/product"}],"about":[{"href":"https:\/\/madabouthorror.co.uk\/de\/wp-json\/wp\/v2\/types\/product"}],"replies":[{"embeddable":true,"href":"https:\/\/madabouthorror.co.uk\/de\/wp-json\/wp\/v2\/comments?post=494269"}],"wp:featuredmedia":[{"embeddable":true,"href":"https:\/\/madabouthorror.co.uk\/de\/wp-json\/wp\/v2\/media\/494852"}],"wp:attachment":[{"href":"https:\/\/madabouthorror.co.uk\/de\/wp-json\/wp\/v2\/media?parent=494269"}],"wp:term":[{"taxonomy":"product_brand","embeddable":true,"href":"https:\/\/madabouthorror.co.uk\/de\/wp-json\/wp\/v2\/product_brand?post=494269"},{"taxonomy":"product_cat","embeddable":true,"href":"https:\/\/madabouthorror.co.uk\/de\/wp-json\/wp\/v2\/product_cat?post=494269"},{"taxonomy":"product_tag","embeddable":true,"href":"https:\/\/madabouthorror.co.uk\/de\/wp-json\/wp\/v2\/product_tag?post=494269"}],"curies":[{"name":"wp","href":"https:\/\/api.w.org\/{rel}","templated":true}]}}