{"id":49592,"date":"2021-08-31T17:22:30","date_gmt":"2021-08-31T16:22:30","guid":{"rendered":"https:\/\/mah.6bdv.ws\/product\/stitches-clown-3-4-mask-purple\/"},"modified":"2025-09-19T09:22:07","modified_gmt":"2025-09-19T08:22:07","slug":"stitches-clown-3-4-mask-purple","status":"publish","type":"product","link":"https:\/\/madabouthorror.co.uk\/de\/product\/stitches-clown-3-4-mask-purple\/","title":{"rendered":"Stitches Clown 3\/4 Maske - Lila"},"content":{"rendered":"<h4>Stiche Clown 3\/4 Maske<\/h4>\n<p>Direkt aus den USA und von einem talentierten Horrork\u00fcnstler handgeformt, hat Stitches sein letztes Lachen verloren!<\/p>\n<p>Stitches ist eine Dreiviertelmaske, handgeformt und handgefertigt aus Latex. Sein Kiefer wurde abgerissen, also f\u00fcge einfach etwas Kunstblut im unteren Gesicht hinzu, um den Look zu vervollst\u00e4ndigen.&nbsp;&nbsp;<\/p>\n<p>&nbsp;<\/p>\n<p>&nbsp;<\/p>","protected":false},"excerpt":{"rendered":"<p>Stitches Clown 3\/4 Maske Direkt aus den USA und handgeformt von einem talentierten Horrork\u00fcnstler, hat Stitches sein letztes Lachen gelacht! Stitches ist eine Dreiviertelmaske, die von Hand modelliert und mit Latex hergestellt wurde. Sein Kiefer wurde abgerissen, also f\u00fcge einfach etwas Kunstblut im unteren Gesicht hinzu, um den Look zu vervollst\u00e4ndigen.     [...]<\/p>","protected":false},"featured_media":49586,"comment_status":"closed","ping_status":"closed","template":"","meta":{"_acf_changed":false},"product_brand":[],"product_cat":[7093,6542,6546,6541,6543,6824],"product_tag":[],"class_list":{"0":"post-49592","1":"product","2":"type-product","3":"status-publish","4":"has-post-thumbnail","6":"product_cat-killer-clowns","7":"product_cat-premium-masks","8":"product_cat-masks-clown","9":"product_cat-masks","10":"product_cat-professional","11":"product_cat-professional-masks","12":"pa_brand-other","13":"pa_character-other","14":"pa_google_tax-e4-clothingaccessoriescostume","15":"pa_material-latex","17":"first","18":"outofstock","19":"taxable","20":"shipping-taxable","21":"purchasable","22":"product-type-simple"},"supplier_id":null,"supplier_sku":"","barcode":"","atum_controlled":true,"out_stock_date":"2025-09-19 09:22:07","out_stock_threshold":null,"inheritable":false,"inbound_stock":0,"stock_on_hold":0,"sold_today":0,"sales_last_days":0,"reserved_stock":0,"customer_returns":0,"warehouse_damage":0,"lost_in_post":0,"other_logs":0,"out_stock_days":203,"lost_sales":2608,"has_location":false,"update_date":"2026-04-11T00:13:53","atum_locations":[],"atum_stock_status":"outofstock","restock_status":false,"low_stock_amount":"","sales_update_date":"2026-04-11T00:13:51","calc_backorders":null,"acf":[],"yoast_head":"<!-- This site is optimized with the Yoast SEO plugin v27.3 - https:\/\/yoast.com\/product\/yoast-seo-wordpress\/ -->\n<title>Stitches Clown - Halloween mask - Mad About Horror<\/title>\n<meta name=\"description\" content=\"Stitches Clown 3\/4 Mask - Purple Halloween mask. Huge range of quality Halloween props, masks and accessories - Buy from the UK &amp; Europe&#039;s leading horror and Halloween specialist.\" \/>\n<meta name=\"robots\" content=\"index, follow, max-snippet:-1, max-image-preview:large, max-video-preview:-1\" \/>\n<link rel=\"canonical\" href=\"https:\/\/madabouthorror.co.uk\/de\/product\/stitches-clown-3-4-mask-purple\/\" \/>\n<meta property=\"og:locale\" content=\"de_DE\" \/>\n<meta property=\"og:type\" content=\"article\" \/>\n<meta property=\"og:title\" content=\"Stitches Clown - Halloween mask - Mad About Horror\" \/>\n<meta property=\"og:description\" content=\"Stitches Clown 3\/4 Mask - Purple Halloween mask. Huge range of quality Halloween props, masks and accessories - Buy from the UK &amp; Europe&#039;s leading horror and Halloween specialist.\" \/>\n<meta property=\"og:url\" content=\"https:\/\/madabouthorror.co.uk\/de\/product\/stitches-clown-3-4-mask-purple\/\" \/>\n<meta property=\"og:site_name\" content=\"Mad About Horror\" \/>\n<meta property=\"article:publisher\" content=\"https:\/\/www.facebook.com\/madabouthorror\/\" \/>\n<meta property=\"article:modified_time\" content=\"2025-09-19T08:22:07+00:00\" \/>\n<meta property=\"og:image\" content=\"https:\/\/madabouthorror.co.uk\/wp-content\/uploads\/2021\/08\/stitches_clown_3_4_latex_mask_halloween.jpg\" \/>\n\t<meta property=\"og:image:width\" content=\"650\" \/>\n\t<meta property=\"og:image:height\" content=\"650\" \/>\n\t<meta property=\"og:image:type\" content=\"image\/jpeg\" \/>\n<meta name=\"twitter:card\" content=\"summary_large_image\" \/>\n<script type=\"application\/ld+json\" class=\"yoast-schema-graph\">{\"@context\":\"https:\\\/\\\/schema.org\",\"@graph\":[{\"@type\":[\"WebPage\",\"ItemPage\"],\"@id\":\"https:\\\/\\\/madabouthorror.co.uk\\\/product\\\/stitches-clown-3-4-mask-purple\\\/\",\"url\":\"https:\\\/\\\/madabouthorror.co.uk\\\/product\\\/stitches-clown-3-4-mask-purple\\\/\",\"name\":\"Stitches Clown - Halloween mask - Mad About Horror\",\"isPartOf\":{\"@id\":\"https:\\\/\\\/madabouthorror.co.uk\\\/#website\"},\"primaryImageOfPage\":{\"@id\":\"https:\\\/\\\/madabouthorror.co.uk\\\/product\\\/stitches-clown-3-4-mask-purple\\\/#primaryimage\"},\"image\":{\"@id\":\"https:\\\/\\\/madabouthorror.co.uk\\\/product\\\/stitches-clown-3-4-mask-purple\\\/#primaryimage\"},\"thumbnailUrl\":\"https:\\\/\\\/madabouthorror.co.uk\\\/wp-content\\\/uploads\\\/2021\\\/08\\\/stitches_clown_3_4_latex_mask_halloween.jpg\",\"datePublished\":\"2021-08-31T16:22:30+00:00\",\"dateModified\":\"2025-09-19T08:22:07+00:00\",\"description\":\"Stitches Clown 3\\\/4 Mask - Purple Halloween mask. Huge range of quality Halloween props, masks and accessories - Buy from the UK & Europe's leading horror and Halloween specialist.\",\"breadcrumb\":{\"@id\":\"https:\\\/\\\/madabouthorror.co.uk\\\/product\\\/stitches-clown-3-4-mask-purple\\\/#breadcrumb\"},\"inLanguage\":\"de\",\"potentialAction\":[{\"@type\":\"ReadAction\",\"target\":[\"https:\\\/\\\/madabouthorror.co.uk\\\/product\\\/stitches-clown-3-4-mask-purple\\\/\"]}]},{\"@type\":\"ImageObject\",\"inLanguage\":\"de\",\"@id\":\"https:\\\/\\\/madabouthorror.co.uk\\\/product\\\/stitches-clown-3-4-mask-purple\\\/#primaryimage\",\"url\":\"https:\\\/\\\/madabouthorror.co.uk\\\/wp-content\\\/uploads\\\/2021\\\/08\\\/stitches_clown_3_4_latex_mask_halloween.jpg\",\"contentUrl\":\"https:\\\/\\\/madabouthorror.co.uk\\\/wp-content\\\/uploads\\\/2021\\\/08\\\/stitches_clown_3_4_latex_mask_halloween.jpg\",\"width\":650,\"height\":650,\"caption\":\"Stitches Clown 3\\\/4 Mask - Purple Halloween mask\"},{\"@type\":\"BreadcrumbList\",\"@id\":\"https:\\\/\\\/madabouthorror.co.uk\\\/product\\\/stitches-clown-3-4-mask-purple\\\/#breadcrumb\",\"itemListElement\":[{\"@type\":\"ListItem\",\"position\":1,\"name\":\"Shop\",\"item\":\"https:\\\/\\\/madabouthorror.co.uk\\\/shop\\\/\"},{\"@type\":\"ListItem\",\"position\":2,\"name\":\"Stitches Clown 3\\\/4 Mask &#8211; Purple\"}]},{\"@type\":\"WebSite\",\"@id\":\"https:\\\/\\\/madabouthorror.co.uk\\\/#website\",\"url\":\"https:\\\/\\\/madabouthorror.co.uk\\\/\",\"name\":\"Mad About Horror\",\"description\":\"\",\"publisher\":{\"@id\":\"https:\\\/\\\/madabouthorror.co.uk\\\/#organization\"},\"alternateName\":\"Mad About Horror Limited\",\"potentialAction\":[{\"@type\":\"SearchAction\",\"target\":{\"@type\":\"EntryPoint\",\"urlTemplate\":\"https:\\\/\\\/madabouthorror.co.uk\\\/?s={search_term_string}\"},\"query-input\":{\"@type\":\"PropertyValueSpecification\",\"valueRequired\":true,\"valueName\":\"search_term_string\"}}],\"inLanguage\":\"de\"},{\"@type\":\"Organization\",\"@id\":\"https:\\\/\\\/madabouthorror.co.uk\\\/#organization\",\"name\":\"Mad About Horror\",\"url\":\"https:\\\/\\\/madabouthorror.co.uk\\\/\",\"logo\":{\"@type\":\"ImageObject\",\"inLanguage\":\"de\",\"@id\":\"https:\\\/\\\/madabouthorror.co.uk\\\/#\\\/schema\\\/logo\\\/image\\\/\",\"url\":\"https:\\\/\\\/madabouthorror.co.uk\\\/wp-content\\\/uploads\\\/2024\\\/02\\\/cropped-Logo.png\",\"contentUrl\":\"https:\\\/\\\/madabouthorror.co.uk\\\/wp-content\\\/uploads\\\/2024\\\/02\\\/cropped-Logo.png\",\"width\":240,\"height\":88,\"caption\":\"Mad About Horror\"},\"image\":{\"@id\":\"https:\\\/\\\/madabouthorror.co.uk\\\/#\\\/schema\\\/logo\\\/image\\\/\"},\"sameAs\":[\"https:\\\/\\\/www.facebook.com\\\/madabouthorror\\\/\",\"https:\\\/\\\/www.instagram.com\\\/madabouthorror\\\/\",\"https:\\\/\\\/www.pinterest.co.uk\\\/madabouthorror\\\/\",\"https:\\\/\\\/www.youtube.com\\\/channel\\\/UCBooLOIxjoQ89dj6T5lWm_w\",\"https:\\\/\\\/www.tiktok.com\\\/@weremadabouthorror\"]}]}<\/script>\n<!-- \/ Yoast SEO plugin. -->","yoast_head_json":{"title":"Stitches Clown - Halloween Maske - Mad About Horror","description":"Stitches Clown 3\/4 Maske - Lila Halloween Maske. Riesige Auswahl an hochwertigen Halloween-Requisiten, Masken und Zubeh\u00f6r - Kaufen Sie beim f\u00fchrenden britischen und europ\u00e4ischen Horror- und Halloween-Spezialisten.","robots":{"index":"index","follow":"follow","max-snippet":"max-snippet:-1","max-image-preview":"max-image-preview:large","max-video-preview":"max-video-preview:-1"},"canonical":"https:\/\/madabouthorror.co.uk\/de\/product\/stitches-clown-3-4-mask-purple\/","og_locale":"de_DE","og_type":"article","og_title":"Stitches Clown - Halloween mask - Mad About Horror","og_description":"Stitches Clown 3\/4 Mask - Purple Halloween mask. Huge range of quality Halloween props, masks and accessories - Buy from the UK & Europe's leading horror and Halloween specialist.","og_url":"https:\/\/madabouthorror.co.uk\/de\/product\/stitches-clown-3-4-mask-purple\/","og_site_name":"Mad About Horror","article_publisher":"https:\/\/www.facebook.com\/madabouthorror\/","article_modified_time":"2025-09-19T08:22:07+00:00","og_image":[{"width":650,"height":650,"url":"https:\/\/madabouthorror.co.uk\/wp-content\/uploads\/2021\/08\/stitches_clown_3_4_latex_mask_halloween.jpg","type":"image\/jpeg"}],"twitter_card":"summary_large_image","schema":{"@context":"https:\/\/schema.org","@graph":[{"@type":["WebPage","ItemPage"],"@id":"https:\/\/madabouthorror.co.uk\/product\/stitches-clown-3-4-mask-purple\/","url":"https:\/\/madabouthorror.co.uk\/product\/stitches-clown-3-4-mask-purple\/","name":"Stitches Clown - Halloween Maske - Mad About Horror","isPartOf":{"@id":"https:\/\/madabouthorror.co.uk\/#website"},"primaryImageOfPage":{"@id":"https:\/\/madabouthorror.co.uk\/product\/stitches-clown-3-4-mask-purple\/#primaryimage"},"image":{"@id":"https:\/\/madabouthorror.co.uk\/product\/stitches-clown-3-4-mask-purple\/#primaryimage"},"thumbnailUrl":"https:\/\/madabouthorror.co.uk\/wp-content\/uploads\/2021\/08\/stitches_clown_3_4_latex_mask_halloween.jpg","datePublished":"2021-08-31T16:22:30+00:00","dateModified":"2025-09-19T08:22:07+00:00","description":"Stitches Clown 3\/4 Maske - Lila Halloween Maske. Riesige Auswahl an hochwertigen Halloween-Requisiten, Masken und Zubeh\u00f6r - Kaufen Sie beim f\u00fchrenden britischen und europ\u00e4ischen Horror- und Halloween-Spezialisten.","breadcrumb":{"@id":"https:\/\/madabouthorror.co.uk\/product\/stitches-clown-3-4-mask-purple\/#breadcrumb"},"inLanguage":"de","potentialAction":[{"@type":"ReadAction","target":["https:\/\/madabouthorror.co.uk\/product\/stitches-clown-3-4-mask-purple\/"]}]},{"@type":"ImageObject","inLanguage":"de","@id":"https:\/\/madabouthorror.co.uk\/product\/stitches-clown-3-4-mask-purple\/#primaryimage","url":"https:\/\/madabouthorror.co.uk\/wp-content\/uploads\/2021\/08\/stitches_clown_3_4_latex_mask_halloween.jpg","contentUrl":"https:\/\/madabouthorror.co.uk\/wp-content\/uploads\/2021\/08\/stitches_clown_3_4_latex_mask_halloween.jpg","width":650,"height":650,"caption":"Stitches Clown 3\/4 Mask - Purple Halloween mask"},{"@type":"BreadcrumbList","@id":"https:\/\/madabouthorror.co.uk\/product\/stitches-clown-3-4-mask-purple\/#breadcrumb","itemListElement":[{"@type":"ListItem","position":1,"name":"Shop","item":"https:\/\/madabouthorror.co.uk\/shop\/"},{"@type":"ListItem","position":2,"name":"Stitches Clown 3\/4 Mask &#8211; Purple"}]},{"@type":"WebSite","@id":"https:\/\/madabouthorror.co.uk\/#website","url":"https:\/\/madabouthorror.co.uk\/","name":"Verr\u00fcckt nach Horror","description":"","publisher":{"@id":"https:\/\/madabouthorror.co.uk\/#organization"},"alternateName":"Mad About Horror Limited","potentialAction":[{"@type":"SearchAction","target":{"@type":"EntryPoint","urlTemplate":"https:\/\/madabouthorror.co.uk\/?s={search_term_string}"},"query-input":{"@type":"PropertyValueSpecification","valueRequired":true,"valueName":"search_term_string"}}],"inLanguage":"de"},{"@type":"Organization","@id":"https:\/\/madabouthorror.co.uk\/#organization","name":"Verr\u00fcckt nach Horror","url":"https:\/\/madabouthorror.co.uk\/","logo":{"@type":"ImageObject","inLanguage":"de","@id":"https:\/\/madabouthorror.co.uk\/#\/schema\/logo\/image\/","url":"https:\/\/madabouthorror.co.uk\/wp-content\/uploads\/2024\/02\/cropped-Logo.png","contentUrl":"https:\/\/madabouthorror.co.uk\/wp-content\/uploads\/2024\/02\/cropped-Logo.png","width":240,"height":88,"caption":"Mad About Horror"},"image":{"@id":"https:\/\/madabouthorror.co.uk\/#\/schema\/logo\/image\/"},"sameAs":["https:\/\/www.facebook.com\/madabouthorror\/","https:\/\/www.instagram.com\/madabouthorror\/","https:\/\/www.pinterest.co.uk\/madabouthorror\/","https:\/\/www.youtube.com\/channel\/UCBooLOIxjoQ89dj6T5lWm_w","https:\/\/www.tiktok.com\/@weremadabouthorror"]}]}},"df_price":93.7,"df_sale_price":"","df_regular_price":93.7,"df_image_link":"https:\/\/madabouthorror.co.uk\/wp-content\/uploads\/2021\/08\/stitches_clown_3_4_latex_mask_halloween-300x300.jpg","_links":{"self":[{"href":"https:\/\/madabouthorror.co.uk\/de\/wp-json\/wp\/v2\/product\/49592","targetHints":{"allow":["GET"]}}],"collection":[{"href":"https:\/\/madabouthorror.co.uk\/de\/wp-json\/wp\/v2\/product"}],"about":[{"href":"https:\/\/madabouthorror.co.uk\/de\/wp-json\/wp\/v2\/types\/product"}],"replies":[{"embeddable":true,"href":"https:\/\/madabouthorror.co.uk\/de\/wp-json\/wp\/v2\/comments?post=49592"}],"wp:featuredmedia":[{"embeddable":true,"href":"https:\/\/madabouthorror.co.uk\/de\/wp-json\/wp\/v2\/media\/49586"}],"wp:attachment":[{"href":"https:\/\/madabouthorror.co.uk\/de\/wp-json\/wp\/v2\/media?parent=49592"}],"wp:term":[{"taxonomy":"product_brand","embeddable":true,"href":"https:\/\/madabouthorror.co.uk\/de\/wp-json\/wp\/v2\/product_brand?post=49592"},{"taxonomy":"product_cat","embeddable":true,"href":"https:\/\/madabouthorror.co.uk\/de\/wp-json\/wp\/v2\/product_cat?post=49592"},{"taxonomy":"product_tag","embeddable":true,"href":"https:\/\/madabouthorror.co.uk\/de\/wp-json\/wp\/v2\/product_tag?post=49592"}],"curies":[{"name":"wp","href":"https:\/\/api.w.org\/{rel}","templated":true}]}}