{"id":496085,"date":"2024-08-29T13:19:23","date_gmt":"2024-08-29T12:19:23","guid":{"rendered":"https:\/\/madabouthorror.co.uk\/?post_type=product&#038;p=496085"},"modified":"2025-11-20T12:42:19","modified_gmt":"2025-11-20T12:42:19","slug":"6ft-wanda-webworth-spider-animated-prop","status":"publish","type":"product","link":"https:\/\/madabouthorror.co.uk\/de\/product\/6ft-wanda-webworth-spider-animated-prop\/","title":{"rendered":"6ft Wanda Webworth Spider Animated Prop"},"content":{"rendered":"<p>Entfessle gruselige Kribbeltier-Spannung mit der Wanda Webworth Spinnen-Animatronik von Spirit Halloween. Diese riesige Spinnen-Requisite verf\u00fcgt \u00fcber bewegliche Vorderbeine, die einen lebensechten Krabbel-Effekt erzeugen, und ihre durchdringenden roten LED-Augen leuchten unheilvoll auf und verst\u00e4rken ihre furchterregende Pr\u00e4senz. Mit Zischger\u00e4uschen und unheimlichen T\u00f6nen wird die Wanda Webworth Animatronik f\u00fcr G\u00e4nsehaut sorgen, die jeden Halloween-Schmuck zum Leben erweckt. Diese riesige Spinnen-Requisite ist damit ein unverzichtbares Herzst\u00fcck f\u00fcr alle, die es wagen, sich ihr zu n\u00e4hern! Importiert von Spirit Halloween!<\/p>\n<p><strong>Merkmale: <\/strong><\/p>\n<ul>\n<li>1,80 m gro\u00df<\/li>\n<li>Vordere Gliedma\u00dfen bewegen<\/li>\n<li>Rote LED-Leuchtaugen<\/li>\n<li>Zischt und spielt unheimliche Ger\u00e4usche<\/li>\n<\/ul>\n<p class=\"p1\"><b>Mit US-Netzteil geliefert \u2013 Sie ben\u00f6tigen einen Reiseadapter nach britischem Standard (nicht im Lieferumfang enthalten)<\/b><\/p>\n<p class=\"p1\"><i>F\u00fcr die \u00fcberdachte Veranda oder f\u00fcr den Innenbereich. Bei Verwendung im Freien vor Witterungseinfl\u00fcssen sch\u00fctzen und nicht \u00fcber einen l\u00e4ngeren Zeitraum im Freien stehen lassen.<\/i><\/p>\n<p class=\"p1\"><i>Bitte beachten Sie: Diese Requisiten sind nicht f\u00fcr den intensiven kommerziellen Gebrauch geeignet, d.h. sie sollten nicht \u00fcber l\u00e4ngere Zeitr\u00e4ume, z.B. tagelang, betrieben werden. Sie sind f\u00fcr die Verwendung an Halloween gedacht. Wenn Sie Fragen dazu haben, fragen Sie bitte.<\/i><\/p>","protected":false},"excerpt":{"rendered":"<p>Entfessle gruselige Erlebnisse mit der animierten Wanda Webworth Spinnen-Dekoration von Spirit Halloween. Diese riesige Spinnen-Dekoration verf\u00fcgt \u00fcber bewegliche Vorderbeine, die einen lebensechten krabbelnden Effekt erzeugen, und ihre durchdringenden roten LED-Augen leuchten bedrohlich auf und verst\u00e4rken ihre furchterregende Pr\u00e4senz. Mit Zischger\u00e4uschen und gruseligen Kl\u00e4ngen wird der Wanda Webworth Animatronic Schauer \u00fcber den R\u00fccken jagen [\u2026]<\/p>","protected":false},"featured_media":496093,"comment_status":"closed","ping_status":"closed","template":"","meta":{"_acf_changed":false},"product_brand":[],"product_cat":[10068,10131,10108,10110,10093,10094,6547,6963,6593,9839,7056,6797],"product_tag":[],"class_list":{"0":"post-496085","1":"product","2":"type-product","3":"status-publish","4":"has-post-thumbnail","6":"product_cat-halloween-decorations-2025","7":"product_cat-halloween-gifts","8":"product_cat-light-up-halloween-decorations","9":"product_cat-us-imports","10":"product_cat-indoor-halloween-decorations","11":"product_cat-outdoor-halloween-decorations","12":"product_cat-decorations","13":"product_cat-animatronics","14":"product_cat-creatures-spiders-decorations","15":"product_cat-spirit-halloween-animatronics","16":"product_cat-animals-creatures","17":"product_cat-spirit-halloween-uk-stockist","18":"product_shipping_class-props","20":"first","21":"outofstock","22":"taxable","23":"shipping-taxable","24":"purchasable","25":"product-type-simple"},"supplier_id":471382,"supplier_sku":"01677848","barcode":null,"atum_controlled":true,"out_stock_date":"2025-10-02 09:33:09","out_stock_threshold":null,"inheritable":false,"inbound_stock":0,"stock_on_hold":0,"sold_today":0,"sales_last_days":0,"reserved_stock":0,"customer_returns":0,"warehouse_damage":0,"lost_in_post":0,"other_logs":0,"out_stock_days":206,"lost_sales":0,"has_location":false,"update_date":"2026-04-27T00:40:17","atum_locations":[],"atum_stock_status":"outofstock","restock_status":false,"low_stock_amount":"","sales_update_date":"2026-04-27T00:40:16","calc_backorders":null,"acf":[],"yoast_head":"<!-- This site is optimized with the Yoast SEO plugin v27.4 - https:\/\/yoast.com\/product\/yoast-seo-wordpress\/ -->\n<title>6ft Wanda Webworth Spider Animated Prop | Spirit Halloween | UK<\/title>\n<meta name=\"description\" content=\"Halloween Giant Spider animatronic. Wanda Webworth Spirit Halloween animated Prop. Buy from the UK &amp; Europe&#039;s leading horror and Halloween specialist.\u00a0\" \/>\n<meta name=\"robots\" content=\"index, follow, max-snippet:-1, max-image-preview:large, max-video-preview:-1\" \/>\n<link rel=\"canonical\" href=\"https:\/\/madabouthorror.co.uk\/de\/product\/6ft-wanda-webworth-spider-animated-prop\/\" \/>\n<meta property=\"og:locale\" content=\"de_DE\" \/>\n<meta property=\"og:type\" content=\"article\" \/>\n<meta property=\"og:title\" content=\"6ft Wanda Webworth Spider Animated Prop | Spirit Halloween | UK\" \/>\n<meta property=\"og:description\" content=\"Halloween Giant Spider animatronic. Wanda Webworth Spirit Halloween animated Prop. Buy from the UK &amp; Europe&#039;s leading horror and Halloween specialist.\u00a0\" \/>\n<meta property=\"og:url\" content=\"https:\/\/madabouthorror.co.uk\/de\/product\/6ft-wanda-webworth-spider-animated-prop\/\" \/>\n<meta property=\"og:site_name\" content=\"Mad About Horror\" \/>\n<meta property=\"article:publisher\" content=\"https:\/\/www.facebook.com\/madabouthorror\/\" \/>\n<meta property=\"article:modified_time\" content=\"2025-11-20T12:42:19+00:00\" \/>\n<meta property=\"og:image\" content=\"https:\/\/madabouthorror.co.uk\/wp-content\/uploads\/2024\/08\/wanda-webworth-cover.jpg\" \/>\n\t<meta property=\"og:image:width\" content=\"1772\" \/>\n\t<meta property=\"og:image:height\" content=\"1772\" \/>\n\t<meta property=\"og:image:type\" content=\"image\/jpeg\" \/>\n<meta name=\"twitter:card\" content=\"summary_large_image\" \/>\n<meta name=\"twitter:label1\" content=\"Gesch\u00e4tzte Lesezeit\" \/>\n\t<meta name=\"twitter:data1\" content=\"1\u00a0Minute\" \/>\n<script type=\"application\/ld+json\" class=\"yoast-schema-graph\">{\"@context\":\"https:\\\/\\\/schema.org\",\"@graph\":[{\"@type\":[\"WebPage\",\"ItemPage\"],\"@id\":\"https:\\\/\\\/madabouthorror.co.uk\\\/product\\\/6ft-wanda-webworth-spider-animated-prop\\\/\",\"url\":\"https:\\\/\\\/madabouthorror.co.uk\\\/product\\\/6ft-wanda-webworth-spider-animated-prop\\\/\",\"name\":\"6ft Wanda Webworth Spider Animated Prop | Spirit Halloween | UK\",\"isPartOf\":{\"@id\":\"https:\\\/\\\/madabouthorror.co.uk\\\/#website\"},\"primaryImageOfPage\":{\"@id\":\"https:\\\/\\\/madabouthorror.co.uk\\\/product\\\/6ft-wanda-webworth-spider-animated-prop\\\/#primaryimage\"},\"image\":{\"@id\":\"https:\\\/\\\/madabouthorror.co.uk\\\/product\\\/6ft-wanda-webworth-spider-animated-prop\\\/#primaryimage\"},\"thumbnailUrl\":\"https:\\\/\\\/madabouthorror.co.uk\\\/wp-content\\\/uploads\\\/2024\\\/08\\\/wanda-webworth-cover.jpg\",\"datePublished\":\"2024-08-29T12:19:23+00:00\",\"dateModified\":\"2025-11-20T12:42:19+00:00\",\"description\":\"Halloween Giant Spider animatronic. Wanda Webworth Spirit Halloween animated Prop. Buy from the UK & Europe's leading horror and Halloween specialist.\u00a0\",\"breadcrumb\":{\"@id\":\"https:\\\/\\\/madabouthorror.co.uk\\\/product\\\/6ft-wanda-webworth-spider-animated-prop\\\/#breadcrumb\"},\"inLanguage\":\"de\",\"potentialAction\":[{\"@type\":\"ReadAction\",\"target\":[\"https:\\\/\\\/madabouthorror.co.uk\\\/product\\\/6ft-wanda-webworth-spider-animated-prop\\\/\"]}]},{\"@type\":\"ImageObject\",\"inLanguage\":\"de\",\"@id\":\"https:\\\/\\\/madabouthorror.co.uk\\\/product\\\/6ft-wanda-webworth-spider-animated-prop\\\/#primaryimage\",\"url\":\"https:\\\/\\\/madabouthorror.co.uk\\\/wp-content\\\/uploads\\\/2024\\\/08\\\/wanda-webworth-cover.jpg\",\"contentUrl\":\"https:\\\/\\\/madabouthorror.co.uk\\\/wp-content\\\/uploads\\\/2024\\\/08\\\/wanda-webworth-cover.jpg\",\"width\":1772,\"height\":1772,\"caption\":\"Halloween Giant Spider animatronic\"},{\"@type\":\"BreadcrumbList\",\"@id\":\"https:\\\/\\\/madabouthorror.co.uk\\\/product\\\/6ft-wanda-webworth-spider-animated-prop\\\/#breadcrumb\",\"itemListElement\":[{\"@type\":\"ListItem\",\"position\":1,\"name\":\"Shop\",\"item\":\"https:\\\/\\\/madabouthorror.co.uk\\\/shop\\\/\"},{\"@type\":\"ListItem\",\"position\":2,\"name\":\"6ft Wanda Webworth Spider Animated Prop\"}]},{\"@type\":\"WebSite\",\"@id\":\"https:\\\/\\\/madabouthorror.co.uk\\\/#website\",\"url\":\"https:\\\/\\\/madabouthorror.co.uk\\\/\",\"name\":\"Mad About Horror\",\"description\":\"\",\"publisher\":{\"@id\":\"https:\\\/\\\/madabouthorror.co.uk\\\/#organization\"},\"alternateName\":\"Mad About Horror Limited\",\"potentialAction\":[{\"@type\":\"SearchAction\",\"target\":{\"@type\":\"EntryPoint\",\"urlTemplate\":\"https:\\\/\\\/madabouthorror.co.uk\\\/?s={search_term_string}\"},\"query-input\":{\"@type\":\"PropertyValueSpecification\",\"valueRequired\":true,\"valueName\":\"search_term_string\"}}],\"inLanguage\":\"de\"},{\"@type\":\"Organization\",\"@id\":\"https:\\\/\\\/madabouthorror.co.uk\\\/#organization\",\"name\":\"Mad About Horror\",\"url\":\"https:\\\/\\\/madabouthorror.co.uk\\\/\",\"logo\":{\"@type\":\"ImageObject\",\"inLanguage\":\"de\",\"@id\":\"https:\\\/\\\/madabouthorror.co.uk\\\/#\\\/schema\\\/logo\\\/image\\\/\",\"url\":\"https:\\\/\\\/madabouthorror.co.uk\\\/wp-content\\\/uploads\\\/2024\\\/02\\\/cropped-Logo.png\",\"contentUrl\":\"https:\\\/\\\/madabouthorror.co.uk\\\/wp-content\\\/uploads\\\/2024\\\/02\\\/cropped-Logo.png\",\"width\":240,\"height\":88,\"caption\":\"Mad About Horror\"},\"image\":{\"@id\":\"https:\\\/\\\/madabouthorror.co.uk\\\/#\\\/schema\\\/logo\\\/image\\\/\"},\"sameAs\":[\"https:\\\/\\\/www.facebook.com\\\/madabouthorror\\\/\",\"https:\\\/\\\/www.instagram.com\\\/madabouthorror\\\/\",\"https:\\\/\\\/www.pinterest.co.uk\\\/madabouthorror\\\/\",\"https:\\\/\\\/www.youtube.com\\\/channel\\\/UCBooLOIxjoQ89dj6T5lWm_w\",\"https:\\\/\\\/www.tiktok.com\\\/@weremadabouthorror\"]}]}<\/script>\n<!-- \/ Yoast SEO plugin. -->","yoast_head_json":{"title":"6ft Wanda Webworth Spinnen-Requisite mit Animation | Spirit Halloween | UK","description":"Halloween Riesenspinne Animatronic. Wanda Webworth Spirit Halloween animiertes Requisit. Kaufen Sie vom f\u00fchrenden Horror- und Halloween-Spezialisten Gro\u00dfbritanniens und Europas.\u00a0","robots":{"index":"index","follow":"follow","max-snippet":"max-snippet:-1","max-image-preview":"max-image-preview:large","max-video-preview":"max-video-preview:-1"},"canonical":"https:\/\/madabouthorror.co.uk\/de\/product\/6ft-wanda-webworth-spider-animated-prop\/","og_locale":"de_DE","og_type":"article","og_title":"6ft Wanda Webworth Spider Animated Prop | Spirit Halloween | UK","og_description":"Halloween Giant Spider animatronic. Wanda Webworth Spirit Halloween animated Prop. Buy from the UK & Europe's leading horror and Halloween specialist.\u00a0","og_url":"https:\/\/madabouthorror.co.uk\/de\/product\/6ft-wanda-webworth-spider-animated-prop\/","og_site_name":"Mad About Horror","article_publisher":"https:\/\/www.facebook.com\/madabouthorror\/","article_modified_time":"2025-11-20T12:42:19+00:00","og_image":[{"width":1772,"height":1772,"url":"https:\/\/madabouthorror.co.uk\/wp-content\/uploads\/2024\/08\/wanda-webworth-cover.jpg","type":"image\/jpeg"}],"twitter_card":"summary_large_image","twitter_misc":{"Gesch\u00e4tzte Lesezeit":"1\u00a0Minute"},"schema":{"@context":"https:\/\/schema.org","@graph":[{"@type":["WebPage","ItemPage"],"@id":"https:\/\/madabouthorror.co.uk\/product\/6ft-wanda-webworth-spider-animated-prop\/","url":"https:\/\/madabouthorror.co.uk\/product\/6ft-wanda-webworth-spider-animated-prop\/","name":"6ft Wanda Webworth Spinnen-Requisite mit Animation | Spirit Halloween | UK","isPartOf":{"@id":"https:\/\/madabouthorror.co.uk\/#website"},"primaryImageOfPage":{"@id":"https:\/\/madabouthorror.co.uk\/product\/6ft-wanda-webworth-spider-animated-prop\/#primaryimage"},"image":{"@id":"https:\/\/madabouthorror.co.uk\/product\/6ft-wanda-webworth-spider-animated-prop\/#primaryimage"},"thumbnailUrl":"https:\/\/madabouthorror.co.uk\/wp-content\/uploads\/2024\/08\/wanda-webworth-cover.jpg","datePublished":"2024-08-29T12:19:23+00:00","dateModified":"2025-11-20T12:42:19+00:00","description":"Halloween Riesenspinne Animatronic. Wanda Webworth Spirit Halloween animiertes Requisit. Kaufen Sie vom f\u00fchrenden Horror- und Halloween-Spezialisten Gro\u00dfbritanniens und Europas.\u00a0","breadcrumb":{"@id":"https:\/\/madabouthorror.co.uk\/product\/6ft-wanda-webworth-spider-animated-prop\/#breadcrumb"},"inLanguage":"de","potentialAction":[{"@type":"ReadAction","target":["https:\/\/madabouthorror.co.uk\/product\/6ft-wanda-webworth-spider-animated-prop\/"]}]},{"@type":"ImageObject","inLanguage":"de","@id":"https:\/\/madabouthorror.co.uk\/product\/6ft-wanda-webworth-spider-animated-prop\/#primaryimage","url":"https:\/\/madabouthorror.co.uk\/wp-content\/uploads\/2024\/08\/wanda-webworth-cover.jpg","contentUrl":"https:\/\/madabouthorror.co.uk\/wp-content\/uploads\/2024\/08\/wanda-webworth-cover.jpg","width":1772,"height":1772,"caption":"Halloween Giant Spider animatronic"},{"@type":"BreadcrumbList","@id":"https:\/\/madabouthorror.co.uk\/product\/6ft-wanda-webworth-spider-animated-prop\/#breadcrumb","itemListElement":[{"@type":"ListItem","position":1,"name":"Shop","item":"https:\/\/madabouthorror.co.uk\/shop\/"},{"@type":"ListItem","position":2,"name":"6ft Wanda Webworth Spider Animated Prop"}]},{"@type":"WebSite","@id":"https:\/\/madabouthorror.co.uk\/#website","url":"https:\/\/madabouthorror.co.uk\/","name":"Verr\u00fcckt nach Horror","description":"","publisher":{"@id":"https:\/\/madabouthorror.co.uk\/#organization"},"alternateName":"Mad About Horror Limited","potentialAction":[{"@type":"SearchAction","target":{"@type":"EntryPoint","urlTemplate":"https:\/\/madabouthorror.co.uk\/?s={search_term_string}"},"query-input":{"@type":"PropertyValueSpecification","valueRequired":true,"valueName":"search_term_string"}}],"inLanguage":"de"},{"@type":"Organization","@id":"https:\/\/madabouthorror.co.uk\/#organization","name":"Verr\u00fcckt nach Horror","url":"https:\/\/madabouthorror.co.uk\/","logo":{"@type":"ImageObject","inLanguage":"de","@id":"https:\/\/madabouthorror.co.uk\/#\/schema\/logo\/image\/","url":"https:\/\/madabouthorror.co.uk\/wp-content\/uploads\/2024\/02\/cropped-Logo.png","contentUrl":"https:\/\/madabouthorror.co.uk\/wp-content\/uploads\/2024\/02\/cropped-Logo.png","width":240,"height":88,"caption":"Mad About Horror"},"image":{"@id":"https:\/\/madabouthorror.co.uk\/#\/schema\/logo\/image\/"},"sameAs":["https:\/\/www.facebook.com\/madabouthorror\/","https:\/\/www.instagram.com\/madabouthorror\/","https:\/\/www.pinterest.co.uk\/madabouthorror\/","https:\/\/www.youtube.com\/channel\/UCBooLOIxjoQ89dj6T5lWm_w","https:\/\/www.tiktok.com\/@weremadabouthorror"]}]}},"df_price":449.95,"df_sale_price":"","df_regular_price":449.95,"df_image_link":"https:\/\/madabouthorror.co.uk\/wp-content\/uploads\/2024\/08\/wanda-webworth-cover-300x300.jpg","_links":{"self":[{"href":"https:\/\/madabouthorror.co.uk\/de\/wp-json\/wp\/v2\/product\/496085","targetHints":{"allow":["GET"]}}],"collection":[{"href":"https:\/\/madabouthorror.co.uk\/de\/wp-json\/wp\/v2\/product"}],"about":[{"href":"https:\/\/madabouthorror.co.uk\/de\/wp-json\/wp\/v2\/types\/product"}],"replies":[{"embeddable":true,"href":"https:\/\/madabouthorror.co.uk\/de\/wp-json\/wp\/v2\/comments?post=496085"}],"wp:featuredmedia":[{"embeddable":true,"href":"https:\/\/madabouthorror.co.uk\/de\/wp-json\/wp\/v2\/media\/496093"}],"wp:attachment":[{"href":"https:\/\/madabouthorror.co.uk\/de\/wp-json\/wp\/v2\/media?parent=496085"}],"wp:term":[{"taxonomy":"product_brand","embeddable":true,"href":"https:\/\/madabouthorror.co.uk\/de\/wp-json\/wp\/v2\/product_brand?post=496085"},{"taxonomy":"product_cat","embeddable":true,"href":"https:\/\/madabouthorror.co.uk\/de\/wp-json\/wp\/v2\/product_cat?post=496085"},{"taxonomy":"product_tag","embeddable":true,"href":"https:\/\/madabouthorror.co.uk\/de\/wp-json\/wp\/v2\/product_tag?post=496085"}],"curies":[{"name":"wp","href":"https:\/\/api.w.org\/{rel}","templated":true}]}}