{"id":496726,"date":"2024-09-02T15:35:46","date_gmt":"2024-09-02T14:35:46","guid":{"rendered":"https:\/\/madabouthorror.co.uk\/?post_type=product&#038;p=496726"},"modified":"2026-02-11T16:36:20","modified_gmt":"2026-02-11T16:36:20","slug":"7-5ft-jack-o-lantern-pumpkin-archway","status":"publish","type":"product","link":"https:\/\/madabouthorror.co.uk\/de\/product\/7-5ft-jack-o-lantern-pumpkin-archway\/","title":{"rendered":"7,5ft Jack-o-Lantern K\u00fcrbis Torbogen"},"content":{"rendered":"<p>Sorgen Sie f\u00fcr einen gespenstisch festlichen Eingang mit unserem Jack-o'-Lantern-K\u00fcrbisbogen! Mit einer beeindruckenden H\u00f6he von 7,5 Fu\u00df zeigt dieser Torbogen eine Sammlung von bedrohlichen Jack-O'-Lantern-Gesichtern, die hoch gestapelt sind und ein gruseliges und auff\u00e4lliges Tor f\u00fcr Ihre Halloween-Feierlichkeiten schaffen. Dieser Torbogen eignet sich perfekt f\u00fcr G\u00e4rten, Partys oder Spukh\u00e4user und ist aus robusten Materialien gefertigt, sodass er sowohl f\u00fcr den Innen- als auch f\u00fcr den Au\u00dfenbereich geeignet ist. Dieser schaurige K\u00fcrbisbogen verleiht jeder Umgebung einen Hauch von unheimlichem Charme und ist damit die ultimative gruselige Erg\u00e4nzung zu Ihrer Halloween-Dekoration.<\/p>\n<p>Produkttiefe (in.) 16,93 in Produkth\u00f6he (in.) 94,48 in Produktbreite (in.) 77,95 in<\/p>\n<p><b>VERSAND NUR AUF DEM BRITISCHEN FESTLAND <\/b>-<i> F\u00fcr die Highlands und die Inseln erfragen Sie bitte die Versandpreise.<\/i><\/p>\n<div>\n<div><b>Sicherheit<\/b><i>. Bitte stellen Sie sicher, dass Sie es mit den mitgelieferten Erdn\u00e4geln sichern und bei starkem Wind abbauen.<\/i><i><\/i><\/div>\n<div><\/div>\n<div><b>Bitte beachten:<\/b><i> Diese Requisiten sind nicht f\u00fcr den intensiven kommerziellen Gebrauch geeignet, d. h. sie sollten nicht \u00fcber l\u00e4ngere Zeitr\u00e4ume, z. B. tagelang, betrieben werden. Sie sind f\u00fcr die Verwendung an Halloween gedacht. Wenn Sie Fragen dazu haben, fragen Sie bitte.<\/i><\/div>\n<\/div>","protected":false},"excerpt":{"rendered":"<p>Sorgen Sie f\u00fcr einen gespenstisch festlichen Eingang mit unserem Jack-o'-Lantern-K\u00fcrbisbogen! Mit einer beeindruckenden H\u00f6he von 7,5 Fu\u00df zeigt dieser Torbogen eine Sammlung von bedrohlichen Jack-O'-Lantern-Gesichtern, die hoch gestapelt sind und ein gruseliges und auff\u00e4lliges Tor f\u00fcr Ihre Halloween-Feierlichkeiten bilden. Dieser Torbogen ist perfekt f\u00fcr G\u00e4rten, Partys oder Spukh\u00e4user und besteht aus robustem [...]<\/p>","protected":false},"featured_media":496729,"comment_status":"closed","ping_status":"closed","template":"","meta":{"_acf_changed":false},"product_brand":[],"product_cat":[10068,10131,10110,10034,10093,10094,6547,6549,6963,9841,6597],"product_tag":[9993],"class_list":{"0":"post-496726","1":"product","2":"type-product","3":"status-publish","4":"has-post-thumbnail","6":"product_cat-halloween-decorations-2025","7":"product_cat-halloween-gifts","8":"product_cat-us-imports","9":"product_cat-family-friendly","10":"product_cat-indoor-halloween-decorations","11":"product_cat-outdoor-halloween-decorations","12":"product_cat-decorations","13":"product_cat-haunted-house","14":"product_cat-animatronics","15":"product_cat-home-depot-animatronics","16":"product_cat-pumpkins","17":"product_tag-animatronics-imports","18":"product_shipping_class-extra-large-props","20":"first","21":"instock","22":"taxable","23":"shipping-taxable","24":"purchasable","25":"product-type-simple"},"supplier_id":null,"supplier_sku":"","barcode":null,"atum_controlled":true,"out_stock_date":null,"out_stock_threshold":null,"inheritable":false,"inbound_stock":0,"stock_on_hold":0,"sold_today":0,"sales_last_days":0,"reserved_stock":0,"customer_returns":0,"warehouse_damage":0,"lost_in_post":0,"other_logs":0,"out_stock_days":0,"lost_sales":0,"has_location":false,"update_date":"2026-04-06T00:44:03","atum_locations":[],"atum_stock_status":"instock","restock_status":false,"low_stock_amount":"","sales_update_date":"2026-04-06T00:44:02","calc_backorders":null,"acf":[],"yoast_head":"<!-- This site is optimized with the Yoast SEO plugin v27.3 - https:\/\/yoast.com\/product\/yoast-seo-wordpress\/ -->\n<title>7.5ft Jack-o-Lantern Pumpkin Archway | Mad About Horror<\/title>\n<meta name=\"description\" content=\"7.5ft Jack-o-lantern pumpkin archway. Shop Horror collectibles and Halloween props. Europe&#039;s leading horror collectibles specialist.\" \/>\n<meta name=\"robots\" content=\"index, follow, max-snippet:-1, max-image-preview:large, max-video-preview:-1\" \/>\n<link rel=\"canonical\" href=\"https:\/\/madabouthorror.co.uk\/de\/product\/7-5ft-jack-o-lantern-pumpkin-archway\/\" \/>\n<meta property=\"og:locale\" content=\"de_DE\" \/>\n<meta property=\"og:type\" content=\"article\" \/>\n<meta property=\"og:title\" content=\"7.5ft Jack-o-Lantern Pumpkin Archway | Mad About Horror\" \/>\n<meta property=\"og:description\" content=\"7.5ft Jack-o-lantern pumpkin archway. Shop Horror collectibles and Halloween props. Europe&#039;s leading horror collectibles specialist.\" \/>\n<meta property=\"og:url\" content=\"https:\/\/madabouthorror.co.uk\/de\/product\/7-5ft-jack-o-lantern-pumpkin-archway\/\" \/>\n<meta property=\"og:site_name\" content=\"Mad About Horror\" \/>\n<meta property=\"article:publisher\" content=\"https:\/\/www.facebook.com\/madabouthorror\/\" \/>\n<meta property=\"article:modified_time\" content=\"2026-02-11T16:36:20+00:00\" \/>\n<meta property=\"og:image\" content=\"https:\/\/madabouthorror.co.uk\/wp-content\/uploads\/2024\/09\/pumpkkin-arch-cover.jpg\" \/>\n\t<meta property=\"og:image:width\" content=\"1772\" \/>\n\t<meta property=\"og:image:height\" content=\"1772\" \/>\n\t<meta property=\"og:image:type\" content=\"image\/jpeg\" \/>\n<meta name=\"twitter:card\" content=\"summary_large_image\" \/>\n<meta name=\"twitter:label1\" content=\"Gesch\u00e4tzte Lesezeit\" \/>\n\t<meta name=\"twitter:data1\" content=\"1\u00a0Minute\" \/>\n<script type=\"application\/ld+json\" class=\"yoast-schema-graph\">{\"@context\":\"https:\\\/\\\/schema.org\",\"@graph\":[{\"@type\":[\"WebPage\",\"ItemPage\"],\"@id\":\"https:\\\/\\\/madabouthorror.co.uk\\\/product\\\/7-5ft-jack-o-lantern-pumpkin-archway\\\/\",\"url\":\"https:\\\/\\\/madabouthorror.co.uk\\\/product\\\/7-5ft-jack-o-lantern-pumpkin-archway\\\/\",\"name\":\"7.5ft Jack-o-Lantern Pumpkin Archway | Mad About Horror\",\"isPartOf\":{\"@id\":\"https:\\\/\\\/madabouthorror.co.uk\\\/#website\"},\"primaryImageOfPage\":{\"@id\":\"https:\\\/\\\/madabouthorror.co.uk\\\/product\\\/7-5ft-jack-o-lantern-pumpkin-archway\\\/#primaryimage\"},\"image\":{\"@id\":\"https:\\\/\\\/madabouthorror.co.uk\\\/product\\\/7-5ft-jack-o-lantern-pumpkin-archway\\\/#primaryimage\"},\"thumbnailUrl\":\"https:\\\/\\\/madabouthorror.co.uk\\\/wp-content\\\/uploads\\\/2024\\\/09\\\/pumpkkin-arch-cover.jpg\",\"datePublished\":\"2024-09-02T14:35:46+00:00\",\"dateModified\":\"2026-02-11T16:36:20+00:00\",\"description\":\"7.5ft Jack-o-lantern pumpkin archway. Shop Horror collectibles and Halloween props. Europe's leading horror collectibles specialist.\",\"breadcrumb\":{\"@id\":\"https:\\\/\\\/madabouthorror.co.uk\\\/product\\\/7-5ft-jack-o-lantern-pumpkin-archway\\\/#breadcrumb\"},\"inLanguage\":\"de\",\"potentialAction\":[{\"@type\":\"ReadAction\",\"target\":[\"https:\\\/\\\/madabouthorror.co.uk\\\/product\\\/7-5ft-jack-o-lantern-pumpkin-archway\\\/\"]}]},{\"@type\":\"ImageObject\",\"inLanguage\":\"de\",\"@id\":\"https:\\\/\\\/madabouthorror.co.uk\\\/product\\\/7-5ft-jack-o-lantern-pumpkin-archway\\\/#primaryimage\",\"url\":\"https:\\\/\\\/madabouthorror.co.uk\\\/wp-content\\\/uploads\\\/2024\\\/09\\\/pumpkkin-arch-cover.jpg\",\"contentUrl\":\"https:\\\/\\\/madabouthorror.co.uk\\\/wp-content\\\/uploads\\\/2024\\\/09\\\/pumpkkin-arch-cover.jpg\",\"width\":1772,\"height\":1772,\"caption\":\"Jack-o-lantern pumpkin archway\"},{\"@type\":\"BreadcrumbList\",\"@id\":\"https:\\\/\\\/madabouthorror.co.uk\\\/product\\\/7-5ft-jack-o-lantern-pumpkin-archway\\\/#breadcrumb\",\"itemListElement\":[{\"@type\":\"ListItem\",\"position\":1,\"name\":\"Shop\",\"item\":\"https:\\\/\\\/madabouthorror.co.uk\\\/shop\\\/\"},{\"@type\":\"ListItem\",\"position\":2,\"name\":\"7.5ft Jack-o-Lantern Pumpkin Archway\"}]},{\"@type\":\"WebSite\",\"@id\":\"https:\\\/\\\/madabouthorror.co.uk\\\/#website\",\"url\":\"https:\\\/\\\/madabouthorror.co.uk\\\/\",\"name\":\"Mad About Horror\",\"description\":\"\",\"publisher\":{\"@id\":\"https:\\\/\\\/madabouthorror.co.uk\\\/#organization\"},\"alternateName\":\"Mad About Horror Limited\",\"potentialAction\":[{\"@type\":\"SearchAction\",\"target\":{\"@type\":\"EntryPoint\",\"urlTemplate\":\"https:\\\/\\\/madabouthorror.co.uk\\\/?s={search_term_string}\"},\"query-input\":{\"@type\":\"PropertyValueSpecification\",\"valueRequired\":true,\"valueName\":\"search_term_string\"}}],\"inLanguage\":\"de\"},{\"@type\":\"Organization\",\"@id\":\"https:\\\/\\\/madabouthorror.co.uk\\\/#organization\",\"name\":\"Mad About Horror\",\"url\":\"https:\\\/\\\/madabouthorror.co.uk\\\/\",\"logo\":{\"@type\":\"ImageObject\",\"inLanguage\":\"de\",\"@id\":\"https:\\\/\\\/madabouthorror.co.uk\\\/#\\\/schema\\\/logo\\\/image\\\/\",\"url\":\"https:\\\/\\\/madabouthorror.co.uk\\\/wp-content\\\/uploads\\\/2024\\\/02\\\/cropped-Logo.png\",\"contentUrl\":\"https:\\\/\\\/madabouthorror.co.uk\\\/wp-content\\\/uploads\\\/2024\\\/02\\\/cropped-Logo.png\",\"width\":240,\"height\":88,\"caption\":\"Mad About Horror\"},\"image\":{\"@id\":\"https:\\\/\\\/madabouthorror.co.uk\\\/#\\\/schema\\\/logo\\\/image\\\/\"},\"sameAs\":[\"https:\\\/\\\/www.facebook.com\\\/madabouthorror\\\/\",\"https:\\\/\\\/www.instagram.com\\\/madabouthorror\\\/\",\"https:\\\/\\\/www.pinterest.co.uk\\\/madabouthorror\\\/\",\"https:\\\/\\\/www.youtube.com\\\/channel\\\/UCBooLOIxjoQ89dj6T5lWm_w\",\"https:\\\/\\\/www.tiktok.com\\\/@weremadabouthorror\"]}]}<\/script>\n<!-- \/ Yoast SEO plugin. -->","yoast_head_json":{"title":"7,5ft Jack-o-Lantern K\u00fcrbis Torbogen | Mad About Horror","description":"7.5ft Jack-o-lantern K\u00fcrbis Torbogen. Shop Horror-Sammlerst\u00fccke und Halloween-Requisiten. Europas f\u00fchrender Spezialist f\u00fcr Horror-Sammlerst\u00fccke.","robots":{"index":"index","follow":"follow","max-snippet":"max-snippet:-1","max-image-preview":"max-image-preview:large","max-video-preview":"max-video-preview:-1"},"canonical":"https:\/\/madabouthorror.co.uk\/de\/product\/7-5ft-jack-o-lantern-pumpkin-archway\/","og_locale":"de_DE","og_type":"article","og_title":"7.5ft Jack-o-Lantern Pumpkin Archway | Mad About Horror","og_description":"7.5ft Jack-o-lantern pumpkin archway. Shop Horror collectibles and Halloween props. Europe's leading horror collectibles specialist.","og_url":"https:\/\/madabouthorror.co.uk\/de\/product\/7-5ft-jack-o-lantern-pumpkin-archway\/","og_site_name":"Mad About Horror","article_publisher":"https:\/\/www.facebook.com\/madabouthorror\/","article_modified_time":"2026-02-11T16:36:20+00:00","og_image":[{"width":1772,"height":1772,"url":"https:\/\/madabouthorror.co.uk\/wp-content\/uploads\/2024\/09\/pumpkkin-arch-cover.jpg","type":"image\/jpeg"}],"twitter_card":"summary_large_image","twitter_misc":{"Gesch\u00e4tzte Lesezeit":"1\u00a0Minute"},"schema":{"@context":"https:\/\/schema.org","@graph":[{"@type":["WebPage","ItemPage"],"@id":"https:\/\/madabouthorror.co.uk\/product\/7-5ft-jack-o-lantern-pumpkin-archway\/","url":"https:\/\/madabouthorror.co.uk\/product\/7-5ft-jack-o-lantern-pumpkin-archway\/","name":"7,5ft Jack-o-Lantern K\u00fcrbis Torbogen | Mad About Horror","isPartOf":{"@id":"https:\/\/madabouthorror.co.uk\/#website"},"primaryImageOfPage":{"@id":"https:\/\/madabouthorror.co.uk\/product\/7-5ft-jack-o-lantern-pumpkin-archway\/#primaryimage"},"image":{"@id":"https:\/\/madabouthorror.co.uk\/product\/7-5ft-jack-o-lantern-pumpkin-archway\/#primaryimage"},"thumbnailUrl":"https:\/\/madabouthorror.co.uk\/wp-content\/uploads\/2024\/09\/pumpkkin-arch-cover.jpg","datePublished":"2024-09-02T14:35:46+00:00","dateModified":"2026-02-11T16:36:20+00:00","description":"7.5ft Jack-o-lantern K\u00fcrbis Torbogen. Shop Horror-Sammlerst\u00fccke und Halloween-Requisiten. Europas f\u00fchrender Spezialist f\u00fcr Horror-Sammlerst\u00fccke.","breadcrumb":{"@id":"https:\/\/madabouthorror.co.uk\/product\/7-5ft-jack-o-lantern-pumpkin-archway\/#breadcrumb"},"inLanguage":"de","potentialAction":[{"@type":"ReadAction","target":["https:\/\/madabouthorror.co.uk\/product\/7-5ft-jack-o-lantern-pumpkin-archway\/"]}]},{"@type":"ImageObject","inLanguage":"de","@id":"https:\/\/madabouthorror.co.uk\/product\/7-5ft-jack-o-lantern-pumpkin-archway\/#primaryimage","url":"https:\/\/madabouthorror.co.uk\/wp-content\/uploads\/2024\/09\/pumpkkin-arch-cover.jpg","contentUrl":"https:\/\/madabouthorror.co.uk\/wp-content\/uploads\/2024\/09\/pumpkkin-arch-cover.jpg","width":1772,"height":1772,"caption":"Jack-o-lantern pumpkin archway"},{"@type":"BreadcrumbList","@id":"https:\/\/madabouthorror.co.uk\/product\/7-5ft-jack-o-lantern-pumpkin-archway\/#breadcrumb","itemListElement":[{"@type":"ListItem","position":1,"name":"Shop","item":"https:\/\/madabouthorror.co.uk\/shop\/"},{"@type":"ListItem","position":2,"name":"7.5ft Jack-o-Lantern Pumpkin Archway"}]},{"@type":"WebSite","@id":"https:\/\/madabouthorror.co.uk\/#website","url":"https:\/\/madabouthorror.co.uk\/","name":"Verr\u00fcckt nach Horror","description":"","publisher":{"@id":"https:\/\/madabouthorror.co.uk\/#organization"},"alternateName":"Mad About Horror Limited","potentialAction":[{"@type":"SearchAction","target":{"@type":"EntryPoint","urlTemplate":"https:\/\/madabouthorror.co.uk\/?s={search_term_string}"},"query-input":{"@type":"PropertyValueSpecification","valueRequired":true,"valueName":"search_term_string"}}],"inLanguage":"de"},{"@type":"Organization","@id":"https:\/\/madabouthorror.co.uk\/#organization","name":"Verr\u00fcckt nach Horror","url":"https:\/\/madabouthorror.co.uk\/","logo":{"@type":"ImageObject","inLanguage":"de","@id":"https:\/\/madabouthorror.co.uk\/#\/schema\/logo\/image\/","url":"https:\/\/madabouthorror.co.uk\/wp-content\/uploads\/2024\/02\/cropped-Logo.png","contentUrl":"https:\/\/madabouthorror.co.uk\/wp-content\/uploads\/2024\/02\/cropped-Logo.png","width":240,"height":88,"caption":"Mad About Horror"},"image":{"@id":"https:\/\/madabouthorror.co.uk\/#\/schema\/logo\/image\/"},"sameAs":["https:\/\/www.facebook.com\/madabouthorror\/","https:\/\/www.instagram.com\/madabouthorror\/","https:\/\/www.pinterest.co.uk\/madabouthorror\/","https:\/\/www.youtube.com\/channel\/UCBooLOIxjoQ89dj6T5lWm_w","https:\/\/www.tiktok.com\/@weremadabouthorror"]}]}},"df_price":468.7,"df_sale_price":"","df_regular_price":468.7,"df_image_link":"https:\/\/madabouthorror.co.uk\/wp-content\/uploads\/2024\/09\/pumpkkin-arch-cover-300x300.jpg","_links":{"self":[{"href":"https:\/\/madabouthorror.co.uk\/de\/wp-json\/wp\/v2\/product\/496726","targetHints":{"allow":["GET"]}}],"collection":[{"href":"https:\/\/madabouthorror.co.uk\/de\/wp-json\/wp\/v2\/product"}],"about":[{"href":"https:\/\/madabouthorror.co.uk\/de\/wp-json\/wp\/v2\/types\/product"}],"replies":[{"embeddable":true,"href":"https:\/\/madabouthorror.co.uk\/de\/wp-json\/wp\/v2\/comments?post=496726"}],"wp:featuredmedia":[{"embeddable":true,"href":"https:\/\/madabouthorror.co.uk\/de\/wp-json\/wp\/v2\/media\/496729"}],"wp:attachment":[{"href":"https:\/\/madabouthorror.co.uk\/de\/wp-json\/wp\/v2\/media?parent=496726"}],"wp:term":[{"taxonomy":"product_brand","embeddable":true,"href":"https:\/\/madabouthorror.co.uk\/de\/wp-json\/wp\/v2\/product_brand?post=496726"},{"taxonomy":"product_cat","embeddable":true,"href":"https:\/\/madabouthorror.co.uk\/de\/wp-json\/wp\/v2\/product_cat?post=496726"},{"taxonomy":"product_tag","embeddable":true,"href":"https:\/\/madabouthorror.co.uk\/de\/wp-json\/wp\/v2\/product_tag?post=496726"}],"curies":[{"name":"wp","href":"https:\/\/api.w.org\/{rel}","templated":true}]}}