{"id":50034,"date":"2021-09-10T11:32:51","date_gmt":"2021-09-10T10:32:51","guid":{"rendered":"https:\/\/mah.6bdv.ws\/product\/the-duchess-of-devonshire\/"},"modified":"2025-09-25T06:12:01","modified_gmt":"2025-09-25T05:12:01","slug":"the-duchess-of-devonshire","status":"publish","type":"product","link":"https:\/\/madabouthorror.co.uk\/de\/product\/the-duchess-of-devonshire\/","title":{"rendered":"Herzogin von Devonshire Maske"},"content":{"rendered":"<h4>Die Maske der Herzogin von Devonshire.<\/h4>\n<p class=\"\">Von der Gesellschaft gemieden, starb die arme Herzogin, die an Altersschw\u00e4che und Arthritis litt, mittellos und verarmt im Moor. Ihr Geist spukt nun in den oberen Galerien des Herrenhauses, ihr durchdringendes Wehklagen hallt zwischen zerbrochenem Glas und rasenden Lakaien wider ....<\/p>\n<p class=\"\">Sie wartet auf deinen Besuch. Bleib ... damit sie dich verzehren kann.<\/p>\n<p class=\"\">","protected":false},"excerpt":{"rendered":"<p>Die Maske der Herzogin von Devonshire. Von der Gesellschaft versto\u00dfen, starb die arme Herzogin, die an Erethismus litt und von Arthritis geplagt wurde, mittellos und verarmt auf den Mooren. Ihr Geist spukt nun in den oberen Galerien des Herrenhauses, ihr durchdringendes Wehklagen hallt durch das zersplitterte Glas und die erschaudernden Diener\u2026. Sie erwartet Ihren Besuch. Bleiben Sie \u2026 [\u2026]<\/p>","protected":false},"featured_media":50029,"comment_status":"closed","ping_status":"closed","template":"","meta":{"_acf_changed":false},"product_brand":[],"product_cat":[6541,6545,10030],"product_tag":[],"class_list":{"0":"post-50034","1":"product","2":"type-product","3":"status-publish","4":"has-post-thumbnail","6":"product_cat-masks","7":"product_cat-creepy-ghost-masks","8":"product_cat-lord-grimley","9":"pa_brand-lordgrimleysmanor","10":"pa_character-other","11":"pa_google_tax-e4-clothingaccessoriescostume","13":"first","14":"instock","15":"taxable","16":"shipping-taxable","17":"purchasable","18":"product-type-simple"},"supplier_id":467450,"supplier_sku":"LGM20212","barcode":"","atum_controlled":true,"out_stock_date":null,"out_stock_threshold":null,"inheritable":false,"inbound_stock":0,"stock_on_hold":0,"sold_today":0,"sales_last_days":0,"reserved_stock":0,"customer_returns":0,"warehouse_damage":0,"lost_in_post":0,"other_logs":0,"out_stock_days":0,"lost_sales":0,"has_location":false,"update_date":"2026-04-03T00:30:32","atum_locations":[],"atum_stock_status":"instock","restock_status":false,"low_stock_amount":"","sales_update_date":"2026-04-03T00:30:31","calc_backorders":null,"acf":[],"yoast_head":"<!-- This site is optimized with the Yoast SEO plugin v27.3 - https:\/\/yoast.com\/product\/yoast-seo-wordpress\/ -->\n<title>The Duchess of Devonshire Mask - Mad About Horror<\/title>\n<meta name=\"description\" content=\"A huge range of Halloween masks, decor and props. BUY from the UK&#039;s leading Halloween &amp; Horror specialist. IN STOCK - Fast Delivery\" \/>\n<meta name=\"robots\" content=\"index, follow, max-snippet:-1, max-image-preview:large, max-video-preview:-1\" \/>\n<link rel=\"canonical\" href=\"https:\/\/madabouthorror.co.uk\/de\/product\/the-duchess-of-devonshire\/\" \/>\n<meta property=\"og:locale\" content=\"de_DE\" \/>\n<meta property=\"og:type\" content=\"article\" \/>\n<meta property=\"og:title\" content=\"The Duchess of Devonshire Mask - Mad About Horror\" \/>\n<meta property=\"og:description\" content=\"A huge range of Halloween masks, decor and props. BUY from the UK&#039;s leading Halloween &amp; Horror specialist. IN STOCK - Fast Delivery\" \/>\n<meta property=\"og:url\" content=\"https:\/\/madabouthorror.co.uk\/de\/product\/the-duchess-of-devonshire\/\" \/>\n<meta property=\"og:site_name\" content=\"Mad About Horror\" \/>\n<meta property=\"article:publisher\" content=\"https:\/\/www.facebook.com\/madabouthorror\/\" \/>\n<meta property=\"article:modified_time\" content=\"2025-09-25T05:12:01+00:00\" \/>\n<meta property=\"og:image\" content=\"https:\/\/madabouthorror.co.uk\/wp-content\/uploads\/2021\/09\/5_duchess_of_devonshire_lord_grimley_mask.jpg\" \/>\n\t<meta property=\"og:image:width\" content=\"670\" \/>\n\t<meta property=\"og:image:height\" content=\"670\" \/>\n\t<meta property=\"og:image:type\" content=\"image\/jpeg\" \/>\n<meta name=\"twitter:card\" content=\"summary_large_image\" \/>\n<meta name=\"twitter:label1\" content=\"Gesch\u00e4tzte Lesezeit\" \/>\n\t<meta name=\"twitter:data1\" content=\"1\u00a0Minute\" \/>\n<script type=\"application\/ld+json\" class=\"yoast-schema-graph\">{\"@context\":\"https:\\\/\\\/schema.org\",\"@graph\":[{\"@type\":[\"WebPage\",\"ItemPage\"],\"@id\":\"https:\\\/\\\/madabouthorror.co.uk\\\/product\\\/the-duchess-of-devonshire\\\/\",\"url\":\"https:\\\/\\\/madabouthorror.co.uk\\\/product\\\/the-duchess-of-devonshire\\\/\",\"name\":\"The Duchess of Devonshire Mask - Mad About Horror\",\"isPartOf\":{\"@id\":\"https:\\\/\\\/madabouthorror.co.uk\\\/#website\"},\"primaryImageOfPage\":{\"@id\":\"https:\\\/\\\/madabouthorror.co.uk\\\/product\\\/the-duchess-of-devonshire\\\/#primaryimage\"},\"image\":{\"@id\":\"https:\\\/\\\/madabouthorror.co.uk\\\/product\\\/the-duchess-of-devonshire\\\/#primaryimage\"},\"thumbnailUrl\":\"https:\\\/\\\/madabouthorror.co.uk\\\/wp-content\\\/uploads\\\/2021\\\/09\\\/5_duchess_of_devonshire_lord_grimley_mask.jpg\",\"datePublished\":\"2021-09-10T10:32:51+00:00\",\"dateModified\":\"2025-09-25T05:12:01+00:00\",\"description\":\"A huge range of Halloween masks, decor and props. BUY from the UK's leading Halloween & Horror specialist. IN STOCK - Fast Delivery\",\"breadcrumb\":{\"@id\":\"https:\\\/\\\/madabouthorror.co.uk\\\/product\\\/the-duchess-of-devonshire\\\/#breadcrumb\"},\"inLanguage\":\"de\",\"potentialAction\":[{\"@type\":\"ReadAction\",\"target\":[\"https:\\\/\\\/madabouthorror.co.uk\\\/product\\\/the-duchess-of-devonshire\\\/\"]}]},{\"@type\":\"ImageObject\",\"inLanguage\":\"de\",\"@id\":\"https:\\\/\\\/madabouthorror.co.uk\\\/product\\\/the-duchess-of-devonshire\\\/#primaryimage\",\"url\":\"https:\\\/\\\/madabouthorror.co.uk\\\/wp-content\\\/uploads\\\/2021\\\/09\\\/5_duchess_of_devonshire_lord_grimley_mask.jpg\",\"contentUrl\":\"https:\\\/\\\/madabouthorror.co.uk\\\/wp-content\\\/uploads\\\/2021\\\/09\\\/5_duchess_of_devonshire_lord_grimley_mask.jpg\",\"width\":670,\"height\":670,\"caption\":\"The Duchess of Devonshire\"},{\"@type\":\"BreadcrumbList\",\"@id\":\"https:\\\/\\\/madabouthorror.co.uk\\\/product\\\/the-duchess-of-devonshire\\\/#breadcrumb\",\"itemListElement\":[{\"@type\":\"ListItem\",\"position\":1,\"name\":\"Shop\",\"item\":\"https:\\\/\\\/madabouthorror.co.uk\\\/shop\\\/\"},{\"@type\":\"ListItem\",\"position\":2,\"name\":\"Duchess of Devonshire Mask\"}]},{\"@type\":\"WebSite\",\"@id\":\"https:\\\/\\\/madabouthorror.co.uk\\\/#website\",\"url\":\"https:\\\/\\\/madabouthorror.co.uk\\\/\",\"name\":\"Mad About Horror\",\"description\":\"\",\"publisher\":{\"@id\":\"https:\\\/\\\/madabouthorror.co.uk\\\/#organization\"},\"alternateName\":\"Mad About Horror Limited\",\"potentialAction\":[{\"@type\":\"SearchAction\",\"target\":{\"@type\":\"EntryPoint\",\"urlTemplate\":\"https:\\\/\\\/madabouthorror.co.uk\\\/?s={search_term_string}\"},\"query-input\":{\"@type\":\"PropertyValueSpecification\",\"valueRequired\":true,\"valueName\":\"search_term_string\"}}],\"inLanguage\":\"de\"},{\"@type\":\"Organization\",\"@id\":\"https:\\\/\\\/madabouthorror.co.uk\\\/#organization\",\"name\":\"Mad About Horror\",\"url\":\"https:\\\/\\\/madabouthorror.co.uk\\\/\",\"logo\":{\"@type\":\"ImageObject\",\"inLanguage\":\"de\",\"@id\":\"https:\\\/\\\/madabouthorror.co.uk\\\/#\\\/schema\\\/logo\\\/image\\\/\",\"url\":\"https:\\\/\\\/madabouthorror.co.uk\\\/wp-content\\\/uploads\\\/2024\\\/02\\\/cropped-Logo.png\",\"contentUrl\":\"https:\\\/\\\/madabouthorror.co.uk\\\/wp-content\\\/uploads\\\/2024\\\/02\\\/cropped-Logo.png\",\"width\":240,\"height\":88,\"caption\":\"Mad About Horror\"},\"image\":{\"@id\":\"https:\\\/\\\/madabouthorror.co.uk\\\/#\\\/schema\\\/logo\\\/image\\\/\"},\"sameAs\":[\"https:\\\/\\\/www.facebook.com\\\/madabouthorror\\\/\",\"https:\\\/\\\/www.instagram.com\\\/madabouthorror\\\/\",\"https:\\\/\\\/www.pinterest.co.uk\\\/madabouthorror\\\/\",\"https:\\\/\\\/www.youtube.com\\\/channel\\\/UCBooLOIxjoQ89dj6T5lWm_w\",\"https:\\\/\\\/www.tiktok.com\\\/@weremadabouthorror\"]}]}<\/script>\n<!-- \/ Yoast SEO plugin. -->","yoast_head_json":{"title":"Die Maske der Herzogin von Devonshire - Mad About Horror","description":"Eine riesige Auswahl an Halloween-Masken, Dekoration und Requisiten. Kaufen Sie bei Gro\u00dfbritanniens f\u00fchrendem Spezialisten f\u00fcr Halloween und Horror. AUF LAGER - Schnelle Lieferung","robots":{"index":"index","follow":"follow","max-snippet":"max-snippet:-1","max-image-preview":"max-image-preview:large","max-video-preview":"max-video-preview:-1"},"canonical":"https:\/\/madabouthorror.co.uk\/de\/product\/the-duchess-of-devonshire\/","og_locale":"de_DE","og_type":"article","og_title":"The Duchess of Devonshire Mask - Mad About Horror","og_description":"A huge range of Halloween masks, decor and props. BUY from the UK's leading Halloween & Horror specialist. IN STOCK - Fast Delivery","og_url":"https:\/\/madabouthorror.co.uk\/de\/product\/the-duchess-of-devonshire\/","og_site_name":"Mad About Horror","article_publisher":"https:\/\/www.facebook.com\/madabouthorror\/","article_modified_time":"2025-09-25T05:12:01+00:00","og_image":[{"width":670,"height":670,"url":"https:\/\/madabouthorror.co.uk\/wp-content\/uploads\/2021\/09\/5_duchess_of_devonshire_lord_grimley_mask.jpg","type":"image\/jpeg"}],"twitter_card":"summary_large_image","twitter_misc":{"Gesch\u00e4tzte Lesezeit":"1\u00a0Minute"},"schema":{"@context":"https:\/\/schema.org","@graph":[{"@type":["WebPage","ItemPage"],"@id":"https:\/\/madabouthorror.co.uk\/product\/the-duchess-of-devonshire\/","url":"https:\/\/madabouthorror.co.uk\/product\/the-duchess-of-devonshire\/","name":"Die Maske der Herzogin von Devonshire - Mad About Horror","isPartOf":{"@id":"https:\/\/madabouthorror.co.uk\/#website"},"primaryImageOfPage":{"@id":"https:\/\/madabouthorror.co.uk\/product\/the-duchess-of-devonshire\/#primaryimage"},"image":{"@id":"https:\/\/madabouthorror.co.uk\/product\/the-duchess-of-devonshire\/#primaryimage"},"thumbnailUrl":"https:\/\/madabouthorror.co.uk\/wp-content\/uploads\/2021\/09\/5_duchess_of_devonshire_lord_grimley_mask.jpg","datePublished":"2021-09-10T10:32:51+00:00","dateModified":"2025-09-25T05:12:01+00:00","description":"Eine riesige Auswahl an Halloween-Masken, Dekoration und Requisiten. Kaufen Sie bei Gro\u00dfbritanniens f\u00fchrendem Spezialisten f\u00fcr Halloween und Horror. AUF LAGER - Schnelle Lieferung","breadcrumb":{"@id":"https:\/\/madabouthorror.co.uk\/product\/the-duchess-of-devonshire\/#breadcrumb"},"inLanguage":"de","potentialAction":[{"@type":"ReadAction","target":["https:\/\/madabouthorror.co.uk\/product\/the-duchess-of-devonshire\/"]}]},{"@type":"ImageObject","inLanguage":"de","@id":"https:\/\/madabouthorror.co.uk\/product\/the-duchess-of-devonshire\/#primaryimage","url":"https:\/\/madabouthorror.co.uk\/wp-content\/uploads\/2021\/09\/5_duchess_of_devonshire_lord_grimley_mask.jpg","contentUrl":"https:\/\/madabouthorror.co.uk\/wp-content\/uploads\/2021\/09\/5_duchess_of_devonshire_lord_grimley_mask.jpg","width":670,"height":670,"caption":"The Duchess of Devonshire"},{"@type":"BreadcrumbList","@id":"https:\/\/madabouthorror.co.uk\/product\/the-duchess-of-devonshire\/#breadcrumb","itemListElement":[{"@type":"ListItem","position":1,"name":"Shop","item":"https:\/\/madabouthorror.co.uk\/shop\/"},{"@type":"ListItem","position":2,"name":"Duchess of Devonshire Mask"}]},{"@type":"WebSite","@id":"https:\/\/madabouthorror.co.uk\/#website","url":"https:\/\/madabouthorror.co.uk\/","name":"Verr\u00fcckt nach Horror","description":"","publisher":{"@id":"https:\/\/madabouthorror.co.uk\/#organization"},"alternateName":"Mad About Horror Limited","potentialAction":[{"@type":"SearchAction","target":{"@type":"EntryPoint","urlTemplate":"https:\/\/madabouthorror.co.uk\/?s={search_term_string}"},"query-input":{"@type":"PropertyValueSpecification","valueRequired":true,"valueName":"search_term_string"}}],"inLanguage":"de"},{"@type":"Organization","@id":"https:\/\/madabouthorror.co.uk\/#organization","name":"Verr\u00fcckt nach Horror","url":"https:\/\/madabouthorror.co.uk\/","logo":{"@type":"ImageObject","inLanguage":"de","@id":"https:\/\/madabouthorror.co.uk\/#\/schema\/logo\/image\/","url":"https:\/\/madabouthorror.co.uk\/wp-content\/uploads\/2024\/02\/cropped-Logo.png","contentUrl":"https:\/\/madabouthorror.co.uk\/wp-content\/uploads\/2024\/02\/cropped-Logo.png","width":240,"height":88,"caption":"Mad About Horror"},"image":{"@id":"https:\/\/madabouthorror.co.uk\/#\/schema\/logo\/image\/"},"sameAs":["https:\/\/www.facebook.com\/madabouthorror\/","https:\/\/www.instagram.com\/madabouthorror\/","https:\/\/www.pinterest.co.uk\/madabouthorror\/","https:\/\/www.youtube.com\/channel\/UCBooLOIxjoQ89dj6T5lWm_w","https:\/\/www.tiktok.com\/@weremadabouthorror"]}]}},"df_price":62.45,"df_sale_price":"","df_regular_price":62.45,"df_image_link":"https:\/\/madabouthorror.co.uk\/wp-content\/uploads\/2021\/09\/5_duchess_of_devonshire_lord_grimley_mask-300x300.jpg","_links":{"self":[{"href":"https:\/\/madabouthorror.co.uk\/de\/wp-json\/wp\/v2\/product\/50034","targetHints":{"allow":["GET"]}}],"collection":[{"href":"https:\/\/madabouthorror.co.uk\/de\/wp-json\/wp\/v2\/product"}],"about":[{"href":"https:\/\/madabouthorror.co.uk\/de\/wp-json\/wp\/v2\/types\/product"}],"replies":[{"embeddable":true,"href":"https:\/\/madabouthorror.co.uk\/de\/wp-json\/wp\/v2\/comments?post=50034"}],"wp:featuredmedia":[{"embeddable":true,"href":"https:\/\/madabouthorror.co.uk\/de\/wp-json\/wp\/v2\/media\/50029"}],"wp:attachment":[{"href":"https:\/\/madabouthorror.co.uk\/de\/wp-json\/wp\/v2\/media?parent=50034"}],"wp:term":[{"taxonomy":"product_brand","embeddable":true,"href":"https:\/\/madabouthorror.co.uk\/de\/wp-json\/wp\/v2\/product_brand?post=50034"},{"taxonomy":"product_cat","embeddable":true,"href":"https:\/\/madabouthorror.co.uk\/de\/wp-json\/wp\/v2\/product_cat?post=50034"},{"taxonomy":"product_tag","embeddable":true,"href":"https:\/\/madabouthorror.co.uk\/de\/wp-json\/wp\/v2\/product_tag?post=50034"}],"curies":[{"name":"wp","href":"https:\/\/api.w.org\/{rel}","templated":true}]}}