{"id":50040,"date":"2021-09-10T11:47:27","date_gmt":"2021-09-10T10:47:27","guid":{"rendered":"https:\/\/mah.6bdv.ws\/product\/the-duke-of-devonshire-halloween-ghost-mask\/"},"modified":"2025-06-13T21:22:40","modified_gmt":"2025-06-13T20:22:40","slug":"the-duke-of-devonshire-halloween-ghost-mask","status":"publish","type":"product","link":"https:\/\/madabouthorror.co.uk\/de\/product\/the-duke-of-devonshire-halloween-ghost-mask\/","title":{"rendered":"Der Herzog von Devonshire"},"content":{"rendered":"<h4>Der Herzog von Devonshire<\/h4>\n<p class=\"\">Gebildet von Anders Lerche.<\/p>\n<p class=\"\">Der Herzog und die Herzogin sind das ruhige Paar, das auf dem Gut residiert und eine unheimliche Ruhe in die Mauern des Anwesens bringt. Jeder in seiner eigenen Welt des Wartens und der Sehnsucht ... Der Herzog bevorzugt seine abendlichen Spazierg\u00e4nge zwischen den Toten und k\u00fcrzlich Untoten und plaudert mit den alten Bauern auf den nahe gelegenen Feldern. Ihre verrottenden Leichen st\u00fctzen sich auf einen Ellbogen, sprechen \u00fcber das Wetter und grunzen ihre Zustimmung oder Missbilligung des lokalen Klatsches. Sie sind ein Schrecken f\u00fcr alle, die sich nicht an die t\u00e4gliche Routine halten, und warten auf das n\u00e4chste Opfer, denn Zeit ist alles, was sie haben.<\/p>\n<p class=\"\">Der Herzog sitzt auf der Veranda des Anwesens ... langsam schaukelnd in seinem Stuhl, die Dellen im Holz glatt gerieben von den Jahren knarrender B\u00f6den und heimgesuchter Tr\u00e4ume.<\/p>","protected":false},"excerpt":{"rendered":"<p>Der Herzog von Devonshire Skulptur von Anders Lerche. Der Herzog und die Herzogin sind das ruhige Paar, das auf dem Landsitz residiert und eine unheimliche Ruhe in die Mauern des Landsitzes bringt. Jeder in seiner eigenen Welt des Wartens und der Sehnsucht ... Der Herzog bevorzugt seine abendlichen Spazierg\u00e4nge zwischen den Toten und k\u00fcrzlich Untoten und plaudert mit den alten [...]<\/p>","protected":false},"featured_media":50035,"comment_status":"closed","ping_status":"closed","template":"","meta":{"_acf_changed":false},"product_brand":[],"product_cat":[6541,6545,10030],"product_tag":[],"class_list":{"0":"post-50040","1":"product","2":"type-product","3":"status-publish","4":"has-post-thumbnail","6":"product_cat-masks","7":"product_cat-creepy-ghost-masks","8":"product_cat-lord-grimley","9":"pa_brand-lordgrimleysmanor","10":"pa_character-other","11":"pa_google_tax-e4-clothingaccessoriescostume","13":"first","14":"outofstock","15":"taxable","16":"shipping-taxable","17":"purchasable","18":"product-type-simple"},"supplier_id":467450,"supplier_sku":"LGM20211","barcode":"","atum_controlled":true,"out_stock_date":"2025-06-13 21:22:41","out_stock_threshold":null,"inheritable":false,"inbound_stock":0,"stock_on_hold":0,"sold_today":0,"sales_last_days":0,"reserved_stock":0,"customer_returns":0,"warehouse_damage":0,"lost_in_post":0,"other_logs":0,"out_stock_days":306,"lost_sales":2620,"has_location":false,"update_date":"2026-04-16T00:30:39","atum_locations":[],"atum_stock_status":"outofstock","restock_status":false,"low_stock_amount":"","sales_update_date":"2026-04-16T00:30:38","calc_backorders":null,"acf":[],"yoast_head":"<!-- This site is optimized with the Yoast SEO plugin v27.4 - https:\/\/yoast.com\/product\/yoast-seo-wordpress\/ -->\n<title>The Duke of Devonshire Mask - Mad About Horror<\/title>\n<meta name=\"description\" content=\"Ghosts, Killers, Evil Clowns and everything that&#039;s scary! A huge range of Halloween masks, decor and props. BUY from the UK&#039;s leading Halloween &amp; Horror specialist. UK Stock - Fast Delivery\" \/>\n<meta name=\"robots\" content=\"index, follow, max-snippet:-1, max-image-preview:large, max-video-preview:-1\" \/>\n<link rel=\"canonical\" href=\"https:\/\/madabouthorror.co.uk\/de\/product\/the-duke-of-devonshire-halloween-ghost-mask\/\" \/>\n<meta property=\"og:locale\" content=\"de_DE\" \/>\n<meta property=\"og:type\" content=\"article\" \/>\n<meta property=\"og:title\" content=\"The Duke of Devonshire Mask - Mad About Horror\" \/>\n<meta property=\"og:description\" content=\"Ghosts, Killers, Evil Clowns and everything that&#039;s scary! A huge range of Halloween masks, decor and props. BUY from the UK&#039;s leading Halloween &amp; Horror specialist. UK Stock - Fast Delivery\" \/>\n<meta property=\"og:url\" content=\"https:\/\/madabouthorror.co.uk\/de\/product\/the-duke-of-devonshire-halloween-ghost-mask\/\" \/>\n<meta property=\"og:site_name\" content=\"Mad About Horror\" \/>\n<meta property=\"article:publisher\" content=\"https:\/\/www.facebook.com\/madabouthorror\/\" \/>\n<meta property=\"article:modified_time\" content=\"2025-06-13T20:22:40+00:00\" \/>\n<meta property=\"og:image\" content=\"https:\/\/madabouthorror.co.uk\/wp-content\/uploads\/2021\/09\/the_duke_of_devonshire_ghost_latex_halloween_mask.jpg\" \/>\n\t<meta property=\"og:image:width\" content=\"650\" \/>\n\t<meta property=\"og:image:height\" content=\"650\" \/>\n\t<meta property=\"og:image:type\" content=\"image\/jpeg\" \/>\n<meta name=\"twitter:card\" content=\"summary_large_image\" \/>\n<meta name=\"twitter:label1\" content=\"Gesch\u00e4tzte Lesezeit\" \/>\n\t<meta name=\"twitter:data1\" content=\"1\u00a0Minute\" \/>\n<script type=\"application\/ld+json\" class=\"yoast-schema-graph\">{\"@context\":\"https:\\\/\\\/schema.org\",\"@graph\":[{\"@type\":[\"WebPage\",\"ItemPage\"],\"@id\":\"https:\\\/\\\/madabouthorror.co.uk\\\/product\\\/the-duke-of-devonshire-halloween-ghost-mask\\\/\",\"url\":\"https:\\\/\\\/madabouthorror.co.uk\\\/product\\\/the-duke-of-devonshire-halloween-ghost-mask\\\/\",\"name\":\"The Duke of Devonshire Mask - Mad About Horror\",\"isPartOf\":{\"@id\":\"https:\\\/\\\/madabouthorror.co.uk\\\/#website\"},\"primaryImageOfPage\":{\"@id\":\"https:\\\/\\\/madabouthorror.co.uk\\\/product\\\/the-duke-of-devonshire-halloween-ghost-mask\\\/#primaryimage\"},\"image\":{\"@id\":\"https:\\\/\\\/madabouthorror.co.uk\\\/product\\\/the-duke-of-devonshire-halloween-ghost-mask\\\/#primaryimage\"},\"thumbnailUrl\":\"https:\\\/\\\/madabouthorror.co.uk\\\/wp-content\\\/uploads\\\/2021\\\/09\\\/the_duke_of_devonshire_ghost_latex_halloween_mask.jpg\",\"datePublished\":\"2021-09-10T10:47:27+00:00\",\"dateModified\":\"2025-06-13T20:22:40+00:00\",\"description\":\"Ghosts, Killers, Evil Clowns and everything that's scary! A huge range of Halloween masks, decor and props. BUY from the UK's leading Halloween & Horror specialist. UK Stock - Fast Delivery\",\"breadcrumb\":{\"@id\":\"https:\\\/\\\/madabouthorror.co.uk\\\/product\\\/the-duke-of-devonshire-halloween-ghost-mask\\\/#breadcrumb\"},\"inLanguage\":\"de\",\"potentialAction\":[{\"@type\":\"ReadAction\",\"target\":[\"https:\\\/\\\/madabouthorror.co.uk\\\/product\\\/the-duke-of-devonshire-halloween-ghost-mask\\\/\"]}]},{\"@type\":\"ImageObject\",\"inLanguage\":\"de\",\"@id\":\"https:\\\/\\\/madabouthorror.co.uk\\\/product\\\/the-duke-of-devonshire-halloween-ghost-mask\\\/#primaryimage\",\"url\":\"https:\\\/\\\/madabouthorror.co.uk\\\/wp-content\\\/uploads\\\/2021\\\/09\\\/the_duke_of_devonshire_ghost_latex_halloween_mask.jpg\",\"contentUrl\":\"https:\\\/\\\/madabouthorror.co.uk\\\/wp-content\\\/uploads\\\/2021\\\/09\\\/the_duke_of_devonshire_ghost_latex_halloween_mask.jpg\",\"width\":650,\"height\":650,\"caption\":\"The Duke\u00a0of Devonshire\"},{\"@type\":\"BreadcrumbList\",\"@id\":\"https:\\\/\\\/madabouthorror.co.uk\\\/product\\\/the-duke-of-devonshire-halloween-ghost-mask\\\/#breadcrumb\",\"itemListElement\":[{\"@type\":\"ListItem\",\"position\":1,\"name\":\"Shop\",\"item\":\"https:\\\/\\\/madabouthorror.co.uk\\\/shop\\\/\"},{\"@type\":\"ListItem\",\"position\":2,\"name\":\"The Duke of Devonshire\"}]},{\"@type\":\"WebSite\",\"@id\":\"https:\\\/\\\/madabouthorror.co.uk\\\/#website\",\"url\":\"https:\\\/\\\/madabouthorror.co.uk\\\/\",\"name\":\"Mad About Horror\",\"description\":\"\",\"publisher\":{\"@id\":\"https:\\\/\\\/madabouthorror.co.uk\\\/#organization\"},\"alternateName\":\"Mad About Horror Limited\",\"potentialAction\":[{\"@type\":\"SearchAction\",\"target\":{\"@type\":\"EntryPoint\",\"urlTemplate\":\"https:\\\/\\\/madabouthorror.co.uk\\\/?s={search_term_string}\"},\"query-input\":{\"@type\":\"PropertyValueSpecification\",\"valueRequired\":true,\"valueName\":\"search_term_string\"}}],\"inLanguage\":\"de\"},{\"@type\":\"Organization\",\"@id\":\"https:\\\/\\\/madabouthorror.co.uk\\\/#organization\",\"name\":\"Mad About Horror\",\"url\":\"https:\\\/\\\/madabouthorror.co.uk\\\/\",\"logo\":{\"@type\":\"ImageObject\",\"inLanguage\":\"de\",\"@id\":\"https:\\\/\\\/madabouthorror.co.uk\\\/#\\\/schema\\\/logo\\\/image\\\/\",\"url\":\"https:\\\/\\\/madabouthorror.co.uk\\\/wp-content\\\/uploads\\\/2024\\\/02\\\/cropped-Logo.png\",\"contentUrl\":\"https:\\\/\\\/madabouthorror.co.uk\\\/wp-content\\\/uploads\\\/2024\\\/02\\\/cropped-Logo.png\",\"width\":240,\"height\":88,\"caption\":\"Mad About Horror\"},\"image\":{\"@id\":\"https:\\\/\\\/madabouthorror.co.uk\\\/#\\\/schema\\\/logo\\\/image\\\/\"},\"sameAs\":[\"https:\\\/\\\/www.facebook.com\\\/madabouthorror\\\/\",\"https:\\\/\\\/www.instagram.com\\\/madabouthorror\\\/\",\"https:\\\/\\\/www.pinterest.co.uk\\\/madabouthorror\\\/\",\"https:\\\/\\\/www.youtube.com\\\/channel\\\/UCBooLOIxjoQ89dj6T5lWm_w\",\"https:\\\/\\\/www.tiktok.com\\\/@weremadabouthorror\"]}]}<\/script>\n<!-- \/ Yoast SEO plugin. -->","yoast_head_json":{"title":"Die Maske des Herzogs von Devonshire - Mad About Horror","description":"Geister, M\u00f6rder, b\u00f6se Clowns und alles, was gruselig ist! Eine riesige Auswahl an Halloween-Masken, Dekoration und Requisiten. KAUFEN Sie bei Gro\u00dfbritanniens f\u00fchrendem Spezialisten f\u00fcr Halloween und Horror. UK Stock - Schnelle Lieferung","robots":{"index":"index","follow":"follow","max-snippet":"max-snippet:-1","max-image-preview":"max-image-preview:large","max-video-preview":"max-video-preview:-1"},"canonical":"https:\/\/madabouthorror.co.uk\/de\/product\/the-duke-of-devonshire-halloween-ghost-mask\/","og_locale":"de_DE","og_type":"article","og_title":"The Duke of Devonshire Mask - Mad About Horror","og_description":"Ghosts, Killers, Evil Clowns and everything that's scary! A huge range of Halloween masks, decor and props. BUY from the UK's leading Halloween & Horror specialist. UK Stock - Fast Delivery","og_url":"https:\/\/madabouthorror.co.uk\/de\/product\/the-duke-of-devonshire-halloween-ghost-mask\/","og_site_name":"Mad About Horror","article_publisher":"https:\/\/www.facebook.com\/madabouthorror\/","article_modified_time":"2025-06-13T20:22:40+00:00","og_image":[{"width":650,"height":650,"url":"https:\/\/madabouthorror.co.uk\/wp-content\/uploads\/2021\/09\/the_duke_of_devonshire_ghost_latex_halloween_mask.jpg","type":"image\/jpeg"}],"twitter_card":"summary_large_image","twitter_misc":{"Gesch\u00e4tzte Lesezeit":"1\u00a0Minute"},"schema":{"@context":"https:\/\/schema.org","@graph":[{"@type":["WebPage","ItemPage"],"@id":"https:\/\/madabouthorror.co.uk\/product\/the-duke-of-devonshire-halloween-ghost-mask\/","url":"https:\/\/madabouthorror.co.uk\/product\/the-duke-of-devonshire-halloween-ghost-mask\/","name":"Die Maske des Herzogs von Devonshire - Mad About Horror","isPartOf":{"@id":"https:\/\/madabouthorror.co.uk\/#website"},"primaryImageOfPage":{"@id":"https:\/\/madabouthorror.co.uk\/product\/the-duke-of-devonshire-halloween-ghost-mask\/#primaryimage"},"image":{"@id":"https:\/\/madabouthorror.co.uk\/product\/the-duke-of-devonshire-halloween-ghost-mask\/#primaryimage"},"thumbnailUrl":"https:\/\/madabouthorror.co.uk\/wp-content\/uploads\/2021\/09\/the_duke_of_devonshire_ghost_latex_halloween_mask.jpg","datePublished":"2021-09-10T10:47:27+00:00","dateModified":"2025-06-13T20:22:40+00:00","description":"Geister, M\u00f6rder, b\u00f6se Clowns und alles, was gruselig ist! Eine riesige Auswahl an Halloween-Masken, Dekoration und Requisiten. KAUFEN Sie bei Gro\u00dfbritanniens f\u00fchrendem Spezialisten f\u00fcr Halloween und Horror. UK Stock - Schnelle Lieferung","breadcrumb":{"@id":"https:\/\/madabouthorror.co.uk\/product\/the-duke-of-devonshire-halloween-ghost-mask\/#breadcrumb"},"inLanguage":"de","potentialAction":[{"@type":"ReadAction","target":["https:\/\/madabouthorror.co.uk\/product\/the-duke-of-devonshire-halloween-ghost-mask\/"]}]},{"@type":"ImageObject","inLanguage":"de","@id":"https:\/\/madabouthorror.co.uk\/product\/the-duke-of-devonshire-halloween-ghost-mask\/#primaryimage","url":"https:\/\/madabouthorror.co.uk\/wp-content\/uploads\/2021\/09\/the_duke_of_devonshire_ghost_latex_halloween_mask.jpg","contentUrl":"https:\/\/madabouthorror.co.uk\/wp-content\/uploads\/2021\/09\/the_duke_of_devonshire_ghost_latex_halloween_mask.jpg","width":650,"height":650,"caption":"The Duke\u00a0of Devonshire"},{"@type":"BreadcrumbList","@id":"https:\/\/madabouthorror.co.uk\/product\/the-duke-of-devonshire-halloween-ghost-mask\/#breadcrumb","itemListElement":[{"@type":"ListItem","position":1,"name":"Shop","item":"https:\/\/madabouthorror.co.uk\/shop\/"},{"@type":"ListItem","position":2,"name":"The Duke of Devonshire"}]},{"@type":"WebSite","@id":"https:\/\/madabouthorror.co.uk\/#website","url":"https:\/\/madabouthorror.co.uk\/","name":"Verr\u00fcckt nach Horror","description":"","publisher":{"@id":"https:\/\/madabouthorror.co.uk\/#organization"},"alternateName":"Mad About Horror Limited","potentialAction":[{"@type":"SearchAction","target":{"@type":"EntryPoint","urlTemplate":"https:\/\/madabouthorror.co.uk\/?s={search_term_string}"},"query-input":{"@type":"PropertyValueSpecification","valueRequired":true,"valueName":"search_term_string"}}],"inLanguage":"de"},{"@type":"Organization","@id":"https:\/\/madabouthorror.co.uk\/#organization","name":"Verr\u00fcckt nach Horror","url":"https:\/\/madabouthorror.co.uk\/","logo":{"@type":"ImageObject","inLanguage":"de","@id":"https:\/\/madabouthorror.co.uk\/#\/schema\/logo\/image\/","url":"https:\/\/madabouthorror.co.uk\/wp-content\/uploads\/2024\/02\/cropped-Logo.png","contentUrl":"https:\/\/madabouthorror.co.uk\/wp-content\/uploads\/2024\/02\/cropped-Logo.png","width":240,"height":88,"caption":"Mad About Horror"},"image":{"@id":"https:\/\/madabouthorror.co.uk\/#\/schema\/logo\/image\/"},"sameAs":["https:\/\/www.facebook.com\/madabouthorror\/","https:\/\/www.instagram.com\/madabouthorror\/","https:\/\/www.pinterest.co.uk\/madabouthorror\/","https:\/\/www.youtube.com\/channel\/UCBooLOIxjoQ89dj6T5lWm_w","https:\/\/www.tiktok.com\/@weremadabouthorror"]}]}},"df_price":62.45,"df_sale_price":"","df_regular_price":62.45,"df_image_link":"https:\/\/madabouthorror.co.uk\/wp-content\/uploads\/2021\/09\/the_duke_of_devonshire_ghost_latex_halloween_mask-300x300.jpg","_links":{"self":[{"href":"https:\/\/madabouthorror.co.uk\/de\/wp-json\/wp\/v2\/product\/50040","targetHints":{"allow":["GET"]}}],"collection":[{"href":"https:\/\/madabouthorror.co.uk\/de\/wp-json\/wp\/v2\/product"}],"about":[{"href":"https:\/\/madabouthorror.co.uk\/de\/wp-json\/wp\/v2\/types\/product"}],"replies":[{"embeddable":true,"href":"https:\/\/madabouthorror.co.uk\/de\/wp-json\/wp\/v2\/comments?post=50040"}],"wp:featuredmedia":[{"embeddable":true,"href":"https:\/\/madabouthorror.co.uk\/de\/wp-json\/wp\/v2\/media\/50035"}],"wp:attachment":[{"href":"https:\/\/madabouthorror.co.uk\/de\/wp-json\/wp\/v2\/media?parent=50040"}],"wp:term":[{"taxonomy":"product_brand","embeddable":true,"href":"https:\/\/madabouthorror.co.uk\/de\/wp-json\/wp\/v2\/product_brand?post=50040"},{"taxonomy":"product_cat","embeddable":true,"href":"https:\/\/madabouthorror.co.uk\/de\/wp-json\/wp\/v2\/product_cat?post=50040"},{"taxonomy":"product_tag","embeddable":true,"href":"https:\/\/madabouthorror.co.uk\/de\/wp-json\/wp\/v2\/product_tag?post=50040"}],"curies":[{"name":"wp","href":"https:\/\/api.w.org\/{rel}","templated":true}]}}