{"id":501281,"date":"2024-09-19T10:57:56","date_gmt":"2024-09-19T09:57:56","guid":{"rendered":"https:\/\/madabouthorror.co.uk\/?post_type=product&#038;p=501281"},"modified":"2026-04-03T19:04:46","modified_gmt":"2026-04-03T18:04:46","slug":"mezco-the-return-of-the-living-dead-dolls-sin","status":"publish","type":"product","link":"https:\/\/madabouthorror.co.uk\/de\/product\/mezco-the-return-of-the-living-dead-dolls-sin\/","title":{"rendered":"MEZCO Die R\u00fcckkehr der lebenden Toten Puppen - Sin"},"content":{"rendered":"<p>H\u00fcte dich vor dem feurigen Abgrund - die S\u00fcnde entsteigt erneut ihrem verfluchten Sarg und reiht sich ein in die Riege der \"R\u00fcckkehr der lebenden toten Puppen\"!<\/p>\n<p>Dieser schelmische Teufel kommt mit zwei austauschbaren \"Death Mask\"-Gesichtsmasken und zwei Sets unheimlicher, glasartiger Augen, die zwischen einem finsteren Grinsen und der furchterregenden Form des Seelenverschlingers wechseln k\u00f6nnen, jeweils gepaart mit einzigartigen H\u00f6rnern. Sin tr\u00e4gt ein rotes Samtkleid mit der aufgestickten \"666\" am Kragen, ger\u00fcschte Socken und klassische Mary-Jane-Schuhe mit T-Riemen. Ihr d\u00e4monisches Ensemble wird durch einen satanischen Umhang und die Flammenkrone der Grausamkeit vervollst\u00e4ndigt.<\/p>\n<p>Mit 18 Gelenkpunkten, 6 austauschbaren H\u00e4nden und diversem Zubeh\u00f6r bietet Sin eine F\u00fclle von verruchten Darstellungsm\u00f6glichkeiten. Sie schwingt ihre ikonische Mistgabel - scharf genug, um deine Seele zu durchbohren - und steht auf einem flammenden Pentagramm-Sockel, bereit, Marshmallows zu r\u00f6sten, w\u00e4hrend die Welt in Flammen aufgeht.<\/p>\n<p>Die S\u00fcnde wird in einer sargf\u00f6rmigen Schachtel verpackt.<\/p>\n<h3>DIE LEBENDEN TOTEN PUPPEN - S\u00dcNDENMERKMALE:<\/h3>\n<p><strong>DOLL:<\/strong><\/p>\n<ul>\n<li>Ungef\u00e4hr 10\" gro\u00df<\/li>\n<li>Achtzehn (18) Artikulationspunkte<\/li>\n<li>Zwei (2) austauschbare, ausdrucksstarke \"Todesmasken\"<\/li>\n<li>Zwei (2) S\u00e4tze von glasartigen Augen<\/li>\n<li>Sechs (6) austauschbare H\u00e4nde<\/li>\n<\/ul>\n<p><strong>AUSSTATTUNG:<\/strong><\/p>\n<ul>\n<li>Ein (1) Satanischer Umhang<\/li>\n<li>Ein (1) rotes Samtkleid mit Kragen<\/li>\n<li>Ein (1) Paar wei\u00dfe R\u00fcschensocken<\/li>\n<li>Ein (1) Paar schwarze Mary-Jane-Schuhe mit T-Riemen<\/li>\n<\/ul>\n<p><strong>ZUBEH\u00d6R:<\/strong><\/p>\n<ul>\n<li>Eins (1) Die Flammenkrone der Grausamkeit<\/li>\n<li>Eine (1) Mistgabel<\/li>\n<li>Ein (1) Flammensockel<\/li>\n<\/ul>\n<p>Sehen Sie sich unser gesamtes Angebot an <a href=\"https:\/\/madabouthorror.co.uk\/de\/c\/collectibles\/figures\/mezco-living-dead-dolls\/\">Lebendige tote Puppen<\/a>.<\/p>","protected":false},"excerpt":{"rendered":"<p>H\u00fcte dich vor dem feurigen Abgrund - die S\u00fcnde entsteigt erneut ihrem verfluchten Sarg und reiht sich ein in die Reihe der The Return of Living Dead Dolls! Dieser schelmische Teufel kommt mit zwei austauschbaren \"Death Mask\"-Gesichtsmasken und zwei Sets unheimlicher, glasartiger Augen, die zwischen einem finsteren Grinsen und der furchterregenden Form des Seelenverschlingers wechseln k\u00f6nnen, jeweils gepaart mit einzigartigen H\u00f6rnern. [...]<\/p>","protected":false},"featured_media":501284,"comment_status":"closed","ping_status":"closed","template":"","meta":{"_acf_changed":false},"product_brand":[],"product_cat":[6538,10129,6537,6619,10038,6794],"product_tag":[],"class_list":{"0":"post-501281","1":"product","2":"type-product","3":"status-publish","4":"has-post-thumbnail","6":"product_cat-figures","7":"product_cat-main-gift","8":"product_cat-collectibles","9":"product_cat-mezco-living-dead-dolls","10":"product_cat-horror-gifts","11":"product_cat-mezco","13":"first","14":"instock","15":"taxable","16":"shipping-taxable","17":"purchasable","18":"product-type-simple"},"supplier_id":467442,"supplier_sku":"99677","barcode":"8435450000000","atum_controlled":true,"out_stock_date":null,"out_stock_threshold":null,"inheritable":false,"inbound_stock":0,"stock_on_hold":0,"sold_today":0,"sales_last_days":0,"reserved_stock":0,"customer_returns":0,"warehouse_damage":0,"lost_in_post":0,"other_logs":0,"out_stock_days":0,"lost_sales":0,"has_location":false,"update_date":"2026-04-07T01:43:45","atum_locations":[],"atum_stock_status":"instock","restock_status":false,"low_stock_amount":1,"sales_update_date":"2026-04-07T01:43:44","calc_backorders":null,"acf":[],"yoast_head":"<!-- This site is optimized with the Yoast SEO plugin v27.3 - https:\/\/yoast.com\/product\/yoast-seo-wordpress\/ -->\n<title>MEZCO The Return Of The Living Dead Dolls - Sin | Mad About Horror<\/title>\n<meta name=\"description\" content=\"Official UK stockist of Mezco. Living Dead Dolls Sin LDD. Shop Horror collectibles and Halloween props. UK Stock, fast delivery.\" \/>\n<meta name=\"robots\" content=\"index, follow, max-snippet:-1, max-image-preview:large, max-video-preview:-1\" \/>\n<link rel=\"canonical\" href=\"https:\/\/madabouthorror.co.uk\/de\/product\/mezco-the-return-of-the-living-dead-dolls-sin\/\" \/>\n<meta property=\"og:locale\" content=\"de_DE\" \/>\n<meta property=\"og:type\" content=\"article\" \/>\n<meta property=\"og:title\" content=\"MEZCO The Return Of The Living Dead Dolls - Sin | Mad About Horror\" \/>\n<meta property=\"og:description\" content=\"Official UK stockist of Mezco. Living Dead Dolls Sin LDD. Shop Horror collectibles and Halloween props. UK Stock, fast delivery.\" \/>\n<meta property=\"og:url\" content=\"https:\/\/madabouthorror.co.uk\/de\/product\/mezco-the-return-of-the-living-dead-dolls-sin\/\" \/>\n<meta property=\"og:site_name\" content=\"Mad About Horror\" \/>\n<meta property=\"article:publisher\" content=\"https:\/\/www.facebook.com\/madabouthorror\/\" \/>\n<meta property=\"article:modified_time\" content=\"2026-04-03T18:04:46+00:00\" \/>\n<meta property=\"og:image\" content=\"https:\/\/madabouthorror.co.uk\/wp-content\/uploads\/2024\/09\/x800-16255_1024x1024@2x.webp\" \/>\n\t<meta property=\"og:image:width\" content=\"800\" \/>\n\t<meta property=\"og:image:height\" content=\"800\" \/>\n\t<meta property=\"og:image:type\" content=\"image\/webp\" \/>\n<meta name=\"twitter:card\" content=\"summary_large_image\" \/>\n<meta name=\"twitter:label1\" content=\"Gesch\u00e4tzte Lesezeit\" \/>\n\t<meta name=\"twitter:data1\" content=\"2\u00a0Minuten\" \/>\n<script type=\"application\/ld+json\" class=\"yoast-schema-graph\">{\"@context\":\"https:\\\/\\\/schema.org\",\"@graph\":[{\"@type\":[\"WebPage\",\"ItemPage\"],\"@id\":\"https:\\\/\\\/madabouthorror.co.uk\\\/product\\\/mezco-the-return-of-the-living-dead-dolls-sin\\\/\",\"url\":\"https:\\\/\\\/madabouthorror.co.uk\\\/product\\\/mezco-the-return-of-the-living-dead-dolls-sin\\\/\",\"name\":\"MEZCO The Return Of The Living Dead Dolls - Sin | Mad About Horror\",\"isPartOf\":{\"@id\":\"https:\\\/\\\/madabouthorror.co.uk\\\/#website\"},\"primaryImageOfPage\":{\"@id\":\"https:\\\/\\\/madabouthorror.co.uk\\\/product\\\/mezco-the-return-of-the-living-dead-dolls-sin\\\/#primaryimage\"},\"image\":{\"@id\":\"https:\\\/\\\/madabouthorror.co.uk\\\/product\\\/mezco-the-return-of-the-living-dead-dolls-sin\\\/#primaryimage\"},\"thumbnailUrl\":\"https:\\\/\\\/madabouthorror.co.uk\\\/wp-content\\\/uploads\\\/2024\\\/09\\\/x800-16255_1024x1024@2x.webp\",\"datePublished\":\"2024-09-19T09:57:56+00:00\",\"dateModified\":\"2026-04-03T18:04:46+00:00\",\"description\":\"Official UK stockist of Mezco. Living Dead Dolls Sin LDD. Shop Horror collectibles and Halloween props. UK Stock, fast delivery.\",\"breadcrumb\":{\"@id\":\"https:\\\/\\\/madabouthorror.co.uk\\\/product\\\/mezco-the-return-of-the-living-dead-dolls-sin\\\/#breadcrumb\"},\"inLanguage\":\"de\",\"potentialAction\":[{\"@type\":\"ReadAction\",\"target\":[\"https:\\\/\\\/madabouthorror.co.uk\\\/product\\\/mezco-the-return-of-the-living-dead-dolls-sin\\\/\"]}]},{\"@type\":\"ImageObject\",\"inLanguage\":\"de\",\"@id\":\"https:\\\/\\\/madabouthorror.co.uk\\\/product\\\/mezco-the-return-of-the-living-dead-dolls-sin\\\/#primaryimage\",\"url\":\"https:\\\/\\\/madabouthorror.co.uk\\\/wp-content\\\/uploads\\\/2024\\\/09\\\/x800-16255_1024x1024@2x.webp\",\"contentUrl\":\"https:\\\/\\\/madabouthorror.co.uk\\\/wp-content\\\/uploads\\\/2024\\\/09\\\/x800-16255_1024x1024@2x.webp\",\"width\":800,\"height\":800,\"caption\":\"Living Dead Dolls Sin\"},{\"@type\":\"BreadcrumbList\",\"@id\":\"https:\\\/\\\/madabouthorror.co.uk\\\/product\\\/mezco-the-return-of-the-living-dead-dolls-sin\\\/#breadcrumb\",\"itemListElement\":[{\"@type\":\"ListItem\",\"position\":1,\"name\":\"Shop\",\"item\":\"https:\\\/\\\/madabouthorror.co.uk\\\/shop\\\/\"},{\"@type\":\"ListItem\",\"position\":2,\"name\":\"MEZCO The Return Of The Living Dead Dolls &#8211; Sin\"}]},{\"@type\":\"WebSite\",\"@id\":\"https:\\\/\\\/madabouthorror.co.uk\\\/#website\",\"url\":\"https:\\\/\\\/madabouthorror.co.uk\\\/\",\"name\":\"Mad About Horror\",\"description\":\"\",\"publisher\":{\"@id\":\"https:\\\/\\\/madabouthorror.co.uk\\\/#organization\"},\"alternateName\":\"Mad About Horror Limited\",\"potentialAction\":[{\"@type\":\"SearchAction\",\"target\":{\"@type\":\"EntryPoint\",\"urlTemplate\":\"https:\\\/\\\/madabouthorror.co.uk\\\/?s={search_term_string}\"},\"query-input\":{\"@type\":\"PropertyValueSpecification\",\"valueRequired\":true,\"valueName\":\"search_term_string\"}}],\"inLanguage\":\"de\"},{\"@type\":\"Organization\",\"@id\":\"https:\\\/\\\/madabouthorror.co.uk\\\/#organization\",\"name\":\"Mad About Horror\",\"url\":\"https:\\\/\\\/madabouthorror.co.uk\\\/\",\"logo\":{\"@type\":\"ImageObject\",\"inLanguage\":\"de\",\"@id\":\"https:\\\/\\\/madabouthorror.co.uk\\\/#\\\/schema\\\/logo\\\/image\\\/\",\"url\":\"https:\\\/\\\/madabouthorror.co.uk\\\/wp-content\\\/uploads\\\/2024\\\/02\\\/cropped-Logo.png\",\"contentUrl\":\"https:\\\/\\\/madabouthorror.co.uk\\\/wp-content\\\/uploads\\\/2024\\\/02\\\/cropped-Logo.png\",\"width\":240,\"height\":88,\"caption\":\"Mad About Horror\"},\"image\":{\"@id\":\"https:\\\/\\\/madabouthorror.co.uk\\\/#\\\/schema\\\/logo\\\/image\\\/\"},\"sameAs\":[\"https:\\\/\\\/www.facebook.com\\\/madabouthorror\\\/\",\"https:\\\/\\\/www.instagram.com\\\/madabouthorror\\\/\",\"https:\\\/\\\/www.pinterest.co.uk\\\/madabouthorror\\\/\",\"https:\\\/\\\/www.youtube.com\\\/channel\\\/UCBooLOIxjoQ89dj6T5lWm_w\",\"https:\\\/\\\/www.tiktok.com\\\/@weremadabouthorror\"]}]}<\/script>\n<!-- \/ Yoast SEO plugin. -->","yoast_head_json":{"title":"MEZCO Die R\u00fcckkehr der lebenden Toten Puppen - Sin | Mad About Horror","description":"Offizieller UK-Lieferant von Mezco. Lebende Tote Puppen Sin LDD. Shop Horror Sammlerst\u00fccke und Halloween Requisiten. UK Stock, schnelle Lieferung.","robots":{"index":"index","follow":"follow","max-snippet":"max-snippet:-1","max-image-preview":"max-image-preview:large","max-video-preview":"max-video-preview:-1"},"canonical":"https:\/\/madabouthorror.co.uk\/de\/product\/mezco-the-return-of-the-living-dead-dolls-sin\/","og_locale":"de_DE","og_type":"article","og_title":"MEZCO The Return Of The Living Dead Dolls - Sin | Mad About Horror","og_description":"Official UK stockist of Mezco. Living Dead Dolls Sin LDD. Shop Horror collectibles and Halloween props. UK Stock, fast delivery.","og_url":"https:\/\/madabouthorror.co.uk\/de\/product\/mezco-the-return-of-the-living-dead-dolls-sin\/","og_site_name":"Mad About Horror","article_publisher":"https:\/\/www.facebook.com\/madabouthorror\/","article_modified_time":"2026-04-03T18:04:46+00:00","og_image":[{"width":800,"height":800,"url":"https:\/\/madabouthorror.co.uk\/wp-content\/uploads\/2024\/09\/x800-16255_1024x1024@2x.webp","type":"image\/webp"}],"twitter_card":"summary_large_image","twitter_misc":{"Gesch\u00e4tzte Lesezeit":"2\u00a0Minuten"},"schema":{"@context":"https:\/\/schema.org","@graph":[{"@type":["WebPage","ItemPage"],"@id":"https:\/\/madabouthorror.co.uk\/product\/mezco-the-return-of-the-living-dead-dolls-sin\/","url":"https:\/\/madabouthorror.co.uk\/product\/mezco-the-return-of-the-living-dead-dolls-sin\/","name":"MEZCO Die R\u00fcckkehr der lebenden Toten Puppen - Sin | Mad About Horror","isPartOf":{"@id":"https:\/\/madabouthorror.co.uk\/#website"},"primaryImageOfPage":{"@id":"https:\/\/madabouthorror.co.uk\/product\/mezco-the-return-of-the-living-dead-dolls-sin\/#primaryimage"},"image":{"@id":"https:\/\/madabouthorror.co.uk\/product\/mezco-the-return-of-the-living-dead-dolls-sin\/#primaryimage"},"thumbnailUrl":"https:\/\/madabouthorror.co.uk\/wp-content\/uploads\/2024\/09\/x800-16255_1024x1024@2x.webp","datePublished":"2024-09-19T09:57:56+00:00","dateModified":"2026-04-03T18:04:46+00:00","description":"Offizieller UK-Lieferant von Mezco. Lebende Tote Puppen Sin LDD. Shop Horror Sammlerst\u00fccke und Halloween Requisiten. UK Stock, schnelle Lieferung.","breadcrumb":{"@id":"https:\/\/madabouthorror.co.uk\/product\/mezco-the-return-of-the-living-dead-dolls-sin\/#breadcrumb"},"inLanguage":"de","potentialAction":[{"@type":"ReadAction","target":["https:\/\/madabouthorror.co.uk\/product\/mezco-the-return-of-the-living-dead-dolls-sin\/"]}]},{"@type":"ImageObject","inLanguage":"de","@id":"https:\/\/madabouthorror.co.uk\/product\/mezco-the-return-of-the-living-dead-dolls-sin\/#primaryimage","url":"https:\/\/madabouthorror.co.uk\/wp-content\/uploads\/2024\/09\/x800-16255_1024x1024@2x.webp","contentUrl":"https:\/\/madabouthorror.co.uk\/wp-content\/uploads\/2024\/09\/x800-16255_1024x1024@2x.webp","width":800,"height":800,"caption":"Living Dead Dolls Sin"},{"@type":"BreadcrumbList","@id":"https:\/\/madabouthorror.co.uk\/product\/mezco-the-return-of-the-living-dead-dolls-sin\/#breadcrumb","itemListElement":[{"@type":"ListItem","position":1,"name":"Shop","item":"https:\/\/madabouthorror.co.uk\/shop\/"},{"@type":"ListItem","position":2,"name":"MEZCO The Return Of The Living Dead Dolls &#8211; Sin"}]},{"@type":"WebSite","@id":"https:\/\/madabouthorror.co.uk\/#website","url":"https:\/\/madabouthorror.co.uk\/","name":"Verr\u00fcckt nach Horror","description":"","publisher":{"@id":"https:\/\/madabouthorror.co.uk\/#organization"},"alternateName":"Mad About Horror Limited","potentialAction":[{"@type":"SearchAction","target":{"@type":"EntryPoint","urlTemplate":"https:\/\/madabouthorror.co.uk\/?s={search_term_string}"},"query-input":{"@type":"PropertyValueSpecification","valueRequired":true,"valueName":"search_term_string"}}],"inLanguage":"de"},{"@type":"Organization","@id":"https:\/\/madabouthorror.co.uk\/#organization","name":"Verr\u00fcckt nach Horror","url":"https:\/\/madabouthorror.co.uk\/","logo":{"@type":"ImageObject","inLanguage":"de","@id":"https:\/\/madabouthorror.co.uk\/#\/schema\/logo\/image\/","url":"https:\/\/madabouthorror.co.uk\/wp-content\/uploads\/2024\/02\/cropped-Logo.png","contentUrl":"https:\/\/madabouthorror.co.uk\/wp-content\/uploads\/2024\/02\/cropped-Logo.png","width":240,"height":88,"caption":"Mad About Horror"},"image":{"@id":"https:\/\/madabouthorror.co.uk\/#\/schema\/logo\/image\/"},"sameAs":["https:\/\/www.facebook.com\/madabouthorror\/","https:\/\/www.instagram.com\/madabouthorror\/","https:\/\/www.pinterest.co.uk\/madabouthorror\/","https:\/\/www.youtube.com\/channel\/UCBooLOIxjoQ89dj6T5lWm_w","https:\/\/www.tiktok.com\/@weremadabouthorror"]}]}},"df_price":145.78,"df_sale_price":"","df_regular_price":145.78,"df_image_link":"https:\/\/madabouthorror.co.uk\/wp-content\/uploads\/2024\/09\/x800-16255_1024x1024@2x-300x300.webp","_links":{"self":[{"href":"https:\/\/madabouthorror.co.uk\/de\/wp-json\/wp\/v2\/product\/501281","targetHints":{"allow":["GET"]}}],"collection":[{"href":"https:\/\/madabouthorror.co.uk\/de\/wp-json\/wp\/v2\/product"}],"about":[{"href":"https:\/\/madabouthorror.co.uk\/de\/wp-json\/wp\/v2\/types\/product"}],"replies":[{"embeddable":true,"href":"https:\/\/madabouthorror.co.uk\/de\/wp-json\/wp\/v2\/comments?post=501281"}],"wp:featuredmedia":[{"embeddable":true,"href":"https:\/\/madabouthorror.co.uk\/de\/wp-json\/wp\/v2\/media\/501284"}],"wp:attachment":[{"href":"https:\/\/madabouthorror.co.uk\/de\/wp-json\/wp\/v2\/media?parent=501281"}],"wp:term":[{"taxonomy":"product_brand","embeddable":true,"href":"https:\/\/madabouthorror.co.uk\/de\/wp-json\/wp\/v2\/product_brand?post=501281"},{"taxonomy":"product_cat","embeddable":true,"href":"https:\/\/madabouthorror.co.uk\/de\/wp-json\/wp\/v2\/product_cat?post=501281"},{"taxonomy":"product_tag","embeddable":true,"href":"https:\/\/madabouthorror.co.uk\/de\/wp-json\/wp\/v2\/product_tag?post=501281"}],"curies":[{"name":"wp","href":"https:\/\/api.w.org\/{rel}","templated":true}]}}