{"id":50645,"date":"2021-11-03T16:49:27","date_gmt":"2021-11-03T16:49:27","guid":{"rendered":"https:\/\/mah.6bdv.ws\/product\/saw-reverse-bear-trap-mask\/"},"modified":"2026-04-20T15:40:09","modified_gmt":"2026-04-20T14:40:09","slug":"saw-reverse-bear-trap-mask","status":"publish","type":"product","link":"https:\/\/madabouthorror.co.uk\/de\/product\/saw-reverse-bear-trap-mask\/","title":{"rendered":"SAW Reverse Bear Trap Maske"},"content":{"rendered":"<p>Trick or Treat Studios und Lionsgate pr\u00e4sentieren stolz die offiziell lizenzierte <em>SAW <\/em>Reverse Bear Trap Halloween-Maske!<\/p>\n<p>Drei Jahre lang wurde diese erstaunliche Maske von Erich Lubatti unter Verwendung unz\u00e4hliger Screenshots modelliert. Jedes Detail der SAW-B\u00e4renfalle ist in dieser unglaublichen Halloween-Maske dargestellt.<\/p>\n<p>Besorgen Sie sich also unsere offiziell lizenzierte Reverse Bear Trap-Maske und nehmen Sie an Jigsaws Spiel in dieser Halloween-Nacht teil!<\/p>\n<p><em>\u00a9 2014 Lions Gate Entertainment. Alle Rechte vorbehalten.<\/em><\/p>\n<p>Gebildet von Erich Lubatti.<\/p>","protected":false},"excerpt":{"rendered":"<p>Trick or Treat Studios und Lionsgate pr\u00e4sentieren stolz die offiziell lizenzierte SAW Umkehrb\u00e4renfallen-Halloweenmaske! Drei Jahre Entwicklungszeit stecken in dieser erstaunlichen Maske, die von Erich Lubatti anhand unz\u00e4hliger Filmaufnahmen modelliert wurde. Jedes Detail der SAW B\u00e4renfalle ist in dieser unglaublichen Halloweenmaske abgebildet. Holen Sie sich also unsere offizielle [\u2026]<\/p>","protected":false},"featured_media":50642,"comment_status":"closed","ping_status":"closed","template":"","meta":{"_acf_changed":false},"product_brand":[],"product_cat":[6580,10100,10136,10135,10038,9962,6541,6792],"product_tag":[],"class_list":{"0":"post-50645","1":"product","2":"type-product","3":"status-publish","4":"has-post-thumbnail","6":"product_cat-movie-tv","7":"product_cat-latex-masks","8":"product_cat-official-replica-dolls-props","9":"product_cat-saw-jigsaw","10":"product_cat-horror-gifts","11":"product_cat-trick-or-treat-studios-masks","12":"product_cat-masks","13":"product_cat-trick-or-treat-studios","15":"first","16":"outofstock","17":"taxable","18":"shipping-taxable","19":"purchasable","20":"product-type-simple"},"supplier_id":467429,"supplier_sku":"ELLG100","barcode":"854146005036","atum_controlled":true,"out_stock_date":"2025-10-21 04:15:38","out_stock_threshold":null,"inheritable":false,"inbound_stock":20,"stock_on_hold":0,"sold_today":0,"sales_last_days":0,"reserved_stock":0,"customer_returns":0,"warehouse_damage":0,"lost_in_post":0,"other_logs":0,"out_stock_days":187,"lost_sales":3737,"has_location":false,"update_date":"2026-04-27T01:40:30","atum_locations":[],"atum_stock_status":"outofstock","restock_status":false,"low_stock_amount":9,"sales_update_date":"2026-04-27T01:40:29","calc_backorders":null,"acf":[],"yoast_head":"<!-- This site is optimized with the Yoast SEO plugin v27.4 - https:\/\/yoast.com\/product\/yoast-seo-wordpress\/ -->\n<title>Saw Reverse Bear Trap Mask | Mad About Horror<\/title>\n<meta name=\"description\" content=\"Trick or Treat Studios presents Saw Reverse Bear Trap mask. Shipped from the UK by Mad About Horror. Call 01482 935936\" \/>\n<meta name=\"robots\" content=\"index, follow, max-snippet:-1, max-image-preview:large, max-video-preview:-1\" \/>\n<link rel=\"canonical\" href=\"https:\/\/madabouthorror.co.uk\/de\/product\/saw-reverse-bear-trap-mask\/\" \/>\n<meta property=\"og:locale\" content=\"de_DE\" \/>\n<meta property=\"og:type\" content=\"article\" \/>\n<meta property=\"og:title\" content=\"Saw Reverse Bear Trap Mask | Mad About Horror\" \/>\n<meta property=\"og:description\" content=\"Trick or Treat Studios presents Saw Reverse Bear Trap mask. Shipped from the UK by Mad About Horror. Call 01482 935936\" \/>\n<meta property=\"og:url\" content=\"https:\/\/madabouthorror.co.uk\/de\/product\/saw-reverse-bear-trap-mask\/\" \/>\n<meta property=\"og:site_name\" content=\"Mad About Horror\" \/>\n<meta property=\"article:publisher\" content=\"https:\/\/www.facebook.com\/madabouthorror\/\" \/>\n<meta property=\"article:modified_time\" content=\"2026-04-20T14:40:09+00:00\" \/>\n<meta property=\"og:image\" content=\"https:\/\/madabouthorror.co.uk\/wp-content\/uploads\/2021\/11\/saw_reverse_bear_trap_mask_tots_1.jpg\" \/>\n\t<meta property=\"og:image:width\" content=\"670\" \/>\n\t<meta property=\"og:image:height\" content=\"670\" \/>\n\t<meta property=\"og:image:type\" content=\"image\/jpeg\" \/>\n<meta name=\"twitter:card\" content=\"summary_large_image\" \/>\n<meta name=\"twitter:label1\" content=\"Gesch\u00e4tzte Lesezeit\" \/>\n\t<meta name=\"twitter:data1\" content=\"1\u00a0Minute\" \/>\n<script type=\"application\/ld+json\" class=\"yoast-schema-graph\">{\"@context\":\"https:\\\/\\\/schema.org\",\"@graph\":[{\"@type\":[\"WebPage\",\"ItemPage\"],\"@id\":\"https:\\\/\\\/madabouthorror.co.uk\\\/product\\\/saw-reverse-bear-trap-mask\\\/\",\"url\":\"https:\\\/\\\/madabouthorror.co.uk\\\/product\\\/saw-reverse-bear-trap-mask\\\/\",\"name\":\"Saw Reverse Bear Trap Mask | Mad About Horror\",\"isPartOf\":{\"@id\":\"https:\\\/\\\/madabouthorror.co.uk\\\/#website\"},\"primaryImageOfPage\":{\"@id\":\"https:\\\/\\\/madabouthorror.co.uk\\\/product\\\/saw-reverse-bear-trap-mask\\\/#primaryimage\"},\"image\":{\"@id\":\"https:\\\/\\\/madabouthorror.co.uk\\\/product\\\/saw-reverse-bear-trap-mask\\\/#primaryimage\"},\"thumbnailUrl\":\"https:\\\/\\\/madabouthorror.co.uk\\\/wp-content\\\/uploads\\\/2021\\\/11\\\/saw_reverse_bear_trap_mask_tots_1.jpg\",\"datePublished\":\"2021-11-03T16:49:27+00:00\",\"dateModified\":\"2026-04-20T14:40:09+00:00\",\"description\":\"Trick or Treat Studios presents Saw Reverse Bear Trap mask. Shipped from the UK by Mad About Horror. Call 01482 935936\",\"breadcrumb\":{\"@id\":\"https:\\\/\\\/madabouthorror.co.uk\\\/product\\\/saw-reverse-bear-trap-mask\\\/#breadcrumb\"},\"inLanguage\":\"de\",\"potentialAction\":[{\"@type\":\"ReadAction\",\"target\":[\"https:\\\/\\\/madabouthorror.co.uk\\\/product\\\/saw-reverse-bear-trap-mask\\\/\"]}]},{\"@type\":\"ImageObject\",\"inLanguage\":\"de\",\"@id\":\"https:\\\/\\\/madabouthorror.co.uk\\\/product\\\/saw-reverse-bear-trap-mask\\\/#primaryimage\",\"url\":\"https:\\\/\\\/madabouthorror.co.uk\\\/wp-content\\\/uploads\\\/2021\\\/11\\\/saw_reverse_bear_trap_mask_tots_1.jpg\",\"contentUrl\":\"https:\\\/\\\/madabouthorror.co.uk\\\/wp-content\\\/uploads\\\/2021\\\/11\\\/saw_reverse_bear_trap_mask_tots_1.jpg\",\"width\":670,\"height\":670,\"caption\":\"trick or treat studios reverse saw bear trap\"},{\"@type\":\"BreadcrumbList\",\"@id\":\"https:\\\/\\\/madabouthorror.co.uk\\\/product\\\/saw-reverse-bear-trap-mask\\\/#breadcrumb\",\"itemListElement\":[{\"@type\":\"ListItem\",\"position\":1,\"name\":\"Shop\",\"item\":\"https:\\\/\\\/madabouthorror.co.uk\\\/shop\\\/\"},{\"@type\":\"ListItem\",\"position\":2,\"name\":\"SAW Reverse Bear Trap Mask\"}]},{\"@type\":\"WebSite\",\"@id\":\"https:\\\/\\\/madabouthorror.co.uk\\\/#website\",\"url\":\"https:\\\/\\\/madabouthorror.co.uk\\\/\",\"name\":\"Mad About Horror\",\"description\":\"\",\"publisher\":{\"@id\":\"https:\\\/\\\/madabouthorror.co.uk\\\/#organization\"},\"alternateName\":\"Mad About Horror Limited\",\"potentialAction\":[{\"@type\":\"SearchAction\",\"target\":{\"@type\":\"EntryPoint\",\"urlTemplate\":\"https:\\\/\\\/madabouthorror.co.uk\\\/?s={search_term_string}\"},\"query-input\":{\"@type\":\"PropertyValueSpecification\",\"valueRequired\":true,\"valueName\":\"search_term_string\"}}],\"inLanguage\":\"de\"},{\"@type\":\"Organization\",\"@id\":\"https:\\\/\\\/madabouthorror.co.uk\\\/#organization\",\"name\":\"Mad About Horror\",\"url\":\"https:\\\/\\\/madabouthorror.co.uk\\\/\",\"logo\":{\"@type\":\"ImageObject\",\"inLanguage\":\"de\",\"@id\":\"https:\\\/\\\/madabouthorror.co.uk\\\/#\\\/schema\\\/logo\\\/image\\\/\",\"url\":\"https:\\\/\\\/madabouthorror.co.uk\\\/wp-content\\\/uploads\\\/2024\\\/02\\\/cropped-Logo.png\",\"contentUrl\":\"https:\\\/\\\/madabouthorror.co.uk\\\/wp-content\\\/uploads\\\/2024\\\/02\\\/cropped-Logo.png\",\"width\":240,\"height\":88,\"caption\":\"Mad About Horror\"},\"image\":{\"@id\":\"https:\\\/\\\/madabouthorror.co.uk\\\/#\\\/schema\\\/logo\\\/image\\\/\"},\"sameAs\":[\"https:\\\/\\\/www.facebook.com\\\/madabouthorror\\\/\",\"https:\\\/\\\/www.instagram.com\\\/madabouthorror\\\/\",\"https:\\\/\\\/www.pinterest.co.uk\\\/madabouthorror\\\/\",\"https:\\\/\\\/www.youtube.com\\\/channel\\\/UCBooLOIxjoQ89dj6T5lWm_w\",\"https:\\\/\\\/www.tiktok.com\\\/@weremadabouthorror\"]}]}<\/script>\n<!-- \/ Yoast SEO plugin. -->","yoast_head_json":{"title":"Saw R\u00fcckw\u00e4rtsb\u00e4rfallenmaske | Mad About Horror","description":"Trick or Treat Studios pr\u00e4sentiert eine Reverse-B\u00e4renfallen-Maske aus Saw. Versand aus Gro\u00dfbritannien von Mad About Horror. Rufen Sie an unter 01482 935936","robots":{"index":"index","follow":"follow","max-snippet":"max-snippet:-1","max-image-preview":"max-image-preview:large","max-video-preview":"max-video-preview:-1"},"canonical":"https:\/\/madabouthorror.co.uk\/de\/product\/saw-reverse-bear-trap-mask\/","og_locale":"de_DE","og_type":"article","og_title":"Saw Reverse Bear Trap Mask | Mad About Horror","og_description":"Trick or Treat Studios presents Saw Reverse Bear Trap mask. Shipped from the UK by Mad About Horror. Call 01482 935936","og_url":"https:\/\/madabouthorror.co.uk\/de\/product\/saw-reverse-bear-trap-mask\/","og_site_name":"Mad About Horror","article_publisher":"https:\/\/www.facebook.com\/madabouthorror\/","article_modified_time":"2026-04-20T14:40:09+00:00","og_image":[{"width":670,"height":670,"url":"https:\/\/madabouthorror.co.uk\/wp-content\/uploads\/2021\/11\/saw_reverse_bear_trap_mask_tots_1.jpg","type":"image\/jpeg"}],"twitter_card":"summary_large_image","twitter_misc":{"Gesch\u00e4tzte Lesezeit":"1\u00a0Minute"},"schema":{"@context":"https:\/\/schema.org","@graph":[{"@type":["WebPage","ItemPage"],"@id":"https:\/\/madabouthorror.co.uk\/product\/saw-reverse-bear-trap-mask\/","url":"https:\/\/madabouthorror.co.uk\/product\/saw-reverse-bear-trap-mask\/","name":"Saw R\u00fcckw\u00e4rtsb\u00e4rfallenmaske | Mad About Horror","isPartOf":{"@id":"https:\/\/madabouthorror.co.uk\/#website"},"primaryImageOfPage":{"@id":"https:\/\/madabouthorror.co.uk\/product\/saw-reverse-bear-trap-mask\/#primaryimage"},"image":{"@id":"https:\/\/madabouthorror.co.uk\/product\/saw-reverse-bear-trap-mask\/#primaryimage"},"thumbnailUrl":"https:\/\/madabouthorror.co.uk\/wp-content\/uploads\/2021\/11\/saw_reverse_bear_trap_mask_tots_1.jpg","datePublished":"2021-11-03T16:49:27+00:00","dateModified":"2026-04-20T14:40:09+00:00","description":"Trick or Treat Studios pr\u00e4sentiert eine Reverse-B\u00e4renfallen-Maske aus Saw. Versand aus Gro\u00dfbritannien von Mad About Horror. Rufen Sie an unter 01482 935936","breadcrumb":{"@id":"https:\/\/madabouthorror.co.uk\/product\/saw-reverse-bear-trap-mask\/#breadcrumb"},"inLanguage":"de","potentialAction":[{"@type":"ReadAction","target":["https:\/\/madabouthorror.co.uk\/product\/saw-reverse-bear-trap-mask\/"]}]},{"@type":"ImageObject","inLanguage":"de","@id":"https:\/\/madabouthorror.co.uk\/product\/saw-reverse-bear-trap-mask\/#primaryimage","url":"https:\/\/madabouthorror.co.uk\/wp-content\/uploads\/2021\/11\/saw_reverse_bear_trap_mask_tots_1.jpg","contentUrl":"https:\/\/madabouthorror.co.uk\/wp-content\/uploads\/2021\/11\/saw_reverse_bear_trap_mask_tots_1.jpg","width":670,"height":670,"caption":"trick or treat studios reverse saw bear trap"},{"@type":"BreadcrumbList","@id":"https:\/\/madabouthorror.co.uk\/product\/saw-reverse-bear-trap-mask\/#breadcrumb","itemListElement":[{"@type":"ListItem","position":1,"name":"Shop","item":"https:\/\/madabouthorror.co.uk\/shop\/"},{"@type":"ListItem","position":2,"name":"SAW Reverse Bear Trap Mask"}]},{"@type":"WebSite","@id":"https:\/\/madabouthorror.co.uk\/#website","url":"https:\/\/madabouthorror.co.uk\/","name":"Verr\u00fcckt nach Horror","description":"","publisher":{"@id":"https:\/\/madabouthorror.co.uk\/#organization"},"alternateName":"Mad About Horror Limited","potentialAction":[{"@type":"SearchAction","target":{"@type":"EntryPoint","urlTemplate":"https:\/\/madabouthorror.co.uk\/?s={search_term_string}"},"query-input":{"@type":"PropertyValueSpecification","valueRequired":true,"valueName":"search_term_string"}}],"inLanguage":"de"},{"@type":"Organization","@id":"https:\/\/madabouthorror.co.uk\/#organization","name":"Verr\u00fcckt nach Horror","url":"https:\/\/madabouthorror.co.uk\/","logo":{"@type":"ImageObject","inLanguage":"de","@id":"https:\/\/madabouthorror.co.uk\/#\/schema\/logo\/image\/","url":"https:\/\/madabouthorror.co.uk\/wp-content\/uploads\/2024\/02\/cropped-Logo.png","contentUrl":"https:\/\/madabouthorror.co.uk\/wp-content\/uploads\/2024\/02\/cropped-Logo.png","width":240,"height":88,"caption":"Mad About Horror"},"image":{"@id":"https:\/\/madabouthorror.co.uk\/#\/schema\/logo\/image\/"},"sameAs":["https:\/\/www.facebook.com\/madabouthorror\/","https:\/\/www.instagram.com\/madabouthorror\/","https:\/\/www.pinterest.co.uk\/madabouthorror\/","https:\/\/www.youtube.com\/channel\/UCBooLOIxjoQ89dj6T5lWm_w","https:\/\/www.tiktok.com\/@weremadabouthorror"]}]}},"df_price":72.87,"df_sale_price":"","df_regular_price":72.87,"df_image_link":"https:\/\/madabouthorror.co.uk\/wp-content\/uploads\/2021\/11\/saw_reverse_bear_trap_mask_tots_1-300x300.jpg","_links":{"self":[{"href":"https:\/\/madabouthorror.co.uk\/de\/wp-json\/wp\/v2\/product\/50645","targetHints":{"allow":["GET"]}}],"collection":[{"href":"https:\/\/madabouthorror.co.uk\/de\/wp-json\/wp\/v2\/product"}],"about":[{"href":"https:\/\/madabouthorror.co.uk\/de\/wp-json\/wp\/v2\/types\/product"}],"replies":[{"embeddable":true,"href":"https:\/\/madabouthorror.co.uk\/de\/wp-json\/wp\/v2\/comments?post=50645"}],"wp:featuredmedia":[{"embeddable":true,"href":"https:\/\/madabouthorror.co.uk\/de\/wp-json\/wp\/v2\/media\/50642"}],"wp:attachment":[{"href":"https:\/\/madabouthorror.co.uk\/de\/wp-json\/wp\/v2\/media?parent=50645"}],"wp:term":[{"taxonomy":"product_brand","embeddable":true,"href":"https:\/\/madabouthorror.co.uk\/de\/wp-json\/wp\/v2\/product_brand?post=50645"},{"taxonomy":"product_cat","embeddable":true,"href":"https:\/\/madabouthorror.co.uk\/de\/wp-json\/wp\/v2\/product_cat?post=50645"},{"taxonomy":"product_tag","embeddable":true,"href":"https:\/\/madabouthorror.co.uk\/de\/wp-json\/wp\/v2\/product_tag?post=50645"}],"curies":[{"name":"wp","href":"https:\/\/api.w.org\/{rel}","templated":true}]}}