{"id":508581,"date":"2024-10-24T12:07:39","date_gmt":"2024-10-24T11:07:39","guid":{"rendered":"https:\/\/madabouthorror.co.uk\/?post_type=product&#038;p=508581"},"modified":"2025-11-20T12:54:05","modified_gmt":"2025-11-20T12:54:05","slug":"light-up-led-the-evil-dead-necronomicon","status":"publish","type":"product","link":"https:\/\/madabouthorror.co.uk\/de\/product\/light-up-led-the-evil-dead-necronomicon\/","title":{"rendered":"Das Evil Dead LED-Necronomicon zum Aufleuchten"},"content":{"rendered":"<div class=\"pc-type pc-type--body-4 collapsible__content\">\n<p>Entfesseln Sie den ultimativen Horror an diesem Halloween mit dem leuchtenden LED Evil Dead\u00ae Necronomicon! Diese erschreckend realistische Filmrequisite ist perfekt f\u00fcr Fans der kultigen Filmreihe und Halloween-Enthusiasten gleicherma\u00dfen. Ger\u00e4usch- und bewegungsaktiviert erwacht dieses Necronomicon-Buch mit einem flackernden Flammen-Effekt und unheimlichen filmischen Kl\u00e4ngen zum Leben und ist somit eine gruseliger Zusatz zu Ihrer Halloween-Dekoration. Die schockierende animierte Enth\u00fcllung im Inneren des Buches sorgt f\u00fcr eine zus\u00e4tzliche Ebene des Terrors und garantiert, dass Ihre G\u00e4ste sowohl beeindruckt als auch erschreckt sein werden. Egal, ob Sie eine Halloween-Party veranstalten oder ein Spukhaus einrichten, dieses LED Necronomicon wird ein unvergessliches Horrorerlebnis schaffen.<b>Light-Up LED The Evil Dead\u00ae Necronomicon Produktdetails:<\/b><\/p>\n<ul>\n<li>9 Zoll breit x 11,4 Zoll hoch x 4,7 Zoll dick<\/li>\n<li>Ben\u00f6tigt 3 AA-Batterien. Nicht enthalten<\/li>\n<li>LED-Flickerflammen-Effektleuchten<\/li>\n<li>Gruselige filmische Kl\u00e4nge<\/li>\n<li>Ton und Bewegung aktiviert<\/li>\n<li>Kunststoff und Stoff<\/li>\n<\/ul>\n<div>\n<div><b>F\u00fcr die \u00fcberdachte Veranda oder f\u00fcr den Innenbereich.<\/b> <i>Bei Verwendung im Freien vor Witterungseinfl\u00fcssen sch\u00fctzen und nicht \u00fcber einen l\u00e4ngeren Zeitraum im Freien stehen lassen.<\/i><\/div>\n<div><\/div>\n<div><b>Bitte beachten:<\/b><i> Diese Requisiten sind nicht f\u00fcr den intensiven kommerziellen Gebrauch geeignet, d. h. sie sollten nicht \u00fcber l\u00e4ngere Zeitr\u00e4ume, z. B. tagelang, betrieben werden. Sie sind f\u00fcr die Verwendung an Halloween gedacht. Wenn Sie Fragen dazu haben, fragen Sie bitte.<\/i><\/div>\n<\/div>\n<\/div>","protected":false},"excerpt":{"rendered":"<p>Entfesseln Sie den ultimativen Horror an diesem Halloween mit dem leuchtenden LED Necronomicon aus \"The Evil Dead\u00ae\"! Diese erschreckend realistische Filmrequisite ist perfekt f\u00fcr Fans der ikonischen Filmreihe und Halloween-Fans. Dieses Necronomicon-Buch ist schall- und bewegungsaktiviert und erwacht mit einem flackernden Flammeneffekt und unheimlichen Filmsounds zum Leben, was es zu einer gruseligen Erg\u00e4nzung macht [\u2026]<\/p>","protected":false},"featured_media":508595,"comment_status":"closed","ping_status":"closed","template":"","meta":{"_acf_changed":false},"product_brand":[],"product_cat":[10068,10131,10108,10093,6537,10094,6547,6963,9967,7054,6650],"product_tag":[],"class_list":{"0":"post-508581","1":"product","2":"type-product","3":"status-publish","4":"has-post-thumbnail","6":"product_cat-halloween-decorations-2025","7":"product_cat-halloween-gifts","8":"product_cat-light-up-halloween-decorations","9":"product_cat-indoor-halloween-decorations","10":"product_cat-collectibles","11":"product_cat-outdoor-halloween-decorations","12":"product_cat-decorations","13":"product_cat-animatronics","14":"product_cat-replica-props","15":"product_cat-movie-tv-props","16":"product_cat-evildeadashvevildead","18":"first","19":"outofstock","20":"taxable","21":"shipping-taxable","22":"purchasable","23":"product-type-simple"},"supplier_id":null,"supplier_sku":"978460","barcode":null,"atum_controlled":true,"out_stock_date":"2025-05-28 15:30:28","out_stock_threshold":null,"inheritable":false,"inbound_stock":0,"stock_on_hold":0,"sold_today":0,"sales_last_days":0,"reserved_stock":0,"customer_returns":0,"warehouse_damage":0,"lost_in_post":0,"other_logs":0,"out_stock_days":340,"lost_sales":3397,"has_location":false,"update_date":"2026-05-04T00:33:03","atum_locations":[],"atum_stock_status":"outofstock","restock_status":false,"low_stock_amount":"","sales_update_date":"2026-05-04T00:33:01","calc_backorders":null,"acf":[],"yoast_head":"<!-- This site is optimized with the Yoast SEO plugin v27.5 - https:\/\/yoast.com\/product\/yoast-seo-wordpress\/ -->\n<title>The Evil Dead Light-Up LED Necronomicon | Mad About Horror<\/title>\n<meta name=\"description\" content=\"Light-Up LED Necronomicon for Halloween or horror Collection. Shop Horror collectibles and Halloween props. Mad About Horror. UK Stock\" \/>\n<meta name=\"robots\" content=\"index, follow, max-snippet:-1, max-image-preview:large, max-video-preview:-1\" \/>\n<link rel=\"canonical\" href=\"https:\/\/madabouthorror.co.uk\/de\/product\/light-up-led-the-evil-dead-necronomicon\/\" \/>\n<meta property=\"og:locale\" content=\"de_DE\" \/>\n<meta property=\"og:type\" content=\"article\" \/>\n<meta property=\"og:title\" content=\"The Evil Dead Light-Up LED Necronomicon | Mad About Horror\" \/>\n<meta property=\"og:description\" content=\"Light-Up LED Necronomicon for Halloween or horror Collection. Shop Horror collectibles and Halloween props. Mad About Horror. UK Stock\" \/>\n<meta property=\"og:url\" content=\"https:\/\/madabouthorror.co.uk\/de\/product\/light-up-led-the-evil-dead-necronomicon\/\" \/>\n<meta property=\"og:site_name\" content=\"Mad About Horror\" \/>\n<meta property=\"article:publisher\" content=\"https:\/\/www.facebook.com\/madabouthorror\/\" \/>\n<meta property=\"article:modified_time\" content=\"2025-11-20T12:54:05+00:00\" \/>\n<meta property=\"og:image\" content=\"https:\/\/madabouthorror.co.uk\/wp-content\/uploads\/2024\/10\/Untitled-2-1-1024x1024.png\" \/>\n\t<meta property=\"og:image:width\" content=\"1024\" \/>\n\t<meta property=\"og:image:height\" content=\"1024\" \/>\n\t<meta property=\"og:image:type\" content=\"image\/png\" \/>\n<meta name=\"twitter:card\" content=\"summary_large_image\" \/>\n<meta name=\"twitter:label1\" content=\"Gesch\u00e4tzte Lesezeit\" \/>\n\t<meta name=\"twitter:data1\" content=\"2\u00a0Minuten\" \/>\n<script type=\"application\/ld+json\" class=\"yoast-schema-graph\">{\"@context\":\"https:\\\/\\\/schema.org\",\"@graph\":[{\"@type\":[\"WebPage\",\"ItemPage\"],\"@id\":\"https:\\\/\\\/madabouthorror.co.uk\\\/product\\\/light-up-led-the-evil-dead-necronomicon\\\/\",\"url\":\"https:\\\/\\\/madabouthorror.co.uk\\\/product\\\/light-up-led-the-evil-dead-necronomicon\\\/\",\"name\":\"The Evil Dead Light-Up LED Necronomicon | Mad About Horror\",\"isPartOf\":{\"@id\":\"https:\\\/\\\/madabouthorror.co.uk\\\/#website\"},\"primaryImageOfPage\":{\"@id\":\"https:\\\/\\\/madabouthorror.co.uk\\\/product\\\/light-up-led-the-evil-dead-necronomicon\\\/#primaryimage\"},\"image\":{\"@id\":\"https:\\\/\\\/madabouthorror.co.uk\\\/product\\\/light-up-led-the-evil-dead-necronomicon\\\/#primaryimage\"},\"thumbnailUrl\":\"https:\\\/\\\/madabouthorror.co.uk\\\/wp-content\\\/uploads\\\/2024\\\/10\\\/Untitled-2-1.png\",\"datePublished\":\"2024-10-24T11:07:39+00:00\",\"dateModified\":\"2025-11-20T12:54:05+00:00\",\"description\":\"Light-Up LED Necronomicon for Halloween or horror Collection. Shop Horror collectibles and Halloween props. Mad About Horror. UK Stock\",\"breadcrumb\":{\"@id\":\"https:\\\/\\\/madabouthorror.co.uk\\\/product\\\/light-up-led-the-evil-dead-necronomicon\\\/#breadcrumb\"},\"inLanguage\":\"de\",\"potentialAction\":[{\"@type\":\"ReadAction\",\"target\":[\"https:\\\/\\\/madabouthorror.co.uk\\\/product\\\/light-up-led-the-evil-dead-necronomicon\\\/\"]}]},{\"@type\":\"ImageObject\",\"inLanguage\":\"de\",\"@id\":\"https:\\\/\\\/madabouthorror.co.uk\\\/product\\\/light-up-led-the-evil-dead-necronomicon\\\/#primaryimage\",\"url\":\"https:\\\/\\\/madabouthorror.co.uk\\\/wp-content\\\/uploads\\\/2024\\\/10\\\/Untitled-2-1.png\",\"contentUrl\":\"https:\\\/\\\/madabouthorror.co.uk\\\/wp-content\\\/uploads\\\/2024\\\/10\\\/Untitled-2-1.png\",\"width\":1772,\"height\":1772,\"caption\":\"Light-Up LED Necronomicon\"},{\"@type\":\"BreadcrumbList\",\"@id\":\"https:\\\/\\\/madabouthorror.co.uk\\\/product\\\/light-up-led-the-evil-dead-necronomicon\\\/#breadcrumb\",\"itemListElement\":[{\"@type\":\"ListItem\",\"position\":1,\"name\":\"Shop\",\"item\":\"https:\\\/\\\/madabouthorror.co.uk\\\/shop\\\/\"},{\"@type\":\"ListItem\",\"position\":2,\"name\":\"The Evil Dead Light-Up LED Necronomicon\"}]},{\"@type\":\"WebSite\",\"@id\":\"https:\\\/\\\/madabouthorror.co.uk\\\/#website\",\"url\":\"https:\\\/\\\/madabouthorror.co.uk\\\/\",\"name\":\"Mad About Horror\",\"description\":\"\",\"publisher\":{\"@id\":\"https:\\\/\\\/madabouthorror.co.uk\\\/#organization\"},\"alternateName\":\"Mad About Horror Limited\",\"potentialAction\":[{\"@type\":\"SearchAction\",\"target\":{\"@type\":\"EntryPoint\",\"urlTemplate\":\"https:\\\/\\\/madabouthorror.co.uk\\\/?s={search_term_string}\"},\"query-input\":{\"@type\":\"PropertyValueSpecification\",\"valueRequired\":true,\"valueName\":\"search_term_string\"}}],\"inLanguage\":\"de\"},{\"@type\":\"Organization\",\"@id\":\"https:\\\/\\\/madabouthorror.co.uk\\\/#organization\",\"name\":\"Mad About Horror\",\"url\":\"https:\\\/\\\/madabouthorror.co.uk\\\/\",\"logo\":{\"@type\":\"ImageObject\",\"inLanguage\":\"de\",\"@id\":\"https:\\\/\\\/madabouthorror.co.uk\\\/#\\\/schema\\\/logo\\\/image\\\/\",\"url\":\"https:\\\/\\\/madabouthorror.co.uk\\\/wp-content\\\/uploads\\\/2024\\\/02\\\/cropped-Logo.png\",\"contentUrl\":\"https:\\\/\\\/madabouthorror.co.uk\\\/wp-content\\\/uploads\\\/2024\\\/02\\\/cropped-Logo.png\",\"width\":240,\"height\":88,\"caption\":\"Mad About Horror\"},\"image\":{\"@id\":\"https:\\\/\\\/madabouthorror.co.uk\\\/#\\\/schema\\\/logo\\\/image\\\/\"},\"sameAs\":[\"https:\\\/\\\/www.facebook.com\\\/madabouthorror\\\/\",\"https:\\\/\\\/www.instagram.com\\\/madabouthorror\\\/\",\"https:\\\/\\\/www.pinterest.co.uk\\\/madabouthorror\\\/\",\"https:\\\/\\\/www.youtube.com\\\/channel\\\/UCBooLOIxjoQ89dj6T5lWm_w\",\"https:\\\/\\\/www.tiktok.com\\\/@weremadabouthorror\"]}]}<\/script>\n<!-- \/ Yoast SEO plugin. -->","yoast_head_json":{"title":"The Evil Dead Light-Up LED Necronomicon | Mad About Horror","description":"Leuchtendes LED-Totenkopfbuch (Necronomicon) f\u00fcr Halloween oder Horror-Sammlungen. Kaufen Sie Horror-Sammlerst\u00fccke und Halloween-Requisiten. Mad About Horror. UK-Lagerbestand","robots":{"index":"index","follow":"follow","max-snippet":"max-snippet:-1","max-image-preview":"max-image-preview:large","max-video-preview":"max-video-preview:-1"},"canonical":"https:\/\/madabouthorror.co.uk\/de\/product\/light-up-led-the-evil-dead-necronomicon\/","og_locale":"de_DE","og_type":"article","og_title":"The Evil Dead Light-Up LED Necronomicon | Mad About Horror","og_description":"Light-Up LED Necronomicon for Halloween or horror Collection. Shop Horror collectibles and Halloween props. Mad About Horror. UK Stock","og_url":"https:\/\/madabouthorror.co.uk\/de\/product\/light-up-led-the-evil-dead-necronomicon\/","og_site_name":"Mad About Horror","article_publisher":"https:\/\/www.facebook.com\/madabouthorror\/","article_modified_time":"2025-11-20T12:54:05+00:00","og_image":[{"width":1024,"height":1024,"url":"https:\/\/madabouthorror.co.uk\/wp-content\/uploads\/2024\/10\/Untitled-2-1-1024x1024.png","type":"image\/png"}],"twitter_card":"summary_large_image","twitter_misc":{"Gesch\u00e4tzte Lesezeit":"2\u00a0Minuten"},"schema":{"@context":"https:\/\/schema.org","@graph":[{"@type":["WebPage","ItemPage"],"@id":"https:\/\/madabouthorror.co.uk\/product\/light-up-led-the-evil-dead-necronomicon\/","url":"https:\/\/madabouthorror.co.uk\/product\/light-up-led-the-evil-dead-necronomicon\/","name":"The Evil Dead Light-Up LED Necronomicon | Mad About Horror","isPartOf":{"@id":"https:\/\/madabouthorror.co.uk\/#website"},"primaryImageOfPage":{"@id":"https:\/\/madabouthorror.co.uk\/product\/light-up-led-the-evil-dead-necronomicon\/#primaryimage"},"image":{"@id":"https:\/\/madabouthorror.co.uk\/product\/light-up-led-the-evil-dead-necronomicon\/#primaryimage"},"thumbnailUrl":"https:\/\/madabouthorror.co.uk\/wp-content\/uploads\/2024\/10\/Untitled-2-1.png","datePublished":"2024-10-24T11:07:39+00:00","dateModified":"2025-11-20T12:54:05+00:00","description":"Leuchtendes LED-Totenkopfbuch (Necronomicon) f\u00fcr Halloween oder Horror-Sammlungen. Kaufen Sie Horror-Sammlerst\u00fccke und Halloween-Requisiten. Mad About Horror. UK-Lagerbestand","breadcrumb":{"@id":"https:\/\/madabouthorror.co.uk\/product\/light-up-led-the-evil-dead-necronomicon\/#breadcrumb"},"inLanguage":"de","potentialAction":[{"@type":"ReadAction","target":["https:\/\/madabouthorror.co.uk\/product\/light-up-led-the-evil-dead-necronomicon\/"]}]},{"@type":"ImageObject","inLanguage":"de","@id":"https:\/\/madabouthorror.co.uk\/product\/light-up-led-the-evil-dead-necronomicon\/#primaryimage","url":"https:\/\/madabouthorror.co.uk\/wp-content\/uploads\/2024\/10\/Untitled-2-1.png","contentUrl":"https:\/\/madabouthorror.co.uk\/wp-content\/uploads\/2024\/10\/Untitled-2-1.png","width":1772,"height":1772,"caption":"Light-Up LED Necronomicon"},{"@type":"BreadcrumbList","@id":"https:\/\/madabouthorror.co.uk\/product\/light-up-led-the-evil-dead-necronomicon\/#breadcrumb","itemListElement":[{"@type":"ListItem","position":1,"name":"Shop","item":"https:\/\/madabouthorror.co.uk\/shop\/"},{"@type":"ListItem","position":2,"name":"The Evil Dead Light-Up LED Necronomicon"}]},{"@type":"WebSite","@id":"https:\/\/madabouthorror.co.uk\/#website","url":"https:\/\/madabouthorror.co.uk\/","name":"Verr\u00fcckt nach Horror","description":"","publisher":{"@id":"https:\/\/madabouthorror.co.uk\/#organization"},"alternateName":"Mad About Horror Limited","potentialAction":[{"@type":"SearchAction","target":{"@type":"EntryPoint","urlTemplate":"https:\/\/madabouthorror.co.uk\/?s={search_term_string}"},"query-input":{"@type":"PropertyValueSpecification","valueRequired":true,"valueName":"search_term_string"}}],"inLanguage":"de"},{"@type":"Organization","@id":"https:\/\/madabouthorror.co.uk\/#organization","name":"Verr\u00fcckt nach Horror","url":"https:\/\/madabouthorror.co.uk\/","logo":{"@type":"ImageObject","inLanguage":"de","@id":"https:\/\/madabouthorror.co.uk\/#\/schema\/logo\/image\/","url":"https:\/\/madabouthorror.co.uk\/wp-content\/uploads\/2024\/02\/cropped-Logo.png","contentUrl":"https:\/\/madabouthorror.co.uk\/wp-content\/uploads\/2024\/02\/cropped-Logo.png","width":240,"height":88,"caption":"Mad About Horror"},"image":{"@id":"https:\/\/madabouthorror.co.uk\/#\/schema\/logo\/image\/"},"sameAs":["https:\/\/www.facebook.com\/madabouthorror\/","https:\/\/www.instagram.com\/madabouthorror\/","https:\/\/www.pinterest.co.uk\/madabouthorror\/","https:\/\/www.youtube.com\/channel\/UCBooLOIxjoQ89dj6T5lWm_w","https:\/\/www.tiktok.com\/@weremadabouthorror"]}]}},"df_price":69.95,"df_sale_price":"","df_regular_price":69.95,"df_image_link":"https:\/\/madabouthorror.co.uk\/wp-content\/uploads\/2024\/10\/Untitled-2-1-300x300.png","_links":{"self":[{"href":"https:\/\/madabouthorror.co.uk\/de\/wp-json\/wp\/v2\/product\/508581","targetHints":{"allow":["GET"]}}],"collection":[{"href":"https:\/\/madabouthorror.co.uk\/de\/wp-json\/wp\/v2\/product"}],"about":[{"href":"https:\/\/madabouthorror.co.uk\/de\/wp-json\/wp\/v2\/types\/product"}],"replies":[{"embeddable":true,"href":"https:\/\/madabouthorror.co.uk\/de\/wp-json\/wp\/v2\/comments?post=508581"}],"wp:featuredmedia":[{"embeddable":true,"href":"https:\/\/madabouthorror.co.uk\/de\/wp-json\/wp\/v2\/media\/508595"}],"wp:attachment":[{"href":"https:\/\/madabouthorror.co.uk\/de\/wp-json\/wp\/v2\/media?parent=508581"}],"wp:term":[{"taxonomy":"product_brand","embeddable":true,"href":"https:\/\/madabouthorror.co.uk\/de\/wp-json\/wp\/v2\/product_brand?post=508581"},{"taxonomy":"product_cat","embeddable":true,"href":"https:\/\/madabouthorror.co.uk\/de\/wp-json\/wp\/v2\/product_cat?post=508581"},{"taxonomy":"product_tag","embeddable":true,"href":"https:\/\/madabouthorror.co.uk\/de\/wp-json\/wp\/v2\/product_tag?post=508581"}],"curies":[{"name":"wp","href":"https:\/\/api.w.org\/{rel}","templated":true}]}}