{"id":514596,"date":"2024-11-14T12:31:00","date_gmt":"2024-11-14T12:31:00","guid":{"rendered":"https:\/\/madabouthorror.co.uk\/?post_type=product&#038;p=514596"},"modified":"2025-11-20T12:41:47","modified_gmt":"2025-11-20T12:41:47","slug":"disney-4ft-animated-minnie-mouse","status":"publish","type":"product","link":"https:\/\/madabouthorror.co.uk\/de\/product\/disney-4ft-animated-minnie-mouse\/","title":{"rendered":"Disney 4ft Animierte Minnie Maus"},"content":{"rendered":"<div class=\"sui-flex sui-flex-col sui-gap-2\">\n<div class=\"sui-flex sui-flex-col sui-gap-2\">\n<p>Diese 1,2 m gro\u00dfe, animierte Minnie Maus ist in ihrem Samt-Weihnachtsgewand gekleidet und bereit, die Feiertage mit Ihnen und Ihrer Familie zu feiern. Minnie wird \u00fcber einen Bewegungssensor aktiviert und singt 2 Weihnachtslieder, die Ihr Haus sicher mit Weihnachtsstimmung erf\u00fcllen werden. Mit realistischen Kopf- und K\u00f6rperbewegungen ist diese klassische Disney-Figur eine tolle Erg\u00e4nzung f\u00fcr Ihre Weihnachtsdekoration.<\/p>\n<\/div>\n<div>\n<h3 class=\"sui-h3-bold sui-line-clamp-unset sui-font-normal sui-text-primary\">H\u00f6hepunkte<\/h3>\n<ul class=\"sui-w-full sui-list-disc sui-px-6 sui-flex sui-flex-col sui-gap-2 sui-mt-2\" data-testid=\"bullet-list\">\n<li data-testid=\"bullet-list-item\">Innenraum<\/li>\n<li data-testid=\"bullet-list-item\">Bewegungsaktivierte K\u00f6rper- und Kopfbewegung in beide Richtungen<\/li>\n<li data-testid=\"bullet-list-item\">Singt \u201cJolly Old St. Nicholas\u201d und \u201cO Christmas Tree\u201d<\/li>\n<li data-testid=\"bullet-list-item\">Ist 1,22 m hoch, um G\u00e4ste in Ihrem Haus willkommen zu hei\u00dfen<\/li>\n<li data-testid=\"bullet-list-item\">Steckernetzteil im Lieferumfang enthalten<\/li>\n<li data-testid=\"bullet-list-item\">Verleiht Ihrem Innenraum die richtige festliche Note<\/li>\n<li data-testid=\"bullet-list-item\">Minnie tr\u00e4gt ein festliches Samtkleid und eine Samtschleife im Haar.<\/li>\n<li data-testid=\"bullet-list-item\">Lizenzierter Disney-Artikel<\/li>\n<li class=\"!sui-p-0 sui-text-base sui-leading-normal sui-font-regular\">4 ft. Animierte Minnie hat 2 Bewegungen: Kopf und K\u00f6rper<\/li>\n<li class=\"!sui-p-0 sui-text-base sui-leading-normal sui-font-regular\">Singt 2 festliche Lieder<\/li>\n<li class=\"!sui-p-0 sui-text-base sui-leading-normal sui-font-regular\">Lebensechte Servomotoren bieten realistische Bewegungen, um G\u00e4ste zu begeistern<\/li>\n<\/ul>\n<p><b>Wird mit einem UK-Netzadapter geliefert<\/b>. <i>Verwenden Sie nur den mitgelieferten Netzadapter, da falsche Netzadapter Sch\u00e4den verursachen k\u00f6nnen.<\/i><\/p>\n<div>\n<div><b>F\u00fcr die \u00fcberdachte Veranda oder f\u00fcr den Innenbereich.<\/b> <i>Bei Verwendung im Freien vor Witterungseinfl\u00fcssen sch\u00fctzen und nicht \u00fcber einen l\u00e4ngeren Zeitraum im Freien stehen lassen.<\/i><\/div>\n<div><\/div>\n<div><b>Bitte beachten:<\/b><i> Diese Requisiten sind nicht f\u00fcr den intensiven kommerziellen Gebrauch geeignet, d. h. sie sollten nicht \u00fcber l\u00e4ngere Zeitr\u00e4ume, z. B. tagelang, betrieben werden. Sie sind f\u00fcr die Verwendung an Halloween gedacht. Wenn Sie Fragen dazu haben, fragen Sie bitte.<\/i><\/div>\n<\/div>\n<\/div>\n<div class=\"sui-flex sui-flex-col sui-gap-2\">\n<div class=\"product-info-bar\" data-testid=\"productInfo\">\n<div class=\"sui-flex sui-text-base sui-flex-wrap sui-flex-col\" data-component=\"product-info-bar:ProductInfoBar:v5.2.5\"><\/div>\n<\/div>\n<\/div>\n<\/div>","protected":false},"excerpt":{"rendered":"<p>Diese 4 Fu\u00df gro\u00dfe animierte Minnie Maus ist in ihrem roten Samt-Weihnachtskleid gekleidet und bereit, die Feiertage mit Ihnen und Ihrer Familie zu feiern. Minnie wird durch einen Bewegungssensor aktiviert und singt 2 Weihnachtslieder, die sicher f\u00fcr weihnachtliche Stimmung in Ihrem Haus sorgen werden. Mit realistischer Kopf- und K\u00f6rperbewegung ist diese klassische [\u2026]<\/p>","protected":false},"featured_media":514602,"comment_status":"closed","ping_status":"closed","template":"","meta":{"_acf_changed":false},"product_brand":[],"product_cat":[9892,10068,10131,10110,10034,10093,10094,6547,6963,9841,7054,9919],"product_tag":[],"class_list":{"0":"post-514596","1":"product","2":"type-product","3":"status-publish","4":"has-post-thumbnail","6":"product_cat-christmas-animatronics","7":"product_cat-halloween-decorations-2025","8":"product_cat-halloween-gifts","9":"product_cat-us-imports","10":"product_cat-family-friendly","11":"product_cat-indoor-halloween-decorations","12":"product_cat-outdoor-halloween-decorations","13":"product_cat-decorations","14":"product_cat-animatronics","15":"product_cat-home-depot-animatronics","16":"product_cat-movie-tv-props","17":"product_cat-christmas","18":"product_shipping_class-props","20":"first","21":"outofstock","22":"taxable","23":"shipping-taxable","24":"purchasable","25":"product-type-simple"},"supplier_id":null,"supplier_sku":"1011217972","barcode":null,"atum_controlled":true,"out_stock_date":"2025-10-01 10:34:43","out_stock_threshold":null,"inheritable":false,"inbound_stock":0,"stock_on_hold":0,"sold_today":0,"sales_last_days":0,"reserved_stock":0,"customer_returns":0,"warehouse_damage":0,"lost_in_post":0,"other_logs":0,"out_stock_days":209,"lost_sales":0,"has_location":false,"update_date":"2026-04-29T00:24:29","atum_locations":[],"atum_stock_status":"outofstock","restock_status":false,"low_stock_amount":"","sales_update_date":"2026-04-29T00:24:27","calc_backorders":null,"acf":[],"yoast_head":"<!-- This site is optimized with the Yoast SEO plugin v27.5 - https:\/\/yoast.com\/product\/yoast-seo-wordpress\/ -->\n<title>Disney 4ft Animated Minnie Mouse | Mad About Horror<\/title>\n<meta name=\"description\" content=\"Animated Minnie Mouse. Shop Horror collectibles and Halloween props. Europe&#039;s leading horror collectibles specialist. UK stock.\" \/>\n<meta name=\"robots\" content=\"index, follow, max-snippet:-1, max-image-preview:large, max-video-preview:-1\" \/>\n<link rel=\"canonical\" href=\"https:\/\/madabouthorror.co.uk\/de\/product\/disney-4ft-animated-minnie-mouse\/\" \/>\n<meta property=\"og:locale\" content=\"de_DE\" \/>\n<meta property=\"og:type\" content=\"article\" \/>\n<meta property=\"og:title\" content=\"Disney 4ft Animated Minnie Mouse | Mad About Horror\" \/>\n<meta property=\"og:description\" content=\"Animated Minnie Mouse. Shop Horror collectibles and Halloween props. Europe&#039;s leading horror collectibles specialist. UK stock.\" \/>\n<meta property=\"og:url\" content=\"https:\/\/madabouthorror.co.uk\/de\/product\/disney-4ft-animated-minnie-mouse\/\" \/>\n<meta property=\"og:site_name\" content=\"Mad About Horror\" \/>\n<meta property=\"article:publisher\" content=\"https:\/\/www.facebook.com\/madabouthorror\/\" \/>\n<meta property=\"article:modified_time\" content=\"2025-11-20T12:41:47+00:00\" \/>\n<meta property=\"og:image\" content=\"https:\/\/madabouthorror.co.uk\/wp-content\/uploads\/2024\/11\/s-l1200.jpg\" \/>\n\t<meta property=\"og:image:width\" content=\"1142\" \/>\n\t<meta property=\"og:image:height\" content=\"1200\" \/>\n\t<meta property=\"og:image:type\" content=\"image\/jpeg\" \/>\n<meta name=\"twitter:card\" content=\"summary_large_image\" \/>\n<meta name=\"twitter:label1\" content=\"Gesch\u00e4tzte Lesezeit\" \/>\n\t<meta name=\"twitter:data1\" content=\"2\u00a0Minuten\" \/>\n<script type=\"application\/ld+json\" class=\"yoast-schema-graph\">{\"@context\":\"https:\\\/\\\/schema.org\",\"@graph\":[{\"@type\":[\"WebPage\",\"ItemPage\"],\"@id\":\"https:\\\/\\\/madabouthorror.co.uk\\\/product\\\/disney-4ft-animated-minnie-mouse\\\/\",\"url\":\"https:\\\/\\\/madabouthorror.co.uk\\\/product\\\/disney-4ft-animated-minnie-mouse\\\/\",\"name\":\"Disney 4ft Animated Minnie Mouse | Mad About Horror\",\"isPartOf\":{\"@id\":\"https:\\\/\\\/madabouthorror.co.uk\\\/#website\"},\"primaryImageOfPage\":{\"@id\":\"https:\\\/\\\/madabouthorror.co.uk\\\/product\\\/disney-4ft-animated-minnie-mouse\\\/#primaryimage\"},\"image\":{\"@id\":\"https:\\\/\\\/madabouthorror.co.uk\\\/product\\\/disney-4ft-animated-minnie-mouse\\\/#primaryimage\"},\"thumbnailUrl\":\"https:\\\/\\\/madabouthorror.co.uk\\\/wp-content\\\/uploads\\\/2024\\\/11\\\/s-l1200.jpg\",\"datePublished\":\"2024-11-14T12:31:00+00:00\",\"dateModified\":\"2025-11-20T12:41:47+00:00\",\"description\":\"Animated Minnie Mouse. Shop Horror collectibles and Halloween props. Europe's leading horror collectibles specialist. UK stock.\",\"breadcrumb\":{\"@id\":\"https:\\\/\\\/madabouthorror.co.uk\\\/product\\\/disney-4ft-animated-minnie-mouse\\\/#breadcrumb\"},\"inLanguage\":\"de\",\"potentialAction\":[{\"@type\":\"ReadAction\",\"target\":[\"https:\\\/\\\/madabouthorror.co.uk\\\/product\\\/disney-4ft-animated-minnie-mouse\\\/\"]}]},{\"@type\":\"ImageObject\",\"inLanguage\":\"de\",\"@id\":\"https:\\\/\\\/madabouthorror.co.uk\\\/product\\\/disney-4ft-animated-minnie-mouse\\\/#primaryimage\",\"url\":\"https:\\\/\\\/madabouthorror.co.uk\\\/wp-content\\\/uploads\\\/2024\\\/11\\\/s-l1200.jpg\",\"contentUrl\":\"https:\\\/\\\/madabouthorror.co.uk\\\/wp-content\\\/uploads\\\/2024\\\/11\\\/s-l1200.jpg\",\"width\":1142,\"height\":1200},{\"@type\":\"BreadcrumbList\",\"@id\":\"https:\\\/\\\/madabouthorror.co.uk\\\/product\\\/disney-4ft-animated-minnie-mouse\\\/#breadcrumb\",\"itemListElement\":[{\"@type\":\"ListItem\",\"position\":1,\"name\":\"Shop\",\"item\":\"https:\\\/\\\/madabouthorror.co.uk\\\/shop\\\/\"},{\"@type\":\"ListItem\",\"position\":2,\"name\":\"Disney 4ft Animated Minnie Mouse\"}]},{\"@type\":\"WebSite\",\"@id\":\"https:\\\/\\\/madabouthorror.co.uk\\\/#website\",\"url\":\"https:\\\/\\\/madabouthorror.co.uk\\\/\",\"name\":\"Mad About Horror\",\"description\":\"\",\"publisher\":{\"@id\":\"https:\\\/\\\/madabouthorror.co.uk\\\/#organization\"},\"alternateName\":\"Mad About Horror Limited\",\"potentialAction\":[{\"@type\":\"SearchAction\",\"target\":{\"@type\":\"EntryPoint\",\"urlTemplate\":\"https:\\\/\\\/madabouthorror.co.uk\\\/?s={search_term_string}\"},\"query-input\":{\"@type\":\"PropertyValueSpecification\",\"valueRequired\":true,\"valueName\":\"search_term_string\"}}],\"inLanguage\":\"de\"},{\"@type\":\"Organization\",\"@id\":\"https:\\\/\\\/madabouthorror.co.uk\\\/#organization\",\"name\":\"Mad About Horror\",\"url\":\"https:\\\/\\\/madabouthorror.co.uk\\\/\",\"logo\":{\"@type\":\"ImageObject\",\"inLanguage\":\"de\",\"@id\":\"https:\\\/\\\/madabouthorror.co.uk\\\/#\\\/schema\\\/logo\\\/image\\\/\",\"url\":\"https:\\\/\\\/madabouthorror.co.uk\\\/wp-content\\\/uploads\\\/2024\\\/02\\\/cropped-Logo.png\",\"contentUrl\":\"https:\\\/\\\/madabouthorror.co.uk\\\/wp-content\\\/uploads\\\/2024\\\/02\\\/cropped-Logo.png\",\"width\":240,\"height\":88,\"caption\":\"Mad About Horror\"},\"image\":{\"@id\":\"https:\\\/\\\/madabouthorror.co.uk\\\/#\\\/schema\\\/logo\\\/image\\\/\"},\"sameAs\":[\"https:\\\/\\\/www.facebook.com\\\/madabouthorror\\\/\",\"https:\\\/\\\/www.instagram.com\\\/madabouthorror\\\/\",\"https:\\\/\\\/www.pinterest.co.uk\\\/madabouthorror\\\/\",\"https:\\\/\\\/www.youtube.com\\\/channel\\\/UCBooLOIxjoQ89dj6T5lWm_w\",\"https:\\\/\\\/www.tiktok.com\\\/@weremadabouthorror\"]}]}<\/script>\n<!-- \/ Yoast SEO plugin. -->","yoast_head_json":{"title":"Disney 4ft animierte Minnie Maus | verr\u00fcckt nach Horror","description":"Animierte Minnie Maus. Kaufen Sie Horror-Sammlerst\u00fccke und Halloween-Requisiten.   Europas f\u00fchrender Spezialist f\u00fcr Horror-Sammlerst\u00fccke. UK-Lagerbestand.","robots":{"index":"index","follow":"follow","max-snippet":"max-snippet:-1","max-image-preview":"max-image-preview:large","max-video-preview":"max-video-preview:-1"},"canonical":"https:\/\/madabouthorror.co.uk\/de\/product\/disney-4ft-animated-minnie-mouse\/","og_locale":"de_DE","og_type":"article","og_title":"Disney 4ft Animated Minnie Mouse | Mad About Horror","og_description":"Animated Minnie Mouse. Shop Horror collectibles and Halloween props. Europe's leading horror collectibles specialist. UK stock.","og_url":"https:\/\/madabouthorror.co.uk\/de\/product\/disney-4ft-animated-minnie-mouse\/","og_site_name":"Mad About Horror","article_publisher":"https:\/\/www.facebook.com\/madabouthorror\/","article_modified_time":"2025-11-20T12:41:47+00:00","og_image":[{"width":1142,"height":1200,"url":"https:\/\/madabouthorror.co.uk\/wp-content\/uploads\/2024\/11\/s-l1200.jpg","type":"image\/jpeg"}],"twitter_card":"summary_large_image","twitter_misc":{"Gesch\u00e4tzte Lesezeit":"2\u00a0Minuten"},"schema":{"@context":"https:\/\/schema.org","@graph":[{"@type":["WebPage","ItemPage"],"@id":"https:\/\/madabouthorror.co.uk\/product\/disney-4ft-animated-minnie-mouse\/","url":"https:\/\/madabouthorror.co.uk\/product\/disney-4ft-animated-minnie-mouse\/","name":"Disney 4ft animierte Minnie Maus | verr\u00fcckt nach Horror","isPartOf":{"@id":"https:\/\/madabouthorror.co.uk\/#website"},"primaryImageOfPage":{"@id":"https:\/\/madabouthorror.co.uk\/product\/disney-4ft-animated-minnie-mouse\/#primaryimage"},"image":{"@id":"https:\/\/madabouthorror.co.uk\/product\/disney-4ft-animated-minnie-mouse\/#primaryimage"},"thumbnailUrl":"https:\/\/madabouthorror.co.uk\/wp-content\/uploads\/2024\/11\/s-l1200.jpg","datePublished":"2024-11-14T12:31:00+00:00","dateModified":"2025-11-20T12:41:47+00:00","description":"Animierte Minnie Maus. Kaufen Sie Horror-Sammlerst\u00fccke und Halloween-Requisiten.   Europas f\u00fchrender Spezialist f\u00fcr Horror-Sammlerst\u00fccke. UK-Lagerbestand.","breadcrumb":{"@id":"https:\/\/madabouthorror.co.uk\/product\/disney-4ft-animated-minnie-mouse\/#breadcrumb"},"inLanguage":"de","potentialAction":[{"@type":"ReadAction","target":["https:\/\/madabouthorror.co.uk\/product\/disney-4ft-animated-minnie-mouse\/"]}]},{"@type":"ImageObject","inLanguage":"de","@id":"https:\/\/madabouthorror.co.uk\/product\/disney-4ft-animated-minnie-mouse\/#primaryimage","url":"https:\/\/madabouthorror.co.uk\/wp-content\/uploads\/2024\/11\/s-l1200.jpg","contentUrl":"https:\/\/madabouthorror.co.uk\/wp-content\/uploads\/2024\/11\/s-l1200.jpg","width":1142,"height":1200},{"@type":"BreadcrumbList","@id":"https:\/\/madabouthorror.co.uk\/product\/disney-4ft-animated-minnie-mouse\/#breadcrumb","itemListElement":[{"@type":"ListItem","position":1,"name":"Shop","item":"https:\/\/madabouthorror.co.uk\/shop\/"},{"@type":"ListItem","position":2,"name":"Disney 4ft Animated Minnie Mouse"}]},{"@type":"WebSite","@id":"https:\/\/madabouthorror.co.uk\/#website","url":"https:\/\/madabouthorror.co.uk\/","name":"Verr\u00fcckt nach Horror","description":"","publisher":{"@id":"https:\/\/madabouthorror.co.uk\/#organization"},"alternateName":"Mad About Horror Limited","potentialAction":[{"@type":"SearchAction","target":{"@type":"EntryPoint","urlTemplate":"https:\/\/madabouthorror.co.uk\/?s={search_term_string}"},"query-input":{"@type":"PropertyValueSpecification","valueRequired":true,"valueName":"search_term_string"}}],"inLanguage":"de"},{"@type":"Organization","@id":"https:\/\/madabouthorror.co.uk\/#organization","name":"Verr\u00fcckt nach Horror","url":"https:\/\/madabouthorror.co.uk\/","logo":{"@type":"ImageObject","inLanguage":"de","@id":"https:\/\/madabouthorror.co.uk\/#\/schema\/logo\/image\/","url":"https:\/\/madabouthorror.co.uk\/wp-content\/uploads\/2024\/02\/cropped-Logo.png","contentUrl":"https:\/\/madabouthorror.co.uk\/wp-content\/uploads\/2024\/02\/cropped-Logo.png","width":240,"height":88,"caption":"Mad About Horror"},"image":{"@id":"https:\/\/madabouthorror.co.uk\/#\/schema\/logo\/image\/"},"sameAs":["https:\/\/www.facebook.com\/madabouthorror\/","https:\/\/www.instagram.com\/madabouthorror\/","https:\/\/www.pinterest.co.uk\/madabouthorror\/","https:\/\/www.youtube.com\/channel\/UCBooLOIxjoQ89dj6T5lWm_w","https:\/\/www.tiktok.com\/@weremadabouthorror"]}]}},"df_price":449.95,"df_sale_price":"","df_regular_price":449.95,"df_image_link":"https:\/\/madabouthorror.co.uk\/wp-content\/uploads\/2024\/11\/s-l1200-286x300.jpg","_links":{"self":[{"href":"https:\/\/madabouthorror.co.uk\/de\/wp-json\/wp\/v2\/product\/514596","targetHints":{"allow":["GET"]}}],"collection":[{"href":"https:\/\/madabouthorror.co.uk\/de\/wp-json\/wp\/v2\/product"}],"about":[{"href":"https:\/\/madabouthorror.co.uk\/de\/wp-json\/wp\/v2\/types\/product"}],"replies":[{"embeddable":true,"href":"https:\/\/madabouthorror.co.uk\/de\/wp-json\/wp\/v2\/comments?post=514596"}],"wp:featuredmedia":[{"embeddable":true,"href":"https:\/\/madabouthorror.co.uk\/de\/wp-json\/wp\/v2\/media\/514602"}],"wp:attachment":[{"href":"https:\/\/madabouthorror.co.uk\/de\/wp-json\/wp\/v2\/media?parent=514596"}],"wp:term":[{"taxonomy":"product_brand","embeddable":true,"href":"https:\/\/madabouthorror.co.uk\/de\/wp-json\/wp\/v2\/product_brand?post=514596"},{"taxonomy":"product_cat","embeddable":true,"href":"https:\/\/madabouthorror.co.uk\/de\/wp-json\/wp\/v2\/product_cat?post=514596"},{"taxonomy":"product_tag","embeddable":true,"href":"https:\/\/madabouthorror.co.uk\/de\/wp-json\/wp\/v2\/product_tag?post=514596"}],"curies":[{"name":"wp","href":"https:\/\/api.w.org\/{rel}","templated":true}]}}