{"id":514598,"date":"2024-11-14T12:33:27","date_gmt":"2024-11-14T12:33:27","guid":{"rendered":"https:\/\/madabouthorror.co.uk\/?post_type=product&#038;p=514598"},"modified":"2026-03-09T12:39:27","modified_gmt":"2026-03-09T12:39:27","slug":"6ft-darth-vader-christmas-animatronic","status":"publish","type":"product","link":"https:\/\/madabouthorror.co.uk\/de\/product\/6ft-darth-vader-christmas-animatronic\/","title":{"rendered":"6ft Darth Vader Halloween &amp; Weihnachten Animatronic"},"content":{"rendered":"<div class=\"sui-flex sui-flex-col sui-gap-2\">\n<div class=\"sui-flex sui-flex-col sui-gap-2\">\n<p>Der 1,83 m gro\u00dfe animierte LED Darth Vader\u2122 ist im The Home Depot eingetroffen, um in Ihrer Nachbarschaft f\u00fcr Ordnung zu sorgen. Jagen Sie Ihren G\u00e4sten einen Schrecken in die Glieder und in die K\u00f6pfe, wenn Vader l\u00e4ssig mit seinem leuchtenden LED-Lichtschwert wedelt. Passanten aufgepasst, Darth Vader\u2122 kann die Macht nutzen, um Sie mit seiner Bewegungssensoraktivierung zu erkennen. Die klassischen Ger\u00e4usche von Darth Vader\u2122 werden Sie im Handumdrehen zur Dunklen Seite bekehren. Er enth\u00e4lt ein rotes Lichtschwert und einen K\u00fcrbis-Todesstern f\u00fcr Halloween sowie ein Zuckerstangen-Lichtschwert und einenornamentalen Todesstern f\u00fcr Weihnachten. Er ist perfekt f\u00fcr jeden Halloween-, Feiertags- oder Star Wars-Fan.<\/p>\n<\/div>\n<div>\n<h3 class=\"sui-h3-bold sui-line-clamp-unset sui-font-normal sui-text-primary\">H\u00f6hepunkte<\/h3>\n<ul class=\"sui-w-full sui-list-disc sui-px-6 sui-flex sui-flex-col sui-gap-2 sui-mt-2\" data-testid=\"bullet-list\">\n<li data-testid=\"bullet-list-item\">Innenraum<\/li>\n<li data-testid=\"bullet-list-item\">Lebensechte Servomotoren bieten realistische Bewegungen, um G\u00e4ste zu begeistern<\/li>\n<li data-testid=\"bullet-list-item\">Klassische Darth Vader-Ger\u00e4usche \u2122<\/li>\n<li data-testid=\"bullet-list-item\">Austauschbares Lichtschwert und beleuchteter K\u00fcrbis f\u00fcr Halloween<\/li>\n<li data-testid=\"bullet-list-item\">Steckernetzteil im Lieferumfang enthalten<\/li>\n<li data-testid=\"bullet-list-item\">Verleiht Ihrem Innenraum die richtige festliche Note<\/li>\n<li data-testid=\"bullet-list-item\">Lizenzartikel<\/li>\n<li class=\"!sui-p-0 sui-text-base sui-leading-normal sui-font-regular\">6 Fu\u00df LED Darth Vader\u2122 hat 3 Bewegungen: Kopf, Arm &amp; Lichtschwert<\/li>\n<li class=\"!sui-p-0 sui-text-base sui-leading-normal sui-font-regular\">Spricht 3 verschiedene S\u00e4tze mit Soundeffekten<\/li>\n<li class=\"!sui-p-0 sui-text-base sui-leading-normal sui-font-regular\">Beleuchtete Brustplatte und Lichtschwert<\/li>\n<\/ul>\n<\/div>\n<div class=\"sui-flex sui-flex-col sui-gap-2\">\n<div class=\"product-info-bar\" data-testid=\"productInfo\">\n<div class=\"sui-flex sui-text-base sui-flex-wrap sui-flex-col\" data-component=\"product-info-bar:ProductInfoBar:v5.2.5\">\n<p><b>Wird mit einem UK-Netzadapter geliefert<\/b>. <i>Verwenden Sie nur den mitgelieferten Netzadapter, da falsche Netzadapter Sch\u00e4den verursachen k\u00f6nnen.<\/i><\/p>\n<div>\n<div><b>F\u00fcr die \u00fcberdachte Veranda oder f\u00fcr den Innenbereich.<\/b> <i>Bei Verwendung im Freien vor Witterungseinfl\u00fcssen sch\u00fctzen und nicht \u00fcber einen l\u00e4ngeren Zeitraum im Freien stehen lassen.<\/i><\/div>\n<div><\/div>\n<div><b>Bitte beachten:<\/b><i> Diese Requisiten sind nicht f\u00fcr den intensiven kommerziellen Gebrauch geeignet, d. h. sie sollten nicht \u00fcber l\u00e4ngere Zeitr\u00e4ume, z. B. tagelang, betrieben werden. Sie sind f\u00fcr die Verwendung an Halloween gedacht. Wenn Sie Fragen dazu haben, fragen Sie bitte.<\/i><\/div>\n<\/div>\n<\/div>\n<\/div>\n<\/div>\n<\/div>","protected":false},"excerpt":{"rendered":"<p>Der 1,83 m gro\u00dfe animierte LED Darth Vader\u2122 ist im The Home Depot eingetroffen, um in Ihrer Nachbarschaft f\u00fcr Ordnung zu sorgen. Jagen Sie Ihren G\u00e4sten einen geh\u00f6rigen Schrecken ein, wenn Vader l\u00e4ssig mit seinem leuchtenden LED-Lichtschwert wedelt. Passanten aufgepasst, Darth Vader\u2122 kann die Macht nutzen, um Sie mit seiner Bewegungssensoraktivierung zu entdecken. [\u2026]<\/p>","protected":false},"featured_media":514611,"comment_status":"closed","ping_status":"closed","template":"","meta":{"_acf_changed":false},"product_brand":[],"product_cat":[9892,10068,10131,10149,10110,10093,10094,6547,6963,9841,6571,7054,9919,10106],"product_tag":[],"class_list":{"0":"post-514598","1":"product","2":"type-product","3":"status-publish","4":"has-post-thumbnail","6":"product_cat-christmas-animatronics","7":"product_cat-halloween-decorations-2025","8":"product_cat-halloween-gifts","9":"product_cat-sci-fi","10":"product_cat-us-imports","11":"product_cat-indoor-halloween-decorations","12":"product_cat-outdoor-halloween-decorations","13":"product_cat-decorations","14":"product_cat-animatronics","15":"product_cat-home-depot-animatronics","16":"product_cat-just-arrived","17":"product_cat-movie-tv-props","18":"product_cat-christmas","19":"product_cat-star-wars","20":"product_shipping_class-eu-bulky-prop","22":"first","23":"instock","24":"taxable","25":"shipping-taxable","26":"purchasable","27":"product-type-simple"},"supplier_id":527920,"supplier_sku":"1011000475","barcode":null,"atum_controlled":true,"out_stock_date":null,"out_stock_threshold":null,"inheritable":false,"inbound_stock":5,"stock_on_hold":0,"sold_today":0,"sales_last_days":0,"reserved_stock":0,"customer_returns":0,"warehouse_damage":0,"lost_in_post":0,"other_logs":0,"out_stock_days":0,"lost_sales":0,"has_location":false,"update_date":"2026-04-27T08:37:48","atum_locations":[],"atum_stock_status":"instock","restock_status":false,"low_stock_amount":"","sales_update_date":null,"calc_backorders":null,"acf":[],"yoast_head":"<!-- This site is optimized with the Yoast SEO plugin v27.4 - https:\/\/yoast.com\/product\/yoast-seo-wordpress\/ -->\n<title>6ft Darth Vader Halloween &amp; Christmas Animatronic | Mad About Horror<\/title>\n<meta name=\"description\" content=\"Darth Vader Christmas Animatronic. Shop Horror collectibles and Halloween props. Europe&#039;s leading horror collectibles specialist. UK stock.\" \/>\n<meta name=\"robots\" content=\"index, follow, max-snippet:-1, max-image-preview:large, max-video-preview:-1\" \/>\n<link rel=\"canonical\" href=\"https:\/\/madabouthorror.co.uk\/de\/product\/6ft-darth-vader-christmas-animatronic\/\" \/>\n<meta property=\"og:locale\" content=\"de_DE\" \/>\n<meta property=\"og:type\" content=\"article\" \/>\n<meta property=\"og:title\" content=\"6ft Darth Vader Halloween &amp; Christmas Animatronic | Mad About Horror\" \/>\n<meta property=\"og:description\" content=\"Darth Vader Christmas Animatronic. Shop Horror collectibles and Halloween props. Europe&#039;s leading horror collectibles specialist. UK stock.\" \/>\n<meta property=\"og:url\" content=\"https:\/\/madabouthorror.co.uk\/de\/product\/6ft-darth-vader-christmas-animatronic\/\" \/>\n<meta property=\"og:site_name\" content=\"Mad About Horror\" \/>\n<meta property=\"article:publisher\" content=\"https:\/\/www.facebook.com\/madabouthorror\/\" \/>\n<meta property=\"article:modified_time\" content=\"2026-03-09T12:39:27+00:00\" \/>\n<meta property=\"og:image\" content=\"https:\/\/madabouthorror.co.uk\/wp-content\/uploads\/2024\/11\/s-l1600-2.webp\" \/>\n\t<meta property=\"og:image:width\" content=\"600\" \/>\n\t<meta property=\"og:image:height\" content=\"600\" \/>\n\t<meta property=\"og:image:type\" content=\"image\/webp\" \/>\n<meta name=\"twitter:card\" content=\"summary_large_image\" \/>\n<meta name=\"twitter:label1\" content=\"Gesch\u00e4tzte Lesezeit\" \/>\n\t<meta name=\"twitter:data1\" content=\"2\u00a0Minuten\" \/>\n<script type=\"application\/ld+json\" class=\"yoast-schema-graph\">{\"@context\":\"https:\\\/\\\/schema.org\",\"@graph\":[{\"@type\":[\"WebPage\",\"ItemPage\"],\"@id\":\"https:\\\/\\\/madabouthorror.co.uk\\\/product\\\/6ft-darth-vader-christmas-animatronic\\\/\",\"url\":\"https:\\\/\\\/madabouthorror.co.uk\\\/product\\\/6ft-darth-vader-christmas-animatronic\\\/\",\"name\":\"6ft Darth Vader Halloween & Christmas Animatronic | Mad About Horror\",\"isPartOf\":{\"@id\":\"https:\\\/\\\/madabouthorror.co.uk\\\/#website\"},\"primaryImageOfPage\":{\"@id\":\"https:\\\/\\\/madabouthorror.co.uk\\\/product\\\/6ft-darth-vader-christmas-animatronic\\\/#primaryimage\"},\"image\":{\"@id\":\"https:\\\/\\\/madabouthorror.co.uk\\\/product\\\/6ft-darth-vader-christmas-animatronic\\\/#primaryimage\"},\"thumbnailUrl\":\"https:\\\/\\\/madabouthorror.co.uk\\\/wp-content\\\/uploads\\\/2024\\\/11\\\/s-l1600-2.webp\",\"datePublished\":\"2024-11-14T12:33:27+00:00\",\"dateModified\":\"2026-03-09T12:39:27+00:00\",\"description\":\"Darth Vader Christmas Animatronic. Shop Horror collectibles and Halloween props. Europe's leading horror collectibles specialist. UK stock.\",\"breadcrumb\":{\"@id\":\"https:\\\/\\\/madabouthorror.co.uk\\\/product\\\/6ft-darth-vader-christmas-animatronic\\\/#breadcrumb\"},\"inLanguage\":\"de\",\"potentialAction\":[{\"@type\":\"ReadAction\",\"target\":[\"https:\\\/\\\/madabouthorror.co.uk\\\/product\\\/6ft-darth-vader-christmas-animatronic\\\/\"]}]},{\"@type\":\"ImageObject\",\"inLanguage\":\"de\",\"@id\":\"https:\\\/\\\/madabouthorror.co.uk\\\/product\\\/6ft-darth-vader-christmas-animatronic\\\/#primaryimage\",\"url\":\"https:\\\/\\\/madabouthorror.co.uk\\\/wp-content\\\/uploads\\\/2024\\\/11\\\/s-l1600-2.webp\",\"contentUrl\":\"https:\\\/\\\/madabouthorror.co.uk\\\/wp-content\\\/uploads\\\/2024\\\/11\\\/s-l1600-2.webp\",\"width\":600,\"height\":600},{\"@type\":\"BreadcrumbList\",\"@id\":\"https:\\\/\\\/madabouthorror.co.uk\\\/product\\\/6ft-darth-vader-christmas-animatronic\\\/#breadcrumb\",\"itemListElement\":[{\"@type\":\"ListItem\",\"position\":1,\"name\":\"Shop\",\"item\":\"https:\\\/\\\/madabouthorror.co.uk\\\/shop\\\/\"},{\"@type\":\"ListItem\",\"position\":2,\"name\":\"6ft Darth Vader Halloween &#038; Christmas Animatronic\"}]},{\"@type\":\"WebSite\",\"@id\":\"https:\\\/\\\/madabouthorror.co.uk\\\/#website\",\"url\":\"https:\\\/\\\/madabouthorror.co.uk\\\/\",\"name\":\"Mad About Horror\",\"description\":\"\",\"publisher\":{\"@id\":\"https:\\\/\\\/madabouthorror.co.uk\\\/#organization\"},\"alternateName\":\"Mad About Horror Limited\",\"potentialAction\":[{\"@type\":\"SearchAction\",\"target\":{\"@type\":\"EntryPoint\",\"urlTemplate\":\"https:\\\/\\\/madabouthorror.co.uk\\\/?s={search_term_string}\"},\"query-input\":{\"@type\":\"PropertyValueSpecification\",\"valueRequired\":true,\"valueName\":\"search_term_string\"}}],\"inLanguage\":\"de\"},{\"@type\":\"Organization\",\"@id\":\"https:\\\/\\\/madabouthorror.co.uk\\\/#organization\",\"name\":\"Mad About Horror\",\"url\":\"https:\\\/\\\/madabouthorror.co.uk\\\/\",\"logo\":{\"@type\":\"ImageObject\",\"inLanguage\":\"de\",\"@id\":\"https:\\\/\\\/madabouthorror.co.uk\\\/#\\\/schema\\\/logo\\\/image\\\/\",\"url\":\"https:\\\/\\\/madabouthorror.co.uk\\\/wp-content\\\/uploads\\\/2024\\\/02\\\/cropped-Logo.png\",\"contentUrl\":\"https:\\\/\\\/madabouthorror.co.uk\\\/wp-content\\\/uploads\\\/2024\\\/02\\\/cropped-Logo.png\",\"width\":240,\"height\":88,\"caption\":\"Mad About Horror\"},\"image\":{\"@id\":\"https:\\\/\\\/madabouthorror.co.uk\\\/#\\\/schema\\\/logo\\\/image\\\/\"},\"sameAs\":[\"https:\\\/\\\/www.facebook.com\\\/madabouthorror\\\/\",\"https:\\\/\\\/www.instagram.com\\\/madabouthorror\\\/\",\"https:\\\/\\\/www.pinterest.co.uk\\\/madabouthorror\\\/\",\"https:\\\/\\\/www.youtube.com\\\/channel\\\/UCBooLOIxjoQ89dj6T5lWm_w\",\"https:\\\/\\\/www.tiktok.com\\\/@weremadabouthorror\"]}]}<\/script>\n<!-- \/ Yoast SEO plugin. -->","yoast_head_json":{"title":"6 Fu\u00df gro\u00dfer Darth Vader Halloween- und Weihnachts-Animatronic | Mad About Horror","description":"Darth Vader Weihnachts-Animatronic. Kaufen Sie Horror-Sammlerst\u00fccke und Halloween-Requisiten. Europas f\u00fchrender Spezialist f\u00fcr Horror-Sammlerst\u00fccke. Lagerbestand im Vereinigten K\u00f6nigreich.","robots":{"index":"index","follow":"follow","max-snippet":"max-snippet:-1","max-image-preview":"max-image-preview:large","max-video-preview":"max-video-preview:-1"},"canonical":"https:\/\/madabouthorror.co.uk\/de\/product\/6ft-darth-vader-christmas-animatronic\/","og_locale":"de_DE","og_type":"article","og_title":"6ft Darth Vader Halloween & Christmas Animatronic | Mad About Horror","og_description":"Darth Vader Christmas Animatronic. Shop Horror collectibles and Halloween props. Europe's leading horror collectibles specialist. UK stock.","og_url":"https:\/\/madabouthorror.co.uk\/de\/product\/6ft-darth-vader-christmas-animatronic\/","og_site_name":"Mad About Horror","article_publisher":"https:\/\/www.facebook.com\/madabouthorror\/","article_modified_time":"2026-03-09T12:39:27+00:00","og_image":[{"width":600,"height":600,"url":"https:\/\/madabouthorror.co.uk\/wp-content\/uploads\/2024\/11\/s-l1600-2.webp","type":"image\/webp"}],"twitter_card":"summary_large_image","twitter_misc":{"Gesch\u00e4tzte Lesezeit":"2\u00a0Minuten"},"schema":{"@context":"https:\/\/schema.org","@graph":[{"@type":["WebPage","ItemPage"],"@id":"https:\/\/madabouthorror.co.uk\/product\/6ft-darth-vader-christmas-animatronic\/","url":"https:\/\/madabouthorror.co.uk\/product\/6ft-darth-vader-christmas-animatronic\/","name":"6 Fu\u00df gro\u00dfer Darth Vader Halloween- und Weihnachts-Animatronic | Mad About Horror","isPartOf":{"@id":"https:\/\/madabouthorror.co.uk\/#website"},"primaryImageOfPage":{"@id":"https:\/\/madabouthorror.co.uk\/product\/6ft-darth-vader-christmas-animatronic\/#primaryimage"},"image":{"@id":"https:\/\/madabouthorror.co.uk\/product\/6ft-darth-vader-christmas-animatronic\/#primaryimage"},"thumbnailUrl":"https:\/\/madabouthorror.co.uk\/wp-content\/uploads\/2024\/11\/s-l1600-2.webp","datePublished":"2024-11-14T12:33:27+00:00","dateModified":"2026-03-09T12:39:27+00:00","description":"Darth Vader Weihnachts-Animatronic. Kaufen Sie Horror-Sammlerst\u00fccke und Halloween-Requisiten. Europas f\u00fchrender Spezialist f\u00fcr Horror-Sammlerst\u00fccke. Lagerbestand im Vereinigten K\u00f6nigreich.","breadcrumb":{"@id":"https:\/\/madabouthorror.co.uk\/product\/6ft-darth-vader-christmas-animatronic\/#breadcrumb"},"inLanguage":"de","potentialAction":[{"@type":"ReadAction","target":["https:\/\/madabouthorror.co.uk\/product\/6ft-darth-vader-christmas-animatronic\/"]}]},{"@type":"ImageObject","inLanguage":"de","@id":"https:\/\/madabouthorror.co.uk\/product\/6ft-darth-vader-christmas-animatronic\/#primaryimage","url":"https:\/\/madabouthorror.co.uk\/wp-content\/uploads\/2024\/11\/s-l1600-2.webp","contentUrl":"https:\/\/madabouthorror.co.uk\/wp-content\/uploads\/2024\/11\/s-l1600-2.webp","width":600,"height":600},{"@type":"BreadcrumbList","@id":"https:\/\/madabouthorror.co.uk\/product\/6ft-darth-vader-christmas-animatronic\/#breadcrumb","itemListElement":[{"@type":"ListItem","position":1,"name":"Shop","item":"https:\/\/madabouthorror.co.uk\/shop\/"},{"@type":"ListItem","position":2,"name":"6ft Darth Vader Halloween &#038; Christmas Animatronic"}]},{"@type":"WebSite","@id":"https:\/\/madabouthorror.co.uk\/#website","url":"https:\/\/madabouthorror.co.uk\/","name":"Verr\u00fcckt nach Horror","description":"","publisher":{"@id":"https:\/\/madabouthorror.co.uk\/#organization"},"alternateName":"Mad About Horror Limited","potentialAction":[{"@type":"SearchAction","target":{"@type":"EntryPoint","urlTemplate":"https:\/\/madabouthorror.co.uk\/?s={search_term_string}"},"query-input":{"@type":"PropertyValueSpecification","valueRequired":true,"valueName":"search_term_string"}}],"inLanguage":"de"},{"@type":"Organization","@id":"https:\/\/madabouthorror.co.uk\/#organization","name":"Verr\u00fcckt nach Horror","url":"https:\/\/madabouthorror.co.uk\/","logo":{"@type":"ImageObject","inLanguage":"de","@id":"https:\/\/madabouthorror.co.uk\/#\/schema\/logo\/image\/","url":"https:\/\/madabouthorror.co.uk\/wp-content\/uploads\/2024\/02\/cropped-Logo.png","contentUrl":"https:\/\/madabouthorror.co.uk\/wp-content\/uploads\/2024\/02\/cropped-Logo.png","width":240,"height":88,"caption":"Mad About Horror"},"image":{"@id":"https:\/\/madabouthorror.co.uk\/#\/schema\/logo\/image\/"},"sameAs":["https:\/\/www.facebook.com\/madabouthorror\/","https:\/\/www.instagram.com\/madabouthorror\/","https:\/\/www.pinterest.co.uk\/madabouthorror\/","https:\/\/www.youtube.com\/channel\/UCBooLOIxjoQ89dj6T5lWm_w","https:\/\/www.tiktok.com\/@weremadabouthorror"]}]}},"df_price":624.95,"df_sale_price":"","df_regular_price":624.95,"df_image_link":"https:\/\/madabouthorror.co.uk\/wp-content\/uploads\/2024\/11\/s-l1600-2-300x300.webp","_links":{"self":[{"href":"https:\/\/madabouthorror.co.uk\/de\/wp-json\/wp\/v2\/product\/514598","targetHints":{"allow":["GET"]}}],"collection":[{"href":"https:\/\/madabouthorror.co.uk\/de\/wp-json\/wp\/v2\/product"}],"about":[{"href":"https:\/\/madabouthorror.co.uk\/de\/wp-json\/wp\/v2\/types\/product"}],"replies":[{"embeddable":true,"href":"https:\/\/madabouthorror.co.uk\/de\/wp-json\/wp\/v2\/comments?post=514598"}],"wp:featuredmedia":[{"embeddable":true,"href":"https:\/\/madabouthorror.co.uk\/de\/wp-json\/wp\/v2\/media\/514611"}],"wp:attachment":[{"href":"https:\/\/madabouthorror.co.uk\/de\/wp-json\/wp\/v2\/media?parent=514598"}],"wp:term":[{"taxonomy":"product_brand","embeddable":true,"href":"https:\/\/madabouthorror.co.uk\/de\/wp-json\/wp\/v2\/product_brand?post=514598"},{"taxonomy":"product_cat","embeddable":true,"href":"https:\/\/madabouthorror.co.uk\/de\/wp-json\/wp\/v2\/product_cat?post=514598"},{"taxonomy":"product_tag","embeddable":true,"href":"https:\/\/madabouthorror.co.uk\/de\/wp-json\/wp\/v2\/product_tag?post=514598"}],"curies":[{"name":"wp","href":"https:\/\/api.w.org\/{rel}","templated":true}]}}