{"id":51904,"date":"2022-01-19T10:59:57","date_gmt":"2022-01-19T10:59:57","guid":{"rendered":"https:\/\/mah.6bdv.ws\/product\/guy-flesh-mask\/"},"modified":"2025-09-03T12:58:29","modified_gmt":"2025-09-03T11:58:29","slug":"guy-flesh-mask","status":"publish","type":"product","link":"https:\/\/madabouthorror.co.uk\/de\/product\/guy-flesh-mask\/","title":{"rendered":"Guy Maske - Fleisch"},"content":{"rendered":"<h4>Guy Fleisch Maske<\/h4>\n<p>Sie f\u00fchlen sich unwohl in Ihrer eigenen Haut? Probieren Sie das mal aus.<\/p>\n<p>Jede Maske wird in Handarbeit aus RD-407-Latex hergestellt, dem zuverl\u00e4ssigsten und haltbarsten Latex, das es auf dem Markt gibt. Bis ins kleinste Detail bemalt und dennoch stark genug, um jede Spuk- oder Gruselsaison zu \u00fcberstehen.<\/p>\n<p>Mit verstellbarem Gurt<\/p>\n<p>Eine Gr\u00f6\u00dfe passt am besten<\/p>","protected":false},"excerpt":{"rendered":"<p>Guy Flesh Mask F\u00fchlst du dich unwohl in deiner eigenen Haut? Probieren Sie diese Maske an. Jede Maske wird in Handarbeit aus RD-407-Latex hergestellt, dem zuverl\u00e4ssigsten und haltbarsten Latex, den es gibt. Bis ins kleinste Detail bemalt und dennoch stark genug, um jeden Spuk oder jede Gruselsaison zu \u00fcberstehen. Mit verstellbarem Gurt Eine Gr\u00f6\u00dfe passt den meisten<\/p>","protected":false},"featured_media":51901,"comment_status":"closed","ping_status":"closed","template":"","meta":{"_acf_changed":false},"product_brand":[],"product_cat":[6542,7096,6541,7098,7101,6543,6824],"product_tag":[],"class_list":{"0":"post-51904","1":"product","2":"type-product","3":"status-publish","4":"has-post-thumbnail","6":"product_cat-premium-masks","7":"product_cat-dystopia-anarchy","8":"product_cat-masks","9":"product_cat-butchers-shop","10":"product_cat-hillbilly","11":"product_cat-professional","12":"product_cat-professional-masks","13":"pa_brand-other","14":"pa_character-other","15":"pa_google_tax-e4-clothingaccessoriescostume","16":"pa_material-containslatex","18":"first","19":"outofstock","20":"taxable","21":"shipping-taxable","22":"purchasable","23":"product-type-simple"},"supplier_id":467896,"supplier_sku":"","barcode":"","atum_controlled":true,"out_stock_date":"2025-09-03 12:58:30","out_stock_threshold":null,"inheritable":false,"inbound_stock":0,"stock_on_hold":0,"sold_today":0,"sales_last_days":0,"reserved_stock":0,"customer_returns":0,"warehouse_damage":0,"lost_in_post":0,"other_logs":0,"out_stock_days":215,"lost_sales":5895,"has_location":false,"update_date":"2026-04-07T00:29:52","atum_locations":[],"atum_stock_status":"outofstock","restock_status":false,"low_stock_amount":"","sales_update_date":"2026-04-07T00:29:51","calc_backorders":null,"acf":[],"yoast_head":"<!-- This site is optimized with the Yoast SEO plugin v27.3 - https:\/\/yoast.com\/product\/yoast-seo-wordpress\/ -->\n<title>Guy Flesh Mask | Deluxe Mask | Mad About Horror<\/title>\n<meta name=\"description\" content=\"Skinned face mask - perfect for scare actors. Shipped from the UK by Mad About Horror. Call 01482 935936\" \/>\n<meta name=\"robots\" content=\"index, follow, max-snippet:-1, max-image-preview:large, max-video-preview:-1\" \/>\n<link rel=\"canonical\" href=\"https:\/\/madabouthorror.co.uk\/de\/product\/guy-flesh-mask\/\" \/>\n<meta property=\"og:locale\" content=\"de_DE\" \/>\n<meta property=\"og:type\" content=\"article\" \/>\n<meta property=\"og:title\" content=\"Guy Flesh Mask | Deluxe Mask | Mad About Horror\" \/>\n<meta property=\"og:description\" content=\"Skinned face mask - perfect for scare actors. Shipped from the UK by Mad About Horror. Call 01482 935936\" \/>\n<meta property=\"og:url\" content=\"https:\/\/madabouthorror.co.uk\/de\/product\/guy-flesh-mask\/\" \/>\n<meta property=\"og:site_name\" content=\"Mad About Horror\" \/>\n<meta property=\"article:publisher\" content=\"https:\/\/www.facebook.com\/madabouthorror\/\" \/>\n<meta property=\"article:modified_time\" content=\"2025-09-03T11:58:29+00:00\" \/>\n<meta property=\"og:image\" content=\"https:\/\/madabouthorror.co.uk\/wp-content\/uploads\/2022\/01\/inferno_effects_guy_flesh_mask_1.jpg\" \/>\n\t<meta property=\"og:image:width\" content=\"670\" \/>\n\t<meta property=\"og:image:height\" content=\"670\" \/>\n\t<meta property=\"og:image:type\" content=\"image\/jpeg\" \/>\n<meta name=\"twitter:card\" content=\"summary_large_image\" \/>\n<meta name=\"twitter:label1\" content=\"Gesch\u00e4tzte Lesezeit\" \/>\n\t<meta name=\"twitter:data1\" content=\"1\u00a0Minute\" \/>\n<script type=\"application\/ld+json\" class=\"yoast-schema-graph\">{\"@context\":\"https:\\\/\\\/schema.org\",\"@graph\":[{\"@type\":[\"WebPage\",\"ItemPage\"],\"@id\":\"https:\\\/\\\/madabouthorror.co.uk\\\/product\\\/guy-flesh-mask\\\/\",\"url\":\"https:\\\/\\\/madabouthorror.co.uk\\\/product\\\/guy-flesh-mask\\\/\",\"name\":\"Guy Flesh Mask | Deluxe Mask | Mad About Horror\",\"isPartOf\":{\"@id\":\"https:\\\/\\\/madabouthorror.co.uk\\\/#website\"},\"primaryImageOfPage\":{\"@id\":\"https:\\\/\\\/madabouthorror.co.uk\\\/product\\\/guy-flesh-mask\\\/#primaryimage\"},\"image\":{\"@id\":\"https:\\\/\\\/madabouthorror.co.uk\\\/product\\\/guy-flesh-mask\\\/#primaryimage\"},\"thumbnailUrl\":\"https:\\\/\\\/madabouthorror.co.uk\\\/wp-content\\\/uploads\\\/2022\\\/01\\\/inferno_effects_guy_flesh_mask_1.jpg\",\"datePublished\":\"2022-01-19T10:59:57+00:00\",\"dateModified\":\"2025-09-03T11:58:29+00:00\",\"description\":\"Skinned face mask - perfect for scare actors. Shipped from the UK by Mad About Horror. Call 01482 935936\",\"breadcrumb\":{\"@id\":\"https:\\\/\\\/madabouthorror.co.uk\\\/product\\\/guy-flesh-mask\\\/#breadcrumb\"},\"inLanguage\":\"de\",\"potentialAction\":[{\"@type\":\"ReadAction\",\"target\":[\"https:\\\/\\\/madabouthorror.co.uk\\\/product\\\/guy-flesh-mask\\\/\"]}]},{\"@type\":\"ImageObject\",\"inLanguage\":\"de\",\"@id\":\"https:\\\/\\\/madabouthorror.co.uk\\\/product\\\/guy-flesh-mask\\\/#primaryimage\",\"url\":\"https:\\\/\\\/madabouthorror.co.uk\\\/wp-content\\\/uploads\\\/2022\\\/01\\\/inferno_effects_guy_flesh_mask_1.jpg\",\"contentUrl\":\"https:\\\/\\\/madabouthorror.co.uk\\\/wp-content\\\/uploads\\\/2022\\\/01\\\/inferno_effects_guy_flesh_mask_1.jpg\",\"width\":670,\"height\":670,\"caption\":\"Guy Flesh Mask\"},{\"@type\":\"BreadcrumbList\",\"@id\":\"https:\\\/\\\/madabouthorror.co.uk\\\/product\\\/guy-flesh-mask\\\/#breadcrumb\",\"itemListElement\":[{\"@type\":\"ListItem\",\"position\":1,\"name\":\"Shop\",\"item\":\"https:\\\/\\\/madabouthorror.co.uk\\\/shop\\\/\"},{\"@type\":\"ListItem\",\"position\":2,\"name\":\"Guy Mask \u2013 Flesh\"}]},{\"@type\":\"WebSite\",\"@id\":\"https:\\\/\\\/madabouthorror.co.uk\\\/#website\",\"url\":\"https:\\\/\\\/madabouthorror.co.uk\\\/\",\"name\":\"Mad About Horror\",\"description\":\"\",\"publisher\":{\"@id\":\"https:\\\/\\\/madabouthorror.co.uk\\\/#organization\"},\"alternateName\":\"Mad About Horror Limited\",\"potentialAction\":[{\"@type\":\"SearchAction\",\"target\":{\"@type\":\"EntryPoint\",\"urlTemplate\":\"https:\\\/\\\/madabouthorror.co.uk\\\/?s={search_term_string}\"},\"query-input\":{\"@type\":\"PropertyValueSpecification\",\"valueRequired\":true,\"valueName\":\"search_term_string\"}}],\"inLanguage\":\"de\"},{\"@type\":\"Organization\",\"@id\":\"https:\\\/\\\/madabouthorror.co.uk\\\/#organization\",\"name\":\"Mad About Horror\",\"url\":\"https:\\\/\\\/madabouthorror.co.uk\\\/\",\"logo\":{\"@type\":\"ImageObject\",\"inLanguage\":\"de\",\"@id\":\"https:\\\/\\\/madabouthorror.co.uk\\\/#\\\/schema\\\/logo\\\/image\\\/\",\"url\":\"https:\\\/\\\/madabouthorror.co.uk\\\/wp-content\\\/uploads\\\/2024\\\/02\\\/cropped-Logo.png\",\"contentUrl\":\"https:\\\/\\\/madabouthorror.co.uk\\\/wp-content\\\/uploads\\\/2024\\\/02\\\/cropped-Logo.png\",\"width\":240,\"height\":88,\"caption\":\"Mad About Horror\"},\"image\":{\"@id\":\"https:\\\/\\\/madabouthorror.co.uk\\\/#\\\/schema\\\/logo\\\/image\\\/\"},\"sameAs\":[\"https:\\\/\\\/www.facebook.com\\\/madabouthorror\\\/\",\"https:\\\/\\\/www.instagram.com\\\/madabouthorror\\\/\",\"https:\\\/\\\/www.pinterest.co.uk\\\/madabouthorror\\\/\",\"https:\\\/\\\/www.youtube.com\\\/channel\\\/UCBooLOIxjoQ89dj6T5lWm_w\",\"https:\\\/\\\/www.tiktok.com\\\/@weremadabouthorror\"]}]}<\/script>\n<!-- \/ Yoast SEO plugin. -->","yoast_head_json":{"title":"Guy Flesh Maske | Deluxe Maske | Mad About Horror","description":"Geh\u00e4utete Gesichtsmaske - perfekt f\u00fcr Gruselschauspieler. Versand aus Gro\u00dfbritannien durch Mad About Horror. Rufen Sie 01482 935936","robots":{"index":"index","follow":"follow","max-snippet":"max-snippet:-1","max-image-preview":"max-image-preview:large","max-video-preview":"max-video-preview:-1"},"canonical":"https:\/\/madabouthorror.co.uk\/de\/product\/guy-flesh-mask\/","og_locale":"de_DE","og_type":"article","og_title":"Guy Flesh Mask | Deluxe Mask | Mad About Horror","og_description":"Skinned face mask - perfect for scare actors. Shipped from the UK by Mad About Horror. Call 01482 935936","og_url":"https:\/\/madabouthorror.co.uk\/de\/product\/guy-flesh-mask\/","og_site_name":"Mad About Horror","article_publisher":"https:\/\/www.facebook.com\/madabouthorror\/","article_modified_time":"2025-09-03T11:58:29+00:00","og_image":[{"width":670,"height":670,"url":"https:\/\/madabouthorror.co.uk\/wp-content\/uploads\/2022\/01\/inferno_effects_guy_flesh_mask_1.jpg","type":"image\/jpeg"}],"twitter_card":"summary_large_image","twitter_misc":{"Gesch\u00e4tzte Lesezeit":"1\u00a0Minute"},"schema":{"@context":"https:\/\/schema.org","@graph":[{"@type":["WebPage","ItemPage"],"@id":"https:\/\/madabouthorror.co.uk\/product\/guy-flesh-mask\/","url":"https:\/\/madabouthorror.co.uk\/product\/guy-flesh-mask\/","name":"Guy Flesh Maske | Deluxe Maske | Mad About Horror","isPartOf":{"@id":"https:\/\/madabouthorror.co.uk\/#website"},"primaryImageOfPage":{"@id":"https:\/\/madabouthorror.co.uk\/product\/guy-flesh-mask\/#primaryimage"},"image":{"@id":"https:\/\/madabouthorror.co.uk\/product\/guy-flesh-mask\/#primaryimage"},"thumbnailUrl":"https:\/\/madabouthorror.co.uk\/wp-content\/uploads\/2022\/01\/inferno_effects_guy_flesh_mask_1.jpg","datePublished":"2022-01-19T10:59:57+00:00","dateModified":"2025-09-03T11:58:29+00:00","description":"Geh\u00e4utete Gesichtsmaske - perfekt f\u00fcr Gruselschauspieler. Versand aus Gro\u00dfbritannien durch Mad About Horror. Rufen Sie 01482 935936","breadcrumb":{"@id":"https:\/\/madabouthorror.co.uk\/product\/guy-flesh-mask\/#breadcrumb"},"inLanguage":"de","potentialAction":[{"@type":"ReadAction","target":["https:\/\/madabouthorror.co.uk\/product\/guy-flesh-mask\/"]}]},{"@type":"ImageObject","inLanguage":"de","@id":"https:\/\/madabouthorror.co.uk\/product\/guy-flesh-mask\/#primaryimage","url":"https:\/\/madabouthorror.co.uk\/wp-content\/uploads\/2022\/01\/inferno_effects_guy_flesh_mask_1.jpg","contentUrl":"https:\/\/madabouthorror.co.uk\/wp-content\/uploads\/2022\/01\/inferno_effects_guy_flesh_mask_1.jpg","width":670,"height":670,"caption":"Guy Flesh Mask"},{"@type":"BreadcrumbList","@id":"https:\/\/madabouthorror.co.uk\/product\/guy-flesh-mask\/#breadcrumb","itemListElement":[{"@type":"ListItem","position":1,"name":"Shop","item":"https:\/\/madabouthorror.co.uk\/shop\/"},{"@type":"ListItem","position":2,"name":"Guy Mask \u2013 Flesh"}]},{"@type":"WebSite","@id":"https:\/\/madabouthorror.co.uk\/#website","url":"https:\/\/madabouthorror.co.uk\/","name":"Verr\u00fcckt nach Horror","description":"","publisher":{"@id":"https:\/\/madabouthorror.co.uk\/#organization"},"alternateName":"Mad About Horror Limited","potentialAction":[{"@type":"SearchAction","target":{"@type":"EntryPoint","urlTemplate":"https:\/\/madabouthorror.co.uk\/?s={search_term_string}"},"query-input":{"@type":"PropertyValueSpecification","valueRequired":true,"valueName":"search_term_string"}}],"inLanguage":"de"},{"@type":"Organization","@id":"https:\/\/madabouthorror.co.uk\/#organization","name":"Verr\u00fcckt nach Horror","url":"https:\/\/madabouthorror.co.uk\/","logo":{"@type":"ImageObject","inLanguage":"de","@id":"https:\/\/madabouthorror.co.uk\/#\/schema\/logo\/image\/","url":"https:\/\/madabouthorror.co.uk\/wp-content\/uploads\/2024\/02\/cropped-Logo.png","contentUrl":"https:\/\/madabouthorror.co.uk\/wp-content\/uploads\/2024\/02\/cropped-Logo.png","width":240,"height":88,"caption":"Mad About Horror"},"image":{"@id":"https:\/\/madabouthorror.co.uk\/#\/schema\/logo\/image\/"},"sameAs":["https:\/\/www.facebook.com\/madabouthorror\/","https:\/\/www.instagram.com\/madabouthorror\/","https:\/\/www.pinterest.co.uk\/madabouthorror\/","https:\/\/www.youtube.com\/channel\/UCBooLOIxjoQ89dj6T5lWm_w","https:\/\/www.tiktok.com\/@weremadabouthorror"]}]}},"df_price":166.62,"df_sale_price":"","df_regular_price":166.62,"df_image_link":"https:\/\/madabouthorror.co.uk\/wp-content\/uploads\/2022\/01\/inferno_effects_guy_flesh_mask_1-300x300.jpg","_links":{"self":[{"href":"https:\/\/madabouthorror.co.uk\/de\/wp-json\/wp\/v2\/product\/51904","targetHints":{"allow":["GET"]}}],"collection":[{"href":"https:\/\/madabouthorror.co.uk\/de\/wp-json\/wp\/v2\/product"}],"about":[{"href":"https:\/\/madabouthorror.co.uk\/de\/wp-json\/wp\/v2\/types\/product"}],"replies":[{"embeddable":true,"href":"https:\/\/madabouthorror.co.uk\/de\/wp-json\/wp\/v2\/comments?post=51904"}],"wp:featuredmedia":[{"embeddable":true,"href":"https:\/\/madabouthorror.co.uk\/de\/wp-json\/wp\/v2\/media\/51901"}],"wp:attachment":[{"href":"https:\/\/madabouthorror.co.uk\/de\/wp-json\/wp\/v2\/media?parent=51904"}],"wp:term":[{"taxonomy":"product_brand","embeddable":true,"href":"https:\/\/madabouthorror.co.uk\/de\/wp-json\/wp\/v2\/product_brand?post=51904"},{"taxonomy":"product_cat","embeddable":true,"href":"https:\/\/madabouthorror.co.uk\/de\/wp-json\/wp\/v2\/product_cat?post=51904"},{"taxonomy":"product_tag","embeddable":true,"href":"https:\/\/madabouthorror.co.uk\/de\/wp-json\/wp\/v2\/product_tag?post=51904"}],"curies":[{"name":"wp","href":"https:\/\/api.w.org\/{rel}","templated":true}]}}