{"id":52027,"date":"2022-02-23T10:29:15","date_gmt":"2022-02-23T10:29:15","guid":{"rendered":"https:\/\/mah.6bdv.ws\/product\/scream-ghostface-5-5ft-hanging-decoration\/"},"modified":"2026-04-05T19:16:02","modified_gmt":"2026-04-05T18:16:02","slug":"scream-ghostface-5-5ft-hanging-decoration","status":"publish","type":"product","link":"https:\/\/madabouthorror.co.uk\/de\/product\/scream-ghostface-5-5ft-hanging-decoration\/","title":{"rendered":"Scream Ghostface 5.5ft H\u00e4ngende Dekoration"},"content":{"rendered":"<h4>Ghostface 5.5ft H\u00e4ngende Dekoration<\/h4>\n<p>Offiziell lizenzierte gro\u00dfe Dekoration zum Aufh\u00e4ngen mit Ghostface.<\/p>\n<p>Gr\u00f6\u00dfe: 170cm hoch x 75cm breit<\/p>","protected":false},"excerpt":{"rendered":"<p>Ghostface 5.5ft H\u00e4ngende Dekoration Offiziell lizenzierte gro\u00dfe h\u00e4ngende Dekoration mit Ghostface. Gr\u00f6\u00dfe: 170cm hoch x 75cm breit<\/p>","protected":false},"featured_media":52026,"comment_status":"closed","ping_status":"closed","template":"","meta":{"_acf_changed":false},"product_brand":[],"product_cat":[10039,10041,6537,10038,6561,6751,7040,8802,6695],"product_tag":[],"class_list":{"0":"post-52027","1":"product","2":"type-product","3":"status-publish","4":"has-post-thumbnail","6":"product_cat-stocking-fillers","7":"product_cat-gifts-under-50","8":"product_cat-collectibles","9":"product_cat-horror-gifts","10":"product_cat-homeware","11":"product_cat-wall-decor","12":"product_cat-ghostface","13":"product_cat-sale","14":"product_cat-scream","15":"product_shipping_class-small-parcel-economy-3-5-business-days","17":"first","18":"instock","19":"sale","20":"taxable","21":"shipping-taxable","22":"purchasable","23":"product-type-simple"},"supplier_id":null,"supplier_sku":"","barcode":"3661652032121","atum_controlled":true,"out_stock_date":null,"out_stock_threshold":null,"inheritable":false,"inbound_stock":0,"stock_on_hold":0,"sold_today":0,"sales_last_days":8,"reserved_stock":0,"customer_returns":0,"warehouse_damage":0,"lost_in_post":0,"other_logs":0,"out_stock_days":0,"lost_sales":0,"has_location":false,"update_date":"2026-04-07T08:46:53","atum_locations":[],"atum_stock_status":"instock","restock_status":false,"low_stock_amount":"","sales_update_date":"2026-04-07T08:46:51","calc_backorders":null,"acf":[],"yoast_head":"<!-- This site is optimized with the Yoast SEO plugin v27.3 - https:\/\/yoast.com\/product\/yoast-seo-wordpress\/ -->\n<title>Scream Ghostface 5.5ft Hanging Decoration<\/title>\n<meta name=\"description\" content=\"GhostFace 5.5ft Hanging Decoration. Horror collectibles and Halloween props available from Madabouthorror, Europe\u2019s leading horror specialist.\" \/>\n<meta name=\"robots\" content=\"index, follow, max-snippet:-1, max-image-preview:large, max-video-preview:-1\" \/>\n<link rel=\"canonical\" href=\"https:\/\/madabouthorror.co.uk\/de\/product\/scream-ghostface-5-5ft-hanging-decoration\/\" \/>\n<meta property=\"og:locale\" content=\"de_DE\" \/>\n<meta property=\"og:type\" content=\"article\" \/>\n<meta property=\"og:title\" content=\"Scream Ghostface 5.5ft Hanging Decoration\" \/>\n<meta property=\"og:description\" content=\"GhostFace 5.5ft Hanging Decoration. Horror collectibles and Halloween props available from Madabouthorror, Europe\u2019s leading horror specialist.\" \/>\n<meta property=\"og:url\" content=\"https:\/\/madabouthorror.co.uk\/de\/product\/scream-ghostface-5-5ft-hanging-decoration\/\" \/>\n<meta property=\"og:site_name\" content=\"Mad About Horror\" \/>\n<meta property=\"article:publisher\" content=\"https:\/\/www.facebook.com\/madabouthorror\/\" \/>\n<meta property=\"article:modified_time\" content=\"2026-04-05T18:16:02+00:00\" \/>\n<meta property=\"og:image\" content=\"https:\/\/madabouthorror.co.uk\/wp-content\/uploads\/2022\/02\/scream_ghostface_hanging_decoration.jpg\" \/>\n\t<meta property=\"og:image:width\" content=\"650\" \/>\n\t<meta property=\"og:image:height\" content=\"650\" \/>\n\t<meta property=\"og:image:type\" content=\"image\/jpeg\" \/>\n<meta name=\"twitter:card\" content=\"summary_large_image\" \/>\n<meta name=\"twitter:label1\" content=\"Gesch\u00e4tzte Lesezeit\" \/>\n\t<meta name=\"twitter:data1\" content=\"1\u00a0Minute\" \/>\n<script type=\"application\/ld+json\" class=\"yoast-schema-graph\">{\"@context\":\"https:\\\/\\\/schema.org\",\"@graph\":[{\"@type\":[\"WebPage\",\"ItemPage\"],\"@id\":\"https:\\\/\\\/madabouthorror.co.uk\\\/product\\\/scream-ghostface-5-5ft-hanging-decoration\\\/\",\"url\":\"https:\\\/\\\/madabouthorror.co.uk\\\/product\\\/scream-ghostface-5-5ft-hanging-decoration\\\/\",\"name\":\"Scream Ghostface 5.5ft Hanging Decoration\",\"isPartOf\":{\"@id\":\"https:\\\/\\\/madabouthorror.co.uk\\\/#website\"},\"primaryImageOfPage\":{\"@id\":\"https:\\\/\\\/madabouthorror.co.uk\\\/product\\\/scream-ghostface-5-5ft-hanging-decoration\\\/#primaryimage\"},\"image\":{\"@id\":\"https:\\\/\\\/madabouthorror.co.uk\\\/product\\\/scream-ghostface-5-5ft-hanging-decoration\\\/#primaryimage\"},\"thumbnailUrl\":\"https:\\\/\\\/madabouthorror.co.uk\\\/wp-content\\\/uploads\\\/2022\\\/02\\\/scream_ghostface_hanging_decoration.jpg\",\"datePublished\":\"2022-02-23T10:29:15+00:00\",\"dateModified\":\"2026-04-05T18:16:02+00:00\",\"description\":\"GhostFace 5.5ft Hanging Decoration. Horror collectibles and Halloween props available from Madabouthorror, Europe\u2019s leading horror specialist.\",\"breadcrumb\":{\"@id\":\"https:\\\/\\\/madabouthorror.co.uk\\\/product\\\/scream-ghostface-5-5ft-hanging-decoration\\\/#breadcrumb\"},\"inLanguage\":\"de\",\"potentialAction\":[{\"@type\":\"ReadAction\",\"target\":[\"https:\\\/\\\/madabouthorror.co.uk\\\/product\\\/scream-ghostface-5-5ft-hanging-decoration\\\/\"]}]},{\"@type\":\"ImageObject\",\"inLanguage\":\"de\",\"@id\":\"https:\\\/\\\/madabouthorror.co.uk\\\/product\\\/scream-ghostface-5-5ft-hanging-decoration\\\/#primaryimage\",\"url\":\"https:\\\/\\\/madabouthorror.co.uk\\\/wp-content\\\/uploads\\\/2022\\\/02\\\/scream_ghostface_hanging_decoration.jpg\",\"contentUrl\":\"https:\\\/\\\/madabouthorror.co.uk\\\/wp-content\\\/uploads\\\/2022\\\/02\\\/scream_ghostface_hanging_decoration.jpg\",\"width\":650,\"height\":650,\"caption\":\"Scream Ghostface 5.5ft Hanging Decoration\"},{\"@type\":\"BreadcrumbList\",\"@id\":\"https:\\\/\\\/madabouthorror.co.uk\\\/product\\\/scream-ghostface-5-5ft-hanging-decoration\\\/#breadcrumb\",\"itemListElement\":[{\"@type\":\"ListItem\",\"position\":1,\"name\":\"Shop\",\"item\":\"https:\\\/\\\/madabouthorror.co.uk\\\/shop\\\/\"},{\"@type\":\"ListItem\",\"position\":2,\"name\":\"Scream Ghostface 5.5ft Hanging Decoration\"}]},{\"@type\":\"WebSite\",\"@id\":\"https:\\\/\\\/madabouthorror.co.uk\\\/#website\",\"url\":\"https:\\\/\\\/madabouthorror.co.uk\\\/\",\"name\":\"Mad About Horror\",\"description\":\"\",\"publisher\":{\"@id\":\"https:\\\/\\\/madabouthorror.co.uk\\\/#organization\"},\"alternateName\":\"Mad About Horror Limited\",\"potentialAction\":[{\"@type\":\"SearchAction\",\"target\":{\"@type\":\"EntryPoint\",\"urlTemplate\":\"https:\\\/\\\/madabouthorror.co.uk\\\/?s={search_term_string}\"},\"query-input\":{\"@type\":\"PropertyValueSpecification\",\"valueRequired\":true,\"valueName\":\"search_term_string\"}}],\"inLanguage\":\"de\"},{\"@type\":\"Organization\",\"@id\":\"https:\\\/\\\/madabouthorror.co.uk\\\/#organization\",\"name\":\"Mad About Horror\",\"url\":\"https:\\\/\\\/madabouthorror.co.uk\\\/\",\"logo\":{\"@type\":\"ImageObject\",\"inLanguage\":\"de\",\"@id\":\"https:\\\/\\\/madabouthorror.co.uk\\\/#\\\/schema\\\/logo\\\/image\\\/\",\"url\":\"https:\\\/\\\/madabouthorror.co.uk\\\/wp-content\\\/uploads\\\/2024\\\/02\\\/cropped-Logo.png\",\"contentUrl\":\"https:\\\/\\\/madabouthorror.co.uk\\\/wp-content\\\/uploads\\\/2024\\\/02\\\/cropped-Logo.png\",\"width\":240,\"height\":88,\"caption\":\"Mad About Horror\"},\"image\":{\"@id\":\"https:\\\/\\\/madabouthorror.co.uk\\\/#\\\/schema\\\/logo\\\/image\\\/\"},\"sameAs\":[\"https:\\\/\\\/www.facebook.com\\\/madabouthorror\\\/\",\"https:\\\/\\\/www.instagram.com\\\/madabouthorror\\\/\",\"https:\\\/\\\/www.pinterest.co.uk\\\/madabouthorror\\\/\",\"https:\\\/\\\/www.youtube.com\\\/channel\\\/UCBooLOIxjoQ89dj6T5lWm_w\",\"https:\\\/\\\/www.tiktok.com\\\/@weremadabouthorror\"]}]}<\/script>\n<!-- \/ Yoast SEO plugin. -->","yoast_head_json":{"title":"Scream Ghostface 5.5ft H\u00e4ngende Dekoration","description":"GhostFace 5.5ft H\u00e4ngende Dekoration. Horror-Sammlerst\u00fccke und Halloween-Requisiten erh\u00e4ltlich bei Madabouthorror, Europas f\u00fchrendem Horror-Spezialisten.","robots":{"index":"index","follow":"follow","max-snippet":"max-snippet:-1","max-image-preview":"max-image-preview:large","max-video-preview":"max-video-preview:-1"},"canonical":"https:\/\/madabouthorror.co.uk\/de\/product\/scream-ghostface-5-5ft-hanging-decoration\/","og_locale":"de_DE","og_type":"article","og_title":"Scream Ghostface 5.5ft Hanging Decoration","og_description":"GhostFace 5.5ft Hanging Decoration. Horror collectibles and Halloween props available from Madabouthorror, Europe\u2019s leading horror specialist.","og_url":"https:\/\/madabouthorror.co.uk\/de\/product\/scream-ghostface-5-5ft-hanging-decoration\/","og_site_name":"Mad About Horror","article_publisher":"https:\/\/www.facebook.com\/madabouthorror\/","article_modified_time":"2026-04-05T18:16:02+00:00","og_image":[{"width":650,"height":650,"url":"https:\/\/madabouthorror.co.uk\/wp-content\/uploads\/2022\/02\/scream_ghostface_hanging_decoration.jpg","type":"image\/jpeg"}],"twitter_card":"summary_large_image","twitter_misc":{"Gesch\u00e4tzte Lesezeit":"1\u00a0Minute"},"schema":{"@context":"https:\/\/schema.org","@graph":[{"@type":["WebPage","ItemPage"],"@id":"https:\/\/madabouthorror.co.uk\/product\/scream-ghostface-5-5ft-hanging-decoration\/","url":"https:\/\/madabouthorror.co.uk\/product\/scream-ghostface-5-5ft-hanging-decoration\/","name":"Scream Ghostface 5.5ft H\u00e4ngende Dekoration","isPartOf":{"@id":"https:\/\/madabouthorror.co.uk\/#website"},"primaryImageOfPage":{"@id":"https:\/\/madabouthorror.co.uk\/product\/scream-ghostface-5-5ft-hanging-decoration\/#primaryimage"},"image":{"@id":"https:\/\/madabouthorror.co.uk\/product\/scream-ghostface-5-5ft-hanging-decoration\/#primaryimage"},"thumbnailUrl":"https:\/\/madabouthorror.co.uk\/wp-content\/uploads\/2022\/02\/scream_ghostface_hanging_decoration.jpg","datePublished":"2022-02-23T10:29:15+00:00","dateModified":"2026-04-05T18:16:02+00:00","description":"GhostFace 5.5ft H\u00e4ngende Dekoration. Horror-Sammlerst\u00fccke und Halloween-Requisiten erh\u00e4ltlich bei Madabouthorror, Europas f\u00fchrendem Horror-Spezialisten.","breadcrumb":{"@id":"https:\/\/madabouthorror.co.uk\/product\/scream-ghostface-5-5ft-hanging-decoration\/#breadcrumb"},"inLanguage":"de","potentialAction":[{"@type":"ReadAction","target":["https:\/\/madabouthorror.co.uk\/product\/scream-ghostface-5-5ft-hanging-decoration\/"]}]},{"@type":"ImageObject","inLanguage":"de","@id":"https:\/\/madabouthorror.co.uk\/product\/scream-ghostface-5-5ft-hanging-decoration\/#primaryimage","url":"https:\/\/madabouthorror.co.uk\/wp-content\/uploads\/2022\/02\/scream_ghostface_hanging_decoration.jpg","contentUrl":"https:\/\/madabouthorror.co.uk\/wp-content\/uploads\/2022\/02\/scream_ghostface_hanging_decoration.jpg","width":650,"height":650,"caption":"Scream Ghostface 5.5ft Hanging Decoration"},{"@type":"BreadcrumbList","@id":"https:\/\/madabouthorror.co.uk\/product\/scream-ghostface-5-5ft-hanging-decoration\/#breadcrumb","itemListElement":[{"@type":"ListItem","position":1,"name":"Shop","item":"https:\/\/madabouthorror.co.uk\/shop\/"},{"@type":"ListItem","position":2,"name":"Scream Ghostface 5.5ft Hanging Decoration"}]},{"@type":"WebSite","@id":"https:\/\/madabouthorror.co.uk\/#website","url":"https:\/\/madabouthorror.co.uk\/","name":"Verr\u00fcckt nach Horror","description":"","publisher":{"@id":"https:\/\/madabouthorror.co.uk\/#organization"},"alternateName":"Mad About Horror Limited","potentialAction":[{"@type":"SearchAction","target":{"@type":"EntryPoint","urlTemplate":"https:\/\/madabouthorror.co.uk\/?s={search_term_string}"},"query-input":{"@type":"PropertyValueSpecification","valueRequired":true,"valueName":"search_term_string"}}],"inLanguage":"de"},{"@type":"Organization","@id":"https:\/\/madabouthorror.co.uk\/#organization","name":"Verr\u00fcckt nach Horror","url":"https:\/\/madabouthorror.co.uk\/","logo":{"@type":"ImageObject","inLanguage":"de","@id":"https:\/\/madabouthorror.co.uk\/#\/schema\/logo\/image\/","url":"https:\/\/madabouthorror.co.uk\/wp-content\/uploads\/2024\/02\/cropped-Logo.png","contentUrl":"https:\/\/madabouthorror.co.uk\/wp-content\/uploads\/2024\/02\/cropped-Logo.png","width":240,"height":88,"caption":"Mad About Horror"},"image":{"@id":"https:\/\/madabouthorror.co.uk\/#\/schema\/logo\/image\/"},"sameAs":["https:\/\/www.facebook.com\/madabouthorror\/","https:\/\/www.instagram.com\/madabouthorror\/","https:\/\/www.pinterest.co.uk\/madabouthorror\/","https:\/\/www.youtube.com\/channel\/UCBooLOIxjoQ89dj6T5lWm_w","https:\/\/www.tiktok.com\/@weremadabouthorror"]}]}},"df_price":10.37,"df_sale_price":10.37,"df_regular_price":20.78,"df_image_link":"https:\/\/madabouthorror.co.uk\/wp-content\/uploads\/2022\/02\/scream_ghostface_hanging_decoration-300x300.jpg","_links":{"self":[{"href":"https:\/\/madabouthorror.co.uk\/de\/wp-json\/wp\/v2\/product\/52027","targetHints":{"allow":["GET"]}}],"collection":[{"href":"https:\/\/madabouthorror.co.uk\/de\/wp-json\/wp\/v2\/product"}],"about":[{"href":"https:\/\/madabouthorror.co.uk\/de\/wp-json\/wp\/v2\/types\/product"}],"replies":[{"embeddable":true,"href":"https:\/\/madabouthorror.co.uk\/de\/wp-json\/wp\/v2\/comments?post=52027"}],"wp:featuredmedia":[{"embeddable":true,"href":"https:\/\/madabouthorror.co.uk\/de\/wp-json\/wp\/v2\/media\/52026"}],"wp:attachment":[{"href":"https:\/\/madabouthorror.co.uk\/de\/wp-json\/wp\/v2\/media?parent=52027"}],"wp:term":[{"taxonomy":"product_brand","embeddable":true,"href":"https:\/\/madabouthorror.co.uk\/de\/wp-json\/wp\/v2\/product_brand?post=52027"},{"taxonomy":"product_cat","embeddable":true,"href":"https:\/\/madabouthorror.co.uk\/de\/wp-json\/wp\/v2\/product_cat?post=52027"},{"taxonomy":"product_tag","embeddable":true,"href":"https:\/\/madabouthorror.co.uk\/de\/wp-json\/wp\/v2\/product_tag?post=52027"}],"curies":[{"name":"wp","href":"https:\/\/api.w.org\/{rel}","templated":true}]}}